{"id":42288,"date":"2024-11-22T15:43:21","date_gmt":"2024-11-22T14:43:21","guid":{"rendered":"https:\/\/www.navarroaubanell.com\/producto\/silla-a16-031-navarroaubanell\/"},"modified":"2024-11-22T15:55:27","modified_gmt":"2024-11-22T14:55:27","slug":"cadira-a16-031-navarroaubanell","status":"publish","type":"product","link":"https:\/\/www.navarroaubanell.com\/ca\/producte\/cadira-a16-031-navarroaubanell\/","title":{"rendered":"Cadira A16-031"},"content":{"rendered":"<h5>Cadira A16-031: Eleg\u00e0ncia i Comoditat en un Disseny Modern<\/h5>\n<div class=\"traductor-textarea form-group\">\n<div class=\"textarea-desti col-xs-12 col-sm-6\">\n<div class=\"form-control second-textarea\">La cadira A16-031 \u00e9s una combinaci\u00f3 perfecta d&#8217;estil r\u00fastic i tocs moderns. Aquesta pe\u00e7a s&#8217;adapta a qualsevol espai interior que busqui eleg\u00e0ncia i practicitat. \u00c9s una opci\u00f3 ideal per a establiments contract que busquin una cadira resistent i funcional.<\/div>\n<\/div>\n<\/div>\n<h6>Estrutura en Fusta de Freixe<\/h6>\n<div class=\"traductor-textarea form-group\">\n<div class=\"textarea-desti col-xs-12 col-sm-6\">\n<div class=\"form-control second-textarea\">L&#8217;estructura de la cadira est\u00e0 fabricada en fusta de freixe, un material reconegut per la seva resist\u00e8ncia i durabilitat. La fusta est\u00e0 envernissada, el que ressalta les seves vetes naturals, donant un toc c\u00e0lid i acollidor. Est\u00e0 disponible en dos colors: natural, que aporta un estil org\u00e0nic, o roure, per a un look m\u00e9s sofisticat. A m\u00e9s, compta amb tacs protectors, que no sols eviten el desgast del terra, sin\u00f3 que tamb\u00e9 prolonguen la vida \u00fatil de la cadira.<\/div>\n<\/div>\n<\/div>\n<h6>Seient Confortable i Waterproof<\/h6>\n<div class=\"traductor-textarea form-group\">\n<div class=\"textarea-desti col-xs-12 col-sm-6\">\n<div class=\"form-control second-textarea\">El seient de la cadira A16-031 est\u00e0 compost per un coix\u00ed gris perla embuatit de fibra, cobert amb una funda de poliuret\u00e0. Aquest coix\u00ed no sols ofereix una gran comoditat, sin\u00f3 que tamb\u00e9 \u00e9s waterproof, una caracter\u00edstica ideal per a espais contract amb alta aflu\u00e8ncia de persones. Gr\u00e0cies a aquesta resist\u00e8ncia a l&#8217;aigua, la cadira es mant\u00e9 en \u00f2ptimes condicions, fins i tot en ambients amb \u00fas intens.<\/div>\n<\/div>\n<\/div>\n","protected":false},"excerpt":{"rendered":"<p>Cadira A16-031: Eleg\u00e0ncia i Comoditat en un Disseny Modern La cadira A16-031 \u00e9s una combinaci\u00f3 perfecta d&#8217;estil r\u00fastic i tocs moderns. Aquesta pe\u00e7a s&#8217;adapta a qualsevol espai interior que busqui eleg\u00e0ncia i practicitat. \u00c9s una opci\u00f3 ideal per a establiments contract que busquin una cadira resistent i funcional. Estrutura en Fusta de Freixe L&#8217;estructura de&hellip;<\/p>\n","protected":false},"featured_media":42270,"template":"","meta":{"_acf_changed":false},"product_brand":[],"product_cat":[533,525],"product_tag":[863,618,945,664,1587],"class_list":{"0":"post-42288","1":"product","2":"type-product","3":"status-publish","4":"has-post-thumbnail","6":"product_cat-cadires","7":"product_cat-interior","8":"product_tag-cadira","9":"product_tag-contract-ca","10":"product_tag-madera-ca","11":"product_tag-interior-ca","12":"product_tag-waterproof-ca","13":"description-off","15":"first","16":"instock","17":"shipping-taxable","18":"product-type-simple"},"acf":[],"yoast_head":"<!-- This site is optimized with the Yoast SEO plugin v27.0 - https:\/\/yoast.com\/product\/yoast-seo-wordpress\/ -->\n<title>Cadira A16-031 - Navarro Aubanell<\/title>\n<meta name=\"description\" content=\"Cadira A16-031: elegant i c\u00f2moda, amb estructura de fusta de freixe, coix\u00ed de PU waterproof i tacs protectors. Ideal per a interiors.\" \/>\n<meta name=\"robots\" content=\"index, follow, max-snippet:-1, max-image-preview:large, max-video-preview:-1\" \/>\n<link rel=\"canonical\" href=\"https:\/\/www.navarroaubanell.com\/ca\/producte\/cadira-a16-031-navarroaubanell\/\" \/>\n<meta property=\"og:locale\" content=\"ca_ES\" \/>\n<meta property=\"og:type\" content=\"article\" \/>\n<meta property=\"og:title\" content=\"Cadira A16-031 - Navarro Aubanell\" \/>\n<meta property=\"og:description\" content=\"Cadira A16-031: elegant i c\u00f2moda, amb estructura de fusta de freixe, coix\u00ed de PU waterproof i tacs protectors. Ideal per a interiors.\" \/>\n<meta property=\"og:url\" content=\"https:\/\/www.navarroaubanell.com\/ca\/producte\/cadira-a16-031-navarroaubanell\/\" \/>\n<meta property=\"og:site_name\" content=\"Navarro Aubanell\" \/>\n<meta property=\"article:modified_time\" content=\"2024-11-22T14:55:27+00:00\" \/>\n<meta property=\"og:image\" content=\"https:\/\/www.navarroaubanell.com\/wp-content\/uploads\/2024\/11\/1-Photoroom-25.png\" \/>\n\t<meta property=\"og:image:width\" content=\"1280\" \/>\n\t<meta property=\"og:image:height\" content=\"1040\" \/>\n\t<meta property=\"og:image:type\" content=\"image\/png\" \/>\n<meta name=\"twitter:label1\" content=\"Est. reading time\" \/>\n\t<meta name=\"twitter:data1\" content=\"2 minutes\" \/>\n<script type=\"application\/ld+json\" class=\"yoast-schema-graph\">{\"@context\":\"https:\/\/schema.org\",\"@graph\":[{\"@type\":\"WebPage\",\"@id\":\"https:\/\/www.navarroaubanell.com\/ca\/producte\/cadira-a16-031-navarroaubanell\/\",\"url\":\"https:\/\/www.navarroaubanell.com\/ca\/producte\/cadira-a16-031-navarroaubanell\/\",\"name\":\"Cadira A16-031 - Navarro Aubanell\",\"isPartOf\":{\"@id\":\"https:\/\/www.navarroaubanell.com\/ca\/#website\"},\"primaryImageOfPage\":{\"@id\":\"https:\/\/www.navarroaubanell.com\/ca\/producte\/cadira-a16-031-navarroaubanell\/#primaryimage\"},\"image\":{\"@id\":\"https:\/\/www.navarroaubanell.com\/ca\/producte\/cadira-a16-031-navarroaubanell\/#primaryimage\"},\"thumbnailUrl\":\"https:\/\/www.navarroaubanell.com\/wp-content\/uploads\/2024\/11\/1-Photoroom-25.png\",\"datePublished\":\"2024-11-22T14:43:21+00:00\",\"dateModified\":\"2024-11-22T14:55:27+00:00\",\"description\":\"Cadira A16-031: elegant i c\u00f2moda, amb estructura de fusta de freixe, coix\u00ed de PU waterproof i tacs protectors. Ideal per a interiors.\",\"breadcrumb\":{\"@id\":\"https:\/\/www.navarroaubanell.com\/ca\/producte\/cadira-a16-031-navarroaubanell\/#breadcrumb\"},\"inLanguage\":\"ca\",\"potentialAction\":[{\"@type\":\"ReadAction\",\"target\":[\"https:\/\/www.navarroaubanell.com\/ca\/producte\/cadira-a16-031-navarroaubanell\/\"]}]},{\"@type\":\"ImageObject\",\"inLanguage\":\"ca\",\"@id\":\"https:\/\/www.navarroaubanell.com\/ca\/producte\/cadira-a16-031-navarroaubanell\/#primaryimage\",\"url\":\"https:\/\/www.navarroaubanell.com\/wp-content\/uploads\/2024\/11\/1-Photoroom-25.png\",\"contentUrl\":\"https:\/\/www.navarroaubanell.com\/wp-content\/uploads\/2024\/11\/1-Photoroom-25.png\",\"width\":1280,\"height\":1040,\"caption\":\"Cadira A16-031\"},{\"@type\":\"BreadcrumbList\",\"@id\":\"https:\/\/www.navarroaubanell.com\/ca\/producte\/cadira-a16-031-navarroaubanell\/#breadcrumb\",\"itemListElement\":[{\"@type\":\"ListItem\",\"position\":1,\"name\":\"Portada\",\"item\":\"https:\/\/www.navarroaubanell.com\/ca\/\"},{\"@type\":\"ListItem\",\"position\":2,\"name\":\"Productes\",\"item\":\"https:\/\/www.navarroaubanell.com\/productos\/\"},{\"@type\":\"ListItem\",\"position\":3,\"name\":\"Cadira A16-031\"}]},{\"@type\":\"WebSite\",\"@id\":\"https:\/\/www.navarroaubanell.com\/ca\/#website\",\"url\":\"https:\/\/www.navarroaubanell.com\/ca\/\",\"name\":\"Navarro Aubanell\",\"description\":\"Mobiliario para hoteler\u00eda, colectividades y oficinas\",\"publisher\":{\"@id\":\"https:\/\/www.navarroaubanell.com\/ca\/#organization\"},\"potentialAction\":[{\"@type\":\"SearchAction\",\"target\":{\"@type\":\"EntryPoint\",\"urlTemplate\":\"https:\/\/www.navarroaubanell.com\/ca\/?s={search_term_string}\"},\"query-input\":{\"@type\":\"PropertyValueSpecification\",\"valueRequired\":true,\"valueName\":\"search_term_string\"}}],\"inLanguage\":\"ca\"},{\"@type\":\"Organization\",\"@id\":\"https:\/\/www.navarroaubanell.com\/ca\/#organization\",\"name\":\"COMERCIAL NAVARRO AUBANELL, S.A\",\"url\":\"https:\/\/www.navarroaubanell.com\/ca\/\",\"logo\":{\"@type\":\"ImageObject\",\"inLanguage\":\"ca\",\"@id\":\"https:\/\/www.navarroaubanell.com\/ca\/#\/schema\/logo\/image\/\",\"url\":\"https:\/\/www.navarroaubanell.com\/wp-content\/uploads\/2017\/07\/logo-navarro-aubuanell.png\",\"contentUrl\":\"https:\/\/www.navarroaubanell.com\/wp-content\/uploads\/2017\/07\/logo-navarro-aubuanell.png\",\"width\":6304,\"height\":1154,\"caption\":\"COMERCIAL NAVARRO AUBANELL, S.A\"},\"image\":{\"@id\":\"https:\/\/www.navarroaubanell.com\/ca\/#\/schema\/logo\/image\/\"}}]}<\/script>\n<!-- \/ Yoast SEO plugin. -->","yoast_head_json":{"title":"Cadira A16-031 - Navarro Aubanell","description":"Cadira A16-031: elegant i c\u00f2moda, amb estructura de fusta de freixe, coix\u00ed de PU waterproof i tacs protectors. Ideal per a interiors.","robots":{"index":"index","follow":"follow","max-snippet":"max-snippet:-1","max-image-preview":"max-image-preview:large","max-video-preview":"max-video-preview:-1"},"canonical":"https:\/\/www.navarroaubanell.com\/ca\/producte\/cadira-a16-031-navarroaubanell\/","og_locale":"ca_ES","og_type":"article","og_title":"Cadira A16-031 - Navarro Aubanell","og_description":"Cadira A16-031: elegant i c\u00f2moda, amb estructura de fusta de freixe, coix\u00ed de PU waterproof i tacs protectors. Ideal per a interiors.","og_url":"https:\/\/www.navarroaubanell.com\/ca\/producte\/cadira-a16-031-navarroaubanell\/","og_site_name":"Navarro Aubanell","article_modified_time":"2024-11-22T14:55:27+00:00","og_image":[{"width":1280,"height":1040,"url":"https:\/\/www.navarroaubanell.com\/wp-content\/uploads\/2024\/11\/1-Photoroom-25.png","type":"image\/png"}],"twitter_misc":{"Est. reading time":"2 minutes"},"schema":{"@context":"https:\/\/schema.org","@graph":[{"@type":"WebPage","@id":"https:\/\/www.navarroaubanell.com\/ca\/producte\/cadira-a16-031-navarroaubanell\/","url":"https:\/\/www.navarroaubanell.com\/ca\/producte\/cadira-a16-031-navarroaubanell\/","name":"Cadira A16-031 - Navarro Aubanell","isPartOf":{"@id":"https:\/\/www.navarroaubanell.com\/ca\/#website"},"primaryImageOfPage":{"@id":"https:\/\/www.navarroaubanell.com\/ca\/producte\/cadira-a16-031-navarroaubanell\/#primaryimage"},"image":{"@id":"https:\/\/www.navarroaubanell.com\/ca\/producte\/cadira-a16-031-navarroaubanell\/#primaryimage"},"thumbnailUrl":"https:\/\/www.navarroaubanell.com\/wp-content\/uploads\/2024\/11\/1-Photoroom-25.png","datePublished":"2024-11-22T14:43:21+00:00","dateModified":"2024-11-22T14:55:27+00:00","description":"Cadira A16-031: elegant i c\u00f2moda, amb estructura de fusta de freixe, coix\u00ed de PU waterproof i tacs protectors. Ideal per a interiors.","breadcrumb":{"@id":"https:\/\/www.navarroaubanell.com\/ca\/producte\/cadira-a16-031-navarroaubanell\/#breadcrumb"},"inLanguage":"ca","potentialAction":[{"@type":"ReadAction","target":["https:\/\/www.navarroaubanell.com\/ca\/producte\/cadira-a16-031-navarroaubanell\/"]}]},{"@type":"ImageObject","inLanguage":"ca","@id":"https:\/\/www.navarroaubanell.com\/ca\/producte\/cadira-a16-031-navarroaubanell\/#primaryimage","url":"https:\/\/www.navarroaubanell.com\/wp-content\/uploads\/2024\/11\/1-Photoroom-25.png","contentUrl":"https:\/\/www.navarroaubanell.com\/wp-content\/uploads\/2024\/11\/1-Photoroom-25.png","width":1280,"height":1040,"caption":"Cadira A16-031"},{"@type":"BreadcrumbList","@id":"https:\/\/www.navarroaubanell.com\/ca\/producte\/cadira-a16-031-navarroaubanell\/#breadcrumb","itemListElement":[{"@type":"ListItem","position":1,"name":"Portada","item":"https:\/\/www.navarroaubanell.com\/ca\/"},{"@type":"ListItem","position":2,"name":"Productes","item":"https:\/\/www.navarroaubanell.com\/productos\/"},{"@type":"ListItem","position":3,"name":"Cadira A16-031"}]},{"@type":"WebSite","@id":"https:\/\/www.navarroaubanell.com\/ca\/#website","url":"https:\/\/www.navarroaubanell.com\/ca\/","name":"Navarro Aubanell","description":"Mobiliario para hoteler\u00eda, colectividades y oficinas","publisher":{"@id":"https:\/\/www.navarroaubanell.com\/ca\/#organization"},"potentialAction":[{"@type":"SearchAction","target":{"@type":"EntryPoint","urlTemplate":"https:\/\/www.navarroaubanell.com\/ca\/?s={search_term_string}"},"query-input":{"@type":"PropertyValueSpecification","valueRequired":true,"valueName":"search_term_string"}}],"inLanguage":"ca"},{"@type":"Organization","@id":"https:\/\/www.navarroaubanell.com\/ca\/#organization","name":"COMERCIAL NAVARRO AUBANELL, S.A","url":"https:\/\/www.navarroaubanell.com\/ca\/","logo":{"@type":"ImageObject","inLanguage":"ca","@id":"https:\/\/www.navarroaubanell.com\/ca\/#\/schema\/logo\/image\/","url":"https:\/\/www.navarroaubanell.com\/wp-content\/uploads\/2017\/07\/logo-navarro-aubuanell.png","contentUrl":"https:\/\/www.navarroaubanell.com\/wp-content\/uploads\/2017\/07\/logo-navarro-aubuanell.png","width":6304,"height":1154,"caption":"COMERCIAL NAVARRO AUBANELL, S.A"},"image":{"@id":"https:\/\/www.navarroaubanell.com\/ca\/#\/schema\/logo\/image\/"}}]}},"_links":{"self":[{"href":"https:\/\/www.navarroaubanell.com\/ca\/wp-json\/wp\/v2\/product\/42288","targetHints":{"allow":["GET"]}}],"collection":[{"href":"https:\/\/www.navarroaubanell.com\/ca\/wp-json\/wp\/v2\/product"}],"about":[{"href":"https:\/\/www.navarroaubanell.com\/ca\/wp-json\/wp\/v2\/types\/product"}],"wp:featuredmedia":[{"embeddable":true,"href":"https:\/\/www.navarroaubanell.com\/ca\/wp-json\/wp\/v2\/media\/42270"}],"wp:attachment":[{"href":"https:\/\/www.navarroaubanell.com\/ca\/wp-json\/wp\/v2\/media?parent=42288"}],"wp:term":[{"taxonomy":"product_brand","embeddable":true,"href":"https:\/\/www.navarroaubanell.com\/ca\/wp-json\/wp\/v2\/product_brand?post=42288"},{"taxonomy":"product_cat","embeddable":true,"href":"https:\/\/www.navarroaubanell.com\/ca\/wp-json\/wp\/v2\/product_cat?post=42288"},{"taxonomy":"product_tag","embeddable":true,"href":"https:\/\/www.navarroaubanell.com\/ca\/wp-json\/wp\/v2\/product_tag?post=42288"}],"curies":[{"name":"wp","href":"https:\/\/api.w.org\/{rel}","templated":true}]}}