{"id":42121,"date":"2024-11-18T17:34:02","date_gmt":"2024-11-18T16:34:02","guid":{"rendered":"https:\/\/www.navarroaubanell.com\/producto\/butaca-lounge-a16-016-navarroaubanell\/"},"modified":"2024-11-18T17:39:02","modified_gmt":"2024-11-18T16:39:02","slug":"butaca-lounge-a16-016-navarroaubanell","status":"publish","type":"product","link":"https:\/\/www.navarroaubanell.com\/ca\/producte\/butaca-lounge-a16-016-navarroaubanell\/","title":{"rendered":"Butaca Lounge A16-016"},"content":{"rendered":"<div class=\"flex-shrink-0 flex flex-col relative items-end\">\n<div>\n<div class=\"pt-0\">\n<div class=\"gizmo-bot-avatar flex h-8 w-8 items-center justify-center overflow-hidden rounded-full\">\n<h5 class=\"relative p-1 rounded-sm flex items-center justify-center bg-token-main-surface-primary text-token-text-primary h-8 w-8\">Butaca Lounge A16-016: Eleg\u00e0ncia Natural<\/h5>\n<\/div>\n<\/div>\n<\/div>\n<\/div>\n<div class=\"group\/conversation-turn relative flex w-full min-w-0 flex-col agent-turn\">\n<div class=\"flex-col gap-1 md:gap-3\">\n<div class=\"flex max-w-full flex-col flex-grow\">\n<div class=\"min-h-8 text-message flex w-full flex-col items-end gap-2 whitespace-normal break-words [.text-message+&amp;]:mt-5\" dir=\"auto\" data-message-author-role=\"assistant\" data-message-id=\"9634c5ab-e1cc-4bbe-b7af-d9438c464472\" data-message-model-slug=\"gpt-4o\">\n<div class=\"flex w-full flex-col gap-1 empty:hidden first:pt-[3px]\">\n<div class=\"markdown prose w-full break-words dark:prose-invert light\">\n<div class=\"traductor-textarea form-group\">\n<div class=\"textarea-desti col-xs-12 col-sm-6\">\n<div class=\"form-control second-textarea\">La butaca Lounge A16-016 combina disseny minimalista i materials ecol\u00f2gics, convertint-se en el centre d&#8217;atenci\u00f3 ideal per a qualsevol ambient modern o r\u00fastic. El seu estil natural i funcionalitat la fan perfecta per a interiors o exteriors que busquen un equilibri entre confort, est\u00e8tica i sostenibilitat.<\/div>\n<\/div>\n<\/div>\n<h6>Estructura Robusta<\/h6>\n<div class=\"traductor-textarea form-group\">\n<div class=\"textarea-desti col-xs-12 col-sm-6\">\n<div class=\"form-control second-textarea\">Fabricada amb fusta de teca de grau A, la Lounge A16-016 garanteix una estructura s\u00f2lida i duradora. Les barres transversals entre les potes no sols augmenten l&#8217;estabilitat, sin\u00f3 que tamb\u00e9 destaquen com un detall est\u00e8tic \u00fanic. A m\u00e9s, els tacs protectors en les potes asseguren la protecci\u00f3 del terra, mantenint la butaca en perfecte estat per m\u00e9s temps.<\/div>\n<\/div>\n<\/div>\n<h6>Seient i Respatller<\/h6>\n<div class=\"traductor-textarea form-group\">\n<div class=\"textarea-desti col-xs-12 col-sm-6\">\n<div class=\"form-control second-textarea\">El seient i el respatller estan confeccionats amb fil Kraf trenat, una fibra natural obtinguda de la fusta. Aquest material ecol\u00f2gic \u00e9s resistent, biodegradable i sostenible, ideal per als qui valoren el disseny respectu\u00f3s amb el medi ambient. El seu tacte agradable i aparen\u00e7a org\u00e0nica afegeixen un aire acollidor al disseny.<\/div>\n<\/div>\n<\/div>\n<h6>Disseny Atemporal<\/h6>\n<div class=\"traductor-textarea form-group\">\n<div class=\"textarea-desti col-xs-12 col-sm-6\">\n<div class=\"form-control second-textarea\">La butaca Lounge A16-016 \u00e9s perfecta per a salons chill out, terrasses o racons de lectura. El seu disseny convida a la relaxaci\u00f3, convertint-la en una pe\u00e7a decorativa i funcional imprescindible per a qualsevol espai.<\/div>\n<\/div>\n<\/div>\n<\/div>\n<\/div>\n<\/div>\n<\/div>\n<\/div>\n<\/div>\n","protected":false},"excerpt":{"rendered":"<p>Butaca Lounge A16-016: Eleg\u00e0ncia Natural La butaca Lounge A16-016 combina disseny minimalista i materials ecol\u00f2gics, convertint-se en el centre d&#8217;atenci\u00f3 ideal per a qualsevol ambient modern o r\u00fastic. El seu estil natural i funcionalitat la fan perfecta per a interiors o exteriors que busquen un equilibri entre confort, est\u00e8tica i sostenibilitat. Estructura Robusta Fabricada amb&hellip;<\/p>\n","protected":false},"featured_media":42115,"template":"","meta":{"_acf_changed":false},"product_brand":[],"product_cat":[937,528,563,525],"product_tag":[605,640,945,664,1216,1180],"class_list":{"0":"post-42121","1":"product","2":"type-product","3":"status-publish","4":"has-post-thumbnail","6":"product_cat-butaques-ca-2","7":"product_cat-butaques","8":"product_cat-exterior-ca","9":"product_cat-interior","10":"product_tag-butaca-ca","11":"product_tag-exterior-ca","12":"product_tag-madera-ca","13":"product_tag-interior-ca","14":"product_tag-lounge-ca","15":"product_tag-sostenible","16":"description-off","18":"first","19":"instock","20":"shipping-taxable","21":"product-type-simple"},"acf":[],"yoast_head":"<!-- This site is optimized with the Yoast SEO plugin v27.0 - https:\/\/yoast.com\/product\/yoast-seo-wordpress\/ -->\n<title>La Butaca Lounge A16-016 - Navarro Aubanell<\/title>\n<meta name=\"description\" content=\"Butaca Lounge A16-016: disseny minimalista, estructura de teca i fibra natural ecol\u00f2gica. Eleg\u00e0ncia, confort i sostenibilitat per a qualsevol espai.\" \/>\n<meta name=\"robots\" content=\"index, follow, max-snippet:-1, max-image-preview:large, max-video-preview:-1\" \/>\n<link rel=\"canonical\" href=\"https:\/\/www.navarroaubanell.com\/ca\/producte\/butaca-lounge-a16-016-navarroaubanell\/\" \/>\n<meta property=\"og:locale\" content=\"ca_ES\" \/>\n<meta property=\"og:type\" content=\"article\" \/>\n<meta property=\"og:title\" content=\"La Butaca Lounge A16-016 - Navarro Aubanell\" \/>\n<meta property=\"og:description\" content=\"Butaca Lounge A16-016: disseny minimalista, estructura de teca i fibra natural ecol\u00f2gica. Eleg\u00e0ncia, confort i sostenibilitat per a qualsevol espai.\" \/>\n<meta property=\"og:url\" content=\"https:\/\/www.navarroaubanell.com\/ca\/producte\/butaca-lounge-a16-016-navarroaubanell\/\" \/>\n<meta property=\"og:site_name\" content=\"Navarro Aubanell\" \/>\n<meta property=\"article:modified_time\" content=\"2024-11-18T16:39:02+00:00\" \/>\n<meta property=\"og:image\" content=\"https:\/\/www.navarroaubanell.com\/wp-content\/uploads\/2024\/11\/Captura-Photoroom-3.png\" \/>\n\t<meta property=\"og:image:width\" content=\"800\" \/>\n\t<meta property=\"og:image:height\" content=\"650\" \/>\n\t<meta property=\"og:image:type\" content=\"image\/png\" \/>\n<meta name=\"twitter:label1\" content=\"Est. reading time\" \/>\n\t<meta name=\"twitter:data1\" content=\"2 minutes\" \/>\n<script type=\"application\/ld+json\" class=\"yoast-schema-graph\">{\"@context\":\"https:\/\/schema.org\",\"@graph\":[{\"@type\":\"WebPage\",\"@id\":\"https:\/\/www.navarroaubanell.com\/ca\/producte\/butaca-lounge-a16-016-navarroaubanell\/\",\"url\":\"https:\/\/www.navarroaubanell.com\/ca\/producte\/butaca-lounge-a16-016-navarroaubanell\/\",\"name\":\"La Butaca Lounge A16-016 - Navarro Aubanell\",\"isPartOf\":{\"@id\":\"https:\/\/www.navarroaubanell.com\/ca\/#website\"},\"primaryImageOfPage\":{\"@id\":\"https:\/\/www.navarroaubanell.com\/ca\/producte\/butaca-lounge-a16-016-navarroaubanell\/#primaryimage\"},\"image\":{\"@id\":\"https:\/\/www.navarroaubanell.com\/ca\/producte\/butaca-lounge-a16-016-navarroaubanell\/#primaryimage\"},\"thumbnailUrl\":\"https:\/\/www.navarroaubanell.com\/wp-content\/uploads\/2024\/11\/Captura-Photoroom-3.png\",\"datePublished\":\"2024-11-18T16:34:02+00:00\",\"dateModified\":\"2024-11-18T16:39:02+00:00\",\"description\":\"Butaca Lounge A16-016: disseny minimalista, estructura de teca i fibra natural ecol\u00f2gica. Eleg\u00e0ncia, confort i sostenibilitat per a qualsevol espai.\",\"breadcrumb\":{\"@id\":\"https:\/\/www.navarroaubanell.com\/ca\/producte\/butaca-lounge-a16-016-navarroaubanell\/#breadcrumb\"},\"inLanguage\":\"ca\",\"potentialAction\":[{\"@type\":\"ReadAction\",\"target\":[\"https:\/\/www.navarroaubanell.com\/ca\/producte\/butaca-lounge-a16-016-navarroaubanell\/\"]}]},{\"@type\":\"ImageObject\",\"inLanguage\":\"ca\",\"@id\":\"https:\/\/www.navarroaubanell.com\/ca\/producte\/butaca-lounge-a16-016-navarroaubanell\/#primaryimage\",\"url\":\"https:\/\/www.navarroaubanell.com\/wp-content\/uploads\/2024\/11\/Captura-Photoroom-3.png\",\"contentUrl\":\"https:\/\/www.navarroaubanell.com\/wp-content\/uploads\/2024\/11\/Captura-Photoroom-3.png\",\"width\":800,\"height\":650,\"caption\":\"Butaca Lounge A16-016\"},{\"@type\":\"BreadcrumbList\",\"@id\":\"https:\/\/www.navarroaubanell.com\/ca\/producte\/butaca-lounge-a16-016-navarroaubanell\/#breadcrumb\",\"itemListElement\":[{\"@type\":\"ListItem\",\"position\":1,\"name\":\"Portada\",\"item\":\"https:\/\/www.navarroaubanell.com\/ca\/\"},{\"@type\":\"ListItem\",\"position\":2,\"name\":\"Productes\",\"item\":\"https:\/\/www.navarroaubanell.com\/productos\/\"},{\"@type\":\"ListItem\",\"position\":3,\"name\":\"Butaca Lounge A16-016\"}]},{\"@type\":\"WebSite\",\"@id\":\"https:\/\/www.navarroaubanell.com\/ca\/#website\",\"url\":\"https:\/\/www.navarroaubanell.com\/ca\/\",\"name\":\"Navarro Aubanell\",\"description\":\"Mobiliario para hoteler\u00eda, colectividades y oficinas\",\"publisher\":{\"@id\":\"https:\/\/www.navarroaubanell.com\/ca\/#organization\"},\"potentialAction\":[{\"@type\":\"SearchAction\",\"target\":{\"@type\":\"EntryPoint\",\"urlTemplate\":\"https:\/\/www.navarroaubanell.com\/ca\/?s={search_term_string}\"},\"query-input\":{\"@type\":\"PropertyValueSpecification\",\"valueRequired\":true,\"valueName\":\"search_term_string\"}}],\"inLanguage\":\"ca\"},{\"@type\":\"Organization\",\"@id\":\"https:\/\/www.navarroaubanell.com\/ca\/#organization\",\"name\":\"COMERCIAL NAVARRO AUBANELL, S.A\",\"url\":\"https:\/\/www.navarroaubanell.com\/ca\/\",\"logo\":{\"@type\":\"ImageObject\",\"inLanguage\":\"ca\",\"@id\":\"https:\/\/www.navarroaubanell.com\/ca\/#\/schema\/logo\/image\/\",\"url\":\"https:\/\/www.navarroaubanell.com\/wp-content\/uploads\/2017\/07\/logo-navarro-aubuanell.png\",\"contentUrl\":\"https:\/\/www.navarroaubanell.com\/wp-content\/uploads\/2017\/07\/logo-navarro-aubuanell.png\",\"width\":6304,\"height\":1154,\"caption\":\"COMERCIAL NAVARRO AUBANELL, S.A\"},\"image\":{\"@id\":\"https:\/\/www.navarroaubanell.com\/ca\/#\/schema\/logo\/image\/\"}}]}<\/script>\n<!-- \/ Yoast SEO plugin. -->","yoast_head_json":{"title":"La Butaca Lounge A16-016 - Navarro Aubanell","description":"Butaca Lounge A16-016: disseny minimalista, estructura de teca i fibra natural ecol\u00f2gica. Eleg\u00e0ncia, confort i sostenibilitat per a qualsevol espai.","robots":{"index":"index","follow":"follow","max-snippet":"max-snippet:-1","max-image-preview":"max-image-preview:large","max-video-preview":"max-video-preview:-1"},"canonical":"https:\/\/www.navarroaubanell.com\/ca\/producte\/butaca-lounge-a16-016-navarroaubanell\/","og_locale":"ca_ES","og_type":"article","og_title":"La Butaca Lounge A16-016 - Navarro Aubanell","og_description":"Butaca Lounge A16-016: disseny minimalista, estructura de teca i fibra natural ecol\u00f2gica. Eleg\u00e0ncia, confort i sostenibilitat per a qualsevol espai.","og_url":"https:\/\/www.navarroaubanell.com\/ca\/producte\/butaca-lounge-a16-016-navarroaubanell\/","og_site_name":"Navarro Aubanell","article_modified_time":"2024-11-18T16:39:02+00:00","og_image":[{"width":800,"height":650,"url":"https:\/\/www.navarroaubanell.com\/wp-content\/uploads\/2024\/11\/Captura-Photoroom-3.png","type":"image\/png"}],"twitter_misc":{"Est. reading time":"2 minutes"},"schema":{"@context":"https:\/\/schema.org","@graph":[{"@type":"WebPage","@id":"https:\/\/www.navarroaubanell.com\/ca\/producte\/butaca-lounge-a16-016-navarroaubanell\/","url":"https:\/\/www.navarroaubanell.com\/ca\/producte\/butaca-lounge-a16-016-navarroaubanell\/","name":"La Butaca Lounge A16-016 - Navarro Aubanell","isPartOf":{"@id":"https:\/\/www.navarroaubanell.com\/ca\/#website"},"primaryImageOfPage":{"@id":"https:\/\/www.navarroaubanell.com\/ca\/producte\/butaca-lounge-a16-016-navarroaubanell\/#primaryimage"},"image":{"@id":"https:\/\/www.navarroaubanell.com\/ca\/producte\/butaca-lounge-a16-016-navarroaubanell\/#primaryimage"},"thumbnailUrl":"https:\/\/www.navarroaubanell.com\/wp-content\/uploads\/2024\/11\/Captura-Photoroom-3.png","datePublished":"2024-11-18T16:34:02+00:00","dateModified":"2024-11-18T16:39:02+00:00","description":"Butaca Lounge A16-016: disseny minimalista, estructura de teca i fibra natural ecol\u00f2gica. Eleg\u00e0ncia, confort i sostenibilitat per a qualsevol espai.","breadcrumb":{"@id":"https:\/\/www.navarroaubanell.com\/ca\/producte\/butaca-lounge-a16-016-navarroaubanell\/#breadcrumb"},"inLanguage":"ca","potentialAction":[{"@type":"ReadAction","target":["https:\/\/www.navarroaubanell.com\/ca\/producte\/butaca-lounge-a16-016-navarroaubanell\/"]}]},{"@type":"ImageObject","inLanguage":"ca","@id":"https:\/\/www.navarroaubanell.com\/ca\/producte\/butaca-lounge-a16-016-navarroaubanell\/#primaryimage","url":"https:\/\/www.navarroaubanell.com\/wp-content\/uploads\/2024\/11\/Captura-Photoroom-3.png","contentUrl":"https:\/\/www.navarroaubanell.com\/wp-content\/uploads\/2024\/11\/Captura-Photoroom-3.png","width":800,"height":650,"caption":"Butaca Lounge A16-016"},{"@type":"BreadcrumbList","@id":"https:\/\/www.navarroaubanell.com\/ca\/producte\/butaca-lounge-a16-016-navarroaubanell\/#breadcrumb","itemListElement":[{"@type":"ListItem","position":1,"name":"Portada","item":"https:\/\/www.navarroaubanell.com\/ca\/"},{"@type":"ListItem","position":2,"name":"Productes","item":"https:\/\/www.navarroaubanell.com\/productos\/"},{"@type":"ListItem","position":3,"name":"Butaca Lounge A16-016"}]},{"@type":"WebSite","@id":"https:\/\/www.navarroaubanell.com\/ca\/#website","url":"https:\/\/www.navarroaubanell.com\/ca\/","name":"Navarro Aubanell","description":"Mobiliario para hoteler\u00eda, colectividades y oficinas","publisher":{"@id":"https:\/\/www.navarroaubanell.com\/ca\/#organization"},"potentialAction":[{"@type":"SearchAction","target":{"@type":"EntryPoint","urlTemplate":"https:\/\/www.navarroaubanell.com\/ca\/?s={search_term_string}"},"query-input":{"@type":"PropertyValueSpecification","valueRequired":true,"valueName":"search_term_string"}}],"inLanguage":"ca"},{"@type":"Organization","@id":"https:\/\/www.navarroaubanell.com\/ca\/#organization","name":"COMERCIAL NAVARRO AUBANELL, S.A","url":"https:\/\/www.navarroaubanell.com\/ca\/","logo":{"@type":"ImageObject","inLanguage":"ca","@id":"https:\/\/www.navarroaubanell.com\/ca\/#\/schema\/logo\/image\/","url":"https:\/\/www.navarroaubanell.com\/wp-content\/uploads\/2017\/07\/logo-navarro-aubuanell.png","contentUrl":"https:\/\/www.navarroaubanell.com\/wp-content\/uploads\/2017\/07\/logo-navarro-aubuanell.png","width":6304,"height":1154,"caption":"COMERCIAL NAVARRO AUBANELL, S.A"},"image":{"@id":"https:\/\/www.navarroaubanell.com\/ca\/#\/schema\/logo\/image\/"}}]}},"_links":{"self":[{"href":"https:\/\/www.navarroaubanell.com\/ca\/wp-json\/wp\/v2\/product\/42121","targetHints":{"allow":["GET"]}}],"collection":[{"href":"https:\/\/www.navarroaubanell.com\/ca\/wp-json\/wp\/v2\/product"}],"about":[{"href":"https:\/\/www.navarroaubanell.com\/ca\/wp-json\/wp\/v2\/types\/product"}],"wp:featuredmedia":[{"embeddable":true,"href":"https:\/\/www.navarroaubanell.com\/ca\/wp-json\/wp\/v2\/media\/42115"}],"wp:attachment":[{"href":"https:\/\/www.navarroaubanell.com\/ca\/wp-json\/wp\/v2\/media?parent=42121"}],"wp:term":[{"taxonomy":"product_brand","embeddable":true,"href":"https:\/\/www.navarroaubanell.com\/ca\/wp-json\/wp\/v2\/product_brand?post=42121"},{"taxonomy":"product_cat","embeddable":true,"href":"https:\/\/www.navarroaubanell.com\/ca\/wp-json\/wp\/v2\/product_cat?post=42121"},{"taxonomy":"product_tag","embeddable":true,"href":"https:\/\/www.navarroaubanell.com\/ca\/wp-json\/wp\/v2\/product_tag?post=42121"}],"curies":[{"name":"wp","href":"https:\/\/api.w.org\/{rel}","templated":true}]}}