{"id":41327,"date":"2024-11-04T10:50:28","date_gmt":"2024-11-04T09:50:28","guid":{"rendered":"https:\/\/www.navarroaubanell.com\/producto\/butaca-lounge-a54-055-navarroaubanell\/"},"modified":"2024-11-04T12:06:26","modified_gmt":"2024-11-04T11:06:26","slug":"butaca-lounge-a54-055-navarroaubanell","status":"publish","type":"product","link":"https:\/\/www.navarroaubanell.com\/ca\/producte\/butaca-lounge-a54-055-navarroaubanell\/","title":{"rendered":"Butaca Lounge A54-055"},"content":{"rendered":"<h5>Eleg\u00e0ncia Retro i Simplicitat Moderna<\/h5>\n<div class=\"traductor-textarea form-group\">\n<div class=\"textarea-desti col-xs-12 col-sm-6\">\n<div class=\"form-control second-textarea\">La butaca Lounge A54-055 \u00e9s l&#8217;equilibri perfecte entre un disseny cl\u00e0ssic i les tend\u00e8ncies contempor\u00e0nies. Les seves l\u00ednies rectes i minimalistes evoquen un estil retro que es combina amb la simplicitat moderna. El respatller ovalat i l&#8217;encoixinament dels reposabra\u00e7os ofereixen un toc de distinci\u00f3 i confort, la qual cosa fa de l&#8217;A54-055 una pe\u00e7a ideal.<\/div>\n<\/div>\n<\/div>\n<h6>Estabilitat i Resist\u00e8ncia<\/h6>\n<div class=\"traductor-textarea form-group\">\n<div class=\"textarea-desti col-xs-12 col-sm-6\">\n<div class=\"form-control second-textarea\">L&#8217;estructura de fusta de faig, disponible en una varietat de colors de vern\u00eds o amb acabat lacat. La seva construcci\u00f3 robusta assegura durabilitat i resist\u00e8ncia, la qual cosa la converteix en una opci\u00f3 ideal tant per a ambients hotelers com comercials, especialment en llocs amb gran aflu\u00e8ncia de persones.<\/div>\n<\/div>\n<\/div>\n<h6>Versatilitat en Teixits i Estil<\/h6>\n<div class=\"traductor-textarea form-group\">\n<div class=\"textarea-desti col-xs-12 col-sm-6\">\n<div class=\"form-control second-textarea\">Una dels majors avantatges de la butaca Lounge A54-055 \u00e9s la seva versatilitat. El seient embuatat est\u00e0 disponible en una \u00e0mplia gamma de teixits, la qual cosa permet adaptar-la f\u00e0cilment a diferents estils decoratius. Ja sigui amb un acabat elegant en vellut o amb una tapisseria m\u00e9s resistent per a \u00fas intensiu, l&#8217;A54-055 ofereix flexibilitat per a adaptar-se a qualsevol ambient, brindant confort i personalitat a cada espai.<\/div>\n<\/div>\n<\/div>\n<h6>Possibles combinacions<\/h6>\n<div class=\"traductor-textarea form-group\">\n<div class=\"textarea-desti col-xs-12 col-sm-6\">\n<div class=\"form-control second-textarea\">La butaca\u00a0Lounge\u00a0A54-055 es combina a la perfecci\u00f3 amb la <a href=\"https:\/\/www.navarroaubanell.com\/ca\/producte\/cadira-a54-054-navarroaubanell\/\">cadira A54-054<\/a>, la<a href=\"https:\/\/www.navarroaubanell.com\/ca\/producte\/cadira-de-bracos-a54-053-navarroaubanell\/\"> cadira de bra\u00e7os A54-053<\/a> i el <a href=\"https:\/\/www.navarroaubanell.com\/ca\/producte\/tamboret-a-54-056-navarroaubanell\/\">tamboret A54-056.<\/a><\/div>\n<\/div>\n<\/div>\n<div class=\"traductor-checkbox form-group\">\n<div class=\"row\">\n<div class=\"col-sm-offset-2 col-sm-5\"><\/div>\n<\/div>\n<\/div>\n","protected":false},"excerpt":{"rendered":"<p>Eleg\u00e0ncia Retro i Simplicitat Moderna La butaca Lounge A54-055 \u00e9s l&#8217;equilibri perfecte entre un disseny cl\u00e0ssic i les tend\u00e8ncies contempor\u00e0nies. Les seves l\u00ednies rectes i minimalistes evoquen un estil retro que es combina amb la simplicitat moderna. El respatller ovalat i l&#8217;encoixinament dels reposabra\u00e7os ofereixen un toc de distinci\u00f3 i confort, la qual cosa fa&hellip;<\/p>\n","protected":false},"featured_media":41321,"template":"","meta":{"_acf_changed":false},"product_brand":[],"product_cat":[528,525],"product_tag":[605,618,945,664,1216],"class_list":{"0":"post-41327","1":"product","2":"type-product","3":"status-publish","4":"has-post-thumbnail","6":"product_cat-butaques","7":"product_cat-interior","8":"product_tag-butaca-ca","9":"product_tag-contract-ca","10":"product_tag-madera-ca","11":"product_tag-interior-ca","12":"product_tag-lounge-ca","13":"description-off","15":"first","16":"instock","17":"shipping-taxable","18":"product-type-simple"},"acf":[],"yoast_head":"<!-- This site is optimized with the Yoast SEO plugin v27.5 - https:\/\/yoast.com\/product\/yoast-seo-wordpress\/ -->\n<title>La Butaca Lounge A54-055 - Navarro Aubanell<\/title>\n<meta name=\"description\" content=\"Butaca Lounge A54-055: dise\u00f1o retro, estructura de haya resistente, tapizados personalizables. Ideal para ambientes sofisticados y de alto tr\u00e1nsito.\" \/>\n<meta name=\"robots\" content=\"index, follow, max-snippet:-1, max-image-preview:large, max-video-preview:-1\" \/>\n<link rel=\"canonical\" href=\"https:\/\/www.navarroaubanell.com\/ca\/producte\/butaca-lounge-a54-055-navarroaubanell\/\" \/>\n<meta property=\"og:locale\" content=\"ca_ES\" \/>\n<meta property=\"og:type\" content=\"article\" \/>\n<meta property=\"og:title\" content=\"La Butaca Lounge A54-055 - Navarro Aubanell\" \/>\n<meta property=\"og:description\" content=\"Butaca Lounge A54-055: dise\u00f1o retro, estructura de haya resistente, tapizados personalizables. Ideal para ambientes sofisticados y de alto tr\u00e1nsito.\" \/>\n<meta property=\"og:url\" content=\"https:\/\/www.navarroaubanell.com\/ca\/producte\/butaca-lounge-a54-055-navarroaubanell\/\" \/>\n<meta property=\"og:site_name\" content=\"Navarro Aubanell\" \/>\n<meta property=\"article:modified_time\" content=\"2024-11-04T11:06:26+00:00\" \/>\n<meta property=\"og:image\" content=\"https:\/\/www.navarroaubanell.com\/wp-content\/uploads\/2024\/11\/Catalogo-2023-punto-064-Photoroom.png\" \/>\n\t<meta property=\"og:image:width\" content=\"1280\" \/>\n\t<meta property=\"og:image:height\" content=\"1040\" \/>\n\t<meta property=\"og:image:type\" content=\"image\/png\" \/>\n<meta name=\"twitter:label1\" content=\"Est. reading time\" \/>\n\t<meta name=\"twitter:data1\" content=\"2 minutes\" \/>\n<script type=\"application\/ld+json\" class=\"yoast-schema-graph\">{\"@context\":\"https:\\\/\\\/schema.org\",\"@graph\":[{\"@type\":\"WebPage\",\"@id\":\"https:\\\/\\\/www.navarroaubanell.com\\\/ca\\\/producte\\\/butaca-lounge-a54-055-navarroaubanell\\\/\",\"url\":\"https:\\\/\\\/www.navarroaubanell.com\\\/ca\\\/producte\\\/butaca-lounge-a54-055-navarroaubanell\\\/\",\"name\":\"La Butaca Lounge A54-055 - Navarro Aubanell\",\"isPartOf\":{\"@id\":\"https:\\\/\\\/www.navarroaubanell.com\\\/ca\\\/#website\"},\"primaryImageOfPage\":{\"@id\":\"https:\\\/\\\/www.navarroaubanell.com\\\/ca\\\/producte\\\/butaca-lounge-a54-055-navarroaubanell\\\/#primaryimage\"},\"image\":{\"@id\":\"https:\\\/\\\/www.navarroaubanell.com\\\/ca\\\/producte\\\/butaca-lounge-a54-055-navarroaubanell\\\/#primaryimage\"},\"thumbnailUrl\":\"https:\\\/\\\/www.navarroaubanell.com\\\/wp-content\\\/uploads\\\/2024\\\/11\\\/Catalogo-2023-punto-064-Photoroom.png\",\"datePublished\":\"2024-11-04T09:50:28+00:00\",\"dateModified\":\"2024-11-04T11:06:26+00:00\",\"description\":\"Butaca Lounge A54-055: dise\u00f1o retro, estructura de haya resistente, tapizados personalizables. Ideal para ambientes sofisticados y de alto tr\u00e1nsito.\",\"breadcrumb\":{\"@id\":\"https:\\\/\\\/www.navarroaubanell.com\\\/ca\\\/producte\\\/butaca-lounge-a54-055-navarroaubanell\\\/#breadcrumb\"},\"inLanguage\":\"ca\",\"potentialAction\":[{\"@type\":\"ReadAction\",\"target\":[\"https:\\\/\\\/www.navarroaubanell.com\\\/ca\\\/producte\\\/butaca-lounge-a54-055-navarroaubanell\\\/\"]}]},{\"@type\":\"ImageObject\",\"inLanguage\":\"ca\",\"@id\":\"https:\\\/\\\/www.navarroaubanell.com\\\/ca\\\/producte\\\/butaca-lounge-a54-055-navarroaubanell\\\/#primaryimage\",\"url\":\"https:\\\/\\\/www.navarroaubanell.com\\\/wp-content\\\/uploads\\\/2024\\\/11\\\/Catalogo-2023-punto-064-Photoroom.png\",\"contentUrl\":\"https:\\\/\\\/www.navarroaubanell.com\\\/wp-content\\\/uploads\\\/2024\\\/11\\\/Catalogo-2023-punto-064-Photoroom.png\",\"width\":1280,\"height\":1040,\"caption\":\"Butaca Lounge A54-055\"},{\"@type\":\"BreadcrumbList\",\"@id\":\"https:\\\/\\\/www.navarroaubanell.com\\\/ca\\\/producte\\\/butaca-lounge-a54-055-navarroaubanell\\\/#breadcrumb\",\"itemListElement\":[{\"@type\":\"ListItem\",\"position\":1,\"name\":\"Portada\",\"item\":\"https:\\\/\\\/www.navarroaubanell.com\\\/ca\\\/\"},{\"@type\":\"ListItem\",\"position\":2,\"name\":\"Productes\",\"item\":\"https:\\\/\\\/www.navarroaubanell.com\\\/productos\\\/\"},{\"@type\":\"ListItem\",\"position\":3,\"name\":\"Butaca Lounge A54-055\"}]},{\"@type\":\"WebSite\",\"@id\":\"https:\\\/\\\/www.navarroaubanell.com\\\/ca\\\/#website\",\"url\":\"https:\\\/\\\/www.navarroaubanell.com\\\/ca\\\/\",\"name\":\"Navarro Aubanell\",\"description\":\"Mobiliario para hoteler\u00eda, colectividades y oficinas\",\"publisher\":{\"@id\":\"https:\\\/\\\/www.navarroaubanell.com\\\/ca\\\/#organization\"},\"potentialAction\":[{\"@type\":\"SearchAction\",\"target\":{\"@type\":\"EntryPoint\",\"urlTemplate\":\"https:\\\/\\\/www.navarroaubanell.com\\\/ca\\\/?s={search_term_string}\"},\"query-input\":{\"@type\":\"PropertyValueSpecification\",\"valueRequired\":true,\"valueName\":\"search_term_string\"}}],\"inLanguage\":\"ca\"},{\"@type\":\"Organization\",\"@id\":\"https:\\\/\\\/www.navarroaubanell.com\\\/ca\\\/#organization\",\"name\":\"COMERCIAL NAVARRO AUBANELL, S.A\",\"url\":\"https:\\\/\\\/www.navarroaubanell.com\\\/ca\\\/\",\"logo\":{\"@type\":\"ImageObject\",\"inLanguage\":\"ca\",\"@id\":\"https:\\\/\\\/www.navarroaubanell.com\\\/ca\\\/#\\\/schema\\\/logo\\\/image\\\/\",\"url\":\"https:\\\/\\\/www.navarroaubanell.com\\\/wp-content\\\/uploads\\\/2017\\\/07\\\/logo-navarro-aubuanell.png\",\"contentUrl\":\"https:\\\/\\\/www.navarroaubanell.com\\\/wp-content\\\/uploads\\\/2017\\\/07\\\/logo-navarro-aubuanell.png\",\"width\":6304,\"height\":1154,\"caption\":\"COMERCIAL NAVARRO AUBANELL, S.A\"},\"image\":{\"@id\":\"https:\\\/\\\/www.navarroaubanell.com\\\/ca\\\/#\\\/schema\\\/logo\\\/image\\\/\"}}]}<\/script>\n<!-- \/ Yoast SEO plugin. -->","yoast_head_json":{"title":"La Butaca Lounge A54-055 - Navarro Aubanell","description":"Butaca Lounge A54-055: dise\u00f1o retro, estructura de haya resistente, tapizados personalizables. Ideal para ambientes sofisticados y de alto tr\u00e1nsito.","robots":{"index":"index","follow":"follow","max-snippet":"max-snippet:-1","max-image-preview":"max-image-preview:large","max-video-preview":"max-video-preview:-1"},"canonical":"https:\/\/www.navarroaubanell.com\/ca\/producte\/butaca-lounge-a54-055-navarroaubanell\/","og_locale":"ca_ES","og_type":"article","og_title":"La Butaca Lounge A54-055 - Navarro Aubanell","og_description":"Butaca Lounge A54-055: dise\u00f1o retro, estructura de haya resistente, tapizados personalizables. Ideal para ambientes sofisticados y de alto tr\u00e1nsito.","og_url":"https:\/\/www.navarroaubanell.com\/ca\/producte\/butaca-lounge-a54-055-navarroaubanell\/","og_site_name":"Navarro Aubanell","article_modified_time":"2024-11-04T11:06:26+00:00","og_image":[{"width":1280,"height":1040,"url":"https:\/\/www.navarroaubanell.com\/wp-content\/uploads\/2024\/11\/Catalogo-2023-punto-064-Photoroom.png","type":"image\/png"}],"twitter_misc":{"Est. reading time":"2 minutes"},"schema":{"@context":"https:\/\/schema.org","@graph":[{"@type":"WebPage","@id":"https:\/\/www.navarroaubanell.com\/ca\/producte\/butaca-lounge-a54-055-navarroaubanell\/","url":"https:\/\/www.navarroaubanell.com\/ca\/producte\/butaca-lounge-a54-055-navarroaubanell\/","name":"La Butaca Lounge A54-055 - Navarro Aubanell","isPartOf":{"@id":"https:\/\/www.navarroaubanell.com\/ca\/#website"},"primaryImageOfPage":{"@id":"https:\/\/www.navarroaubanell.com\/ca\/producte\/butaca-lounge-a54-055-navarroaubanell\/#primaryimage"},"image":{"@id":"https:\/\/www.navarroaubanell.com\/ca\/producte\/butaca-lounge-a54-055-navarroaubanell\/#primaryimage"},"thumbnailUrl":"https:\/\/www.navarroaubanell.com\/wp-content\/uploads\/2024\/11\/Catalogo-2023-punto-064-Photoroom.png","datePublished":"2024-11-04T09:50:28+00:00","dateModified":"2024-11-04T11:06:26+00:00","description":"Butaca Lounge A54-055: dise\u00f1o retro, estructura de haya resistente, tapizados personalizables. Ideal para ambientes sofisticados y de alto tr\u00e1nsito.","breadcrumb":{"@id":"https:\/\/www.navarroaubanell.com\/ca\/producte\/butaca-lounge-a54-055-navarroaubanell\/#breadcrumb"},"inLanguage":"ca","potentialAction":[{"@type":"ReadAction","target":["https:\/\/www.navarroaubanell.com\/ca\/producte\/butaca-lounge-a54-055-navarroaubanell\/"]}]},{"@type":"ImageObject","inLanguage":"ca","@id":"https:\/\/www.navarroaubanell.com\/ca\/producte\/butaca-lounge-a54-055-navarroaubanell\/#primaryimage","url":"https:\/\/www.navarroaubanell.com\/wp-content\/uploads\/2024\/11\/Catalogo-2023-punto-064-Photoroom.png","contentUrl":"https:\/\/www.navarroaubanell.com\/wp-content\/uploads\/2024\/11\/Catalogo-2023-punto-064-Photoroom.png","width":1280,"height":1040,"caption":"Butaca Lounge A54-055"},{"@type":"BreadcrumbList","@id":"https:\/\/www.navarroaubanell.com\/ca\/producte\/butaca-lounge-a54-055-navarroaubanell\/#breadcrumb","itemListElement":[{"@type":"ListItem","position":1,"name":"Portada","item":"https:\/\/www.navarroaubanell.com\/ca\/"},{"@type":"ListItem","position":2,"name":"Productes","item":"https:\/\/www.navarroaubanell.com\/productos\/"},{"@type":"ListItem","position":3,"name":"Butaca Lounge A54-055"}]},{"@type":"WebSite","@id":"https:\/\/www.navarroaubanell.com\/ca\/#website","url":"https:\/\/www.navarroaubanell.com\/ca\/","name":"Navarro Aubanell","description":"Mobiliario para hoteler\u00eda, colectividades y oficinas","publisher":{"@id":"https:\/\/www.navarroaubanell.com\/ca\/#organization"},"potentialAction":[{"@type":"SearchAction","target":{"@type":"EntryPoint","urlTemplate":"https:\/\/www.navarroaubanell.com\/ca\/?s={search_term_string}"},"query-input":{"@type":"PropertyValueSpecification","valueRequired":true,"valueName":"search_term_string"}}],"inLanguage":"ca"},{"@type":"Organization","@id":"https:\/\/www.navarroaubanell.com\/ca\/#organization","name":"COMERCIAL NAVARRO AUBANELL, S.A","url":"https:\/\/www.navarroaubanell.com\/ca\/","logo":{"@type":"ImageObject","inLanguage":"ca","@id":"https:\/\/www.navarroaubanell.com\/ca\/#\/schema\/logo\/image\/","url":"https:\/\/www.navarroaubanell.com\/wp-content\/uploads\/2017\/07\/logo-navarro-aubuanell.png","contentUrl":"https:\/\/www.navarroaubanell.com\/wp-content\/uploads\/2017\/07\/logo-navarro-aubuanell.png","width":6304,"height":1154,"caption":"COMERCIAL NAVARRO AUBANELL, S.A"},"image":{"@id":"https:\/\/www.navarroaubanell.com\/ca\/#\/schema\/logo\/image\/"}}]}},"_links":{"self":[{"href":"https:\/\/www.navarroaubanell.com\/ca\/wp-json\/wp\/v2\/product\/41327","targetHints":{"allow":["GET"]}}],"collection":[{"href":"https:\/\/www.navarroaubanell.com\/ca\/wp-json\/wp\/v2\/product"}],"about":[{"href":"https:\/\/www.navarroaubanell.com\/ca\/wp-json\/wp\/v2\/types\/product"}],"wp:featuredmedia":[{"embeddable":true,"href":"https:\/\/www.navarroaubanell.com\/ca\/wp-json\/wp\/v2\/media\/41321"}],"wp:attachment":[{"href":"https:\/\/www.navarroaubanell.com\/ca\/wp-json\/wp\/v2\/media?parent=41327"}],"wp:term":[{"taxonomy":"product_brand","embeddable":true,"href":"https:\/\/www.navarroaubanell.com\/ca\/wp-json\/wp\/v2\/product_brand?post=41327"},{"taxonomy":"product_cat","embeddable":true,"href":"https:\/\/www.navarroaubanell.com\/ca\/wp-json\/wp\/v2\/product_cat?post=41327"},{"taxonomy":"product_tag","embeddable":true,"href":"https:\/\/www.navarroaubanell.com\/ca\/wp-json\/wp\/v2\/product_tag?post=41327"}],"curies":[{"name":"wp","href":"https:\/\/api.w.org\/{rel}","templated":true}]}}