{"id":41296,"date":"2024-10-29T17:02:16","date_gmt":"2024-10-29T16:02:16","guid":{"rendered":"https:\/\/www.navarroaubanell.com\/producto\/mesa-alloro-ext-nardi-navarroaubanell\/"},"modified":"2024-10-29T17:02:50","modified_gmt":"2024-10-29T16:02:50","slug":"mesa-alloro-ext-nardi-navarroaubanell","status":"publish","type":"product","link":"https:\/\/www.navarroaubanell.com\/ca\/producte\/mesa-alloro-ext-nardi-navarroaubanell\/","title":{"rendered":"Mesa Alloro Ext"},"content":{"rendered":"<h5>Mesa Alloro Ext: Elegancia y Funcionalidad en Perfecta Armon\u00eda<\/h5>\n<p>La mesa Alloro Ext combina a la perfecci\u00f3n funcionalidad y el dise\u00f1o. Sus l\u00edneas limpias y suaves, libres de esquinas, crean una atm\u00f3sfera de fluidez y modernidad. La superficie, que imita los tablones de madera, evoca una conexi\u00f3n atemporal entre lo cl\u00e1sico y lo contempor\u00e1neo, haciendo de esta mesa una pieza vers\u00e1til para cualquier ambiente.<\/p>\n<h6>Materiales de Alta Calidad y Durabilidad<\/h6>\n<p>El tablero DurelTOP de la mesa Alloro est\u00e1 fabricado en polipropileno, lo que asegura una estructura resistente y duradera. Su tratamiento anti-UV permite que la mesa se mantenga en perfectas condiciones, incluso bajo la exposici\u00f3n prolongada al sol, lo que la hace perfecta para ambientes exteriores.<\/p>\n<h6>Sostenibilidad y Compromiso Ambiental<\/h6>\n<p>La mesa Alloro est\u00e1 hecha con resinas reciclables, reafirmando su compromiso con el cuidado del medio ambiente. Los cuatro colores mate en los que se presenta est\u00e1n te\u00f1idos en masa, garantizando que los tonos se mantengan firmes y uniformes con el paso del tiempo, sin decoloraciones ni p\u00e9rdidas de brillo.<\/p>\n<h6>Estabilidad y Versatilidad<\/h6>\n<p>Las patas de aluminio pintado, adem\u00e1s de ser robustas, incluyen tacos regulables que aseguran una estabilidad perfecta, incluso en superficies irregulares.<\/p>\n<h6>Modelos Extensibles Disponibles<\/h6>\n<ul>\n<li>140 cm a 210 cm<\/li>\n<li>210 cm a 280 cm<\/li>\n<\/ul>\n","protected":false},"excerpt":{"rendered":"<p>Mesa Alloro Ext: Elegancia y Funcionalidad en Perfecta Armon\u00eda La mesa Alloro Ext combina a la perfecci\u00f3n funcionalidad y el dise\u00f1o. Sus l\u00edneas limpias y suaves, libres de esquinas, crean una atm\u00f3sfera de fluidez y modernidad. La superficie, que imita los tablones de madera, evoca una conexi\u00f3n atemporal entre lo cl\u00e1sico y lo contempor\u00e1neo, haciendo&hellip;<\/p>\n","protected":false},"featured_media":41272,"template":"","meta":{"_acf_changed":false},"product_brand":[],"product_cat":[563,567],"product_tag":[1566,1263,1527,1560,640,664,1180,695],"class_list":{"0":"post-41296","1":"product","2":"type-product","3":"status-publish","4":"has-post-thumbnail","6":"product_cat-exterior-ca","7":"product_cat-taules-exterior","8":"product_tag-alloro-ca","9":"product_tag-anti-rayos-uv-ca","10":"product_tag-dureltop-ca","11":"product_tag-extensible-ca","12":"product_tag-exterior-ca","13":"product_tag-interior-ca","14":"product_tag-sostenible","15":"product_tag-taula","16":"description-off","18":"first","19":"instock","20":"shipping-taxable","21":"product-type-simple"},"acf":[],"yoast_head":"<!-- This site is optimized with the Yoast SEO plugin v27.0 - https:\/\/yoast.com\/product\/yoast-seo-wordpress\/ -->\n<title>Mesa Alloro Ext, Nardi- Navarro Aubanell<\/title>\n<meta name=\"description\" content=\"Mesa Alloro Ext: dise\u00f1o elegante, resistente y sostenible, ideal para exteriores. Disponible en modelos extensibles con materiales reciclables y anti-UV.\" \/>\n<meta name=\"robots\" content=\"index, follow, max-snippet:-1, max-image-preview:large, max-video-preview:-1\" \/>\n<link rel=\"canonical\" href=\"https:\/\/www.navarroaubanell.com\/ca\/producte\/mesa-alloro-ext-nardi-navarroaubanell\/\" \/>\n<meta property=\"og:locale\" content=\"ca_ES\" \/>\n<meta property=\"og:type\" content=\"article\" \/>\n<meta property=\"og:title\" content=\"Mesa Alloro Ext, Nardi- Navarro Aubanell\" \/>\n<meta property=\"og:description\" content=\"Mesa Alloro Ext: dise\u00f1o elegante, resistente y sostenible, ideal para exteriores. Disponible en modelos extensibles con materiales reciclables y anti-UV.\" \/>\n<meta property=\"og:url\" content=\"https:\/\/www.navarroaubanell.com\/ca\/producte\/mesa-alloro-ext-nardi-navarroaubanell\/\" \/>\n<meta property=\"og:site_name\" content=\"Navarro Aubanell\" \/>\n<meta property=\"article:modified_time\" content=\"2024-10-29T16:02:50+00:00\" \/>\n<meta property=\"og:image\" content=\"https:\/\/www.navarroaubanell.com\/wp-content\/uploads\/2024\/10\/img_2558.jpg\" \/>\n\t<meta property=\"og:image:width\" content=\"800\" \/>\n\t<meta property=\"og:image:height\" content=\"650\" \/>\n\t<meta property=\"og:image:type\" content=\"image\/jpeg\" \/>\n<meta name=\"twitter:label1\" content=\"Est. reading time\" \/>\n\t<meta name=\"twitter:data1\" content=\"2 minutes\" \/>\n<script type=\"application\/ld+json\" class=\"yoast-schema-graph\">{\"@context\":\"https:\/\/schema.org\",\"@graph\":[{\"@type\":\"WebPage\",\"@id\":\"https:\/\/www.navarroaubanell.com\/ca\/producte\/mesa-alloro-ext-nardi-navarroaubanell\/\",\"url\":\"https:\/\/www.navarroaubanell.com\/ca\/producte\/mesa-alloro-ext-nardi-navarroaubanell\/\",\"name\":\"Mesa Alloro Ext, Nardi- Navarro Aubanell\",\"isPartOf\":{\"@id\":\"https:\/\/www.navarroaubanell.com\/ca\/#website\"},\"primaryImageOfPage\":{\"@id\":\"https:\/\/www.navarroaubanell.com\/ca\/producte\/mesa-alloro-ext-nardi-navarroaubanell\/#primaryimage\"},\"image\":{\"@id\":\"https:\/\/www.navarroaubanell.com\/ca\/producte\/mesa-alloro-ext-nardi-navarroaubanell\/#primaryimage\"},\"thumbnailUrl\":\"https:\/\/www.navarroaubanell.com\/wp-content\/uploads\/2024\/10\/img_2558.jpg\",\"datePublished\":\"2024-10-29T16:02:16+00:00\",\"dateModified\":\"2024-10-29T16:02:50+00:00\",\"description\":\"Mesa Alloro Ext: dise\u00f1o elegante, resistente y sostenible, ideal para exteriores. Disponible en modelos extensibles con materiales reciclables y anti-UV.\",\"breadcrumb\":{\"@id\":\"https:\/\/www.navarroaubanell.com\/ca\/producte\/mesa-alloro-ext-nardi-navarroaubanell\/#breadcrumb\"},\"inLanguage\":\"ca\",\"potentialAction\":[{\"@type\":\"ReadAction\",\"target\":[\"https:\/\/www.navarroaubanell.com\/ca\/producte\/mesa-alloro-ext-nardi-navarroaubanell\/\"]}]},{\"@type\":\"ImageObject\",\"inLanguage\":\"ca\",\"@id\":\"https:\/\/www.navarroaubanell.com\/ca\/producte\/mesa-alloro-ext-nardi-navarroaubanell\/#primaryimage\",\"url\":\"https:\/\/www.navarroaubanell.com\/wp-content\/uploads\/2024\/10\/img_2558.jpg\",\"contentUrl\":\"https:\/\/www.navarroaubanell.com\/wp-content\/uploads\/2024\/10\/img_2558.jpg\",\"width\":800,\"height\":650,\"caption\":\"Mesa Alloro Ext\"},{\"@type\":\"BreadcrumbList\",\"@id\":\"https:\/\/www.navarroaubanell.com\/ca\/producte\/mesa-alloro-ext-nardi-navarroaubanell\/#breadcrumb\",\"itemListElement\":[{\"@type\":\"ListItem\",\"position\":1,\"name\":\"Portada\",\"item\":\"https:\/\/www.navarroaubanell.com\/ca\/\"},{\"@type\":\"ListItem\",\"position\":2,\"name\":\"Productes\",\"item\":\"https:\/\/www.navarroaubanell.com\/productos\/\"},{\"@type\":\"ListItem\",\"position\":3,\"name\":\"Mesa Alloro Ext\"}]},{\"@type\":\"WebSite\",\"@id\":\"https:\/\/www.navarroaubanell.com\/ca\/#website\",\"url\":\"https:\/\/www.navarroaubanell.com\/ca\/\",\"name\":\"Navarro Aubanell\",\"description\":\"Mobiliario para hoteler\u00eda, colectividades y oficinas\",\"publisher\":{\"@id\":\"https:\/\/www.navarroaubanell.com\/ca\/#organization\"},\"potentialAction\":[{\"@type\":\"SearchAction\",\"target\":{\"@type\":\"EntryPoint\",\"urlTemplate\":\"https:\/\/www.navarroaubanell.com\/ca\/?s={search_term_string}\"},\"query-input\":{\"@type\":\"PropertyValueSpecification\",\"valueRequired\":true,\"valueName\":\"search_term_string\"}}],\"inLanguage\":\"ca\"},{\"@type\":\"Organization\",\"@id\":\"https:\/\/www.navarroaubanell.com\/ca\/#organization\",\"name\":\"COMERCIAL NAVARRO AUBANELL, S.A\",\"url\":\"https:\/\/www.navarroaubanell.com\/ca\/\",\"logo\":{\"@type\":\"ImageObject\",\"inLanguage\":\"ca\",\"@id\":\"https:\/\/www.navarroaubanell.com\/ca\/#\/schema\/logo\/image\/\",\"url\":\"https:\/\/www.navarroaubanell.com\/wp-content\/uploads\/2017\/07\/logo-navarro-aubuanell.png\",\"contentUrl\":\"https:\/\/www.navarroaubanell.com\/wp-content\/uploads\/2017\/07\/logo-navarro-aubuanell.png\",\"width\":6304,\"height\":1154,\"caption\":\"COMERCIAL NAVARRO AUBANELL, S.A\"},\"image\":{\"@id\":\"https:\/\/www.navarroaubanell.com\/ca\/#\/schema\/logo\/image\/\"}}]}<\/script>\n<!-- \/ Yoast SEO plugin. -->","yoast_head_json":{"title":"Mesa Alloro Ext, Nardi- Navarro Aubanell","description":"Mesa Alloro Ext: dise\u00f1o elegante, resistente y sostenible, ideal para exteriores. Disponible en modelos extensibles con materiales reciclables y anti-UV.","robots":{"index":"index","follow":"follow","max-snippet":"max-snippet:-1","max-image-preview":"max-image-preview:large","max-video-preview":"max-video-preview:-1"},"canonical":"https:\/\/www.navarroaubanell.com\/ca\/producte\/mesa-alloro-ext-nardi-navarroaubanell\/","og_locale":"ca_ES","og_type":"article","og_title":"Mesa Alloro Ext, Nardi- Navarro Aubanell","og_description":"Mesa Alloro Ext: dise\u00f1o elegante, resistente y sostenible, ideal para exteriores. Disponible en modelos extensibles con materiales reciclables y anti-UV.","og_url":"https:\/\/www.navarroaubanell.com\/ca\/producte\/mesa-alloro-ext-nardi-navarroaubanell\/","og_site_name":"Navarro Aubanell","article_modified_time":"2024-10-29T16:02:50+00:00","og_image":[{"width":800,"height":650,"url":"https:\/\/www.navarroaubanell.com\/wp-content\/uploads\/2024\/10\/img_2558.jpg","type":"image\/jpeg"}],"twitter_misc":{"Est. reading time":"2 minutes"},"schema":{"@context":"https:\/\/schema.org","@graph":[{"@type":"WebPage","@id":"https:\/\/www.navarroaubanell.com\/ca\/producte\/mesa-alloro-ext-nardi-navarroaubanell\/","url":"https:\/\/www.navarroaubanell.com\/ca\/producte\/mesa-alloro-ext-nardi-navarroaubanell\/","name":"Mesa Alloro Ext, Nardi- Navarro Aubanell","isPartOf":{"@id":"https:\/\/www.navarroaubanell.com\/ca\/#website"},"primaryImageOfPage":{"@id":"https:\/\/www.navarroaubanell.com\/ca\/producte\/mesa-alloro-ext-nardi-navarroaubanell\/#primaryimage"},"image":{"@id":"https:\/\/www.navarroaubanell.com\/ca\/producte\/mesa-alloro-ext-nardi-navarroaubanell\/#primaryimage"},"thumbnailUrl":"https:\/\/www.navarroaubanell.com\/wp-content\/uploads\/2024\/10\/img_2558.jpg","datePublished":"2024-10-29T16:02:16+00:00","dateModified":"2024-10-29T16:02:50+00:00","description":"Mesa Alloro Ext: dise\u00f1o elegante, resistente y sostenible, ideal para exteriores. Disponible en modelos extensibles con materiales reciclables y anti-UV.","breadcrumb":{"@id":"https:\/\/www.navarroaubanell.com\/ca\/producte\/mesa-alloro-ext-nardi-navarroaubanell\/#breadcrumb"},"inLanguage":"ca","potentialAction":[{"@type":"ReadAction","target":["https:\/\/www.navarroaubanell.com\/ca\/producte\/mesa-alloro-ext-nardi-navarroaubanell\/"]}]},{"@type":"ImageObject","inLanguage":"ca","@id":"https:\/\/www.navarroaubanell.com\/ca\/producte\/mesa-alloro-ext-nardi-navarroaubanell\/#primaryimage","url":"https:\/\/www.navarroaubanell.com\/wp-content\/uploads\/2024\/10\/img_2558.jpg","contentUrl":"https:\/\/www.navarroaubanell.com\/wp-content\/uploads\/2024\/10\/img_2558.jpg","width":800,"height":650,"caption":"Mesa Alloro Ext"},{"@type":"BreadcrumbList","@id":"https:\/\/www.navarroaubanell.com\/ca\/producte\/mesa-alloro-ext-nardi-navarroaubanell\/#breadcrumb","itemListElement":[{"@type":"ListItem","position":1,"name":"Portada","item":"https:\/\/www.navarroaubanell.com\/ca\/"},{"@type":"ListItem","position":2,"name":"Productes","item":"https:\/\/www.navarroaubanell.com\/productos\/"},{"@type":"ListItem","position":3,"name":"Mesa Alloro Ext"}]},{"@type":"WebSite","@id":"https:\/\/www.navarroaubanell.com\/ca\/#website","url":"https:\/\/www.navarroaubanell.com\/ca\/","name":"Navarro Aubanell","description":"Mobiliario para hoteler\u00eda, colectividades y oficinas","publisher":{"@id":"https:\/\/www.navarroaubanell.com\/ca\/#organization"},"potentialAction":[{"@type":"SearchAction","target":{"@type":"EntryPoint","urlTemplate":"https:\/\/www.navarroaubanell.com\/ca\/?s={search_term_string}"},"query-input":{"@type":"PropertyValueSpecification","valueRequired":true,"valueName":"search_term_string"}}],"inLanguage":"ca"},{"@type":"Organization","@id":"https:\/\/www.navarroaubanell.com\/ca\/#organization","name":"COMERCIAL NAVARRO AUBANELL, S.A","url":"https:\/\/www.navarroaubanell.com\/ca\/","logo":{"@type":"ImageObject","inLanguage":"ca","@id":"https:\/\/www.navarroaubanell.com\/ca\/#\/schema\/logo\/image\/","url":"https:\/\/www.navarroaubanell.com\/wp-content\/uploads\/2017\/07\/logo-navarro-aubuanell.png","contentUrl":"https:\/\/www.navarroaubanell.com\/wp-content\/uploads\/2017\/07\/logo-navarro-aubuanell.png","width":6304,"height":1154,"caption":"COMERCIAL NAVARRO AUBANELL, S.A"},"image":{"@id":"https:\/\/www.navarroaubanell.com\/ca\/#\/schema\/logo\/image\/"}}]}},"_links":{"self":[{"href":"https:\/\/www.navarroaubanell.com\/ca\/wp-json\/wp\/v2\/product\/41296","targetHints":{"allow":["GET"]}}],"collection":[{"href":"https:\/\/www.navarroaubanell.com\/ca\/wp-json\/wp\/v2\/product"}],"about":[{"href":"https:\/\/www.navarroaubanell.com\/ca\/wp-json\/wp\/v2\/types\/product"}],"wp:featuredmedia":[{"embeddable":true,"href":"https:\/\/www.navarroaubanell.com\/ca\/wp-json\/wp\/v2\/media\/41272"}],"wp:attachment":[{"href":"https:\/\/www.navarroaubanell.com\/ca\/wp-json\/wp\/v2\/media?parent=41296"}],"wp:term":[{"taxonomy":"product_brand","embeddable":true,"href":"https:\/\/www.navarroaubanell.com\/ca\/wp-json\/wp\/v2\/product_brand?post=41296"},{"taxonomy":"product_cat","embeddable":true,"href":"https:\/\/www.navarroaubanell.com\/ca\/wp-json\/wp\/v2\/product_cat?post=41296"},{"taxonomy":"product_tag","embeddable":true,"href":"https:\/\/www.navarroaubanell.com\/ca\/wp-json\/wp\/v2\/product_tag?post=41296"}],"curies":[{"name":"wp","href":"https:\/\/api.w.org\/{rel}","templated":true}]}}