{"id":41185,"date":"2024-10-29T09:24:27","date_gmt":"2024-10-29T08:24:27","guid":{"rendered":"https:\/\/www.navarroaubanell.com\/producto\/base-ibisco-nardi-navarroaubanell\/"},"modified":"2024-11-25T10:28:07","modified_gmt":"2024-11-25T09:28:07","slug":"la-taula-ibisco-nardi-navarroaubanell","status":"publish","type":"product","link":"https:\/\/www.navarroaubanell.com\/ca\/producte\/la-taula-ibisco-nardi-navarroaubanell\/","title":{"rendered":"Taula Ibisco"},"content":{"rendered":"<div class=\"flex-shrink-0 flex flex-col relative items-end\">\n<div>\n<div class=\"pt-0\">\n<div class=\"gizmo-bot-avatar flex h-8 w-8 items-center justify-center overflow-hidden rounded-full\">\n<h5 class=\"relative p-1 rounded-sm flex items-center justify-center bg-token-main-surface-primary text-token-text-primary h-8 w-8\">Taula Ibisco: Modernitat i Funcionalitat a Cada Detall<\/h5>\n<h6>Disseny Moderno i Vers\u00e0til<\/h6>\n<\/div>\n<\/div>\n<\/div>\n<\/div>\n<div class=\"group\/conversation-turn relative flex w-full min-w-0 flex-col agent-turn\">\n<div class=\"flex-col gap-1 md:gap-3\">\n<div class=\"flex max-w-full flex-col flex-grow\">\n<div class=\"min-h-8 text-message flex w-full flex-col items-end gap-2 whitespace-normal break-words [.text-message+&amp;]:mt-5\" dir=\"auto\" data-message-author-role=\"assistant\" data-message-id=\"e11de2ad-1a66-4218-9c64-eba6ad2bd70e\" data-message-model-slug=\"gpt-4o\">\n<div class=\"flex w-full flex-col gap-1 empty:hidden first:pt-[3px]\">\n<div class=\"markdown prose w-full break-words dark:prose-invert light\">\n<div class=\"traductor-textarea form-group\">\n<div class=\"textarea-desti col-xs-12 col-sm-6\">\n<div class=\"form-control second-textarea\">La taula Ibisco destaca pel seu disseny de l\u00ednies rectes i marcades, ideal per a aquells que busquen una est\u00e8tica moderna i adaptable. El seu peu central quadrangular s&#8217;uneix a una creueta abatible, mentre que les quatre potes es connecten de manera asim\u00e8trica, creant un efecte de modernitat suau que encaixa perfectament en qualsevol estil decoratiu, des del minimalista fins al contemporani.<\/div>\n<\/div>\n<\/div>\n<h6>Resist\u00e8ncia i sostenibilitat<\/h6>\n<div class=\"traductor-textarea form-group\">\n<div class=\"textarea-desti col-xs-12 col-sm-6\">\n<div class=\"form-control second-textarea\">Fabricada en alumini pintat, Ibisco est\u00e0 disponible en cinc colors diferents, la qual cosa assegura la seva integraci\u00f3 en qualsevol espai. L&#8217;alumini, a m\u00e9s de ser resistent i lleuger, \u00e9s un material 100% reciclable, la qual cosa converteix a Ibisco en una opci\u00f3 conscient amb el medi ambient.<\/div>\n<\/div>\n<\/div>\n<h6>Practicitat a Cada Detall<\/h6>\n<div class=\"traductor-textarea form-group\">\n<div class=\"textarea-desti col-xs-12 col-sm-6\">\n<div class=\"form-control second-textarea\">El sistema abatible horitzontal de la taula Ibisco permet que sigui apilable, una caracter\u00edstica fonamental en locals amb alta rotaci\u00f3 o que necessiten optimitzar l&#8217;espai. Est\u00e0 dissenyada per a adaptar-se a sobres rodons de \u00d860, \u00d870 i \u00d880 cm, i quadrats de 60&#215;60, 70&#215;70 i 80&#215;80 cm.<\/div>\n<\/div>\n<\/div>\n<h6>Funcionalitat Millorada<\/h6>\n<div class=\"traductor-textarea form-group\">\n<div class=\"textarea-desti col-xs-12 col-sm-6\">\n<div class=\"form-control second-textarea\">Disponible en dos models: est\u00e0ndard i alt, la taula Ibisco \u00e9s ideal per a diferents entorns, des de cafeteries fins a terrasses. A m\u00e9s, els seus tacs regulables asseguren estabilitat fins i tot en superf\u00edcies irregulars, prolongant la seva durabilitat i mantenint la seva est\u00e8tica impecable.<\/div>\n<\/div>\n<\/div>\n<\/div>\n<\/div>\n<\/div>\n<\/div>\n<\/div>\n<\/div>\n","protected":false},"excerpt":{"rendered":"<p>Taula Ibisco: Modernitat i Funcionalitat a Cada Detall Disseny Moderno i Vers\u00e0til La taula Ibisco destaca pel seu disseny de l\u00ednies rectes i marcades, ideal per a aquells que busquen una est\u00e8tica moderna i adaptable. El seu peu central quadrangular s&#8217;uneix a una creueta abatible, mentre que les quatre potes es connecten de manera asim\u00e8trica,&hellip;<\/p>\n","protected":false},"featured_media":42316,"template":"","meta":{"_acf_changed":false},"product_brand":[],"product_cat":[563,525,529,567],"product_tag":[795,992,587,1537,640,1557,664,1516,1180,695],"class_list":{"0":"post-41185","1":"product","2":"type-product","3":"status-publish","4":"has-post-thumbnail","6":"product_cat-exterior-ca","7":"product_cat-interior","8":"product_cat-taules","9":"product_cat-taules-exterior","10":"product_tag-abatible-ca","11":"product_tag-aluminio-ca","12":"product_tag-apilable-ca","13":"product_tag-base-ca","14":"product_tag-exterior-ca","15":"product_tag-ibisco-ca","16":"product_tag-interior-ca","17":"product_tag-reciclable","18":"product_tag-sostenible","19":"product_tag-taula","20":"description-off","22":"first","23":"instock","24":"shipping-taxable","25":"product-type-simple"},"acf":[],"yoast_head":"<!-- This site is optimized with the Yoast SEO plugin v27.5 - https:\/\/yoast.com\/product\/yoast-seo-wordpress\/ -->\n<title>Taula Ibisco, Nardi- Navarro Aubanell<\/title>\n<meta name=\"description\" content=\"Taula Ibisco: base moderna y vers\u00e1til de aluminio, apilable y ajustable, ideal para cualquier espacio decorativo y sostenible.\" \/>\n<meta name=\"robots\" content=\"index, follow, max-snippet:-1, max-image-preview:large, max-video-preview:-1\" \/>\n<link rel=\"canonical\" href=\"https:\/\/www.navarroaubanell.com\/ca\/producte\/la-taula-ibisco-nardi-navarroaubanell\/\" \/>\n<meta property=\"og:locale\" content=\"ca_ES\" \/>\n<meta property=\"og:type\" content=\"article\" \/>\n<meta property=\"og:title\" content=\"Taula Ibisco, Nardi- Navarro Aubanell\" \/>\n<meta property=\"og:description\" content=\"Taula Ibisco: base moderna y vers\u00e1til de aluminio, apilable y ajustable, ideal para cualquier espacio decorativo y sostenible.\" \/>\n<meta property=\"og:url\" content=\"https:\/\/www.navarroaubanell.com\/ca\/producte\/la-taula-ibisco-nardi-navarroaubanell\/\" \/>\n<meta property=\"og:site_name\" content=\"Navarro Aubanell\" \/>\n<meta property=\"article:modified_time\" content=\"2024-11-25T09:28:07+00:00\" \/>\n<meta property=\"og:image\" content=\"https:\/\/www.navarroaubanell.com\/wp-content\/uploads\/2024\/10\/Nardi_tables_baseIBISCO_argento_pianoLaminatoGrigio_still-life_LR.jpg\" \/>\n\t<meta property=\"og:image:width\" content=\"800\" \/>\n\t<meta property=\"og:image:height\" content=\"650\" \/>\n\t<meta property=\"og:image:type\" content=\"image\/jpeg\" \/>\n<meta name=\"twitter:label1\" content=\"Est. reading time\" \/>\n\t<meta name=\"twitter:data1\" content=\"2 minutes\" \/>\n<script type=\"application\/ld+json\" class=\"yoast-schema-graph\">{\"@context\":\"https:\\\/\\\/schema.org\",\"@graph\":[{\"@type\":\"WebPage\",\"@id\":\"https:\\\/\\\/www.navarroaubanell.com\\\/ca\\\/producte\\\/la-taula-ibisco-nardi-navarroaubanell\\\/\",\"url\":\"https:\\\/\\\/www.navarroaubanell.com\\\/ca\\\/producte\\\/la-taula-ibisco-nardi-navarroaubanell\\\/\",\"name\":\"Taula Ibisco, Nardi- Navarro Aubanell\",\"isPartOf\":{\"@id\":\"https:\\\/\\\/www.navarroaubanell.com\\\/ca\\\/#website\"},\"primaryImageOfPage\":{\"@id\":\"https:\\\/\\\/www.navarroaubanell.com\\\/ca\\\/producte\\\/la-taula-ibisco-nardi-navarroaubanell\\\/#primaryimage\"},\"image\":{\"@id\":\"https:\\\/\\\/www.navarroaubanell.com\\\/ca\\\/producte\\\/la-taula-ibisco-nardi-navarroaubanell\\\/#primaryimage\"},\"thumbnailUrl\":\"https:\\\/\\\/www.navarroaubanell.com\\\/wp-content\\\/uploads\\\/2024\\\/10\\\/Nardi_tables_baseIBISCO_argento_pianoLaminatoGrigio_still-life_LR.jpg\",\"datePublished\":\"2024-10-29T08:24:27+00:00\",\"dateModified\":\"2024-11-25T09:28:07+00:00\",\"description\":\"Taula Ibisco: base moderna y vers\u00e1til de aluminio, apilable y ajustable, ideal para cualquier espacio decorativo y sostenible.\",\"breadcrumb\":{\"@id\":\"https:\\\/\\\/www.navarroaubanell.com\\\/ca\\\/producte\\\/la-taula-ibisco-nardi-navarroaubanell\\\/#breadcrumb\"},\"inLanguage\":\"ca\",\"potentialAction\":[{\"@type\":\"ReadAction\",\"target\":[\"https:\\\/\\\/www.navarroaubanell.com\\\/ca\\\/producte\\\/la-taula-ibisco-nardi-navarroaubanell\\\/\"]}]},{\"@type\":\"ImageObject\",\"inLanguage\":\"ca\",\"@id\":\"https:\\\/\\\/www.navarroaubanell.com\\\/ca\\\/producte\\\/la-taula-ibisco-nardi-navarroaubanell\\\/#primaryimage\",\"url\":\"https:\\\/\\\/www.navarroaubanell.com\\\/wp-content\\\/uploads\\\/2024\\\/10\\\/Nardi_tables_baseIBISCO_argento_pianoLaminatoGrigio_still-life_LR.jpg\",\"contentUrl\":\"https:\\\/\\\/www.navarroaubanell.com\\\/wp-content\\\/uploads\\\/2024\\\/10\\\/Nardi_tables_baseIBISCO_argento_pianoLaminatoGrigio_still-life_LR.jpg\",\"width\":800,\"height\":650,\"caption\":\"Base Ibisco\"},{\"@type\":\"BreadcrumbList\",\"@id\":\"https:\\\/\\\/www.navarroaubanell.com\\\/ca\\\/producte\\\/la-taula-ibisco-nardi-navarroaubanell\\\/#breadcrumb\",\"itemListElement\":[{\"@type\":\"ListItem\",\"position\":1,\"name\":\"Portada\",\"item\":\"https:\\\/\\\/www.navarroaubanell.com\\\/ca\\\/\"},{\"@type\":\"ListItem\",\"position\":2,\"name\":\"Productes\",\"item\":\"https:\\\/\\\/www.navarroaubanell.com\\\/productos\\\/\"},{\"@type\":\"ListItem\",\"position\":3,\"name\":\"Taula Ibisco\"}]},{\"@type\":\"WebSite\",\"@id\":\"https:\\\/\\\/www.navarroaubanell.com\\\/ca\\\/#website\",\"url\":\"https:\\\/\\\/www.navarroaubanell.com\\\/ca\\\/\",\"name\":\"Navarro Aubanell\",\"description\":\"Mobiliario para hoteler\u00eda, colectividades y oficinas\",\"publisher\":{\"@id\":\"https:\\\/\\\/www.navarroaubanell.com\\\/ca\\\/#organization\"},\"potentialAction\":[{\"@type\":\"SearchAction\",\"target\":{\"@type\":\"EntryPoint\",\"urlTemplate\":\"https:\\\/\\\/www.navarroaubanell.com\\\/ca\\\/?s={search_term_string}\"},\"query-input\":{\"@type\":\"PropertyValueSpecification\",\"valueRequired\":true,\"valueName\":\"search_term_string\"}}],\"inLanguage\":\"ca\"},{\"@type\":\"Organization\",\"@id\":\"https:\\\/\\\/www.navarroaubanell.com\\\/ca\\\/#organization\",\"name\":\"COMERCIAL NAVARRO AUBANELL, S.A\",\"url\":\"https:\\\/\\\/www.navarroaubanell.com\\\/ca\\\/\",\"logo\":{\"@type\":\"ImageObject\",\"inLanguage\":\"ca\",\"@id\":\"https:\\\/\\\/www.navarroaubanell.com\\\/ca\\\/#\\\/schema\\\/logo\\\/image\\\/\",\"url\":\"https:\\\/\\\/www.navarroaubanell.com\\\/wp-content\\\/uploads\\\/2017\\\/07\\\/logo-navarro-aubuanell.png\",\"contentUrl\":\"https:\\\/\\\/www.navarroaubanell.com\\\/wp-content\\\/uploads\\\/2017\\\/07\\\/logo-navarro-aubuanell.png\",\"width\":6304,\"height\":1154,\"caption\":\"COMERCIAL NAVARRO AUBANELL, S.A\"},\"image\":{\"@id\":\"https:\\\/\\\/www.navarroaubanell.com\\\/ca\\\/#\\\/schema\\\/logo\\\/image\\\/\"}}]}<\/script>\n<!-- \/ Yoast SEO plugin. -->","yoast_head_json":{"title":"Taula Ibisco, Nardi- Navarro Aubanell","description":"Taula Ibisco: base moderna y vers\u00e1til de aluminio, apilable y ajustable, ideal para cualquier espacio decorativo y sostenible.","robots":{"index":"index","follow":"follow","max-snippet":"max-snippet:-1","max-image-preview":"max-image-preview:large","max-video-preview":"max-video-preview:-1"},"canonical":"https:\/\/www.navarroaubanell.com\/ca\/producte\/la-taula-ibisco-nardi-navarroaubanell\/","og_locale":"ca_ES","og_type":"article","og_title":"Taula Ibisco, Nardi- Navarro Aubanell","og_description":"Taula Ibisco: base moderna y vers\u00e1til de aluminio, apilable y ajustable, ideal para cualquier espacio decorativo y sostenible.","og_url":"https:\/\/www.navarroaubanell.com\/ca\/producte\/la-taula-ibisco-nardi-navarroaubanell\/","og_site_name":"Navarro Aubanell","article_modified_time":"2024-11-25T09:28:07+00:00","og_image":[{"width":800,"height":650,"url":"https:\/\/www.navarroaubanell.com\/wp-content\/uploads\/2024\/10\/Nardi_tables_baseIBISCO_argento_pianoLaminatoGrigio_still-life_LR.jpg","type":"image\/jpeg"}],"twitter_misc":{"Est. reading time":"2 minutes"},"schema":{"@context":"https:\/\/schema.org","@graph":[{"@type":"WebPage","@id":"https:\/\/www.navarroaubanell.com\/ca\/producte\/la-taula-ibisco-nardi-navarroaubanell\/","url":"https:\/\/www.navarroaubanell.com\/ca\/producte\/la-taula-ibisco-nardi-navarroaubanell\/","name":"Taula Ibisco, Nardi- Navarro Aubanell","isPartOf":{"@id":"https:\/\/www.navarroaubanell.com\/ca\/#website"},"primaryImageOfPage":{"@id":"https:\/\/www.navarroaubanell.com\/ca\/producte\/la-taula-ibisco-nardi-navarroaubanell\/#primaryimage"},"image":{"@id":"https:\/\/www.navarroaubanell.com\/ca\/producte\/la-taula-ibisco-nardi-navarroaubanell\/#primaryimage"},"thumbnailUrl":"https:\/\/www.navarroaubanell.com\/wp-content\/uploads\/2024\/10\/Nardi_tables_baseIBISCO_argento_pianoLaminatoGrigio_still-life_LR.jpg","datePublished":"2024-10-29T08:24:27+00:00","dateModified":"2024-11-25T09:28:07+00:00","description":"Taula Ibisco: base moderna y vers\u00e1til de aluminio, apilable y ajustable, ideal para cualquier espacio decorativo y sostenible.","breadcrumb":{"@id":"https:\/\/www.navarroaubanell.com\/ca\/producte\/la-taula-ibisco-nardi-navarroaubanell\/#breadcrumb"},"inLanguage":"ca","potentialAction":[{"@type":"ReadAction","target":["https:\/\/www.navarroaubanell.com\/ca\/producte\/la-taula-ibisco-nardi-navarroaubanell\/"]}]},{"@type":"ImageObject","inLanguage":"ca","@id":"https:\/\/www.navarroaubanell.com\/ca\/producte\/la-taula-ibisco-nardi-navarroaubanell\/#primaryimage","url":"https:\/\/www.navarroaubanell.com\/wp-content\/uploads\/2024\/10\/Nardi_tables_baseIBISCO_argento_pianoLaminatoGrigio_still-life_LR.jpg","contentUrl":"https:\/\/www.navarroaubanell.com\/wp-content\/uploads\/2024\/10\/Nardi_tables_baseIBISCO_argento_pianoLaminatoGrigio_still-life_LR.jpg","width":800,"height":650,"caption":"Base Ibisco"},{"@type":"BreadcrumbList","@id":"https:\/\/www.navarroaubanell.com\/ca\/producte\/la-taula-ibisco-nardi-navarroaubanell\/#breadcrumb","itemListElement":[{"@type":"ListItem","position":1,"name":"Portada","item":"https:\/\/www.navarroaubanell.com\/ca\/"},{"@type":"ListItem","position":2,"name":"Productes","item":"https:\/\/www.navarroaubanell.com\/productos\/"},{"@type":"ListItem","position":3,"name":"Taula Ibisco"}]},{"@type":"WebSite","@id":"https:\/\/www.navarroaubanell.com\/ca\/#website","url":"https:\/\/www.navarroaubanell.com\/ca\/","name":"Navarro Aubanell","description":"Mobiliario para hoteler\u00eda, colectividades y oficinas","publisher":{"@id":"https:\/\/www.navarroaubanell.com\/ca\/#organization"},"potentialAction":[{"@type":"SearchAction","target":{"@type":"EntryPoint","urlTemplate":"https:\/\/www.navarroaubanell.com\/ca\/?s={search_term_string}"},"query-input":{"@type":"PropertyValueSpecification","valueRequired":true,"valueName":"search_term_string"}}],"inLanguage":"ca"},{"@type":"Organization","@id":"https:\/\/www.navarroaubanell.com\/ca\/#organization","name":"COMERCIAL NAVARRO AUBANELL, S.A","url":"https:\/\/www.navarroaubanell.com\/ca\/","logo":{"@type":"ImageObject","inLanguage":"ca","@id":"https:\/\/www.navarroaubanell.com\/ca\/#\/schema\/logo\/image\/","url":"https:\/\/www.navarroaubanell.com\/wp-content\/uploads\/2017\/07\/logo-navarro-aubuanell.png","contentUrl":"https:\/\/www.navarroaubanell.com\/wp-content\/uploads\/2017\/07\/logo-navarro-aubuanell.png","width":6304,"height":1154,"caption":"COMERCIAL NAVARRO AUBANELL, S.A"},"image":{"@id":"https:\/\/www.navarroaubanell.com\/ca\/#\/schema\/logo\/image\/"}}]}},"_links":{"self":[{"href":"https:\/\/www.navarroaubanell.com\/ca\/wp-json\/wp\/v2\/product\/41185","targetHints":{"allow":["GET"]}}],"collection":[{"href":"https:\/\/www.navarroaubanell.com\/ca\/wp-json\/wp\/v2\/product"}],"about":[{"href":"https:\/\/www.navarroaubanell.com\/ca\/wp-json\/wp\/v2\/types\/product"}],"wp:featuredmedia":[{"embeddable":true,"href":"https:\/\/www.navarroaubanell.com\/ca\/wp-json\/wp\/v2\/media\/42316"}],"wp:attachment":[{"href":"https:\/\/www.navarroaubanell.com\/ca\/wp-json\/wp\/v2\/media?parent=41185"}],"wp:term":[{"taxonomy":"product_brand","embeddable":true,"href":"https:\/\/www.navarroaubanell.com\/ca\/wp-json\/wp\/v2\/product_brand?post=41185"},{"taxonomy":"product_cat","embeddable":true,"href":"https:\/\/www.navarroaubanell.com\/ca\/wp-json\/wp\/v2\/product_cat?post=41185"},{"taxonomy":"product_tag","embeddable":true,"href":"https:\/\/www.navarroaubanell.com\/ca\/wp-json\/wp\/v2\/product_tag?post=41185"}],"curies":[{"name":"wp","href":"https:\/\/api.w.org\/{rel}","templated":true}]}}