{"id":41053,"date":"2024-10-28T11:56:54","date_gmt":"2024-10-28T10:56:54","guid":{"rendered":"https:\/\/www.navarroaubanell.com\/producto\/base-fiore-nardi-navarroaubanell\/"},"modified":"2024-11-25T11:46:52","modified_gmt":"2024-11-25T10:46:52","slug":"taula-fiore-nardi-navarroaubanell","status":"publish","type":"product","link":"https:\/\/www.navarroaubanell.com\/ca\/producte\/taula-fiore-nardi-navarroaubanell\/","title":{"rendered":"Taula Fiore"},"content":{"rendered":"<h5>Taula Fiore: Modernitat i Funcionalitat<\/h5>\n<div class=\"traductor-textarea form-group\">\n<div class=\"textarea-desti col-xs-12 col-sm-6\">\n<div class=\"form-control second-textarea\">La taula Fiore destaca pel seu disseny de l\u00ednies definides que aporten un toc modern a qualsevol ambient. El pal central, amb una marcada forma quadrangular, \u00e9s l&#8217;eix principal d&#8217;aquesta pe\u00e7a, mentre que les quatre potes s&#8217;insereixen de manera sim\u00e8trica a la taula. L&#8217;interessant d&#8217;aquestes potes \u00e9s la fusi\u00f3 de formes quadrades i arrodonides, aconseguint un disseny \u00fanic.<\/div>\n<\/div>\n<\/div>\n<h6>Materials Sostenibles i Duradors<\/h6>\n<div class=\"traductor-textarea form-group\">\n<div class=\"textarea-desti col-xs-12 col-sm-6\">\n<div class=\"form-control second-textarea\">L&#8217;estructura de la taula Fiore est\u00e0 fabricada en alumini pintat en cinc colors diferents. L&#8217;alumini no sols \u00e9s lleuger i resistent, sin\u00f3 tamb\u00e9 un material 100% reciclable, la qual cosa converteix a Fiore en una opci\u00f3 eco-friendly.<\/div>\n<\/div>\n<\/div>\n<h6>Estabilitat i Adaptabilitat al Espai<\/h6>\n<div class=\"traductor-textarea form-group\">\n<div class=\"textarea-desti col-xs-12 col-sm-6\">\n<div class=\"form-control second-textarea\">La taula est\u00e0 disponible en dues versions: la versi\u00f3 est\u00e0ndard i la versi\u00f3 alta, per a ajustar-se a les diferents necessitats d&#8217;espai i decoraci\u00f3. A m\u00e9s, ve amb tacs regulables que permeten un ajust perfecte en superf\u00edcies irregulars.<\/div>\n<\/div>\n<\/div>\n<h6>Versatilitat en Dimensions<\/h6>\n<div class=\"traductor-textarea form-group\">\n<div class=\"textarea-desti col-xs-12 col-sm-6\">\n<div class=\"form-control second-textarea\">La taula Fiore inclou una creueta fixa que suporta sobres de diferents formes i grand\u00e0ries, la qual cosa la converteix en una opci\u00f3 vers\u00e0til per a restaurants, cafeteries i altres espais comercials. S&#8217;adapta a sobres rodons de \u00d860, \u00d870 i \u00d880, aix\u00ed com a sobres quadrats de 60&#215;60, 70&#215;70 i 80&#215;80.<\/div>\n<\/div>\n<\/div>\n","protected":false},"excerpt":{"rendered":"<p>Taula Fiore: Modernitat i Funcionalitat La taula Fiore destaca pel seu disseny de l\u00ednies definides que aporten un toc modern a qualsevol ambient. El pal central, amb una marcada forma quadrangular, \u00e9s l&#8217;eix principal d&#8217;aquesta pe\u00e7a, mentre que les quatre potes s&#8217;insereixen de manera sim\u00e8trica a la taula. L&#8217;interessant d&#8217;aquestes potes \u00e9s la fusi\u00f3 de&hellip;<\/p>\n","protected":false},"featured_media":44371,"template":"","meta":{"_acf_changed":false},"product_brand":[],"product_cat":[563,525,529,567],"product_tag":[992,1537,640,1542,664,1516,1180,695],"class_list":{"0":"post-41053","1":"product","2":"type-product","3":"status-publish","4":"has-post-thumbnail","6":"product_cat-exterior-ca","7":"product_cat-interior","8":"product_cat-taules","9":"product_cat-taules-exterior","10":"product_tag-aluminio-ca","11":"product_tag-base-ca","12":"product_tag-exterior-ca","13":"product_tag-fiore-ca","14":"product_tag-interior-ca","15":"product_tag-reciclable","16":"product_tag-sostenible","17":"product_tag-taula","18":"description-off","20":"first","21":"instock","22":"shipping-taxable","23":"product-type-simple"},"acf":[],"yoast_head":"<!-- This site is optimized with the Yoast SEO plugin v27.0 - https:\/\/yoast.com\/product\/yoast-seo-wordpress\/ -->\n<title>Taula Fiore, Nardi- Navarro Aubanell<\/title>\n<meta name=\"description\" content=\"Taula Fiore: fusi\u00f3 de formes quadrades i arrodonides. Alumini 100% reciclable, tacs regulables i suporta sobres de diferents grand\u00e0ries i formes\" \/>\n<meta name=\"robots\" content=\"index, follow, max-snippet:-1, max-image-preview:large, max-video-preview:-1\" \/>\n<link rel=\"canonical\" href=\"https:\/\/www.navarroaubanell.com\/ca\/producte\/taula-fiore-nardi-navarroaubanell\/\" \/>\n<meta property=\"og:locale\" content=\"ca_ES\" \/>\n<meta property=\"og:type\" content=\"article\" \/>\n<meta property=\"og:title\" content=\"Taula Fiore, Nardi- Navarro Aubanell\" \/>\n<meta property=\"og:description\" content=\"Taula Fiore: fusi\u00f3 de formes quadrades i arrodonides. Alumini 100% reciclable, tacs regulables i suporta sobres de diferents grand\u00e0ries i formes\" \/>\n<meta property=\"og:url\" content=\"https:\/\/www.navarroaubanell.com\/ca\/producte\/taula-fiore-nardi-navarroaubanell\/\" \/>\n<meta property=\"og:site_name\" content=\"Navarro Aubanell\" \/>\n<meta property=\"article:modified_time\" content=\"2024-11-25T10:46:52+00:00\" \/>\n<meta property=\"og:image\" content=\"https:\/\/www.navarroaubanell.com\/wp-content\/uploads\/2024\/10\/Sin-nombre-Photoroom.png\" \/>\n\t<meta property=\"og:image:width\" content=\"800\" \/>\n\t<meta property=\"og:image:height\" content=\"650\" \/>\n\t<meta property=\"og:image:type\" content=\"image\/png\" \/>\n<meta name=\"twitter:label1\" content=\"Est. reading time\" \/>\n\t<meta name=\"twitter:data1\" content=\"2 minutes\" \/>\n<script type=\"application\/ld+json\" class=\"yoast-schema-graph\">{\"@context\":\"https:\/\/schema.org\",\"@graph\":[{\"@type\":\"WebPage\",\"@id\":\"https:\/\/www.navarroaubanell.com\/ca\/producte\/taula-fiore-nardi-navarroaubanell\/\",\"url\":\"https:\/\/www.navarroaubanell.com\/ca\/producte\/taula-fiore-nardi-navarroaubanell\/\",\"name\":\"Taula Fiore, Nardi- Navarro Aubanell\",\"isPartOf\":{\"@id\":\"https:\/\/www.navarroaubanell.com\/ca\/#website\"},\"primaryImageOfPage\":{\"@id\":\"https:\/\/www.navarroaubanell.com\/ca\/producte\/taula-fiore-nardi-navarroaubanell\/#primaryimage\"},\"image\":{\"@id\":\"https:\/\/www.navarroaubanell.com\/ca\/producte\/taula-fiore-nardi-navarroaubanell\/#primaryimage\"},\"thumbnailUrl\":\"https:\/\/www.navarroaubanell.com\/wp-content\/uploads\/2024\/10\/Sin-nombre-Photoroom.png\",\"datePublished\":\"2024-10-28T10:56:54+00:00\",\"dateModified\":\"2024-11-25T10:46:52+00:00\",\"description\":\"Taula Fiore: fusi\u00f3 de formes quadrades i arrodonides. Alumini 100% reciclable, tacs regulables i suporta sobres de diferents grand\u00e0ries i formes\",\"breadcrumb\":{\"@id\":\"https:\/\/www.navarroaubanell.com\/ca\/producte\/taula-fiore-nardi-navarroaubanell\/#breadcrumb\"},\"inLanguage\":\"ca\",\"potentialAction\":[{\"@type\":\"ReadAction\",\"target\":[\"https:\/\/www.navarroaubanell.com\/ca\/producte\/taula-fiore-nardi-navarroaubanell\/\"]}]},{\"@type\":\"ImageObject\",\"inLanguage\":\"ca\",\"@id\":\"https:\/\/www.navarroaubanell.com\/ca\/producte\/taula-fiore-nardi-navarroaubanell\/#primaryimage\",\"url\":\"https:\/\/www.navarroaubanell.com\/wp-content\/uploads\/2024\/10\/Sin-nombre-Photoroom.png\",\"contentUrl\":\"https:\/\/www.navarroaubanell.com\/wp-content\/uploads\/2024\/10\/Sin-nombre-Photoroom.png\",\"width\":800,\"height\":650,\"caption\":\"Mesa Fiore\"},{\"@type\":\"BreadcrumbList\",\"@id\":\"https:\/\/www.navarroaubanell.com\/ca\/producte\/taula-fiore-nardi-navarroaubanell\/#breadcrumb\",\"itemListElement\":[{\"@type\":\"ListItem\",\"position\":1,\"name\":\"Portada\",\"item\":\"https:\/\/www.navarroaubanell.com\/ca\/\"},{\"@type\":\"ListItem\",\"position\":2,\"name\":\"Productes\",\"item\":\"https:\/\/www.navarroaubanell.com\/productos\/\"},{\"@type\":\"ListItem\",\"position\":3,\"name\":\"Taula Fiore\"}]},{\"@type\":\"WebSite\",\"@id\":\"https:\/\/www.navarroaubanell.com\/ca\/#website\",\"url\":\"https:\/\/www.navarroaubanell.com\/ca\/\",\"name\":\"Navarro Aubanell\",\"description\":\"Mobiliario para hoteler\u00eda, colectividades y oficinas\",\"publisher\":{\"@id\":\"https:\/\/www.navarroaubanell.com\/ca\/#organization\"},\"potentialAction\":[{\"@type\":\"SearchAction\",\"target\":{\"@type\":\"EntryPoint\",\"urlTemplate\":\"https:\/\/www.navarroaubanell.com\/ca\/?s={search_term_string}\"},\"query-input\":{\"@type\":\"PropertyValueSpecification\",\"valueRequired\":true,\"valueName\":\"search_term_string\"}}],\"inLanguage\":\"ca\"},{\"@type\":\"Organization\",\"@id\":\"https:\/\/www.navarroaubanell.com\/ca\/#organization\",\"name\":\"COMERCIAL NAVARRO AUBANELL, S.A\",\"url\":\"https:\/\/www.navarroaubanell.com\/ca\/\",\"logo\":{\"@type\":\"ImageObject\",\"inLanguage\":\"ca\",\"@id\":\"https:\/\/www.navarroaubanell.com\/ca\/#\/schema\/logo\/image\/\",\"url\":\"https:\/\/www.navarroaubanell.com\/wp-content\/uploads\/2017\/07\/logo-navarro-aubuanell.png\",\"contentUrl\":\"https:\/\/www.navarroaubanell.com\/wp-content\/uploads\/2017\/07\/logo-navarro-aubuanell.png\",\"width\":6304,\"height\":1154,\"caption\":\"COMERCIAL NAVARRO AUBANELL, S.A\"},\"image\":{\"@id\":\"https:\/\/www.navarroaubanell.com\/ca\/#\/schema\/logo\/image\/\"}}]}<\/script>\n<!-- \/ Yoast SEO plugin. -->","yoast_head_json":{"title":"Taula Fiore, Nardi- Navarro Aubanell","description":"Taula Fiore: fusi\u00f3 de formes quadrades i arrodonides. Alumini 100% reciclable, tacs regulables i suporta sobres de diferents grand\u00e0ries i formes","robots":{"index":"index","follow":"follow","max-snippet":"max-snippet:-1","max-image-preview":"max-image-preview:large","max-video-preview":"max-video-preview:-1"},"canonical":"https:\/\/www.navarroaubanell.com\/ca\/producte\/taula-fiore-nardi-navarroaubanell\/","og_locale":"ca_ES","og_type":"article","og_title":"Taula Fiore, Nardi- Navarro Aubanell","og_description":"Taula Fiore: fusi\u00f3 de formes quadrades i arrodonides. Alumini 100% reciclable, tacs regulables i suporta sobres de diferents grand\u00e0ries i formes","og_url":"https:\/\/www.navarroaubanell.com\/ca\/producte\/taula-fiore-nardi-navarroaubanell\/","og_site_name":"Navarro Aubanell","article_modified_time":"2024-11-25T10:46:52+00:00","og_image":[{"width":800,"height":650,"url":"https:\/\/www.navarroaubanell.com\/wp-content\/uploads\/2024\/10\/Sin-nombre-Photoroom.png","type":"image\/png"}],"twitter_misc":{"Est. reading time":"2 minutes"},"schema":{"@context":"https:\/\/schema.org","@graph":[{"@type":"WebPage","@id":"https:\/\/www.navarroaubanell.com\/ca\/producte\/taula-fiore-nardi-navarroaubanell\/","url":"https:\/\/www.navarroaubanell.com\/ca\/producte\/taula-fiore-nardi-navarroaubanell\/","name":"Taula Fiore, Nardi- Navarro Aubanell","isPartOf":{"@id":"https:\/\/www.navarroaubanell.com\/ca\/#website"},"primaryImageOfPage":{"@id":"https:\/\/www.navarroaubanell.com\/ca\/producte\/taula-fiore-nardi-navarroaubanell\/#primaryimage"},"image":{"@id":"https:\/\/www.navarroaubanell.com\/ca\/producte\/taula-fiore-nardi-navarroaubanell\/#primaryimage"},"thumbnailUrl":"https:\/\/www.navarroaubanell.com\/wp-content\/uploads\/2024\/10\/Sin-nombre-Photoroom.png","datePublished":"2024-10-28T10:56:54+00:00","dateModified":"2024-11-25T10:46:52+00:00","description":"Taula Fiore: fusi\u00f3 de formes quadrades i arrodonides. Alumini 100% reciclable, tacs regulables i suporta sobres de diferents grand\u00e0ries i formes","breadcrumb":{"@id":"https:\/\/www.navarroaubanell.com\/ca\/producte\/taula-fiore-nardi-navarroaubanell\/#breadcrumb"},"inLanguage":"ca","potentialAction":[{"@type":"ReadAction","target":["https:\/\/www.navarroaubanell.com\/ca\/producte\/taula-fiore-nardi-navarroaubanell\/"]}]},{"@type":"ImageObject","inLanguage":"ca","@id":"https:\/\/www.navarroaubanell.com\/ca\/producte\/taula-fiore-nardi-navarroaubanell\/#primaryimage","url":"https:\/\/www.navarroaubanell.com\/wp-content\/uploads\/2024\/10\/Sin-nombre-Photoroom.png","contentUrl":"https:\/\/www.navarroaubanell.com\/wp-content\/uploads\/2024\/10\/Sin-nombre-Photoroom.png","width":800,"height":650,"caption":"Mesa Fiore"},{"@type":"BreadcrumbList","@id":"https:\/\/www.navarroaubanell.com\/ca\/producte\/taula-fiore-nardi-navarroaubanell\/#breadcrumb","itemListElement":[{"@type":"ListItem","position":1,"name":"Portada","item":"https:\/\/www.navarroaubanell.com\/ca\/"},{"@type":"ListItem","position":2,"name":"Productes","item":"https:\/\/www.navarroaubanell.com\/productos\/"},{"@type":"ListItem","position":3,"name":"Taula Fiore"}]},{"@type":"WebSite","@id":"https:\/\/www.navarroaubanell.com\/ca\/#website","url":"https:\/\/www.navarroaubanell.com\/ca\/","name":"Navarro Aubanell","description":"Mobiliario para hoteler\u00eda, colectividades y oficinas","publisher":{"@id":"https:\/\/www.navarroaubanell.com\/ca\/#organization"},"potentialAction":[{"@type":"SearchAction","target":{"@type":"EntryPoint","urlTemplate":"https:\/\/www.navarroaubanell.com\/ca\/?s={search_term_string}"},"query-input":{"@type":"PropertyValueSpecification","valueRequired":true,"valueName":"search_term_string"}}],"inLanguage":"ca"},{"@type":"Organization","@id":"https:\/\/www.navarroaubanell.com\/ca\/#organization","name":"COMERCIAL NAVARRO AUBANELL, S.A","url":"https:\/\/www.navarroaubanell.com\/ca\/","logo":{"@type":"ImageObject","inLanguage":"ca","@id":"https:\/\/www.navarroaubanell.com\/ca\/#\/schema\/logo\/image\/","url":"https:\/\/www.navarroaubanell.com\/wp-content\/uploads\/2017\/07\/logo-navarro-aubuanell.png","contentUrl":"https:\/\/www.navarroaubanell.com\/wp-content\/uploads\/2017\/07\/logo-navarro-aubuanell.png","width":6304,"height":1154,"caption":"COMERCIAL NAVARRO AUBANELL, S.A"},"image":{"@id":"https:\/\/www.navarroaubanell.com\/ca\/#\/schema\/logo\/image\/"}}]}},"_links":{"self":[{"href":"https:\/\/www.navarroaubanell.com\/ca\/wp-json\/wp\/v2\/product\/41053","targetHints":{"allow":["GET"]}}],"collection":[{"href":"https:\/\/www.navarroaubanell.com\/ca\/wp-json\/wp\/v2\/product"}],"about":[{"href":"https:\/\/www.navarroaubanell.com\/ca\/wp-json\/wp\/v2\/types\/product"}],"wp:featuredmedia":[{"embeddable":true,"href":"https:\/\/www.navarroaubanell.com\/ca\/wp-json\/wp\/v2\/media\/44371"}],"wp:attachment":[{"href":"https:\/\/www.navarroaubanell.com\/ca\/wp-json\/wp\/v2\/media?parent=41053"}],"wp:term":[{"taxonomy":"product_brand","embeddable":true,"href":"https:\/\/www.navarroaubanell.com\/ca\/wp-json\/wp\/v2\/product_brand?post=41053"},{"taxonomy":"product_cat","embeddable":true,"href":"https:\/\/www.navarroaubanell.com\/ca\/wp-json\/wp\/v2\/product_cat?post=41053"},{"taxonomy":"product_tag","embeddable":true,"href":"https:\/\/www.navarroaubanell.com\/ca\/wp-json\/wp\/v2\/product_tag?post=41053"}],"curies":[{"name":"wp","href":"https:\/\/api.w.org\/{rel}","templated":true}]}}