{"id":40679,"date":"2024-10-22T16:30:27","date_gmt":"2024-10-22T14:30:27","guid":{"rendered":"https:\/\/www.navarroaubanell.com\/producto\/sillon-darsena-nardi-navarroaubanell\/"},"modified":"2024-10-22T16:38:56","modified_gmt":"2024-10-22T14:38:56","slug":"butaca-darsena-nardi-navarroaubanell","status":"publish","type":"product","link":"https:\/\/www.navarroaubanell.com\/ca\/producte\/butaca-darsena-nardi-navarroaubanell\/","title":{"rendered":"Butaca Darsena"},"content":{"rendered":"<h5><strong>Butaca Darsena: Relaxaci\u00f3 i Funcionalitat en un Disseny \u00danic<\/strong><\/h5>\n<div class=\"traductor-textarea form-group\">\n<div class=\"textarea-desti col-xs-12 col-sm-6\">\n<div class=\"form-control second-textarea\">La butaca Darsena \u00e9s la combinaci\u00f3 perfecta de confort, estil i practicitat. Es caracteritza pel seu motiu de punts perforats, fent-la f\u00e0cil de distingir. Aix\u00f2 no sols li aporta una est\u00e8tica captivadora, sin\u00f3 que tamb\u00e9 millora la seva funcionalitat, permetent que l&#8217;aigua dreni f\u00e0cilment.<\/div>\n<\/div>\n<\/div>\n<h6><strong>Materials Resistents i Sostenibles<\/strong><\/h6>\n<p>L&#8217;estructura de Darsena est\u00e0 fabricada en polipropil\u00e8 refor\u00e7at amb fibra de vidre i resina reciclable, convertint-lo en una opci\u00f3 duradora i sostenible. La butaca tamb\u00e9 compta amb un tractament anti-UV que el fa ideal per al seu \u00fas en exteriors.<\/p>\n<p>Els tres colors mat disponibles s&#8217;aconsegueixen mitjan\u00e7ant el tenyit en massa, la qual cosa assegura uns tons ferms i uniformes.<\/p>\n<h6><strong>Comoditat Personalitzable<\/strong><\/h6>\n<div class=\"traductor-textarea form-group\">\n<div class=\"textarea-desti col-xs-12 col-sm-6\">\n<div class=\"form-control second-textarea\">Una de les caracter\u00edstiques m\u00e9s destacades de la butaca Darsena \u00e9s el seu respatller reclinable en quatre posicions diferents, la qual cosa permet adaptar-se a les prefer\u00e8ncies de cada persona, proporcionant una experi\u00e8ncia de relaxaci\u00f3 personalitzada i \u00fanica.<\/div>\n<\/div>\n<\/div>\n<h6><strong>Funcionalitat i Practicitat<\/strong><\/h6>\n<div class=\"traductor-textarea form-group\">\n<div class=\"textarea-desti col-xs-12 col-sm-6\">\n<div class=\"form-control second-textarea\">La butaca Darsena permet plegar-se de manera que poden ser apilades horitzontalment. Tamb\u00e9 est\u00e0 equipada amb tacs antilliscants per a aportar una major estabilitat i fixaci\u00f3 al s\u00f2l. A m\u00e9s, per a maximitzar la comoditat, es pot complementar amb un coix\u00ed disponible sota comanda, ideal per a crear l&#8217;ambient perfecte de descans.<\/div>\n<\/div>\n<\/div>\n","protected":false},"excerpt":{"rendered":"<p>Butaca Darsena: Relaxaci\u00f3 i Funcionalitat en un Disseny \u00danic La butaca Darsena \u00e9s la combinaci\u00f3 perfecta de confort, estil i practicitat. Es caracteritza pel seu motiu de punts perforats, fent-la f\u00e0cil de distingir. Aix\u00f2 no sols li aporta una est\u00e8tica captivadora, sin\u00f3 que tamb\u00e9 millora la seva funcionalitat, permetent que l&#8217;aigua dreni f\u00e0cilment. Materials Resistents&hellip;<\/p>\n","protected":false},"featured_media":44409,"template":"","meta":{"_acf_changed":false},"product_brand":[],"product_cat":[937,563,568],"product_tag":[1263,605,1502,640,846,951],"class_list":{"0":"post-40679","1":"product","2":"type-product","3":"status-publish","4":"has-post-thumbnail","6":"product_cat-butaques-ca-2","7":"product_cat-exterior-ca","8":"product_cat-mini-tumbones-exterior","9":"product_tag-anti-rayos-uv-ca","10":"product_tag-butaca-ca","11":"product_tag-darsena-ca","12":"product_tag-exterior-ca","13":"product_tag-mini-tumbona-ca","14":"product_tag-nardi-ca","15":"description-off","17":"first","18":"instock","19":"shipping-taxable","20":"product-type-simple"},"acf":[],"yoast_head":"<!-- This site is optimized with the Yoast SEO plugin v27.6 - https:\/\/yoast.com\/product\/yoast-seo-wordpress\/ -->\n<title>Butaca Darsena, Nardi- Navarro Aubanell<\/title>\n<meta name=\"description\" content=\"Butaca Darsena: respatller inclinable, resistent i sostenible, ideal per a exteriors. Disponible en colors mat, amb opci\u00f3 de coix\u00ed sota comanda.\" \/>\n<meta name=\"robots\" content=\"index, follow, max-snippet:-1, max-image-preview:large, max-video-preview:-1\" \/>\n<link rel=\"canonical\" href=\"https:\/\/www.navarroaubanell.com\/ca\/producte\/butaca-darsena-nardi-navarroaubanell\/\" \/>\n<meta property=\"og:locale\" content=\"ca_ES\" \/>\n<meta property=\"og:type\" content=\"article\" \/>\n<meta property=\"og:title\" content=\"Butaca Darsena, Nardi- Navarro Aubanell\" \/>\n<meta property=\"og:description\" content=\"Butaca Darsena: respatller inclinable, resistent i sostenible, ideal per a exteriors. Disponible en colors mat, amb opci\u00f3 de coix\u00ed sota comanda.\" \/>\n<meta property=\"og:url\" content=\"https:\/\/www.navarroaubanell.com\/ca\/producte\/butaca-darsena-nardi-navarroaubanell\/\" \/>\n<meta property=\"og:site_name\" content=\"Navarro Aubanell\" \/>\n<meta property=\"article:modified_time\" content=\"2024-10-22T14:38:56+00:00\" \/>\n<meta property=\"og:image\" content=\"https:\/\/www.navarroaubanell.com\/wp-content\/uploads\/2024\/10\/img_899-Photoroom.png\" \/>\n\t<meta property=\"og:image:width\" content=\"800\" \/>\n\t<meta property=\"og:image:height\" content=\"650\" \/>\n\t<meta property=\"og:image:type\" content=\"image\/png\" \/>\n<meta name=\"twitter:label1\" content=\"Est. reading time\" \/>\n\t<meta name=\"twitter:data1\" content=\"2 minutes\" \/>\n<script type=\"application\/ld+json\" class=\"yoast-schema-graph\">{\"@context\":\"https:\\\/\\\/schema.org\",\"@graph\":[{\"@type\":\"WebPage\",\"@id\":\"https:\\\/\\\/www.navarroaubanell.com\\\/ca\\\/producte\\\/butaca-darsena-nardi-navarroaubanell\\\/\",\"url\":\"https:\\\/\\\/www.navarroaubanell.com\\\/ca\\\/producte\\\/butaca-darsena-nardi-navarroaubanell\\\/\",\"name\":\"Butaca Darsena, Nardi- Navarro Aubanell\",\"isPartOf\":{\"@id\":\"https:\\\/\\\/www.navarroaubanell.com\\\/ca\\\/#website\"},\"primaryImageOfPage\":{\"@id\":\"https:\\\/\\\/www.navarroaubanell.com\\\/ca\\\/producte\\\/butaca-darsena-nardi-navarroaubanell\\\/#primaryimage\"},\"image\":{\"@id\":\"https:\\\/\\\/www.navarroaubanell.com\\\/ca\\\/producte\\\/butaca-darsena-nardi-navarroaubanell\\\/#primaryimage\"},\"thumbnailUrl\":\"https:\\\/\\\/www.navarroaubanell.com\\\/wp-content\\\/uploads\\\/2024\\\/10\\\/img_899-Photoroom.png\",\"datePublished\":\"2024-10-22T14:30:27+00:00\",\"dateModified\":\"2024-10-22T14:38:56+00:00\",\"description\":\"Butaca Darsena: respatller inclinable, resistent i sostenible, ideal per a exteriors. Disponible en colors mat, amb opci\u00f3 de coix\u00ed sota comanda.\",\"breadcrumb\":{\"@id\":\"https:\\\/\\\/www.navarroaubanell.com\\\/ca\\\/producte\\\/butaca-darsena-nardi-navarroaubanell\\\/#breadcrumb\"},\"inLanguage\":\"ca\",\"potentialAction\":[{\"@type\":\"ReadAction\",\"target\":[\"https:\\\/\\\/www.navarroaubanell.com\\\/ca\\\/producte\\\/butaca-darsena-nardi-navarroaubanell\\\/\"]}]},{\"@type\":\"ImageObject\",\"inLanguage\":\"ca\",\"@id\":\"https:\\\/\\\/www.navarroaubanell.com\\\/ca\\\/producte\\\/butaca-darsena-nardi-navarroaubanell\\\/#primaryimage\",\"url\":\"https:\\\/\\\/www.navarroaubanell.com\\\/wp-content\\\/uploads\\\/2024\\\/10\\\/img_899-Photoroom.png\",\"contentUrl\":\"https:\\\/\\\/www.navarroaubanell.com\\\/wp-content\\\/uploads\\\/2024\\\/10\\\/img_899-Photoroom.png\",\"width\":800,\"height\":650,\"caption\":\"Butaca Darsena\"},{\"@type\":\"BreadcrumbList\",\"@id\":\"https:\\\/\\\/www.navarroaubanell.com\\\/ca\\\/producte\\\/butaca-darsena-nardi-navarroaubanell\\\/#breadcrumb\",\"itemListElement\":[{\"@type\":\"ListItem\",\"position\":1,\"name\":\"Portada\",\"item\":\"https:\\\/\\\/www.navarroaubanell.com\\\/ca\\\/\"},{\"@type\":\"ListItem\",\"position\":2,\"name\":\"Productes\",\"item\":\"https:\\\/\\\/www.navarroaubanell.com\\\/productos\\\/\"},{\"@type\":\"ListItem\",\"position\":3,\"name\":\"Butaca Darsena\"}]},{\"@type\":\"WebSite\",\"@id\":\"https:\\\/\\\/www.navarroaubanell.com\\\/ca\\\/#website\",\"url\":\"https:\\\/\\\/www.navarroaubanell.com\\\/ca\\\/\",\"name\":\"Navarro Aubanell\",\"description\":\"Mobiliario para hoteler\u00eda, colectividades y oficinas\",\"publisher\":{\"@id\":\"https:\\\/\\\/www.navarroaubanell.com\\\/ca\\\/#organization\"},\"potentialAction\":[{\"@type\":\"SearchAction\",\"target\":{\"@type\":\"EntryPoint\",\"urlTemplate\":\"https:\\\/\\\/www.navarroaubanell.com\\\/ca\\\/?s={search_term_string}\"},\"query-input\":{\"@type\":\"PropertyValueSpecification\",\"valueRequired\":true,\"valueName\":\"search_term_string\"}}],\"inLanguage\":\"ca\"},{\"@type\":\"Organization\",\"@id\":\"https:\\\/\\\/www.navarroaubanell.com\\\/ca\\\/#organization\",\"name\":\"COMERCIAL NAVARRO AUBANELL, S.A\",\"url\":\"https:\\\/\\\/www.navarroaubanell.com\\\/ca\\\/\",\"logo\":{\"@type\":\"ImageObject\",\"inLanguage\":\"ca\",\"@id\":\"https:\\\/\\\/www.navarroaubanell.com\\\/ca\\\/#\\\/schema\\\/logo\\\/image\\\/\",\"url\":\"https:\\\/\\\/www.navarroaubanell.com\\\/wp-content\\\/uploads\\\/2017\\\/07\\\/logo-navarro-aubuanell.png\",\"contentUrl\":\"https:\\\/\\\/www.navarroaubanell.com\\\/wp-content\\\/uploads\\\/2017\\\/07\\\/logo-navarro-aubuanell.png\",\"width\":6304,\"height\":1154,\"caption\":\"COMERCIAL NAVARRO AUBANELL, S.A\"},\"image\":{\"@id\":\"https:\\\/\\\/www.navarroaubanell.com\\\/ca\\\/#\\\/schema\\\/logo\\\/image\\\/\"}}]}<\/script>\n<!-- \/ Yoast SEO plugin. -->","yoast_head_json":{"title":"Butaca Darsena, Nardi- Navarro Aubanell","description":"Butaca Darsena: respatller inclinable, resistent i sostenible, ideal per a exteriors. Disponible en colors mat, amb opci\u00f3 de coix\u00ed sota comanda.","robots":{"index":"index","follow":"follow","max-snippet":"max-snippet:-1","max-image-preview":"max-image-preview:large","max-video-preview":"max-video-preview:-1"},"canonical":"https:\/\/www.navarroaubanell.com\/ca\/producte\/butaca-darsena-nardi-navarroaubanell\/","og_locale":"ca_ES","og_type":"article","og_title":"Butaca Darsena, Nardi- Navarro Aubanell","og_description":"Butaca Darsena: respatller inclinable, resistent i sostenible, ideal per a exteriors. Disponible en colors mat, amb opci\u00f3 de coix\u00ed sota comanda.","og_url":"https:\/\/www.navarroaubanell.com\/ca\/producte\/butaca-darsena-nardi-navarroaubanell\/","og_site_name":"Navarro Aubanell","article_modified_time":"2024-10-22T14:38:56+00:00","og_image":[{"width":800,"height":650,"url":"https:\/\/www.navarroaubanell.com\/wp-content\/uploads\/2024\/10\/img_899-Photoroom.png","type":"image\/png"}],"twitter_misc":{"Est. reading time":"2 minutes"},"schema":{"@context":"https:\/\/schema.org","@graph":[{"@type":"WebPage","@id":"https:\/\/www.navarroaubanell.com\/ca\/producte\/butaca-darsena-nardi-navarroaubanell\/","url":"https:\/\/www.navarroaubanell.com\/ca\/producte\/butaca-darsena-nardi-navarroaubanell\/","name":"Butaca Darsena, Nardi- Navarro Aubanell","isPartOf":{"@id":"https:\/\/www.navarroaubanell.com\/ca\/#website"},"primaryImageOfPage":{"@id":"https:\/\/www.navarroaubanell.com\/ca\/producte\/butaca-darsena-nardi-navarroaubanell\/#primaryimage"},"image":{"@id":"https:\/\/www.navarroaubanell.com\/ca\/producte\/butaca-darsena-nardi-navarroaubanell\/#primaryimage"},"thumbnailUrl":"https:\/\/www.navarroaubanell.com\/wp-content\/uploads\/2024\/10\/img_899-Photoroom.png","datePublished":"2024-10-22T14:30:27+00:00","dateModified":"2024-10-22T14:38:56+00:00","description":"Butaca Darsena: respatller inclinable, resistent i sostenible, ideal per a exteriors. Disponible en colors mat, amb opci\u00f3 de coix\u00ed sota comanda.","breadcrumb":{"@id":"https:\/\/www.navarroaubanell.com\/ca\/producte\/butaca-darsena-nardi-navarroaubanell\/#breadcrumb"},"inLanguage":"ca","potentialAction":[{"@type":"ReadAction","target":["https:\/\/www.navarroaubanell.com\/ca\/producte\/butaca-darsena-nardi-navarroaubanell\/"]}]},{"@type":"ImageObject","inLanguage":"ca","@id":"https:\/\/www.navarroaubanell.com\/ca\/producte\/butaca-darsena-nardi-navarroaubanell\/#primaryimage","url":"https:\/\/www.navarroaubanell.com\/wp-content\/uploads\/2024\/10\/img_899-Photoroom.png","contentUrl":"https:\/\/www.navarroaubanell.com\/wp-content\/uploads\/2024\/10\/img_899-Photoroom.png","width":800,"height":650,"caption":"Butaca Darsena"},{"@type":"BreadcrumbList","@id":"https:\/\/www.navarroaubanell.com\/ca\/producte\/butaca-darsena-nardi-navarroaubanell\/#breadcrumb","itemListElement":[{"@type":"ListItem","position":1,"name":"Portada","item":"https:\/\/www.navarroaubanell.com\/ca\/"},{"@type":"ListItem","position":2,"name":"Productes","item":"https:\/\/www.navarroaubanell.com\/productos\/"},{"@type":"ListItem","position":3,"name":"Butaca Darsena"}]},{"@type":"WebSite","@id":"https:\/\/www.navarroaubanell.com\/ca\/#website","url":"https:\/\/www.navarroaubanell.com\/ca\/","name":"Navarro Aubanell","description":"Mobiliario para hoteler\u00eda, colectividades y oficinas","publisher":{"@id":"https:\/\/www.navarroaubanell.com\/ca\/#organization"},"potentialAction":[{"@type":"SearchAction","target":{"@type":"EntryPoint","urlTemplate":"https:\/\/www.navarroaubanell.com\/ca\/?s={search_term_string}"},"query-input":{"@type":"PropertyValueSpecification","valueRequired":true,"valueName":"search_term_string"}}],"inLanguage":"ca"},{"@type":"Organization","@id":"https:\/\/www.navarroaubanell.com\/ca\/#organization","name":"COMERCIAL NAVARRO AUBANELL, S.A","url":"https:\/\/www.navarroaubanell.com\/ca\/","logo":{"@type":"ImageObject","inLanguage":"ca","@id":"https:\/\/www.navarroaubanell.com\/ca\/#\/schema\/logo\/image\/","url":"https:\/\/www.navarroaubanell.com\/wp-content\/uploads\/2017\/07\/logo-navarro-aubuanell.png","contentUrl":"https:\/\/www.navarroaubanell.com\/wp-content\/uploads\/2017\/07\/logo-navarro-aubuanell.png","width":6304,"height":1154,"caption":"COMERCIAL NAVARRO AUBANELL, S.A"},"image":{"@id":"https:\/\/www.navarroaubanell.com\/ca\/#\/schema\/logo\/image\/"}}]}},"_links":{"self":[{"href":"https:\/\/www.navarroaubanell.com\/ca\/wp-json\/wp\/v2\/product\/40679","targetHints":{"allow":["GET"]}}],"collection":[{"href":"https:\/\/www.navarroaubanell.com\/ca\/wp-json\/wp\/v2\/product"}],"about":[{"href":"https:\/\/www.navarroaubanell.com\/ca\/wp-json\/wp\/v2\/types\/product"}],"wp:featuredmedia":[{"embeddable":true,"href":"https:\/\/www.navarroaubanell.com\/ca\/wp-json\/wp\/v2\/media\/44409"}],"wp:attachment":[{"href":"https:\/\/www.navarroaubanell.com\/ca\/wp-json\/wp\/v2\/media?parent=40679"}],"wp:term":[{"taxonomy":"product_brand","embeddable":true,"href":"https:\/\/www.navarroaubanell.com\/ca\/wp-json\/wp\/v2\/product_brand?post=40679"},{"taxonomy":"product_cat","embeddable":true,"href":"https:\/\/www.navarroaubanell.com\/ca\/wp-json\/wp\/v2\/product_cat?post=40679"},{"taxonomy":"product_tag","embeddable":true,"href":"https:\/\/www.navarroaubanell.com\/ca\/wp-json\/wp\/v2\/product_tag?post=40679"}],"curies":[{"name":"wp","href":"https:\/\/api.w.org\/{rel}","templated":true}]}}