{"id":40574,"date":"2024-10-21T16:51:14","date_gmt":"2024-10-21T14:51:14","guid":{"rendered":"https:\/\/www.navarroaubanell.com\/producto\/familia-doga-nardi-navarroaubanell\/"},"modified":"2024-10-21T16:56:44","modified_gmt":"2024-10-21T14:56:44","slug":"familia-doga-nardi-navarroaubanell","status":"publish","type":"product","link":"https:\/\/www.navarroaubanell.com\/ca\/producte\/familia-doga-nardi-navarroaubanell\/","title":{"rendered":"Fam\u00edlia Doga"},"content":{"rendered":"<div class=\"flex-shrink-0 flex flex-col relative items-end\">\n<div>\n<div class=\"pt-0\">\n<div class=\"gizmo-bot-avatar flex h-8 w-8 items-center justify-center overflow-hidden rounded-full\">\n<h5 class=\"relative p-1 rounded-sm flex items-center justify-center bg-token-main-surface-primary text-token-text-primary h-8 w-8\">Fam\u00edlia Doga: Mobiliari Contemporani, Funiconal i Durador<\/h5>\n<h6>Disseny Atemporal i Modern<\/h6>\n<\/div>\n<\/div>\n<\/div>\n<\/div>\n<div class=\"group\/conversation-turn relative flex w-full min-w-0 flex-col agent-turn\">\n<div class=\"flex-col gap-1 md:gap-3\">\n<div class=\"flex max-w-full flex-col flex-grow\">\n<div class=\"min-h-8 text-message flex w-full flex-col items-end gap-2 whitespace-normal break-words [.text-message+&amp;]:mt-5\" dir=\"auto\" data-message-author-role=\"assistant\" data-message-id=\"a531e396-5cf7-4e55-ab9f-a14205d0ee3d\" data-message-model-slug=\"gpt-4o\">\n<div class=\"flex w-full flex-col gap-1 empty:hidden first:pt-[3px]\">\n<div class=\"markdown prose w-full break-words dark:prose-invert light\">\n<div class=\"traductor-textarea form-group\">\n<div class=\"textarea-desti col-xs-12 col-sm-6\">\n<div class=\"form-control second-textarea\">La fam\u00edlia Doga es caracteritza pel seu disseny contemporani, basat en la seq\u00fc\u00e8ncia de l\u00e0mines horitzontals que creguin un joc d&#8217;espais plens i buits. Aquesta reinterpretaci\u00f3 moderna de les cl\u00e0ssiques l\u00e0mines dona lloc a productes atemporals que combinen est\u00e8tica i funcionalitat, perfectes per a espais exteriors.<\/div>\n<\/div>\n<\/div>\n<h6>Materials d&#8217;Alta Qualitat<\/h6>\n<div class=\"traductor-textarea form-group\">\n<div class=\"textarea-desti col-xs-12 col-sm-6\">\n<div class=\"form-control second-textarea\">Tots els productes de la fam\u00edlia Doga, que inclouen <a href=\"https:\/\/www.navarroaubanell.com\/ca\/producte\/cadira-doga-nardi-navarroaubanell\/\">cadires<\/a>, <a href=\"https:\/\/www.navarroaubanell.com\/ca\/producte\/cadira-de-bracos-doga-nardi-navarroaubanell\/\">cadires de bra\u00e7os<\/a>, <a href=\"https:\/\/www.navarroaubanell.com\/ca\/producte\/lounge-doga-nardi-navarroaubanell\/\">lounges<\/a>, <a href=\"https:\/\/www.navarroaubanell.com\/ca\/producte\/tamboret-doga-nardi-navarroaubanell\/\">tamborets<\/a> i <a href=\"https:\/\/www.navarroaubanell.com\/ca\/producte\/taula-auxiliar-doga-nardi-navarroaubanell\/\">taules auxiliars<\/a>, estan fabricats en polipropil\u00e8 refor\u00e7at amb fibra de vidre i resines reciclables. Aquests materials garanteixen resist\u00e8ncia i durabilitat, mentre que el tractament anti-UV assegura que els mobles es mantinguin impecables, fins i tot despr\u00e9s de llargues exposicions al sol. A m\u00e9s, s\u00f3n hidrorrepelents, la qual cosa els fa perfectes per a exteriors.<\/div>\n<\/div>\n<\/div>\n<h6>Colors Mat Duradors<\/h6>\n<div class=\"traductor-textarea form-group\">\n<div class=\"textarea-desti col-xs-12 col-sm-6\">\n<div class=\"form-control second-textarea\">Gr\u00e0cies al tenyit en massa, els colors de la fam\u00edlia Doga es mantenen fermes i uniformes amb el pas del temps. Els acabats mat disponibles en diverses tonalitats aporten un toc modern i elegant que s&#8217;adapta a qualsevol entorn.<\/div>\n<\/div>\n<\/div>\n<h6>Funcionalitat i Comoditat<\/h6>\n<div class=\"traductor-textarea form-group\">\n<div class=\"textarea-desti col-xs-12 col-sm-6\">\n<div class=\"form-control second-textarea\">Aquests mobles apilables s\u00f3n ideals per a l&#8217;hostaleria, facilitant el seu emmagatzematge i optimitzaci\u00f3 de l&#8217;espai. Els tacs antilliscants asseguren estabilitat i protecci\u00f3 del s\u00f2l, mentre que els coixins opcionals, disponibles sota comanda, maximitzen la comoditat en els seients.<\/div>\n<\/div>\n<\/div>\n<\/div>\n<\/div>\n<\/div>\n<\/div>\n<\/div>\n<\/div>\n","protected":false},"excerpt":{"rendered":"<p>Fam\u00edlia Doga: Mobiliari Contemporani, Funiconal i Durador Disseny Atemporal i Modern La fam\u00edlia Doga es caracteritza pel seu disseny contemporani, basat en la seq\u00fc\u00e8ncia de l\u00e0mines horitzontals que creguin un joc d&#8217;espais plens i buits. Aquesta reinterpretaci\u00f3 moderna de les cl\u00e0ssiques l\u00e0mines dona lloc a productes atemporals que combinen est\u00e8tica i funcionalitat, perfectes per a&hellip;<\/p>\n","protected":false},"featured_media":40572,"template":"","meta":{"_acf_changed":false},"product_brand":[],"product_cat":[563,1465],"product_tag":[1263,587,863,749,1496,640,1316,1216,949,1180,769,696],"class_list":{"0":"post-40574","1":"product","2":"type-product","3":"status-publish","4":"has-post-thumbnail","6":"product_cat-exterior-ca","7":"product_cat-families","8":"product_tag-anti-rayos-uv-ca","9":"product_tag-apilable-ca","10":"product_tag-cadira","11":"product_tag-cadira-de-barcos","12":"product_tag-doga-ca","13":"product_tag-exterior-ca","14":"product_tag-familia-ca","15":"product_tag-lounge-ca","16":"product_tag-polipropileno-ca","17":"product_tag-sostenible","18":"product_tag-tamboret","19":"product_tag-taula-auxiliar","20":"description-off","22":"first","23":"instock","24":"shipping-taxable","25":"product-type-simple"},"acf":[],"yoast_head":"<!-- This site is optimized with the Yoast SEO plugin v27.0 - https:\/\/yoast.com\/product\/yoast-seo-wordpress\/ -->\n<title>Fam\u00edlia Doga, Nardi- Navarro Aubanell<\/title>\n<meta name=\"description\" content=\"Fam\u00edlia Doga: mobiliari contemporani, apilable i reciclable. Resistent al sol i aigua, ideal per a exteriors. Disponible en diversos colors mat.\" \/>\n<meta name=\"robots\" content=\"index, follow, max-snippet:-1, max-image-preview:large, max-video-preview:-1\" \/>\n<link rel=\"canonical\" href=\"https:\/\/www.navarroaubanell.com\/ca\/producte\/familia-doga-nardi-navarroaubanell\/\" \/>\n<meta property=\"og:locale\" content=\"ca_ES\" \/>\n<meta property=\"og:type\" content=\"article\" \/>\n<meta property=\"og:title\" content=\"Fam\u00edlia Doga, Nardi- Navarro Aubanell\" \/>\n<meta property=\"og:description\" content=\"Fam\u00edlia Doga: mobiliari contemporani, apilable i reciclable. Resistent al sol i aigua, ideal per a exteriors. Disponible en diversos colors mat.\" \/>\n<meta property=\"og:url\" content=\"https:\/\/www.navarroaubanell.com\/ca\/producte\/familia-doga-nardi-navarroaubanell\/\" \/>\n<meta property=\"og:site_name\" content=\"Navarro Aubanell\" \/>\n<meta property=\"article:modified_time\" content=\"2024-10-21T14:56:44+00:00\" \/>\n<meta property=\"og:image\" content=\"https:\/\/www.navarroaubanell.com\/wp-content\/uploads\/2024\/10\/img_9779-1.jpg\" \/>\n\t<meta property=\"og:image:width\" content=\"800\" \/>\n\t<meta property=\"og:image:height\" content=\"650\" \/>\n\t<meta property=\"og:image:type\" content=\"image\/jpeg\" \/>\n<meta name=\"twitter:label1\" content=\"Est. reading time\" \/>\n\t<meta name=\"twitter:data1\" content=\"2 minutes\" \/>\n<script type=\"application\/ld+json\" class=\"yoast-schema-graph\">{\"@context\":\"https:\/\/schema.org\",\"@graph\":[{\"@type\":\"WebPage\",\"@id\":\"https:\/\/www.navarroaubanell.com\/ca\/producte\/familia-doga-nardi-navarroaubanell\/\",\"url\":\"https:\/\/www.navarroaubanell.com\/ca\/producte\/familia-doga-nardi-navarroaubanell\/\",\"name\":\"Fam\u00edlia Doga, Nardi- Navarro Aubanell\",\"isPartOf\":{\"@id\":\"https:\/\/www.navarroaubanell.com\/ca\/#website\"},\"primaryImageOfPage\":{\"@id\":\"https:\/\/www.navarroaubanell.com\/ca\/producte\/familia-doga-nardi-navarroaubanell\/#primaryimage\"},\"image\":{\"@id\":\"https:\/\/www.navarroaubanell.com\/ca\/producte\/familia-doga-nardi-navarroaubanell\/#primaryimage\"},\"thumbnailUrl\":\"https:\/\/www.navarroaubanell.com\/wp-content\/uploads\/2024\/10\/img_9779-1.jpg\",\"datePublished\":\"2024-10-21T14:51:14+00:00\",\"dateModified\":\"2024-10-21T14:56:44+00:00\",\"description\":\"Fam\u00edlia Doga: mobiliari contemporani, apilable i reciclable. Resistent al sol i aigua, ideal per a exteriors. Disponible en diversos colors mat.\",\"breadcrumb\":{\"@id\":\"https:\/\/www.navarroaubanell.com\/ca\/producte\/familia-doga-nardi-navarroaubanell\/#breadcrumb\"},\"inLanguage\":\"ca\",\"potentialAction\":[{\"@type\":\"ReadAction\",\"target\":[\"https:\/\/www.navarroaubanell.com\/ca\/producte\/familia-doga-nardi-navarroaubanell\/\"]}]},{\"@type\":\"ImageObject\",\"inLanguage\":\"ca\",\"@id\":\"https:\/\/www.navarroaubanell.com\/ca\/producte\/familia-doga-nardi-navarroaubanell\/#primaryimage\",\"url\":\"https:\/\/www.navarroaubanell.com\/wp-content\/uploads\/2024\/10\/img_9779-1.jpg\",\"contentUrl\":\"https:\/\/www.navarroaubanell.com\/wp-content\/uploads\/2024\/10\/img_9779-1.jpg\",\"width\":800,\"height\":650,\"caption\":\"Fam\u00edlia Doga\"},{\"@type\":\"BreadcrumbList\",\"@id\":\"https:\/\/www.navarroaubanell.com\/ca\/producte\/familia-doga-nardi-navarroaubanell\/#breadcrumb\",\"itemListElement\":[{\"@type\":\"ListItem\",\"position\":1,\"name\":\"Portada\",\"item\":\"https:\/\/www.navarroaubanell.com\/ca\/\"},{\"@type\":\"ListItem\",\"position\":2,\"name\":\"Productes\",\"item\":\"https:\/\/www.navarroaubanell.com\/productos\/\"},{\"@type\":\"ListItem\",\"position\":3,\"name\":\"Fam\u00edlia Doga\"}]},{\"@type\":\"WebSite\",\"@id\":\"https:\/\/www.navarroaubanell.com\/ca\/#website\",\"url\":\"https:\/\/www.navarroaubanell.com\/ca\/\",\"name\":\"Navarro Aubanell\",\"description\":\"Mobiliario para hoteler\u00eda, colectividades y oficinas\",\"publisher\":{\"@id\":\"https:\/\/www.navarroaubanell.com\/ca\/#organization\"},\"potentialAction\":[{\"@type\":\"SearchAction\",\"target\":{\"@type\":\"EntryPoint\",\"urlTemplate\":\"https:\/\/www.navarroaubanell.com\/ca\/?s={search_term_string}\"},\"query-input\":{\"@type\":\"PropertyValueSpecification\",\"valueRequired\":true,\"valueName\":\"search_term_string\"}}],\"inLanguage\":\"ca\"},{\"@type\":\"Organization\",\"@id\":\"https:\/\/www.navarroaubanell.com\/ca\/#organization\",\"name\":\"COMERCIAL NAVARRO AUBANELL, S.A\",\"url\":\"https:\/\/www.navarroaubanell.com\/ca\/\",\"logo\":{\"@type\":\"ImageObject\",\"inLanguage\":\"ca\",\"@id\":\"https:\/\/www.navarroaubanell.com\/ca\/#\/schema\/logo\/image\/\",\"url\":\"https:\/\/www.navarroaubanell.com\/wp-content\/uploads\/2017\/07\/logo-navarro-aubuanell.png\",\"contentUrl\":\"https:\/\/www.navarroaubanell.com\/wp-content\/uploads\/2017\/07\/logo-navarro-aubuanell.png\",\"width\":6304,\"height\":1154,\"caption\":\"COMERCIAL NAVARRO AUBANELL, S.A\"},\"image\":{\"@id\":\"https:\/\/www.navarroaubanell.com\/ca\/#\/schema\/logo\/image\/\"}}]}<\/script>\n<!-- \/ Yoast SEO plugin. -->","yoast_head_json":{"title":"Fam\u00edlia Doga, Nardi- Navarro Aubanell","description":"Fam\u00edlia Doga: mobiliari contemporani, apilable i reciclable. Resistent al sol i aigua, ideal per a exteriors. Disponible en diversos colors mat.","robots":{"index":"index","follow":"follow","max-snippet":"max-snippet:-1","max-image-preview":"max-image-preview:large","max-video-preview":"max-video-preview:-1"},"canonical":"https:\/\/www.navarroaubanell.com\/ca\/producte\/familia-doga-nardi-navarroaubanell\/","og_locale":"ca_ES","og_type":"article","og_title":"Fam\u00edlia Doga, Nardi- Navarro Aubanell","og_description":"Fam\u00edlia Doga: mobiliari contemporani, apilable i reciclable. Resistent al sol i aigua, ideal per a exteriors. Disponible en diversos colors mat.","og_url":"https:\/\/www.navarroaubanell.com\/ca\/producte\/familia-doga-nardi-navarroaubanell\/","og_site_name":"Navarro Aubanell","article_modified_time":"2024-10-21T14:56:44+00:00","og_image":[{"width":800,"height":650,"url":"https:\/\/www.navarroaubanell.com\/wp-content\/uploads\/2024\/10\/img_9779-1.jpg","type":"image\/jpeg"}],"twitter_misc":{"Est. reading time":"2 minutes"},"schema":{"@context":"https:\/\/schema.org","@graph":[{"@type":"WebPage","@id":"https:\/\/www.navarroaubanell.com\/ca\/producte\/familia-doga-nardi-navarroaubanell\/","url":"https:\/\/www.navarroaubanell.com\/ca\/producte\/familia-doga-nardi-navarroaubanell\/","name":"Fam\u00edlia Doga, Nardi- Navarro Aubanell","isPartOf":{"@id":"https:\/\/www.navarroaubanell.com\/ca\/#website"},"primaryImageOfPage":{"@id":"https:\/\/www.navarroaubanell.com\/ca\/producte\/familia-doga-nardi-navarroaubanell\/#primaryimage"},"image":{"@id":"https:\/\/www.navarroaubanell.com\/ca\/producte\/familia-doga-nardi-navarroaubanell\/#primaryimage"},"thumbnailUrl":"https:\/\/www.navarroaubanell.com\/wp-content\/uploads\/2024\/10\/img_9779-1.jpg","datePublished":"2024-10-21T14:51:14+00:00","dateModified":"2024-10-21T14:56:44+00:00","description":"Fam\u00edlia Doga: mobiliari contemporani, apilable i reciclable. Resistent al sol i aigua, ideal per a exteriors. Disponible en diversos colors mat.","breadcrumb":{"@id":"https:\/\/www.navarroaubanell.com\/ca\/producte\/familia-doga-nardi-navarroaubanell\/#breadcrumb"},"inLanguage":"ca","potentialAction":[{"@type":"ReadAction","target":["https:\/\/www.navarroaubanell.com\/ca\/producte\/familia-doga-nardi-navarroaubanell\/"]}]},{"@type":"ImageObject","inLanguage":"ca","@id":"https:\/\/www.navarroaubanell.com\/ca\/producte\/familia-doga-nardi-navarroaubanell\/#primaryimage","url":"https:\/\/www.navarroaubanell.com\/wp-content\/uploads\/2024\/10\/img_9779-1.jpg","contentUrl":"https:\/\/www.navarroaubanell.com\/wp-content\/uploads\/2024\/10\/img_9779-1.jpg","width":800,"height":650,"caption":"Fam\u00edlia Doga"},{"@type":"BreadcrumbList","@id":"https:\/\/www.navarroaubanell.com\/ca\/producte\/familia-doga-nardi-navarroaubanell\/#breadcrumb","itemListElement":[{"@type":"ListItem","position":1,"name":"Portada","item":"https:\/\/www.navarroaubanell.com\/ca\/"},{"@type":"ListItem","position":2,"name":"Productes","item":"https:\/\/www.navarroaubanell.com\/productos\/"},{"@type":"ListItem","position":3,"name":"Fam\u00edlia Doga"}]},{"@type":"WebSite","@id":"https:\/\/www.navarroaubanell.com\/ca\/#website","url":"https:\/\/www.navarroaubanell.com\/ca\/","name":"Navarro Aubanell","description":"Mobiliario para hoteler\u00eda, colectividades y oficinas","publisher":{"@id":"https:\/\/www.navarroaubanell.com\/ca\/#organization"},"potentialAction":[{"@type":"SearchAction","target":{"@type":"EntryPoint","urlTemplate":"https:\/\/www.navarroaubanell.com\/ca\/?s={search_term_string}"},"query-input":{"@type":"PropertyValueSpecification","valueRequired":true,"valueName":"search_term_string"}}],"inLanguage":"ca"},{"@type":"Organization","@id":"https:\/\/www.navarroaubanell.com\/ca\/#organization","name":"COMERCIAL NAVARRO AUBANELL, S.A","url":"https:\/\/www.navarroaubanell.com\/ca\/","logo":{"@type":"ImageObject","inLanguage":"ca","@id":"https:\/\/www.navarroaubanell.com\/ca\/#\/schema\/logo\/image\/","url":"https:\/\/www.navarroaubanell.com\/wp-content\/uploads\/2017\/07\/logo-navarro-aubuanell.png","contentUrl":"https:\/\/www.navarroaubanell.com\/wp-content\/uploads\/2017\/07\/logo-navarro-aubuanell.png","width":6304,"height":1154,"caption":"COMERCIAL NAVARRO AUBANELL, S.A"},"image":{"@id":"https:\/\/www.navarroaubanell.com\/ca\/#\/schema\/logo\/image\/"}}]}},"_links":{"self":[{"href":"https:\/\/www.navarroaubanell.com\/ca\/wp-json\/wp\/v2\/product\/40574","targetHints":{"allow":["GET"]}}],"collection":[{"href":"https:\/\/www.navarroaubanell.com\/ca\/wp-json\/wp\/v2\/product"}],"about":[{"href":"https:\/\/www.navarroaubanell.com\/ca\/wp-json\/wp\/v2\/types\/product"}],"wp:featuredmedia":[{"embeddable":true,"href":"https:\/\/www.navarroaubanell.com\/ca\/wp-json\/wp\/v2\/media\/40572"}],"wp:attachment":[{"href":"https:\/\/www.navarroaubanell.com\/ca\/wp-json\/wp\/v2\/media?parent=40574"}],"wp:term":[{"taxonomy":"product_brand","embeddable":true,"href":"https:\/\/www.navarroaubanell.com\/ca\/wp-json\/wp\/v2\/product_brand?post=40574"},{"taxonomy":"product_cat","embeddable":true,"href":"https:\/\/www.navarroaubanell.com\/ca\/wp-json\/wp\/v2\/product_cat?post=40574"},{"taxonomy":"product_tag","embeddable":true,"href":"https:\/\/www.navarroaubanell.com\/ca\/wp-json\/wp\/v2\/product_tag?post=40574"}],"curies":[{"name":"wp","href":"https:\/\/api.w.org\/{rel}","templated":true}]}}