{"id":40568,"date":"2024-10-21T16:21:06","date_gmt":"2024-10-21T14:21:06","guid":{"rendered":"https:\/\/www.navarroaubanell.com\/producto\/lounge-doga-nardi-navarroaubanell\/"},"modified":"2024-10-21T17:00:52","modified_gmt":"2024-10-21T15:00:52","slug":"lounge-doga-nardi-navarroaubanell","status":"publish","type":"product","link":"https:\/\/www.navarroaubanell.com\/ca\/producte\/lounge-doga-nardi-navarroaubanell\/","title":{"rendered":"Lounge Doga"},"content":{"rendered":"<h5>Lounge Doga Relax: Comoditat i Estil per a Exterior<\/h5>\n<div class=\"traductor-textarea form-group\">\n<div class=\"textarea-desti col-xs-12 col-sm-6\">\n<div class=\"form-control second-textarea\">El Lounge Doga Relax \u00e9s una butaca \u00e0mplia i c\u00f2moda, amb un seient inclinat cap enrere que convida a la relaxaci\u00f3. El seu disseny distintiu es basa en el joc d&#8217;espais plens i buits creats per la seq\u00fc\u00e8ncia de l\u00e0mines horitzontals, caracter\u00edstica de tota la <a href=\"https:\/\/www.navarroaubanell.com\/ca\/producte\/familia-doga-nardi-navarroaubanell\/\">fam\u00edlia Doga<\/a>. Ideal per als qui busquen un moble modern i c\u00f2mode per a exteriors.<\/div>\n<\/div>\n<\/div>\n<h6>Materials Resistents i Duradors<\/h6>\n<div class=\"traductor-textarea form-group\">\n<div class=\"textarea-desti col-xs-12 col-sm-6\">\n<div class=\"form-control second-textarea\">Fabricat amb estructura monobloc de polipropil\u00e8 refor\u00e7at amb fibra de vidre i resines reciclables, aquest lounge \u00e9s robust i respectu\u00f3s amb el medi ambient. A m\u00e9s, el seu tractament anti-UV assegura que mantingui el seu aspecte impecable, sense que els raigs del sol el deteriorin amb el temps. El tenyit en massa li atorga colors mat uniformes, disponibles en una varietat de tons que es mantenen vius i ferms.<\/div>\n<\/div>\n<\/div>\n<h6>Funcionalitat i Practicitat<\/h6>\n<div class=\"traductor-textarea form-group\">\n<div class=\"textarea-desti col-xs-12 col-sm-6\">\n<div class=\"form-control second-textarea\">El Lounge Doga Relax \u00e9s apilable, la qual cosa el converteix en una opci\u00f3 pr\u00e0ctica per a entorns d&#8217;hostaleria o \u00e0rees amb gran aflu\u00e8ncia de persones. Els seus tacs antilliscants protegeixen el terra i milloren l&#8217;estabilitat de la butaca, assegurant una experi\u00e8ncia segura i duradora en qualsevol espai.<\/div>\n<\/div>\n<\/div>\n<h6>\u00a0Comoditat Personalitzada<\/h6>\n<div class=\"traductor-textarea form-group\">\n<div class=\"textarea-desti col-xs-12 col-sm-6\">\n<div class=\"form-control second-textarea\">Per a augmentar la comoditat, el Lounge Doga ofereix l&#8217;opci\u00f3 d&#8217;afegir un coix\u00ed sota comanda.<\/div>\n<\/div>\n<\/div>\n","protected":false},"excerpt":{"rendered":"<p>Lounge Doga Relax: Comoditat i Estil per a Exterior El Lounge Doga Relax \u00e9s una butaca \u00e0mplia i c\u00f2moda, amb un seient inclinat cap enrere que convida a la relaxaci\u00f3. El seu disseny distintiu es basa en el joc d&#8217;espais plens i buits creats per la seq\u00fc\u00e8ncia de l\u00e0mines horitzontals, caracter\u00edstica de tota la fam\u00edlia&hellip;<\/p>\n","protected":false},"featured_media":40542,"template":"","meta":{"_acf_changed":false},"product_brand":[],"product_cat":[937,563],"product_tag":[1263,587,1496,640,1216,949,988],"class_list":{"0":"post-40568","1":"product","2":"type-product","3":"status-publish","4":"has-post-thumbnail","6":"product_cat-butaques-ca-2","7":"product_cat-exterior-ca","8":"product_tag-anti-rayos-uv-ca","9":"product_tag-apilable-ca","10":"product_tag-doga-ca","11":"product_tag-exterior-ca","12":"product_tag-lounge-ca","13":"product_tag-polipropileno-ca","14":"product_tag-relax-ca","15":"description-off","17":"first","18":"instock","19":"shipping-taxable","20":"product-type-simple"},"acf":[],"yoast_head":"<!-- This site is optimized with the Yoast SEO plugin v27.6 - https:\/\/yoast.com\/product\/yoast-seo-wordpress\/ -->\n<title>Lounge Doga, Nardi- Navarro Aubanell<\/title>\n<meta name=\"description\" content=\"Lounge Doga Relax: sill\u00f3n amplio, apilable y ergon\u00f3mico, ideal para exteriores. Resistente al sol, disponible con coj\u00edn opcional.\" \/>\n<meta name=\"robots\" content=\"index, follow, max-snippet:-1, max-image-preview:large, max-video-preview:-1\" \/>\n<link rel=\"canonical\" href=\"https:\/\/www.navarroaubanell.com\/ca\/producte\/lounge-doga-nardi-navarroaubanell\/\" \/>\n<meta property=\"og:locale\" content=\"ca_ES\" \/>\n<meta property=\"og:type\" content=\"article\" \/>\n<meta property=\"og:title\" content=\"Lounge Doga, Nardi- Navarro Aubanell\" \/>\n<meta property=\"og:description\" content=\"Lounge Doga Relax: sill\u00f3n amplio, apilable y ergon\u00f3mico, ideal para exteriores. Resistente al sol, disponible con coj\u00edn opcional.\" \/>\n<meta property=\"og:url\" content=\"https:\/\/www.navarroaubanell.com\/ca\/producte\/lounge-doga-nardi-navarroaubanell\/\" \/>\n<meta property=\"og:site_name\" content=\"Navarro Aubanell\" \/>\n<meta property=\"article:modified_time\" content=\"2024-10-21T15:00:52+00:00\" \/>\n<meta property=\"og:image\" content=\"https:\/\/www.navarroaubanell.com\/wp-content\/uploads\/2024\/10\/img_5961.jpg\" \/>\n\t<meta property=\"og:image:width\" content=\"800\" \/>\n\t<meta property=\"og:image:height\" content=\"650\" \/>\n\t<meta property=\"og:image:type\" content=\"image\/jpeg\" \/>\n<meta name=\"twitter:label1\" content=\"Est. reading time\" \/>\n\t<meta name=\"twitter:data1\" content=\"2 minutes\" \/>\n<script type=\"application\/ld+json\" class=\"yoast-schema-graph\">{\"@context\":\"https:\\\/\\\/schema.org\",\"@graph\":[{\"@type\":\"WebPage\",\"@id\":\"https:\\\/\\\/www.navarroaubanell.com\\\/ca\\\/producte\\\/lounge-doga-nardi-navarroaubanell\\\/\",\"url\":\"https:\\\/\\\/www.navarroaubanell.com\\\/ca\\\/producte\\\/lounge-doga-nardi-navarroaubanell\\\/\",\"name\":\"Lounge Doga, Nardi- Navarro Aubanell\",\"isPartOf\":{\"@id\":\"https:\\\/\\\/www.navarroaubanell.com\\\/ca\\\/#website\"},\"primaryImageOfPage\":{\"@id\":\"https:\\\/\\\/www.navarroaubanell.com\\\/ca\\\/producte\\\/lounge-doga-nardi-navarroaubanell\\\/#primaryimage\"},\"image\":{\"@id\":\"https:\\\/\\\/www.navarroaubanell.com\\\/ca\\\/producte\\\/lounge-doga-nardi-navarroaubanell\\\/#primaryimage\"},\"thumbnailUrl\":\"https:\\\/\\\/www.navarroaubanell.com\\\/wp-content\\\/uploads\\\/2024\\\/10\\\/img_5961.jpg\",\"datePublished\":\"2024-10-21T14:21:06+00:00\",\"dateModified\":\"2024-10-21T15:00:52+00:00\",\"description\":\"Lounge Doga Relax: sill\u00f3n amplio, apilable y ergon\u00f3mico, ideal para exteriores. Resistente al sol, disponible con coj\u00edn opcional.\",\"breadcrumb\":{\"@id\":\"https:\\\/\\\/www.navarroaubanell.com\\\/ca\\\/producte\\\/lounge-doga-nardi-navarroaubanell\\\/#breadcrumb\"},\"inLanguage\":\"ca\",\"potentialAction\":[{\"@type\":\"ReadAction\",\"target\":[\"https:\\\/\\\/www.navarroaubanell.com\\\/ca\\\/producte\\\/lounge-doga-nardi-navarroaubanell\\\/\"]}]},{\"@type\":\"ImageObject\",\"inLanguage\":\"ca\",\"@id\":\"https:\\\/\\\/www.navarroaubanell.com\\\/ca\\\/producte\\\/lounge-doga-nardi-navarroaubanell\\\/#primaryimage\",\"url\":\"https:\\\/\\\/www.navarroaubanell.com\\\/wp-content\\\/uploads\\\/2024\\\/10\\\/img_5961.jpg\",\"contentUrl\":\"https:\\\/\\\/www.navarroaubanell.com\\\/wp-content\\\/uploads\\\/2024\\\/10\\\/img_5961.jpg\",\"width\":800,\"height\":650,\"caption\":\"Lounge Doga Relax\"},{\"@type\":\"BreadcrumbList\",\"@id\":\"https:\\\/\\\/www.navarroaubanell.com\\\/ca\\\/producte\\\/lounge-doga-nardi-navarroaubanell\\\/#breadcrumb\",\"itemListElement\":[{\"@type\":\"ListItem\",\"position\":1,\"name\":\"Portada\",\"item\":\"https:\\\/\\\/www.navarroaubanell.com\\\/ca\\\/\"},{\"@type\":\"ListItem\",\"position\":2,\"name\":\"Productes\",\"item\":\"https:\\\/\\\/www.navarroaubanell.com\\\/productos\\\/\"},{\"@type\":\"ListItem\",\"position\":3,\"name\":\"Lounge Doga\"}]},{\"@type\":\"WebSite\",\"@id\":\"https:\\\/\\\/www.navarroaubanell.com\\\/ca\\\/#website\",\"url\":\"https:\\\/\\\/www.navarroaubanell.com\\\/ca\\\/\",\"name\":\"Navarro Aubanell\",\"description\":\"Mobiliario para hoteler\u00eda, colectividades y oficinas\",\"publisher\":{\"@id\":\"https:\\\/\\\/www.navarroaubanell.com\\\/ca\\\/#organization\"},\"potentialAction\":[{\"@type\":\"SearchAction\",\"target\":{\"@type\":\"EntryPoint\",\"urlTemplate\":\"https:\\\/\\\/www.navarroaubanell.com\\\/ca\\\/?s={search_term_string}\"},\"query-input\":{\"@type\":\"PropertyValueSpecification\",\"valueRequired\":true,\"valueName\":\"search_term_string\"}}],\"inLanguage\":\"ca\"},{\"@type\":\"Organization\",\"@id\":\"https:\\\/\\\/www.navarroaubanell.com\\\/ca\\\/#organization\",\"name\":\"COMERCIAL NAVARRO AUBANELL, S.A\",\"url\":\"https:\\\/\\\/www.navarroaubanell.com\\\/ca\\\/\",\"logo\":{\"@type\":\"ImageObject\",\"inLanguage\":\"ca\",\"@id\":\"https:\\\/\\\/www.navarroaubanell.com\\\/ca\\\/#\\\/schema\\\/logo\\\/image\\\/\",\"url\":\"https:\\\/\\\/www.navarroaubanell.com\\\/wp-content\\\/uploads\\\/2017\\\/07\\\/logo-navarro-aubuanell.png\",\"contentUrl\":\"https:\\\/\\\/www.navarroaubanell.com\\\/wp-content\\\/uploads\\\/2017\\\/07\\\/logo-navarro-aubuanell.png\",\"width\":6304,\"height\":1154,\"caption\":\"COMERCIAL NAVARRO AUBANELL, S.A\"},\"image\":{\"@id\":\"https:\\\/\\\/www.navarroaubanell.com\\\/ca\\\/#\\\/schema\\\/logo\\\/image\\\/\"}}]}<\/script>\n<!-- \/ Yoast SEO plugin. -->","yoast_head_json":{"title":"Lounge Doga, Nardi- Navarro Aubanell","description":"Lounge Doga Relax: sill\u00f3n amplio, apilable y ergon\u00f3mico, ideal para exteriores. Resistente al sol, disponible con coj\u00edn opcional.","robots":{"index":"index","follow":"follow","max-snippet":"max-snippet:-1","max-image-preview":"max-image-preview:large","max-video-preview":"max-video-preview:-1"},"canonical":"https:\/\/www.navarroaubanell.com\/ca\/producte\/lounge-doga-nardi-navarroaubanell\/","og_locale":"ca_ES","og_type":"article","og_title":"Lounge Doga, Nardi- Navarro Aubanell","og_description":"Lounge Doga Relax: sill\u00f3n amplio, apilable y ergon\u00f3mico, ideal para exteriores. Resistente al sol, disponible con coj\u00edn opcional.","og_url":"https:\/\/www.navarroaubanell.com\/ca\/producte\/lounge-doga-nardi-navarroaubanell\/","og_site_name":"Navarro Aubanell","article_modified_time":"2024-10-21T15:00:52+00:00","og_image":[{"width":800,"height":650,"url":"https:\/\/www.navarroaubanell.com\/wp-content\/uploads\/2024\/10\/img_5961.jpg","type":"image\/jpeg"}],"twitter_misc":{"Est. reading time":"2 minutes"},"schema":{"@context":"https:\/\/schema.org","@graph":[{"@type":"WebPage","@id":"https:\/\/www.navarroaubanell.com\/ca\/producte\/lounge-doga-nardi-navarroaubanell\/","url":"https:\/\/www.navarroaubanell.com\/ca\/producte\/lounge-doga-nardi-navarroaubanell\/","name":"Lounge Doga, Nardi- Navarro Aubanell","isPartOf":{"@id":"https:\/\/www.navarroaubanell.com\/ca\/#website"},"primaryImageOfPage":{"@id":"https:\/\/www.navarroaubanell.com\/ca\/producte\/lounge-doga-nardi-navarroaubanell\/#primaryimage"},"image":{"@id":"https:\/\/www.navarroaubanell.com\/ca\/producte\/lounge-doga-nardi-navarroaubanell\/#primaryimage"},"thumbnailUrl":"https:\/\/www.navarroaubanell.com\/wp-content\/uploads\/2024\/10\/img_5961.jpg","datePublished":"2024-10-21T14:21:06+00:00","dateModified":"2024-10-21T15:00:52+00:00","description":"Lounge Doga Relax: sill\u00f3n amplio, apilable y ergon\u00f3mico, ideal para exteriores. Resistente al sol, disponible con coj\u00edn opcional.","breadcrumb":{"@id":"https:\/\/www.navarroaubanell.com\/ca\/producte\/lounge-doga-nardi-navarroaubanell\/#breadcrumb"},"inLanguage":"ca","potentialAction":[{"@type":"ReadAction","target":["https:\/\/www.navarroaubanell.com\/ca\/producte\/lounge-doga-nardi-navarroaubanell\/"]}]},{"@type":"ImageObject","inLanguage":"ca","@id":"https:\/\/www.navarroaubanell.com\/ca\/producte\/lounge-doga-nardi-navarroaubanell\/#primaryimage","url":"https:\/\/www.navarroaubanell.com\/wp-content\/uploads\/2024\/10\/img_5961.jpg","contentUrl":"https:\/\/www.navarroaubanell.com\/wp-content\/uploads\/2024\/10\/img_5961.jpg","width":800,"height":650,"caption":"Lounge Doga Relax"},{"@type":"BreadcrumbList","@id":"https:\/\/www.navarroaubanell.com\/ca\/producte\/lounge-doga-nardi-navarroaubanell\/#breadcrumb","itemListElement":[{"@type":"ListItem","position":1,"name":"Portada","item":"https:\/\/www.navarroaubanell.com\/ca\/"},{"@type":"ListItem","position":2,"name":"Productes","item":"https:\/\/www.navarroaubanell.com\/productos\/"},{"@type":"ListItem","position":3,"name":"Lounge Doga"}]},{"@type":"WebSite","@id":"https:\/\/www.navarroaubanell.com\/ca\/#website","url":"https:\/\/www.navarroaubanell.com\/ca\/","name":"Navarro Aubanell","description":"Mobiliario para hoteler\u00eda, colectividades y oficinas","publisher":{"@id":"https:\/\/www.navarroaubanell.com\/ca\/#organization"},"potentialAction":[{"@type":"SearchAction","target":{"@type":"EntryPoint","urlTemplate":"https:\/\/www.navarroaubanell.com\/ca\/?s={search_term_string}"},"query-input":{"@type":"PropertyValueSpecification","valueRequired":true,"valueName":"search_term_string"}}],"inLanguage":"ca"},{"@type":"Organization","@id":"https:\/\/www.navarroaubanell.com\/ca\/#organization","name":"COMERCIAL NAVARRO AUBANELL, S.A","url":"https:\/\/www.navarroaubanell.com\/ca\/","logo":{"@type":"ImageObject","inLanguage":"ca","@id":"https:\/\/www.navarroaubanell.com\/ca\/#\/schema\/logo\/image\/","url":"https:\/\/www.navarroaubanell.com\/wp-content\/uploads\/2017\/07\/logo-navarro-aubuanell.png","contentUrl":"https:\/\/www.navarroaubanell.com\/wp-content\/uploads\/2017\/07\/logo-navarro-aubuanell.png","width":6304,"height":1154,"caption":"COMERCIAL NAVARRO AUBANELL, S.A"},"image":{"@id":"https:\/\/www.navarroaubanell.com\/ca\/#\/schema\/logo\/image\/"}}]}},"_links":{"self":[{"href":"https:\/\/www.navarroaubanell.com\/ca\/wp-json\/wp\/v2\/product\/40568","targetHints":{"allow":["GET"]}}],"collection":[{"href":"https:\/\/www.navarroaubanell.com\/ca\/wp-json\/wp\/v2\/product"}],"about":[{"href":"https:\/\/www.navarroaubanell.com\/ca\/wp-json\/wp\/v2\/types\/product"}],"wp:featuredmedia":[{"embeddable":true,"href":"https:\/\/www.navarroaubanell.com\/ca\/wp-json\/wp\/v2\/media\/40542"}],"wp:attachment":[{"href":"https:\/\/www.navarroaubanell.com\/ca\/wp-json\/wp\/v2\/media?parent=40568"}],"wp:term":[{"taxonomy":"product_brand","embeddable":true,"href":"https:\/\/www.navarroaubanell.com\/ca\/wp-json\/wp\/v2\/product_brand?post=40568"},{"taxonomy":"product_cat","embeddable":true,"href":"https:\/\/www.navarroaubanell.com\/ca\/wp-json\/wp\/v2\/product_cat?post=40568"},{"taxonomy":"product_tag","embeddable":true,"href":"https:\/\/www.navarroaubanell.com\/ca\/wp-json\/wp\/v2\/product_tag?post=40568"}],"curies":[{"name":"wp","href":"https:\/\/api.w.org\/{rel}","templated":true}]}}