{"id":40473,"date":"2024-10-21T12:18:13","date_gmt":"2024-10-21T10:18:13","guid":{"rendered":"https:\/\/www.navarroaubanell.com\/producto\/mesa-auxiliar-doga-nardi-navarroaubanell\/"},"modified":"2024-10-21T17:07:05","modified_gmt":"2024-10-21T15:07:05","slug":"taula-auxiliar-doga-nardi-navarroaubanell","status":"publish","type":"product","link":"https:\/\/www.navarroaubanell.com\/ca\/producte\/taula-auxiliar-doga-nardi-navarroaubanell\/","title":{"rendered":"Taula Auxiliar Doga"},"content":{"rendered":"<h5>Taula Auxiliar Doga: Funcionalitat i Estil per a Exteriors<\/h5>\n<div class=\"traductor-textarea form-group\">\n<div class=\"textarea-desti col-xs-12 col-sm-6\">\n<div class=\"form-control second-textarea\">La taula auxiliar Doga destaca pel seu disseny contemporani, inspirat en la forma de la l\u00e0mina, com la resta de la <a href=\"https:\/\/www.navarroaubanell.com\/ca\/producte\/familia-doga-nardi-navarroaubanell\/\">fam\u00edlia Doga<\/a>. Aquesta est\u00e8tica li atorga un estil fresc i atemporal, perfecte per a qualsevol espai exterior. A m\u00e9s, la seva lleugeresa fa que sigui molt f\u00e0cil de moure i manejar.<\/div>\n<\/div>\n<\/div>\n<h6><strong>Materials d&#8217;Alta Qualitat<\/strong><\/h6>\n<div class=\"traductor-textarea form-group\">\n<div class=\"textarea-desti col-xs-12 col-sm-6\">\n<div class=\"form-control second-textarea\">Fabricada en polipropil\u00e8 refor\u00e7at amb fibra de vidre i resines reciclables, la taula auxiliar Doga no sols \u00e9s ecol\u00f2gica, sin\u00f3 tamb\u00e9 resistent. El seu tractament anti-UV assegura que el color i l&#8217;estructura es mantinguin intactes, fins i tot despr\u00e9s de llargues exposicions al sol, convertint-la en una elecci\u00f3 ideal per a ambients a l&#8217;aire lliure.<\/div>\n<\/div>\n<\/div>\n<h6><strong>Varietat de Colors i Durabilitat<\/strong><\/h6>\n<div class=\"traductor-textarea form-group\">\n<div class=\"textarea-desti col-xs-12 col-sm-6\">\n<div class=\"form-control second-textarea\">Doga est\u00e0 pintada mitjan\u00e7ant el tenyit en massa, per la qual cosa garanteix un color viu i uniforme al llarg del temps. S&#8217;ofereix en 8 colors amb acabat mat que combinaran amb els diferents entorns decoratius del teu espai.<\/div>\n<\/div>\n<\/div>\n<h6><strong>Pr\u00e0ctica i Apilable<\/strong><\/h6>\n<div class=\"traductor-textarea form-group\">\n<div class=\"textarea-desti col-xs-12 col-sm-6\">\n<div class=\"form-control second-textarea\">Ideal per a espais amb gran aflu\u00e8ncia, aquesta taula \u00e9s apilable, la qual cosa facilita el seu emmagatzematge. A m\u00e9s, compta amb tacs antilliscants que protegeixen el s\u00f2l i milloren la seva estabilitat, brindant seguretat i funcionalitat en qualsevol entorn.<\/div>\n<\/div>\n<\/div>\n","protected":false},"excerpt":{"rendered":"<p>Taula Auxiliar Doga: Funcionalitat i Estil per a Exteriors La taula auxiliar Doga destaca pel seu disseny contemporani, inspirat en la forma de la l\u00e0mina, com la resta de la fam\u00edlia Doga. Aquesta est\u00e8tica li atorga un estil fresc i atemporal, perfecte per a qualsevol espai exterior. A m\u00e9s, la seva lleugeresa fa que sigui&hellip;<\/p>\n","protected":false},"featured_media":44355,"template":"","meta":{"_acf_changed":false},"product_brand":[],"product_cat":[563,566],"product_tag":[1263,587,1496,640,949,1180,696],"class_list":{"0":"post-40473","1":"product","2":"type-product","3":"status-publish","4":"has-post-thumbnail","6":"product_cat-exterior-ca","7":"product_cat-taules-auxiliars-exterior","8":"product_tag-anti-rayos-uv-ca","9":"product_tag-apilable-ca","10":"product_tag-doga-ca","11":"product_tag-exterior-ca","12":"product_tag-polipropileno-ca","13":"product_tag-sostenible","14":"product_tag-taula-auxiliar","15":"description-off","17":"first","18":"instock","19":"shipping-taxable","20":"product-type-simple"},"acf":[],"yoast_head":"<!-- This site is optimized with the Yoast SEO plugin v27.5 - https:\/\/yoast.com\/product\/yoast-seo-wordpress\/ -->\n<title>Taula auxiliar Doga, Nardi- Navarro Aubanell<\/title>\n<meta name=\"description\" content=\"Taula auxiliar Doga: disseny modern, resistent a exteriors, apilable i disponible en vuit colors mat, ideal per a terrasses i patis.\" \/>\n<meta name=\"robots\" content=\"index, follow, max-snippet:-1, max-image-preview:large, max-video-preview:-1\" \/>\n<link rel=\"canonical\" href=\"https:\/\/www.navarroaubanell.com\/ca\/producte\/taula-auxiliar-doga-nardi-navarroaubanell\/\" \/>\n<meta property=\"og:locale\" content=\"ca_ES\" \/>\n<meta property=\"og:type\" content=\"article\" \/>\n<meta property=\"og:title\" content=\"Taula auxiliar Doga, Nardi- Navarro Aubanell\" \/>\n<meta property=\"og:description\" content=\"Taula auxiliar Doga: disseny modern, resistent a exteriors, apilable i disponible en vuit colors mat, ideal per a terrasses i patis.\" \/>\n<meta property=\"og:url\" content=\"https:\/\/www.navarroaubanell.com\/ca\/producte\/taula-auxiliar-doga-nardi-navarroaubanell\/\" \/>\n<meta property=\"og:site_name\" content=\"Navarro Aubanell\" \/>\n<meta property=\"article:modified_time\" content=\"2024-10-21T15:07:05+00:00\" \/>\n<meta property=\"og:image\" content=\"https:\/\/www.navarroaubanell.com\/wp-content\/uploads\/2024\/10\/Mesa-Doga-1.png\" \/>\n\t<meta property=\"og:image:width\" content=\"1280\" \/>\n\t<meta property=\"og:image:height\" content=\"1040\" \/>\n\t<meta property=\"og:image:type\" content=\"image\/png\" \/>\n<meta name=\"twitter:label1\" content=\"Est. reading time\" \/>\n\t<meta name=\"twitter:data1\" content=\"2 minutes\" \/>\n<script type=\"application\/ld+json\" class=\"yoast-schema-graph\">{\"@context\":\"https:\\\/\\\/schema.org\",\"@graph\":[{\"@type\":\"WebPage\",\"@id\":\"https:\\\/\\\/www.navarroaubanell.com\\\/ca\\\/producte\\\/taula-auxiliar-doga-nardi-navarroaubanell\\\/\",\"url\":\"https:\\\/\\\/www.navarroaubanell.com\\\/ca\\\/producte\\\/taula-auxiliar-doga-nardi-navarroaubanell\\\/\",\"name\":\"Taula auxiliar Doga, Nardi- Navarro Aubanell\",\"isPartOf\":{\"@id\":\"https:\\\/\\\/www.navarroaubanell.com\\\/ca\\\/#website\"},\"primaryImageOfPage\":{\"@id\":\"https:\\\/\\\/www.navarroaubanell.com\\\/ca\\\/producte\\\/taula-auxiliar-doga-nardi-navarroaubanell\\\/#primaryimage\"},\"image\":{\"@id\":\"https:\\\/\\\/www.navarroaubanell.com\\\/ca\\\/producte\\\/taula-auxiliar-doga-nardi-navarroaubanell\\\/#primaryimage\"},\"thumbnailUrl\":\"https:\\\/\\\/www.navarroaubanell.com\\\/wp-content\\\/uploads\\\/2024\\\/10\\\/Mesa-Doga-1.png\",\"datePublished\":\"2024-10-21T10:18:13+00:00\",\"dateModified\":\"2024-10-21T15:07:05+00:00\",\"description\":\"Taula auxiliar Doga: disseny modern, resistent a exteriors, apilable i disponible en vuit colors mat, ideal per a terrasses i patis.\",\"breadcrumb\":{\"@id\":\"https:\\\/\\\/www.navarroaubanell.com\\\/ca\\\/producte\\\/taula-auxiliar-doga-nardi-navarroaubanell\\\/#breadcrumb\"},\"inLanguage\":\"ca\",\"potentialAction\":[{\"@type\":\"ReadAction\",\"target\":[\"https:\\\/\\\/www.navarroaubanell.com\\\/ca\\\/producte\\\/taula-auxiliar-doga-nardi-navarroaubanell\\\/\"]}]},{\"@type\":\"ImageObject\",\"inLanguage\":\"ca\",\"@id\":\"https:\\\/\\\/www.navarroaubanell.com\\\/ca\\\/producte\\\/taula-auxiliar-doga-nardi-navarroaubanell\\\/#primaryimage\",\"url\":\"https:\\\/\\\/www.navarroaubanell.com\\\/wp-content\\\/uploads\\\/2024\\\/10\\\/Mesa-Doga-1.png\",\"contentUrl\":\"https:\\\/\\\/www.navarroaubanell.com\\\/wp-content\\\/uploads\\\/2024\\\/10\\\/Mesa-Doga-1.png\",\"width\":1280,\"height\":1040,\"caption\":\"Mesa Doga\"},{\"@type\":\"BreadcrumbList\",\"@id\":\"https:\\\/\\\/www.navarroaubanell.com\\\/ca\\\/producte\\\/taula-auxiliar-doga-nardi-navarroaubanell\\\/#breadcrumb\",\"itemListElement\":[{\"@type\":\"ListItem\",\"position\":1,\"name\":\"Portada\",\"item\":\"https:\\\/\\\/www.navarroaubanell.com\\\/ca\\\/\"},{\"@type\":\"ListItem\",\"position\":2,\"name\":\"Productes\",\"item\":\"https:\\\/\\\/www.navarroaubanell.com\\\/productos\\\/\"},{\"@type\":\"ListItem\",\"position\":3,\"name\":\"Taula Auxiliar Doga\"}]},{\"@type\":\"WebSite\",\"@id\":\"https:\\\/\\\/www.navarroaubanell.com\\\/ca\\\/#website\",\"url\":\"https:\\\/\\\/www.navarroaubanell.com\\\/ca\\\/\",\"name\":\"Navarro Aubanell\",\"description\":\"Mobiliario para hoteler\u00eda, colectividades y oficinas\",\"publisher\":{\"@id\":\"https:\\\/\\\/www.navarroaubanell.com\\\/ca\\\/#organization\"},\"potentialAction\":[{\"@type\":\"SearchAction\",\"target\":{\"@type\":\"EntryPoint\",\"urlTemplate\":\"https:\\\/\\\/www.navarroaubanell.com\\\/ca\\\/?s={search_term_string}\"},\"query-input\":{\"@type\":\"PropertyValueSpecification\",\"valueRequired\":true,\"valueName\":\"search_term_string\"}}],\"inLanguage\":\"ca\"},{\"@type\":\"Organization\",\"@id\":\"https:\\\/\\\/www.navarroaubanell.com\\\/ca\\\/#organization\",\"name\":\"COMERCIAL NAVARRO AUBANELL, S.A\",\"url\":\"https:\\\/\\\/www.navarroaubanell.com\\\/ca\\\/\",\"logo\":{\"@type\":\"ImageObject\",\"inLanguage\":\"ca\",\"@id\":\"https:\\\/\\\/www.navarroaubanell.com\\\/ca\\\/#\\\/schema\\\/logo\\\/image\\\/\",\"url\":\"https:\\\/\\\/www.navarroaubanell.com\\\/wp-content\\\/uploads\\\/2017\\\/07\\\/logo-navarro-aubuanell.png\",\"contentUrl\":\"https:\\\/\\\/www.navarroaubanell.com\\\/wp-content\\\/uploads\\\/2017\\\/07\\\/logo-navarro-aubuanell.png\",\"width\":6304,\"height\":1154,\"caption\":\"COMERCIAL NAVARRO AUBANELL, S.A\"},\"image\":{\"@id\":\"https:\\\/\\\/www.navarroaubanell.com\\\/ca\\\/#\\\/schema\\\/logo\\\/image\\\/\"}}]}<\/script>\n<!-- \/ Yoast SEO plugin. -->","yoast_head_json":{"title":"Taula auxiliar Doga, Nardi- Navarro Aubanell","description":"Taula auxiliar Doga: disseny modern, resistent a exteriors, apilable i disponible en vuit colors mat, ideal per a terrasses i patis.","robots":{"index":"index","follow":"follow","max-snippet":"max-snippet:-1","max-image-preview":"max-image-preview:large","max-video-preview":"max-video-preview:-1"},"canonical":"https:\/\/www.navarroaubanell.com\/ca\/producte\/taula-auxiliar-doga-nardi-navarroaubanell\/","og_locale":"ca_ES","og_type":"article","og_title":"Taula auxiliar Doga, Nardi- Navarro Aubanell","og_description":"Taula auxiliar Doga: disseny modern, resistent a exteriors, apilable i disponible en vuit colors mat, ideal per a terrasses i patis.","og_url":"https:\/\/www.navarroaubanell.com\/ca\/producte\/taula-auxiliar-doga-nardi-navarroaubanell\/","og_site_name":"Navarro Aubanell","article_modified_time":"2024-10-21T15:07:05+00:00","og_image":[{"width":1280,"height":1040,"url":"https:\/\/www.navarroaubanell.com\/wp-content\/uploads\/2024\/10\/Mesa-Doga-1.png","type":"image\/png"}],"twitter_misc":{"Est. reading time":"2 minutes"},"schema":{"@context":"https:\/\/schema.org","@graph":[{"@type":"WebPage","@id":"https:\/\/www.navarroaubanell.com\/ca\/producte\/taula-auxiliar-doga-nardi-navarroaubanell\/","url":"https:\/\/www.navarroaubanell.com\/ca\/producte\/taula-auxiliar-doga-nardi-navarroaubanell\/","name":"Taula auxiliar Doga, Nardi- Navarro Aubanell","isPartOf":{"@id":"https:\/\/www.navarroaubanell.com\/ca\/#website"},"primaryImageOfPage":{"@id":"https:\/\/www.navarroaubanell.com\/ca\/producte\/taula-auxiliar-doga-nardi-navarroaubanell\/#primaryimage"},"image":{"@id":"https:\/\/www.navarroaubanell.com\/ca\/producte\/taula-auxiliar-doga-nardi-navarroaubanell\/#primaryimage"},"thumbnailUrl":"https:\/\/www.navarroaubanell.com\/wp-content\/uploads\/2024\/10\/Mesa-Doga-1.png","datePublished":"2024-10-21T10:18:13+00:00","dateModified":"2024-10-21T15:07:05+00:00","description":"Taula auxiliar Doga: disseny modern, resistent a exteriors, apilable i disponible en vuit colors mat, ideal per a terrasses i patis.","breadcrumb":{"@id":"https:\/\/www.navarroaubanell.com\/ca\/producte\/taula-auxiliar-doga-nardi-navarroaubanell\/#breadcrumb"},"inLanguage":"ca","potentialAction":[{"@type":"ReadAction","target":["https:\/\/www.navarroaubanell.com\/ca\/producte\/taula-auxiliar-doga-nardi-navarroaubanell\/"]}]},{"@type":"ImageObject","inLanguage":"ca","@id":"https:\/\/www.navarroaubanell.com\/ca\/producte\/taula-auxiliar-doga-nardi-navarroaubanell\/#primaryimage","url":"https:\/\/www.navarroaubanell.com\/wp-content\/uploads\/2024\/10\/Mesa-Doga-1.png","contentUrl":"https:\/\/www.navarroaubanell.com\/wp-content\/uploads\/2024\/10\/Mesa-Doga-1.png","width":1280,"height":1040,"caption":"Mesa Doga"},{"@type":"BreadcrumbList","@id":"https:\/\/www.navarroaubanell.com\/ca\/producte\/taula-auxiliar-doga-nardi-navarroaubanell\/#breadcrumb","itemListElement":[{"@type":"ListItem","position":1,"name":"Portada","item":"https:\/\/www.navarroaubanell.com\/ca\/"},{"@type":"ListItem","position":2,"name":"Productes","item":"https:\/\/www.navarroaubanell.com\/productos\/"},{"@type":"ListItem","position":3,"name":"Taula Auxiliar Doga"}]},{"@type":"WebSite","@id":"https:\/\/www.navarroaubanell.com\/ca\/#website","url":"https:\/\/www.navarroaubanell.com\/ca\/","name":"Navarro Aubanell","description":"Mobiliario para hoteler\u00eda, colectividades y oficinas","publisher":{"@id":"https:\/\/www.navarroaubanell.com\/ca\/#organization"},"potentialAction":[{"@type":"SearchAction","target":{"@type":"EntryPoint","urlTemplate":"https:\/\/www.navarroaubanell.com\/ca\/?s={search_term_string}"},"query-input":{"@type":"PropertyValueSpecification","valueRequired":true,"valueName":"search_term_string"}}],"inLanguage":"ca"},{"@type":"Organization","@id":"https:\/\/www.navarroaubanell.com\/ca\/#organization","name":"COMERCIAL NAVARRO AUBANELL, S.A","url":"https:\/\/www.navarroaubanell.com\/ca\/","logo":{"@type":"ImageObject","inLanguage":"ca","@id":"https:\/\/www.navarroaubanell.com\/ca\/#\/schema\/logo\/image\/","url":"https:\/\/www.navarroaubanell.com\/wp-content\/uploads\/2017\/07\/logo-navarro-aubuanell.png","contentUrl":"https:\/\/www.navarroaubanell.com\/wp-content\/uploads\/2017\/07\/logo-navarro-aubuanell.png","width":6304,"height":1154,"caption":"COMERCIAL NAVARRO AUBANELL, S.A"},"image":{"@id":"https:\/\/www.navarroaubanell.com\/ca\/#\/schema\/logo\/image\/"}}]}},"_links":{"self":[{"href":"https:\/\/www.navarroaubanell.com\/ca\/wp-json\/wp\/v2\/product\/40473","targetHints":{"allow":["GET"]}}],"collection":[{"href":"https:\/\/www.navarroaubanell.com\/ca\/wp-json\/wp\/v2\/product"}],"about":[{"href":"https:\/\/www.navarroaubanell.com\/ca\/wp-json\/wp\/v2\/types\/product"}],"wp:featuredmedia":[{"embeddable":true,"href":"https:\/\/www.navarroaubanell.com\/ca\/wp-json\/wp\/v2\/media\/44355"}],"wp:attachment":[{"href":"https:\/\/www.navarroaubanell.com\/ca\/wp-json\/wp\/v2\/media?parent=40473"}],"wp:term":[{"taxonomy":"product_brand","embeddable":true,"href":"https:\/\/www.navarroaubanell.com\/ca\/wp-json\/wp\/v2\/product_brand?post=40473"},{"taxonomy":"product_cat","embeddable":true,"href":"https:\/\/www.navarroaubanell.com\/ca\/wp-json\/wp\/v2\/product_cat?post=40473"},{"taxonomy":"product_tag","embeddable":true,"href":"https:\/\/www.navarroaubanell.com\/ca\/wp-json\/wp\/v2\/product_tag?post=40473"}],"curies":[{"name":"wp","href":"https:\/\/api.w.org\/{rel}","templated":true}]}}