{"id":40438,"date":"2024-10-21T10:58:30","date_gmt":"2024-10-21T08:58:30","guid":{"rendered":"https:\/\/www.navarroaubanell.com\/producto\/taburete-doga-nardi-navarroaubanell\/"},"modified":"2024-10-21T17:10:40","modified_gmt":"2024-10-21T15:10:40","slug":"tamboret-doga-nardi-navarroaubanell","status":"publish","type":"product","link":"https:\/\/www.navarroaubanell.com\/ca\/producte\/tamboret-doga-nardi-navarroaubanell\/","title":{"rendered":"Tamboret Doga"},"content":{"rendered":"<h5>Tamboret Doga: Innovaci\u00f3 i Estil per a Exteriors<\/h5>\n<div class=\"traductor-textarea form-group\">\n<div class=\"textarea-desti col-xs-12 col-sm-6\">\n<div class=\"form-control second-textarea\">El Tamboret Doga, part de la <a href=\"https:\/\/www.navarroaubanell.com\/ca\/producte\/familia-doga-nardi-navarroaubanell\/\">fam\u00edlia Doga<\/a>, es presenta com una opci\u00f3 vers\u00e0til i moderna, amb un toc de disseny nou i lleuger. Inspirat en la forma de les l\u00e0mines horitzontals, la seva est\u00e8tica \u00e9s fresca i funcional. Destaca pel seu seient sinu\u00f3s en forma de S que complementa perfectament el perfil arrodonit de la pe\u00e7a.<\/div>\n<\/div>\n<\/div>\n<h6>Materials d&#8217;Alta Qualitat i Resist\u00e8ncia<\/h6>\n<div class=\"traductor-textarea form-group\">\n<div class=\"textarea-desti col-xs-12 col-sm-6\">\n<div class=\"form-control second-textarea\">El tamboret Doga est\u00e0 fabricat en un monobloc de polipropil\u00e8 refor\u00e7at amb fibra de vidre i resines reciclables. El seu tractament anti-UV assegura que el tamboret pugui suportar llargues exposicions al sol sense risc de deterioraci\u00f3, fent-lo ideal per a terrasses, patis i altres ambients exteriors.<\/div>\n<\/div>\n<\/div>\n<h6>Colors Duradors i Elegants<\/h6>\n<div class=\"traductor-textarea form-group\">\n<div class=\"textarea-desti col-xs-12 col-sm-6\">\n<div class=\"form-control second-textarea\">Doga est\u00e0 disponible en vuit colors mat uniformes, aconseguits gr\u00e0cies al seu tenyit en massa, la qual cosa garanteix que el color es mantingui viu i ferm al llarg del temps, resistint les inclem\u00e8ncies del clima i el desgast diari.<\/div>\n<\/div>\n<\/div>\n<h6>Funcionalitat i Practicitat per a Hostaleria<\/h6>\n<div class=\"traductor-textarea form-group\">\n<div class=\"textarea-desti col-xs-12 col-sm-6\">\n<div class=\"form-control second-textarea\">Aquest tamboret apilable \u00e9s perfecte per a espais amb alta aflu\u00e8ncia de clients, on l&#8217;optimitzaci\u00f3 de l&#8217;emmagatzematge \u00e9s essencial. A m\u00e9s, els seus tacs antilliscants protegeixen el s\u00f2l i augmenten l&#8217;estabilitat, brindant major seguretat i durabilitat en qualsevol entorn.<\/div>\n<\/div>\n<\/div>\n","protected":false},"excerpt":{"rendered":"<p>Tamboret Doga: Innovaci\u00f3 i Estil per a Exteriors El Tamboret Doga, part de la fam\u00edlia Doga, es presenta com una opci\u00f3 vers\u00e0til i moderna, amb un toc de disseny nou i lleuger. Inspirat en la forma de les l\u00e0mines horitzontals, la seva est\u00e8tica \u00e9s fresca i funcional. Destaca pel seu seient sinu\u00f3s en forma de&hellip;<\/p>\n","protected":false},"featured_media":44455,"template":"","meta":{"_acf_changed":false},"product_brand":[],"product_cat":[563,1229,574],"product_tag":[1263,587,1496,640,951,949,1180],"class_list":{"0":"post-40438","1":"product","2":"type-product","3":"status-publish","4":"has-post-thumbnail","6":"product_cat-exterior-ca","7":"product_cat-novetats","8":"product_cat-tamborets-exterior","9":"product_tag-anti-rayos-uv-ca","10":"product_tag-apilable-ca","11":"product_tag-doga-ca","12":"product_tag-exterior-ca","13":"product_tag-nardi-ca","14":"product_tag-polipropileno-ca","15":"product_tag-sostenible","16":"description-off","18":"first","19":"instock","20":"shipping-taxable","21":"product-type-simple"},"acf":[],"yoast_head":"<!-- This site is optimized with the Yoast SEO plugin v27.0 - https:\/\/yoast.com\/product\/yoast-seo-wordpress\/ -->\n<title>Tamboret Doga, Nardi- Navarro Aubanell<\/title>\n<meta name=\"description\" content=\"Tamboret Doga: modern i apilable , ideal per a exteriors. Fabricat en polipropil\u00e8 fiberglass i resines reciclables. Anti-UV, 8 acoloreixis efecte mat.\" \/>\n<meta name=\"robots\" content=\"index, follow, max-snippet:-1, max-image-preview:large, max-video-preview:-1\" \/>\n<link rel=\"canonical\" href=\"https:\/\/www.navarroaubanell.com\/ca\/producte\/tamboret-doga-nardi-navarroaubanell\/\" \/>\n<meta property=\"og:locale\" content=\"ca_ES\" \/>\n<meta property=\"og:type\" content=\"article\" \/>\n<meta property=\"og:title\" content=\"Tamboret Doga, Nardi- Navarro Aubanell\" \/>\n<meta property=\"og:description\" content=\"Tamboret Doga: modern i apilable , ideal per a exteriors. Fabricat en polipropil\u00e8 fiberglass i resines reciclables. Anti-UV, 8 acoloreixis efecte mat.\" \/>\n<meta property=\"og:url\" content=\"https:\/\/www.navarroaubanell.com\/ca\/producte\/tamboret-doga-nardi-navarroaubanell\/\" \/>\n<meta property=\"og:site_name\" content=\"Navarro Aubanell\" \/>\n<meta property=\"article:modified_time\" content=\"2024-10-21T15:10:40+00:00\" \/>\n<meta property=\"og:image\" content=\"https:\/\/www.navarroaubanell.com\/wp-content\/uploads\/2024\/10\/Taburete-Doga-Photoroom.png\" \/>\n\t<meta property=\"og:image:width\" content=\"800\" \/>\n\t<meta property=\"og:image:height\" content=\"650\" \/>\n\t<meta property=\"og:image:type\" content=\"image\/png\" \/>\n<meta name=\"twitter:label1\" content=\"Est. reading time\" \/>\n\t<meta name=\"twitter:data1\" content=\"2 minutes\" \/>\n<script type=\"application\/ld+json\" class=\"yoast-schema-graph\">{\"@context\":\"https:\/\/schema.org\",\"@graph\":[{\"@type\":\"WebPage\",\"@id\":\"https:\/\/www.navarroaubanell.com\/ca\/producte\/tamboret-doga-nardi-navarroaubanell\/\",\"url\":\"https:\/\/www.navarroaubanell.com\/ca\/producte\/tamboret-doga-nardi-navarroaubanell\/\",\"name\":\"Tamboret Doga, Nardi- Navarro Aubanell\",\"isPartOf\":{\"@id\":\"https:\/\/www.navarroaubanell.com\/ca\/#website\"},\"primaryImageOfPage\":{\"@id\":\"https:\/\/www.navarroaubanell.com\/ca\/producte\/tamboret-doga-nardi-navarroaubanell\/#primaryimage\"},\"image\":{\"@id\":\"https:\/\/www.navarroaubanell.com\/ca\/producte\/tamboret-doga-nardi-navarroaubanell\/#primaryimage\"},\"thumbnailUrl\":\"https:\/\/www.navarroaubanell.com\/wp-content\/uploads\/2024\/10\/Taburete-Doga-Photoroom.png\",\"datePublished\":\"2024-10-21T08:58:30+00:00\",\"dateModified\":\"2024-10-21T15:10:40+00:00\",\"description\":\"Tamboret Doga: modern i apilable , ideal per a exteriors. Fabricat en polipropil\u00e8 fiberglass i resines reciclables. Anti-UV, 8 acoloreixis efecte mat.\",\"breadcrumb\":{\"@id\":\"https:\/\/www.navarroaubanell.com\/ca\/producte\/tamboret-doga-nardi-navarroaubanell\/#breadcrumb\"},\"inLanguage\":\"ca\",\"potentialAction\":[{\"@type\":\"ReadAction\",\"target\":[\"https:\/\/www.navarroaubanell.com\/ca\/producte\/tamboret-doga-nardi-navarroaubanell\/\"]}]},{\"@type\":\"ImageObject\",\"inLanguage\":\"ca\",\"@id\":\"https:\/\/www.navarroaubanell.com\/ca\/producte\/tamboret-doga-nardi-navarroaubanell\/#primaryimage\",\"url\":\"https:\/\/www.navarroaubanell.com\/wp-content\/uploads\/2024\/10\/Taburete-Doga-Photoroom.png\",\"contentUrl\":\"https:\/\/www.navarroaubanell.com\/wp-content\/uploads\/2024\/10\/Taburete-Doga-Photoroom.png\",\"width\":800,\"height\":650,\"caption\":\"Taburete Doga\"},{\"@type\":\"BreadcrumbList\",\"@id\":\"https:\/\/www.navarroaubanell.com\/ca\/producte\/tamboret-doga-nardi-navarroaubanell\/#breadcrumb\",\"itemListElement\":[{\"@type\":\"ListItem\",\"position\":1,\"name\":\"Portada\",\"item\":\"https:\/\/www.navarroaubanell.com\/ca\/\"},{\"@type\":\"ListItem\",\"position\":2,\"name\":\"Productes\",\"item\":\"https:\/\/www.navarroaubanell.com\/productos\/\"},{\"@type\":\"ListItem\",\"position\":3,\"name\":\"Tamboret Doga\"}]},{\"@type\":\"WebSite\",\"@id\":\"https:\/\/www.navarroaubanell.com\/ca\/#website\",\"url\":\"https:\/\/www.navarroaubanell.com\/ca\/\",\"name\":\"Navarro Aubanell\",\"description\":\"Mobiliario para hoteler\u00eda, colectividades y oficinas\",\"publisher\":{\"@id\":\"https:\/\/www.navarroaubanell.com\/ca\/#organization\"},\"potentialAction\":[{\"@type\":\"SearchAction\",\"target\":{\"@type\":\"EntryPoint\",\"urlTemplate\":\"https:\/\/www.navarroaubanell.com\/ca\/?s={search_term_string}\"},\"query-input\":{\"@type\":\"PropertyValueSpecification\",\"valueRequired\":true,\"valueName\":\"search_term_string\"}}],\"inLanguage\":\"ca\"},{\"@type\":\"Organization\",\"@id\":\"https:\/\/www.navarroaubanell.com\/ca\/#organization\",\"name\":\"COMERCIAL NAVARRO AUBANELL, S.A\",\"url\":\"https:\/\/www.navarroaubanell.com\/ca\/\",\"logo\":{\"@type\":\"ImageObject\",\"inLanguage\":\"ca\",\"@id\":\"https:\/\/www.navarroaubanell.com\/ca\/#\/schema\/logo\/image\/\",\"url\":\"https:\/\/www.navarroaubanell.com\/wp-content\/uploads\/2017\/07\/logo-navarro-aubuanell.png\",\"contentUrl\":\"https:\/\/www.navarroaubanell.com\/wp-content\/uploads\/2017\/07\/logo-navarro-aubuanell.png\",\"width\":6304,\"height\":1154,\"caption\":\"COMERCIAL NAVARRO AUBANELL, S.A\"},\"image\":{\"@id\":\"https:\/\/www.navarroaubanell.com\/ca\/#\/schema\/logo\/image\/\"}}]}<\/script>\n<!-- \/ Yoast SEO plugin. -->","yoast_head_json":{"title":"Tamboret Doga, Nardi- Navarro Aubanell","description":"Tamboret Doga: modern i apilable , ideal per a exteriors. Fabricat en polipropil\u00e8 fiberglass i resines reciclables. Anti-UV, 8 acoloreixis efecte mat.","robots":{"index":"index","follow":"follow","max-snippet":"max-snippet:-1","max-image-preview":"max-image-preview:large","max-video-preview":"max-video-preview:-1"},"canonical":"https:\/\/www.navarroaubanell.com\/ca\/producte\/tamboret-doga-nardi-navarroaubanell\/","og_locale":"ca_ES","og_type":"article","og_title":"Tamboret Doga, Nardi- Navarro Aubanell","og_description":"Tamboret Doga: modern i apilable , ideal per a exteriors. Fabricat en polipropil\u00e8 fiberglass i resines reciclables. Anti-UV, 8 acoloreixis efecte mat.","og_url":"https:\/\/www.navarroaubanell.com\/ca\/producte\/tamboret-doga-nardi-navarroaubanell\/","og_site_name":"Navarro Aubanell","article_modified_time":"2024-10-21T15:10:40+00:00","og_image":[{"width":800,"height":650,"url":"https:\/\/www.navarroaubanell.com\/wp-content\/uploads\/2024\/10\/Taburete-Doga-Photoroom.png","type":"image\/png"}],"twitter_misc":{"Est. reading time":"2 minutes"},"schema":{"@context":"https:\/\/schema.org","@graph":[{"@type":"WebPage","@id":"https:\/\/www.navarroaubanell.com\/ca\/producte\/tamboret-doga-nardi-navarroaubanell\/","url":"https:\/\/www.navarroaubanell.com\/ca\/producte\/tamboret-doga-nardi-navarroaubanell\/","name":"Tamboret Doga, Nardi- Navarro Aubanell","isPartOf":{"@id":"https:\/\/www.navarroaubanell.com\/ca\/#website"},"primaryImageOfPage":{"@id":"https:\/\/www.navarroaubanell.com\/ca\/producte\/tamboret-doga-nardi-navarroaubanell\/#primaryimage"},"image":{"@id":"https:\/\/www.navarroaubanell.com\/ca\/producte\/tamboret-doga-nardi-navarroaubanell\/#primaryimage"},"thumbnailUrl":"https:\/\/www.navarroaubanell.com\/wp-content\/uploads\/2024\/10\/Taburete-Doga-Photoroom.png","datePublished":"2024-10-21T08:58:30+00:00","dateModified":"2024-10-21T15:10:40+00:00","description":"Tamboret Doga: modern i apilable , ideal per a exteriors. Fabricat en polipropil\u00e8 fiberglass i resines reciclables. Anti-UV, 8 acoloreixis efecte mat.","breadcrumb":{"@id":"https:\/\/www.navarroaubanell.com\/ca\/producte\/tamboret-doga-nardi-navarroaubanell\/#breadcrumb"},"inLanguage":"ca","potentialAction":[{"@type":"ReadAction","target":["https:\/\/www.navarroaubanell.com\/ca\/producte\/tamboret-doga-nardi-navarroaubanell\/"]}]},{"@type":"ImageObject","inLanguage":"ca","@id":"https:\/\/www.navarroaubanell.com\/ca\/producte\/tamboret-doga-nardi-navarroaubanell\/#primaryimage","url":"https:\/\/www.navarroaubanell.com\/wp-content\/uploads\/2024\/10\/Taburete-Doga-Photoroom.png","contentUrl":"https:\/\/www.navarroaubanell.com\/wp-content\/uploads\/2024\/10\/Taburete-Doga-Photoroom.png","width":800,"height":650,"caption":"Taburete Doga"},{"@type":"BreadcrumbList","@id":"https:\/\/www.navarroaubanell.com\/ca\/producte\/tamboret-doga-nardi-navarroaubanell\/#breadcrumb","itemListElement":[{"@type":"ListItem","position":1,"name":"Portada","item":"https:\/\/www.navarroaubanell.com\/ca\/"},{"@type":"ListItem","position":2,"name":"Productes","item":"https:\/\/www.navarroaubanell.com\/productos\/"},{"@type":"ListItem","position":3,"name":"Tamboret Doga"}]},{"@type":"WebSite","@id":"https:\/\/www.navarroaubanell.com\/ca\/#website","url":"https:\/\/www.navarroaubanell.com\/ca\/","name":"Navarro Aubanell","description":"Mobiliario para hoteler\u00eda, colectividades y oficinas","publisher":{"@id":"https:\/\/www.navarroaubanell.com\/ca\/#organization"},"potentialAction":[{"@type":"SearchAction","target":{"@type":"EntryPoint","urlTemplate":"https:\/\/www.navarroaubanell.com\/ca\/?s={search_term_string}"},"query-input":{"@type":"PropertyValueSpecification","valueRequired":true,"valueName":"search_term_string"}}],"inLanguage":"ca"},{"@type":"Organization","@id":"https:\/\/www.navarroaubanell.com\/ca\/#organization","name":"COMERCIAL NAVARRO AUBANELL, S.A","url":"https:\/\/www.navarroaubanell.com\/ca\/","logo":{"@type":"ImageObject","inLanguage":"ca","@id":"https:\/\/www.navarroaubanell.com\/ca\/#\/schema\/logo\/image\/","url":"https:\/\/www.navarroaubanell.com\/wp-content\/uploads\/2017\/07\/logo-navarro-aubuanell.png","contentUrl":"https:\/\/www.navarroaubanell.com\/wp-content\/uploads\/2017\/07\/logo-navarro-aubuanell.png","width":6304,"height":1154,"caption":"COMERCIAL NAVARRO AUBANELL, S.A"},"image":{"@id":"https:\/\/www.navarroaubanell.com\/ca\/#\/schema\/logo\/image\/"}}]}},"_links":{"self":[{"href":"https:\/\/www.navarroaubanell.com\/ca\/wp-json\/wp\/v2\/product\/40438","targetHints":{"allow":["GET"]}}],"collection":[{"href":"https:\/\/www.navarroaubanell.com\/ca\/wp-json\/wp\/v2\/product"}],"about":[{"href":"https:\/\/www.navarroaubanell.com\/ca\/wp-json\/wp\/v2\/types\/product"}],"wp:featuredmedia":[{"embeddable":true,"href":"https:\/\/www.navarroaubanell.com\/ca\/wp-json\/wp\/v2\/media\/44455"}],"wp:attachment":[{"href":"https:\/\/www.navarroaubanell.com\/ca\/wp-json\/wp\/v2\/media?parent=40438"}],"wp:term":[{"taxonomy":"product_brand","embeddable":true,"href":"https:\/\/www.navarroaubanell.com\/ca\/wp-json\/wp\/v2\/product_brand?post=40438"},{"taxonomy":"product_cat","embeddable":true,"href":"https:\/\/www.navarroaubanell.com\/ca\/wp-json\/wp\/v2\/product_cat?post=40438"},{"taxonomy":"product_tag","embeddable":true,"href":"https:\/\/www.navarroaubanell.com\/ca\/wp-json\/wp\/v2\/product_tag?post=40438"}],"curies":[{"name":"wp","href":"https:\/\/api.w.org\/{rel}","templated":true}]}}