{"id":40369,"date":"2024-10-18T12:54:48","date_gmt":"2024-10-18T13:21:22","guid":{"rendered":"https:\/\/www.navarroaubanell.com\/?post_type=product&#038;p=40369"},"modified":"2024-10-24T15:36:52","modified_gmt":"2024-10-24T13:36:52","slug":"conjunt-maximo-nardi-navarroaubanell-2","status":"publish","type":"product","link":"https:\/\/www.navarroaubanell.com\/ca\/producte\/conjunt-maximo-nardi-navarroaubanell-2\/","title":{"rendered":"Conjunt M\u00e1ximo"},"content":{"rendered":"<div class=\"flex-shrink-0 flex flex-col relative items-end\">\n<div>\n<div class=\"pt-0\">\n<div class=\"gizmo-bot-avatar flex h-8 w-8 items-center justify-center overflow-hidden rounded-full\">\n<h5 class=\"relative p-1 rounded-sm flex items-center justify-center bg-token-main-surface-primary text-token-text-primary h-8 w-8\">Conjunt M\u00e1ximo: Versatilitat, Estil i Sostenibilitat per a Qualsevol Espai<\/h5>\n<\/div>\n<\/div>\n<\/div>\n<\/div>\n<div class=\"group\/conversation-turn relative flex w-full min-w-0 flex-col agent-turn\">\n<div class=\"flex-col gap-1 md:gap-3\">\n<div class=\"flex max-w-full flex-col flex-grow\">\n<div class=\"min-h-8 text-message flex w-full flex-col items-end gap-2 whitespace-normal break-words [.text-message+&amp;]:mt-5\" dir=\"auto\" data-message-author-role=\"assistant\" data-message-id=\"2e5befd9-8480-4cdb-9483-49611ac790d8\" data-message-model-slug=\"gpt-4o\">\n<div class=\"flex w-full flex-col gap-1 empty:hidden first:pt-[3px]\">\n<div class=\"markdown prose w-full break-words dark:prose-invert light\">\n<div class=\"traductor-textarea form-group\">\n<div class=\"textarea-desti col-xs-12 col-sm-6\">\n<div class=\"form-control second-textarea\">El conjunt M\u00e1ximo destaca per la seva versatilitat. La\u00a0<a href=\"https:\/\/www.navarroaubanell.com\/ca\/?post_type=product&amp;p=40280\">butaca<\/a> es converteix f\u00e0cilment en un <a href=\"https:\/\/www.navarroaubanell.com\/ca\/producte\/sofa-maximo-nardi-navarroaubanell\/\">sof\u00e0<\/a>, i en afegir el\u00a0<a href=\"https:\/\/www.navarroaubanell.com\/ca\/producte\/puf-maximo-nardi-navarroaubanell\/\">puf<\/a>, pots crear una chaiselongue o sumar un seient extra. A m\u00e9s, compta tamb\u00e9 amb una <a href=\"https:\/\/www.navarroaubanell.com\/ca\/producte\/conjunt-maximo-nardi-navarroaubanell-2\/\">tauleta auxiliar<\/a> que completa el conjunt i afageix funcionalitat. El seu disseny modular permet personalitzar qualsevol espai d\u2019acord amb les teves necessitats i prefer\u00e8ncies.<\/div>\n<\/div>\n<\/div>\n<h6>Materials resistents i sostenibles<\/h6>\n<div class=\"traductor-textarea form-group\">\n<div class=\"textarea-desti col-xs-12 col-sm-6\">\n<div class=\"form-control second-textarea\">Fabricat en polipropil\u00e8\u00a0<em>fiberglass<\/em>\u00a0regenerat, el conjunt M\u00e1ximo garanteix durabilitat al mateix temps que reafirma el seu comprom\u00eds amb la sostenibilitat. A m\u00e9s, est\u00e0 equipat amb un tractament anti-UV que assegura una resist\u00e8ncia \u00f2ptima en exteriors.<\/div>\n<\/div>\n<\/div>\n<h6>Varietat de colors<\/h6>\n<div class=\"traductor-textarea form-group\">\n<div class=\"textarea-desti col-xs-12 col-sm-6\">\n<div class=\"form-control second-textarea\">El conjunt M\u00e1ximo est\u00e0 disponible en diverses combinacions de colors per a l\u2019estructura i els coixins, permetent que s\u2019adapti a diferents ambients decoratius. Des de terrasses modernes fins a jardins cl\u00e0ssics, M\u00e1ximo aporta estil i eleg\u00e0ncia al teu espai.<\/div>\n<\/div>\n<\/div>\n<h6>Coixins amb protecci\u00f3<\/h6>\n<p>Els coixins no sols ofereixen gran comoditat, sin\u00f3 que tamb\u00e9 compten amb tractaments hidrorrepelents i antitaques, assegurant que mantinguin la seva est\u00e8tica impecable i facilitant la seva neteja i manteniment diari.<br \/>\n<em>*Els coixins decoratius s\u00f3n addicionals<\/em><\/p>\n<h6>Disseny modular flexible i adaptable<\/h6>\n<div class=\"traductor-textarea form-group\">\n<div class=\"textarea-desti col-xs-12 col-sm-6\">\n<div class=\"form-control second-textarea\">La combinaci\u00f3 de butaques i puf del conjunt M\u00e1ximo s\u2019ajusta perfectament a qualsevol necessitat, brindant confort, durabilitat i estil tant en entorns interiors com exteriors, creant un espai \u00fanic i acollidor.<\/div>\n<\/div>\n<\/div>\n<\/div>\n<\/div>\n<\/div>\n<\/div>\n<\/div>\n<\/div>\n","protected":false},"excerpt":{"rendered":"<p>Conjunt M\u00e1ximo: Versatilitat, Estil i Sostenibilitat per a Qualsevol Espai El conjunt M\u00e1ximo destaca per la seva versatilitat. La\u00a0butaca es converteix f\u00e0cilment en un sof\u00e0, i en afegir el\u00a0puf, pots crear una chaiselongue o sumar un seient extra. A m\u00e9s, compta tamb\u00e9 amb una tauleta auxiliar que completa el conjunt i afageix funcionalitat. El seu&hellip;<\/p>\n","protected":false},"featured_media":40364,"template":"","meta":{"_acf_changed":false},"product_brand":[],"product_cat":[565,563,1229,1519],"product_tag":[1263,1447,605,617,640,1490,951,949,1196,754,1180,696],"class_list":{"0":"post-40369","1":"product","2":"type-product","3":"status-publish","4":"has-post-thumbnail","6":"product_cat-conjunts-exterior","7":"product_cat-exterior-ca","8":"product_cat-novetats","9":"product_cat-reciclat","10":"product_tag-anti-rayos-uv-ca","11":"product_tag-antimanchas-ca","12":"product_tag-butaca-ca","13":"product_tag-conjunt","14":"product_tag-exterior-ca","15":"product_tag-maximo-ca","16":"product_tag-nardi-ca","17":"product_tag-polipropileno-ca","18":"product_tag-puf-ca","19":"product_tag-sofa-ca","20":"product_tag-sostenible","21":"product_tag-taula-auxiliar","22":"description-off","24":"first","25":"instock","26":"shipping-taxable","27":"product-type-simple"},"acf":[],"yoast_head":"<!-- This site is optimized with the Yoast SEO plugin v27.5 - https:\/\/yoast.com\/product\/yoast-seo-wordpress\/ -->\n<title>Conjunt M\u00e1ximo, Nardi- Navarro Aubanell<\/title>\n<meta name=\"description\" content=\"Conjunt M\u00e0xim: vers\u00e0til i sostenible, amb disseny modular adaptable. Materials resistents, colors variats i coixins hidrorrepelentes i antitaques.\" \/>\n<meta name=\"robots\" content=\"index, follow, max-snippet:-1, max-image-preview:large, max-video-preview:-1\" \/>\n<link rel=\"canonical\" href=\"https:\/\/www.navarroaubanell.com\/ca\/producte\/conjunt-maximo-nardi-navarroaubanell-2\/\" \/>\n<meta property=\"og:locale\" content=\"ca_ES\" \/>\n<meta property=\"og:type\" content=\"article\" \/>\n<meta property=\"og:title\" content=\"Conjunt M\u00e1ximo, Nardi- Navarro Aubanell\" \/>\n<meta property=\"og:description\" content=\"Conjunt M\u00e0xim: vers\u00e0til i sostenible, amb disseny modular adaptable. Materials resistents, colors variats i coixins hidrorrepelentes i antitaques.\" \/>\n<meta property=\"og:url\" content=\"https:\/\/www.navarroaubanell.com\/ca\/producte\/conjunt-maximo-nardi-navarroaubanell-2\/\" \/>\n<meta property=\"og:site_name\" content=\"Navarro Aubanell\" \/>\n<meta property=\"article:modified_time\" content=\"2024-10-24T13:36:52+00:00\" \/>\n<meta property=\"og:image\" content=\"https:\/\/www.navarroaubanell.com\/wp-content\/uploads\/2024\/10\/maximo-galleryoutdoor-5-1.jpg\" \/>\n\t<meta property=\"og:image:width\" content=\"1280\" \/>\n\t<meta property=\"og:image:height\" content=\"1040\" \/>\n\t<meta property=\"og:image:type\" content=\"image\/jpeg\" \/>\n<meta name=\"twitter:label1\" content=\"Est. reading time\" \/>\n\t<meta name=\"twitter:data1\" content=\"2 minutes\" \/>\n<script type=\"application\/ld+json\" class=\"yoast-schema-graph\">{\"@context\":\"https:\\\/\\\/schema.org\",\"@graph\":[{\"@type\":\"WebPage\",\"@id\":\"https:\\\/\\\/www.navarroaubanell.com\\\/ca\\\/producte\\\/conjunt-maximo-nardi-navarroaubanell-2\\\/\",\"url\":\"https:\\\/\\\/www.navarroaubanell.com\\\/ca\\\/producte\\\/conjunt-maximo-nardi-navarroaubanell-2\\\/\",\"name\":\"Conjunt M\u00e1ximo, Nardi- Navarro Aubanell\",\"isPartOf\":{\"@id\":\"https:\\\/\\\/www.navarroaubanell.com\\\/ca\\\/#website\"},\"primaryImageOfPage\":{\"@id\":\"https:\\\/\\\/www.navarroaubanell.com\\\/ca\\\/producte\\\/conjunt-maximo-nardi-navarroaubanell-2\\\/#primaryimage\"},\"image\":{\"@id\":\"https:\\\/\\\/www.navarroaubanell.com\\\/ca\\\/producte\\\/conjunt-maximo-nardi-navarroaubanell-2\\\/#primaryimage\"},\"thumbnailUrl\":\"https:\\\/\\\/www.navarroaubanell.com\\\/wp-content\\\/uploads\\\/2024\\\/10\\\/maximo-galleryoutdoor-5-1.jpg\",\"datePublished\":\"2024-10-18T13:21:22+00:00\",\"dateModified\":\"2024-10-24T13:36:52+00:00\",\"description\":\"Conjunt M\u00e0xim: vers\u00e0til i sostenible, amb disseny modular adaptable. Materials resistents, colors variats i coixins hidrorrepelentes i antitaques.\",\"breadcrumb\":{\"@id\":\"https:\\\/\\\/www.navarroaubanell.com\\\/ca\\\/producte\\\/conjunt-maximo-nardi-navarroaubanell-2\\\/#breadcrumb\"},\"inLanguage\":\"ca\",\"potentialAction\":[{\"@type\":\"ReadAction\",\"target\":[\"https:\\\/\\\/www.navarroaubanell.com\\\/ca\\\/producte\\\/conjunt-maximo-nardi-navarroaubanell-2\\\/\"]}]},{\"@type\":\"ImageObject\",\"inLanguage\":\"ca\",\"@id\":\"https:\\\/\\\/www.navarroaubanell.com\\\/ca\\\/producte\\\/conjunt-maximo-nardi-navarroaubanell-2\\\/#primaryimage\",\"url\":\"https:\\\/\\\/www.navarroaubanell.com\\\/wp-content\\\/uploads\\\/2024\\\/10\\\/maximo-galleryoutdoor-5-1.jpg\",\"contentUrl\":\"https:\\\/\\\/www.navarroaubanell.com\\\/wp-content\\\/uploads\\\/2024\\\/10\\\/maximo-galleryoutdoor-5-1.jpg\",\"width\":1280,\"height\":1040,\"caption\":\"Conjunt M\u00e1ximo\"},{\"@type\":\"BreadcrumbList\",\"@id\":\"https:\\\/\\\/www.navarroaubanell.com\\\/ca\\\/producte\\\/conjunt-maximo-nardi-navarroaubanell-2\\\/#breadcrumb\",\"itemListElement\":[{\"@type\":\"ListItem\",\"position\":1,\"name\":\"Portada\",\"item\":\"https:\\\/\\\/www.navarroaubanell.com\\\/ca\\\/\"},{\"@type\":\"ListItem\",\"position\":2,\"name\":\"Productes\",\"item\":\"https:\\\/\\\/www.navarroaubanell.com\\\/productos\\\/\"},{\"@type\":\"ListItem\",\"position\":3,\"name\":\"Conjunt M\u00e1ximo\"}]},{\"@type\":\"WebSite\",\"@id\":\"https:\\\/\\\/www.navarroaubanell.com\\\/ca\\\/#website\",\"url\":\"https:\\\/\\\/www.navarroaubanell.com\\\/ca\\\/\",\"name\":\"Navarro Aubanell\",\"description\":\"Mobiliario para hoteler\u00eda, colectividades y oficinas\",\"publisher\":{\"@id\":\"https:\\\/\\\/www.navarroaubanell.com\\\/ca\\\/#organization\"},\"potentialAction\":[{\"@type\":\"SearchAction\",\"target\":{\"@type\":\"EntryPoint\",\"urlTemplate\":\"https:\\\/\\\/www.navarroaubanell.com\\\/ca\\\/?s={search_term_string}\"},\"query-input\":{\"@type\":\"PropertyValueSpecification\",\"valueRequired\":true,\"valueName\":\"search_term_string\"}}],\"inLanguage\":\"ca\"},{\"@type\":\"Organization\",\"@id\":\"https:\\\/\\\/www.navarroaubanell.com\\\/ca\\\/#organization\",\"name\":\"COMERCIAL NAVARRO AUBANELL, S.A\",\"url\":\"https:\\\/\\\/www.navarroaubanell.com\\\/ca\\\/\",\"logo\":{\"@type\":\"ImageObject\",\"inLanguage\":\"ca\",\"@id\":\"https:\\\/\\\/www.navarroaubanell.com\\\/ca\\\/#\\\/schema\\\/logo\\\/image\\\/\",\"url\":\"https:\\\/\\\/www.navarroaubanell.com\\\/wp-content\\\/uploads\\\/2017\\\/07\\\/logo-navarro-aubuanell.png\",\"contentUrl\":\"https:\\\/\\\/www.navarroaubanell.com\\\/wp-content\\\/uploads\\\/2017\\\/07\\\/logo-navarro-aubuanell.png\",\"width\":6304,\"height\":1154,\"caption\":\"COMERCIAL NAVARRO AUBANELL, S.A\"},\"image\":{\"@id\":\"https:\\\/\\\/www.navarroaubanell.com\\\/ca\\\/#\\\/schema\\\/logo\\\/image\\\/\"}}]}<\/script>\n<!-- \/ Yoast SEO plugin. -->","yoast_head_json":{"title":"Conjunt M\u00e1ximo, Nardi- Navarro Aubanell","description":"Conjunt M\u00e0xim: vers\u00e0til i sostenible, amb disseny modular adaptable. Materials resistents, colors variats i coixins hidrorrepelentes i antitaques.","robots":{"index":"index","follow":"follow","max-snippet":"max-snippet:-1","max-image-preview":"max-image-preview:large","max-video-preview":"max-video-preview:-1"},"canonical":"https:\/\/www.navarroaubanell.com\/ca\/producte\/conjunt-maximo-nardi-navarroaubanell-2\/","og_locale":"ca_ES","og_type":"article","og_title":"Conjunt M\u00e1ximo, Nardi- Navarro Aubanell","og_description":"Conjunt M\u00e0xim: vers\u00e0til i sostenible, amb disseny modular adaptable. Materials resistents, colors variats i coixins hidrorrepelentes i antitaques.","og_url":"https:\/\/www.navarroaubanell.com\/ca\/producte\/conjunt-maximo-nardi-navarroaubanell-2\/","og_site_name":"Navarro Aubanell","article_modified_time":"2024-10-24T13:36:52+00:00","og_image":[{"width":1280,"height":1040,"url":"https:\/\/www.navarroaubanell.com\/wp-content\/uploads\/2024\/10\/maximo-galleryoutdoor-5-1.jpg","type":"image\/jpeg"}],"twitter_misc":{"Est. reading time":"2 minutes"},"schema":{"@context":"https:\/\/schema.org","@graph":[{"@type":"WebPage","@id":"https:\/\/www.navarroaubanell.com\/ca\/producte\/conjunt-maximo-nardi-navarroaubanell-2\/","url":"https:\/\/www.navarroaubanell.com\/ca\/producte\/conjunt-maximo-nardi-navarroaubanell-2\/","name":"Conjunt M\u00e1ximo, Nardi- Navarro Aubanell","isPartOf":{"@id":"https:\/\/www.navarroaubanell.com\/ca\/#website"},"primaryImageOfPage":{"@id":"https:\/\/www.navarroaubanell.com\/ca\/producte\/conjunt-maximo-nardi-navarroaubanell-2\/#primaryimage"},"image":{"@id":"https:\/\/www.navarroaubanell.com\/ca\/producte\/conjunt-maximo-nardi-navarroaubanell-2\/#primaryimage"},"thumbnailUrl":"https:\/\/www.navarroaubanell.com\/wp-content\/uploads\/2024\/10\/maximo-galleryoutdoor-5-1.jpg","datePublished":"2024-10-18T13:21:22+00:00","dateModified":"2024-10-24T13:36:52+00:00","description":"Conjunt M\u00e0xim: vers\u00e0til i sostenible, amb disseny modular adaptable. Materials resistents, colors variats i coixins hidrorrepelentes i antitaques.","breadcrumb":{"@id":"https:\/\/www.navarroaubanell.com\/ca\/producte\/conjunt-maximo-nardi-navarroaubanell-2\/#breadcrumb"},"inLanguage":"ca","potentialAction":[{"@type":"ReadAction","target":["https:\/\/www.navarroaubanell.com\/ca\/producte\/conjunt-maximo-nardi-navarroaubanell-2\/"]}]},{"@type":"ImageObject","inLanguage":"ca","@id":"https:\/\/www.navarroaubanell.com\/ca\/producte\/conjunt-maximo-nardi-navarroaubanell-2\/#primaryimage","url":"https:\/\/www.navarroaubanell.com\/wp-content\/uploads\/2024\/10\/maximo-galleryoutdoor-5-1.jpg","contentUrl":"https:\/\/www.navarroaubanell.com\/wp-content\/uploads\/2024\/10\/maximo-galleryoutdoor-5-1.jpg","width":1280,"height":1040,"caption":"Conjunt M\u00e1ximo"},{"@type":"BreadcrumbList","@id":"https:\/\/www.navarroaubanell.com\/ca\/producte\/conjunt-maximo-nardi-navarroaubanell-2\/#breadcrumb","itemListElement":[{"@type":"ListItem","position":1,"name":"Portada","item":"https:\/\/www.navarroaubanell.com\/ca\/"},{"@type":"ListItem","position":2,"name":"Productes","item":"https:\/\/www.navarroaubanell.com\/productos\/"},{"@type":"ListItem","position":3,"name":"Conjunt M\u00e1ximo"}]},{"@type":"WebSite","@id":"https:\/\/www.navarroaubanell.com\/ca\/#website","url":"https:\/\/www.navarroaubanell.com\/ca\/","name":"Navarro Aubanell","description":"Mobiliario para hoteler\u00eda, colectividades y oficinas","publisher":{"@id":"https:\/\/www.navarroaubanell.com\/ca\/#organization"},"potentialAction":[{"@type":"SearchAction","target":{"@type":"EntryPoint","urlTemplate":"https:\/\/www.navarroaubanell.com\/ca\/?s={search_term_string}"},"query-input":{"@type":"PropertyValueSpecification","valueRequired":true,"valueName":"search_term_string"}}],"inLanguage":"ca"},{"@type":"Organization","@id":"https:\/\/www.navarroaubanell.com\/ca\/#organization","name":"COMERCIAL NAVARRO AUBANELL, S.A","url":"https:\/\/www.navarroaubanell.com\/ca\/","logo":{"@type":"ImageObject","inLanguage":"ca","@id":"https:\/\/www.navarroaubanell.com\/ca\/#\/schema\/logo\/image\/","url":"https:\/\/www.navarroaubanell.com\/wp-content\/uploads\/2017\/07\/logo-navarro-aubuanell.png","contentUrl":"https:\/\/www.navarroaubanell.com\/wp-content\/uploads\/2017\/07\/logo-navarro-aubuanell.png","width":6304,"height":1154,"caption":"COMERCIAL NAVARRO AUBANELL, S.A"},"image":{"@id":"https:\/\/www.navarroaubanell.com\/ca\/#\/schema\/logo\/image\/"}}]}},"_links":{"self":[{"href":"https:\/\/www.navarroaubanell.com\/ca\/wp-json\/wp\/v2\/product\/40369","targetHints":{"allow":["GET"]}}],"collection":[{"href":"https:\/\/www.navarroaubanell.com\/ca\/wp-json\/wp\/v2\/product"}],"about":[{"href":"https:\/\/www.navarroaubanell.com\/ca\/wp-json\/wp\/v2\/types\/product"}],"wp:featuredmedia":[{"embeddable":true,"href":"https:\/\/www.navarroaubanell.com\/ca\/wp-json\/wp\/v2\/media\/40364"}],"wp:attachment":[{"href":"https:\/\/www.navarroaubanell.com\/ca\/wp-json\/wp\/v2\/media?parent=40369"}],"wp:term":[{"taxonomy":"product_brand","embeddable":true,"href":"https:\/\/www.navarroaubanell.com\/ca\/wp-json\/wp\/v2\/product_brand?post=40369"},{"taxonomy":"product_cat","embeddable":true,"href":"https:\/\/www.navarroaubanell.com\/ca\/wp-json\/wp\/v2\/product_cat?post=40369"},{"taxonomy":"product_tag","embeddable":true,"href":"https:\/\/www.navarroaubanell.com\/ca\/wp-json\/wp\/v2\/product_tag?post=40369"}],"curies":[{"name":"wp","href":"https:\/\/api.w.org\/{rel}","templated":true}]}}