{"id":40353,"date":"2024-10-18T11:56:48","date_gmt":"2024-10-18T10:07:47","guid":{"rendered":"https:\/\/www.navarroaubanell.com\/?post_type=product&#038;p=40353"},"modified":"2024-10-18T15:36:54","modified_gmt":"2024-10-18T13:36:54","slug":"puf-maximo-nardi-navarroaubanell","status":"publish","type":"product","link":"https:\/\/www.navarroaubanell.com\/ca\/producte\/puf-maximo-nardi-navarroaubanell\/","title":{"rendered":"Puf M\u00e1ximo"},"content":{"rendered":"<div class=\"flex-shrink-0 flex flex-col relative items-end\">\n<div class=\"pt-0\">\n<div class=\"gizmo-bot-avatar flex h-8 w-8 items-center justify-center overflow-hidden rounded-full\">\n<div class=\"flex-shrink-0 flex flex-col relative items-end\">\n<div>\n<div class=\"pt-0\">\n<div class=\"gizmo-bot-avatar flex h-8 w-8 items-center justify-center overflow-hidden rounded-full\">\n<h5 class=\"relative p-1 rounded-sm flex items-center justify-center bg-token-main-surface-primary text-token-text-primary h-8 w-8\"><strong>Puf M\u00e1ximo: Versatilitat i Comoditat<\/strong><\/h5>\n<\/div>\n<\/div>\n<\/div>\n<\/div>\n<div class=\"group\/conversation-turn relative flex w-full min-w-0 flex-col agent-turn\">\n<div class=\"flex-col gap-1 md:gap-3\">\n<div class=\"flex max-w-full flex-col flex-grow\">\n<div class=\"min-h-8 text-message flex w-full flex-col items-end gap-2 whitespace-normal break-words [.text-message+&amp;]:mt-5\" dir=\"auto\" data-message-author-role=\"assistant\" data-message-id=\"aa933c16-290f-4f46-838b-a894ed028407\" data-message-model-slug=\"gpt-4o\">\n<div class=\"flex w-full flex-col gap-1 empty:hidden first:pt-[3px]\">\n<div class=\"markdown prose w-full break-words dark:prose-invert light\">\n<h6><strong>Una pe\u00e7a complement\u00e0ria perfecta<\/strong><\/h6>\n<div class=\"traductor-textarea form-group\">\n<div class=\"textarea-desti col-xs-12 col-sm-6\">\n<div class=\"form-control second-textarea\">El puf M\u00e1ximo \u00e9s el complement ideal per a les butaques modulars de la mateixa col\u00b7lecci\u00f3. Pot ampliar la funcionalitat del teu espai en convertir una butaca en una <a href=\"https:\/\/www.navarroaubanell.com\/ca\/producte\/sofa-maximo-nardi-navarroaubanell\/\">sof\u00e0 <em>chaiselongue<\/em><\/a>, oferint infinites possibilitats per a crear ambients adaptats a les teves necessitats.<\/div>\n<\/div>\n<\/div>\n<h6><strong>Materials sostenible i resistents<\/strong><\/h6>\n<div class=\"traductor-textarea form-group\">\n<div class=\"textarea-desti col-xs-12 col-sm-6\">\n<div class=\"form-control second-textarea\">Fabricat amb una estructura de polipropil\u00e8 fiberglass regenerat, el puf M\u00e1ximo \u00e9s durador, sostenible i respectu\u00f3s amb el medi ambient. El seu tractament anti-UV el converteix en una excel\u00b7lent opci\u00f3 tant per a interiors com exteriors.<\/div>\n<\/div>\n<\/div>\n<h6><strong>Colors uniformes i de llarga durada<\/strong><\/h6>\n<div class=\"traductor-textarea form-group\">\n<div class=\"textarea-desti col-xs-12 col-sm-6\">\n<div class=\"form-control second-textarea\">Gr\u00e0cies al tenyit en massa, el puf M\u00e1ximo ofereix colors mat uniformes que perduren amb el pas del temps, sense deteriorar-se ni descolorir-se, mantenint sempre el seu aspecte modern i atractiu.<\/div>\n<\/div>\n<\/div>\n<h6><strong>Comoditat i funcionalitat<\/strong><\/h6>\n<div class=\"traductor-textarea form-group\">\n<div class=\"textarea-desti col-xs-12 col-sm-6\">\n<div class=\"form-control second-textarea\">El coix\u00ed del seient, compost d&#8217;escuma de poliuret\u00e0 recoberta amb buata de fibra de poli\u00e8ster, garanteix un confort excepcional. A m\u00e9s, compta amb un tractament hidrorrepelent i antitaques, fent que el manteniment sigui senzill i efica\u00e7. La funda, feta d&#8217;un 50% de fibra acr\u00edlica reciclada, refor\u00e7a el seu comprom\u00eds amb la sostenibilitat.<\/div>\n<\/div>\n<\/div>\n<h6><strong>Estabilitat garantida<\/strong><\/h6>\n<div class=\"traductor-textarea form-group\">\n<div class=\"textarea-desti col-xs-12 col-sm-6\">\n<div class=\"form-control second-textarea\">El puf inclou taps antilliscants per a assegurar una fixaci\u00f3 ferma al terra, aportant estabilitat i seguretat en qualsevol superf\u00edcie.<\/div>\n<\/div>\n<\/div>\n<\/div>\n<\/div>\n<\/div>\n<\/div>\n<\/div>\n<\/div>\n<\/div>\n<\/div>\n<\/div>\n<div><\/div>\n<div><a href=\"https:\/\/www.nardioutdoor.com\/media\/download\/scheda-maximopouf-25.pdf\">Fitxa t\u00e8cnica<\/a><\/div>\n","protected":false},"excerpt":{"rendered":"<p>Puf M\u00e1ximo: Versatilitat i Comoditat Una pe\u00e7a complement\u00e0ria perfecta El puf M\u00e1ximo \u00e9s el complement ideal per a les butaques modulars de la mateixa col\u00b7lecci\u00f3. Pot ampliar la funcionalitat del teu espai en convertir una butaca en una sof\u00e0 chaiselongue, oferint infinites possibilitats per a crear ambients adaptats a les teves necessitats. Materials sostenible i&hellip;<\/p>\n","protected":false},"featured_media":44385,"template":"","meta":{"_acf_changed":false},"product_brand":[],"product_cat":[563,525,532,571,1519],"product_tag":[1263,1447,640,1490,1196],"class_list":{"0":"post-40353","1":"product","2":"type-product","3":"status-publish","4":"has-post-thumbnail","6":"product_cat-exterior-ca","7":"product_cat-interior","8":"product_cat-poufs-ca","9":"product_cat-poufs-exterior-ca","10":"product_cat-reciclat","11":"product_tag-anti-rayos-uv-ca","12":"product_tag-antimanchas-ca","13":"product_tag-exterior-ca","14":"product_tag-maximo-ca","15":"product_tag-puf-ca","16":"description-off","18":"first","19":"instock","20":"shipping-taxable","21":"product-type-simple"},"acf":[],"yoast_head":"<!-- This site is optimized with the Yoast SEO plugin v27.0 - https:\/\/yoast.com\/product\/yoast-seo-wordpress\/ -->\n<title>Puf M\u00e1ximo, Nardi- Navarro Aubanell<\/title>\n<meta name=\"description\" content=\"Puf M\u00e1ximo: vers\u00e0til, resistent i sostenible. Complement ideal per a espais modulars, amb materials reciclats i tractament hidrorrepelente.\" \/>\n<meta name=\"robots\" content=\"index, follow, max-snippet:-1, max-image-preview:large, max-video-preview:-1\" \/>\n<link rel=\"canonical\" href=\"https:\/\/www.navarroaubanell.com\/ca\/producte\/puf-maximo-nardi-navarroaubanell\/\" \/>\n<meta property=\"og:locale\" content=\"ca_ES\" \/>\n<meta property=\"og:type\" content=\"article\" \/>\n<meta property=\"og:title\" content=\"Puf M\u00e1ximo, Nardi- Navarro Aubanell\" \/>\n<meta property=\"og:description\" content=\"Puf M\u00e1ximo: vers\u00e0til, resistent i sostenible. Complement ideal per a espais modulars, amb materials reciclats i tractament hidrorrepelente.\" \/>\n<meta property=\"og:url\" content=\"https:\/\/www.navarroaubanell.com\/ca\/producte\/puf-maximo-nardi-navarroaubanell\/\" \/>\n<meta property=\"og:site_name\" content=\"Navarro Aubanell\" \/>\n<meta property=\"article:modified_time\" content=\"2024-10-18T13:36:54+00:00\" \/>\n<meta property=\"og:image\" content=\"https:\/\/www.navarroaubanell.com\/wp-content\/uploads\/2024\/10\/maximopouf-terratimo-Photoroom.png\" \/>\n\t<meta property=\"og:image:width\" content=\"800\" \/>\n\t<meta property=\"og:image:height\" content=\"650\" \/>\n\t<meta property=\"og:image:type\" content=\"image\/png\" \/>\n<meta name=\"twitter:label1\" content=\"Est. reading time\" \/>\n\t<meta name=\"twitter:data1\" content=\"2 minutes\" \/>\n<script type=\"application\/ld+json\" class=\"yoast-schema-graph\">{\"@context\":\"https:\/\/schema.org\",\"@graph\":[{\"@type\":\"WebPage\",\"@id\":\"https:\/\/www.navarroaubanell.com\/ca\/producte\/puf-maximo-nardi-navarroaubanell\/\",\"url\":\"https:\/\/www.navarroaubanell.com\/ca\/producte\/puf-maximo-nardi-navarroaubanell\/\",\"name\":\"Puf M\u00e1ximo, Nardi- Navarro Aubanell\",\"isPartOf\":{\"@id\":\"https:\/\/www.navarroaubanell.com\/ca\/#website\"},\"primaryImageOfPage\":{\"@id\":\"https:\/\/www.navarroaubanell.com\/ca\/producte\/puf-maximo-nardi-navarroaubanell\/#primaryimage\"},\"image\":{\"@id\":\"https:\/\/www.navarroaubanell.com\/ca\/producte\/puf-maximo-nardi-navarroaubanell\/#primaryimage\"},\"thumbnailUrl\":\"https:\/\/www.navarroaubanell.com\/wp-content\/uploads\/2024\/10\/maximopouf-terratimo-Photoroom.png\",\"datePublished\":\"2024-10-18T10:07:47+00:00\",\"dateModified\":\"2024-10-18T13:36:54+00:00\",\"description\":\"Puf M\u00e1ximo: vers\u00e0til, resistent i sostenible. Complement ideal per a espais modulars, amb materials reciclats i tractament hidrorrepelente.\",\"breadcrumb\":{\"@id\":\"https:\/\/www.navarroaubanell.com\/ca\/producte\/puf-maximo-nardi-navarroaubanell\/#breadcrumb\"},\"inLanguage\":\"ca\",\"potentialAction\":[{\"@type\":\"ReadAction\",\"target\":[\"https:\/\/www.navarroaubanell.com\/ca\/producte\/puf-maximo-nardi-navarroaubanell\/\"]}]},{\"@type\":\"ImageObject\",\"inLanguage\":\"ca\",\"@id\":\"https:\/\/www.navarroaubanell.com\/ca\/producte\/puf-maximo-nardi-navarroaubanell\/#primaryimage\",\"url\":\"https:\/\/www.navarroaubanell.com\/wp-content\/uploads\/2024\/10\/maximopouf-terratimo-Photoroom.png\",\"contentUrl\":\"https:\/\/www.navarroaubanell.com\/wp-content\/uploads\/2024\/10\/maximopouf-terratimo-Photoroom.png\",\"width\":800,\"height\":650,\"caption\":\"Puf M\u00e1ximo\"},{\"@type\":\"BreadcrumbList\",\"@id\":\"https:\/\/www.navarroaubanell.com\/ca\/producte\/puf-maximo-nardi-navarroaubanell\/#breadcrumb\",\"itemListElement\":[{\"@type\":\"ListItem\",\"position\":1,\"name\":\"Portada\",\"item\":\"https:\/\/www.navarroaubanell.com\/ca\/\"},{\"@type\":\"ListItem\",\"position\":2,\"name\":\"Productes\",\"item\":\"https:\/\/www.navarroaubanell.com\/productos\/\"},{\"@type\":\"ListItem\",\"position\":3,\"name\":\"Puf M\u00e1ximo\"}]},{\"@type\":\"WebSite\",\"@id\":\"https:\/\/www.navarroaubanell.com\/ca\/#website\",\"url\":\"https:\/\/www.navarroaubanell.com\/ca\/\",\"name\":\"Navarro Aubanell\",\"description\":\"Mobiliario para hoteler\u00eda, colectividades y oficinas\",\"publisher\":{\"@id\":\"https:\/\/www.navarroaubanell.com\/ca\/#organization\"},\"potentialAction\":[{\"@type\":\"SearchAction\",\"target\":{\"@type\":\"EntryPoint\",\"urlTemplate\":\"https:\/\/www.navarroaubanell.com\/ca\/?s={search_term_string}\"},\"query-input\":{\"@type\":\"PropertyValueSpecification\",\"valueRequired\":true,\"valueName\":\"search_term_string\"}}],\"inLanguage\":\"ca\"},{\"@type\":\"Organization\",\"@id\":\"https:\/\/www.navarroaubanell.com\/ca\/#organization\",\"name\":\"COMERCIAL NAVARRO AUBANELL, S.A\",\"url\":\"https:\/\/www.navarroaubanell.com\/ca\/\",\"logo\":{\"@type\":\"ImageObject\",\"inLanguage\":\"ca\",\"@id\":\"https:\/\/www.navarroaubanell.com\/ca\/#\/schema\/logo\/image\/\",\"url\":\"https:\/\/www.navarroaubanell.com\/wp-content\/uploads\/2017\/07\/logo-navarro-aubuanell.png\",\"contentUrl\":\"https:\/\/www.navarroaubanell.com\/wp-content\/uploads\/2017\/07\/logo-navarro-aubuanell.png\",\"width\":6304,\"height\":1154,\"caption\":\"COMERCIAL NAVARRO AUBANELL, S.A\"},\"image\":{\"@id\":\"https:\/\/www.navarroaubanell.com\/ca\/#\/schema\/logo\/image\/\"}}]}<\/script>\n<!-- \/ Yoast SEO plugin. -->","yoast_head_json":{"title":"Puf M\u00e1ximo, Nardi- Navarro Aubanell","description":"Puf M\u00e1ximo: vers\u00e0til, resistent i sostenible. Complement ideal per a espais modulars, amb materials reciclats i tractament hidrorrepelente.","robots":{"index":"index","follow":"follow","max-snippet":"max-snippet:-1","max-image-preview":"max-image-preview:large","max-video-preview":"max-video-preview:-1"},"canonical":"https:\/\/www.navarroaubanell.com\/ca\/producte\/puf-maximo-nardi-navarroaubanell\/","og_locale":"ca_ES","og_type":"article","og_title":"Puf M\u00e1ximo, Nardi- Navarro Aubanell","og_description":"Puf M\u00e1ximo: vers\u00e0til, resistent i sostenible. Complement ideal per a espais modulars, amb materials reciclats i tractament hidrorrepelente.","og_url":"https:\/\/www.navarroaubanell.com\/ca\/producte\/puf-maximo-nardi-navarroaubanell\/","og_site_name":"Navarro Aubanell","article_modified_time":"2024-10-18T13:36:54+00:00","og_image":[{"width":800,"height":650,"url":"https:\/\/www.navarroaubanell.com\/wp-content\/uploads\/2024\/10\/maximopouf-terratimo-Photoroom.png","type":"image\/png"}],"twitter_misc":{"Est. reading time":"2 minutes"},"schema":{"@context":"https:\/\/schema.org","@graph":[{"@type":"WebPage","@id":"https:\/\/www.navarroaubanell.com\/ca\/producte\/puf-maximo-nardi-navarroaubanell\/","url":"https:\/\/www.navarroaubanell.com\/ca\/producte\/puf-maximo-nardi-navarroaubanell\/","name":"Puf M\u00e1ximo, Nardi- Navarro Aubanell","isPartOf":{"@id":"https:\/\/www.navarroaubanell.com\/ca\/#website"},"primaryImageOfPage":{"@id":"https:\/\/www.navarroaubanell.com\/ca\/producte\/puf-maximo-nardi-navarroaubanell\/#primaryimage"},"image":{"@id":"https:\/\/www.navarroaubanell.com\/ca\/producte\/puf-maximo-nardi-navarroaubanell\/#primaryimage"},"thumbnailUrl":"https:\/\/www.navarroaubanell.com\/wp-content\/uploads\/2024\/10\/maximopouf-terratimo-Photoroom.png","datePublished":"2024-10-18T10:07:47+00:00","dateModified":"2024-10-18T13:36:54+00:00","description":"Puf M\u00e1ximo: vers\u00e0til, resistent i sostenible. Complement ideal per a espais modulars, amb materials reciclats i tractament hidrorrepelente.","breadcrumb":{"@id":"https:\/\/www.navarroaubanell.com\/ca\/producte\/puf-maximo-nardi-navarroaubanell\/#breadcrumb"},"inLanguage":"ca","potentialAction":[{"@type":"ReadAction","target":["https:\/\/www.navarroaubanell.com\/ca\/producte\/puf-maximo-nardi-navarroaubanell\/"]}]},{"@type":"ImageObject","inLanguage":"ca","@id":"https:\/\/www.navarroaubanell.com\/ca\/producte\/puf-maximo-nardi-navarroaubanell\/#primaryimage","url":"https:\/\/www.navarroaubanell.com\/wp-content\/uploads\/2024\/10\/maximopouf-terratimo-Photoroom.png","contentUrl":"https:\/\/www.navarroaubanell.com\/wp-content\/uploads\/2024\/10\/maximopouf-terratimo-Photoroom.png","width":800,"height":650,"caption":"Puf M\u00e1ximo"},{"@type":"BreadcrumbList","@id":"https:\/\/www.navarroaubanell.com\/ca\/producte\/puf-maximo-nardi-navarroaubanell\/#breadcrumb","itemListElement":[{"@type":"ListItem","position":1,"name":"Portada","item":"https:\/\/www.navarroaubanell.com\/ca\/"},{"@type":"ListItem","position":2,"name":"Productes","item":"https:\/\/www.navarroaubanell.com\/productos\/"},{"@type":"ListItem","position":3,"name":"Puf M\u00e1ximo"}]},{"@type":"WebSite","@id":"https:\/\/www.navarroaubanell.com\/ca\/#website","url":"https:\/\/www.navarroaubanell.com\/ca\/","name":"Navarro Aubanell","description":"Mobiliario para hoteler\u00eda, colectividades y oficinas","publisher":{"@id":"https:\/\/www.navarroaubanell.com\/ca\/#organization"},"potentialAction":[{"@type":"SearchAction","target":{"@type":"EntryPoint","urlTemplate":"https:\/\/www.navarroaubanell.com\/ca\/?s={search_term_string}"},"query-input":{"@type":"PropertyValueSpecification","valueRequired":true,"valueName":"search_term_string"}}],"inLanguage":"ca"},{"@type":"Organization","@id":"https:\/\/www.navarroaubanell.com\/ca\/#organization","name":"COMERCIAL NAVARRO AUBANELL, S.A","url":"https:\/\/www.navarroaubanell.com\/ca\/","logo":{"@type":"ImageObject","inLanguage":"ca","@id":"https:\/\/www.navarroaubanell.com\/ca\/#\/schema\/logo\/image\/","url":"https:\/\/www.navarroaubanell.com\/wp-content\/uploads\/2017\/07\/logo-navarro-aubuanell.png","contentUrl":"https:\/\/www.navarroaubanell.com\/wp-content\/uploads\/2017\/07\/logo-navarro-aubuanell.png","width":6304,"height":1154,"caption":"COMERCIAL NAVARRO AUBANELL, S.A"},"image":{"@id":"https:\/\/www.navarroaubanell.com\/ca\/#\/schema\/logo\/image\/"}}]}},"_links":{"self":[{"href":"https:\/\/www.navarroaubanell.com\/ca\/wp-json\/wp\/v2\/product\/40353","targetHints":{"allow":["GET"]}}],"collection":[{"href":"https:\/\/www.navarroaubanell.com\/ca\/wp-json\/wp\/v2\/product"}],"about":[{"href":"https:\/\/www.navarroaubanell.com\/ca\/wp-json\/wp\/v2\/types\/product"}],"wp:featuredmedia":[{"embeddable":true,"href":"https:\/\/www.navarroaubanell.com\/ca\/wp-json\/wp\/v2\/media\/44385"}],"wp:attachment":[{"href":"https:\/\/www.navarroaubanell.com\/ca\/wp-json\/wp\/v2\/media?parent=40353"}],"wp:term":[{"taxonomy":"product_brand","embeddable":true,"href":"https:\/\/www.navarroaubanell.com\/ca\/wp-json\/wp\/v2\/product_brand?post=40353"},{"taxonomy":"product_cat","embeddable":true,"href":"https:\/\/www.navarroaubanell.com\/ca\/wp-json\/wp\/v2\/product_cat?post=40353"},{"taxonomy":"product_tag","embeddable":true,"href":"https:\/\/www.navarroaubanell.com\/ca\/wp-json\/wp\/v2\/product_tag?post=40353"}],"curies":[{"name":"wp","href":"https:\/\/api.w.org\/{rel}","templated":true}]}}