{"id":40222,"date":"2024-10-17T17:02:51","date_gmt":"2024-10-17T15:02:51","guid":{"rendered":"https:\/\/www.navarroaubanell.com\/producto\/familia-trill-nardi-navarroaubanell\/"},"modified":"2024-10-17T17:08:35","modified_gmt":"2024-10-17T15:08:35","slug":"familia-trill-nardi-navarroaubanell","status":"publish","type":"product","link":"https:\/\/www.navarroaubanell.com\/ca\/producte\/familia-trill-nardi-navarroaubanell\/","title":{"rendered":"Fam\u00edlia Trill"},"content":{"rendered":"<div class=\"flex-shrink-0 flex flex-col relative items-end\">\n<div>\n<div class=\"pt-0\">\n<div class=\"gizmo-bot-avatar flex h-8 w-8 items-center justify-center overflow-hidden rounded-full\">\n<h5 class=\"relative p-1 rounded-sm flex items-center justify-center bg-token-main-surface-primary text-token-text-primary h-8 w-8\">Fam\u00edlia Trill: Disseny Escultural i Atemporal<\/h5>\n<\/div>\n<\/div>\n<\/div>\n<\/div>\n<div class=\"group\/conversation-turn relative flex w-full min-w-0 flex-col agent-turn\">\n<div class=\"flex-col gap-1 md:gap-3\">\n<div class=\"flex max-w-full flex-col flex-grow\">\n<div class=\"min-h-8 text-message flex w-full flex-col items-end gap-2 whitespace-normal break-words [.text-message+&amp;]:mt-5\" dir=\"auto\" data-message-author-role=\"assistant\" data-message-id=\"6ed00daf-a11e-428e-961c-653b51c6e845\" data-message-model-slug=\"gpt-4o\">\n<div class=\"flex w-full flex-col gap-1 empty:hidden first:pt-[3px]\">\n<div class=\"markdown prose w-full break-words dark:prose-invert light\">\n<div class=\"traductor-textarea form-group\">\n<div class=\"textarea-desti col-xs-12 col-sm-6\">\n<div class=\"form-control second-textarea\">La fam\u00edlia Trill es caracteritza pel seu disseny escultural i harm\u00f2nic, amb l\u00ednies rectes per\u00f2 suaus que afegeixen una eleg\u00e0ncia atemporal a qualsevol espai. El seu estil modern i sofisticat converteix a Trill en una opci\u00f3 ideal per als qui busquen un toc de distinci\u00f3, tant en exteriors com en interiors.<\/div>\n<\/div>\n<\/div>\n<h6>Varietat de Productes<\/h6>\n<div class=\"traductor-textarea form-group\">\n<div class=\"textarea-desti col-xs-12 col-sm-6\">\n<div class=\"form-control second-textarea\">La fam\u00edlia Trill inclou una <a href=\"https:\/\/www.navarroaubanell.com\/ca\/producte\/cadira-trill-nardi-navarroaubanell\/\">cadira<\/a>, una <a href=\"https:\/\/www.navarroaubanell.com\/ca\/producte\/cadira-de-bracos-trill-nardi-navarroaubanell\/\">cadira de bra\u00e7os<\/a> i un <a href=\"https:\/\/www.navarroaubanell.com\/ca\/producte\/tamboret-trill-nardi-navarroaubanell\/\">tamboret en dues altures<\/a>. Cada producte est\u00e0 fabricat en un monobloc de polipropil\u00e8 refor\u00e7at amb fibra de vidre i resines reciclables. Aix\u00f2 assegura una excel\u00b7lent resist\u00e8ncia i un enfocament sostenible.<\/div>\n<\/div>\n<\/div>\n<h6>Durabilidad en Exteriores Durabilitat en Exteriors<\/h6>\n<div class=\"traductor-textarea form-group\">\n<div class=\"textarea-desti col-xs-12 col-sm-6\">\n<div class=\"form-control second-textarea\">Tots els productes de la fam\u00edlia compten amb un tractament anti-UV. Aix\u00f2 garanteix la seva resist\u00e8ncia a les condicions exteriors, conservant el seu color i qualitat al llarg del temps.<\/div>\n<\/div>\n<\/div>\n<h6>Colors Uniformes i Estabilitat Millorada<\/h6>\n<div class=\"traductor-textarea form-group\">\n<div class=\"textarea-desti col-xs-12 col-sm-6\">\n<div class=\"form-control second-textarea\">Pintats mitjan\u00e7ant el proc\u00e9s de tenyit en massa, els productes de la fam\u00edlia Trill ofereixen colors uniformes que es mantenen intactes amb el pas del temps. A m\u00e9s, cada pe\u00e7a est\u00e0 equipada amb tacs antilliscants, la qual cosa maximitza l&#8217;estabilitat i fermesa.<\/div>\n<\/div>\n<\/div>\n<\/div>\n<h6 class=\"markdown prose w-full break-words dark:prose-invert light\">Funcionalitat Apilable<\/h6>\n<div class=\"traductor-textarea form-group\">\n<div class=\"textarea-desti col-xs-12 col-sm-6\">\n<div class=\"form-control second-textarea\">La fam\u00edlia \u00e9s completament apilable, la qual cosa la converteix en l&#8217;opci\u00f3 perfecta per a espais amb alta aflu\u00e8ncia de clients, permetent una organitzaci\u00f3 eficient i optimitzaci\u00f3 de l&#8217;espai.<\/div>\n<\/div>\n<\/div>\n<\/div>\n<\/div>\n<\/div>\n<\/div>\n<\/div>\n","protected":false},"excerpt":{"rendered":"<p>Fam\u00edlia Trill: Disseny Escultural i Atemporal La fam\u00edlia Trill es caracteritza pel seu disseny escultural i harm\u00f2nic, amb l\u00ednies rectes per\u00f2 suaus que afegeixen una eleg\u00e0ncia atemporal a qualsevol espai. El seu estil modern i sofisticat converteix a Trill en una opci\u00f3 ideal per als qui busquen un toc de distinci\u00f3, tant en exteriors com&hellip;<\/p>\n","protected":false},"featured_media":40220,"template":"","meta":{"_acf_changed":false},"product_brand":[],"product_cat":[563,1465],"product_tag":[1263,587,863,749,640,949,769,1487],"class_list":{"0":"post-40222","1":"product","2":"type-product","3":"status-publish","4":"has-post-thumbnail","6":"product_cat-exterior-ca","7":"product_cat-families","8":"product_tag-anti-rayos-uv-ca","9":"product_tag-apilable-ca","10":"product_tag-cadira","11":"product_tag-cadira-de-barcos","12":"product_tag-exterior-ca","13":"product_tag-polipropileno-ca","14":"product_tag-tamboret","15":"product_tag-trill-ca","16":"description-off","18":"first","19":"instock","20":"shipping-taxable","21":"product-type-simple"},"acf":[],"yoast_head":"<!-- This site is optimized with the Yoast SEO plugin v27.0 - https:\/\/yoast.com\/product\/yoast-seo-wordpress\/ -->\n<title>Familia Trill, Nardi- Navarro Aubanell<\/title>\n<meta name=\"description\" content=\"Familia Trill: muebles con l\u00edneas marcadas y suaves. Apilables, ideales para interiores y exteriores. Con tratamiento anti-UV y colores uniformes.\" \/>\n<meta name=\"robots\" content=\"index, follow, max-snippet:-1, max-image-preview:large, max-video-preview:-1\" \/>\n<link rel=\"canonical\" href=\"https:\/\/www.navarroaubanell.com\/ca\/producte\/familia-trill-nardi-navarroaubanell\/\" \/>\n<meta property=\"og:locale\" content=\"ca_ES\" \/>\n<meta property=\"og:type\" content=\"article\" \/>\n<meta property=\"og:title\" content=\"Familia Trill, Nardi- Navarro Aubanell\" \/>\n<meta property=\"og:description\" content=\"Familia Trill: muebles con l\u00edneas marcadas y suaves. Apilables, ideales para interiores y exteriores. Con tratamiento anti-UV y colores uniformes.\" \/>\n<meta property=\"og:url\" content=\"https:\/\/www.navarroaubanell.com\/ca\/producte\/familia-trill-nardi-navarroaubanell\/\" \/>\n<meta property=\"og:site_name\" content=\"Navarro Aubanell\" \/>\n<meta property=\"article:modified_time\" content=\"2024-10-17T15:08:35+00:00\" \/>\n<meta property=\"og:image\" content=\"https:\/\/www.navarroaubanell.com\/wp-content\/uploads\/2024\/10\/img_9789.jpg\" \/>\n\t<meta property=\"og:image:width\" content=\"800\" \/>\n\t<meta property=\"og:image:height\" content=\"650\" \/>\n\t<meta property=\"og:image:type\" content=\"image\/jpeg\" \/>\n<meta name=\"twitter:label1\" content=\"Est. reading time\" \/>\n\t<meta name=\"twitter:data1\" content=\"2 minutes\" \/>\n<script type=\"application\/ld+json\" class=\"yoast-schema-graph\">{\"@context\":\"https:\/\/schema.org\",\"@graph\":[{\"@type\":\"WebPage\",\"@id\":\"https:\/\/www.navarroaubanell.com\/ca\/producte\/familia-trill-nardi-navarroaubanell\/\",\"url\":\"https:\/\/www.navarroaubanell.com\/ca\/producte\/familia-trill-nardi-navarroaubanell\/\",\"name\":\"Familia Trill, Nardi- Navarro Aubanell\",\"isPartOf\":{\"@id\":\"https:\/\/www.navarroaubanell.com\/ca\/#website\"},\"primaryImageOfPage\":{\"@id\":\"https:\/\/www.navarroaubanell.com\/ca\/producte\/familia-trill-nardi-navarroaubanell\/#primaryimage\"},\"image\":{\"@id\":\"https:\/\/www.navarroaubanell.com\/ca\/producte\/familia-trill-nardi-navarroaubanell\/#primaryimage\"},\"thumbnailUrl\":\"https:\/\/www.navarroaubanell.com\/wp-content\/uploads\/2024\/10\/img_9789.jpg\",\"datePublished\":\"2024-10-17T15:02:51+00:00\",\"dateModified\":\"2024-10-17T15:08:35+00:00\",\"description\":\"Familia Trill: muebles con l\u00edneas marcadas y suaves. Apilables, ideales para interiores y exteriores. Con tratamiento anti-UV y colores uniformes.\",\"breadcrumb\":{\"@id\":\"https:\/\/www.navarroaubanell.com\/ca\/producte\/familia-trill-nardi-navarroaubanell\/#breadcrumb\"},\"inLanguage\":\"ca\",\"potentialAction\":[{\"@type\":\"ReadAction\",\"target\":[\"https:\/\/www.navarroaubanell.com\/ca\/producte\/familia-trill-nardi-navarroaubanell\/\"]}]},{\"@type\":\"ImageObject\",\"inLanguage\":\"ca\",\"@id\":\"https:\/\/www.navarroaubanell.com\/ca\/producte\/familia-trill-nardi-navarroaubanell\/#primaryimage\",\"url\":\"https:\/\/www.navarroaubanell.com\/wp-content\/uploads\/2024\/10\/img_9789.jpg\",\"contentUrl\":\"https:\/\/www.navarroaubanell.com\/wp-content\/uploads\/2024\/10\/img_9789.jpg\",\"width\":800,\"height\":650,\"caption\":\"Fam\u00edlia Trill\"},{\"@type\":\"BreadcrumbList\",\"@id\":\"https:\/\/www.navarroaubanell.com\/ca\/producte\/familia-trill-nardi-navarroaubanell\/#breadcrumb\",\"itemListElement\":[{\"@type\":\"ListItem\",\"position\":1,\"name\":\"Portada\",\"item\":\"https:\/\/www.navarroaubanell.com\/ca\/\"},{\"@type\":\"ListItem\",\"position\":2,\"name\":\"Productes\",\"item\":\"https:\/\/www.navarroaubanell.com\/productos\/\"},{\"@type\":\"ListItem\",\"position\":3,\"name\":\"Fam\u00edlia Trill\"}]},{\"@type\":\"WebSite\",\"@id\":\"https:\/\/www.navarroaubanell.com\/ca\/#website\",\"url\":\"https:\/\/www.navarroaubanell.com\/ca\/\",\"name\":\"Navarro Aubanell\",\"description\":\"Mobiliario para hoteler\u00eda, colectividades y oficinas\",\"publisher\":{\"@id\":\"https:\/\/www.navarroaubanell.com\/ca\/#organization\"},\"potentialAction\":[{\"@type\":\"SearchAction\",\"target\":{\"@type\":\"EntryPoint\",\"urlTemplate\":\"https:\/\/www.navarroaubanell.com\/ca\/?s={search_term_string}\"},\"query-input\":{\"@type\":\"PropertyValueSpecification\",\"valueRequired\":true,\"valueName\":\"search_term_string\"}}],\"inLanguage\":\"ca\"},{\"@type\":\"Organization\",\"@id\":\"https:\/\/www.navarroaubanell.com\/ca\/#organization\",\"name\":\"COMERCIAL NAVARRO AUBANELL, S.A\",\"url\":\"https:\/\/www.navarroaubanell.com\/ca\/\",\"logo\":{\"@type\":\"ImageObject\",\"inLanguage\":\"ca\",\"@id\":\"https:\/\/www.navarroaubanell.com\/ca\/#\/schema\/logo\/image\/\",\"url\":\"https:\/\/www.navarroaubanell.com\/wp-content\/uploads\/2017\/07\/logo-navarro-aubuanell.png\",\"contentUrl\":\"https:\/\/www.navarroaubanell.com\/wp-content\/uploads\/2017\/07\/logo-navarro-aubuanell.png\",\"width\":6304,\"height\":1154,\"caption\":\"COMERCIAL NAVARRO AUBANELL, S.A\"},\"image\":{\"@id\":\"https:\/\/www.navarroaubanell.com\/ca\/#\/schema\/logo\/image\/\"}}]}<\/script>\n<!-- \/ Yoast SEO plugin. -->","yoast_head_json":{"title":"Familia Trill, Nardi- Navarro Aubanell","description":"Familia Trill: muebles con l\u00edneas marcadas y suaves. Apilables, ideales para interiores y exteriores. Con tratamiento anti-UV y colores uniformes.","robots":{"index":"index","follow":"follow","max-snippet":"max-snippet:-1","max-image-preview":"max-image-preview:large","max-video-preview":"max-video-preview:-1"},"canonical":"https:\/\/www.navarroaubanell.com\/ca\/producte\/familia-trill-nardi-navarroaubanell\/","og_locale":"ca_ES","og_type":"article","og_title":"Familia Trill, Nardi- Navarro Aubanell","og_description":"Familia Trill: muebles con l\u00edneas marcadas y suaves. Apilables, ideales para interiores y exteriores. Con tratamiento anti-UV y colores uniformes.","og_url":"https:\/\/www.navarroaubanell.com\/ca\/producte\/familia-trill-nardi-navarroaubanell\/","og_site_name":"Navarro Aubanell","article_modified_time":"2024-10-17T15:08:35+00:00","og_image":[{"width":800,"height":650,"url":"https:\/\/www.navarroaubanell.com\/wp-content\/uploads\/2024\/10\/img_9789.jpg","type":"image\/jpeg"}],"twitter_misc":{"Est. reading time":"2 minutes"},"schema":{"@context":"https:\/\/schema.org","@graph":[{"@type":"WebPage","@id":"https:\/\/www.navarroaubanell.com\/ca\/producte\/familia-trill-nardi-navarroaubanell\/","url":"https:\/\/www.navarroaubanell.com\/ca\/producte\/familia-trill-nardi-navarroaubanell\/","name":"Familia Trill, Nardi- Navarro Aubanell","isPartOf":{"@id":"https:\/\/www.navarroaubanell.com\/ca\/#website"},"primaryImageOfPage":{"@id":"https:\/\/www.navarroaubanell.com\/ca\/producte\/familia-trill-nardi-navarroaubanell\/#primaryimage"},"image":{"@id":"https:\/\/www.navarroaubanell.com\/ca\/producte\/familia-trill-nardi-navarroaubanell\/#primaryimage"},"thumbnailUrl":"https:\/\/www.navarroaubanell.com\/wp-content\/uploads\/2024\/10\/img_9789.jpg","datePublished":"2024-10-17T15:02:51+00:00","dateModified":"2024-10-17T15:08:35+00:00","description":"Familia Trill: muebles con l\u00edneas marcadas y suaves. Apilables, ideales para interiores y exteriores. Con tratamiento anti-UV y colores uniformes.","breadcrumb":{"@id":"https:\/\/www.navarroaubanell.com\/ca\/producte\/familia-trill-nardi-navarroaubanell\/#breadcrumb"},"inLanguage":"ca","potentialAction":[{"@type":"ReadAction","target":["https:\/\/www.navarroaubanell.com\/ca\/producte\/familia-trill-nardi-navarroaubanell\/"]}]},{"@type":"ImageObject","inLanguage":"ca","@id":"https:\/\/www.navarroaubanell.com\/ca\/producte\/familia-trill-nardi-navarroaubanell\/#primaryimage","url":"https:\/\/www.navarroaubanell.com\/wp-content\/uploads\/2024\/10\/img_9789.jpg","contentUrl":"https:\/\/www.navarroaubanell.com\/wp-content\/uploads\/2024\/10\/img_9789.jpg","width":800,"height":650,"caption":"Fam\u00edlia Trill"},{"@type":"BreadcrumbList","@id":"https:\/\/www.navarroaubanell.com\/ca\/producte\/familia-trill-nardi-navarroaubanell\/#breadcrumb","itemListElement":[{"@type":"ListItem","position":1,"name":"Portada","item":"https:\/\/www.navarroaubanell.com\/ca\/"},{"@type":"ListItem","position":2,"name":"Productes","item":"https:\/\/www.navarroaubanell.com\/productos\/"},{"@type":"ListItem","position":3,"name":"Fam\u00edlia Trill"}]},{"@type":"WebSite","@id":"https:\/\/www.navarroaubanell.com\/ca\/#website","url":"https:\/\/www.navarroaubanell.com\/ca\/","name":"Navarro Aubanell","description":"Mobiliario para hoteler\u00eda, colectividades y oficinas","publisher":{"@id":"https:\/\/www.navarroaubanell.com\/ca\/#organization"},"potentialAction":[{"@type":"SearchAction","target":{"@type":"EntryPoint","urlTemplate":"https:\/\/www.navarroaubanell.com\/ca\/?s={search_term_string}"},"query-input":{"@type":"PropertyValueSpecification","valueRequired":true,"valueName":"search_term_string"}}],"inLanguage":"ca"},{"@type":"Organization","@id":"https:\/\/www.navarroaubanell.com\/ca\/#organization","name":"COMERCIAL NAVARRO AUBANELL, S.A","url":"https:\/\/www.navarroaubanell.com\/ca\/","logo":{"@type":"ImageObject","inLanguage":"ca","@id":"https:\/\/www.navarroaubanell.com\/ca\/#\/schema\/logo\/image\/","url":"https:\/\/www.navarroaubanell.com\/wp-content\/uploads\/2017\/07\/logo-navarro-aubuanell.png","contentUrl":"https:\/\/www.navarroaubanell.com\/wp-content\/uploads\/2017\/07\/logo-navarro-aubuanell.png","width":6304,"height":1154,"caption":"COMERCIAL NAVARRO AUBANELL, S.A"},"image":{"@id":"https:\/\/www.navarroaubanell.com\/ca\/#\/schema\/logo\/image\/"}}]}},"_links":{"self":[{"href":"https:\/\/www.navarroaubanell.com\/ca\/wp-json\/wp\/v2\/product\/40222","targetHints":{"allow":["GET"]}}],"collection":[{"href":"https:\/\/www.navarroaubanell.com\/ca\/wp-json\/wp\/v2\/product"}],"about":[{"href":"https:\/\/www.navarroaubanell.com\/ca\/wp-json\/wp\/v2\/types\/product"}],"wp:featuredmedia":[{"embeddable":true,"href":"https:\/\/www.navarroaubanell.com\/ca\/wp-json\/wp\/v2\/media\/40220"}],"wp:attachment":[{"href":"https:\/\/www.navarroaubanell.com\/ca\/wp-json\/wp\/v2\/media?parent=40222"}],"wp:term":[{"taxonomy":"product_brand","embeddable":true,"href":"https:\/\/www.navarroaubanell.com\/ca\/wp-json\/wp\/v2\/product_brand?post=40222"},{"taxonomy":"product_cat","embeddable":true,"href":"https:\/\/www.navarroaubanell.com\/ca\/wp-json\/wp\/v2\/product_cat?post=40222"},{"taxonomy":"product_tag","embeddable":true,"href":"https:\/\/www.navarroaubanell.com\/ca\/wp-json\/wp\/v2\/product_tag?post=40222"}],"curies":[{"name":"wp","href":"https:\/\/api.w.org\/{rel}","templated":true}]}}