{"id":40216,"date":"2024-10-17T16:28:03","date_gmt":"2024-10-17T14:28:03","guid":{"rendered":"https:\/\/www.navarroaubanell.com\/producto\/taburete-trill-nardi-navarroaubanell\/"},"modified":"2024-10-17T16:40:58","modified_gmt":"2024-10-17T14:40:58","slug":"tamboret-trill-nardi-navarroaubanell","status":"publish","type":"product","link":"https:\/\/www.navarroaubanell.com\/ca\/producte\/tamboret-trill-nardi-navarroaubanell\/","title":{"rendered":"Tamboret Trill"},"content":{"rendered":"<div class=\"flex-shrink-0 flex flex-col relative items-end\">\n<div>\n<div class=\"pt-0\">\n<div class=\"gizmo-bot-avatar flex h-8 w-8 items-center justify-center overflow-hidden rounded-full\">\n<h5 class=\"relative p-1 rounded-sm flex items-center justify-center bg-token-main-surface-primary text-token-text-primary h-8 w-8\">Tamboret Trill: Eleg\u00e0ncia Escultural i Atemporal<\/h5>\n<\/div>\n<\/div>\n<\/div>\n<\/div>\n<div class=\"group\/conversation-turn relative flex w-full min-w-0 flex-col agent-turn\">\n<div class=\"flex-col gap-1 md:gap-3\">\n<div class=\"flex max-w-full flex-col flex-grow\">\n<div class=\"min-h-8 text-message flex w-full flex-col items-end gap-2 whitespace-normal break-words [.text-message+&amp;]:mt-5\" dir=\"auto\" data-message-author-role=\"assistant\" data-message-id=\"45eaa1d0-b2d0-4505-9c55-cd7d643c9c56\" data-message-model-slug=\"gpt-4o\">\n<div class=\"flex w-full flex-col gap-1 empty:hidden first:pt-[3px]\">\n<div class=\"markdown prose w-full break-words dark:prose-invert light\">\n<div class=\"traductor-textarea form-group\">\n<div class=\"textarea-desti col-xs-12 col-sm-6\">\n<div class=\"form-control second-textarea\">El tamboret Trill destaca pel seu disseny escultural, amb l\u00ednies rectes i suaus. El seu aspecte modern i sofisticat el converteix en una opci\u00f3 ideal per als qui busquen un toc de distinci\u00f3, tant en exteriors com en interiors.<\/div>\n<\/div>\n<\/div>\n<h6>Versatilitat en Dos Altures<\/h6>\n<div class=\"traductor-textarea form-group\">\n<div class=\"textarea-desti col-xs-12 col-sm-6\">\n<div class=\"form-control second-textarea\">La versatilitat d&#8217;aquest tamboret resideix en la seva altura, ja que est\u00e0 disponible en dues mesures diferents. Aix\u00f2 el permet adaptar-se a diverses necessitats i ambients, des de terrasses fins a barres de cuina o restaurants.<\/div>\n<\/div>\n<\/div>\n<h6>Materials Duradors i Sostenibles<\/h6>\n<div class=\"traductor-textarea form-group\">\n<div class=\"textarea-desti col-xs-12 col-sm-6\">\n<div class=\"form-control second-textarea\">Fabricat en polipropil\u00e8 refor\u00e7at amb fibra de vidre i resines reciclables, el tamboret Trill ofereix una resist\u00e8ncia excepcional. A m\u00e9s, compta amb un tractament anti-UV, la qual cosa el fa perfecte per a exteriors.<\/div>\n<\/div>\n<\/div>\n<h6>Colors i Acabats d&#8217;Alta Qualitat<\/h6>\n<div class=\"traductor-textarea form-group\">\n<div class=\"textarea-desti col-xs-12 col-sm-6\">\n<div class=\"form-control second-textarea\">Pintat mitjan\u00e7ant el proc\u00e9s de tenyit en massa, Trill assegura colors ferms i uniformes que romanen inalterables amb el pas del temps. Est\u00e0 disponible en nou acoloreixis efecte mat, per a adaptar-se a qualsevol estil decoratiu.<\/div>\n<\/div>\n<\/div>\n<h6>Estabilitat Millorada i Funcionalitat Apilable<\/h6>\n<div class=\"traductor-textarea form-group\">\n<div class=\"textarea-desti col-xs-12 col-sm-6\">\n<div class=\"form-control second-textarea\">Equipat amb taps antilliscants, el tamboret Trill maximitza la seva estabilitat en qualsevol superf\u00edcie. A m\u00e9s, el seu disseny apilable el converteix en una opci\u00f3 pr\u00e0ctica per a estalviar espai, ideal per a locals amb alta rotaci\u00f3.<\/div>\n<\/div>\n<\/div>\n<\/div>\n<\/div>\n<\/div>\n<\/div>\n<\/div>\n<\/div>\n","protected":false},"excerpt":{"rendered":"<p>Tamboret Trill: Eleg\u00e0ncia Escultural i Atemporal El tamboret Trill destaca pel seu disseny escultural, amb l\u00ednies rectes i suaus. El seu aspecte modern i sofisticat el converteix en una opci\u00f3 ideal per als qui busquen un toc de distinci\u00f3, tant en exteriors com en interiors. Versatilitat en Dos Altures La versatilitat d&#8217;aquest tamboret resideix en&hellip;<\/p>\n","protected":false},"featured_media":40165,"template":"","meta":{"_acf_changed":false},"product_brand":[],"product_cat":[563,574],"product_tag":[1263,587,640,949,769,1487],"class_list":{"0":"post-40216","1":"product","2":"type-product","3":"status-publish","4":"has-post-thumbnail","6":"product_cat-exterior-ca","7":"product_cat-tamborets-exterior","8":"product_tag-anti-rayos-uv-ca","9":"product_tag-apilable-ca","10":"product_tag-exterior-ca","11":"product_tag-polipropileno-ca","12":"product_tag-tamboret","13":"product_tag-trill-ca","14":"description-off","16":"first","17":"instock","18":"shipping-taxable","19":"product-type-simple"},"acf":[],"yoast_head":"<!-- This site is optimized with the Yoast SEO plugin v27.0 - https:\/\/yoast.com\/product\/yoast-seo-wordpress\/ -->\n<title>Tamboret Trill - Navarro Aubanell<\/title>\n<meta name=\"description\" content=\"Tamboret Trill: disseny escultural, apilable i resistent. Ideal per a exteriors i interiors, amb tractament anti-UV i colors duradors.\" \/>\n<meta name=\"robots\" content=\"index, follow, max-snippet:-1, max-image-preview:large, max-video-preview:-1\" \/>\n<link rel=\"canonical\" href=\"https:\/\/www.navarroaubanell.com\/ca\/producte\/tamboret-trill-nardi-navarroaubanell\/\" \/>\n<meta property=\"og:locale\" content=\"ca_ES\" \/>\n<meta property=\"og:type\" content=\"article\" \/>\n<meta property=\"og:title\" content=\"Tamboret Trill - Navarro Aubanell\" \/>\n<meta property=\"og:description\" content=\"Tamboret Trill: disseny escultural, apilable i resistent. Ideal per a exteriors i interiors, amb tractament anti-UV i colors duradors.\" \/>\n<meta property=\"og:url\" content=\"https:\/\/www.navarroaubanell.com\/ca\/producte\/tamboret-trill-nardi-navarroaubanell\/\" \/>\n<meta property=\"og:site_name\" content=\"Navarro Aubanell\" \/>\n<meta property=\"article:modified_time\" content=\"2024-10-17T14:40:58+00:00\" \/>\n<meta property=\"og:image\" content=\"https:\/\/www.navarroaubanell.com\/wp-content\/uploads\/2024\/10\/Taburete-Trill-2.jpg\" \/>\n\t<meta property=\"og:image:width\" content=\"800\" \/>\n\t<meta property=\"og:image:height\" content=\"650\" \/>\n\t<meta property=\"og:image:type\" content=\"image\/jpeg\" \/>\n<meta name=\"twitter:label1\" content=\"Est. reading time\" \/>\n\t<meta name=\"twitter:data1\" content=\"2 minutes\" \/>\n<script type=\"application\/ld+json\" class=\"yoast-schema-graph\">{\"@context\":\"https:\/\/schema.org\",\"@graph\":[{\"@type\":\"WebPage\",\"@id\":\"https:\/\/www.navarroaubanell.com\/ca\/producte\/tamboret-trill-nardi-navarroaubanell\/\",\"url\":\"https:\/\/www.navarroaubanell.com\/ca\/producte\/tamboret-trill-nardi-navarroaubanell\/\",\"name\":\"Tamboret Trill - Navarro Aubanell\",\"isPartOf\":{\"@id\":\"https:\/\/www.navarroaubanell.com\/ca\/#website\"},\"primaryImageOfPage\":{\"@id\":\"https:\/\/www.navarroaubanell.com\/ca\/producte\/tamboret-trill-nardi-navarroaubanell\/#primaryimage\"},\"image\":{\"@id\":\"https:\/\/www.navarroaubanell.com\/ca\/producte\/tamboret-trill-nardi-navarroaubanell\/#primaryimage\"},\"thumbnailUrl\":\"https:\/\/www.navarroaubanell.com\/wp-content\/uploads\/2024\/10\/Taburete-Trill-2.jpg\",\"datePublished\":\"2024-10-17T14:28:03+00:00\",\"dateModified\":\"2024-10-17T14:40:58+00:00\",\"description\":\"Tamboret Trill: disseny escultural, apilable i resistent. Ideal per a exteriors i interiors, amb tractament anti-UV i colors duradors.\",\"breadcrumb\":{\"@id\":\"https:\/\/www.navarroaubanell.com\/ca\/producte\/tamboret-trill-nardi-navarroaubanell\/#breadcrumb\"},\"inLanguage\":\"ca\",\"potentialAction\":[{\"@type\":\"ReadAction\",\"target\":[\"https:\/\/www.navarroaubanell.com\/ca\/producte\/tamboret-trill-nardi-navarroaubanell\/\"]}]},{\"@type\":\"ImageObject\",\"inLanguage\":\"ca\",\"@id\":\"https:\/\/www.navarroaubanell.com\/ca\/producte\/tamboret-trill-nardi-navarroaubanell\/#primaryimage\",\"url\":\"https:\/\/www.navarroaubanell.com\/wp-content\/uploads\/2024\/10\/Taburete-Trill-2.jpg\",\"contentUrl\":\"https:\/\/www.navarroaubanell.com\/wp-content\/uploads\/2024\/10\/Taburete-Trill-2.jpg\",\"width\":800,\"height\":650,\"caption\":\"Tamboret Trill\"},{\"@type\":\"BreadcrumbList\",\"@id\":\"https:\/\/www.navarroaubanell.com\/ca\/producte\/tamboret-trill-nardi-navarroaubanell\/#breadcrumb\",\"itemListElement\":[{\"@type\":\"ListItem\",\"position\":1,\"name\":\"Portada\",\"item\":\"https:\/\/www.navarroaubanell.com\/ca\/\"},{\"@type\":\"ListItem\",\"position\":2,\"name\":\"Productes\",\"item\":\"https:\/\/www.navarroaubanell.com\/productos\/\"},{\"@type\":\"ListItem\",\"position\":3,\"name\":\"Tamboret Trill\"}]},{\"@type\":\"WebSite\",\"@id\":\"https:\/\/www.navarroaubanell.com\/ca\/#website\",\"url\":\"https:\/\/www.navarroaubanell.com\/ca\/\",\"name\":\"Navarro Aubanell\",\"description\":\"Mobiliario para hoteler\u00eda, colectividades y oficinas\",\"publisher\":{\"@id\":\"https:\/\/www.navarroaubanell.com\/ca\/#organization\"},\"potentialAction\":[{\"@type\":\"SearchAction\",\"target\":{\"@type\":\"EntryPoint\",\"urlTemplate\":\"https:\/\/www.navarroaubanell.com\/ca\/?s={search_term_string}\"},\"query-input\":{\"@type\":\"PropertyValueSpecification\",\"valueRequired\":true,\"valueName\":\"search_term_string\"}}],\"inLanguage\":\"ca\"},{\"@type\":\"Organization\",\"@id\":\"https:\/\/www.navarroaubanell.com\/ca\/#organization\",\"name\":\"COMERCIAL NAVARRO AUBANELL, S.A\",\"url\":\"https:\/\/www.navarroaubanell.com\/ca\/\",\"logo\":{\"@type\":\"ImageObject\",\"inLanguage\":\"ca\",\"@id\":\"https:\/\/www.navarroaubanell.com\/ca\/#\/schema\/logo\/image\/\",\"url\":\"https:\/\/www.navarroaubanell.com\/wp-content\/uploads\/2017\/07\/logo-navarro-aubuanell.png\",\"contentUrl\":\"https:\/\/www.navarroaubanell.com\/wp-content\/uploads\/2017\/07\/logo-navarro-aubuanell.png\",\"width\":6304,\"height\":1154,\"caption\":\"COMERCIAL NAVARRO AUBANELL, S.A\"},\"image\":{\"@id\":\"https:\/\/www.navarroaubanell.com\/ca\/#\/schema\/logo\/image\/\"}}]}<\/script>\n<!-- \/ Yoast SEO plugin. -->","yoast_head_json":{"title":"Tamboret Trill - Navarro Aubanell","description":"Tamboret Trill: disseny escultural, apilable i resistent. Ideal per a exteriors i interiors, amb tractament anti-UV i colors duradors.","robots":{"index":"index","follow":"follow","max-snippet":"max-snippet:-1","max-image-preview":"max-image-preview:large","max-video-preview":"max-video-preview:-1"},"canonical":"https:\/\/www.navarroaubanell.com\/ca\/producte\/tamboret-trill-nardi-navarroaubanell\/","og_locale":"ca_ES","og_type":"article","og_title":"Tamboret Trill - Navarro Aubanell","og_description":"Tamboret Trill: disseny escultural, apilable i resistent. Ideal per a exteriors i interiors, amb tractament anti-UV i colors duradors.","og_url":"https:\/\/www.navarroaubanell.com\/ca\/producte\/tamboret-trill-nardi-navarroaubanell\/","og_site_name":"Navarro Aubanell","article_modified_time":"2024-10-17T14:40:58+00:00","og_image":[{"width":800,"height":650,"url":"https:\/\/www.navarroaubanell.com\/wp-content\/uploads\/2024\/10\/Taburete-Trill-2.jpg","type":"image\/jpeg"}],"twitter_misc":{"Est. reading time":"2 minutes"},"schema":{"@context":"https:\/\/schema.org","@graph":[{"@type":"WebPage","@id":"https:\/\/www.navarroaubanell.com\/ca\/producte\/tamboret-trill-nardi-navarroaubanell\/","url":"https:\/\/www.navarroaubanell.com\/ca\/producte\/tamboret-trill-nardi-navarroaubanell\/","name":"Tamboret Trill - Navarro Aubanell","isPartOf":{"@id":"https:\/\/www.navarroaubanell.com\/ca\/#website"},"primaryImageOfPage":{"@id":"https:\/\/www.navarroaubanell.com\/ca\/producte\/tamboret-trill-nardi-navarroaubanell\/#primaryimage"},"image":{"@id":"https:\/\/www.navarroaubanell.com\/ca\/producte\/tamboret-trill-nardi-navarroaubanell\/#primaryimage"},"thumbnailUrl":"https:\/\/www.navarroaubanell.com\/wp-content\/uploads\/2024\/10\/Taburete-Trill-2.jpg","datePublished":"2024-10-17T14:28:03+00:00","dateModified":"2024-10-17T14:40:58+00:00","description":"Tamboret Trill: disseny escultural, apilable i resistent. Ideal per a exteriors i interiors, amb tractament anti-UV i colors duradors.","breadcrumb":{"@id":"https:\/\/www.navarroaubanell.com\/ca\/producte\/tamboret-trill-nardi-navarroaubanell\/#breadcrumb"},"inLanguage":"ca","potentialAction":[{"@type":"ReadAction","target":["https:\/\/www.navarroaubanell.com\/ca\/producte\/tamboret-trill-nardi-navarroaubanell\/"]}]},{"@type":"ImageObject","inLanguage":"ca","@id":"https:\/\/www.navarroaubanell.com\/ca\/producte\/tamboret-trill-nardi-navarroaubanell\/#primaryimage","url":"https:\/\/www.navarroaubanell.com\/wp-content\/uploads\/2024\/10\/Taburete-Trill-2.jpg","contentUrl":"https:\/\/www.navarroaubanell.com\/wp-content\/uploads\/2024\/10\/Taburete-Trill-2.jpg","width":800,"height":650,"caption":"Tamboret Trill"},{"@type":"BreadcrumbList","@id":"https:\/\/www.navarroaubanell.com\/ca\/producte\/tamboret-trill-nardi-navarroaubanell\/#breadcrumb","itemListElement":[{"@type":"ListItem","position":1,"name":"Portada","item":"https:\/\/www.navarroaubanell.com\/ca\/"},{"@type":"ListItem","position":2,"name":"Productes","item":"https:\/\/www.navarroaubanell.com\/productos\/"},{"@type":"ListItem","position":3,"name":"Tamboret Trill"}]},{"@type":"WebSite","@id":"https:\/\/www.navarroaubanell.com\/ca\/#website","url":"https:\/\/www.navarroaubanell.com\/ca\/","name":"Navarro Aubanell","description":"Mobiliario para hoteler\u00eda, colectividades y oficinas","publisher":{"@id":"https:\/\/www.navarroaubanell.com\/ca\/#organization"},"potentialAction":[{"@type":"SearchAction","target":{"@type":"EntryPoint","urlTemplate":"https:\/\/www.navarroaubanell.com\/ca\/?s={search_term_string}"},"query-input":{"@type":"PropertyValueSpecification","valueRequired":true,"valueName":"search_term_string"}}],"inLanguage":"ca"},{"@type":"Organization","@id":"https:\/\/www.navarroaubanell.com\/ca\/#organization","name":"COMERCIAL NAVARRO AUBANELL, S.A","url":"https:\/\/www.navarroaubanell.com\/ca\/","logo":{"@type":"ImageObject","inLanguage":"ca","@id":"https:\/\/www.navarroaubanell.com\/ca\/#\/schema\/logo\/image\/","url":"https:\/\/www.navarroaubanell.com\/wp-content\/uploads\/2017\/07\/logo-navarro-aubuanell.png","contentUrl":"https:\/\/www.navarroaubanell.com\/wp-content\/uploads\/2017\/07\/logo-navarro-aubuanell.png","width":6304,"height":1154,"caption":"COMERCIAL NAVARRO AUBANELL, S.A"},"image":{"@id":"https:\/\/www.navarroaubanell.com\/ca\/#\/schema\/logo\/image\/"}}]}},"_links":{"self":[{"href":"https:\/\/www.navarroaubanell.com\/ca\/wp-json\/wp\/v2\/product\/40216","targetHints":{"allow":["GET"]}}],"collection":[{"href":"https:\/\/www.navarroaubanell.com\/ca\/wp-json\/wp\/v2\/product"}],"about":[{"href":"https:\/\/www.navarroaubanell.com\/ca\/wp-json\/wp\/v2\/types\/product"}],"wp:featuredmedia":[{"embeddable":true,"href":"https:\/\/www.navarroaubanell.com\/ca\/wp-json\/wp\/v2\/media\/40165"}],"wp:attachment":[{"href":"https:\/\/www.navarroaubanell.com\/ca\/wp-json\/wp\/v2\/media?parent=40216"}],"wp:term":[{"taxonomy":"product_brand","embeddable":true,"href":"https:\/\/www.navarroaubanell.com\/ca\/wp-json\/wp\/v2\/product_brand?post=40216"},{"taxonomy":"product_cat","embeddable":true,"href":"https:\/\/www.navarroaubanell.com\/ca\/wp-json\/wp\/v2\/product_cat?post=40216"},{"taxonomy":"product_tag","embeddable":true,"href":"https:\/\/www.navarroaubanell.com\/ca\/wp-json\/wp\/v2\/product_tag?post=40216"}],"curies":[{"name":"wp","href":"https:\/\/api.w.org\/{rel}","templated":true}]}}