{"id":39861,"date":"2024-10-15T09:11:55","date_gmt":"2024-10-15T07:11:55","guid":{"rendered":"https:\/\/www.navarroaubanell.com\/producto\/sipario-nardi-navarroaubanell\/"},"modified":"2024-10-15T09:26:09","modified_gmt":"2024-10-15T07:26:09","slug":"separador-sipario-nardi-navarroaubanell","status":"publish","type":"product","link":"https:\/\/www.navarroaubanell.com\/ca\/producte\/separador-sipario-nardi-navarroaubanell\/","title":{"rendered":"Sipario"},"content":{"rendered":"<h5>Innovaci\u00f3 Modular i Sostenible per a Exteriors<\/h5>\n<div class=\"traductor-textarea form-group\">\n<div class=\"textarea-desti col-xs-12 col-sm-6\">\n<div class=\"form-control second-textarea\">El separador Sipario \u00e9s un sistema modular d&#8217;envans separadors dissenyat per a exteriors. Equipat amb un test d&#8217;autoreg, Sipario \u00e9s la soluci\u00f3 ideal per a crear ambients diferenciats en espais a l&#8217;aire lliure, combinant funcionalitat i disseny modern.<\/div>\n<\/div>\n<\/div>\n<h6><strong>Disseny en Gelosia Asim\u00e8tric<\/strong><\/h6>\n<div class=\"traductor-textarea form-group\">\n<div class=\"textarea-desti col-xs-12 col-sm-6\">\n<div class=\"form-control second-textarea\">Sipario \u00e9s un separador que t\u00e9 un disseny en gelosia asim\u00e8tric, la qual cosa permet crear configuracions personalitzades segons les necessitats de l&#8217;espai. Ja sigui una disposici\u00f3 lineal, en ziga-zaga o corbes din\u00e0miques, Sipario s&#8217;adapta a qualsevol entorn, proporcionant un estil \u00fanic i elegant.<\/div>\n<\/div>\n<\/div>\n<h6><strong>Fabricar amb Materials Sostenibles<\/strong><\/h6>\n<div class=\"traductor-textarea form-group\">\n<div class=\"textarea-desti col-xs-12 col-sm-6\">\n<div class=\"form-control second-textarea\">Comprom\u00e8s amb el medi ambient, el separador Sipario est\u00e0 fabricat amb polipropil\u00e8 refor\u00e7at amb fibra de vidre regenerat i resines reciclables. Aquests materials, a m\u00e9s de ser sostenibles, compten amb una f\u00f3rmula anti-UV que garanteix la seva durabilitat i resist\u00e8ncia als factors clim\u00e0tics. Pintat mitjan\u00e7ant el tenyit en massa, el seu color es mant\u00e9 ferm i uniforme, disponible en quatre elegants tons mat.<\/div>\n<\/div>\n<\/div>\n<h6><strong>F\u00e0cil Emmagatzematge i Configuraci\u00f3 Personaitzable<\/strong><\/h6>\n<div class=\"traductor-textarea form-group\">\n<div class=\"textarea-desti col-xs-12 col-sm-6\">\n<div class=\"form-control second-textarea\">El separador Sipario ofereix m\u00faltiples configuracions i altures, podent utilitzar-se nom\u00e9s el test o afegir panells modulars de fins a tres altures. El sistema d&#8217;enganxament dels panells no requereix caragols, ja que s&#8217;acoblen de manera segura i estable. Per a major estabilitat, \u00e9s important omplir el test fins a obtenir almenys 30 kg de llast.<\/div>\n<\/div>\n<\/div>\n","protected":false},"excerpt":{"rendered":"<p>Innovaci\u00f3 Modular i Sostenible per a Exteriors El separador Sipario \u00e9s un sistema modular d&#8217;envans separadors dissenyat per a exteriors. Equipat amb un test d&#8217;autoreg, Sipario \u00e9s la soluci\u00f3 ideal per a crear ambients diferenciats en espais a l&#8217;aire lliure, combinant funcionalitat i disseny modern. Disseny en Gelosia Asim\u00e8tric Sipario \u00e9s un separador que t\u00e9&hellip;<\/p>\n","protected":false},"featured_media":39829,"template":"","meta":{"_acf_changed":false},"product_brand":[],"product_cat":[518,520,1519],"product_tag":[1263,1471,951,1472,1473,1180],"class_list":{"0":"post-39861","1":"product","2":"type-product","3":"status-publish","4":"has-post-thumbnail","6":"product_cat-accessoris","7":"product_cat-decoracio","8":"product_cat-reciclat","9":"product_tag-anti-rayos-uv-ca","10":"product_tag-complemento-ca","11":"product_tag-nardi-ca","12":"product_tag-separador-ca","13":"product_tag-sipario-ca","14":"product_tag-sostenible","15":"description-off","17":"first","18":"instock","19":"shipping-taxable","20":"product-type-simple"},"acf":[],"yoast_head":"<!-- This site is optimized with the Yoast SEO plugin v27.0 - https:\/\/yoast.com\/product\/yoast-seo-wordpress\/ -->\n<title>Separador Sipario, Nardi- Navarro Aubanell<\/title>\n<meta name=\"description\" content=\"Separador Sipario: separador modular en forma de jardinera. Fabricat amb materials sostenibles i amb test d&#039;autoreg. Configuraci\u00f3 de fins a 3 altures.\" \/>\n<meta name=\"robots\" content=\"index, follow, max-snippet:-1, max-image-preview:large, max-video-preview:-1\" \/>\n<link rel=\"canonical\" href=\"https:\/\/www.navarroaubanell.com\/ca\/producte\/separador-sipario-nardi-navarroaubanell\/\" \/>\n<meta property=\"og:locale\" content=\"ca_ES\" \/>\n<meta property=\"og:type\" content=\"article\" \/>\n<meta property=\"og:title\" content=\"Separador Sipario, Nardi- Navarro Aubanell\" \/>\n<meta property=\"og:description\" content=\"Separador Sipario: separador modular en forma de jardinera. Fabricat amb materials sostenibles i amb test d&#039;autoreg. Configuraci\u00f3 de fins a 3 altures.\" \/>\n<meta property=\"og:url\" content=\"https:\/\/www.navarroaubanell.com\/ca\/producte\/separador-sipario-nardi-navarroaubanell\/\" \/>\n<meta property=\"og:site_name\" content=\"Navarro Aubanell\" \/>\n<meta property=\"article:modified_time\" content=\"2024-10-15T07:26:09+00:00\" \/>\n<meta property=\"og:image\" content=\"https:\/\/www.navarroaubanell.com\/wp-content\/uploads\/2024\/10\/img_9911.jpg\" \/>\n\t<meta property=\"og:image:width\" content=\"800\" \/>\n\t<meta property=\"og:image:height\" content=\"650\" \/>\n\t<meta property=\"og:image:type\" content=\"image\/jpeg\" \/>\n<meta name=\"twitter:label1\" content=\"Est. reading time\" \/>\n\t<meta name=\"twitter:data1\" content=\"2 minutes\" \/>\n<script type=\"application\/ld+json\" class=\"yoast-schema-graph\">{\"@context\":\"https:\/\/schema.org\",\"@graph\":[{\"@type\":\"WebPage\",\"@id\":\"https:\/\/www.navarroaubanell.com\/ca\/producte\/separador-sipario-nardi-navarroaubanell\/\",\"url\":\"https:\/\/www.navarroaubanell.com\/ca\/producte\/separador-sipario-nardi-navarroaubanell\/\",\"name\":\"Separador Sipario, Nardi- Navarro Aubanell\",\"isPartOf\":{\"@id\":\"https:\/\/www.navarroaubanell.com\/ca\/#website\"},\"primaryImageOfPage\":{\"@id\":\"https:\/\/www.navarroaubanell.com\/ca\/producte\/separador-sipario-nardi-navarroaubanell\/#primaryimage\"},\"image\":{\"@id\":\"https:\/\/www.navarroaubanell.com\/ca\/producte\/separador-sipario-nardi-navarroaubanell\/#primaryimage\"},\"thumbnailUrl\":\"https:\/\/www.navarroaubanell.com\/wp-content\/uploads\/2024\/10\/img_9911.jpg\",\"datePublished\":\"2024-10-15T07:11:55+00:00\",\"dateModified\":\"2024-10-15T07:26:09+00:00\",\"description\":\"Separador Sipario: separador modular en forma de jardinera. Fabricat amb materials sostenibles i amb test d'autoreg. Configuraci\u00f3 de fins a 3 altures.\",\"breadcrumb\":{\"@id\":\"https:\/\/www.navarroaubanell.com\/ca\/producte\/separador-sipario-nardi-navarroaubanell\/#breadcrumb\"},\"inLanguage\":\"ca\",\"potentialAction\":[{\"@type\":\"ReadAction\",\"target\":[\"https:\/\/www.navarroaubanell.com\/ca\/producte\/separador-sipario-nardi-navarroaubanell\/\"]}]},{\"@type\":\"ImageObject\",\"inLanguage\":\"ca\",\"@id\":\"https:\/\/www.navarroaubanell.com\/ca\/producte\/separador-sipario-nardi-navarroaubanell\/#primaryimage\",\"url\":\"https:\/\/www.navarroaubanell.com\/wp-content\/uploads\/2024\/10\/img_9911.jpg\",\"contentUrl\":\"https:\/\/www.navarroaubanell.com\/wp-content\/uploads\/2024\/10\/img_9911.jpg\",\"width\":800,\"height\":650,\"caption\":\"Sipario Nardi\"},{\"@type\":\"BreadcrumbList\",\"@id\":\"https:\/\/www.navarroaubanell.com\/ca\/producte\/separador-sipario-nardi-navarroaubanell\/#breadcrumb\",\"itemListElement\":[{\"@type\":\"ListItem\",\"position\":1,\"name\":\"Portada\",\"item\":\"https:\/\/www.navarroaubanell.com\/ca\/\"},{\"@type\":\"ListItem\",\"position\":2,\"name\":\"Productes\",\"item\":\"https:\/\/www.navarroaubanell.com\/productos\/\"},{\"@type\":\"ListItem\",\"position\":3,\"name\":\"Sipario\"}]},{\"@type\":\"WebSite\",\"@id\":\"https:\/\/www.navarroaubanell.com\/ca\/#website\",\"url\":\"https:\/\/www.navarroaubanell.com\/ca\/\",\"name\":\"Navarro Aubanell\",\"description\":\"Mobiliario para hoteler\u00eda, colectividades y oficinas\",\"publisher\":{\"@id\":\"https:\/\/www.navarroaubanell.com\/ca\/#organization\"},\"potentialAction\":[{\"@type\":\"SearchAction\",\"target\":{\"@type\":\"EntryPoint\",\"urlTemplate\":\"https:\/\/www.navarroaubanell.com\/ca\/?s={search_term_string}\"},\"query-input\":{\"@type\":\"PropertyValueSpecification\",\"valueRequired\":true,\"valueName\":\"search_term_string\"}}],\"inLanguage\":\"ca\"},{\"@type\":\"Organization\",\"@id\":\"https:\/\/www.navarroaubanell.com\/ca\/#organization\",\"name\":\"COMERCIAL NAVARRO AUBANELL, S.A\",\"url\":\"https:\/\/www.navarroaubanell.com\/ca\/\",\"logo\":{\"@type\":\"ImageObject\",\"inLanguage\":\"ca\",\"@id\":\"https:\/\/www.navarroaubanell.com\/ca\/#\/schema\/logo\/image\/\",\"url\":\"https:\/\/www.navarroaubanell.com\/wp-content\/uploads\/2017\/07\/logo-navarro-aubuanell.png\",\"contentUrl\":\"https:\/\/www.navarroaubanell.com\/wp-content\/uploads\/2017\/07\/logo-navarro-aubuanell.png\",\"width\":6304,\"height\":1154,\"caption\":\"COMERCIAL NAVARRO AUBANELL, S.A\"},\"image\":{\"@id\":\"https:\/\/www.navarroaubanell.com\/ca\/#\/schema\/logo\/image\/\"}}]}<\/script>\n<!-- \/ Yoast SEO plugin. -->","yoast_head_json":{"title":"Separador Sipario, Nardi- Navarro Aubanell","description":"Separador Sipario: separador modular en forma de jardinera. Fabricat amb materials sostenibles i amb test d'autoreg. Configuraci\u00f3 de fins a 3 altures.","robots":{"index":"index","follow":"follow","max-snippet":"max-snippet:-1","max-image-preview":"max-image-preview:large","max-video-preview":"max-video-preview:-1"},"canonical":"https:\/\/www.navarroaubanell.com\/ca\/producte\/separador-sipario-nardi-navarroaubanell\/","og_locale":"ca_ES","og_type":"article","og_title":"Separador Sipario, Nardi- Navarro Aubanell","og_description":"Separador Sipario: separador modular en forma de jardinera. Fabricat amb materials sostenibles i amb test d'autoreg. Configuraci\u00f3 de fins a 3 altures.","og_url":"https:\/\/www.navarroaubanell.com\/ca\/producte\/separador-sipario-nardi-navarroaubanell\/","og_site_name":"Navarro Aubanell","article_modified_time":"2024-10-15T07:26:09+00:00","og_image":[{"width":800,"height":650,"url":"https:\/\/www.navarroaubanell.com\/wp-content\/uploads\/2024\/10\/img_9911.jpg","type":"image\/jpeg"}],"twitter_misc":{"Est. reading time":"2 minutes"},"schema":{"@context":"https:\/\/schema.org","@graph":[{"@type":"WebPage","@id":"https:\/\/www.navarroaubanell.com\/ca\/producte\/separador-sipario-nardi-navarroaubanell\/","url":"https:\/\/www.navarroaubanell.com\/ca\/producte\/separador-sipario-nardi-navarroaubanell\/","name":"Separador Sipario, Nardi- Navarro Aubanell","isPartOf":{"@id":"https:\/\/www.navarroaubanell.com\/ca\/#website"},"primaryImageOfPage":{"@id":"https:\/\/www.navarroaubanell.com\/ca\/producte\/separador-sipario-nardi-navarroaubanell\/#primaryimage"},"image":{"@id":"https:\/\/www.navarroaubanell.com\/ca\/producte\/separador-sipario-nardi-navarroaubanell\/#primaryimage"},"thumbnailUrl":"https:\/\/www.navarroaubanell.com\/wp-content\/uploads\/2024\/10\/img_9911.jpg","datePublished":"2024-10-15T07:11:55+00:00","dateModified":"2024-10-15T07:26:09+00:00","description":"Separador Sipario: separador modular en forma de jardinera. Fabricat amb materials sostenibles i amb test d'autoreg. Configuraci\u00f3 de fins a 3 altures.","breadcrumb":{"@id":"https:\/\/www.navarroaubanell.com\/ca\/producte\/separador-sipario-nardi-navarroaubanell\/#breadcrumb"},"inLanguage":"ca","potentialAction":[{"@type":"ReadAction","target":["https:\/\/www.navarroaubanell.com\/ca\/producte\/separador-sipario-nardi-navarroaubanell\/"]}]},{"@type":"ImageObject","inLanguage":"ca","@id":"https:\/\/www.navarroaubanell.com\/ca\/producte\/separador-sipario-nardi-navarroaubanell\/#primaryimage","url":"https:\/\/www.navarroaubanell.com\/wp-content\/uploads\/2024\/10\/img_9911.jpg","contentUrl":"https:\/\/www.navarroaubanell.com\/wp-content\/uploads\/2024\/10\/img_9911.jpg","width":800,"height":650,"caption":"Sipario Nardi"},{"@type":"BreadcrumbList","@id":"https:\/\/www.navarroaubanell.com\/ca\/producte\/separador-sipario-nardi-navarroaubanell\/#breadcrumb","itemListElement":[{"@type":"ListItem","position":1,"name":"Portada","item":"https:\/\/www.navarroaubanell.com\/ca\/"},{"@type":"ListItem","position":2,"name":"Productes","item":"https:\/\/www.navarroaubanell.com\/productos\/"},{"@type":"ListItem","position":3,"name":"Sipario"}]},{"@type":"WebSite","@id":"https:\/\/www.navarroaubanell.com\/ca\/#website","url":"https:\/\/www.navarroaubanell.com\/ca\/","name":"Navarro Aubanell","description":"Mobiliario para hoteler\u00eda, colectividades y oficinas","publisher":{"@id":"https:\/\/www.navarroaubanell.com\/ca\/#organization"},"potentialAction":[{"@type":"SearchAction","target":{"@type":"EntryPoint","urlTemplate":"https:\/\/www.navarroaubanell.com\/ca\/?s={search_term_string}"},"query-input":{"@type":"PropertyValueSpecification","valueRequired":true,"valueName":"search_term_string"}}],"inLanguage":"ca"},{"@type":"Organization","@id":"https:\/\/www.navarroaubanell.com\/ca\/#organization","name":"COMERCIAL NAVARRO AUBANELL, S.A","url":"https:\/\/www.navarroaubanell.com\/ca\/","logo":{"@type":"ImageObject","inLanguage":"ca","@id":"https:\/\/www.navarroaubanell.com\/ca\/#\/schema\/logo\/image\/","url":"https:\/\/www.navarroaubanell.com\/wp-content\/uploads\/2017\/07\/logo-navarro-aubuanell.png","contentUrl":"https:\/\/www.navarroaubanell.com\/wp-content\/uploads\/2017\/07\/logo-navarro-aubuanell.png","width":6304,"height":1154,"caption":"COMERCIAL NAVARRO AUBANELL, S.A"},"image":{"@id":"https:\/\/www.navarroaubanell.com\/ca\/#\/schema\/logo\/image\/"}}]}},"_links":{"self":[{"href":"https:\/\/www.navarroaubanell.com\/ca\/wp-json\/wp\/v2\/product\/39861","targetHints":{"allow":["GET"]}}],"collection":[{"href":"https:\/\/www.navarroaubanell.com\/ca\/wp-json\/wp\/v2\/product"}],"about":[{"href":"https:\/\/www.navarroaubanell.com\/ca\/wp-json\/wp\/v2\/types\/product"}],"wp:featuredmedia":[{"embeddable":true,"href":"https:\/\/www.navarroaubanell.com\/ca\/wp-json\/wp\/v2\/media\/39829"}],"wp:attachment":[{"href":"https:\/\/www.navarroaubanell.com\/ca\/wp-json\/wp\/v2\/media?parent=39861"}],"wp:term":[{"taxonomy":"product_brand","embeddable":true,"href":"https:\/\/www.navarroaubanell.com\/ca\/wp-json\/wp\/v2\/product_brand?post=39861"},{"taxonomy":"product_cat","embeddable":true,"href":"https:\/\/www.navarroaubanell.com\/ca\/wp-json\/wp\/v2\/product_cat?post=39861"},{"taxonomy":"product_tag","embeddable":true,"href":"https:\/\/www.navarroaubanell.com\/ca\/wp-json\/wp\/v2\/product_tag?post=39861"}],"curies":[{"name":"wp","href":"https:\/\/api.w.org\/{rel}","templated":true}]}}