{"id":39807,"date":"2024-10-14T11:08:40","date_gmt":"2024-10-14T09:08:40","guid":{"rendered":"https:\/\/www.navarroaubanell.com\/producto\/silla-bit-nardi-navarroaubanell\/"},"modified":"2024-10-14T11:13:26","modified_gmt":"2024-10-14T09:13:26","slug":"cadira-bit-nardi-navarroaubanell","status":"publish","type":"product","link":"https:\/\/www.navarroaubanell.com\/ca\/producte\/cadira-bit-nardi-navarroaubanell\/","title":{"rendered":"Cadira Bit"},"content":{"rendered":"<div class=\"flex-shrink-0 flex flex-col relative items-end\">\n<div>\n<div class=\"pt-0\">\n<h5 class=\"gizmo-bot-avatar flex h-8 w-8 items-center justify-center overflow-hidden rounded-full\">Relaxaci\u00f3 Refinada per a Qualsevol Espai<\/h5>\n<\/div>\n<\/div>\n<\/div>\n<div class=\"group\/conversation-turn relative flex w-full min-w-0 flex-col agent-turn\">\n<div class=\"flex-col gap-1 md:gap-3\">\n<div class=\"flex max-w-full flex-col flex-grow\">\n<div class=\"min-h-8 text-message flex w-full flex-col items-end gap-2 whitespace-normal break-words [.text-message+&amp;]:mt-5\" dir=\"auto\" data-message-author-role=\"assistant\" data-message-id=\"4a2dce47-1f42-428a-8dd9-9fe8ac7c2d9f\" data-message-model-slug=\"gpt-4o\">\n<div class=\"flex w-full flex-col gap-1 empty:hidden first:pt-[3px]\">\n<div class=\"markdown prose w-full break-words dark:prose-invert light\">\n<div class=\"traductor-textarea form-group\">\n<div class=\"textarea-desti col-xs-12 col-sm-6\">\n<div class=\"form-control second-textarea\">La cadira Bit, part de la<a href=\"https:\/\/www.navarroaubanell.com\/ca\/producte\/familia-net-nardi-navarroaubanell\/\"> fam\u00edlia Net<\/a>, \u00e9s una pe\u00e7a concebuda per a oferir la m\u00e0xima comoditat i aportar vitalitat a qualsevol ambient en el qual es trobi. Amb les seves l\u00ednies senzilles i els seus colors vibrants, Bit est\u00e0 pensada per a brindar moments de relaxaci\u00f3 i gaudi a l&#8217;aire lliure. La seva superf\u00edcie est\u00e0 decorada amb forats quadrats i ratllats distribu\u00efts de manera cont\u00ednua, creant un efecte tridimensional que li dona un car\u00e0cter \u00fanic.<\/div>\n<\/div>\n<\/div>\n<h6>Materials<\/h6>\n<div class=\"traductor-textarea form-group\">\n<div class=\"textarea-desti col-xs-12 col-sm-6\">\n<div class=\"form-control second-textarea\">Fabricada amb polipropil\u00e8 refor\u00e7at amb fibra de vidre, la cadira Bit assegura resist\u00e8ncia, lleugeresa i durabilitat. Aquest material ecol\u00f2gic, compost per resines reciclables, est\u00e0 tractat amb protecci\u00f3 anti-UV, la qual cosa li permet resistir els raigs solars sense perdre la seva aparen\u00e7a ni qualitat en entorns exteriors exigents.<\/div>\n<\/div>\n<\/div>\n<h6>Colors i Personalitzaci\u00f3<\/h6>\n<div class=\"traductor-textarea form-group\">\n<div class=\"textarea-desti col-xs-12 col-sm-6\">\n<div class=\"form-control second-textarea\">Disponible en sis colors elegants colors amb efecte mat, la cadira Bit s&#8217;adapta f\u00e0cilment a qualsevol estil de decoraci\u00f3. Gr\u00e0cies al seu tenyit en massa, els tons s\u00f3n uniformes i resistents, assegurant la seva aparen\u00e7a al llarg del temps.<\/div>\n<\/div>\n<\/div>\n<h6>Funcionalitat i comoditat<\/h6>\n<div class=\"traductor-textarea form-group\">\n<div class=\"textarea-desti col-xs-12 col-sm-6\">\n<div class=\"form-control second-textarea\">Completament apilable, la cadira Bit optimitza l&#8217;espai en \u00e0rees d&#8217;alta rotaci\u00f3. Per a major estabilitat, inclou taps antilliscants i pot complementar-se amb un coix\u00ed opcional per a major confort.<\/div>\n<\/div>\n<\/div>\n<\/div>\n<\/div>\n<\/div>\n<\/div>\n<\/div>\n<\/div>\n","protected":false},"excerpt":{"rendered":"<p>Relaxaci\u00f3 Refinada per a Qualsevol Espai La cadira Bit, part de la fam\u00edlia Net, \u00e9s una pe\u00e7a concebuda per a oferir la m\u00e0xima comoditat i aportar vitalitat a qualsevol ambient en el qual es trobi. Amb les seves l\u00ednies senzilles i els seus colors vibrants, Bit est\u00e0 pensada per a brindar moments de relaxaci\u00f3 i&hellip;<\/p>\n","protected":false},"featured_media":39785,"template":"","meta":{"_acf_changed":false},"product_brand":[],"product_cat":[572,563],"product_tag":[1263,587,1463,863,640,951,1461,949],"class_list":{"0":"post-39807","1":"product","2":"type-product","3":"status-publish","4":"has-post-thumbnail","6":"product_cat-cadires-exterior","7":"product_cat-exterior-ca","8":"product_tag-anti-rayos-uv-ca","9":"product_tag-apilable-ca","10":"product_tag-bit-ca","11":"product_tag-cadira","12":"product_tag-exterior-ca","13":"product_tag-nardi-ca","14":"product_tag-net-ca","15":"product_tag-polipropileno-ca","16":"description-off","18":"first","19":"instock","20":"shipping-taxable","21":"product-type-simple"},"acf":[],"yoast_head":"<!-- This site is optimized with the Yoast SEO plugin v27.0 - https:\/\/yoast.com\/product\/yoast-seo-wordpress\/ -->\n<title>Cadira Bit, Nardi- Navarro Aubanell<\/title>\n<meta name=\"description\" content=\"Cadira Bit: membre de la fam\u00edlia Net, dissenyada per a lluir en exteriors. Polipropil\u00e8 refor\u00e7at amb fibra de vidre, protecci\u00f3 anti-UV i apilable.\" \/>\n<meta name=\"robots\" content=\"index, follow, max-snippet:-1, max-image-preview:large, max-video-preview:-1\" \/>\n<link rel=\"canonical\" href=\"https:\/\/www.navarroaubanell.com\/ca\/producte\/cadira-bit-nardi-navarroaubanell\/\" \/>\n<meta property=\"og:locale\" content=\"ca_ES\" \/>\n<meta property=\"og:type\" content=\"article\" \/>\n<meta property=\"og:title\" content=\"Cadira Bit, Nardi- Navarro Aubanell\" \/>\n<meta property=\"og:description\" content=\"Cadira Bit: membre de la fam\u00edlia Net, dissenyada per a lluir en exteriors. Polipropil\u00e8 refor\u00e7at amb fibra de vidre, protecci\u00f3 anti-UV i apilable.\" \/>\n<meta property=\"og:url\" content=\"https:\/\/www.navarroaubanell.com\/ca\/producte\/cadira-bit-nardi-navarroaubanell\/\" \/>\n<meta property=\"og:site_name\" content=\"Navarro Aubanell\" \/>\n<meta property=\"article:modified_time\" content=\"2024-10-14T09:13:26+00:00\" \/>\n<meta property=\"og:image\" content=\"https:\/\/www.navarroaubanell.com\/wp-content\/uploads\/2024\/10\/Silla-Bit-6.jpg\" \/>\n\t<meta property=\"og:image:width\" content=\"800\" \/>\n\t<meta property=\"og:image:height\" content=\"650\" \/>\n\t<meta property=\"og:image:type\" content=\"image\/jpeg\" \/>\n<meta name=\"twitter:label1\" content=\"Est. reading time\" \/>\n\t<meta name=\"twitter:data1\" content=\"2 minutes\" \/>\n<script type=\"application\/ld+json\" class=\"yoast-schema-graph\">{\"@context\":\"https:\/\/schema.org\",\"@graph\":[{\"@type\":\"WebPage\",\"@id\":\"https:\/\/www.navarroaubanell.com\/ca\/producte\/cadira-bit-nardi-navarroaubanell\/\",\"url\":\"https:\/\/www.navarroaubanell.com\/ca\/producte\/cadira-bit-nardi-navarroaubanell\/\",\"name\":\"Cadira Bit, Nardi- Navarro Aubanell\",\"isPartOf\":{\"@id\":\"https:\/\/www.navarroaubanell.com\/ca\/#website\"},\"primaryImageOfPage\":{\"@id\":\"https:\/\/www.navarroaubanell.com\/ca\/producte\/cadira-bit-nardi-navarroaubanell\/#primaryimage\"},\"image\":{\"@id\":\"https:\/\/www.navarroaubanell.com\/ca\/producte\/cadira-bit-nardi-navarroaubanell\/#primaryimage\"},\"thumbnailUrl\":\"https:\/\/www.navarroaubanell.com\/wp-content\/uploads\/2024\/10\/Silla-Bit-6.jpg\",\"datePublished\":\"2024-10-14T09:08:40+00:00\",\"dateModified\":\"2024-10-14T09:13:26+00:00\",\"description\":\"Cadira Bit: membre de la fam\u00edlia Net, dissenyada per a lluir en exteriors. Polipropil\u00e8 refor\u00e7at amb fibra de vidre, protecci\u00f3 anti-UV i apilable.\",\"breadcrumb\":{\"@id\":\"https:\/\/www.navarroaubanell.com\/ca\/producte\/cadira-bit-nardi-navarroaubanell\/#breadcrumb\"},\"inLanguage\":\"ca\",\"potentialAction\":[{\"@type\":\"ReadAction\",\"target\":[\"https:\/\/www.navarroaubanell.com\/ca\/producte\/cadira-bit-nardi-navarroaubanell\/\"]}]},{\"@type\":\"ImageObject\",\"inLanguage\":\"ca\",\"@id\":\"https:\/\/www.navarroaubanell.com\/ca\/producte\/cadira-bit-nardi-navarroaubanell\/#primaryimage\",\"url\":\"https:\/\/www.navarroaubanell.com\/wp-content\/uploads\/2024\/10\/Silla-Bit-6.jpg\",\"contentUrl\":\"https:\/\/www.navarroaubanell.com\/wp-content\/uploads\/2024\/10\/Silla-Bit-6.jpg\",\"width\":800,\"height\":650,\"caption\":\"Cadira Bit\"},{\"@type\":\"BreadcrumbList\",\"@id\":\"https:\/\/www.navarroaubanell.com\/ca\/producte\/cadira-bit-nardi-navarroaubanell\/#breadcrumb\",\"itemListElement\":[{\"@type\":\"ListItem\",\"position\":1,\"name\":\"Portada\",\"item\":\"https:\/\/www.navarroaubanell.com\/ca\/\"},{\"@type\":\"ListItem\",\"position\":2,\"name\":\"Productes\",\"item\":\"https:\/\/www.navarroaubanell.com\/productos\/\"},{\"@type\":\"ListItem\",\"position\":3,\"name\":\"Cadira Bit\"}]},{\"@type\":\"WebSite\",\"@id\":\"https:\/\/www.navarroaubanell.com\/ca\/#website\",\"url\":\"https:\/\/www.navarroaubanell.com\/ca\/\",\"name\":\"Navarro Aubanell\",\"description\":\"Mobiliario para hoteler\u00eda, colectividades y oficinas\",\"publisher\":{\"@id\":\"https:\/\/www.navarroaubanell.com\/ca\/#organization\"},\"potentialAction\":[{\"@type\":\"SearchAction\",\"target\":{\"@type\":\"EntryPoint\",\"urlTemplate\":\"https:\/\/www.navarroaubanell.com\/ca\/?s={search_term_string}\"},\"query-input\":{\"@type\":\"PropertyValueSpecification\",\"valueRequired\":true,\"valueName\":\"search_term_string\"}}],\"inLanguage\":\"ca\"},{\"@type\":\"Organization\",\"@id\":\"https:\/\/www.navarroaubanell.com\/ca\/#organization\",\"name\":\"COMERCIAL NAVARRO AUBANELL, S.A\",\"url\":\"https:\/\/www.navarroaubanell.com\/ca\/\",\"logo\":{\"@type\":\"ImageObject\",\"inLanguage\":\"ca\",\"@id\":\"https:\/\/www.navarroaubanell.com\/ca\/#\/schema\/logo\/image\/\",\"url\":\"https:\/\/www.navarroaubanell.com\/wp-content\/uploads\/2017\/07\/logo-navarro-aubuanell.png\",\"contentUrl\":\"https:\/\/www.navarroaubanell.com\/wp-content\/uploads\/2017\/07\/logo-navarro-aubuanell.png\",\"width\":6304,\"height\":1154,\"caption\":\"COMERCIAL NAVARRO AUBANELL, S.A\"},\"image\":{\"@id\":\"https:\/\/www.navarroaubanell.com\/ca\/#\/schema\/logo\/image\/\"}}]}<\/script>\n<!-- \/ Yoast SEO plugin. -->","yoast_head_json":{"title":"Cadira Bit, Nardi- Navarro Aubanell","description":"Cadira Bit: membre de la fam\u00edlia Net, dissenyada per a lluir en exteriors. Polipropil\u00e8 refor\u00e7at amb fibra de vidre, protecci\u00f3 anti-UV i apilable.","robots":{"index":"index","follow":"follow","max-snippet":"max-snippet:-1","max-image-preview":"max-image-preview:large","max-video-preview":"max-video-preview:-1"},"canonical":"https:\/\/www.navarroaubanell.com\/ca\/producte\/cadira-bit-nardi-navarroaubanell\/","og_locale":"ca_ES","og_type":"article","og_title":"Cadira Bit, Nardi- Navarro Aubanell","og_description":"Cadira Bit: membre de la fam\u00edlia Net, dissenyada per a lluir en exteriors. Polipropil\u00e8 refor\u00e7at amb fibra de vidre, protecci\u00f3 anti-UV i apilable.","og_url":"https:\/\/www.navarroaubanell.com\/ca\/producte\/cadira-bit-nardi-navarroaubanell\/","og_site_name":"Navarro Aubanell","article_modified_time":"2024-10-14T09:13:26+00:00","og_image":[{"width":800,"height":650,"url":"https:\/\/www.navarroaubanell.com\/wp-content\/uploads\/2024\/10\/Silla-Bit-6.jpg","type":"image\/jpeg"}],"twitter_misc":{"Est. reading time":"2 minutes"},"schema":{"@context":"https:\/\/schema.org","@graph":[{"@type":"WebPage","@id":"https:\/\/www.navarroaubanell.com\/ca\/producte\/cadira-bit-nardi-navarroaubanell\/","url":"https:\/\/www.navarroaubanell.com\/ca\/producte\/cadira-bit-nardi-navarroaubanell\/","name":"Cadira Bit, Nardi- Navarro Aubanell","isPartOf":{"@id":"https:\/\/www.navarroaubanell.com\/ca\/#website"},"primaryImageOfPage":{"@id":"https:\/\/www.navarroaubanell.com\/ca\/producte\/cadira-bit-nardi-navarroaubanell\/#primaryimage"},"image":{"@id":"https:\/\/www.navarroaubanell.com\/ca\/producte\/cadira-bit-nardi-navarroaubanell\/#primaryimage"},"thumbnailUrl":"https:\/\/www.navarroaubanell.com\/wp-content\/uploads\/2024\/10\/Silla-Bit-6.jpg","datePublished":"2024-10-14T09:08:40+00:00","dateModified":"2024-10-14T09:13:26+00:00","description":"Cadira Bit: membre de la fam\u00edlia Net, dissenyada per a lluir en exteriors. Polipropil\u00e8 refor\u00e7at amb fibra de vidre, protecci\u00f3 anti-UV i apilable.","breadcrumb":{"@id":"https:\/\/www.navarroaubanell.com\/ca\/producte\/cadira-bit-nardi-navarroaubanell\/#breadcrumb"},"inLanguage":"ca","potentialAction":[{"@type":"ReadAction","target":["https:\/\/www.navarroaubanell.com\/ca\/producte\/cadira-bit-nardi-navarroaubanell\/"]}]},{"@type":"ImageObject","inLanguage":"ca","@id":"https:\/\/www.navarroaubanell.com\/ca\/producte\/cadira-bit-nardi-navarroaubanell\/#primaryimage","url":"https:\/\/www.navarroaubanell.com\/wp-content\/uploads\/2024\/10\/Silla-Bit-6.jpg","contentUrl":"https:\/\/www.navarroaubanell.com\/wp-content\/uploads\/2024\/10\/Silla-Bit-6.jpg","width":800,"height":650,"caption":"Cadira Bit"},{"@type":"BreadcrumbList","@id":"https:\/\/www.navarroaubanell.com\/ca\/producte\/cadira-bit-nardi-navarroaubanell\/#breadcrumb","itemListElement":[{"@type":"ListItem","position":1,"name":"Portada","item":"https:\/\/www.navarroaubanell.com\/ca\/"},{"@type":"ListItem","position":2,"name":"Productes","item":"https:\/\/www.navarroaubanell.com\/productos\/"},{"@type":"ListItem","position":3,"name":"Cadira Bit"}]},{"@type":"WebSite","@id":"https:\/\/www.navarroaubanell.com\/ca\/#website","url":"https:\/\/www.navarroaubanell.com\/ca\/","name":"Navarro Aubanell","description":"Mobiliario para hoteler\u00eda, colectividades y oficinas","publisher":{"@id":"https:\/\/www.navarroaubanell.com\/ca\/#organization"},"potentialAction":[{"@type":"SearchAction","target":{"@type":"EntryPoint","urlTemplate":"https:\/\/www.navarroaubanell.com\/ca\/?s={search_term_string}"},"query-input":{"@type":"PropertyValueSpecification","valueRequired":true,"valueName":"search_term_string"}}],"inLanguage":"ca"},{"@type":"Organization","@id":"https:\/\/www.navarroaubanell.com\/ca\/#organization","name":"COMERCIAL NAVARRO AUBANELL, S.A","url":"https:\/\/www.navarroaubanell.com\/ca\/","logo":{"@type":"ImageObject","inLanguage":"ca","@id":"https:\/\/www.navarroaubanell.com\/ca\/#\/schema\/logo\/image\/","url":"https:\/\/www.navarroaubanell.com\/wp-content\/uploads\/2017\/07\/logo-navarro-aubuanell.png","contentUrl":"https:\/\/www.navarroaubanell.com\/wp-content\/uploads\/2017\/07\/logo-navarro-aubuanell.png","width":6304,"height":1154,"caption":"COMERCIAL NAVARRO AUBANELL, S.A"},"image":{"@id":"https:\/\/www.navarroaubanell.com\/ca\/#\/schema\/logo\/image\/"}}]}},"_links":{"self":[{"href":"https:\/\/www.navarroaubanell.com\/ca\/wp-json\/wp\/v2\/product\/39807","targetHints":{"allow":["GET"]}}],"collection":[{"href":"https:\/\/www.navarroaubanell.com\/ca\/wp-json\/wp\/v2\/product"}],"about":[{"href":"https:\/\/www.navarroaubanell.com\/ca\/wp-json\/wp\/v2\/types\/product"}],"wp:featuredmedia":[{"embeddable":true,"href":"https:\/\/www.navarroaubanell.com\/ca\/wp-json\/wp\/v2\/media\/39785"}],"wp:attachment":[{"href":"https:\/\/www.navarroaubanell.com\/ca\/wp-json\/wp\/v2\/media?parent=39807"}],"wp:term":[{"taxonomy":"product_brand","embeddable":true,"href":"https:\/\/www.navarroaubanell.com\/ca\/wp-json\/wp\/v2\/product_brand?post=39807"},{"taxonomy":"product_cat","embeddable":true,"href":"https:\/\/www.navarroaubanell.com\/ca\/wp-json\/wp\/v2\/product_cat?post=39807"},{"taxonomy":"product_tag","embeddable":true,"href":"https:\/\/www.navarroaubanell.com\/ca\/wp-json\/wp\/v2\/product_tag?post=39807"}],"curies":[{"name":"wp","href":"https:\/\/api.w.org\/{rel}","templated":true}]}}