{"id":39780,"date":"2024-10-14T10:08:59","date_gmt":"2024-10-14T08:08:59","guid":{"rendered":"https:\/\/www.navarroaubanell.com\/producto\/familia-net-nardi-navarroaubanell\/"},"modified":"2024-10-14T11:17:23","modified_gmt":"2024-10-14T09:17:23","slug":"familia-net-nardi-navarroaubanell","status":"publish","type":"product","link":"https:\/\/www.navarroaubanell.com\/ca\/producte\/familia-net-nardi-navarroaubanell\/","title":{"rendered":"Fam\u00edlia Net"},"content":{"rendered":"<h5>Estil i Comoditat per a l&#8217;Exterior<\/h5>\n<div class=\"traductor-textarea form-group\">\n<div class=\"textarea-desti col-xs-12 col-sm-6\">\n<div class=\"form-control second-textarea\">La fam\u00edlia Net, composta per <a href=\"https:\/\/www.navarroaubanell.com\/ca\/producte\/tamboret-net-nardi-navarroaubanell\/\">tamborets<\/a>, <a href=\"https:\/\/www.navarroaubanell.com\/ca\/producte\/cadira-bit-nardi-navarroaubanell\/\">cadires<\/a>, <a href=\"https:\/\/www.navarroaubanell.com\/ca\/producte\/cadira-de-bracos-net-nardi-navarroaubanell\/\">cadires de bra\u00e7os<\/a>,<a href=\"https:\/\/www.navarroaubanell.com\/ca\/producte\/net-lounge-nardi-navarroaubanell\/\"> Net Lounge<\/a>, <a href=\"https:\/\/www.navarroaubanell.com\/ca\/producte\/sofa-net-nardi-navarroaubanell\/\">sof\u00e0s<\/a> i <a href=\"https:\/\/www.navarroaubanell.com\/ca\/producte\/taula-net-nardi-navarroaubanell\/\">taules<\/a>, \u00e9s perfecta per a crear moments inoblidables a l&#8217;aire lliure. Net \u00e9s una col\u00b7lecci\u00f3 pensada per a gaudir sota el sol o la brisa, sense sacrificar l&#8217;estil, comoditat i funcionalitat en cada pe\u00e7a.<\/div>\n<\/div>\n<\/div>\n<h6>Ventilaci\u00f3 i Confort<\/h6>\n<div class=\"traductor-textarea form-group\">\n<div class=\"textarea-desti col-xs-12 col-sm-6\">\n<div class=\"form-control second-textarea\">Les superf\u00edcies perforades de la fam\u00edlia Net, a part de donar un toc est\u00e8tis i \u00fanic a la col\u00b7lecci\u00f3, permeten una ventilaci\u00f3 adequada. Aquesta qualitat les fa m\u00e9s fresques i c\u00f2modes, ideals per a llargues tardes de relaxaci\u00f3 en l&#8217;exterior. A m\u00e9s, els colors vibrants i d&#8217;efecte mat s&#8217;obtenen mitjan\u00e7ant un proc\u00e9s de tenyit en massa que assegura tons duradors.<\/div>\n<\/div>\n<\/div>\n<h6>Materials Resistents i Sostenibles<\/h6>\n<div class=\"traductor-textarea form-group\">\n<div class=\"textarea-desti col-xs-12 col-sm-6\">\n<div class=\"form-control second-textarea\">Fabricats en propil\u00e8 refor\u00e7at amb fibra de vidre i resines reciclables, els productes de la fam\u00edlia Net s\u00f3n altament resistents i duradors. Tamb\u00e9 compten amb protecci\u00f3 anti-UV, la qual cosa els converteix en una opci\u00f3 perfecta per a qualsevol entorn exterior.<\/div>\n<\/div>\n<\/div>\n<h6>F\u00e0cil Emmagatzematge<\/h6>\n<div class=\"flex max-w-full flex-col flex-grow\">\n<div class=\"min-h-8 text-message flex w-full flex-col items-end gap-2 whitespace-normal break-words [.text-message+&amp;]:mt-5\" dir=\"auto\" data-message-author-role=\"assistant\" data-message-id=\"7e655bdb-b76b-47d0-a31d-f8138af376d9\" data-message-model-slug=\"gpt-4o\">\n<div class=\"flex w-full flex-col gap-1 empty:hidden first:pt-[3px]\">\n<div class=\"markdown prose w-full break-words dark:prose-invert light\">\n<div class=\"traductor-textarea form-group\">\n<div class=\"textarea-desti col-xs-12 col-sm-6\">\n<div class=\"form-control second-textarea\">Tots els articles de la fam\u00edlia Net s\u00f3n apilables, la qual cosa facilita el seu emmagatzematge en espais redu\u00efts i optimitza l&#8217;\u00fas de l&#8217;espai disponible, fent aquesta col\u00b7lecci\u00f3 no sols pr\u00e0ctica i funcional, sin\u00f3 tamb\u00e9 estilosa i visualment atractiva per a qualsevol entorn exterior.<\/div>\n<\/div>\n<\/div>\n<\/div>\n<\/div>\n<\/div>\n<\/div>\n","protected":false},"excerpt":{"rendered":"<p>Estil i Comoditat per a l&#8217;Exterior La fam\u00edlia Net, composta per tamborets, cadires, cadires de bra\u00e7os, Net Lounge, sof\u00e0s i taules, \u00e9s perfecta per a crear moments inoblidables a l&#8217;aire lliure. Net \u00e9s una col\u00b7lecci\u00f3 pensada per a gaudir sota el sol o la brisa, sense sacrificar l&#8217;estil, comoditat i funcionalitat en cada pe\u00e7a. Ventilaci\u00f3&hellip;<\/p>\n","protected":false},"featured_media":39778,"template":"","meta":{"_acf_changed":false},"product_brand":[],"product_cat":[565,563,1465],"product_tag":[1263,587,863,749,617,640,1316,754,769,695],"class_list":{"0":"post-39780","1":"product","2":"type-product","3":"status-publish","4":"has-post-thumbnail","6":"product_cat-conjunts-exterior","7":"product_cat-exterior-ca","8":"product_cat-families","9":"product_tag-anti-rayos-uv-ca","10":"product_tag-apilable-ca","11":"product_tag-cadira","12":"product_tag-cadira-de-barcos","13":"product_tag-conjunt","14":"product_tag-exterior-ca","15":"product_tag-familia-ca","16":"product_tag-sofa-ca","17":"product_tag-tamboret","18":"product_tag-taula","19":"description-off","21":"first","22":"instock","23":"shipping-taxable","24":"product-type-simple"},"acf":[],"yoast_head":"<!-- This site is optimized with the Yoast SEO plugin v27.0 - https:\/\/yoast.com\/product\/yoast-seo-wordpress\/ -->\n<title>Fam\u00edlia Net, Nardi- Navarro Aubanell<\/title>\n<meta name=\"description\" content=\"La fam\u00edlia Net ofereix estil, comoditat i durabilitat amb colors vibrants i protecci\u00f3 UV, ideal per a qualsevol espai exterior\" \/>\n<meta name=\"robots\" content=\"index, follow, max-snippet:-1, max-image-preview:large, max-video-preview:-1\" \/>\n<link rel=\"canonical\" href=\"https:\/\/www.navarroaubanell.com\/ca\/producte\/familia-net-nardi-navarroaubanell\/\" \/>\n<meta property=\"og:locale\" content=\"ca_ES\" \/>\n<meta property=\"og:type\" content=\"article\" \/>\n<meta property=\"og:title\" content=\"Fam\u00edlia Net, Nardi- Navarro Aubanell\" \/>\n<meta property=\"og:description\" content=\"La fam\u00edlia Net ofereix estil, comoditat i durabilitat amb colors vibrants i protecci\u00f3 UV, ideal per a qualsevol espai exterior\" \/>\n<meta property=\"og:url\" content=\"https:\/\/www.navarroaubanell.com\/ca\/producte\/familia-net-nardi-navarroaubanell\/\" \/>\n<meta property=\"og:site_name\" content=\"Navarro Aubanell\" \/>\n<meta property=\"article:modified_time\" content=\"2024-10-14T09:17:23+00:00\" \/>\n<meta property=\"og:image\" content=\"https:\/\/www.navarroaubanell.com\/wp-content\/uploads\/2024\/10\/familia.png\" \/>\n\t<meta property=\"og:image:width\" content=\"800\" \/>\n\t<meta property=\"og:image:height\" content=\"650\" \/>\n\t<meta property=\"og:image:type\" content=\"image\/png\" \/>\n<meta name=\"twitter:label1\" content=\"Est. reading time\" \/>\n\t<meta name=\"twitter:data1\" content=\"2 minutes\" \/>\n<script type=\"application\/ld+json\" class=\"yoast-schema-graph\">{\"@context\":\"https:\/\/schema.org\",\"@graph\":[{\"@type\":\"WebPage\",\"@id\":\"https:\/\/www.navarroaubanell.com\/ca\/producte\/familia-net-nardi-navarroaubanell\/\",\"url\":\"https:\/\/www.navarroaubanell.com\/ca\/producte\/familia-net-nardi-navarroaubanell\/\",\"name\":\"Fam\u00edlia Net, Nardi- Navarro Aubanell\",\"isPartOf\":{\"@id\":\"https:\/\/www.navarroaubanell.com\/ca\/#website\"},\"primaryImageOfPage\":{\"@id\":\"https:\/\/www.navarroaubanell.com\/ca\/producte\/familia-net-nardi-navarroaubanell\/#primaryimage\"},\"image\":{\"@id\":\"https:\/\/www.navarroaubanell.com\/ca\/producte\/familia-net-nardi-navarroaubanell\/#primaryimage\"},\"thumbnailUrl\":\"https:\/\/www.navarroaubanell.com\/wp-content\/uploads\/2024\/10\/familia.png\",\"datePublished\":\"2024-10-14T08:08:59+00:00\",\"dateModified\":\"2024-10-14T09:17:23+00:00\",\"description\":\"La fam\u00edlia Net ofereix estil, comoditat i durabilitat amb colors vibrants i protecci\u00f3 UV, ideal per a qualsevol espai exterior\",\"breadcrumb\":{\"@id\":\"https:\/\/www.navarroaubanell.com\/ca\/producte\/familia-net-nardi-navarroaubanell\/#breadcrumb\"},\"inLanguage\":\"ca\",\"potentialAction\":[{\"@type\":\"ReadAction\",\"target\":[\"https:\/\/www.navarroaubanell.com\/ca\/producte\/familia-net-nardi-navarroaubanell\/\"]}]},{\"@type\":\"ImageObject\",\"inLanguage\":\"ca\",\"@id\":\"https:\/\/www.navarroaubanell.com\/ca\/producte\/familia-net-nardi-navarroaubanell\/#primaryimage\",\"url\":\"https:\/\/www.navarroaubanell.com\/wp-content\/uploads\/2024\/10\/familia.png\",\"contentUrl\":\"https:\/\/www.navarroaubanell.com\/wp-content\/uploads\/2024\/10\/familia.png\",\"width\":800,\"height\":650,\"caption\":\"Familia Net\"},{\"@type\":\"BreadcrumbList\",\"@id\":\"https:\/\/www.navarroaubanell.com\/ca\/producte\/familia-net-nardi-navarroaubanell\/#breadcrumb\",\"itemListElement\":[{\"@type\":\"ListItem\",\"position\":1,\"name\":\"Portada\",\"item\":\"https:\/\/www.navarroaubanell.com\/ca\/\"},{\"@type\":\"ListItem\",\"position\":2,\"name\":\"Productes\",\"item\":\"https:\/\/www.navarroaubanell.com\/productos\/\"},{\"@type\":\"ListItem\",\"position\":3,\"name\":\"Fam\u00edlia Net\"}]},{\"@type\":\"WebSite\",\"@id\":\"https:\/\/www.navarroaubanell.com\/ca\/#website\",\"url\":\"https:\/\/www.navarroaubanell.com\/ca\/\",\"name\":\"Navarro Aubanell\",\"description\":\"Mobiliario para hoteler\u00eda, colectividades y oficinas\",\"publisher\":{\"@id\":\"https:\/\/www.navarroaubanell.com\/ca\/#organization\"},\"potentialAction\":[{\"@type\":\"SearchAction\",\"target\":{\"@type\":\"EntryPoint\",\"urlTemplate\":\"https:\/\/www.navarroaubanell.com\/ca\/?s={search_term_string}\"},\"query-input\":{\"@type\":\"PropertyValueSpecification\",\"valueRequired\":true,\"valueName\":\"search_term_string\"}}],\"inLanguage\":\"ca\"},{\"@type\":\"Organization\",\"@id\":\"https:\/\/www.navarroaubanell.com\/ca\/#organization\",\"name\":\"COMERCIAL NAVARRO AUBANELL, S.A\",\"url\":\"https:\/\/www.navarroaubanell.com\/ca\/\",\"logo\":{\"@type\":\"ImageObject\",\"inLanguage\":\"ca\",\"@id\":\"https:\/\/www.navarroaubanell.com\/ca\/#\/schema\/logo\/image\/\",\"url\":\"https:\/\/www.navarroaubanell.com\/wp-content\/uploads\/2017\/07\/logo-navarro-aubuanell.png\",\"contentUrl\":\"https:\/\/www.navarroaubanell.com\/wp-content\/uploads\/2017\/07\/logo-navarro-aubuanell.png\",\"width\":6304,\"height\":1154,\"caption\":\"COMERCIAL NAVARRO AUBANELL, S.A\"},\"image\":{\"@id\":\"https:\/\/www.navarroaubanell.com\/ca\/#\/schema\/logo\/image\/\"}}]}<\/script>\n<!-- \/ Yoast SEO plugin. -->","yoast_head_json":{"title":"Fam\u00edlia Net, Nardi- Navarro Aubanell","description":"La fam\u00edlia Net ofereix estil, comoditat i durabilitat amb colors vibrants i protecci\u00f3 UV, ideal per a qualsevol espai exterior","robots":{"index":"index","follow":"follow","max-snippet":"max-snippet:-1","max-image-preview":"max-image-preview:large","max-video-preview":"max-video-preview:-1"},"canonical":"https:\/\/www.navarroaubanell.com\/ca\/producte\/familia-net-nardi-navarroaubanell\/","og_locale":"ca_ES","og_type":"article","og_title":"Fam\u00edlia Net, Nardi- Navarro Aubanell","og_description":"La fam\u00edlia Net ofereix estil, comoditat i durabilitat amb colors vibrants i protecci\u00f3 UV, ideal per a qualsevol espai exterior","og_url":"https:\/\/www.navarroaubanell.com\/ca\/producte\/familia-net-nardi-navarroaubanell\/","og_site_name":"Navarro Aubanell","article_modified_time":"2024-10-14T09:17:23+00:00","og_image":[{"width":800,"height":650,"url":"https:\/\/www.navarroaubanell.com\/wp-content\/uploads\/2024\/10\/familia.png","type":"image\/png"}],"twitter_misc":{"Est. reading time":"2 minutes"},"schema":{"@context":"https:\/\/schema.org","@graph":[{"@type":"WebPage","@id":"https:\/\/www.navarroaubanell.com\/ca\/producte\/familia-net-nardi-navarroaubanell\/","url":"https:\/\/www.navarroaubanell.com\/ca\/producte\/familia-net-nardi-navarroaubanell\/","name":"Fam\u00edlia Net, Nardi- Navarro Aubanell","isPartOf":{"@id":"https:\/\/www.navarroaubanell.com\/ca\/#website"},"primaryImageOfPage":{"@id":"https:\/\/www.navarroaubanell.com\/ca\/producte\/familia-net-nardi-navarroaubanell\/#primaryimage"},"image":{"@id":"https:\/\/www.navarroaubanell.com\/ca\/producte\/familia-net-nardi-navarroaubanell\/#primaryimage"},"thumbnailUrl":"https:\/\/www.navarroaubanell.com\/wp-content\/uploads\/2024\/10\/familia.png","datePublished":"2024-10-14T08:08:59+00:00","dateModified":"2024-10-14T09:17:23+00:00","description":"La fam\u00edlia Net ofereix estil, comoditat i durabilitat amb colors vibrants i protecci\u00f3 UV, ideal per a qualsevol espai exterior","breadcrumb":{"@id":"https:\/\/www.navarroaubanell.com\/ca\/producte\/familia-net-nardi-navarroaubanell\/#breadcrumb"},"inLanguage":"ca","potentialAction":[{"@type":"ReadAction","target":["https:\/\/www.navarroaubanell.com\/ca\/producte\/familia-net-nardi-navarroaubanell\/"]}]},{"@type":"ImageObject","inLanguage":"ca","@id":"https:\/\/www.navarroaubanell.com\/ca\/producte\/familia-net-nardi-navarroaubanell\/#primaryimage","url":"https:\/\/www.navarroaubanell.com\/wp-content\/uploads\/2024\/10\/familia.png","contentUrl":"https:\/\/www.navarroaubanell.com\/wp-content\/uploads\/2024\/10\/familia.png","width":800,"height":650,"caption":"Familia Net"},{"@type":"BreadcrumbList","@id":"https:\/\/www.navarroaubanell.com\/ca\/producte\/familia-net-nardi-navarroaubanell\/#breadcrumb","itemListElement":[{"@type":"ListItem","position":1,"name":"Portada","item":"https:\/\/www.navarroaubanell.com\/ca\/"},{"@type":"ListItem","position":2,"name":"Productes","item":"https:\/\/www.navarroaubanell.com\/productos\/"},{"@type":"ListItem","position":3,"name":"Fam\u00edlia Net"}]},{"@type":"WebSite","@id":"https:\/\/www.navarroaubanell.com\/ca\/#website","url":"https:\/\/www.navarroaubanell.com\/ca\/","name":"Navarro Aubanell","description":"Mobiliario para hoteler\u00eda, colectividades y oficinas","publisher":{"@id":"https:\/\/www.navarroaubanell.com\/ca\/#organization"},"potentialAction":[{"@type":"SearchAction","target":{"@type":"EntryPoint","urlTemplate":"https:\/\/www.navarroaubanell.com\/ca\/?s={search_term_string}"},"query-input":{"@type":"PropertyValueSpecification","valueRequired":true,"valueName":"search_term_string"}}],"inLanguage":"ca"},{"@type":"Organization","@id":"https:\/\/www.navarroaubanell.com\/ca\/#organization","name":"COMERCIAL NAVARRO AUBANELL, S.A","url":"https:\/\/www.navarroaubanell.com\/ca\/","logo":{"@type":"ImageObject","inLanguage":"ca","@id":"https:\/\/www.navarroaubanell.com\/ca\/#\/schema\/logo\/image\/","url":"https:\/\/www.navarroaubanell.com\/wp-content\/uploads\/2017\/07\/logo-navarro-aubuanell.png","contentUrl":"https:\/\/www.navarroaubanell.com\/wp-content\/uploads\/2017\/07\/logo-navarro-aubuanell.png","width":6304,"height":1154,"caption":"COMERCIAL NAVARRO AUBANELL, S.A"},"image":{"@id":"https:\/\/www.navarroaubanell.com\/ca\/#\/schema\/logo\/image\/"}}]}},"_links":{"self":[{"href":"https:\/\/www.navarroaubanell.com\/ca\/wp-json\/wp\/v2\/product\/39780","targetHints":{"allow":["GET"]}}],"collection":[{"href":"https:\/\/www.navarroaubanell.com\/ca\/wp-json\/wp\/v2\/product"}],"about":[{"href":"https:\/\/www.navarroaubanell.com\/ca\/wp-json\/wp\/v2\/types\/product"}],"wp:featuredmedia":[{"embeddable":true,"href":"https:\/\/www.navarroaubanell.com\/ca\/wp-json\/wp\/v2\/media\/39778"}],"wp:attachment":[{"href":"https:\/\/www.navarroaubanell.com\/ca\/wp-json\/wp\/v2\/media?parent=39780"}],"wp:term":[{"taxonomy":"product_brand","embeddable":true,"href":"https:\/\/www.navarroaubanell.com\/ca\/wp-json\/wp\/v2\/product_brand?post=39780"},{"taxonomy":"product_cat","embeddable":true,"href":"https:\/\/www.navarroaubanell.com\/ca\/wp-json\/wp\/v2\/product_cat?post=39780"},{"taxonomy":"product_tag","embeddable":true,"href":"https:\/\/www.navarroaubanell.com\/ca\/wp-json\/wp\/v2\/product_tag?post=39780"}],"curies":[{"name":"wp","href":"https:\/\/api.w.org\/{rel}","templated":true}]}}