{"id":39409,"date":"2024-10-08T11:36:00","date_gmt":"2024-10-08T09:36:00","guid":{"rendered":"https:\/\/www.navarroaubanell.com\/producto\/banco-a16-025-navarroaubanell\/"},"modified":"2024-10-08T11:42:16","modified_gmt":"2024-10-08T09:42:16","slug":"banc-a16-025-navarroaubanell","status":"publish","type":"product","link":"https:\/\/www.navarroaubanell.com\/ca\/producte\/banc-a16-025-navarroaubanell\/","title":{"rendered":"Banc A16-025"},"content":{"rendered":"<h5>Eleg\u00e0ncia i Durabilitat a Cada Detall<\/h5>\n<div class=\"traductor-textarea form-group\">\n<div class=\"textarea-desti col-xs-12 col-sm-6\">\n<div class=\"form-control second-textarea\">El banc A16-025 \u00e9s l&#8217;opci\u00f3 perfecta per als qui busquen un mobiliari que combini comoditat, estil i resist\u00e8ncia. Amb una estructura de fusta refor\u00e7ada, aquest banc est\u00e0 dissenyat per a suportar l&#8217;\u00fas diari sense comprometre la seva eleg\u00e0ncia. El seu entapissat est\u00e0 disponible en pell sint\u00e8tica, vellut o teles client, permetent una personalitzaci\u00f3 total.<\/div>\n<\/div>\n<\/div>\n<h6>Opcions de Potes i Acabats Vers\u00e0tils<\/h6>\n<div class=\"traductor-textarea form-group\">\n<div class=\"textarea-desti col-xs-12 col-sm-6\">\n<div class=\"form-control second-textarea\">Aquest model ofereix diverses opcions de potes, que inclouen fusta, met\u00e0l\u00b7liques o un elegant s\u00f2col. A m\u00e9s, els clients poden triar entre un marc intermedi o una part posterior de fusta, proporcionant un toc \u00fanic a la pe\u00e7a. Les mesures i acabats s\u00f3n totalment personalitzables, assegurant que cada banc s&#8217;ajusti perfectament al seu entorn.<\/div>\n<\/div>\n<\/div>\n<h6>Disseny Pr\u00e0ctic i Funcionalitat Extra<\/h6>\n<div class=\"traductor-textarea form-group\">\n<div class=\"textarea-desti col-xs-12 col-sm-6\">\n<div class=\"form-control second-textarea\">El Banc A16-025 est\u00e0 tractat amb f\u00f3rmules antitaques i ign\u00edfugues, garantint un manteniment f\u00e0cil i una seguretat extra per a aquells espais comercials o d&#8217;hostaleria que ho necessitin. Per a major conveni\u00e8ncia, tamb\u00e9 es pot incloure un port USB, ideal per a espais on la connectivitat \u00e9s clau.<\/div>\n<\/div>\n<\/div>\n<h6>Artesania Espanyola d&#8217;Alta Qualitat<\/h6>\n<div class=\"traductor-textarea form-group\">\n<div class=\"textarea-desti col-xs-12 col-sm-6\">\n<div class=\"form-control second-textarea\">Produ\u00eft artesanalment a Espanya, el Banc A16-025 representa la qualitat i la cura en cada detall. Aquest banc no sols \u00e9s un moble; \u00e9s una inversi\u00f3 en estil i funcionalitat per a qualsevol espai.<\/div>\n<\/div>\n<\/div>\n","protected":false},"excerpt":{"rendered":"<p>Eleg\u00e0ncia i Durabilitat a Cada Detall El banc A16-025 \u00e9s l&#8217;opci\u00f3 perfecta per als qui busquen un mobiliari que combini comoditat, estil i resist\u00e8ncia. Amb una estructura de fusta refor\u00e7ada, aquest banc est\u00e0 dissenyat per a suportar l&#8217;\u00fas diari sense comprometre la seva eleg\u00e0ncia. El seu entapissat est\u00e0 disponible en pell sint\u00e8tica, vellut o teles&hellip;<\/p>\n","protected":false},"featured_media":39441,"template":"","meta":{"_acf_changed":false},"product_brand":[],"product_cat":[1442,525],"product_tag":[1447,1439,1444,1445,664],"class_list":{"0":"post-39409","1":"product","2":"type-product","3":"status-publish","4":"has-post-thumbnail","6":"product_cat-bancs-interior","7":"product_cat-interior","8":"product_tag-antimanchas-ca","9":"product_tag-banco-ca","10":"product_tag-espana-ca","11":"product_tag-ignifugo-ca","12":"product_tag-interior-ca","13":"description-off","15":"first","16":"instock","17":"shipping-taxable","18":"product-type-simple"},"acf":[],"yoast_head":"<!-- This site is optimized with the Yoast SEO plugin v27.0 - https:\/\/yoast.com\/product\/yoast-seo-wordpress\/ -->\n<title>Banc A16-025 - Navarro Aubanell<\/title>\n<meta name=\"description\" content=\"Banc A16-025 amb estructura de fusta refor\u00e7ada, personalitzable en entapissats i mesures, potes met\u00e0l\u00b7liques, de fusta o s\u00f2col. Opci\u00f3 de port USB\" \/>\n<meta name=\"robots\" content=\"index, follow, max-snippet:-1, max-image-preview:large, max-video-preview:-1\" \/>\n<link rel=\"canonical\" href=\"https:\/\/www.navarroaubanell.com\/ca\/producte\/banc-a16-025-navarroaubanell\/\" \/>\n<meta property=\"og:locale\" content=\"ca_ES\" \/>\n<meta property=\"og:type\" content=\"article\" \/>\n<meta property=\"og:title\" content=\"Banc A16-025 - Navarro Aubanell\" \/>\n<meta property=\"og:description\" content=\"Banc A16-025 amb estructura de fusta refor\u00e7ada, personalitzable en entapissats i mesures, potes met\u00e0l\u00b7liques, de fusta o s\u00f2col. Opci\u00f3 de port USB\" \/>\n<meta property=\"og:url\" content=\"https:\/\/www.navarroaubanell.com\/ca\/producte\/banc-a16-025-navarroaubanell\/\" \/>\n<meta property=\"og:site_name\" content=\"Navarro Aubanell\" \/>\n<meta property=\"article:modified_time\" content=\"2024-10-08T09:42:16+00:00\" \/>\n<meta property=\"og:image\" content=\"https:\/\/www.navarroaubanell.com\/wp-content\/uploads\/2024\/10\/image-1.png\" \/>\n\t<meta property=\"og:image:width\" content=\"3200\" \/>\n\t<meta property=\"og:image:height\" content=\"2600\" \/>\n\t<meta property=\"og:image:type\" content=\"image\/png\" \/>\n<meta name=\"twitter:label1\" content=\"Est. reading time\" \/>\n\t<meta name=\"twitter:data1\" content=\"2 minutes\" \/>\n<script type=\"application\/ld+json\" class=\"yoast-schema-graph\">{\"@context\":\"https:\/\/schema.org\",\"@graph\":[{\"@type\":\"WebPage\",\"@id\":\"https:\/\/www.navarroaubanell.com\/ca\/producte\/banc-a16-025-navarroaubanell\/\",\"url\":\"https:\/\/www.navarroaubanell.com\/ca\/producte\/banc-a16-025-navarroaubanell\/\",\"name\":\"Banc A16-025 - Navarro Aubanell\",\"isPartOf\":{\"@id\":\"https:\/\/www.navarroaubanell.com\/ca\/#website\"},\"primaryImageOfPage\":{\"@id\":\"https:\/\/www.navarroaubanell.com\/ca\/producte\/banc-a16-025-navarroaubanell\/#primaryimage\"},\"image\":{\"@id\":\"https:\/\/www.navarroaubanell.com\/ca\/producte\/banc-a16-025-navarroaubanell\/#primaryimage\"},\"thumbnailUrl\":\"https:\/\/www.navarroaubanell.com\/wp-content\/uploads\/2024\/10\/image-1.png\",\"datePublished\":\"2024-10-08T09:36:00+00:00\",\"dateModified\":\"2024-10-08T09:42:16+00:00\",\"description\":\"Banc A16-025 amb estructura de fusta refor\u00e7ada, personalitzable en entapissats i mesures, potes met\u00e0l\u00b7liques, de fusta o s\u00f2col. Opci\u00f3 de port USB\",\"breadcrumb\":{\"@id\":\"https:\/\/www.navarroaubanell.com\/ca\/producte\/banc-a16-025-navarroaubanell\/#breadcrumb\"},\"inLanguage\":\"ca\",\"potentialAction\":[{\"@type\":\"ReadAction\",\"target\":[\"https:\/\/www.navarroaubanell.com\/ca\/producte\/banc-a16-025-navarroaubanell\/\"]}]},{\"@type\":\"ImageObject\",\"inLanguage\":\"ca\",\"@id\":\"https:\/\/www.navarroaubanell.com\/ca\/producte\/banc-a16-025-navarroaubanell\/#primaryimage\",\"url\":\"https:\/\/www.navarroaubanell.com\/wp-content\/uploads\/2024\/10\/image-1.png\",\"contentUrl\":\"https:\/\/www.navarroaubanell.com\/wp-content\/uploads\/2024\/10\/image-1.png\",\"width\":3200,\"height\":2600,\"caption\":\"Banco A16-025\"},{\"@type\":\"BreadcrumbList\",\"@id\":\"https:\/\/www.navarroaubanell.com\/ca\/producte\/banc-a16-025-navarroaubanell\/#breadcrumb\",\"itemListElement\":[{\"@type\":\"ListItem\",\"position\":1,\"name\":\"Portada\",\"item\":\"https:\/\/www.navarroaubanell.com\/ca\/\"},{\"@type\":\"ListItem\",\"position\":2,\"name\":\"Productes\",\"item\":\"https:\/\/www.navarroaubanell.com\/productos\/\"},{\"@type\":\"ListItem\",\"position\":3,\"name\":\"Banc A16-025\"}]},{\"@type\":\"WebSite\",\"@id\":\"https:\/\/www.navarroaubanell.com\/ca\/#website\",\"url\":\"https:\/\/www.navarroaubanell.com\/ca\/\",\"name\":\"Navarro Aubanell\",\"description\":\"Mobiliario para hoteler\u00eda, colectividades y oficinas\",\"publisher\":{\"@id\":\"https:\/\/www.navarroaubanell.com\/ca\/#organization\"},\"potentialAction\":[{\"@type\":\"SearchAction\",\"target\":{\"@type\":\"EntryPoint\",\"urlTemplate\":\"https:\/\/www.navarroaubanell.com\/ca\/?s={search_term_string}\"},\"query-input\":{\"@type\":\"PropertyValueSpecification\",\"valueRequired\":true,\"valueName\":\"search_term_string\"}}],\"inLanguage\":\"ca\"},{\"@type\":\"Organization\",\"@id\":\"https:\/\/www.navarroaubanell.com\/ca\/#organization\",\"name\":\"COMERCIAL NAVARRO AUBANELL, S.A\",\"url\":\"https:\/\/www.navarroaubanell.com\/ca\/\",\"logo\":{\"@type\":\"ImageObject\",\"inLanguage\":\"ca\",\"@id\":\"https:\/\/www.navarroaubanell.com\/ca\/#\/schema\/logo\/image\/\",\"url\":\"https:\/\/www.navarroaubanell.com\/wp-content\/uploads\/2017\/07\/logo-navarro-aubuanell.png\",\"contentUrl\":\"https:\/\/www.navarroaubanell.com\/wp-content\/uploads\/2017\/07\/logo-navarro-aubuanell.png\",\"width\":6304,\"height\":1154,\"caption\":\"COMERCIAL NAVARRO AUBANELL, S.A\"},\"image\":{\"@id\":\"https:\/\/www.navarroaubanell.com\/ca\/#\/schema\/logo\/image\/\"}}]}<\/script>\n<!-- \/ Yoast SEO plugin. -->","yoast_head_json":{"title":"Banc A16-025 - Navarro Aubanell","description":"Banc A16-025 amb estructura de fusta refor\u00e7ada, personalitzable en entapissats i mesures, potes met\u00e0l\u00b7liques, de fusta o s\u00f2col. Opci\u00f3 de port USB","robots":{"index":"index","follow":"follow","max-snippet":"max-snippet:-1","max-image-preview":"max-image-preview:large","max-video-preview":"max-video-preview:-1"},"canonical":"https:\/\/www.navarroaubanell.com\/ca\/producte\/banc-a16-025-navarroaubanell\/","og_locale":"ca_ES","og_type":"article","og_title":"Banc A16-025 - Navarro Aubanell","og_description":"Banc A16-025 amb estructura de fusta refor\u00e7ada, personalitzable en entapissats i mesures, potes met\u00e0l\u00b7liques, de fusta o s\u00f2col. Opci\u00f3 de port USB","og_url":"https:\/\/www.navarroaubanell.com\/ca\/producte\/banc-a16-025-navarroaubanell\/","og_site_name":"Navarro Aubanell","article_modified_time":"2024-10-08T09:42:16+00:00","og_image":[{"width":3200,"height":2600,"url":"https:\/\/www.navarroaubanell.com\/wp-content\/uploads\/2024\/10\/image-1.png","type":"image\/png"}],"twitter_misc":{"Est. reading time":"2 minutes"},"schema":{"@context":"https:\/\/schema.org","@graph":[{"@type":"WebPage","@id":"https:\/\/www.navarroaubanell.com\/ca\/producte\/banc-a16-025-navarroaubanell\/","url":"https:\/\/www.navarroaubanell.com\/ca\/producte\/banc-a16-025-navarroaubanell\/","name":"Banc A16-025 - Navarro Aubanell","isPartOf":{"@id":"https:\/\/www.navarroaubanell.com\/ca\/#website"},"primaryImageOfPage":{"@id":"https:\/\/www.navarroaubanell.com\/ca\/producte\/banc-a16-025-navarroaubanell\/#primaryimage"},"image":{"@id":"https:\/\/www.navarroaubanell.com\/ca\/producte\/banc-a16-025-navarroaubanell\/#primaryimage"},"thumbnailUrl":"https:\/\/www.navarroaubanell.com\/wp-content\/uploads\/2024\/10\/image-1.png","datePublished":"2024-10-08T09:36:00+00:00","dateModified":"2024-10-08T09:42:16+00:00","description":"Banc A16-025 amb estructura de fusta refor\u00e7ada, personalitzable en entapissats i mesures, potes met\u00e0l\u00b7liques, de fusta o s\u00f2col. Opci\u00f3 de port USB","breadcrumb":{"@id":"https:\/\/www.navarroaubanell.com\/ca\/producte\/banc-a16-025-navarroaubanell\/#breadcrumb"},"inLanguage":"ca","potentialAction":[{"@type":"ReadAction","target":["https:\/\/www.navarroaubanell.com\/ca\/producte\/banc-a16-025-navarroaubanell\/"]}]},{"@type":"ImageObject","inLanguage":"ca","@id":"https:\/\/www.navarroaubanell.com\/ca\/producte\/banc-a16-025-navarroaubanell\/#primaryimage","url":"https:\/\/www.navarroaubanell.com\/wp-content\/uploads\/2024\/10\/image-1.png","contentUrl":"https:\/\/www.navarroaubanell.com\/wp-content\/uploads\/2024\/10\/image-1.png","width":3200,"height":2600,"caption":"Banco A16-025"},{"@type":"BreadcrumbList","@id":"https:\/\/www.navarroaubanell.com\/ca\/producte\/banc-a16-025-navarroaubanell\/#breadcrumb","itemListElement":[{"@type":"ListItem","position":1,"name":"Portada","item":"https:\/\/www.navarroaubanell.com\/ca\/"},{"@type":"ListItem","position":2,"name":"Productes","item":"https:\/\/www.navarroaubanell.com\/productos\/"},{"@type":"ListItem","position":3,"name":"Banc A16-025"}]},{"@type":"WebSite","@id":"https:\/\/www.navarroaubanell.com\/ca\/#website","url":"https:\/\/www.navarroaubanell.com\/ca\/","name":"Navarro Aubanell","description":"Mobiliario para hoteler\u00eda, colectividades y oficinas","publisher":{"@id":"https:\/\/www.navarroaubanell.com\/ca\/#organization"},"potentialAction":[{"@type":"SearchAction","target":{"@type":"EntryPoint","urlTemplate":"https:\/\/www.navarroaubanell.com\/ca\/?s={search_term_string}"},"query-input":{"@type":"PropertyValueSpecification","valueRequired":true,"valueName":"search_term_string"}}],"inLanguage":"ca"},{"@type":"Organization","@id":"https:\/\/www.navarroaubanell.com\/ca\/#organization","name":"COMERCIAL NAVARRO AUBANELL, S.A","url":"https:\/\/www.navarroaubanell.com\/ca\/","logo":{"@type":"ImageObject","inLanguage":"ca","@id":"https:\/\/www.navarroaubanell.com\/ca\/#\/schema\/logo\/image\/","url":"https:\/\/www.navarroaubanell.com\/wp-content\/uploads\/2017\/07\/logo-navarro-aubuanell.png","contentUrl":"https:\/\/www.navarroaubanell.com\/wp-content\/uploads\/2017\/07\/logo-navarro-aubuanell.png","width":6304,"height":1154,"caption":"COMERCIAL NAVARRO AUBANELL, S.A"},"image":{"@id":"https:\/\/www.navarroaubanell.com\/ca\/#\/schema\/logo\/image\/"}}]}},"_links":{"self":[{"href":"https:\/\/www.navarroaubanell.com\/ca\/wp-json\/wp\/v2\/product\/39409","targetHints":{"allow":["GET"]}}],"collection":[{"href":"https:\/\/www.navarroaubanell.com\/ca\/wp-json\/wp\/v2\/product"}],"about":[{"href":"https:\/\/www.navarroaubanell.com\/ca\/wp-json\/wp\/v2\/types\/product"}],"wp:featuredmedia":[{"embeddable":true,"href":"https:\/\/www.navarroaubanell.com\/ca\/wp-json\/wp\/v2\/media\/39441"}],"wp:attachment":[{"href":"https:\/\/www.navarroaubanell.com\/ca\/wp-json\/wp\/v2\/media?parent=39409"}],"wp:term":[{"taxonomy":"product_brand","embeddable":true,"href":"https:\/\/www.navarroaubanell.com\/ca\/wp-json\/wp\/v2\/product_brand?post=39409"},{"taxonomy":"product_cat","embeddable":true,"href":"https:\/\/www.navarroaubanell.com\/ca\/wp-json\/wp\/v2\/product_cat?post=39409"},{"taxonomy":"product_tag","embeddable":true,"href":"https:\/\/www.navarroaubanell.com\/ca\/wp-json\/wp\/v2\/product_tag?post=39409"}],"curies":[{"name":"wp","href":"https:\/\/api.w.org\/{rel}","templated":true}]}}