{"id":39387,"date":"2024-10-08T10:58:29","date_gmt":"2024-10-08T08:58:29","guid":{"rendered":"https:\/\/www.navarroaubanell.com\/producto\/banco-a16-023-navarroaubanell\/"},"modified":"2024-10-08T11:03:47","modified_gmt":"2024-10-08T09:03:47","slug":"banc-a16-023-navarroaubanell","status":"publish","type":"product","link":"https:\/\/www.navarroaubanell.com\/ca\/producte\/banc-a16-023-navarroaubanell\/","title":{"rendered":"Banc A16-023"},"content":{"rendered":"<div class=\"flex-shrink-0 flex flex-col relative items-end\">\n<div>\n<div class=\"pt-0\">\n<div class=\"gizmo-bot-avatar flex h-8 w-8 items-center justify-center overflow-hidden rounded-full\">\n<h5 class=\"relative p-1 rounded-sm flex items-center justify-center bg-token-main-surface-primary text-token-text-primary h-8 w-8\">Eleg\u00e0ncia Cl\u00e0ssica amb Funcionalitat Moderna<\/h5>\n<\/div>\n<\/div>\n<\/div>\n<\/div>\n<div class=\"group\/conversation-turn relative flex w-full min-w-0 flex-col agent-turn\">\n<div class=\"flex-col gap-1 md:gap-3\">\n<div class=\"flex max-w-full flex-col flex-grow\">\n<div class=\"min-h-8 text-message flex w-full flex-col items-end gap-2 whitespace-normal break-words [.text-message+&amp;]:mt-5\" dir=\"auto\" data-message-author-role=\"assistant\" data-message-id=\"e646febf-46ca-4935-8a3e-a33a90be9cd6\">\n<div class=\"flex w-full flex-col gap-1 empty:hidden first:pt-[3px]\">\n<div class=\"markdown prose w-full break-words dark:prose-invert light\">\n<div class=\"traductor-textarea form-group\">\n<div class=\"textarea-desti col-xs-12 col-sm-6\">\n<div class=\"form-control second-textarea\">El Banc A16-023 \u00e9s una pe\u00e7a que destaca pel seu disseny entapissat amb botons i costures, que aporta un aire d&#8217;eleg\u00e0ncia cl\u00e0ssica. Amb una estructura refor\u00e7ada de fusta, aquest banc est\u00e0 dissenyat per a oferir durabilitat sense sacrificar l&#8217;estil.<\/div>\n<\/div>\n<\/div>\n<h6>Personalitzaci\u00f3 Total per a Adaptar-se al teu Espai<\/h6>\n<div class=\"traductor-textarea form-group\">\n<div class=\"textarea-desti col-xs-12 col-sm-6\">\n<div class=\"form-control second-textarea\">La flexibilitat \u00e9s una de les principals caracter\u00edstiques del Banc A16-023. Pot personalitzar-se completament en mesures i acabats, ja sigui amb pell sint\u00e8tica, teles proporcionades pel client, o vellut, tots amb tractament antitaques i f\u00f3rmula ign\u00edfuga, assegurant la seva resist\u00e8ncia i seguretat en qualsevol entorn.<\/div>\n<\/div>\n<\/div>\n<h6>Opcions Vers\u00e0tils per a les Potes<\/h6>\n<div class=\"traductor-textarea form-group\">\n<div class=\"textarea-desti col-xs-12 col-sm-6\">\n<div class=\"form-control second-textarea\">Tria entre potes de metall, fusta o fins i tot un s\u00f2col per a donar-li al banc l&#8217;estil que millor s&#8217;adapti al teu espai. Aquesta versatilitat ho converteix en una pe\u00e7a perfecta tant per a ambients cl\u00e0ssics com moderns.<\/div>\n<\/div>\n<\/div>\n<h6>Funcionalitat Extra: Port USB<\/h6>\n<div class=\"traductor-textarea form-group\">\n<div class=\"textarea-desti col-xs-12 col-sm-6\">\n<div class=\"form-control second-textarea\">Per a una major comoditat, A16-023 tamb\u00e9 pot incorporar un port USB, una opci\u00f3 ideal per a espais comercials o residencials on la tecnologia \u00e9s part del dia a dia.<\/div>\n<\/div>\n<\/div>\n<h6><strong>Fabricaci\u00f3 Espanyola\u00a0<\/strong><\/h6>\n<div class=\"traductor-textarea form-group\">\n<div class=\"textarea-desti col-xs-12 col-sm-6\">\n<div class=\"form-control second-textarea\">Totalment fabricat a Espanya, el Banc A16-023 garanteix un producte artesanal d&#8217;alta qualitat, dissenyat per a durar i brillar en qualsevol espai.<\/div>\n<\/div>\n<\/div>\n<\/div>\n<\/div>\n<\/div>\n<\/div>\n<\/div>\n<\/div>\n","protected":false},"excerpt":{"rendered":"<p>Eleg\u00e0ncia Cl\u00e0ssica amb Funcionalitat Moderna El Banc A16-023 \u00e9s una pe\u00e7a que destaca pel seu disseny entapissat amb botons i costures, que aporta un aire d&#8217;eleg\u00e0ncia cl\u00e0ssica. Amb una estructura refor\u00e7ada de fusta, aquest banc est\u00e0 dissenyat per a oferir durabilitat sense sacrificar l&#8217;estil. Personalitzaci\u00f3 Total per a Adaptar-se al teu Espai La flexibilitat \u00e9s&hellip;<\/p>\n","protected":false},"featured_media":39383,"template":"","meta":{"_acf_changed":false},"product_brand":[],"product_cat":[1442,525],"product_tag":[1447,1439,1444,1445,664,1449],"class_list":{"0":"post-39387","1":"product","2":"type-product","3":"status-publish","4":"has-post-thumbnail","6":"product_cat-bancs-interior","7":"product_cat-interior","8":"product_tag-antimanchas-ca","9":"product_tag-banco-ca","10":"product_tag-espana-ca","11":"product_tag-ignifugo-ca","12":"product_tag-interior-ca","13":"product_tag-usb-ca","14":"description-off","16":"first","17":"instock","18":"shipping-taxable","19":"product-type-simple"},"acf":[],"yoast_head":"<!-- This site is optimized with the Yoast SEO plugin v27.0 - https:\/\/yoast.com\/product\/yoast-seo-wordpress\/ -->\n<title>Banc A16-023 - Navarro Aubanell<\/title>\n<meta name=\"description\" content=\"Banc A16-023, eleg\u00e0ncia cl\u00e0ssica. Personalitzable en mesures i acabats. Entapissat antitaques i ign\u00edfug, opci\u00f3 de port USB. Fet a Espanya.\" \/>\n<meta name=\"robots\" content=\"index, follow, max-snippet:-1, max-image-preview:large, max-video-preview:-1\" \/>\n<link rel=\"canonical\" href=\"https:\/\/www.navarroaubanell.com\/ca\/producte\/banc-a16-023-navarroaubanell\/\" \/>\n<meta property=\"og:locale\" content=\"ca_ES\" \/>\n<meta property=\"og:type\" content=\"article\" \/>\n<meta property=\"og:title\" content=\"Banc A16-023 - Navarro Aubanell\" \/>\n<meta property=\"og:description\" content=\"Banc A16-023, eleg\u00e0ncia cl\u00e0ssica. Personalitzable en mesures i acabats. Entapissat antitaques i ign\u00edfug, opci\u00f3 de port USB. Fet a Espanya.\" \/>\n<meta property=\"og:url\" content=\"https:\/\/www.navarroaubanell.com\/ca\/producte\/banc-a16-023-navarroaubanell\/\" \/>\n<meta property=\"og:site_name\" content=\"Navarro Aubanell\" \/>\n<meta property=\"article:modified_time\" content=\"2024-10-08T09:03:47+00:00\" \/>\n<meta property=\"og:image\" content=\"https:\/\/www.navarroaubanell.com\/wp-content\/uploads\/2024\/10\/banco_para_hosteleria_jazz_lateral-Photoroom.png\" \/>\n\t<meta property=\"og:image:width\" content=\"800\" \/>\n\t<meta property=\"og:image:height\" content=\"650\" \/>\n\t<meta property=\"og:image:type\" content=\"image\/png\" \/>\n<meta name=\"twitter:label1\" content=\"Est. reading time\" \/>\n\t<meta name=\"twitter:data1\" content=\"2 minutes\" \/>\n<script type=\"application\/ld+json\" class=\"yoast-schema-graph\">{\"@context\":\"https:\/\/schema.org\",\"@graph\":[{\"@type\":\"WebPage\",\"@id\":\"https:\/\/www.navarroaubanell.com\/ca\/producte\/banc-a16-023-navarroaubanell\/\",\"url\":\"https:\/\/www.navarroaubanell.com\/ca\/producte\/banc-a16-023-navarroaubanell\/\",\"name\":\"Banc A16-023 - Navarro Aubanell\",\"isPartOf\":{\"@id\":\"https:\/\/www.navarroaubanell.com\/ca\/#website\"},\"primaryImageOfPage\":{\"@id\":\"https:\/\/www.navarroaubanell.com\/ca\/producte\/banc-a16-023-navarroaubanell\/#primaryimage\"},\"image\":{\"@id\":\"https:\/\/www.navarroaubanell.com\/ca\/producte\/banc-a16-023-navarroaubanell\/#primaryimage\"},\"thumbnailUrl\":\"https:\/\/www.navarroaubanell.com\/wp-content\/uploads\/2024\/10\/banco_para_hosteleria_jazz_lateral-Photoroom.png\",\"datePublished\":\"2024-10-08T08:58:29+00:00\",\"dateModified\":\"2024-10-08T09:03:47+00:00\",\"description\":\"Banc A16-023, eleg\u00e0ncia cl\u00e0ssica. Personalitzable en mesures i acabats. Entapissat antitaques i ign\u00edfug, opci\u00f3 de port USB. Fet a Espanya.\",\"breadcrumb\":{\"@id\":\"https:\/\/www.navarroaubanell.com\/ca\/producte\/banc-a16-023-navarroaubanell\/#breadcrumb\"},\"inLanguage\":\"ca\",\"potentialAction\":[{\"@type\":\"ReadAction\",\"target\":[\"https:\/\/www.navarroaubanell.com\/ca\/producte\/banc-a16-023-navarroaubanell\/\"]}]},{\"@type\":\"ImageObject\",\"inLanguage\":\"ca\",\"@id\":\"https:\/\/www.navarroaubanell.com\/ca\/producte\/banc-a16-023-navarroaubanell\/#primaryimage\",\"url\":\"https:\/\/www.navarroaubanell.com\/wp-content\/uploads\/2024\/10\/banco_para_hosteleria_jazz_lateral-Photoroom.png\",\"contentUrl\":\"https:\/\/www.navarroaubanell.com\/wp-content\/uploads\/2024\/10\/banco_para_hosteleria_jazz_lateral-Photoroom.png\",\"width\":800,\"height\":650,\"caption\":\"Banc A16-023\"},{\"@type\":\"BreadcrumbList\",\"@id\":\"https:\/\/www.navarroaubanell.com\/ca\/producte\/banc-a16-023-navarroaubanell\/#breadcrumb\",\"itemListElement\":[{\"@type\":\"ListItem\",\"position\":1,\"name\":\"Portada\",\"item\":\"https:\/\/www.navarroaubanell.com\/ca\/\"},{\"@type\":\"ListItem\",\"position\":2,\"name\":\"Productes\",\"item\":\"https:\/\/www.navarroaubanell.com\/productos\/\"},{\"@type\":\"ListItem\",\"position\":3,\"name\":\"Banc A16-023\"}]},{\"@type\":\"WebSite\",\"@id\":\"https:\/\/www.navarroaubanell.com\/ca\/#website\",\"url\":\"https:\/\/www.navarroaubanell.com\/ca\/\",\"name\":\"Navarro Aubanell\",\"description\":\"Mobiliario para hoteler\u00eda, colectividades y oficinas\",\"publisher\":{\"@id\":\"https:\/\/www.navarroaubanell.com\/ca\/#organization\"},\"potentialAction\":[{\"@type\":\"SearchAction\",\"target\":{\"@type\":\"EntryPoint\",\"urlTemplate\":\"https:\/\/www.navarroaubanell.com\/ca\/?s={search_term_string}\"},\"query-input\":{\"@type\":\"PropertyValueSpecification\",\"valueRequired\":true,\"valueName\":\"search_term_string\"}}],\"inLanguage\":\"ca\"},{\"@type\":\"Organization\",\"@id\":\"https:\/\/www.navarroaubanell.com\/ca\/#organization\",\"name\":\"COMERCIAL NAVARRO AUBANELL, S.A\",\"url\":\"https:\/\/www.navarroaubanell.com\/ca\/\",\"logo\":{\"@type\":\"ImageObject\",\"inLanguage\":\"ca\",\"@id\":\"https:\/\/www.navarroaubanell.com\/ca\/#\/schema\/logo\/image\/\",\"url\":\"https:\/\/www.navarroaubanell.com\/wp-content\/uploads\/2017\/07\/logo-navarro-aubuanell.png\",\"contentUrl\":\"https:\/\/www.navarroaubanell.com\/wp-content\/uploads\/2017\/07\/logo-navarro-aubuanell.png\",\"width\":6304,\"height\":1154,\"caption\":\"COMERCIAL NAVARRO AUBANELL, S.A\"},\"image\":{\"@id\":\"https:\/\/www.navarroaubanell.com\/ca\/#\/schema\/logo\/image\/\"}}]}<\/script>\n<!-- \/ Yoast SEO plugin. -->","yoast_head_json":{"title":"Banc A16-023 - Navarro Aubanell","description":"Banc A16-023, eleg\u00e0ncia cl\u00e0ssica. Personalitzable en mesures i acabats. Entapissat antitaques i ign\u00edfug, opci\u00f3 de port USB. Fet a Espanya.","robots":{"index":"index","follow":"follow","max-snippet":"max-snippet:-1","max-image-preview":"max-image-preview:large","max-video-preview":"max-video-preview:-1"},"canonical":"https:\/\/www.navarroaubanell.com\/ca\/producte\/banc-a16-023-navarroaubanell\/","og_locale":"ca_ES","og_type":"article","og_title":"Banc A16-023 - Navarro Aubanell","og_description":"Banc A16-023, eleg\u00e0ncia cl\u00e0ssica. Personalitzable en mesures i acabats. Entapissat antitaques i ign\u00edfug, opci\u00f3 de port USB. Fet a Espanya.","og_url":"https:\/\/www.navarroaubanell.com\/ca\/producte\/banc-a16-023-navarroaubanell\/","og_site_name":"Navarro Aubanell","article_modified_time":"2024-10-08T09:03:47+00:00","og_image":[{"width":800,"height":650,"url":"https:\/\/www.navarroaubanell.com\/wp-content\/uploads\/2024\/10\/banco_para_hosteleria_jazz_lateral-Photoroom.png","type":"image\/png"}],"twitter_misc":{"Est. reading time":"2 minutes"},"schema":{"@context":"https:\/\/schema.org","@graph":[{"@type":"WebPage","@id":"https:\/\/www.navarroaubanell.com\/ca\/producte\/banc-a16-023-navarroaubanell\/","url":"https:\/\/www.navarroaubanell.com\/ca\/producte\/banc-a16-023-navarroaubanell\/","name":"Banc A16-023 - Navarro Aubanell","isPartOf":{"@id":"https:\/\/www.navarroaubanell.com\/ca\/#website"},"primaryImageOfPage":{"@id":"https:\/\/www.navarroaubanell.com\/ca\/producte\/banc-a16-023-navarroaubanell\/#primaryimage"},"image":{"@id":"https:\/\/www.navarroaubanell.com\/ca\/producte\/banc-a16-023-navarroaubanell\/#primaryimage"},"thumbnailUrl":"https:\/\/www.navarroaubanell.com\/wp-content\/uploads\/2024\/10\/banco_para_hosteleria_jazz_lateral-Photoroom.png","datePublished":"2024-10-08T08:58:29+00:00","dateModified":"2024-10-08T09:03:47+00:00","description":"Banc A16-023, eleg\u00e0ncia cl\u00e0ssica. Personalitzable en mesures i acabats. Entapissat antitaques i ign\u00edfug, opci\u00f3 de port USB. Fet a Espanya.","breadcrumb":{"@id":"https:\/\/www.navarroaubanell.com\/ca\/producte\/banc-a16-023-navarroaubanell\/#breadcrumb"},"inLanguage":"ca","potentialAction":[{"@type":"ReadAction","target":["https:\/\/www.navarroaubanell.com\/ca\/producte\/banc-a16-023-navarroaubanell\/"]}]},{"@type":"ImageObject","inLanguage":"ca","@id":"https:\/\/www.navarroaubanell.com\/ca\/producte\/banc-a16-023-navarroaubanell\/#primaryimage","url":"https:\/\/www.navarroaubanell.com\/wp-content\/uploads\/2024\/10\/banco_para_hosteleria_jazz_lateral-Photoroom.png","contentUrl":"https:\/\/www.navarroaubanell.com\/wp-content\/uploads\/2024\/10\/banco_para_hosteleria_jazz_lateral-Photoroom.png","width":800,"height":650,"caption":"Banc A16-023"},{"@type":"BreadcrumbList","@id":"https:\/\/www.navarroaubanell.com\/ca\/producte\/banc-a16-023-navarroaubanell\/#breadcrumb","itemListElement":[{"@type":"ListItem","position":1,"name":"Portada","item":"https:\/\/www.navarroaubanell.com\/ca\/"},{"@type":"ListItem","position":2,"name":"Productes","item":"https:\/\/www.navarroaubanell.com\/productos\/"},{"@type":"ListItem","position":3,"name":"Banc A16-023"}]},{"@type":"WebSite","@id":"https:\/\/www.navarroaubanell.com\/ca\/#website","url":"https:\/\/www.navarroaubanell.com\/ca\/","name":"Navarro Aubanell","description":"Mobiliario para hoteler\u00eda, colectividades y oficinas","publisher":{"@id":"https:\/\/www.navarroaubanell.com\/ca\/#organization"},"potentialAction":[{"@type":"SearchAction","target":{"@type":"EntryPoint","urlTemplate":"https:\/\/www.navarroaubanell.com\/ca\/?s={search_term_string}"},"query-input":{"@type":"PropertyValueSpecification","valueRequired":true,"valueName":"search_term_string"}}],"inLanguage":"ca"},{"@type":"Organization","@id":"https:\/\/www.navarroaubanell.com\/ca\/#organization","name":"COMERCIAL NAVARRO AUBANELL, S.A","url":"https:\/\/www.navarroaubanell.com\/ca\/","logo":{"@type":"ImageObject","inLanguage":"ca","@id":"https:\/\/www.navarroaubanell.com\/ca\/#\/schema\/logo\/image\/","url":"https:\/\/www.navarroaubanell.com\/wp-content\/uploads\/2017\/07\/logo-navarro-aubuanell.png","contentUrl":"https:\/\/www.navarroaubanell.com\/wp-content\/uploads\/2017\/07\/logo-navarro-aubuanell.png","width":6304,"height":1154,"caption":"COMERCIAL NAVARRO AUBANELL, S.A"},"image":{"@id":"https:\/\/www.navarroaubanell.com\/ca\/#\/schema\/logo\/image\/"}}]}},"_links":{"self":[{"href":"https:\/\/www.navarroaubanell.com\/ca\/wp-json\/wp\/v2\/product\/39387","targetHints":{"allow":["GET"]}}],"collection":[{"href":"https:\/\/www.navarroaubanell.com\/ca\/wp-json\/wp\/v2\/product"}],"about":[{"href":"https:\/\/www.navarroaubanell.com\/ca\/wp-json\/wp\/v2\/types\/product"}],"wp:featuredmedia":[{"embeddable":true,"href":"https:\/\/www.navarroaubanell.com\/ca\/wp-json\/wp\/v2\/media\/39383"}],"wp:attachment":[{"href":"https:\/\/www.navarroaubanell.com\/ca\/wp-json\/wp\/v2\/media?parent=39387"}],"wp:term":[{"taxonomy":"product_brand","embeddable":true,"href":"https:\/\/www.navarroaubanell.com\/ca\/wp-json\/wp\/v2\/product_brand?post=39387"},{"taxonomy":"product_cat","embeddable":true,"href":"https:\/\/www.navarroaubanell.com\/ca\/wp-json\/wp\/v2\/product_cat?post=39387"},{"taxonomy":"product_tag","embeddable":true,"href":"https:\/\/www.navarroaubanell.com\/ca\/wp-json\/wp\/v2\/product_tag?post=39387"}],"curies":[{"name":"wp","href":"https:\/\/api.w.org\/{rel}","templated":true}]}}