{"id":39352,"date":"2024-10-07T17:49:17","date_gmt":"2024-10-07T15:49:17","guid":{"rendered":"https:\/\/www.navarroaubanell.com\/producto\/banco-a16-027-navarroaubanell\/"},"modified":"2024-10-08T15:47:15","modified_gmt":"2024-10-08T13:47:15","slug":"banc-a16-027-navarroaubanell","status":"publish","type":"product","link":"https:\/\/www.navarroaubanell.com\/ca\/producte\/banc-a16-027-navarroaubanell\/","title":{"rendered":"Banc A16-027"},"content":{"rendered":"<p class=\"flex-shrink-0 flex flex-col relative items-end\"><strong>Banc A16-027: Sofisticaci\u00f3 i Adaptabilitat en Bancs Alts<\/strong><\/p>\n<h5 class=\"pt-0\"><span style=\"font-size: 14px; font-weight: normal;\">El Banc A16-027 \u00e9s l&#8217;elecci\u00f3 perfecta per als qui busquen estil i funcionalita. Amb una s\u00f2lida estructura de fusta de faig, aquests bancs estan dissenyats per a oferir durabilitat i resist\u00e8ncia sense comprometre l&#8217;est\u00e8tica. S\u00f3n ideals per a entorns que requereixen un toc d&#8217;eleg\u00e0ncia i altura, com a bars i \u00e0rees de recepci\u00f3.<\/span><\/h5>\n<div class=\"group\/conversation-turn relative flex w-full min-w-0 flex-col agent-turn\">\n<div class=\"flex-col gap-1 md:gap-3\">\n<div class=\"flex max-w-full flex-col flex-grow\">\n<div class=\"min-h-8 text-message flex w-full flex-col items-end gap-2 whitespace-normal break-words [.text-message+&amp;]:mt-5\" dir=\"auto\" data-message-author-role=\"assistant\" data-message-id=\"8b3d920c-b1f3-4f6d-8a62-239566c9ea16\">\n<div class=\"flex w-full flex-col gap-1 empty:hidden first:pt-[3px]\">\n<div class=\"markdown prose w-full break-words dark:prose-invert light\">\n<div class=\"traductor-textarea form-group\">\n<div class=\"textarea-desti col-xs-12 col-sm-6\">\n<h6 class=\"form-control second-textarea\">Entapissat Vers\u00e0til i Segur<\/h6>\n<\/div>\n<\/div>\n<div class=\"traductor-checkbox form-group\">\n<div class=\"col-sm-offset-2 col-sm-5\">\n<div class=\"traductor-textarea form-group\">\n<div class=\"textarea-desti col-xs-12 col-sm-6\">\n<div class=\"form-control second-textarea\">Disponibles en entapissats de pell sint\u00e8tica o microfibra, tots dos amb tractaments ign\u00edfugs, els bancs A16-027 asseguren seguretat i resist\u00e8ncia. Ofereix l&#8217;opci\u00f3 de triar entre un respatller llis o acanalat, segons les prefer\u00e8ncies est\u00e8tiques o funcionals de cada projecte.<\/div>\n<\/div>\n<\/div>\n<\/div>\n<\/div>\n<div class=\"traductor-textarea form-group\">\n<div class=\"textarea-desti col-xs-12 col-sm-6\">\n<h6 class=\"form-control second-textarea\">Personalitzaci\u00f3 Completa a la teva Mesura<\/h6>\n<\/div>\n<\/div>\n<div class=\"traductor-checkbox form-group\">\n<div class=\"col-sm-offset-2 col-sm-5\">\n<div class=\"traductor-textarea form-group\">\n<div class=\"textarea-desti col-xs-12 col-sm-6\">\n<div class=\"form-control second-textarea\">Aquest banc es fabrica sota comanda, la qual cosa et permet triar entre diverses opcions d&#8217;entapissat i mesures especials. Les potes poden ser d&#8217;acer inoxidable o fusta envernissada, amb la possibilitat d&#8217;un s\u00f2col o entapissat integral, la qual cosa permet adaptar-lo perfectament a qualsevol espai.<\/div>\n<h6 class=\"form-control second-textarea\">Funcionalitat Extra: Port USB<\/h6>\n<div>Per a una major comoditat, A16-027 tamb\u00e9 pot incorporar un port USB, una opci\u00f3 ideal per a espais comercials i d&#8217;hostaleria on la tecnologia \u00e9s part del dia a dia.<\/div>\n<\/div>\n<\/div>\n<\/div>\n<\/div>\n<div class=\"traductor-textarea form-group\">\n<div class=\"textarea-desti col-xs-12 col-sm-6\">\n<h6 class=\"form-control second-textarea\">Producci\u00f3 Espanyola d&#8217;Alta Qualitat<\/h6>\n<\/div>\n<\/div>\n<div class=\"traductor-checkbox form-group\">\n<div class=\"col-sm-offset-2 col-sm-5\">\n<div class=\"traductor-textarea form-group\">\n<div class=\"textarea-desti col-xs-12 col-sm-6\">\n<div class=\"form-control second-textarea\">El Banc A16-027 est\u00e0 fabricat \u00edntegrament a Espanya, garantint un control de qualitat excepcional i un disseny personalitzat.<\/div>\n<\/div>\n<\/div>\n<\/div>\n<\/div>\n<\/div>\n<\/div>\n<\/div>\n<\/div>\n<\/div>\n<\/div>\n","protected":false},"excerpt":{"rendered":"<p>Banc A16-027: Sofisticaci\u00f3 i Adaptabilitat en Bancs Alts El Banc A16-027 \u00e9s l&#8217;elecci\u00f3 perfecta per als qui busquen estil i funcionalita. Amb una s\u00f2lida estructura de fusta de faig, aquests bancs estan dissenyats per a oferir durabilitat i resist\u00e8ncia sense comprometre l&#8217;est\u00e8tica. S\u00f3n ideals per a entorns que requereixen un toc d&#8217;eleg\u00e0ncia i altura, com&hellip;<\/p>\n","protected":false},"featured_media":39350,"template":"","meta":{"_acf_changed":false},"product_brand":[],"product_cat":[1442,525],"product_tag":[1439,1444,945,1445,664,1440],"class_list":{"0":"post-39352","1":"product","2":"type-product","3":"status-publish","4":"has-post-thumbnail","6":"product_cat-bancs-interior","7":"product_cat-interior","8":"product_tag-banco-ca","9":"product_tag-espana-ca","10":"product_tag-madera-ca","11":"product_tag-ignifugo-ca","12":"product_tag-interior-ca","13":"product_tag-polipiel-ca","14":"description-off","16":"first","17":"instock","18":"shipping-taxable","19":"product-type-simple"},"acf":[],"yoast_head":"<!-- This site is optimized with the Yoast SEO plugin v27.0 - https:\/\/yoast.com\/product\/yoast-seo-wordpress\/ -->\n<title>Banc A16-027 - Navarro Aubanell<\/title>\n<meta name=\"description\" content=\"Banc A16-027: banc alt personalitzable, fusta de faig, entapissat ign\u00edfug en pell sint\u00e8tica o microfibra. Producci\u00f3 espanyola, altura i disseny a mesura.\" \/>\n<meta name=\"robots\" content=\"index, follow, max-snippet:-1, max-image-preview:large, max-video-preview:-1\" \/>\n<link rel=\"canonical\" href=\"https:\/\/www.navarroaubanell.com\/ca\/producte\/banc-a16-027-navarroaubanell\/\" \/>\n<meta property=\"og:locale\" content=\"ca_ES\" \/>\n<meta property=\"og:type\" content=\"article\" \/>\n<meta property=\"og:title\" content=\"Banc A16-027 - Navarro Aubanell\" \/>\n<meta property=\"og:description\" content=\"Banc A16-027: banc alt personalitzable, fusta de faig, entapissat ign\u00edfug en pell sint\u00e8tica o microfibra. Producci\u00f3 espanyola, altura i disseny a mesura.\" \/>\n<meta property=\"og:url\" content=\"https:\/\/www.navarroaubanell.com\/ca\/producte\/banc-a16-027-navarroaubanell\/\" \/>\n<meta property=\"og:site_name\" content=\"Navarro Aubanell\" \/>\n<meta property=\"article:modified_time\" content=\"2024-10-08T13:47:15+00:00\" \/>\n<meta property=\"og:image\" content=\"https:\/\/www.navarroaubanell.com\/wp-content\/uploads\/2024\/10\/p.png\" \/>\n\t<meta property=\"og:image:width\" content=\"800\" \/>\n\t<meta property=\"og:image:height\" content=\"650\" \/>\n\t<meta property=\"og:image:type\" content=\"image\/png\" \/>\n<meta name=\"twitter:label1\" content=\"Est. reading time\" \/>\n\t<meta name=\"twitter:data1\" content=\"2 minutes\" \/>\n<script type=\"application\/ld+json\" class=\"yoast-schema-graph\">{\"@context\":\"https:\/\/schema.org\",\"@graph\":[{\"@type\":\"WebPage\",\"@id\":\"https:\/\/www.navarroaubanell.com\/ca\/producte\/banc-a16-027-navarroaubanell\/\",\"url\":\"https:\/\/www.navarroaubanell.com\/ca\/producte\/banc-a16-027-navarroaubanell\/\",\"name\":\"Banc A16-027 - Navarro Aubanell\",\"isPartOf\":{\"@id\":\"https:\/\/www.navarroaubanell.com\/ca\/#website\"},\"primaryImageOfPage\":{\"@id\":\"https:\/\/www.navarroaubanell.com\/ca\/producte\/banc-a16-027-navarroaubanell\/#primaryimage\"},\"image\":{\"@id\":\"https:\/\/www.navarroaubanell.com\/ca\/producte\/banc-a16-027-navarroaubanell\/#primaryimage\"},\"thumbnailUrl\":\"https:\/\/www.navarroaubanell.com\/wp-content\/uploads\/2024\/10\/p.png\",\"datePublished\":\"2024-10-07T15:49:17+00:00\",\"dateModified\":\"2024-10-08T13:47:15+00:00\",\"description\":\"Banc A16-027: banc alt personalitzable, fusta de faig, entapissat ign\u00edfug en pell sint\u00e8tica o microfibra. Producci\u00f3 espanyola, altura i disseny a mesura.\",\"breadcrumb\":{\"@id\":\"https:\/\/www.navarroaubanell.com\/ca\/producte\/banc-a16-027-navarroaubanell\/#breadcrumb\"},\"inLanguage\":\"ca\",\"potentialAction\":[{\"@type\":\"ReadAction\",\"target\":[\"https:\/\/www.navarroaubanell.com\/ca\/producte\/banc-a16-027-navarroaubanell\/\"]}]},{\"@type\":\"ImageObject\",\"inLanguage\":\"ca\",\"@id\":\"https:\/\/www.navarroaubanell.com\/ca\/producte\/banc-a16-027-navarroaubanell\/#primaryimage\",\"url\":\"https:\/\/www.navarroaubanell.com\/wp-content\/uploads\/2024\/10\/p.png\",\"contentUrl\":\"https:\/\/www.navarroaubanell.com\/wp-content\/uploads\/2024\/10\/p.png\",\"width\":800,\"height\":650,\"caption\":\"Banc A16-027\"},{\"@type\":\"BreadcrumbList\",\"@id\":\"https:\/\/www.navarroaubanell.com\/ca\/producte\/banc-a16-027-navarroaubanell\/#breadcrumb\",\"itemListElement\":[{\"@type\":\"ListItem\",\"position\":1,\"name\":\"Portada\",\"item\":\"https:\/\/www.navarroaubanell.com\/ca\/\"},{\"@type\":\"ListItem\",\"position\":2,\"name\":\"Productes\",\"item\":\"https:\/\/www.navarroaubanell.com\/productos\/\"},{\"@type\":\"ListItem\",\"position\":3,\"name\":\"Banc A16-027\"}]},{\"@type\":\"WebSite\",\"@id\":\"https:\/\/www.navarroaubanell.com\/ca\/#website\",\"url\":\"https:\/\/www.navarroaubanell.com\/ca\/\",\"name\":\"Navarro Aubanell\",\"description\":\"Mobiliario para hoteler\u00eda, colectividades y oficinas\",\"publisher\":{\"@id\":\"https:\/\/www.navarroaubanell.com\/ca\/#organization\"},\"potentialAction\":[{\"@type\":\"SearchAction\",\"target\":{\"@type\":\"EntryPoint\",\"urlTemplate\":\"https:\/\/www.navarroaubanell.com\/ca\/?s={search_term_string}\"},\"query-input\":{\"@type\":\"PropertyValueSpecification\",\"valueRequired\":true,\"valueName\":\"search_term_string\"}}],\"inLanguage\":\"ca\"},{\"@type\":\"Organization\",\"@id\":\"https:\/\/www.navarroaubanell.com\/ca\/#organization\",\"name\":\"COMERCIAL NAVARRO AUBANELL, S.A\",\"url\":\"https:\/\/www.navarroaubanell.com\/ca\/\",\"logo\":{\"@type\":\"ImageObject\",\"inLanguage\":\"ca\",\"@id\":\"https:\/\/www.navarroaubanell.com\/ca\/#\/schema\/logo\/image\/\",\"url\":\"https:\/\/www.navarroaubanell.com\/wp-content\/uploads\/2017\/07\/logo-navarro-aubuanell.png\",\"contentUrl\":\"https:\/\/www.navarroaubanell.com\/wp-content\/uploads\/2017\/07\/logo-navarro-aubuanell.png\",\"width\":6304,\"height\":1154,\"caption\":\"COMERCIAL NAVARRO AUBANELL, S.A\"},\"image\":{\"@id\":\"https:\/\/www.navarroaubanell.com\/ca\/#\/schema\/logo\/image\/\"}}]}<\/script>\n<!-- \/ Yoast SEO plugin. -->","yoast_head_json":{"title":"Banc A16-027 - Navarro Aubanell","description":"Banc A16-027: banc alt personalitzable, fusta de faig, entapissat ign\u00edfug en pell sint\u00e8tica o microfibra. Producci\u00f3 espanyola, altura i disseny a mesura.","robots":{"index":"index","follow":"follow","max-snippet":"max-snippet:-1","max-image-preview":"max-image-preview:large","max-video-preview":"max-video-preview:-1"},"canonical":"https:\/\/www.navarroaubanell.com\/ca\/producte\/banc-a16-027-navarroaubanell\/","og_locale":"ca_ES","og_type":"article","og_title":"Banc A16-027 - Navarro Aubanell","og_description":"Banc A16-027: banc alt personalitzable, fusta de faig, entapissat ign\u00edfug en pell sint\u00e8tica o microfibra. Producci\u00f3 espanyola, altura i disseny a mesura.","og_url":"https:\/\/www.navarroaubanell.com\/ca\/producte\/banc-a16-027-navarroaubanell\/","og_site_name":"Navarro Aubanell","article_modified_time":"2024-10-08T13:47:15+00:00","og_image":[{"width":800,"height":650,"url":"https:\/\/www.navarroaubanell.com\/wp-content\/uploads\/2024\/10\/p.png","type":"image\/png"}],"twitter_misc":{"Est. reading time":"2 minutes"},"schema":{"@context":"https:\/\/schema.org","@graph":[{"@type":"WebPage","@id":"https:\/\/www.navarroaubanell.com\/ca\/producte\/banc-a16-027-navarroaubanell\/","url":"https:\/\/www.navarroaubanell.com\/ca\/producte\/banc-a16-027-navarroaubanell\/","name":"Banc A16-027 - Navarro Aubanell","isPartOf":{"@id":"https:\/\/www.navarroaubanell.com\/ca\/#website"},"primaryImageOfPage":{"@id":"https:\/\/www.navarroaubanell.com\/ca\/producte\/banc-a16-027-navarroaubanell\/#primaryimage"},"image":{"@id":"https:\/\/www.navarroaubanell.com\/ca\/producte\/banc-a16-027-navarroaubanell\/#primaryimage"},"thumbnailUrl":"https:\/\/www.navarroaubanell.com\/wp-content\/uploads\/2024\/10\/p.png","datePublished":"2024-10-07T15:49:17+00:00","dateModified":"2024-10-08T13:47:15+00:00","description":"Banc A16-027: banc alt personalitzable, fusta de faig, entapissat ign\u00edfug en pell sint\u00e8tica o microfibra. Producci\u00f3 espanyola, altura i disseny a mesura.","breadcrumb":{"@id":"https:\/\/www.navarroaubanell.com\/ca\/producte\/banc-a16-027-navarroaubanell\/#breadcrumb"},"inLanguage":"ca","potentialAction":[{"@type":"ReadAction","target":["https:\/\/www.navarroaubanell.com\/ca\/producte\/banc-a16-027-navarroaubanell\/"]}]},{"@type":"ImageObject","inLanguage":"ca","@id":"https:\/\/www.navarroaubanell.com\/ca\/producte\/banc-a16-027-navarroaubanell\/#primaryimage","url":"https:\/\/www.navarroaubanell.com\/wp-content\/uploads\/2024\/10\/p.png","contentUrl":"https:\/\/www.navarroaubanell.com\/wp-content\/uploads\/2024\/10\/p.png","width":800,"height":650,"caption":"Banc A16-027"},{"@type":"BreadcrumbList","@id":"https:\/\/www.navarroaubanell.com\/ca\/producte\/banc-a16-027-navarroaubanell\/#breadcrumb","itemListElement":[{"@type":"ListItem","position":1,"name":"Portada","item":"https:\/\/www.navarroaubanell.com\/ca\/"},{"@type":"ListItem","position":2,"name":"Productes","item":"https:\/\/www.navarroaubanell.com\/productos\/"},{"@type":"ListItem","position":3,"name":"Banc A16-027"}]},{"@type":"WebSite","@id":"https:\/\/www.navarroaubanell.com\/ca\/#website","url":"https:\/\/www.navarroaubanell.com\/ca\/","name":"Navarro Aubanell","description":"Mobiliario para hoteler\u00eda, colectividades y oficinas","publisher":{"@id":"https:\/\/www.navarroaubanell.com\/ca\/#organization"},"potentialAction":[{"@type":"SearchAction","target":{"@type":"EntryPoint","urlTemplate":"https:\/\/www.navarroaubanell.com\/ca\/?s={search_term_string}"},"query-input":{"@type":"PropertyValueSpecification","valueRequired":true,"valueName":"search_term_string"}}],"inLanguage":"ca"},{"@type":"Organization","@id":"https:\/\/www.navarroaubanell.com\/ca\/#organization","name":"COMERCIAL NAVARRO AUBANELL, S.A","url":"https:\/\/www.navarroaubanell.com\/ca\/","logo":{"@type":"ImageObject","inLanguage":"ca","@id":"https:\/\/www.navarroaubanell.com\/ca\/#\/schema\/logo\/image\/","url":"https:\/\/www.navarroaubanell.com\/wp-content\/uploads\/2017\/07\/logo-navarro-aubuanell.png","contentUrl":"https:\/\/www.navarroaubanell.com\/wp-content\/uploads\/2017\/07\/logo-navarro-aubuanell.png","width":6304,"height":1154,"caption":"COMERCIAL NAVARRO AUBANELL, S.A"},"image":{"@id":"https:\/\/www.navarroaubanell.com\/ca\/#\/schema\/logo\/image\/"}}]}},"_links":{"self":[{"href":"https:\/\/www.navarroaubanell.com\/ca\/wp-json\/wp\/v2\/product\/39352","targetHints":{"allow":["GET"]}}],"collection":[{"href":"https:\/\/www.navarroaubanell.com\/ca\/wp-json\/wp\/v2\/product"}],"about":[{"href":"https:\/\/www.navarroaubanell.com\/ca\/wp-json\/wp\/v2\/types\/product"}],"wp:featuredmedia":[{"embeddable":true,"href":"https:\/\/www.navarroaubanell.com\/ca\/wp-json\/wp\/v2\/media\/39350"}],"wp:attachment":[{"href":"https:\/\/www.navarroaubanell.com\/ca\/wp-json\/wp\/v2\/media?parent=39352"}],"wp:term":[{"taxonomy":"product_brand","embeddable":true,"href":"https:\/\/www.navarroaubanell.com\/ca\/wp-json\/wp\/v2\/product_brand?post=39352"},{"taxonomy":"product_cat","embeddable":true,"href":"https:\/\/www.navarroaubanell.com\/ca\/wp-json\/wp\/v2\/product_cat?post=39352"},{"taxonomy":"product_tag","embeddable":true,"href":"https:\/\/www.navarroaubanell.com\/ca\/wp-json\/wp\/v2\/product_tag?post=39352"}],"curies":[{"name":"wp","href":"https:\/\/api.w.org\/{rel}","templated":true}]}}