{"id":39344,"date":"2024-10-07T17:28:21","date_gmt":"2024-10-07T15:28:21","guid":{"rendered":"https:\/\/www.navarroaubanell.com\/producto\/banco-a16-020-navarroaubanell\/"},"modified":"2024-10-08T15:55:22","modified_gmt":"2024-10-08T13:55:22","slug":"banc-a16-020-navarroaubanell","status":"publish","type":"product","link":"https:\/\/www.navarroaubanell.com\/ca\/producte\/banc-a16-020-navarroaubanell\/","title":{"rendered":"Banc A16-020"},"content":{"rendered":"<div class=\"flex-shrink-0 flex flex-col relative items-end\">\n<h6>Versatilitat i Estil per a Qualsevol Espai<\/h6>\n<\/div>\n<div class=\"group\/conversation-turn relative flex w-full min-w-0 flex-col agent-turn\">\n<div class=\"flex-col gap-1 md:gap-3\">\n<div class=\"flex max-w-full flex-col flex-grow\">\n<div class=\"min-h-8 text-message flex w-full flex-col items-end gap-2 whitespace-normal break-words [.text-message+&amp;]:mt-5\" dir=\"auto\" data-message-author-role=\"assistant\" data-message-id=\"5a5ebab9-d9a6-4ecd-a347-974c13597bc3\">\n<div class=\"flex w-full flex-col gap-1 empty:hidden first:pt-[3px]\">\n<div class=\"markdown prose w-full break-words dark:prose-invert light\">\n<div class=\"traductor-textarea form-group\">\n<div class=\"textarea-desti col-xs-12 col-sm-6\">\n<div class=\"form-control second-textarea\">El Banc A16-020 \u00e9s la soluci\u00f3 perfecta per als qui busquen un mobiliari que combini estil i funcionalitat. Amb una estructura de fusta refor\u00e7ada i opcions d&#8217;entapissat en pell sint\u00e8tica, tela o vellut, aquest banc s&#8217;adapta a qualsevol entorn.<\/div>\n<h6 class=\"form-control second-textarea\">Personalitzaci\u00f3 a Mesura<\/h6>\n<\/div>\n<\/div>\n<div class=\"traductor-textarea form-group\">\n<div class=\"textarea-desti col-xs-12 col-sm-6\">\n<div class=\"form-control second-textarea\">Aquest model destaca per la seva capacitat de personalitzaci\u00f3. A16-020 ofereix diferents mesures per a satisfer les teves necessitats, assegurant que cada pe\u00e7a s&#8217;integri perfectament en l&#8217;espai desitjat. Pots triar entre potes en acer inoxidable o fusta envernissada, aix\u00ed com optar per un s\u00f2col o un entapissat integral.<\/div>\n<\/div>\n<\/div>\n<h6>Qualitat i Comoditat Garantides<\/h6>\n<div class=\"traductor-textarea form-group\">\n<div class=\"textarea-desti col-xs-12 col-sm-6\">\n<div class=\"form-control second-textarea\">El Banc A16-020 no sols s&#8217;enfoca en el disseny, sin\u00f3 tamb\u00e9 en la durabilitat i el confort. Els materials utilitzats en la seva fabricaci\u00f3 compten amb tractament\u00a0 ign\u00edfug i antitaques, la qual cosa assegura una major seguretat en entorns d&#8217;hostaleria.<\/div>\n<h6>Funcionalitat Extra: Port USB<\/h6>\n<div>Per a una major comoditat, A16-019 tamb\u00e9 pot incorporar un port USB, una opci\u00f3 ideal per a espais comercials i d&#8217;hostaleria on la tecnologia \u00e9s part del dia a dia.<\/div>\n<\/div>\n<\/div>\n<h6>Producci\u00f3 Personalitzada i Local<\/h6>\n<div class=\"traductor-textarea form-group\">\n<div class=\"textarea-desti col-xs-12 col-sm-6\">\n<div class=\"form-control second-textarea\">A m\u00e9s, la fabricaci\u00f3 del Banc A16-020 es realitza a Espanya, la qual cosa ressalta el nostre comprom\u00eds amb la qualitat local i el disseny a mesura.<\/div>\n<\/div>\n<\/div>\n<\/div>\n<\/div>\n<\/div>\n<\/div>\n<\/div>\n<\/div>\n","protected":false},"excerpt":{"rendered":"<p>Versatilitat i Estil per a Qualsevol Espai El Banc A16-020 \u00e9s la soluci\u00f3 perfecta per als qui busquen un mobiliari que combini estil i funcionalitat. Amb una estructura de fusta refor\u00e7ada i opcions d&#8217;entapissat en pell sint\u00e8tica, tela o vellut, aquest banc s&#8217;adapta a qualsevol entorn. Personalitzaci\u00f3 a Mesura Aquest model destaca per la seva&hellip;<\/p>\n","protected":false},"featured_media":39877,"template":"","meta":{"_acf_changed":false},"product_brand":[],"product_cat":[1442,525],"product_tag":[1439,1444,1445,664],"class_list":{"0":"post-39344","1":"product","2":"type-product","3":"status-publish","4":"has-post-thumbnail","6":"product_cat-bancs-interior","7":"product_cat-interior","8":"product_tag-banco-ca","9":"product_tag-espana-ca","10":"product_tag-ignifugo-ca","11":"product_tag-interior-ca","12":"description-off","14":"first","15":"instock","16":"shipping-taxable","17":"product-type-simple"},"acf":[],"yoast_head":"<!-- This site is optimized with the Yoast SEO plugin v27.0 - https:\/\/yoast.com\/product\/yoast-seo-wordpress\/ -->\n<title>Banc A16-020 - Navarro Aubanell<\/title>\n<meta name=\"description\" content=\"Banc A16-020: diferents mesures, entapissat en pell sint\u00e8tica, tela o vellut. Opcions de potes en acer o fusta, tractament ign\u00edfug i antitaques.\" \/>\n<meta name=\"robots\" content=\"index, follow, max-snippet:-1, max-image-preview:large, max-video-preview:-1\" \/>\n<link rel=\"canonical\" href=\"https:\/\/www.navarroaubanell.com\/ca\/producte\/banc-a16-020-navarroaubanell\/\" \/>\n<meta property=\"og:locale\" content=\"ca_ES\" \/>\n<meta property=\"og:type\" content=\"article\" \/>\n<meta property=\"og:title\" content=\"Banc A16-020 - Navarro Aubanell\" \/>\n<meta property=\"og:description\" content=\"Banc A16-020: diferents mesures, entapissat en pell sint\u00e8tica, tela o vellut. Opcions de potes en acer o fusta, tractament ign\u00edfug i antitaques.\" \/>\n<meta property=\"og:url\" content=\"https:\/\/www.navarroaubanell.com\/ca\/producte\/banc-a16-020-navarroaubanell\/\" \/>\n<meta property=\"og:site_name\" content=\"Navarro Aubanell\" \/>\n<meta property=\"article:modified_time\" content=\"2024-10-08T13:55:22+00:00\" \/>\n<meta property=\"og:image\" content=\"https:\/\/www.navarroaubanell.com\/wp-content\/uploads\/2024\/10\/yisbdfhjbsdvabfgf.jpg\" \/>\n\t<meta property=\"og:image:width\" content=\"1280\" \/>\n\t<meta property=\"og:image:height\" content=\"1040\" \/>\n\t<meta property=\"og:image:type\" content=\"image\/jpeg\" \/>\n<meta name=\"twitter:label1\" content=\"Est. reading time\" \/>\n\t<meta name=\"twitter:data1\" content=\"2 minutes\" \/>\n<script type=\"application\/ld+json\" class=\"yoast-schema-graph\">{\"@context\":\"https:\/\/schema.org\",\"@graph\":[{\"@type\":\"WebPage\",\"@id\":\"https:\/\/www.navarroaubanell.com\/ca\/producte\/banc-a16-020-navarroaubanell\/\",\"url\":\"https:\/\/www.navarroaubanell.com\/ca\/producte\/banc-a16-020-navarroaubanell\/\",\"name\":\"Banc A16-020 - Navarro Aubanell\",\"isPartOf\":{\"@id\":\"https:\/\/www.navarroaubanell.com\/ca\/#website\"},\"primaryImageOfPage\":{\"@id\":\"https:\/\/www.navarroaubanell.com\/ca\/producte\/banc-a16-020-navarroaubanell\/#primaryimage\"},\"image\":{\"@id\":\"https:\/\/www.navarroaubanell.com\/ca\/producte\/banc-a16-020-navarroaubanell\/#primaryimage\"},\"thumbnailUrl\":\"https:\/\/www.navarroaubanell.com\/wp-content\/uploads\/2024\/10\/yisbdfhjbsdvabfgf.jpg\",\"datePublished\":\"2024-10-07T15:28:21+00:00\",\"dateModified\":\"2024-10-08T13:55:22+00:00\",\"description\":\"Banc A16-020: diferents mesures, entapissat en pell sint\u00e8tica, tela o vellut. Opcions de potes en acer o fusta, tractament ign\u00edfug i antitaques.\",\"breadcrumb\":{\"@id\":\"https:\/\/www.navarroaubanell.com\/ca\/producte\/banc-a16-020-navarroaubanell\/#breadcrumb\"},\"inLanguage\":\"ca\",\"potentialAction\":[{\"@type\":\"ReadAction\",\"target\":[\"https:\/\/www.navarroaubanell.com\/ca\/producte\/banc-a16-020-navarroaubanell\/\"]}]},{\"@type\":\"ImageObject\",\"inLanguage\":\"ca\",\"@id\":\"https:\/\/www.navarroaubanell.com\/ca\/producte\/banc-a16-020-navarroaubanell\/#primaryimage\",\"url\":\"https:\/\/www.navarroaubanell.com\/wp-content\/uploads\/2024\/10\/yisbdfhjbsdvabfgf.jpg\",\"contentUrl\":\"https:\/\/www.navarroaubanell.com\/wp-content\/uploads\/2024\/10\/yisbdfhjbsdvabfgf.jpg\",\"width\":1280,\"height\":1040,\"caption\":\"Banco A16-020\"},{\"@type\":\"BreadcrumbList\",\"@id\":\"https:\/\/www.navarroaubanell.com\/ca\/producte\/banc-a16-020-navarroaubanell\/#breadcrumb\",\"itemListElement\":[{\"@type\":\"ListItem\",\"position\":1,\"name\":\"Portada\",\"item\":\"https:\/\/www.navarroaubanell.com\/ca\/\"},{\"@type\":\"ListItem\",\"position\":2,\"name\":\"Productes\",\"item\":\"https:\/\/www.navarroaubanell.com\/productos\/\"},{\"@type\":\"ListItem\",\"position\":3,\"name\":\"Banc A16-020\"}]},{\"@type\":\"WebSite\",\"@id\":\"https:\/\/www.navarroaubanell.com\/ca\/#website\",\"url\":\"https:\/\/www.navarroaubanell.com\/ca\/\",\"name\":\"Navarro Aubanell\",\"description\":\"Mobiliario para hoteler\u00eda, colectividades y oficinas\",\"publisher\":{\"@id\":\"https:\/\/www.navarroaubanell.com\/ca\/#organization\"},\"potentialAction\":[{\"@type\":\"SearchAction\",\"target\":{\"@type\":\"EntryPoint\",\"urlTemplate\":\"https:\/\/www.navarroaubanell.com\/ca\/?s={search_term_string}\"},\"query-input\":{\"@type\":\"PropertyValueSpecification\",\"valueRequired\":true,\"valueName\":\"search_term_string\"}}],\"inLanguage\":\"ca\"},{\"@type\":\"Organization\",\"@id\":\"https:\/\/www.navarroaubanell.com\/ca\/#organization\",\"name\":\"COMERCIAL NAVARRO AUBANELL, S.A\",\"url\":\"https:\/\/www.navarroaubanell.com\/ca\/\",\"logo\":{\"@type\":\"ImageObject\",\"inLanguage\":\"ca\",\"@id\":\"https:\/\/www.navarroaubanell.com\/ca\/#\/schema\/logo\/image\/\",\"url\":\"https:\/\/www.navarroaubanell.com\/wp-content\/uploads\/2017\/07\/logo-navarro-aubuanell.png\",\"contentUrl\":\"https:\/\/www.navarroaubanell.com\/wp-content\/uploads\/2017\/07\/logo-navarro-aubuanell.png\",\"width\":6304,\"height\":1154,\"caption\":\"COMERCIAL NAVARRO AUBANELL, S.A\"},\"image\":{\"@id\":\"https:\/\/www.navarroaubanell.com\/ca\/#\/schema\/logo\/image\/\"}}]}<\/script>\n<!-- \/ Yoast SEO plugin. -->","yoast_head_json":{"title":"Banc A16-020 - Navarro Aubanell","description":"Banc A16-020: diferents mesures, entapissat en pell sint\u00e8tica, tela o vellut. Opcions de potes en acer o fusta, tractament ign\u00edfug i antitaques.","robots":{"index":"index","follow":"follow","max-snippet":"max-snippet:-1","max-image-preview":"max-image-preview:large","max-video-preview":"max-video-preview:-1"},"canonical":"https:\/\/www.navarroaubanell.com\/ca\/producte\/banc-a16-020-navarroaubanell\/","og_locale":"ca_ES","og_type":"article","og_title":"Banc A16-020 - Navarro Aubanell","og_description":"Banc A16-020: diferents mesures, entapissat en pell sint\u00e8tica, tela o vellut. Opcions de potes en acer o fusta, tractament ign\u00edfug i antitaques.","og_url":"https:\/\/www.navarroaubanell.com\/ca\/producte\/banc-a16-020-navarroaubanell\/","og_site_name":"Navarro Aubanell","article_modified_time":"2024-10-08T13:55:22+00:00","og_image":[{"width":1280,"height":1040,"url":"https:\/\/www.navarroaubanell.com\/wp-content\/uploads\/2024\/10\/yisbdfhjbsdvabfgf.jpg","type":"image\/jpeg"}],"twitter_misc":{"Est. reading time":"2 minutes"},"schema":{"@context":"https:\/\/schema.org","@graph":[{"@type":"WebPage","@id":"https:\/\/www.navarroaubanell.com\/ca\/producte\/banc-a16-020-navarroaubanell\/","url":"https:\/\/www.navarroaubanell.com\/ca\/producte\/banc-a16-020-navarroaubanell\/","name":"Banc A16-020 - Navarro Aubanell","isPartOf":{"@id":"https:\/\/www.navarroaubanell.com\/ca\/#website"},"primaryImageOfPage":{"@id":"https:\/\/www.navarroaubanell.com\/ca\/producte\/banc-a16-020-navarroaubanell\/#primaryimage"},"image":{"@id":"https:\/\/www.navarroaubanell.com\/ca\/producte\/banc-a16-020-navarroaubanell\/#primaryimage"},"thumbnailUrl":"https:\/\/www.navarroaubanell.com\/wp-content\/uploads\/2024\/10\/yisbdfhjbsdvabfgf.jpg","datePublished":"2024-10-07T15:28:21+00:00","dateModified":"2024-10-08T13:55:22+00:00","description":"Banc A16-020: diferents mesures, entapissat en pell sint\u00e8tica, tela o vellut. Opcions de potes en acer o fusta, tractament ign\u00edfug i antitaques.","breadcrumb":{"@id":"https:\/\/www.navarroaubanell.com\/ca\/producte\/banc-a16-020-navarroaubanell\/#breadcrumb"},"inLanguage":"ca","potentialAction":[{"@type":"ReadAction","target":["https:\/\/www.navarroaubanell.com\/ca\/producte\/banc-a16-020-navarroaubanell\/"]}]},{"@type":"ImageObject","inLanguage":"ca","@id":"https:\/\/www.navarroaubanell.com\/ca\/producte\/banc-a16-020-navarroaubanell\/#primaryimage","url":"https:\/\/www.navarroaubanell.com\/wp-content\/uploads\/2024\/10\/yisbdfhjbsdvabfgf.jpg","contentUrl":"https:\/\/www.navarroaubanell.com\/wp-content\/uploads\/2024\/10\/yisbdfhjbsdvabfgf.jpg","width":1280,"height":1040,"caption":"Banco A16-020"},{"@type":"BreadcrumbList","@id":"https:\/\/www.navarroaubanell.com\/ca\/producte\/banc-a16-020-navarroaubanell\/#breadcrumb","itemListElement":[{"@type":"ListItem","position":1,"name":"Portada","item":"https:\/\/www.navarroaubanell.com\/ca\/"},{"@type":"ListItem","position":2,"name":"Productes","item":"https:\/\/www.navarroaubanell.com\/productos\/"},{"@type":"ListItem","position":3,"name":"Banc A16-020"}]},{"@type":"WebSite","@id":"https:\/\/www.navarroaubanell.com\/ca\/#website","url":"https:\/\/www.navarroaubanell.com\/ca\/","name":"Navarro Aubanell","description":"Mobiliario para hoteler\u00eda, colectividades y oficinas","publisher":{"@id":"https:\/\/www.navarroaubanell.com\/ca\/#organization"},"potentialAction":[{"@type":"SearchAction","target":{"@type":"EntryPoint","urlTemplate":"https:\/\/www.navarroaubanell.com\/ca\/?s={search_term_string}"},"query-input":{"@type":"PropertyValueSpecification","valueRequired":true,"valueName":"search_term_string"}}],"inLanguage":"ca"},{"@type":"Organization","@id":"https:\/\/www.navarroaubanell.com\/ca\/#organization","name":"COMERCIAL NAVARRO AUBANELL, S.A","url":"https:\/\/www.navarroaubanell.com\/ca\/","logo":{"@type":"ImageObject","inLanguage":"ca","@id":"https:\/\/www.navarroaubanell.com\/ca\/#\/schema\/logo\/image\/","url":"https:\/\/www.navarroaubanell.com\/wp-content\/uploads\/2017\/07\/logo-navarro-aubuanell.png","contentUrl":"https:\/\/www.navarroaubanell.com\/wp-content\/uploads\/2017\/07\/logo-navarro-aubuanell.png","width":6304,"height":1154,"caption":"COMERCIAL NAVARRO AUBANELL, S.A"},"image":{"@id":"https:\/\/www.navarroaubanell.com\/ca\/#\/schema\/logo\/image\/"}}]}},"_links":{"self":[{"href":"https:\/\/www.navarroaubanell.com\/ca\/wp-json\/wp\/v2\/product\/39344","targetHints":{"allow":["GET"]}}],"collection":[{"href":"https:\/\/www.navarroaubanell.com\/ca\/wp-json\/wp\/v2\/product"}],"about":[{"href":"https:\/\/www.navarroaubanell.com\/ca\/wp-json\/wp\/v2\/types\/product"}],"wp:featuredmedia":[{"embeddable":true,"href":"https:\/\/www.navarroaubanell.com\/ca\/wp-json\/wp\/v2\/media\/39877"}],"wp:attachment":[{"href":"https:\/\/www.navarroaubanell.com\/ca\/wp-json\/wp\/v2\/media?parent=39344"}],"wp:term":[{"taxonomy":"product_brand","embeddable":true,"href":"https:\/\/www.navarroaubanell.com\/ca\/wp-json\/wp\/v2\/product_brand?post=39344"},{"taxonomy":"product_cat","embeddable":true,"href":"https:\/\/www.navarroaubanell.com\/ca\/wp-json\/wp\/v2\/product_cat?post=39344"},{"taxonomy":"product_tag","embeddable":true,"href":"https:\/\/www.navarroaubanell.com\/ca\/wp-json\/wp\/v2\/product_tag?post=39344"}],"curies":[{"name":"wp","href":"https:\/\/api.w.org\/{rel}","templated":true}]}}