{"id":39228,"date":"2024-10-03T12:06:58","date_gmt":"2024-10-03T10:06:58","guid":{"rendered":"https:\/\/www.navarroaubanell.com\/producto\/butaca-gongo-anaric-navarroaubanell\/"},"modified":"2024-10-03T12:17:11","modified_gmt":"2024-10-03T10:17:11","slug":"butaca-gongo-anaric-navarroaubanell","status":"publish","type":"product","link":"https:\/\/www.navarroaubanell.com\/ca\/producte\/butaca-gongo-anaric-navarroaubanell\/","title":{"rendered":"Butaca Gongo"},"content":{"rendered":"<div class=\"flex-shrink-0 flex flex-col relative items-end\">\n<div>\n<div class=\"pt-0\">\n<h5 class=\"gizmo-bot-avatar flex h-8 w-8 items-center justify-center overflow-hidden rounded-full\">Butaca Gongo: Confort Voluptuos i Eleg\u00e0ncia Atemporal<\/h5>\n<\/div>\n<\/div>\n<\/div>\n<div class=\"group\/conversation-turn relative flex w-full min-w-0 flex-col agent-turn\">\n<div class=\"flex-col gap-1 md:gap-3\">\n<div class=\"flex max-w-full flex-col flex-grow\">\n<div class=\"min-h-8 text-message flex w-full flex-col items-end gap-2 whitespace-normal break-words [.text-message+&amp;]:mt-5\" dir=\"auto\" data-message-author-role=\"assistant\" data-message-id=\"6efc6aba-605c-4c07-8c31-dfbdcf464e8e\">\n<div class=\"flex w-full flex-col gap-1 empty:hidden first:pt-[3px]\">\n<div class=\"markdown prose w-full break-words dark:prose-invert light\">\n<div class=\"traductor-textarea form-group\">\n<div class=\"textarea-desti col-xs-12 col-sm-6\">\n<div class=\"form-control second-textarea\">La butaca Gongo es distingeix pel seu aspecte <em>boterista<\/em>, amb una silueta arrodonida i voluminosa que la converteix en una pe\u00e7a ic\u00f2nica. El seu disseny voluptu\u00f3s i acollidor transforma l&#8217;ordinari en una cosa extraordin\u00e0ria, sent el centre d&#8217;atenci\u00f3 en qualsevol espai on es col\u00b7loqui.<\/div>\n<\/div>\n<\/div>\n<h6>Estructura Personalitzable<\/h6>\n<div class=\"traductor-textarea form-group\">\n<div class=\"textarea-desti col-xs-12 col-sm-6\">\n<div class=\"form-control second-textarea\">La butaca Gongo ofereix una estructura s\u00f2lida i resistent de fusta de freixe, disponible en una varietat d&#8217;acabats. A m\u00e9s, per als qui busquen un toc m\u00e9s modern o industrial, l&#8217;opci\u00f3 d&#8217;estructura de ferro epoxi o acer inoxidable afegeix versatilitat i personalitat al disseny.<\/div>\n<\/div>\n<\/div>\n<h6>Opcions d&#8217;Acabat<\/h6>\n<div class=\"traductor-textarea form-group\">\n<div class=\"textarea-desti col-xs-12 col-sm-6\">\n<div class=\"form-control second-textarea\">Amb m\u00faltiples opcions de revestiment, Gongo s&#8217;adapta a les necessitats de cada usuari. Pots triar entre teixit, pell sint\u00e8tica o pell natural, la qual cosa permet una personalitzaci\u00f3 total i assegura que la butaca no sols sigui c\u00f2moda, sin\u00f3 tamb\u00e9 adequada per a qualsevol tipus de decoraci\u00f3.<\/div>\n<\/div>\n<\/div>\n<h6>Gongo Capi: Un Estil Retro<\/h6>\n<div class=\"traductor-textarea form-group\">\n<div class=\"textarea-desti col-xs-12 col-sm-6\">\n<div class=\"form-control second-textarea\">Gongo tamb\u00e9 est\u00e0 disponible en la seva versi\u00f3 Gongo Capi, un model que evoca un estil retro amb el seu capitonat de tela i pell, ideal per a ambients que busquen una est\u00e8tica vintage amb un toc modern.<\/div>\n<\/div>\n<\/div>\n<h6>Combinacions Completes<\/h6>\n<div class=\"traductor-textarea form-group\">\n<div class=\"textarea-desti col-xs-12 col-sm-6\">\n<div class=\"form-control second-textarea\">La butaca Gongo es complementa perfectament amb el<a href=\"https:\/\/www.navarroaubanell.com\/ca\/producte\/sofa-gongo-anaric-navarroaubanell\/\"> sof\u00e0 Gongo<\/a> i un puff a joc, creant un conjunt harm\u00f2nic i elegant per a qualsevol espai.<\/div>\n<\/div>\n<\/div>\n<\/div>\n<\/div>\n<\/div>\n<\/div>\n<\/div>\n<\/div>\n","protected":false},"excerpt":{"rendered":"<p>Butaca Gongo: Confort Voluptuos i Eleg\u00e0ncia Atemporal La butaca Gongo es distingeix pel seu aspecte boterista, amb una silueta arrodonida i voluminosa que la converteix en una pe\u00e7a ic\u00f2nica. El seu disseny voluptu\u00f3s i acollidor transforma l&#8217;ordinari en una cosa extraordin\u00e0ria, sent el centre d&#8217;atenci\u00f3 en qualsevol espai on es col\u00b7loqui. Estructura Personalitzable La butaca&hellip;<\/p>\n","protected":false},"featured_media":42100,"template":"","meta":{"_acf_changed":false},"product_brand":[],"product_cat":[528,525],"product_tag":[932,605,618,1432,664],"class_list":{"0":"post-39228","1":"product","2":"type-product","3":"status-publish","4":"has-post-thumbnail","6":"product_cat-butaques","7":"product_cat-interior","8":"product_tag-anaric-ca","9":"product_tag-butaca-ca","10":"product_tag-contract-ca","11":"product_tag-gongo-ca","12":"product_tag-interior-ca","13":"description-off","15":"first","16":"instock","17":"shipping-taxable","18":"product-type-simple"},"acf":[],"yoast_head":"<!-- This site is optimized with the Yoast SEO plugin v27.0 - https:\/\/yoast.com\/product\/yoast-seo-wordpress\/ -->\n<title>Butaca Gongo, Anaric- Navarro Aubanell<\/title>\n<meta name=\"description\" content=\"Butaca Gongo: disseny volumin\u00f3s i elegant amb opcions de revestiment i estructura personalitzable, tamb\u00e9 disponible en estil retro.\" \/>\n<meta name=\"robots\" content=\"index, follow, max-snippet:-1, max-image-preview:large, max-video-preview:-1\" \/>\n<link rel=\"canonical\" href=\"https:\/\/www.navarroaubanell.com\/ca\/producte\/butaca-gongo-anaric-navarroaubanell\/\" \/>\n<meta property=\"og:locale\" content=\"ca_ES\" \/>\n<meta property=\"og:type\" content=\"article\" \/>\n<meta property=\"og:title\" content=\"Butaca Gongo, Anaric- Navarro Aubanell\" \/>\n<meta property=\"og:description\" content=\"Butaca Gongo: disseny volumin\u00f3s i elegant amb opcions de revestiment i estructura personalitzable, tamb\u00e9 disponible en estil retro.\" \/>\n<meta property=\"og:url\" content=\"https:\/\/www.navarroaubanell.com\/ca\/producte\/butaca-gongo-anaric-navarroaubanell\/\" \/>\n<meta property=\"og:site_name\" content=\"Navarro Aubanell\" \/>\n<meta property=\"article:modified_time\" content=\"2024-10-03T10:17:11+00:00\" \/>\n<meta property=\"og:image\" content=\"https:\/\/www.navarroaubanell.com\/wp-content\/uploads\/2024\/10\/gongo.png\" \/>\n\t<meta property=\"og:image:width\" content=\"800\" \/>\n\t<meta property=\"og:image:height\" content=\"650\" \/>\n\t<meta property=\"og:image:type\" content=\"image\/png\" \/>\n<meta name=\"twitter:label1\" content=\"Est. reading time\" \/>\n\t<meta name=\"twitter:data1\" content=\"2 minutes\" \/>\n<script type=\"application\/ld+json\" class=\"yoast-schema-graph\">{\"@context\":\"https:\/\/schema.org\",\"@graph\":[{\"@type\":\"WebPage\",\"@id\":\"https:\/\/www.navarroaubanell.com\/ca\/producte\/butaca-gongo-anaric-navarroaubanell\/\",\"url\":\"https:\/\/www.navarroaubanell.com\/ca\/producte\/butaca-gongo-anaric-navarroaubanell\/\",\"name\":\"Butaca Gongo, Anaric- Navarro Aubanell\",\"isPartOf\":{\"@id\":\"https:\/\/www.navarroaubanell.com\/ca\/#website\"},\"primaryImageOfPage\":{\"@id\":\"https:\/\/www.navarroaubanell.com\/ca\/producte\/butaca-gongo-anaric-navarroaubanell\/#primaryimage\"},\"image\":{\"@id\":\"https:\/\/www.navarroaubanell.com\/ca\/producte\/butaca-gongo-anaric-navarroaubanell\/#primaryimage\"},\"thumbnailUrl\":\"https:\/\/www.navarroaubanell.com\/wp-content\/uploads\/2024\/10\/gongo.png\",\"datePublished\":\"2024-10-03T10:06:58+00:00\",\"dateModified\":\"2024-10-03T10:17:11+00:00\",\"description\":\"Butaca Gongo: disseny volumin\u00f3s i elegant amb opcions de revestiment i estructura personalitzable, tamb\u00e9 disponible en estil retro.\",\"breadcrumb\":{\"@id\":\"https:\/\/www.navarroaubanell.com\/ca\/producte\/butaca-gongo-anaric-navarroaubanell\/#breadcrumb\"},\"inLanguage\":\"ca\",\"potentialAction\":[{\"@type\":\"ReadAction\",\"target\":[\"https:\/\/www.navarroaubanell.com\/ca\/producte\/butaca-gongo-anaric-navarroaubanell\/\"]}]},{\"@type\":\"ImageObject\",\"inLanguage\":\"ca\",\"@id\":\"https:\/\/www.navarroaubanell.com\/ca\/producte\/butaca-gongo-anaric-navarroaubanell\/#primaryimage\",\"url\":\"https:\/\/www.navarroaubanell.com\/wp-content\/uploads\/2024\/10\/gongo.png\",\"contentUrl\":\"https:\/\/www.navarroaubanell.com\/wp-content\/uploads\/2024\/10\/gongo.png\",\"width\":800,\"height\":650,\"caption\":\"Butaca Gongo\"},{\"@type\":\"BreadcrumbList\",\"@id\":\"https:\/\/www.navarroaubanell.com\/ca\/producte\/butaca-gongo-anaric-navarroaubanell\/#breadcrumb\",\"itemListElement\":[{\"@type\":\"ListItem\",\"position\":1,\"name\":\"Portada\",\"item\":\"https:\/\/www.navarroaubanell.com\/ca\/\"},{\"@type\":\"ListItem\",\"position\":2,\"name\":\"Productes\",\"item\":\"https:\/\/www.navarroaubanell.com\/productos\/\"},{\"@type\":\"ListItem\",\"position\":3,\"name\":\"Butaca Gongo\"}]},{\"@type\":\"WebSite\",\"@id\":\"https:\/\/www.navarroaubanell.com\/ca\/#website\",\"url\":\"https:\/\/www.navarroaubanell.com\/ca\/\",\"name\":\"Navarro Aubanell\",\"description\":\"Mobiliario para hoteler\u00eda, colectividades y oficinas\",\"publisher\":{\"@id\":\"https:\/\/www.navarroaubanell.com\/ca\/#organization\"},\"potentialAction\":[{\"@type\":\"SearchAction\",\"target\":{\"@type\":\"EntryPoint\",\"urlTemplate\":\"https:\/\/www.navarroaubanell.com\/ca\/?s={search_term_string}\"},\"query-input\":{\"@type\":\"PropertyValueSpecification\",\"valueRequired\":true,\"valueName\":\"search_term_string\"}}],\"inLanguage\":\"ca\"},{\"@type\":\"Organization\",\"@id\":\"https:\/\/www.navarroaubanell.com\/ca\/#organization\",\"name\":\"COMERCIAL NAVARRO AUBANELL, S.A\",\"url\":\"https:\/\/www.navarroaubanell.com\/ca\/\",\"logo\":{\"@type\":\"ImageObject\",\"inLanguage\":\"ca\",\"@id\":\"https:\/\/www.navarroaubanell.com\/ca\/#\/schema\/logo\/image\/\",\"url\":\"https:\/\/www.navarroaubanell.com\/wp-content\/uploads\/2017\/07\/logo-navarro-aubuanell.png\",\"contentUrl\":\"https:\/\/www.navarroaubanell.com\/wp-content\/uploads\/2017\/07\/logo-navarro-aubuanell.png\",\"width\":6304,\"height\":1154,\"caption\":\"COMERCIAL NAVARRO AUBANELL, S.A\"},\"image\":{\"@id\":\"https:\/\/www.navarroaubanell.com\/ca\/#\/schema\/logo\/image\/\"}}]}<\/script>\n<!-- \/ Yoast SEO plugin. -->","yoast_head_json":{"title":"Butaca Gongo, Anaric- Navarro Aubanell","description":"Butaca Gongo: disseny volumin\u00f3s i elegant amb opcions de revestiment i estructura personalitzable, tamb\u00e9 disponible en estil retro.","robots":{"index":"index","follow":"follow","max-snippet":"max-snippet:-1","max-image-preview":"max-image-preview:large","max-video-preview":"max-video-preview:-1"},"canonical":"https:\/\/www.navarroaubanell.com\/ca\/producte\/butaca-gongo-anaric-navarroaubanell\/","og_locale":"ca_ES","og_type":"article","og_title":"Butaca Gongo, Anaric- Navarro Aubanell","og_description":"Butaca Gongo: disseny volumin\u00f3s i elegant amb opcions de revestiment i estructura personalitzable, tamb\u00e9 disponible en estil retro.","og_url":"https:\/\/www.navarroaubanell.com\/ca\/producte\/butaca-gongo-anaric-navarroaubanell\/","og_site_name":"Navarro Aubanell","article_modified_time":"2024-10-03T10:17:11+00:00","og_image":[{"width":800,"height":650,"url":"https:\/\/www.navarroaubanell.com\/wp-content\/uploads\/2024\/10\/gongo.png","type":"image\/png"}],"twitter_misc":{"Est. reading time":"2 minutes"},"schema":{"@context":"https:\/\/schema.org","@graph":[{"@type":"WebPage","@id":"https:\/\/www.navarroaubanell.com\/ca\/producte\/butaca-gongo-anaric-navarroaubanell\/","url":"https:\/\/www.navarroaubanell.com\/ca\/producte\/butaca-gongo-anaric-navarroaubanell\/","name":"Butaca Gongo, Anaric- Navarro Aubanell","isPartOf":{"@id":"https:\/\/www.navarroaubanell.com\/ca\/#website"},"primaryImageOfPage":{"@id":"https:\/\/www.navarroaubanell.com\/ca\/producte\/butaca-gongo-anaric-navarroaubanell\/#primaryimage"},"image":{"@id":"https:\/\/www.navarroaubanell.com\/ca\/producte\/butaca-gongo-anaric-navarroaubanell\/#primaryimage"},"thumbnailUrl":"https:\/\/www.navarroaubanell.com\/wp-content\/uploads\/2024\/10\/gongo.png","datePublished":"2024-10-03T10:06:58+00:00","dateModified":"2024-10-03T10:17:11+00:00","description":"Butaca Gongo: disseny volumin\u00f3s i elegant amb opcions de revestiment i estructura personalitzable, tamb\u00e9 disponible en estil retro.","breadcrumb":{"@id":"https:\/\/www.navarroaubanell.com\/ca\/producte\/butaca-gongo-anaric-navarroaubanell\/#breadcrumb"},"inLanguage":"ca","potentialAction":[{"@type":"ReadAction","target":["https:\/\/www.navarroaubanell.com\/ca\/producte\/butaca-gongo-anaric-navarroaubanell\/"]}]},{"@type":"ImageObject","inLanguage":"ca","@id":"https:\/\/www.navarroaubanell.com\/ca\/producte\/butaca-gongo-anaric-navarroaubanell\/#primaryimage","url":"https:\/\/www.navarroaubanell.com\/wp-content\/uploads\/2024\/10\/gongo.png","contentUrl":"https:\/\/www.navarroaubanell.com\/wp-content\/uploads\/2024\/10\/gongo.png","width":800,"height":650,"caption":"Butaca Gongo"},{"@type":"BreadcrumbList","@id":"https:\/\/www.navarroaubanell.com\/ca\/producte\/butaca-gongo-anaric-navarroaubanell\/#breadcrumb","itemListElement":[{"@type":"ListItem","position":1,"name":"Portada","item":"https:\/\/www.navarroaubanell.com\/ca\/"},{"@type":"ListItem","position":2,"name":"Productes","item":"https:\/\/www.navarroaubanell.com\/productos\/"},{"@type":"ListItem","position":3,"name":"Butaca Gongo"}]},{"@type":"WebSite","@id":"https:\/\/www.navarroaubanell.com\/ca\/#website","url":"https:\/\/www.navarroaubanell.com\/ca\/","name":"Navarro Aubanell","description":"Mobiliario para hoteler\u00eda, colectividades y oficinas","publisher":{"@id":"https:\/\/www.navarroaubanell.com\/ca\/#organization"},"potentialAction":[{"@type":"SearchAction","target":{"@type":"EntryPoint","urlTemplate":"https:\/\/www.navarroaubanell.com\/ca\/?s={search_term_string}"},"query-input":{"@type":"PropertyValueSpecification","valueRequired":true,"valueName":"search_term_string"}}],"inLanguage":"ca"},{"@type":"Organization","@id":"https:\/\/www.navarroaubanell.com\/ca\/#organization","name":"COMERCIAL NAVARRO AUBANELL, S.A","url":"https:\/\/www.navarroaubanell.com\/ca\/","logo":{"@type":"ImageObject","inLanguage":"ca","@id":"https:\/\/www.navarroaubanell.com\/ca\/#\/schema\/logo\/image\/","url":"https:\/\/www.navarroaubanell.com\/wp-content\/uploads\/2017\/07\/logo-navarro-aubuanell.png","contentUrl":"https:\/\/www.navarroaubanell.com\/wp-content\/uploads\/2017\/07\/logo-navarro-aubuanell.png","width":6304,"height":1154,"caption":"COMERCIAL NAVARRO AUBANELL, S.A"},"image":{"@id":"https:\/\/www.navarroaubanell.com\/ca\/#\/schema\/logo\/image\/"}}]}},"_links":{"self":[{"href":"https:\/\/www.navarroaubanell.com\/ca\/wp-json\/wp\/v2\/product\/39228","targetHints":{"allow":["GET"]}}],"collection":[{"href":"https:\/\/www.navarroaubanell.com\/ca\/wp-json\/wp\/v2\/product"}],"about":[{"href":"https:\/\/www.navarroaubanell.com\/ca\/wp-json\/wp\/v2\/types\/product"}],"wp:featuredmedia":[{"embeddable":true,"href":"https:\/\/www.navarroaubanell.com\/ca\/wp-json\/wp\/v2\/media\/42100"}],"wp:attachment":[{"href":"https:\/\/www.navarroaubanell.com\/ca\/wp-json\/wp\/v2\/media?parent=39228"}],"wp:term":[{"taxonomy":"product_brand","embeddable":true,"href":"https:\/\/www.navarroaubanell.com\/ca\/wp-json\/wp\/v2\/product_brand?post=39228"},{"taxonomy":"product_cat","embeddable":true,"href":"https:\/\/www.navarroaubanell.com\/ca\/wp-json\/wp\/v2\/product_cat?post=39228"},{"taxonomy":"product_tag","embeddable":true,"href":"https:\/\/www.navarroaubanell.com\/ca\/wp-json\/wp\/v2\/product_tag?post=39228"}],"curies":[{"name":"wp","href":"https:\/\/api.w.org\/{rel}","templated":true}]}}