{"id":39152,"date":"2024-07-01T08:32:40","date_gmt":"2024-07-01T06:32:40","guid":{"rendered":"https:\/\/www.navarroaubanell.com\/producto\/taburete-etna\/"},"modified":"2024-10-01T10:38:05","modified_gmt":"2024-10-01T08:38:05","slug":"tamboret-etna-navarroaubanell","status":"publish","type":"product","link":"https:\/\/www.navarroaubanell.com\/ca\/producte\/tamboret-etna-navarroaubanell\/","title":{"rendered":"Tamboret Etna"},"content":{"rendered":"<p>El <strong>tamboret Etna<\/strong> est\u00e0 fabricat amb perfil d&#8217;alumini endurit, aportant lleugeresa i solidesa. Els caragols \u00e9s d&#8217;acer inoxidable, per la qual cosa \u00e9s resistent a la corrosi\u00f3, fins i tot en ambients marins. L&#8217;estructura est\u00e0 coberta amb pintura en pols a base de resines de poli\u00e8ster. Aquesta composici\u00f3 garanteix una alta resist\u00e8ncia a la llum i als diferents ambients, mantenint va rostir el seu aspecte\u00a0 i funcionalitat en els exteriors.<\/p>\n<h6>Materials<\/h6>\n<p>Tant el seient com el respatller del tamboret Etna estan confeccionats amb teixit transpirable, resistent als raigs UV i, a m\u00e9s, compta amb una formula de protecci\u00f3 antimicrobiana, la qual cosa evita que es creuen males olors, acumulaci\u00f3 d&#8217;humitat i floridura.<\/p>\n<h6>Protecci\u00f3<\/h6>\n<p>Compta amb uns tacs tant per a protegir la cadira com per a protegir qualsevol superf\u00edcie de s\u00f2l, evitant esgarrapades i danys. Els accessoris com a taps i tacs, estan fabricats amb resina de polipropil\u00e8, material que tamb\u00e9 \u00e9s resistent als raigs UV, aconseguint que el tamboret sigui una opci\u00f3 duradora i fiable.<\/p>\n<p>El teixit pot personalitzar-se amb el seu logo o anagrama, oferint una opci\u00f3 ideal per a refor\u00e7ar la imatge de la seva empresa.<\/p>\n<p>No dubti a configurar el seu propi tamboret Etna per a visualitzar el que m\u00e9s s&#8217;adapta als teus desitjos: <a href=\"https:\/\/viewer.ienhance.co\/v\/app\/b0a559de-cc35-448c-b736-d293181815ec\">https:\/\/viewer.ienhance.co\/v\/app\/b0a559de-cc35-448c-b736-d293181815ec<\/a><\/p>\n","protected":false},"excerpt":{"rendered":"<p>El tamboret Etna est\u00e0 fabricat amb perfil d&#8217;alumini endurit, aportant lleugeresa i solidesa. Els caragols \u00e9s d&#8217;acer inoxidable, per la qual cosa \u00e9s resistent a la corrosi\u00f3, fins i tot en ambients marins. L&#8217;estructura est\u00e0 coberta amb pintura en pols a base de resines de poli\u00e8ster. Aquesta composici\u00f3 garanteix una alta resist\u00e8ncia a la llum&hellip;<\/p>\n","protected":false},"featured_media":44457,"template":"","meta":{"_acf_changed":false},"product_brand":[],"product_cat":[574],"product_tag":[1428,593,638,640,720,769],"class_list":{"0":"post-39152","1":"product","2":"type-product","3":"status-publish","4":"has-post-thumbnail","6":"product_cat-tamborets-exterior","7":"product_tag-antimicrobiano-ca","8":"product_tag-balliu-ca","9":"product_tag-etna-ca","10":"product_tag-exterior-ca","11":"product_tag-outdoor-ca","12":"product_tag-tamboret","13":"description-off","15":"first","16":"instock","17":"shipping-taxable","18":"product-type-simple"},"acf":[],"yoast_head":"<!-- This site is optimized with the Yoast SEO plugin v27.5 - https:\/\/yoast.com\/product\/yoast-seo-wordpress\/ -->\n<title>Tamboret Etna, Balliu- Navarro Aubanell<\/title>\n<meta name=\"description\" content=\"Tamboret Etna: Estructura d&#039;alumini endurit. Teixit transpirable, anti raigs UV i antimicrobi\u00e0. Ideal per a exterior, aportant eleg\u00e0ncia i solidesa\" \/>\n<meta name=\"robots\" content=\"index, follow, max-snippet:-1, max-image-preview:large, max-video-preview:-1\" \/>\n<link rel=\"canonical\" href=\"https:\/\/www.navarroaubanell.com\/ca\/producte\/tamboret-etna-navarroaubanell\/\" \/>\n<meta property=\"og:locale\" content=\"ca_ES\" \/>\n<meta property=\"og:type\" content=\"article\" \/>\n<meta property=\"og:title\" content=\"Tamboret Etna, Balliu- Navarro Aubanell\" \/>\n<meta property=\"og:description\" content=\"Tamboret Etna: Estructura d&#039;alumini endurit. Teixit transpirable, anti raigs UV i antimicrobi\u00e0. Ideal per a exterior, aportant eleg\u00e0ncia i solidesa\" \/>\n<meta property=\"og:url\" content=\"https:\/\/www.navarroaubanell.com\/ca\/producte\/tamboret-etna-navarroaubanell\/\" \/>\n<meta property=\"og:site_name\" content=\"Navarro Aubanell\" \/>\n<meta property=\"article:modified_time\" content=\"2024-10-01T08:38:05+00:00\" \/>\n<meta property=\"og:image\" content=\"https:\/\/www.navarroaubanell.com\/wp-content\/uploads\/2024\/07\/aluminio-ceniza-Photoroom.png\" \/>\n\t<meta property=\"og:image:width\" content=\"800\" \/>\n\t<meta property=\"og:image:height\" content=\"650\" \/>\n\t<meta property=\"og:image:type\" content=\"image\/png\" \/>\n<meta name=\"twitter:label1\" content=\"Est. reading time\" \/>\n\t<meta name=\"twitter:data1\" content=\"2 minutes\" \/>\n<script type=\"application\/ld+json\" class=\"yoast-schema-graph\">{\"@context\":\"https:\\\/\\\/schema.org\",\"@graph\":[{\"@type\":\"WebPage\",\"@id\":\"https:\\\/\\\/www.navarroaubanell.com\\\/ca\\\/producte\\\/tamboret-etna-navarroaubanell\\\/\",\"url\":\"https:\\\/\\\/www.navarroaubanell.com\\\/ca\\\/producte\\\/tamboret-etna-navarroaubanell\\\/\",\"name\":\"Tamboret Etna, Balliu- Navarro Aubanell\",\"isPartOf\":{\"@id\":\"https:\\\/\\\/www.navarroaubanell.com\\\/ca\\\/#website\"},\"primaryImageOfPage\":{\"@id\":\"https:\\\/\\\/www.navarroaubanell.com\\\/ca\\\/producte\\\/tamboret-etna-navarroaubanell\\\/#primaryimage\"},\"image\":{\"@id\":\"https:\\\/\\\/www.navarroaubanell.com\\\/ca\\\/producte\\\/tamboret-etna-navarroaubanell\\\/#primaryimage\"},\"thumbnailUrl\":\"https:\\\/\\\/www.navarroaubanell.com\\\/wp-content\\\/uploads\\\/2024\\\/07\\\/aluminio-ceniza-Photoroom.png\",\"datePublished\":\"2024-07-01T06:32:40+00:00\",\"dateModified\":\"2024-10-01T08:38:05+00:00\",\"description\":\"Tamboret Etna: Estructura d'alumini endurit. Teixit transpirable, anti raigs UV i antimicrobi\u00e0. Ideal per a exterior, aportant eleg\u00e0ncia i solidesa\",\"breadcrumb\":{\"@id\":\"https:\\\/\\\/www.navarroaubanell.com\\\/ca\\\/producte\\\/tamboret-etna-navarroaubanell\\\/#breadcrumb\"},\"inLanguage\":\"ca\",\"potentialAction\":[{\"@type\":\"ReadAction\",\"target\":[\"https:\\\/\\\/www.navarroaubanell.com\\\/ca\\\/producte\\\/tamboret-etna-navarroaubanell\\\/\"]}]},{\"@type\":\"ImageObject\",\"inLanguage\":\"ca\",\"@id\":\"https:\\\/\\\/www.navarroaubanell.com\\\/ca\\\/producte\\\/tamboret-etna-navarroaubanell\\\/#primaryimage\",\"url\":\"https:\\\/\\\/www.navarroaubanell.com\\\/wp-content\\\/uploads\\\/2024\\\/07\\\/aluminio-ceniza-Photoroom.png\",\"contentUrl\":\"https:\\\/\\\/www.navarroaubanell.com\\\/wp-content\\\/uploads\\\/2024\\\/07\\\/aluminio-ceniza-Photoroom.png\",\"width\":800,\"height\":650,\"caption\":\"Tabureta Etna\"},{\"@type\":\"BreadcrumbList\",\"@id\":\"https:\\\/\\\/www.navarroaubanell.com\\\/ca\\\/producte\\\/tamboret-etna-navarroaubanell\\\/#breadcrumb\",\"itemListElement\":[{\"@type\":\"ListItem\",\"position\":1,\"name\":\"Portada\",\"item\":\"https:\\\/\\\/www.navarroaubanell.com\\\/ca\\\/\"},{\"@type\":\"ListItem\",\"position\":2,\"name\":\"Productes\",\"item\":\"https:\\\/\\\/www.navarroaubanell.com\\\/productos\\\/\"},{\"@type\":\"ListItem\",\"position\":3,\"name\":\"Tamboret Etna\"}]},{\"@type\":\"WebSite\",\"@id\":\"https:\\\/\\\/www.navarroaubanell.com\\\/ca\\\/#website\",\"url\":\"https:\\\/\\\/www.navarroaubanell.com\\\/ca\\\/\",\"name\":\"Navarro Aubanell\",\"description\":\"Mobiliario para hoteler\u00eda, colectividades y oficinas\",\"publisher\":{\"@id\":\"https:\\\/\\\/www.navarroaubanell.com\\\/ca\\\/#organization\"},\"potentialAction\":[{\"@type\":\"SearchAction\",\"target\":{\"@type\":\"EntryPoint\",\"urlTemplate\":\"https:\\\/\\\/www.navarroaubanell.com\\\/ca\\\/?s={search_term_string}\"},\"query-input\":{\"@type\":\"PropertyValueSpecification\",\"valueRequired\":true,\"valueName\":\"search_term_string\"}}],\"inLanguage\":\"ca\"},{\"@type\":\"Organization\",\"@id\":\"https:\\\/\\\/www.navarroaubanell.com\\\/ca\\\/#organization\",\"name\":\"COMERCIAL NAVARRO AUBANELL, S.A\",\"url\":\"https:\\\/\\\/www.navarroaubanell.com\\\/ca\\\/\",\"logo\":{\"@type\":\"ImageObject\",\"inLanguage\":\"ca\",\"@id\":\"https:\\\/\\\/www.navarroaubanell.com\\\/ca\\\/#\\\/schema\\\/logo\\\/image\\\/\",\"url\":\"https:\\\/\\\/www.navarroaubanell.com\\\/wp-content\\\/uploads\\\/2017\\\/07\\\/logo-navarro-aubuanell.png\",\"contentUrl\":\"https:\\\/\\\/www.navarroaubanell.com\\\/wp-content\\\/uploads\\\/2017\\\/07\\\/logo-navarro-aubuanell.png\",\"width\":6304,\"height\":1154,\"caption\":\"COMERCIAL NAVARRO AUBANELL, S.A\"},\"image\":{\"@id\":\"https:\\\/\\\/www.navarroaubanell.com\\\/ca\\\/#\\\/schema\\\/logo\\\/image\\\/\"}}]}<\/script>\n<!-- \/ Yoast SEO plugin. -->","yoast_head_json":{"title":"Tamboret Etna, Balliu- Navarro Aubanell","description":"Tamboret Etna: Estructura d'alumini endurit. Teixit transpirable, anti raigs UV i antimicrobi\u00e0. Ideal per a exterior, aportant eleg\u00e0ncia i solidesa","robots":{"index":"index","follow":"follow","max-snippet":"max-snippet:-1","max-image-preview":"max-image-preview:large","max-video-preview":"max-video-preview:-1"},"canonical":"https:\/\/www.navarroaubanell.com\/ca\/producte\/tamboret-etna-navarroaubanell\/","og_locale":"ca_ES","og_type":"article","og_title":"Tamboret Etna, Balliu- Navarro Aubanell","og_description":"Tamboret Etna: Estructura d'alumini endurit. Teixit transpirable, anti raigs UV i antimicrobi\u00e0. Ideal per a exterior, aportant eleg\u00e0ncia i solidesa","og_url":"https:\/\/www.navarroaubanell.com\/ca\/producte\/tamboret-etna-navarroaubanell\/","og_site_name":"Navarro Aubanell","article_modified_time":"2024-10-01T08:38:05+00:00","og_image":[{"width":800,"height":650,"url":"https:\/\/www.navarroaubanell.com\/wp-content\/uploads\/2024\/07\/aluminio-ceniza-Photoroom.png","type":"image\/png"}],"twitter_misc":{"Est. reading time":"2 minutes"},"schema":{"@context":"https:\/\/schema.org","@graph":[{"@type":"WebPage","@id":"https:\/\/www.navarroaubanell.com\/ca\/producte\/tamboret-etna-navarroaubanell\/","url":"https:\/\/www.navarroaubanell.com\/ca\/producte\/tamboret-etna-navarroaubanell\/","name":"Tamboret Etna, Balliu- Navarro Aubanell","isPartOf":{"@id":"https:\/\/www.navarroaubanell.com\/ca\/#website"},"primaryImageOfPage":{"@id":"https:\/\/www.navarroaubanell.com\/ca\/producte\/tamboret-etna-navarroaubanell\/#primaryimage"},"image":{"@id":"https:\/\/www.navarroaubanell.com\/ca\/producte\/tamboret-etna-navarroaubanell\/#primaryimage"},"thumbnailUrl":"https:\/\/www.navarroaubanell.com\/wp-content\/uploads\/2024\/07\/aluminio-ceniza-Photoroom.png","datePublished":"2024-07-01T06:32:40+00:00","dateModified":"2024-10-01T08:38:05+00:00","description":"Tamboret Etna: Estructura d'alumini endurit. Teixit transpirable, anti raigs UV i antimicrobi\u00e0. Ideal per a exterior, aportant eleg\u00e0ncia i solidesa","breadcrumb":{"@id":"https:\/\/www.navarroaubanell.com\/ca\/producte\/tamboret-etna-navarroaubanell\/#breadcrumb"},"inLanguage":"ca","potentialAction":[{"@type":"ReadAction","target":["https:\/\/www.navarroaubanell.com\/ca\/producte\/tamboret-etna-navarroaubanell\/"]}]},{"@type":"ImageObject","inLanguage":"ca","@id":"https:\/\/www.navarroaubanell.com\/ca\/producte\/tamboret-etna-navarroaubanell\/#primaryimage","url":"https:\/\/www.navarroaubanell.com\/wp-content\/uploads\/2024\/07\/aluminio-ceniza-Photoroom.png","contentUrl":"https:\/\/www.navarroaubanell.com\/wp-content\/uploads\/2024\/07\/aluminio-ceniza-Photoroom.png","width":800,"height":650,"caption":"Tabureta Etna"},{"@type":"BreadcrumbList","@id":"https:\/\/www.navarroaubanell.com\/ca\/producte\/tamboret-etna-navarroaubanell\/#breadcrumb","itemListElement":[{"@type":"ListItem","position":1,"name":"Portada","item":"https:\/\/www.navarroaubanell.com\/ca\/"},{"@type":"ListItem","position":2,"name":"Productes","item":"https:\/\/www.navarroaubanell.com\/productos\/"},{"@type":"ListItem","position":3,"name":"Tamboret Etna"}]},{"@type":"WebSite","@id":"https:\/\/www.navarroaubanell.com\/ca\/#website","url":"https:\/\/www.navarroaubanell.com\/ca\/","name":"Navarro Aubanell","description":"Mobiliario para hoteler\u00eda, colectividades y oficinas","publisher":{"@id":"https:\/\/www.navarroaubanell.com\/ca\/#organization"},"potentialAction":[{"@type":"SearchAction","target":{"@type":"EntryPoint","urlTemplate":"https:\/\/www.navarroaubanell.com\/ca\/?s={search_term_string}"},"query-input":{"@type":"PropertyValueSpecification","valueRequired":true,"valueName":"search_term_string"}}],"inLanguage":"ca"},{"@type":"Organization","@id":"https:\/\/www.navarroaubanell.com\/ca\/#organization","name":"COMERCIAL NAVARRO AUBANELL, S.A","url":"https:\/\/www.navarroaubanell.com\/ca\/","logo":{"@type":"ImageObject","inLanguage":"ca","@id":"https:\/\/www.navarroaubanell.com\/ca\/#\/schema\/logo\/image\/","url":"https:\/\/www.navarroaubanell.com\/wp-content\/uploads\/2017\/07\/logo-navarro-aubuanell.png","contentUrl":"https:\/\/www.navarroaubanell.com\/wp-content\/uploads\/2017\/07\/logo-navarro-aubuanell.png","width":6304,"height":1154,"caption":"COMERCIAL NAVARRO AUBANELL, S.A"},"image":{"@id":"https:\/\/www.navarroaubanell.com\/ca\/#\/schema\/logo\/image\/"}}]}},"_links":{"self":[{"href":"https:\/\/www.navarroaubanell.com\/ca\/wp-json\/wp\/v2\/product\/39152","targetHints":{"allow":["GET"]}}],"collection":[{"href":"https:\/\/www.navarroaubanell.com\/ca\/wp-json\/wp\/v2\/product"}],"about":[{"href":"https:\/\/www.navarroaubanell.com\/ca\/wp-json\/wp\/v2\/types\/product"}],"wp:featuredmedia":[{"embeddable":true,"href":"https:\/\/www.navarroaubanell.com\/ca\/wp-json\/wp\/v2\/media\/44457"}],"wp:attachment":[{"href":"https:\/\/www.navarroaubanell.com\/ca\/wp-json\/wp\/v2\/media?parent=39152"}],"wp:term":[{"taxonomy":"product_brand","embeddable":true,"href":"https:\/\/www.navarroaubanell.com\/ca\/wp-json\/wp\/v2\/product_brand?post=39152"},{"taxonomy":"product_cat","embeddable":true,"href":"https:\/\/www.navarroaubanell.com\/ca\/wp-json\/wp\/v2\/product_cat?post=39152"},{"taxonomy":"product_tag","embeddable":true,"href":"https:\/\/www.navarroaubanell.com\/ca\/wp-json\/wp\/v2\/product_tag?post=39152"}],"curies":[{"name":"wp","href":"https:\/\/api.w.org\/{rel}","templated":true}]}}