{"id":38610,"date":"2024-09-24T16:27:34","date_gmt":"2024-09-24T14:27:34","guid":{"rendered":"https:\/\/www.navarroaubanell.com\/producto\/familia-temple-navarroaubanell\/"},"modified":"2024-09-25T08:23:55","modified_gmt":"2024-09-25T06:23:55","slug":"familia-temple-navarroaubanell","status":"publish","type":"product","link":"https:\/\/www.navarroaubanell.com\/ca\/producte\/familia-temple-navarroaubanell\/","title":{"rendered":"Fam\u00edlia Temple"},"content":{"rendered":"<div class=\"flex-shrink-0 flex flex-col relative items-end\">\n<div class=\"pt-0\">\n<div class=\"gizmo-bot-avatar flex h-8 w-8 items-center justify-center overflow-hidden rounded-full\">\n<div class=\"relative p-1 rounded-sm flex items-center justify-center bg-token-main-surface-primary text-token-text-primary h-8 w-8\">\n<div class=\"flex-shrink-0 flex flex-col relative items-end\">\n<div>\n<div class=\"pt-0\">\n<div class=\"gizmo-bot-avatar flex h-8 w-8 items-center justify-center overflow-hidden rounded-full\">\n<h5 class=\"relative p-1 rounded-sm flex items-center justify-center bg-token-main-surface-primary text-token-text-primary h-8 w-8\">Fam\u00edlia Temple: Estil Vintage amb Modernitat Atemporal<\/h5>\n<\/div>\n<\/div>\n<\/div>\n<\/div>\n<div class=\"group\/conversation-turn relative flex w-full min-w-0 flex-col agent-turn\">\n<div class=\"flex-col gap-1 md:gap-3\">\n<div class=\"flex max-w-full flex-col flex-grow\">\n<div class=\"min-h-[20px] text-message flex w-full flex-col items-end gap-2 whitespace-normal break-words [.text-message+&amp;]:mt-5\" dir=\"auto\" data-message-author-role=\"assistant\" data-message-id=\"b164976f-516c-4025-a03e-f191ebd7a76f\">\n<div class=\"flex w-full flex-col gap-1 empty:hidden first:pt-[3px]\">\n<div class=\"markdown prose w-full break-words dark:prose-invert light\">\n<div class=\"traductor-textarea form-group\">\n<div class=\"textarea-desti col-xs-12 col-sm-6\">\n<div class=\"form-control second-textarea\">La fam\u00edlia Temple destaca pel seu disseny que fusiona el vintage amb la modernitat atemporal. Inspirada en l&#8217;eleg\u00e0ncia cl\u00e0ssica dels anys passats, per\u00f2 amb una visi\u00f3 contempor\u00e0nia, cada pe\u00e7a evoca l&#8217;encant del retro sense perdre la frescor de l&#8217;actual. Les formes suaus i arrodonides de les seves <a href=\"https:\/\/www.navarroaubanell.com\/ca\/producte\/cadira-temple-navarroaubanell\/\">cadires<\/a>, <a href=\"https:\/\/www.navarroaubanell.com\/ca\/producte\/cadira-de-bracos-temple-navarroaubanell\/\">cadires de bra\u00e7os<\/a> i <a href=\"https:\/\/www.navarroaubanell.com\/ca\/producte\/taula-temple-navarroaubanell\/\">taules<\/a> recorden als dissenys de meitat del segle XX. Tot i evocar \u00e8poques passades, s&#8217;han reinventat amb detalls subtils i acabats moderns que garanteixen el seu lloc en els entorns m\u00e9s actuals.<\/div>\n<\/div>\n<\/div>\n<h6>Versatilitat per a Interiors i Exteriors<\/h6>\n<div class=\"traductor-textarea form-group\">\n<div class=\"textarea-desti col-xs-12 col-sm-6\">\n<div class=\"form-control second-textarea\">Tant si desitges decorar una terrassa com un interior acollidor, la fam\u00edlia Temple s&#8217;ajusta a la perfecci\u00f3, aportant eleg\u00e0ncia i funcionalitat a qualsevol entorn. Temple \u00e9s ideal per a terrasses, restaurants i cafeteries amb encant. El seu aspecte vintage es complementa amb tocs contemporanis, la qual cosa els permet integrar-se en una \u00e0mplia varietat d&#8217;estils, des dels m\u00e9s r\u00fastics fins als m\u00e9s avantguardistes.<\/div>\n<\/div>\n<\/div>\n<h6>Funcionalitat i Practicitat<\/h6>\n<div class=\"traductor-textarea form-group\">\n<div class=\"textarea-desti col-xs-12 col-sm-6\">\n<div class=\"form-control second-textarea\">Tots els productes de la fam\u00edlia Temple s\u00f3n apilables, la qual cosa els converteix en una opci\u00f3 pr\u00e0ctica per al sector de l&#8217;hostaleria. Gr\u00e0cies al seu disseny apilable, faciliten l&#8217;emmagatzematge i optimitzen l&#8217;espai disponible, la qual cosa resulta perfecte per a locals amb alta rotaci\u00f3 de clients. A m\u00e9s, la seva estructura duradora assegura que puguin suportar l&#8217;\u00fas diari sense perdre el seu atractiu ni funcionalitat.<\/div>\n<\/div>\n<\/div>\n<\/div>\n<\/div>\n<\/div>\n<\/div>\n<\/div>\n<\/div>\n<\/div>\n<\/div>\n<\/div>\n<\/div>\n","protected":false},"excerpt":{"rendered":"<p>Fam\u00edlia Temple: Estil Vintage amb Modernitat Atemporal La fam\u00edlia Temple destaca pel seu disseny que fusiona el vintage amb la modernitat atemporal. Inspirada en l&#8217;eleg\u00e0ncia cl\u00e0ssica dels anys passats, per\u00f2 amb una visi\u00f3 contempor\u00e0nia, cada pe\u00e7a evoca l&#8217;encant del retro sense perdre la frescor de l&#8217;actual. Les formes suaus i arrodonides de les seves cadires,&hellip;<\/p>\n","protected":false},"featured_media":38589,"template":"","meta":{"_acf_changed":false},"product_brand":[],"product_cat":[565,563,1465],"product_tag":[587,863,749,640,664,695,1380],"class_list":{"0":"post-38610","1":"product","2":"type-product","3":"status-publish","4":"has-post-thumbnail","6":"product_cat-conjunts-exterior","7":"product_cat-exterior-ca","8":"product_cat-families","9":"product_tag-apilable-ca","10":"product_tag-cadira","11":"product_tag-cadira-de-barcos","12":"product_tag-exterior-ca","13":"product_tag-interior-ca","14":"product_tag-taula","15":"product_tag-temple-ca","16":"description-off","18":"first","19":"instock","20":"shipping-taxable","21":"product-type-simple"},"acf":[],"yoast_head":"<!-- This site is optimized with the Yoast SEO plugin v27.5 - https:\/\/yoast.com\/product\/yoast-seo-wordpress\/ -->\n<title>Fam\u00edlia Temple - Navarro Aubanell<\/title>\n<meta name=\"description\" content=\"Fam\u00edlia Temple: mobles vers\u00e0tils d&#039;estil vintage-modern, ideals per a hostaleria, amb disseny apilable i durador per a interiors i exteriors.\" \/>\n<meta name=\"robots\" content=\"index, follow, max-snippet:-1, max-image-preview:large, max-video-preview:-1\" \/>\n<link rel=\"canonical\" href=\"https:\/\/www.navarroaubanell.com\/ca\/producte\/familia-temple-navarroaubanell\/\" \/>\n<meta property=\"og:locale\" content=\"ca_ES\" \/>\n<meta property=\"og:type\" content=\"article\" \/>\n<meta property=\"og:title\" content=\"Fam\u00edlia Temple - Navarro Aubanell\" \/>\n<meta property=\"og:description\" content=\"Fam\u00edlia Temple: mobles vers\u00e0tils d&#039;estil vintage-modern, ideals per a hostaleria, amb disseny apilable i durador per a interiors i exteriors.\" \/>\n<meta property=\"og:url\" content=\"https:\/\/www.navarroaubanell.com\/ca\/producte\/familia-temple-navarroaubanell\/\" \/>\n<meta property=\"og:site_name\" content=\"Navarro Aubanell\" \/>\n<meta property=\"article:modified_time\" content=\"2024-09-25T06:23:55+00:00\" \/>\n<meta property=\"og:image\" content=\"https:\/\/www.navarroaubanell.com\/wp-content\/uploads\/2024\/09\/famkilia-1.jpg\" \/>\n\t<meta property=\"og:image:width\" content=\"1280\" \/>\n\t<meta property=\"og:image:height\" content=\"1040\" \/>\n\t<meta property=\"og:image:type\" content=\"image\/jpeg\" \/>\n<meta name=\"twitter:label1\" content=\"Est. reading time\" \/>\n\t<meta name=\"twitter:data1\" content=\"2 minutes\" \/>\n<script type=\"application\/ld+json\" class=\"yoast-schema-graph\">{\"@context\":\"https:\\\/\\\/schema.org\",\"@graph\":[{\"@type\":\"WebPage\",\"@id\":\"https:\\\/\\\/www.navarroaubanell.com\\\/ca\\\/producte\\\/familia-temple-navarroaubanell\\\/\",\"url\":\"https:\\\/\\\/www.navarroaubanell.com\\\/ca\\\/producte\\\/familia-temple-navarroaubanell\\\/\",\"name\":\"Fam\u00edlia Temple - Navarro Aubanell\",\"isPartOf\":{\"@id\":\"https:\\\/\\\/www.navarroaubanell.com\\\/ca\\\/#website\"},\"primaryImageOfPage\":{\"@id\":\"https:\\\/\\\/www.navarroaubanell.com\\\/ca\\\/producte\\\/familia-temple-navarroaubanell\\\/#primaryimage\"},\"image\":{\"@id\":\"https:\\\/\\\/www.navarroaubanell.com\\\/ca\\\/producte\\\/familia-temple-navarroaubanell\\\/#primaryimage\"},\"thumbnailUrl\":\"https:\\\/\\\/www.navarroaubanell.com\\\/wp-content\\\/uploads\\\/2024\\\/09\\\/famkilia-1.jpg\",\"datePublished\":\"2024-09-24T14:27:34+00:00\",\"dateModified\":\"2024-09-25T06:23:55+00:00\",\"description\":\"Fam\u00edlia Temple: mobles vers\u00e0tils d'estil vintage-modern, ideals per a hostaleria, amb disseny apilable i durador per a interiors i exteriors.\",\"breadcrumb\":{\"@id\":\"https:\\\/\\\/www.navarroaubanell.com\\\/ca\\\/producte\\\/familia-temple-navarroaubanell\\\/#breadcrumb\"},\"inLanguage\":\"ca\",\"potentialAction\":[{\"@type\":\"ReadAction\",\"target\":[\"https:\\\/\\\/www.navarroaubanell.com\\\/ca\\\/producte\\\/familia-temple-navarroaubanell\\\/\"]}]},{\"@type\":\"ImageObject\",\"inLanguage\":\"ca\",\"@id\":\"https:\\\/\\\/www.navarroaubanell.com\\\/ca\\\/producte\\\/familia-temple-navarroaubanell\\\/#primaryimage\",\"url\":\"https:\\\/\\\/www.navarroaubanell.com\\\/wp-content\\\/uploads\\\/2024\\\/09\\\/famkilia-1.jpg\",\"contentUrl\":\"https:\\\/\\\/www.navarroaubanell.com\\\/wp-content\\\/uploads\\\/2024\\\/09\\\/famkilia-1.jpg\",\"width\":1280,\"height\":1040,\"caption\":\"Familia Temple\"},{\"@type\":\"BreadcrumbList\",\"@id\":\"https:\\\/\\\/www.navarroaubanell.com\\\/ca\\\/producte\\\/familia-temple-navarroaubanell\\\/#breadcrumb\",\"itemListElement\":[{\"@type\":\"ListItem\",\"position\":1,\"name\":\"Portada\",\"item\":\"https:\\\/\\\/www.navarroaubanell.com\\\/ca\\\/\"},{\"@type\":\"ListItem\",\"position\":2,\"name\":\"Productes\",\"item\":\"https:\\\/\\\/www.navarroaubanell.com\\\/productos\\\/\"},{\"@type\":\"ListItem\",\"position\":3,\"name\":\"Fam\u00edlia Temple\"}]},{\"@type\":\"WebSite\",\"@id\":\"https:\\\/\\\/www.navarroaubanell.com\\\/ca\\\/#website\",\"url\":\"https:\\\/\\\/www.navarroaubanell.com\\\/ca\\\/\",\"name\":\"Navarro Aubanell\",\"description\":\"Mobiliario para hoteler\u00eda, colectividades y oficinas\",\"publisher\":{\"@id\":\"https:\\\/\\\/www.navarroaubanell.com\\\/ca\\\/#organization\"},\"potentialAction\":[{\"@type\":\"SearchAction\",\"target\":{\"@type\":\"EntryPoint\",\"urlTemplate\":\"https:\\\/\\\/www.navarroaubanell.com\\\/ca\\\/?s={search_term_string}\"},\"query-input\":{\"@type\":\"PropertyValueSpecification\",\"valueRequired\":true,\"valueName\":\"search_term_string\"}}],\"inLanguage\":\"ca\"},{\"@type\":\"Organization\",\"@id\":\"https:\\\/\\\/www.navarroaubanell.com\\\/ca\\\/#organization\",\"name\":\"COMERCIAL NAVARRO AUBANELL, S.A\",\"url\":\"https:\\\/\\\/www.navarroaubanell.com\\\/ca\\\/\",\"logo\":{\"@type\":\"ImageObject\",\"inLanguage\":\"ca\",\"@id\":\"https:\\\/\\\/www.navarroaubanell.com\\\/ca\\\/#\\\/schema\\\/logo\\\/image\\\/\",\"url\":\"https:\\\/\\\/www.navarroaubanell.com\\\/wp-content\\\/uploads\\\/2017\\\/07\\\/logo-navarro-aubuanell.png\",\"contentUrl\":\"https:\\\/\\\/www.navarroaubanell.com\\\/wp-content\\\/uploads\\\/2017\\\/07\\\/logo-navarro-aubuanell.png\",\"width\":6304,\"height\":1154,\"caption\":\"COMERCIAL NAVARRO AUBANELL, S.A\"},\"image\":{\"@id\":\"https:\\\/\\\/www.navarroaubanell.com\\\/ca\\\/#\\\/schema\\\/logo\\\/image\\\/\"}}]}<\/script>\n<!-- \/ Yoast SEO plugin. -->","yoast_head_json":{"title":"Fam\u00edlia Temple - Navarro Aubanell","description":"Fam\u00edlia Temple: mobles vers\u00e0tils d'estil vintage-modern, ideals per a hostaleria, amb disseny apilable i durador per a interiors i exteriors.","robots":{"index":"index","follow":"follow","max-snippet":"max-snippet:-1","max-image-preview":"max-image-preview:large","max-video-preview":"max-video-preview:-1"},"canonical":"https:\/\/www.navarroaubanell.com\/ca\/producte\/familia-temple-navarroaubanell\/","og_locale":"ca_ES","og_type":"article","og_title":"Fam\u00edlia Temple - Navarro Aubanell","og_description":"Fam\u00edlia Temple: mobles vers\u00e0tils d'estil vintage-modern, ideals per a hostaleria, amb disseny apilable i durador per a interiors i exteriors.","og_url":"https:\/\/www.navarroaubanell.com\/ca\/producte\/familia-temple-navarroaubanell\/","og_site_name":"Navarro Aubanell","article_modified_time":"2024-09-25T06:23:55+00:00","og_image":[{"width":1280,"height":1040,"url":"https:\/\/www.navarroaubanell.com\/wp-content\/uploads\/2024\/09\/famkilia-1.jpg","type":"image\/jpeg"}],"twitter_misc":{"Est. reading time":"2 minutes"},"schema":{"@context":"https:\/\/schema.org","@graph":[{"@type":"WebPage","@id":"https:\/\/www.navarroaubanell.com\/ca\/producte\/familia-temple-navarroaubanell\/","url":"https:\/\/www.navarroaubanell.com\/ca\/producte\/familia-temple-navarroaubanell\/","name":"Fam\u00edlia Temple - Navarro Aubanell","isPartOf":{"@id":"https:\/\/www.navarroaubanell.com\/ca\/#website"},"primaryImageOfPage":{"@id":"https:\/\/www.navarroaubanell.com\/ca\/producte\/familia-temple-navarroaubanell\/#primaryimage"},"image":{"@id":"https:\/\/www.navarroaubanell.com\/ca\/producte\/familia-temple-navarroaubanell\/#primaryimage"},"thumbnailUrl":"https:\/\/www.navarroaubanell.com\/wp-content\/uploads\/2024\/09\/famkilia-1.jpg","datePublished":"2024-09-24T14:27:34+00:00","dateModified":"2024-09-25T06:23:55+00:00","description":"Fam\u00edlia Temple: mobles vers\u00e0tils d'estil vintage-modern, ideals per a hostaleria, amb disseny apilable i durador per a interiors i exteriors.","breadcrumb":{"@id":"https:\/\/www.navarroaubanell.com\/ca\/producte\/familia-temple-navarroaubanell\/#breadcrumb"},"inLanguage":"ca","potentialAction":[{"@type":"ReadAction","target":["https:\/\/www.navarroaubanell.com\/ca\/producte\/familia-temple-navarroaubanell\/"]}]},{"@type":"ImageObject","inLanguage":"ca","@id":"https:\/\/www.navarroaubanell.com\/ca\/producte\/familia-temple-navarroaubanell\/#primaryimage","url":"https:\/\/www.navarroaubanell.com\/wp-content\/uploads\/2024\/09\/famkilia-1.jpg","contentUrl":"https:\/\/www.navarroaubanell.com\/wp-content\/uploads\/2024\/09\/famkilia-1.jpg","width":1280,"height":1040,"caption":"Familia Temple"},{"@type":"BreadcrumbList","@id":"https:\/\/www.navarroaubanell.com\/ca\/producte\/familia-temple-navarroaubanell\/#breadcrumb","itemListElement":[{"@type":"ListItem","position":1,"name":"Portada","item":"https:\/\/www.navarroaubanell.com\/ca\/"},{"@type":"ListItem","position":2,"name":"Productes","item":"https:\/\/www.navarroaubanell.com\/productos\/"},{"@type":"ListItem","position":3,"name":"Fam\u00edlia Temple"}]},{"@type":"WebSite","@id":"https:\/\/www.navarroaubanell.com\/ca\/#website","url":"https:\/\/www.navarroaubanell.com\/ca\/","name":"Navarro Aubanell","description":"Mobiliario para hoteler\u00eda, colectividades y oficinas","publisher":{"@id":"https:\/\/www.navarroaubanell.com\/ca\/#organization"},"potentialAction":[{"@type":"SearchAction","target":{"@type":"EntryPoint","urlTemplate":"https:\/\/www.navarroaubanell.com\/ca\/?s={search_term_string}"},"query-input":{"@type":"PropertyValueSpecification","valueRequired":true,"valueName":"search_term_string"}}],"inLanguage":"ca"},{"@type":"Organization","@id":"https:\/\/www.navarroaubanell.com\/ca\/#organization","name":"COMERCIAL NAVARRO AUBANELL, S.A","url":"https:\/\/www.navarroaubanell.com\/ca\/","logo":{"@type":"ImageObject","inLanguage":"ca","@id":"https:\/\/www.navarroaubanell.com\/ca\/#\/schema\/logo\/image\/","url":"https:\/\/www.navarroaubanell.com\/wp-content\/uploads\/2017\/07\/logo-navarro-aubuanell.png","contentUrl":"https:\/\/www.navarroaubanell.com\/wp-content\/uploads\/2017\/07\/logo-navarro-aubuanell.png","width":6304,"height":1154,"caption":"COMERCIAL NAVARRO AUBANELL, S.A"},"image":{"@id":"https:\/\/www.navarroaubanell.com\/ca\/#\/schema\/logo\/image\/"}}]}},"_links":{"self":[{"href":"https:\/\/www.navarroaubanell.com\/ca\/wp-json\/wp\/v2\/product\/38610","targetHints":{"allow":["GET"]}}],"collection":[{"href":"https:\/\/www.navarroaubanell.com\/ca\/wp-json\/wp\/v2\/product"}],"about":[{"href":"https:\/\/www.navarroaubanell.com\/ca\/wp-json\/wp\/v2\/types\/product"}],"wp:featuredmedia":[{"embeddable":true,"href":"https:\/\/www.navarroaubanell.com\/ca\/wp-json\/wp\/v2\/media\/38589"}],"wp:attachment":[{"href":"https:\/\/www.navarroaubanell.com\/ca\/wp-json\/wp\/v2\/media?parent=38610"}],"wp:term":[{"taxonomy":"product_brand","embeddable":true,"href":"https:\/\/www.navarroaubanell.com\/ca\/wp-json\/wp\/v2\/product_brand?post=38610"},{"taxonomy":"product_cat","embeddable":true,"href":"https:\/\/www.navarroaubanell.com\/ca\/wp-json\/wp\/v2\/product_cat?post=38610"},{"taxonomy":"product_tag","embeddable":true,"href":"https:\/\/www.navarroaubanell.com\/ca\/wp-json\/wp\/v2\/product_tag?post=38610"}],"curies":[{"name":"wp","href":"https:\/\/api.w.org\/{rel}","templated":true}]}}