{"id":38443,"date":"2024-09-20T11:42:57","date_gmt":"2024-09-20T09:42:57","guid":{"rendered":"https:\/\/www.navarroaubanell.com\/producto\/taburete-toulouse-navarroaubanell\/"},"modified":"2024-09-20T11:53:34","modified_gmt":"2024-09-20T09:53:34","slug":"tamboret-toulouse-navarroaubanell","status":"publish","type":"product","link":"https:\/\/www.navarroaubanell.com\/ca\/producte\/tamboret-toulouse-navarroaubanell\/","title":{"rendered":"Tamboret Toulouse"},"content":{"rendered":"<div class=\"flex max-w-full flex-col flex-grow\">\n<div class=\"min-h-[20px] text-message flex w-full flex-col items-end gap-2 whitespace-normal break-words [.text-message+&amp;]:mt-5\" dir=\"auto\" data-message-author-role=\"assistant\" data-message-id=\"54a09a47-e947-4773-a92f-7ce406b2e59e\">\n<div class=\"flex w-full flex-col gap-1 empty:hidden first:pt-[3px]\">\n<div class=\"markdown prose w-full break-words dark:prose-invert light\">\n<h5>Tamboret Toulouse: Estil Parisenc per a Exteriors i Interiors<\/h5>\n<div class=\"traductor-textarea form-group\">\n<div class=\"textarea-desti col-xs-12 col-sm-6\">\n<div class=\"form-control second-textarea\">El Tamboret Toulouse \u00e9s l&#8217;elecci\u00f3 ideal per als qui busquen un estil parisenc cl\u00e0ssic amb la versatilitat d&#8217;adaptar-se tant a exteriors com a interiors. El seu disseny elegant ho fa destacar en terrasses de restaurants o bars a l&#8217;aire lliure, per\u00f2 tamb\u00e9 s&#8217;integra perfectament en interiors com a cafeteries o espais moderns. A m\u00e9s, compta amb una <a href=\"https:\/\/www.navarroaubanell.com\/ca\/producte\/cadira-toulouse-navarroaubanell\/\">cadira<\/a> a joc, la qual cosa permet una coher\u00e8ncia estil\u00edstica en tota mena d&#8217;ambients.<\/div>\n<\/div>\n<\/div>\n<h6>Materials i Acabats<\/h6>\n<div class=\"traductor-textarea form-group\">\n<div class=\"textarea-desti col-xs-12 col-sm-6\">\n<div class=\"form-control second-textarea\">L&#8217;estructura del Tamboret Toulouse est\u00e0 fabricada en alumini pintat, disponible en dos colors: deco bamb\u00fa i deco noguera, la qual cosa garanteix una est\u00e8tica duradora i adaptable. Els seients i respatllers estan disponibles en una varietat d&#8217;acabats:<\/div>\n<\/div>\n<\/div>\n<ul>\n<li><strong>Textilene Uno<\/strong>: Negre-blanc<\/li>\n<li><strong>Textilene<\/strong>: Latte o negre<\/li>\n<li><strong>Trenzado<\/strong>: Negre-crema, verd-crema, vermell-crema, gris-blanc, blau-blanc<\/li>\n<\/ul>\n<div class=\"traductor-textarea form-group\">\n<div class=\"textarea-desti col-xs-12 col-sm-6\">\n<div class=\"form-control second-textarea\">Aquests acabats permeten personalitzar el tamboret segons l&#8217;estil de l&#8217;entorn, oferint una fusi\u00f3 perfecta entre funcionalitat i eleg\u00e0ncia.<\/div>\n<\/div>\n<\/div>\n<h6>Funcionalitat Apilable<\/h6>\n<div class=\"traductor-textarea form-group\">\n<div class=\"textarea-desti col-xs-12 col-sm-6\">\n<div class=\"form-control second-textarea\">El Tamboret Toulouse \u00e9s apilable, la qual cosa el converteix en una soluci\u00f3 pr\u00e0ctica per a locals d&#8217;hostaleria, permetent un f\u00e0cil emmagatzematge i optimitzaci\u00f3 de l&#8217;espai. La seva estructura robusta i duradora assegura una llarga vida \u00fatil, fins i tot en ambients exteriors. Ideal per als qui busquen combinar estil i practicitat sense comprometre l&#8217;est\u00e8tica parisenca.<\/div>\n<\/div>\n<\/div>\n<div class=\"traductor-checkbox form-group\">\n<div class=\"row\">\n<div class=\"col-sm-offset-2 col-sm-5\"><\/div>\n<\/div>\n<\/div>\n<\/div>\n<\/div>\n<\/div>\n<\/div>\n","protected":false},"excerpt":{"rendered":"<p>Tamboret Toulouse: Estil Parisenc per a Exteriors i Interiors El Tamboret Toulouse \u00e9s l&#8217;elecci\u00f3 ideal per als qui busquen un estil parisenc cl\u00e0ssic amb la versatilitat d&#8217;adaptar-se tant a exteriors com a interiors. El seu disseny elegant ho fa destacar en terrasses de restaurants o bars a l&#8217;aire lliure, per\u00f2 tamb\u00e9 s&#8217;integra perfectament en interiors&hellip;<\/p>\n","protected":false},"featured_media":38425,"template":"","meta":{"_acf_changed":false},"product_brand":[],"product_cat":[563,574],"product_tag":[992,587,640,664,769,1346,1367,1344],"class_list":{"0":"post-38443","1":"product","2":"type-product","3":"status-publish","4":"has-post-thumbnail","6":"product_cat-exterior-ca","7":"product_cat-tamborets-exterior","8":"product_tag-aluminio-ca","9":"product_tag-apilable-ca","10":"product_tag-exterior-ca","11":"product_tag-interior-ca","12":"product_tag-tamboret","13":"product_tag-textilene-ca","14":"product_tag-toulouse-ca","15":"product_tag-trenzado-ca","16":"description-off","18":"first","19":"instock","20":"shipping-taxable","21":"product-type-simple"},"acf":[],"yoast_head":"<!-- This site is optimized with the Yoast SEO plugin v27.0 - https:\/\/yoast.com\/product\/yoast-seo-wordpress\/ -->\n<title>Tamboret Toulouse - Navarro Aubanell<\/title>\n<meta name=\"description\" content=\"Tamboret Toulouse, estil parisenc vers\u00e0til per a exteriors i interiors. Estructura apilable en alumini amb seient i respatller personalitzables.\" \/>\n<meta name=\"robots\" content=\"index, follow, max-snippet:-1, max-image-preview:large, max-video-preview:-1\" \/>\n<link rel=\"canonical\" href=\"https:\/\/www.navarroaubanell.com\/ca\/producte\/tamboret-toulouse-navarroaubanell\/\" \/>\n<meta property=\"og:locale\" content=\"ca_ES\" \/>\n<meta property=\"og:type\" content=\"article\" \/>\n<meta property=\"og:title\" content=\"Tamboret Toulouse - Navarro Aubanell\" \/>\n<meta property=\"og:description\" content=\"Tamboret Toulouse, estil parisenc vers\u00e0til per a exteriors i interiors. Estructura apilable en alumini amb seient i respatller personalitzables.\" \/>\n<meta property=\"og:url\" content=\"https:\/\/www.navarroaubanell.com\/ca\/producte\/tamboret-toulouse-navarroaubanell\/\" \/>\n<meta property=\"og:site_name\" content=\"Navarro Aubanell\" \/>\n<meta property=\"article:modified_time\" content=\"2024-09-20T09:53:34+00:00\" \/>\n<meta property=\"og:image\" content=\"https:\/\/www.navarroaubanell.com\/wp-content\/uploads\/2024\/09\/1-7.jpg\" \/>\n\t<meta property=\"og:image:width\" content=\"800\" \/>\n\t<meta property=\"og:image:height\" content=\"650\" \/>\n\t<meta property=\"og:image:type\" content=\"image\/jpeg\" \/>\n<meta name=\"twitter:label1\" content=\"Est. reading time\" \/>\n\t<meta name=\"twitter:data1\" content=\"2 minutes\" \/>\n<script type=\"application\/ld+json\" class=\"yoast-schema-graph\">{\"@context\":\"https:\/\/schema.org\",\"@graph\":[{\"@type\":\"WebPage\",\"@id\":\"https:\/\/www.navarroaubanell.com\/ca\/producte\/tamboret-toulouse-navarroaubanell\/\",\"url\":\"https:\/\/www.navarroaubanell.com\/ca\/producte\/tamboret-toulouse-navarroaubanell\/\",\"name\":\"Tamboret Toulouse - Navarro Aubanell\",\"isPartOf\":{\"@id\":\"https:\/\/www.navarroaubanell.com\/ca\/#website\"},\"primaryImageOfPage\":{\"@id\":\"https:\/\/www.navarroaubanell.com\/ca\/producte\/tamboret-toulouse-navarroaubanell\/#primaryimage\"},\"image\":{\"@id\":\"https:\/\/www.navarroaubanell.com\/ca\/producte\/tamboret-toulouse-navarroaubanell\/#primaryimage\"},\"thumbnailUrl\":\"https:\/\/www.navarroaubanell.com\/wp-content\/uploads\/2024\/09\/1-7.jpg\",\"datePublished\":\"2024-09-20T09:42:57+00:00\",\"dateModified\":\"2024-09-20T09:53:34+00:00\",\"description\":\"Tamboret Toulouse, estil parisenc vers\u00e0til per a exteriors i interiors. Estructura apilable en alumini amb seient i respatller personalitzables.\",\"breadcrumb\":{\"@id\":\"https:\/\/www.navarroaubanell.com\/ca\/producte\/tamboret-toulouse-navarroaubanell\/#breadcrumb\"},\"inLanguage\":\"ca\",\"potentialAction\":[{\"@type\":\"ReadAction\",\"target\":[\"https:\/\/www.navarroaubanell.com\/ca\/producte\/tamboret-toulouse-navarroaubanell\/\"]}]},{\"@type\":\"ImageObject\",\"inLanguage\":\"ca\",\"@id\":\"https:\/\/www.navarroaubanell.com\/ca\/producte\/tamboret-toulouse-navarroaubanell\/#primaryimage\",\"url\":\"https:\/\/www.navarroaubanell.com\/wp-content\/uploads\/2024\/09\/1-7.jpg\",\"contentUrl\":\"https:\/\/www.navarroaubanell.com\/wp-content\/uploads\/2024\/09\/1-7.jpg\",\"width\":800,\"height\":650,\"caption\":\"Tamboret Toulouse amb estructura deco bamb\u00fa i seient i respatller en textilene uno negre i blanc\"},{\"@type\":\"BreadcrumbList\",\"@id\":\"https:\/\/www.navarroaubanell.com\/ca\/producte\/tamboret-toulouse-navarroaubanell\/#breadcrumb\",\"itemListElement\":[{\"@type\":\"ListItem\",\"position\":1,\"name\":\"Portada\",\"item\":\"https:\/\/www.navarroaubanell.com\/ca\/\"},{\"@type\":\"ListItem\",\"position\":2,\"name\":\"Productes\",\"item\":\"https:\/\/www.navarroaubanell.com\/productos\/\"},{\"@type\":\"ListItem\",\"position\":3,\"name\":\"Tamboret Toulouse\"}]},{\"@type\":\"WebSite\",\"@id\":\"https:\/\/www.navarroaubanell.com\/ca\/#website\",\"url\":\"https:\/\/www.navarroaubanell.com\/ca\/\",\"name\":\"Navarro Aubanell\",\"description\":\"Mobiliario para hoteler\u00eda, colectividades y oficinas\",\"publisher\":{\"@id\":\"https:\/\/www.navarroaubanell.com\/ca\/#organization\"},\"potentialAction\":[{\"@type\":\"SearchAction\",\"target\":{\"@type\":\"EntryPoint\",\"urlTemplate\":\"https:\/\/www.navarroaubanell.com\/ca\/?s={search_term_string}\"},\"query-input\":{\"@type\":\"PropertyValueSpecification\",\"valueRequired\":true,\"valueName\":\"search_term_string\"}}],\"inLanguage\":\"ca\"},{\"@type\":\"Organization\",\"@id\":\"https:\/\/www.navarroaubanell.com\/ca\/#organization\",\"name\":\"COMERCIAL NAVARRO AUBANELL, S.A\",\"url\":\"https:\/\/www.navarroaubanell.com\/ca\/\",\"logo\":{\"@type\":\"ImageObject\",\"inLanguage\":\"ca\",\"@id\":\"https:\/\/www.navarroaubanell.com\/ca\/#\/schema\/logo\/image\/\",\"url\":\"https:\/\/www.navarroaubanell.com\/wp-content\/uploads\/2017\/07\/logo-navarro-aubuanell.png\",\"contentUrl\":\"https:\/\/www.navarroaubanell.com\/wp-content\/uploads\/2017\/07\/logo-navarro-aubuanell.png\",\"width\":6304,\"height\":1154,\"caption\":\"COMERCIAL NAVARRO AUBANELL, S.A\"},\"image\":{\"@id\":\"https:\/\/www.navarroaubanell.com\/ca\/#\/schema\/logo\/image\/\"}}]}<\/script>\n<!-- \/ Yoast SEO plugin. -->","yoast_head_json":{"title":"Tamboret Toulouse - Navarro Aubanell","description":"Tamboret Toulouse, estil parisenc vers\u00e0til per a exteriors i interiors. Estructura apilable en alumini amb seient i respatller personalitzables.","robots":{"index":"index","follow":"follow","max-snippet":"max-snippet:-1","max-image-preview":"max-image-preview:large","max-video-preview":"max-video-preview:-1"},"canonical":"https:\/\/www.navarroaubanell.com\/ca\/producte\/tamboret-toulouse-navarroaubanell\/","og_locale":"ca_ES","og_type":"article","og_title":"Tamboret Toulouse - Navarro Aubanell","og_description":"Tamboret Toulouse, estil parisenc vers\u00e0til per a exteriors i interiors. Estructura apilable en alumini amb seient i respatller personalitzables.","og_url":"https:\/\/www.navarroaubanell.com\/ca\/producte\/tamboret-toulouse-navarroaubanell\/","og_site_name":"Navarro Aubanell","article_modified_time":"2024-09-20T09:53:34+00:00","og_image":[{"width":800,"height":650,"url":"https:\/\/www.navarroaubanell.com\/wp-content\/uploads\/2024\/09\/1-7.jpg","type":"image\/jpeg"}],"twitter_misc":{"Est. reading time":"2 minutes"},"schema":{"@context":"https:\/\/schema.org","@graph":[{"@type":"WebPage","@id":"https:\/\/www.navarroaubanell.com\/ca\/producte\/tamboret-toulouse-navarroaubanell\/","url":"https:\/\/www.navarroaubanell.com\/ca\/producte\/tamboret-toulouse-navarroaubanell\/","name":"Tamboret Toulouse - Navarro Aubanell","isPartOf":{"@id":"https:\/\/www.navarroaubanell.com\/ca\/#website"},"primaryImageOfPage":{"@id":"https:\/\/www.navarroaubanell.com\/ca\/producte\/tamboret-toulouse-navarroaubanell\/#primaryimage"},"image":{"@id":"https:\/\/www.navarroaubanell.com\/ca\/producte\/tamboret-toulouse-navarroaubanell\/#primaryimage"},"thumbnailUrl":"https:\/\/www.navarroaubanell.com\/wp-content\/uploads\/2024\/09\/1-7.jpg","datePublished":"2024-09-20T09:42:57+00:00","dateModified":"2024-09-20T09:53:34+00:00","description":"Tamboret Toulouse, estil parisenc vers\u00e0til per a exteriors i interiors. Estructura apilable en alumini amb seient i respatller personalitzables.","breadcrumb":{"@id":"https:\/\/www.navarroaubanell.com\/ca\/producte\/tamboret-toulouse-navarroaubanell\/#breadcrumb"},"inLanguage":"ca","potentialAction":[{"@type":"ReadAction","target":["https:\/\/www.navarroaubanell.com\/ca\/producte\/tamboret-toulouse-navarroaubanell\/"]}]},{"@type":"ImageObject","inLanguage":"ca","@id":"https:\/\/www.navarroaubanell.com\/ca\/producte\/tamboret-toulouse-navarroaubanell\/#primaryimage","url":"https:\/\/www.navarroaubanell.com\/wp-content\/uploads\/2024\/09\/1-7.jpg","contentUrl":"https:\/\/www.navarroaubanell.com\/wp-content\/uploads\/2024\/09\/1-7.jpg","width":800,"height":650,"caption":"Tamboret Toulouse amb estructura deco bamb\u00fa i seient i respatller en textilene uno negre i blanc"},{"@type":"BreadcrumbList","@id":"https:\/\/www.navarroaubanell.com\/ca\/producte\/tamboret-toulouse-navarroaubanell\/#breadcrumb","itemListElement":[{"@type":"ListItem","position":1,"name":"Portada","item":"https:\/\/www.navarroaubanell.com\/ca\/"},{"@type":"ListItem","position":2,"name":"Productes","item":"https:\/\/www.navarroaubanell.com\/productos\/"},{"@type":"ListItem","position":3,"name":"Tamboret Toulouse"}]},{"@type":"WebSite","@id":"https:\/\/www.navarroaubanell.com\/ca\/#website","url":"https:\/\/www.navarroaubanell.com\/ca\/","name":"Navarro Aubanell","description":"Mobiliario para hoteler\u00eda, colectividades y oficinas","publisher":{"@id":"https:\/\/www.navarroaubanell.com\/ca\/#organization"},"potentialAction":[{"@type":"SearchAction","target":{"@type":"EntryPoint","urlTemplate":"https:\/\/www.navarroaubanell.com\/ca\/?s={search_term_string}"},"query-input":{"@type":"PropertyValueSpecification","valueRequired":true,"valueName":"search_term_string"}}],"inLanguage":"ca"},{"@type":"Organization","@id":"https:\/\/www.navarroaubanell.com\/ca\/#organization","name":"COMERCIAL NAVARRO AUBANELL, S.A","url":"https:\/\/www.navarroaubanell.com\/ca\/","logo":{"@type":"ImageObject","inLanguage":"ca","@id":"https:\/\/www.navarroaubanell.com\/ca\/#\/schema\/logo\/image\/","url":"https:\/\/www.navarroaubanell.com\/wp-content\/uploads\/2017\/07\/logo-navarro-aubuanell.png","contentUrl":"https:\/\/www.navarroaubanell.com\/wp-content\/uploads\/2017\/07\/logo-navarro-aubuanell.png","width":6304,"height":1154,"caption":"COMERCIAL NAVARRO AUBANELL, S.A"},"image":{"@id":"https:\/\/www.navarroaubanell.com\/ca\/#\/schema\/logo\/image\/"}}]}},"_links":{"self":[{"href":"https:\/\/www.navarroaubanell.com\/ca\/wp-json\/wp\/v2\/product\/38443","targetHints":{"allow":["GET"]}}],"collection":[{"href":"https:\/\/www.navarroaubanell.com\/ca\/wp-json\/wp\/v2\/product"}],"about":[{"href":"https:\/\/www.navarroaubanell.com\/ca\/wp-json\/wp\/v2\/types\/product"}],"wp:featuredmedia":[{"embeddable":true,"href":"https:\/\/www.navarroaubanell.com\/ca\/wp-json\/wp\/v2\/media\/38425"}],"wp:attachment":[{"href":"https:\/\/www.navarroaubanell.com\/ca\/wp-json\/wp\/v2\/media?parent=38443"}],"wp:term":[{"taxonomy":"product_brand","embeddable":true,"href":"https:\/\/www.navarroaubanell.com\/ca\/wp-json\/wp\/v2\/product_brand?post=38443"},{"taxonomy":"product_cat","embeddable":true,"href":"https:\/\/www.navarroaubanell.com\/ca\/wp-json\/wp\/v2\/product_cat?post=38443"},{"taxonomy":"product_tag","embeddable":true,"href":"https:\/\/www.navarroaubanell.com\/ca\/wp-json\/wp\/v2\/product_tag?post=38443"}],"curies":[{"name":"wp","href":"https:\/\/api.w.org\/{rel}","templated":true}]}}