{"id":38421,"date":"2024-09-20T11:15:54","date_gmt":"2024-09-20T09:15:54","guid":{"rendered":"https:\/\/www.navarroaubanell.com\/producto\/silla-toulouse-navarroaubanell\/"},"modified":"2024-09-20T11:53:01","modified_gmt":"2024-09-20T09:53:01","slug":"cadira-toulouse-navarroaubanell","status":"publish","type":"product","link":"https:\/\/www.navarroaubanell.com\/ca\/producte\/cadira-toulouse-navarroaubanell\/","title":{"rendered":"Cadira Toulouse"},"content":{"rendered":"<h5>Cadira Toulouse: Estil Parisenc amb Versatilitat<\/h5>\n<div class=\"traductor-textarea form-group\">\n<div class=\"textarea-desti col-xs-12 col-sm-6\">\n<div class=\"form-control second-textarea\">La cadira Toulouse destaca pel seu estil parisenc i la seva versatilitat, la qual cosa la fa ideal tant per a exteriors com per a interiors. El seu disseny elegant i atemporal \u00e9s perfecte per a lluir en terrasses de restaurants o jardins, per\u00f2 tamb\u00e9 s&#8217;adapta f\u00e0cilment a interiors com a cafeteries o salons. A m\u00e9s, compta amb un <a href=\"https:\/\/www.navarroaubanell.com\/ca\/producte\/tamboret-toulouse-navarroaubanell\/\">tamboret<\/a> a joc, la qual cosa permet crear una harmonia visual en diferents espais.<\/div>\n<\/div>\n<\/div>\n<h6>Materials i Acabats<\/h6>\n<div class=\"traductor-textarea form-group\">\n<div class=\"textarea-desti col-xs-12 col-sm-6\">\n<div class=\"form-control second-textarea\">L&#8217;estructura de la cadira Toulouse est\u00e0 fabricada en alumini pintat, disponible en dos colors: deco bamb\u00fa i deco noguera, la qual cosa assegura una fusi\u00f3 perfecta amb qualsevol ambient decoratiu. El seient i el respatller estan disponibles en diversos acabats:<\/div>\n<\/div>\n<\/div>\n<ul>\n<li><strong>Textilene<\/strong>: Colors latte o negr.<\/li>\n<li><strong>Textilene Uno<\/strong>: Combinacions blau-blanc, negre-blanc, verd-blanc o vermell-blanc<\/li>\n<li><strong>Trenzado<\/strong>: Opcions en color volc\u00e0, marr\u00f3-crema, negre-crema, verd-crema o vermell-crema.<\/li>\n<\/ul>\n<div class=\"traductor-textarea form-group\">\n<div class=\"textarea-desti col-xs-12 col-sm-6\">\n<div class=\"form-control second-textarea\">Aquests acabats permeten una personalitzaci\u00f3 total, oferint opcions que s&#8217;ajusten tant a estils moderns com cl\u00e0ssics.<\/div>\n<\/div>\n<\/div>\n<h6>Funcionalitat i Comoditat<\/h6>\n<div class=\"traductor-textarea form-group\">\n<div class=\"textarea-desti col-xs-12 col-sm-6\">\n<div class=\"form-control second-textarea\">La cadira Toulouse no sols \u00e9s elegant, sin\u00f3 tamb\u00e9 pr\u00e0ctica. \u00c9s una cadira apilable, la qual cosa facilita el seu emmagatzematge, ideal per a locals d&#8217;hostaleria que busquen optimitzar espai sense sacrificar estil. Amb una estructura resistent i acabats duradors, \u00e9s una opci\u00f3 perfecta per a qualsevol projecte que busqui combinar est\u00e8tica i funcionalitat.<\/div>\n<\/div>\n<\/div>\n<div class=\"traductor-checkbox form-group\">\n<div class=\"row\">\n<div class=\"col-sm-offset-2 col-sm-5\"><\/div>\n<\/div>\n<\/div>\n","protected":false},"excerpt":{"rendered":"<p>Cadira Toulouse: Estil Parisenc amb Versatilitat La cadira Toulouse destaca pel seu estil parisenc i la seva versatilitat, la qual cosa la fa ideal tant per a exteriors com per a interiors. El seu disseny elegant i atemporal \u00e9s perfecte per a lluir en terrasses de restaurants o jardins, per\u00f2 tamb\u00e9 s&#8217;adapta f\u00e0cilment a interiors&hellip;<\/p>\n","protected":false},"featured_media":38399,"template":"","meta":{"_acf_changed":false},"product_brand":[],"product_cat":[572,563],"product_tag":[992,587,863,1351,664,1346,1367,1344],"class_list":{"0":"post-38421","1":"product","2":"type-product","3":"status-publish","4":"has-post-thumbnail","6":"product_cat-cadires-exterior","7":"product_cat-exterior-ca","8":"product_tag-aluminio-ca","9":"product_tag-apilable-ca","10":"product_tag-cadira","11":"product_tag-exteiror-ca","12":"product_tag-interior-ca","13":"product_tag-textilene-ca","14":"product_tag-toulouse-ca","15":"product_tag-trenzado-ca","16":"description-off","18":"first","19":"instock","20":"shipping-taxable","21":"product-type-simple"},"acf":[],"yoast_head":"<!-- This site is optimized with the Yoast SEO plugin v27.5 - https:\/\/yoast.com\/product\/yoast-seo-wordpress\/ -->\n<title>Cadira Toulouse - Navarro Aubanell<\/title>\n<meta name=\"description\" content=\"Cadira Toulouse, estil parisenc vers\u00e0til, ideal per a exteriors i interiors. Estructura apilable en alumini, amb seient i respatller personalitzables.\" \/>\n<meta name=\"robots\" content=\"index, follow, max-snippet:-1, max-image-preview:large, max-video-preview:-1\" \/>\n<link rel=\"canonical\" href=\"https:\/\/www.navarroaubanell.com\/ca\/producte\/cadira-toulouse-navarroaubanell\/\" \/>\n<meta property=\"og:locale\" content=\"ca_ES\" \/>\n<meta property=\"og:type\" content=\"article\" \/>\n<meta property=\"og:title\" content=\"Cadira Toulouse - Navarro Aubanell\" \/>\n<meta property=\"og:description\" content=\"Cadira Toulouse, estil parisenc vers\u00e0til, ideal per a exteriors i interiors. Estructura apilable en alumini, amb seient i respatller personalitzables.\" \/>\n<meta property=\"og:url\" content=\"https:\/\/www.navarroaubanell.com\/ca\/producte\/cadira-toulouse-navarroaubanell\/\" \/>\n<meta property=\"og:site_name\" content=\"Navarro Aubanell\" \/>\n<meta property=\"article:modified_time\" content=\"2024-09-20T09:53:01+00:00\" \/>\n<meta property=\"og:image\" content=\"https:\/\/www.navarroaubanell.com\/wp-content\/uploads\/2024\/09\/3-9.jpg\" \/>\n\t<meta property=\"og:image:width\" content=\"800\" \/>\n\t<meta property=\"og:image:height\" content=\"650\" \/>\n\t<meta property=\"og:image:type\" content=\"image\/jpeg\" \/>\n<meta name=\"twitter:label1\" content=\"Est. reading time\" \/>\n\t<meta name=\"twitter:data1\" content=\"2 minutes\" \/>\n<script type=\"application\/ld+json\" class=\"yoast-schema-graph\">{\"@context\":\"https:\\\/\\\/schema.org\",\"@graph\":[{\"@type\":\"WebPage\",\"@id\":\"https:\\\/\\\/www.navarroaubanell.com\\\/ca\\\/producte\\\/cadira-toulouse-navarroaubanell\\\/\",\"url\":\"https:\\\/\\\/www.navarroaubanell.com\\\/ca\\\/producte\\\/cadira-toulouse-navarroaubanell\\\/\",\"name\":\"Cadira Toulouse - Navarro Aubanell\",\"isPartOf\":{\"@id\":\"https:\\\/\\\/www.navarroaubanell.com\\\/ca\\\/#website\"},\"primaryImageOfPage\":{\"@id\":\"https:\\\/\\\/www.navarroaubanell.com\\\/ca\\\/producte\\\/cadira-toulouse-navarroaubanell\\\/#primaryimage\"},\"image\":{\"@id\":\"https:\\\/\\\/www.navarroaubanell.com\\\/ca\\\/producte\\\/cadira-toulouse-navarroaubanell\\\/#primaryimage\"},\"thumbnailUrl\":\"https:\\\/\\\/www.navarroaubanell.com\\\/wp-content\\\/uploads\\\/2024\\\/09\\\/3-9.jpg\",\"datePublished\":\"2024-09-20T09:15:54+00:00\",\"dateModified\":\"2024-09-20T09:53:01+00:00\",\"description\":\"Cadira Toulouse, estil parisenc vers\u00e0til, ideal per a exteriors i interiors. Estructura apilable en alumini, amb seient i respatller personalitzables.\",\"breadcrumb\":{\"@id\":\"https:\\\/\\\/www.navarroaubanell.com\\\/ca\\\/producte\\\/cadira-toulouse-navarroaubanell\\\/#breadcrumb\"},\"inLanguage\":\"ca\",\"potentialAction\":[{\"@type\":\"ReadAction\",\"target\":[\"https:\\\/\\\/www.navarroaubanell.com\\\/ca\\\/producte\\\/cadira-toulouse-navarroaubanell\\\/\"]}]},{\"@type\":\"ImageObject\",\"inLanguage\":\"ca\",\"@id\":\"https:\\\/\\\/www.navarroaubanell.com\\\/ca\\\/producte\\\/cadira-toulouse-navarroaubanell\\\/#primaryimage\",\"url\":\"https:\\\/\\\/www.navarroaubanell.com\\\/wp-content\\\/uploads\\\/2024\\\/09\\\/3-9.jpg\",\"contentUrl\":\"https:\\\/\\\/www.navarroaubanell.com\\\/wp-content\\\/uploads\\\/2024\\\/09\\\/3-9.jpg\",\"width\":800,\"height\":650,\"caption\":\"Silla Toulouse con estructura color deco bamb\u00fa y asiento y respaldo textilene uno en negro y blanco\"},{\"@type\":\"BreadcrumbList\",\"@id\":\"https:\\\/\\\/www.navarroaubanell.com\\\/ca\\\/producte\\\/cadira-toulouse-navarroaubanell\\\/#breadcrumb\",\"itemListElement\":[{\"@type\":\"ListItem\",\"position\":1,\"name\":\"Portada\",\"item\":\"https:\\\/\\\/www.navarroaubanell.com\\\/ca\\\/\"},{\"@type\":\"ListItem\",\"position\":2,\"name\":\"Productes\",\"item\":\"https:\\\/\\\/www.navarroaubanell.com\\\/productos\\\/\"},{\"@type\":\"ListItem\",\"position\":3,\"name\":\"Cadira Toulouse\"}]},{\"@type\":\"WebSite\",\"@id\":\"https:\\\/\\\/www.navarroaubanell.com\\\/ca\\\/#website\",\"url\":\"https:\\\/\\\/www.navarroaubanell.com\\\/ca\\\/\",\"name\":\"Navarro Aubanell\",\"description\":\"Mobiliario para hoteler\u00eda, colectividades y oficinas\",\"publisher\":{\"@id\":\"https:\\\/\\\/www.navarroaubanell.com\\\/ca\\\/#organization\"},\"potentialAction\":[{\"@type\":\"SearchAction\",\"target\":{\"@type\":\"EntryPoint\",\"urlTemplate\":\"https:\\\/\\\/www.navarroaubanell.com\\\/ca\\\/?s={search_term_string}\"},\"query-input\":{\"@type\":\"PropertyValueSpecification\",\"valueRequired\":true,\"valueName\":\"search_term_string\"}}],\"inLanguage\":\"ca\"},{\"@type\":\"Organization\",\"@id\":\"https:\\\/\\\/www.navarroaubanell.com\\\/ca\\\/#organization\",\"name\":\"COMERCIAL NAVARRO AUBANELL, S.A\",\"url\":\"https:\\\/\\\/www.navarroaubanell.com\\\/ca\\\/\",\"logo\":{\"@type\":\"ImageObject\",\"inLanguage\":\"ca\",\"@id\":\"https:\\\/\\\/www.navarroaubanell.com\\\/ca\\\/#\\\/schema\\\/logo\\\/image\\\/\",\"url\":\"https:\\\/\\\/www.navarroaubanell.com\\\/wp-content\\\/uploads\\\/2017\\\/07\\\/logo-navarro-aubuanell.png\",\"contentUrl\":\"https:\\\/\\\/www.navarroaubanell.com\\\/wp-content\\\/uploads\\\/2017\\\/07\\\/logo-navarro-aubuanell.png\",\"width\":6304,\"height\":1154,\"caption\":\"COMERCIAL NAVARRO AUBANELL, S.A\"},\"image\":{\"@id\":\"https:\\\/\\\/www.navarroaubanell.com\\\/ca\\\/#\\\/schema\\\/logo\\\/image\\\/\"}}]}<\/script>\n<!-- \/ Yoast SEO plugin. -->","yoast_head_json":{"title":"Cadira Toulouse - Navarro Aubanell","description":"Cadira Toulouse, estil parisenc vers\u00e0til, ideal per a exteriors i interiors. Estructura apilable en alumini, amb seient i respatller personalitzables.","robots":{"index":"index","follow":"follow","max-snippet":"max-snippet:-1","max-image-preview":"max-image-preview:large","max-video-preview":"max-video-preview:-1"},"canonical":"https:\/\/www.navarroaubanell.com\/ca\/producte\/cadira-toulouse-navarroaubanell\/","og_locale":"ca_ES","og_type":"article","og_title":"Cadira Toulouse - Navarro Aubanell","og_description":"Cadira Toulouse, estil parisenc vers\u00e0til, ideal per a exteriors i interiors. Estructura apilable en alumini, amb seient i respatller personalitzables.","og_url":"https:\/\/www.navarroaubanell.com\/ca\/producte\/cadira-toulouse-navarroaubanell\/","og_site_name":"Navarro Aubanell","article_modified_time":"2024-09-20T09:53:01+00:00","og_image":[{"width":800,"height":650,"url":"https:\/\/www.navarroaubanell.com\/wp-content\/uploads\/2024\/09\/3-9.jpg","type":"image\/jpeg"}],"twitter_misc":{"Est. reading time":"2 minutes"},"schema":{"@context":"https:\/\/schema.org","@graph":[{"@type":"WebPage","@id":"https:\/\/www.navarroaubanell.com\/ca\/producte\/cadira-toulouse-navarroaubanell\/","url":"https:\/\/www.navarroaubanell.com\/ca\/producte\/cadira-toulouse-navarroaubanell\/","name":"Cadira Toulouse - Navarro Aubanell","isPartOf":{"@id":"https:\/\/www.navarroaubanell.com\/ca\/#website"},"primaryImageOfPage":{"@id":"https:\/\/www.navarroaubanell.com\/ca\/producte\/cadira-toulouse-navarroaubanell\/#primaryimage"},"image":{"@id":"https:\/\/www.navarroaubanell.com\/ca\/producte\/cadira-toulouse-navarroaubanell\/#primaryimage"},"thumbnailUrl":"https:\/\/www.navarroaubanell.com\/wp-content\/uploads\/2024\/09\/3-9.jpg","datePublished":"2024-09-20T09:15:54+00:00","dateModified":"2024-09-20T09:53:01+00:00","description":"Cadira Toulouse, estil parisenc vers\u00e0til, ideal per a exteriors i interiors. Estructura apilable en alumini, amb seient i respatller personalitzables.","breadcrumb":{"@id":"https:\/\/www.navarroaubanell.com\/ca\/producte\/cadira-toulouse-navarroaubanell\/#breadcrumb"},"inLanguage":"ca","potentialAction":[{"@type":"ReadAction","target":["https:\/\/www.navarroaubanell.com\/ca\/producte\/cadira-toulouse-navarroaubanell\/"]}]},{"@type":"ImageObject","inLanguage":"ca","@id":"https:\/\/www.navarroaubanell.com\/ca\/producte\/cadira-toulouse-navarroaubanell\/#primaryimage","url":"https:\/\/www.navarroaubanell.com\/wp-content\/uploads\/2024\/09\/3-9.jpg","contentUrl":"https:\/\/www.navarroaubanell.com\/wp-content\/uploads\/2024\/09\/3-9.jpg","width":800,"height":650,"caption":"Silla Toulouse con estructura color deco bamb\u00fa y asiento y respaldo textilene uno en negro y blanco"},{"@type":"BreadcrumbList","@id":"https:\/\/www.navarroaubanell.com\/ca\/producte\/cadira-toulouse-navarroaubanell\/#breadcrumb","itemListElement":[{"@type":"ListItem","position":1,"name":"Portada","item":"https:\/\/www.navarroaubanell.com\/ca\/"},{"@type":"ListItem","position":2,"name":"Productes","item":"https:\/\/www.navarroaubanell.com\/productos\/"},{"@type":"ListItem","position":3,"name":"Cadira Toulouse"}]},{"@type":"WebSite","@id":"https:\/\/www.navarroaubanell.com\/ca\/#website","url":"https:\/\/www.navarroaubanell.com\/ca\/","name":"Navarro Aubanell","description":"Mobiliario para hoteler\u00eda, colectividades y oficinas","publisher":{"@id":"https:\/\/www.navarroaubanell.com\/ca\/#organization"},"potentialAction":[{"@type":"SearchAction","target":{"@type":"EntryPoint","urlTemplate":"https:\/\/www.navarroaubanell.com\/ca\/?s={search_term_string}"},"query-input":{"@type":"PropertyValueSpecification","valueRequired":true,"valueName":"search_term_string"}}],"inLanguage":"ca"},{"@type":"Organization","@id":"https:\/\/www.navarroaubanell.com\/ca\/#organization","name":"COMERCIAL NAVARRO AUBANELL, S.A","url":"https:\/\/www.navarroaubanell.com\/ca\/","logo":{"@type":"ImageObject","inLanguage":"ca","@id":"https:\/\/www.navarroaubanell.com\/ca\/#\/schema\/logo\/image\/","url":"https:\/\/www.navarroaubanell.com\/wp-content\/uploads\/2017\/07\/logo-navarro-aubuanell.png","contentUrl":"https:\/\/www.navarroaubanell.com\/wp-content\/uploads\/2017\/07\/logo-navarro-aubuanell.png","width":6304,"height":1154,"caption":"COMERCIAL NAVARRO AUBANELL, S.A"},"image":{"@id":"https:\/\/www.navarroaubanell.com\/ca\/#\/schema\/logo\/image\/"}}]}},"_links":{"self":[{"href":"https:\/\/www.navarroaubanell.com\/ca\/wp-json\/wp\/v2\/product\/38421","targetHints":{"allow":["GET"]}}],"collection":[{"href":"https:\/\/www.navarroaubanell.com\/ca\/wp-json\/wp\/v2\/product"}],"about":[{"href":"https:\/\/www.navarroaubanell.com\/ca\/wp-json\/wp\/v2\/types\/product"}],"wp:featuredmedia":[{"embeddable":true,"href":"https:\/\/www.navarroaubanell.com\/ca\/wp-json\/wp\/v2\/media\/38399"}],"wp:attachment":[{"href":"https:\/\/www.navarroaubanell.com\/ca\/wp-json\/wp\/v2\/media?parent=38421"}],"wp:term":[{"taxonomy":"product_brand","embeddable":true,"href":"https:\/\/www.navarroaubanell.com\/ca\/wp-json\/wp\/v2\/product_brand?post=38421"},{"taxonomy":"product_cat","embeddable":true,"href":"https:\/\/www.navarroaubanell.com\/ca\/wp-json\/wp\/v2\/product_cat?post=38421"},{"taxonomy":"product_tag","embeddable":true,"href":"https:\/\/www.navarroaubanell.com\/ca\/wp-json\/wp\/v2\/product_tag?post=38421"}],"curies":[{"name":"wp","href":"https:\/\/api.w.org\/{rel}","templated":true}]}}