{"id":38269,"date":"2024-09-19T11:46:01","date_gmt":"2024-09-19T09:46:01","guid":{"rendered":"https:\/\/www.navarroaubanell.com\/producto\/sillon-indonesia-navarroaubanell\/"},"modified":"2024-09-19T12:24:42","modified_gmt":"2024-09-19T10:24:42","slug":"cadira-de-bracos-indonesia-navarroaubanell","status":"publish","type":"product","link":"https:\/\/www.navarroaubanell.com\/ca\/producte\/cadira-de-bracos-indonesia-navarroaubanell\/","title":{"rendered":"Cadira de bra\u00e7os Indonesia"},"content":{"rendered":"<h5>Eleg\u00e0ncia Colonial amb un Toc Parisenc<\/h5>\n<div class=\"traductor-textarea form-group\">\n<div class=\"textarea-desti col-xs-12 col-sm-6\">\n<div class=\"form-control second-textarea\">La cadira de bra\u00e7os Indonesia \u00e9s una pe\u00e7a robusta que combina l&#8217;eleg\u00e0ncia de l&#8217;estil colonial amb el refinament de l&#8217;estil parisenc en els seus acabats. Dissenyada per a destacar tant en exteriors com en interiors, \u00e9s ideal per a ambients vintage que evoquen els inicis de l&#8217;hostaleria. A m\u00e9s, Indonesia es complementa amb un <a href=\"https:\/\/www.navarroaubanell.com\/ca\/producte\/tamboret-indonesia-navarroaubanell\/\">tamboret<\/a> a joc, oferint una soluci\u00f3 completa per a crear espais acollidors i funcionals.<\/div>\n<\/div>\n<\/div>\n<h6>Materials i Acabats<\/h6>\n<div class=\"traductor-textarea form-group\">\n<div class=\"textarea-desti col-xs-12 col-sm-6\">\n<div class=\"form-control second-textarea\">Pensat per a suportar diversos agents climatol\u00f2gics de l&#8217;exterior, la cadira de bra\u00e7os Indonesia presenta una estructura d&#8217;alumini pintat en dos colors neutres: roure natural i bamb\u00fa. Aquests tons vers\u00e0tils permeten que la cadira de bra\u00e7os s&#8217;integri a la perfecci\u00f3 en diferents estils decoratius.<\/div>\n<\/div>\n<\/div>\n<h6>Opcions d&#8217;Acabats<\/h6>\n<ul>\n<li><strong>Textilene<\/strong>:\n<ul>\n<li>Soho<\/li>\n<li>Latte<\/li>\n<li>Negre<\/li>\n<\/ul>\n<\/li>\n<li><strong>Textilene Uno<\/strong>:\n<ul>\n<li>Negre-Blanc<\/li>\n<li>Blau-Blanc<\/li>\n<li>Verd-Blanc<\/li>\n<li>Vermell-Blanc<\/li>\n<\/ul>\n<\/li>\n<li><strong>Textilene Duo<\/strong>:\n<ul>\n<li>Blau-Blanc<\/li>\n<li>Negre-Crema<\/li>\n<li>Verd-Crema<\/li>\n<li>Vermell-Crema<\/li>\n<\/ul>\n<\/li>\n<li><strong>Trenzado<\/strong>:\n<ul>\n<li>Negr-Crema<\/li>\n<li>Verd-Crema<\/li>\n<li>Vermell-Crema<\/li>\n<\/ul>\n<\/li>\n<\/ul>\n<h6>Funcionalitat i Versatilitat<\/h6>\n<p>A m\u00e9s del seu disseny est\u00e8tic i durador, Indonesia \u00e9s apilable, la qual cosa facilita el seu emmagatzematge, fent-la ideal per a locals amb alta rotaci\u00f3 de clients. La seva robustesa i estil refinat la converteixen en una elecci\u00f3 excel\u00b7lent per a qualsevol entorn que busqui un toc de sofisticaci\u00f3 i funcionalitat.<\/p>\n<p>La cadira de bra\u00e7os Indonesia combina estil i practicitat, oferint una soluci\u00f3 elegant i adaptable per a diferents espais.<\/p>\n","protected":false},"excerpt":{"rendered":"<p>Eleg\u00e0ncia Colonial amb un Toc Parisenc La cadira de bra\u00e7os Indonesia \u00e9s una pe\u00e7a robusta que combina l&#8217;eleg\u00e0ncia de l&#8217;estil colonial amb el refinament de l&#8217;estil parisenc en els seus acabats. Dissenyada per a destacar tant en exteriors com en interiors, \u00e9s ideal per a ambients vintage que evoquen els inicis de l&#8217;hostaleria. A m\u00e9s,&hellip;<\/p>\n","protected":false},"featured_media":38239,"template":"","meta":{"_acf_changed":false},"product_brand":[],"product_cat":[573,563],"product_tag":[992,587,749,640,1131,1346,1344],"class_list":{"0":"post-38269","1":"product","2":"type-product","3":"status-publish","4":"has-post-thumbnail","6":"product_cat-cadires-de-bracos-exterior","7":"product_cat-exterior-ca","8":"product_tag-aluminio-ca","9":"product_tag-apilable-ca","10":"product_tag-cadira-de-barcos","11":"product_tag-exterior-ca","12":"product_tag-indonesia-ca","13":"product_tag-textilene-ca","14":"product_tag-trenzado-ca","15":"description-off","17":"first","18":"instock","19":"shipping-taxable","20":"product-type-simple"},"acf":[],"yoast_head":"<!-- This site is optimized with the Yoast SEO plugin v27.0 - https:\/\/yoast.com\/product\/yoast-seo-wordpress\/ -->\n<title>Cadira de bra\u00e7os Indonesia - Navarro Aubanell<\/title>\n<meta name=\"description\" content=\"Cadira de bra\u00e7os Indonesia: estil colonial i parisenc, apilable, amb estructura en roure natural o bamb\u00fa, diferents acabats en el suport. Per a exteriors.\" \/>\n<meta name=\"robots\" content=\"index, follow, max-snippet:-1, max-image-preview:large, max-video-preview:-1\" \/>\n<link rel=\"canonical\" href=\"https:\/\/www.navarroaubanell.com\/ca\/producte\/cadira-de-bracos-indonesia-navarroaubanell\/\" \/>\n<meta property=\"og:locale\" content=\"ca_ES\" \/>\n<meta property=\"og:type\" content=\"article\" \/>\n<meta property=\"og:title\" content=\"Cadira de bra\u00e7os Indonesia - Navarro Aubanell\" \/>\n<meta property=\"og:description\" content=\"Cadira de bra\u00e7os Indonesia: estil colonial i parisenc, apilable, amb estructura en roure natural o bamb\u00fa, diferents acabats en el suport. Per a exteriors.\" \/>\n<meta property=\"og:url\" content=\"https:\/\/www.navarroaubanell.com\/ca\/producte\/cadira-de-bracos-indonesia-navarroaubanell\/\" \/>\n<meta property=\"og:site_name\" content=\"Navarro Aubanell\" \/>\n<meta property=\"article:modified_time\" content=\"2024-09-19T10:24:42+00:00\" \/>\n<meta property=\"og:image\" content=\"https:\/\/www.navarroaubanell.com\/wp-content\/uploads\/2024\/09\/5.jpg\" \/>\n\t<meta property=\"og:image:width\" content=\"800\" \/>\n\t<meta property=\"og:image:height\" content=\"650\" \/>\n\t<meta property=\"og:image:type\" content=\"image\/jpeg\" \/>\n<meta name=\"twitter:label1\" content=\"Est. reading time\" \/>\n\t<meta name=\"twitter:data1\" content=\"2 minutes\" \/>\n<script type=\"application\/ld+json\" class=\"yoast-schema-graph\">{\"@context\":\"https:\/\/schema.org\",\"@graph\":[{\"@type\":\"WebPage\",\"@id\":\"https:\/\/www.navarroaubanell.com\/ca\/producte\/cadira-de-bracos-indonesia-navarroaubanell\/\",\"url\":\"https:\/\/www.navarroaubanell.com\/ca\/producte\/cadira-de-bracos-indonesia-navarroaubanell\/\",\"name\":\"Cadira de bra\u00e7os Indonesia - Navarro Aubanell\",\"isPartOf\":{\"@id\":\"https:\/\/www.navarroaubanell.com\/ca\/#website\"},\"primaryImageOfPage\":{\"@id\":\"https:\/\/www.navarroaubanell.com\/ca\/producte\/cadira-de-bracos-indonesia-navarroaubanell\/#primaryimage\"},\"image\":{\"@id\":\"https:\/\/www.navarroaubanell.com\/ca\/producte\/cadira-de-bracos-indonesia-navarroaubanell\/#primaryimage\"},\"thumbnailUrl\":\"https:\/\/www.navarroaubanell.com\/wp-content\/uploads\/2024\/09\/5.jpg\",\"datePublished\":\"2024-09-19T09:46:01+00:00\",\"dateModified\":\"2024-09-19T10:24:42+00:00\",\"description\":\"Cadira de bra\u00e7os Indonesia: estil colonial i parisenc, apilable, amb estructura en roure natural o bamb\u00fa, diferents acabats en el suport. Per a exteriors.\",\"breadcrumb\":{\"@id\":\"https:\/\/www.navarroaubanell.com\/ca\/producte\/cadira-de-bracos-indonesia-navarroaubanell\/#breadcrumb\"},\"inLanguage\":\"ca\",\"potentialAction\":[{\"@type\":\"ReadAction\",\"target\":[\"https:\/\/www.navarroaubanell.com\/ca\/producte\/cadira-de-bracos-indonesia-navarroaubanell\/\"]}]},{\"@type\":\"ImageObject\",\"inLanguage\":\"ca\",\"@id\":\"https:\/\/www.navarroaubanell.com\/ca\/producte\/cadira-de-bracos-indonesia-navarroaubanell\/#primaryimage\",\"url\":\"https:\/\/www.navarroaubanell.com\/wp-content\/uploads\/2024\/09\/5.jpg\",\"contentUrl\":\"https:\/\/www.navarroaubanell.com\/wp-content\/uploads\/2024\/09\/5.jpg\",\"width\":800,\"height\":650,\"caption\":\"Cadira de bra\u00e7os Indonesia con estructura color bamb\u00fa y acabado textilene soho\"},{\"@type\":\"BreadcrumbList\",\"@id\":\"https:\/\/www.navarroaubanell.com\/ca\/producte\/cadira-de-bracos-indonesia-navarroaubanell\/#breadcrumb\",\"itemListElement\":[{\"@type\":\"ListItem\",\"position\":1,\"name\":\"Portada\",\"item\":\"https:\/\/www.navarroaubanell.com\/ca\/\"},{\"@type\":\"ListItem\",\"position\":2,\"name\":\"Productes\",\"item\":\"https:\/\/www.navarroaubanell.com\/productos\/\"},{\"@type\":\"ListItem\",\"position\":3,\"name\":\"Cadira de bra\u00e7os Indonesia\"}]},{\"@type\":\"WebSite\",\"@id\":\"https:\/\/www.navarroaubanell.com\/ca\/#website\",\"url\":\"https:\/\/www.navarroaubanell.com\/ca\/\",\"name\":\"Navarro Aubanell\",\"description\":\"Mobiliario para hoteler\u00eda, colectividades y oficinas\",\"publisher\":{\"@id\":\"https:\/\/www.navarroaubanell.com\/ca\/#organization\"},\"potentialAction\":[{\"@type\":\"SearchAction\",\"target\":{\"@type\":\"EntryPoint\",\"urlTemplate\":\"https:\/\/www.navarroaubanell.com\/ca\/?s={search_term_string}\"},\"query-input\":{\"@type\":\"PropertyValueSpecification\",\"valueRequired\":true,\"valueName\":\"search_term_string\"}}],\"inLanguage\":\"ca\"},{\"@type\":\"Organization\",\"@id\":\"https:\/\/www.navarroaubanell.com\/ca\/#organization\",\"name\":\"COMERCIAL NAVARRO AUBANELL, S.A\",\"url\":\"https:\/\/www.navarroaubanell.com\/ca\/\",\"logo\":{\"@type\":\"ImageObject\",\"inLanguage\":\"ca\",\"@id\":\"https:\/\/www.navarroaubanell.com\/ca\/#\/schema\/logo\/image\/\",\"url\":\"https:\/\/www.navarroaubanell.com\/wp-content\/uploads\/2017\/07\/logo-navarro-aubuanell.png\",\"contentUrl\":\"https:\/\/www.navarroaubanell.com\/wp-content\/uploads\/2017\/07\/logo-navarro-aubuanell.png\",\"width\":6304,\"height\":1154,\"caption\":\"COMERCIAL NAVARRO AUBANELL, S.A\"},\"image\":{\"@id\":\"https:\/\/www.navarroaubanell.com\/ca\/#\/schema\/logo\/image\/\"}}]}<\/script>\n<!-- \/ Yoast SEO plugin. -->","yoast_head_json":{"title":"Cadira de bra\u00e7os Indonesia - Navarro Aubanell","description":"Cadira de bra\u00e7os Indonesia: estil colonial i parisenc, apilable, amb estructura en roure natural o bamb\u00fa, diferents acabats en el suport. Per a exteriors.","robots":{"index":"index","follow":"follow","max-snippet":"max-snippet:-1","max-image-preview":"max-image-preview:large","max-video-preview":"max-video-preview:-1"},"canonical":"https:\/\/www.navarroaubanell.com\/ca\/producte\/cadira-de-bracos-indonesia-navarroaubanell\/","og_locale":"ca_ES","og_type":"article","og_title":"Cadira de bra\u00e7os Indonesia - Navarro Aubanell","og_description":"Cadira de bra\u00e7os Indonesia: estil colonial i parisenc, apilable, amb estructura en roure natural o bamb\u00fa, diferents acabats en el suport. Per a exteriors.","og_url":"https:\/\/www.navarroaubanell.com\/ca\/producte\/cadira-de-bracos-indonesia-navarroaubanell\/","og_site_name":"Navarro Aubanell","article_modified_time":"2024-09-19T10:24:42+00:00","og_image":[{"width":800,"height":650,"url":"https:\/\/www.navarroaubanell.com\/wp-content\/uploads\/2024\/09\/5.jpg","type":"image\/jpeg"}],"twitter_misc":{"Est. reading time":"2 minutes"},"schema":{"@context":"https:\/\/schema.org","@graph":[{"@type":"WebPage","@id":"https:\/\/www.navarroaubanell.com\/ca\/producte\/cadira-de-bracos-indonesia-navarroaubanell\/","url":"https:\/\/www.navarroaubanell.com\/ca\/producte\/cadira-de-bracos-indonesia-navarroaubanell\/","name":"Cadira de bra\u00e7os Indonesia - Navarro Aubanell","isPartOf":{"@id":"https:\/\/www.navarroaubanell.com\/ca\/#website"},"primaryImageOfPage":{"@id":"https:\/\/www.navarroaubanell.com\/ca\/producte\/cadira-de-bracos-indonesia-navarroaubanell\/#primaryimage"},"image":{"@id":"https:\/\/www.navarroaubanell.com\/ca\/producte\/cadira-de-bracos-indonesia-navarroaubanell\/#primaryimage"},"thumbnailUrl":"https:\/\/www.navarroaubanell.com\/wp-content\/uploads\/2024\/09\/5.jpg","datePublished":"2024-09-19T09:46:01+00:00","dateModified":"2024-09-19T10:24:42+00:00","description":"Cadira de bra\u00e7os Indonesia: estil colonial i parisenc, apilable, amb estructura en roure natural o bamb\u00fa, diferents acabats en el suport. Per a exteriors.","breadcrumb":{"@id":"https:\/\/www.navarroaubanell.com\/ca\/producte\/cadira-de-bracos-indonesia-navarroaubanell\/#breadcrumb"},"inLanguage":"ca","potentialAction":[{"@type":"ReadAction","target":["https:\/\/www.navarroaubanell.com\/ca\/producte\/cadira-de-bracos-indonesia-navarroaubanell\/"]}]},{"@type":"ImageObject","inLanguage":"ca","@id":"https:\/\/www.navarroaubanell.com\/ca\/producte\/cadira-de-bracos-indonesia-navarroaubanell\/#primaryimage","url":"https:\/\/www.navarroaubanell.com\/wp-content\/uploads\/2024\/09\/5.jpg","contentUrl":"https:\/\/www.navarroaubanell.com\/wp-content\/uploads\/2024\/09\/5.jpg","width":800,"height":650,"caption":"Cadira de bra\u00e7os Indonesia con estructura color bamb\u00fa y acabado textilene soho"},{"@type":"BreadcrumbList","@id":"https:\/\/www.navarroaubanell.com\/ca\/producte\/cadira-de-bracos-indonesia-navarroaubanell\/#breadcrumb","itemListElement":[{"@type":"ListItem","position":1,"name":"Portada","item":"https:\/\/www.navarroaubanell.com\/ca\/"},{"@type":"ListItem","position":2,"name":"Productes","item":"https:\/\/www.navarroaubanell.com\/productos\/"},{"@type":"ListItem","position":3,"name":"Cadira de bra\u00e7os Indonesia"}]},{"@type":"WebSite","@id":"https:\/\/www.navarroaubanell.com\/ca\/#website","url":"https:\/\/www.navarroaubanell.com\/ca\/","name":"Navarro Aubanell","description":"Mobiliario para hoteler\u00eda, colectividades y oficinas","publisher":{"@id":"https:\/\/www.navarroaubanell.com\/ca\/#organization"},"potentialAction":[{"@type":"SearchAction","target":{"@type":"EntryPoint","urlTemplate":"https:\/\/www.navarroaubanell.com\/ca\/?s={search_term_string}"},"query-input":{"@type":"PropertyValueSpecification","valueRequired":true,"valueName":"search_term_string"}}],"inLanguage":"ca"},{"@type":"Organization","@id":"https:\/\/www.navarroaubanell.com\/ca\/#organization","name":"COMERCIAL NAVARRO AUBANELL, S.A","url":"https:\/\/www.navarroaubanell.com\/ca\/","logo":{"@type":"ImageObject","inLanguage":"ca","@id":"https:\/\/www.navarroaubanell.com\/ca\/#\/schema\/logo\/image\/","url":"https:\/\/www.navarroaubanell.com\/wp-content\/uploads\/2017\/07\/logo-navarro-aubuanell.png","contentUrl":"https:\/\/www.navarroaubanell.com\/wp-content\/uploads\/2017\/07\/logo-navarro-aubuanell.png","width":6304,"height":1154,"caption":"COMERCIAL NAVARRO AUBANELL, S.A"},"image":{"@id":"https:\/\/www.navarroaubanell.com\/ca\/#\/schema\/logo\/image\/"}}]}},"_links":{"self":[{"href":"https:\/\/www.navarroaubanell.com\/ca\/wp-json\/wp\/v2\/product\/38269","targetHints":{"allow":["GET"]}}],"collection":[{"href":"https:\/\/www.navarroaubanell.com\/ca\/wp-json\/wp\/v2\/product"}],"about":[{"href":"https:\/\/www.navarroaubanell.com\/ca\/wp-json\/wp\/v2\/types\/product"}],"wp:featuredmedia":[{"embeddable":true,"href":"https:\/\/www.navarroaubanell.com\/ca\/wp-json\/wp\/v2\/media\/38239"}],"wp:attachment":[{"href":"https:\/\/www.navarroaubanell.com\/ca\/wp-json\/wp\/v2\/media?parent=38269"}],"wp:term":[{"taxonomy":"product_brand","embeddable":true,"href":"https:\/\/www.navarroaubanell.com\/ca\/wp-json\/wp\/v2\/product_brand?post=38269"},{"taxonomy":"product_cat","embeddable":true,"href":"https:\/\/www.navarroaubanell.com\/ca\/wp-json\/wp\/v2\/product_cat?post=38269"},{"taxonomy":"product_tag","embeddable":true,"href":"https:\/\/www.navarroaubanell.com\/ca\/wp-json\/wp\/v2\/product_tag?post=38269"}],"curies":[{"name":"wp","href":"https:\/\/api.w.org\/{rel}","templated":true}]}}