{"id":37913,"date":"2024-09-17T09:38:13","date_gmt":"2024-09-17T07:38:13","guid":{"rendered":"https:\/\/www.navarroaubanell.com\/producto\/lounge-marsella-navarroaubanell\/"},"modified":"2024-09-17T09:45:10","modified_gmt":"2024-09-17T07:45:10","slug":"lounge-marsella-navarroaubanell","status":"publish","type":"product","link":"https:\/\/www.navarroaubanell.com\/ca\/producte\/lounge-marsella-navarroaubanell\/","title":{"rendered":"Lounge Marsella"},"content":{"rendered":"<h5>Marsella Lounge: Relaxa&#8217;t amb Estil i Comoditat<\/h5>\n<div class=\"traductor-textarea form-group\">\n<div class=\"textarea-desti col-xs-12 col-sm-6\">\n<div class=\"form-control second-textarea\">El lounge Marsella \u00e9s l&#8217;elecci\u00f3 ideal per als qui busquen combinar estil, qualitat i comoditat en els seus espais de relax. La seva estructura d&#8217;alumini pintat, disponible en negre o deco roure natural, ofereix una est\u00e8tica moderna i atemporal. Dissenyada per a suportar les condicions exteriors, la seva versatilitat tamb\u00e9 la converteix en una excel\u00b7lent opci\u00f3 per a interiors, aportant un aire fresc i acollidor.<\/div>\n<\/div>\n<\/div>\n<div class=\"traductor-checkbox form-group\">\n<div class=\"row\">\n<div class=\"col-sm-offset-2 col-sm-5\"><\/div>\n<\/div>\n<\/div>\n<p>Seguint l&#8217;estil de la <a href=\"https:\/\/www.navarroaubanell.com\/ca\/producte\/familia-marsella-navarroaubanell\/\">fam\u00edlia Marsella<\/a>, aquest lounge t\u00e9 una est\u00e8tica tropical refinada que invita a la tranquil\u00b7litat. \u00c9s ideal per a jardins, terrasses o qualsevol \u00e0ria on es busqui un atmosfera relaxada i sofisticada.<\/p>\n<h6>Comoditat i Estil en Cada Detall<\/h6>\n<p>El seient i el respatller del lounge Marsella estan fabricats en corda disponible en color gris o crema. Aquestes tonalitats, combinades amb l&#8217;estructura d&#8217;alumini, creen un ambient c\u00e0lid i modern.<\/p>\n<h6>Funcionalitat i Relaxaci\u00f3<\/h6>\n<div class=\"traductor-textarea form-group\">\n<div class=\"textarea-desti col-xs-12 col-sm-6\">\n<div class=\"form-control second-textarea\">A m\u00e9s de ser c\u00f2moda i elegant, Marsella \u00e9s apilable, la qual cosa facilita el seu emmagatzematge i permet aprofitar al m\u00e0xim l&#8217;espai. Aquesta caracter\u00edstica la converteix en una excel\u00b7lent opci\u00f3 per a entorns d&#8217;hostaleria o qualsevol lloc on l&#8217;efici\u00e8ncia i l&#8217;ordre siguin importants, sense deixar de costat l&#8217;ambient relaxat que es busca en una zona\u00a0Lounge.<\/div>\n<\/div>\n<\/div>\n<div class=\"traductor-checkbox form-group\">\n<div class=\"row\">\n<div class=\"col-sm-offset-2 col-sm-5\"><\/div>\n<\/div>\n<\/div>\n","protected":false},"excerpt":{"rendered":"<p>Marsella Lounge: Relaxa&#8217;t amb Estil i Comoditat El lounge Marsella \u00e9s l&#8217;elecci\u00f3 ideal per als qui busquen combinar estil, qualitat i comoditat en els seus espais de relax. La seva estructura d&#8217;alumini pintat, disponible en negre o deco roure natural, ofereix una est\u00e8tica moderna i atemporal. Dissenyada per a suportar les condicions exteriors, la seva&hellip;<\/p>\n","protected":false},"featured_media":37867,"template":"","meta":{"_acf_changed":false},"product_brand":[],"product_cat":[937,563],"product_tag":[992,587,1018,640,664,1216,964],"class_list":{"0":"post-37913","1":"product","2":"type-product","3":"status-publish","4":"has-post-thumbnail","6":"product_cat-butaques-ca-2","7":"product_cat-exterior-ca","8":"product_tag-aluminio-ca","9":"product_tag-apilable-ca","10":"product_tag-cuerda-ca","11":"product_tag-exterior-ca","12":"product_tag-interior-ca","13":"product_tag-lounge-ca","14":"product_tag-marsella-ca","15":"description-off","17":"first","18":"instock","19":"shipping-taxable","20":"product-type-simple"},"acf":[],"yoast_head":"<!-- This site is optimized with the Yoast SEO plugin v27.0 - https:\/\/yoast.com\/product\/yoast-seo-wordpress\/ -->\n<title>Lounge Marsella - Navarro Aubanell<\/title>\n<meta name=\"description\" content=\"El lounge Marsella ofereix estil i comoditat. Perfecte per a zones de descans tant en exteriors com en interiors, amb disseny apilable\" \/>\n<meta name=\"robots\" content=\"index, follow, max-snippet:-1, max-image-preview:large, max-video-preview:-1\" \/>\n<link rel=\"canonical\" href=\"https:\/\/www.navarroaubanell.com\/ca\/producte\/lounge-marsella-navarroaubanell\/\" \/>\n<meta property=\"og:locale\" content=\"ca_ES\" \/>\n<meta property=\"og:type\" content=\"article\" \/>\n<meta property=\"og:title\" content=\"Lounge Marsella - Navarro Aubanell\" \/>\n<meta property=\"og:description\" content=\"El lounge Marsella ofereix estil i comoditat. Perfecte per a zones de descans tant en exteriors com en interiors, amb disseny apilable\" \/>\n<meta property=\"og:url\" content=\"https:\/\/www.navarroaubanell.com\/ca\/producte\/lounge-marsella-navarroaubanell\/\" \/>\n<meta property=\"og:site_name\" content=\"Navarro Aubanell\" \/>\n<meta property=\"article:modified_time\" content=\"2024-09-17T07:45:10+00:00\" \/>\n<meta property=\"og:image\" content=\"https:\/\/www.navarroaubanell.com\/wp-content\/uploads\/2024\/09\/PROVENZA_Sofa1_Negro_CuerdaGris_ce.jpg\" \/>\n\t<meta property=\"og:image:width\" content=\"800\" \/>\n\t<meta property=\"og:image:height\" content=\"650\" \/>\n\t<meta property=\"og:image:type\" content=\"image\/jpeg\" \/>\n<meta name=\"twitter:label1\" content=\"Est. reading time\" \/>\n\t<meta name=\"twitter:data1\" content=\"2 minutes\" \/>\n<script type=\"application\/ld+json\" class=\"yoast-schema-graph\">{\"@context\":\"https:\/\/schema.org\",\"@graph\":[{\"@type\":\"WebPage\",\"@id\":\"https:\/\/www.navarroaubanell.com\/ca\/producte\/lounge-marsella-navarroaubanell\/\",\"url\":\"https:\/\/www.navarroaubanell.com\/ca\/producte\/lounge-marsella-navarroaubanell\/\",\"name\":\"Lounge Marsella - Navarro Aubanell\",\"isPartOf\":{\"@id\":\"https:\/\/www.navarroaubanell.com\/ca\/#website\"},\"primaryImageOfPage\":{\"@id\":\"https:\/\/www.navarroaubanell.com\/ca\/producte\/lounge-marsella-navarroaubanell\/#primaryimage\"},\"image\":{\"@id\":\"https:\/\/www.navarroaubanell.com\/ca\/producte\/lounge-marsella-navarroaubanell\/#primaryimage\"},\"thumbnailUrl\":\"https:\/\/www.navarroaubanell.com\/wp-content\/uploads\/2024\/09\/PROVENZA_Sofa1_Negro_CuerdaGris_ce.jpg\",\"datePublished\":\"2024-09-17T07:38:13+00:00\",\"dateModified\":\"2024-09-17T07:45:10+00:00\",\"description\":\"El lounge Marsella ofereix estil i comoditat. Perfecte per a zones de descans tant en exteriors com en interiors, amb disseny apilable\",\"breadcrumb\":{\"@id\":\"https:\/\/www.navarroaubanell.com\/ca\/producte\/lounge-marsella-navarroaubanell\/#breadcrumb\"},\"inLanguage\":\"ca\",\"potentialAction\":[{\"@type\":\"ReadAction\",\"target\":[\"https:\/\/www.navarroaubanell.com\/ca\/producte\/lounge-marsella-navarroaubanell\/\"]}]},{\"@type\":\"ImageObject\",\"inLanguage\":\"ca\",\"@id\":\"https:\/\/www.navarroaubanell.com\/ca\/producte\/lounge-marsella-navarroaubanell\/#primaryimage\",\"url\":\"https:\/\/www.navarroaubanell.com\/wp-content\/uploads\/2024\/09\/PROVENZA_Sofa1_Negro_CuerdaGris_ce.jpg\",\"contentUrl\":\"https:\/\/www.navarroaubanell.com\/wp-content\/uploads\/2024\/09\/PROVENZA_Sofa1_Negro_CuerdaGris_ce.jpg\",\"width\":800,\"height\":650,\"caption\":\"Lounge Marsella con estructura negra y cuerda gris\"},{\"@type\":\"BreadcrumbList\",\"@id\":\"https:\/\/www.navarroaubanell.com\/ca\/producte\/lounge-marsella-navarroaubanell\/#breadcrumb\",\"itemListElement\":[{\"@type\":\"ListItem\",\"position\":1,\"name\":\"Portada\",\"item\":\"https:\/\/www.navarroaubanell.com\/ca\/\"},{\"@type\":\"ListItem\",\"position\":2,\"name\":\"Productes\",\"item\":\"https:\/\/www.navarroaubanell.com\/productos\/\"},{\"@type\":\"ListItem\",\"position\":3,\"name\":\"Lounge Marsella\"}]},{\"@type\":\"WebSite\",\"@id\":\"https:\/\/www.navarroaubanell.com\/ca\/#website\",\"url\":\"https:\/\/www.navarroaubanell.com\/ca\/\",\"name\":\"Navarro Aubanell\",\"description\":\"Mobiliario para hoteler\u00eda, colectividades y oficinas\",\"publisher\":{\"@id\":\"https:\/\/www.navarroaubanell.com\/ca\/#organization\"},\"potentialAction\":[{\"@type\":\"SearchAction\",\"target\":{\"@type\":\"EntryPoint\",\"urlTemplate\":\"https:\/\/www.navarroaubanell.com\/ca\/?s={search_term_string}\"},\"query-input\":{\"@type\":\"PropertyValueSpecification\",\"valueRequired\":true,\"valueName\":\"search_term_string\"}}],\"inLanguage\":\"ca\"},{\"@type\":\"Organization\",\"@id\":\"https:\/\/www.navarroaubanell.com\/ca\/#organization\",\"name\":\"COMERCIAL NAVARRO AUBANELL, S.A\",\"url\":\"https:\/\/www.navarroaubanell.com\/ca\/\",\"logo\":{\"@type\":\"ImageObject\",\"inLanguage\":\"ca\",\"@id\":\"https:\/\/www.navarroaubanell.com\/ca\/#\/schema\/logo\/image\/\",\"url\":\"https:\/\/www.navarroaubanell.com\/wp-content\/uploads\/2017\/07\/logo-navarro-aubuanell.png\",\"contentUrl\":\"https:\/\/www.navarroaubanell.com\/wp-content\/uploads\/2017\/07\/logo-navarro-aubuanell.png\",\"width\":6304,\"height\":1154,\"caption\":\"COMERCIAL NAVARRO AUBANELL, S.A\"},\"image\":{\"@id\":\"https:\/\/www.navarroaubanell.com\/ca\/#\/schema\/logo\/image\/\"}}]}<\/script>\n<!-- \/ Yoast SEO plugin. -->","yoast_head_json":{"title":"Lounge Marsella - Navarro Aubanell","description":"El lounge Marsella ofereix estil i comoditat. Perfecte per a zones de descans tant en exteriors com en interiors, amb disseny apilable","robots":{"index":"index","follow":"follow","max-snippet":"max-snippet:-1","max-image-preview":"max-image-preview:large","max-video-preview":"max-video-preview:-1"},"canonical":"https:\/\/www.navarroaubanell.com\/ca\/producte\/lounge-marsella-navarroaubanell\/","og_locale":"ca_ES","og_type":"article","og_title":"Lounge Marsella - Navarro Aubanell","og_description":"El lounge Marsella ofereix estil i comoditat. Perfecte per a zones de descans tant en exteriors com en interiors, amb disseny apilable","og_url":"https:\/\/www.navarroaubanell.com\/ca\/producte\/lounge-marsella-navarroaubanell\/","og_site_name":"Navarro Aubanell","article_modified_time":"2024-09-17T07:45:10+00:00","og_image":[{"width":800,"height":650,"url":"https:\/\/www.navarroaubanell.com\/wp-content\/uploads\/2024\/09\/PROVENZA_Sofa1_Negro_CuerdaGris_ce.jpg","type":"image\/jpeg"}],"twitter_misc":{"Est. reading time":"2 minutes"},"schema":{"@context":"https:\/\/schema.org","@graph":[{"@type":"WebPage","@id":"https:\/\/www.navarroaubanell.com\/ca\/producte\/lounge-marsella-navarroaubanell\/","url":"https:\/\/www.navarroaubanell.com\/ca\/producte\/lounge-marsella-navarroaubanell\/","name":"Lounge Marsella - Navarro Aubanell","isPartOf":{"@id":"https:\/\/www.navarroaubanell.com\/ca\/#website"},"primaryImageOfPage":{"@id":"https:\/\/www.navarroaubanell.com\/ca\/producte\/lounge-marsella-navarroaubanell\/#primaryimage"},"image":{"@id":"https:\/\/www.navarroaubanell.com\/ca\/producte\/lounge-marsella-navarroaubanell\/#primaryimage"},"thumbnailUrl":"https:\/\/www.navarroaubanell.com\/wp-content\/uploads\/2024\/09\/PROVENZA_Sofa1_Negro_CuerdaGris_ce.jpg","datePublished":"2024-09-17T07:38:13+00:00","dateModified":"2024-09-17T07:45:10+00:00","description":"El lounge Marsella ofereix estil i comoditat. Perfecte per a zones de descans tant en exteriors com en interiors, amb disseny apilable","breadcrumb":{"@id":"https:\/\/www.navarroaubanell.com\/ca\/producte\/lounge-marsella-navarroaubanell\/#breadcrumb"},"inLanguage":"ca","potentialAction":[{"@type":"ReadAction","target":["https:\/\/www.navarroaubanell.com\/ca\/producte\/lounge-marsella-navarroaubanell\/"]}]},{"@type":"ImageObject","inLanguage":"ca","@id":"https:\/\/www.navarroaubanell.com\/ca\/producte\/lounge-marsella-navarroaubanell\/#primaryimage","url":"https:\/\/www.navarroaubanell.com\/wp-content\/uploads\/2024\/09\/PROVENZA_Sofa1_Negro_CuerdaGris_ce.jpg","contentUrl":"https:\/\/www.navarroaubanell.com\/wp-content\/uploads\/2024\/09\/PROVENZA_Sofa1_Negro_CuerdaGris_ce.jpg","width":800,"height":650,"caption":"Lounge Marsella con estructura negra y cuerda gris"},{"@type":"BreadcrumbList","@id":"https:\/\/www.navarroaubanell.com\/ca\/producte\/lounge-marsella-navarroaubanell\/#breadcrumb","itemListElement":[{"@type":"ListItem","position":1,"name":"Portada","item":"https:\/\/www.navarroaubanell.com\/ca\/"},{"@type":"ListItem","position":2,"name":"Productes","item":"https:\/\/www.navarroaubanell.com\/productos\/"},{"@type":"ListItem","position":3,"name":"Lounge Marsella"}]},{"@type":"WebSite","@id":"https:\/\/www.navarroaubanell.com\/ca\/#website","url":"https:\/\/www.navarroaubanell.com\/ca\/","name":"Navarro Aubanell","description":"Mobiliario para hoteler\u00eda, colectividades y oficinas","publisher":{"@id":"https:\/\/www.navarroaubanell.com\/ca\/#organization"},"potentialAction":[{"@type":"SearchAction","target":{"@type":"EntryPoint","urlTemplate":"https:\/\/www.navarroaubanell.com\/ca\/?s={search_term_string}"},"query-input":{"@type":"PropertyValueSpecification","valueRequired":true,"valueName":"search_term_string"}}],"inLanguage":"ca"},{"@type":"Organization","@id":"https:\/\/www.navarroaubanell.com\/ca\/#organization","name":"COMERCIAL NAVARRO AUBANELL, S.A","url":"https:\/\/www.navarroaubanell.com\/ca\/","logo":{"@type":"ImageObject","inLanguage":"ca","@id":"https:\/\/www.navarroaubanell.com\/ca\/#\/schema\/logo\/image\/","url":"https:\/\/www.navarroaubanell.com\/wp-content\/uploads\/2017\/07\/logo-navarro-aubuanell.png","contentUrl":"https:\/\/www.navarroaubanell.com\/wp-content\/uploads\/2017\/07\/logo-navarro-aubuanell.png","width":6304,"height":1154,"caption":"COMERCIAL NAVARRO AUBANELL, S.A"},"image":{"@id":"https:\/\/www.navarroaubanell.com\/ca\/#\/schema\/logo\/image\/"}}]}},"_links":{"self":[{"href":"https:\/\/www.navarroaubanell.com\/ca\/wp-json\/wp\/v2\/product\/37913","targetHints":{"allow":["GET"]}}],"collection":[{"href":"https:\/\/www.navarroaubanell.com\/ca\/wp-json\/wp\/v2\/product"}],"about":[{"href":"https:\/\/www.navarroaubanell.com\/ca\/wp-json\/wp\/v2\/types\/product"}],"wp:featuredmedia":[{"embeddable":true,"href":"https:\/\/www.navarroaubanell.com\/ca\/wp-json\/wp\/v2\/media\/37867"}],"wp:attachment":[{"href":"https:\/\/www.navarroaubanell.com\/ca\/wp-json\/wp\/v2\/media?parent=37913"}],"wp:term":[{"taxonomy":"product_brand","embeddable":true,"href":"https:\/\/www.navarroaubanell.com\/ca\/wp-json\/wp\/v2\/product_brand?post=37913"},{"taxonomy":"product_cat","embeddable":true,"href":"https:\/\/www.navarroaubanell.com\/ca\/wp-json\/wp\/v2\/product_cat?post=37913"},{"taxonomy":"product_tag","embeddable":true,"href":"https:\/\/www.navarroaubanell.com\/ca\/wp-json\/wp\/v2\/product_tag?post=37913"}],"curies":[{"name":"wp","href":"https:\/\/api.w.org\/{rel}","templated":true}]}}