{"id":37719,"date":"2024-09-12T08:58:55","date_gmt":"2024-09-12T06:58:55","guid":{"rendered":"https:\/\/www.navarroaubanell.com\/producto\/iceberg-barra-modular-pedrali-navarroaubanell\/"},"modified":"2024-09-12T09:19:17","modified_gmt":"2024-09-12T07:19:17","slug":"iceberg-barra-modular-pedrali-navarroaubanell","status":"publish","type":"product","link":"https:\/\/www.navarroaubanell.com\/ca\/producte\/iceberg-barra-modular-pedrali-navarroaubanell\/","title":{"rendered":"Iceberg"},"content":{"rendered":"<div class=\"flex-shrink-0 flex flex-col relative items-end\">\n<div class=\"pt-0\">\n<h6 class=\"gizmo-bot-avatar flex h-8 w-8 items-center justify-center overflow-hidden rounded-full\"><strong>Iceberg: La Barra Modular que Transforma Qualsevol Espai en un Escenari \u00danic<\/strong><\/h6>\n<div class=\"gizmo-bot-avatar flex h-8 w-8 items-center justify-center overflow-hidden rounded-full\">Converteix-te en el centre d&#8217;atenci\u00f3 amb Iceberg, la barra modular inspirada en la forma d&#8217;un bloc de gel, dissenyada per a atraure l&#8217;atenci\u00f3 en qualsevol entorn a l&#8217;aire lliure: des d&#8217;un bar al costat de la piscina, fins a un espai exclusiu a la platja o un jard\u00ed elegant. Iceberg \u00e9s l&#8217;elecci\u00f3 perfecta per als qui busquen versatilitat, adaptant-se f\u00e0cilment tant a ambients exteriors com interiors.<\/div>\n<h6 class=\"gizmo-bot-avatar flex h-8 w-8 items-center justify-center overflow-hidden rounded-full\">Disseny i Materials: Resist\u00e8ncia i Lleugeresa en un Sol Concepte<\/h6>\n<div class=\"gizmo-bot-avatar flex h-8 w-8 items-center justify-center overflow-hidden rounded-full\">Fabricada en polietil\u00e8 d&#8217;alta densitat mitjan\u00e7ant emmotllament en rotaci\u00f3, aquesta barra no sols \u00e9s compacta i resistent, sin\u00f3 tamb\u00e9 lleugera i f\u00e0cil de manipular. La seva durabilitat a l&#8217;aire lliure est\u00e0 garantida gr\u00e0cies a la seva f\u00f3rmula especial anti raigs UV, la qual cosa la converteix en una pe\u00e7a robusta enfront dels elements exteriors.<\/div>\n<h6 class=\"gizmo-bot-avatar flex h-8 w-8 items-center justify-center overflow-hidden rounded-full\">Creativitat Sense L\u00edmits: M\u00faltiples Combinacions Modulars<\/h6>\n<div class=\"gizmo-bot-avatar flex h-8 w-8 items-center justify-center overflow-hidden rounded-full\">Els m\u00f2duls d&#8217;Iceberg tenen una forma de doble pent\u00e0gon que et permet jugar amb la disposici\u00f3 i crear composicions personalitzades. Dona-li curs a la teva imaginaci\u00f3 i adapta la barra a les teves necessitats i estil. Ja sigui per a esdeveniments, restaurants o locals exclusius, sempre tindr\u00e0s una soluci\u00f3 a mesura.<\/div>\n<h6 class=\"gizmo-bot-avatar flex h-8 w-8 items-center justify-center overflow-hidden rounded-full\">Accessoris i Il\u00b7luminaci\u00f3: Un Toc Modern i Sofisticat<\/h6>\n<div class=\"gizmo-bot-avatar flex h-8 w-8 items-center justify-center overflow-hidden rounded-full\">Personalitza la teva barra amb accessoris addicionals, com el sobre superior en metacrilat o els sobres inferiors en acer. A m\u00e9s, el kit d&#8217;il\u00b7luminaci\u00f3 aporta un toc modern que far\u00e0 que el teu espai destaqui, creant un ambient \u00fanic que captivar\u00e0 als teus clients o convidats.<\/div>\n<div><\/div>\n<div class=\"gizmo-bot-avatar flex h-8 w-8 items-center justify-center overflow-hidden rounded-full\">\n<div>\n<p><a href=\"https:\/\/cdn-assets.pedrali.com\/media\/pedrali\/media\/assets\/originals\/documenti\/t-i\/t-iceberg.pdf\">Fitxa t\u00e8cnica<\/a><\/p>\n<\/div>\n<\/div>\n<\/div>\n<\/div>\n","protected":false},"excerpt":{"rendered":"<p>Iceberg: La Barra Modular que Transforma Qualsevol Espai en un Escenari \u00danic Converteix-te en el centre d&#8217;atenci\u00f3 amb Iceberg, la barra modular inspirada en la forma d&#8217;un bloc de gel, dissenyada per a atraure l&#8217;atenci\u00f3 en qualsevol entorn a l&#8217;aire lliure: des d&#8217;un bar al costat de la piscina, fins a un espai exclusiu a&hellip;<\/p>\n","protected":false},"featured_media":37699,"template":"","meta":{"_acf_changed":false},"product_brand":[],"product_cat":[1296,1693,518,1274],"product_tag":[1263,1300,1301,640,1302,1279,664,729],"class_list":{"0":"post-37719","1":"product","2":"type-product","3":"status-publish","4":"has-post-thumbnail","6":"product_cat-barres-de-bar","7":"product_cat-chill-out-2-ca","8":"product_cat-accessoris","9":"product_cat-illuminacio","10":"product_tag-anti-rayos-uv-ca","11":"product_tag-barra-de-bar-ca","12":"product_tag-barra-modular-ca","13":"product_tag-exterior-ca","14":"product_tag-iceberg-ca","15":"product_tag-iluminacion-ca","16":"product_tag-interior-ca","17":"product_tag-pedrali-ca","18":"description-off","20":"first","21":"instock","22":"shipping-taxable","23":"product-type-simple"},"acf":[],"yoast_head":"<!-- This site is optimized with the Yoast SEO plugin v27.0 - https:\/\/yoast.com\/product\/yoast-seo-wordpress\/ -->\n<title>Barra modular Iceberg, Pedrali- Navarro Aubanel<\/title>\n<meta name=\"description\" content=\"Barra modular Iceberg: vers\u00e0til, resistent i personalitzable. Ideal per a exteriors i interiors, amb accessoris i opcions d&#039;il\u00b7luminaci\u00f3 per a destacar.\" \/>\n<meta name=\"robots\" content=\"index, follow, max-snippet:-1, max-image-preview:large, max-video-preview:-1\" \/>\n<link rel=\"canonical\" href=\"https:\/\/www.navarroaubanell.com\/ca\/producte\/iceberg-barra-modular-pedrali-navarroaubanell\/\" \/>\n<meta property=\"og:locale\" content=\"ca_ES\" \/>\n<meta property=\"og:type\" content=\"article\" \/>\n<meta property=\"og:title\" content=\"Barra modular Iceberg, Pedrali- Navarro Aubanel\" \/>\n<meta property=\"og:description\" content=\"Barra modular Iceberg: vers\u00e0til, resistent i personalitzable. Ideal per a exteriors i interiors, amb accessoris i opcions d&#039;il\u00b7luminaci\u00f3 per a destacar.\" \/>\n<meta property=\"og:url\" content=\"https:\/\/www.navarroaubanell.com\/ca\/producte\/iceberg-barra-modular-pedrali-navarroaubanell\/\" \/>\n<meta property=\"og:site_name\" content=\"Navarro Aubanell\" \/>\n<meta property=\"article:modified_time\" content=\"2024-09-12T07:19:17+00:00\" \/>\n<meta property=\"og:image\" content=\"https:\/\/www.navarroaubanell.com\/wp-content\/uploads\/2024\/09\/Iceberg-IBE_BIRubik-580_TR4_low.jpg\" \/>\n\t<meta property=\"og:image:width\" content=\"800\" \/>\n\t<meta property=\"og:image:height\" content=\"650\" \/>\n\t<meta property=\"og:image:type\" content=\"image\/jpeg\" \/>\n<meta name=\"twitter:label1\" content=\"Est. reading time\" \/>\n\t<meta name=\"twitter:data1\" content=\"2 minutes\" \/>\n<script type=\"application\/ld+json\" class=\"yoast-schema-graph\">{\"@context\":\"https:\/\/schema.org\",\"@graph\":[{\"@type\":\"WebPage\",\"@id\":\"https:\/\/www.navarroaubanell.com\/ca\/producte\/iceberg-barra-modular-pedrali-navarroaubanell\/\",\"url\":\"https:\/\/www.navarroaubanell.com\/ca\/producte\/iceberg-barra-modular-pedrali-navarroaubanell\/\",\"name\":\"Barra modular Iceberg, Pedrali- Navarro Aubanel\",\"isPartOf\":{\"@id\":\"https:\/\/www.navarroaubanell.com\/ca\/#website\"},\"primaryImageOfPage\":{\"@id\":\"https:\/\/www.navarroaubanell.com\/ca\/producte\/iceberg-barra-modular-pedrali-navarroaubanell\/#primaryimage\"},\"image\":{\"@id\":\"https:\/\/www.navarroaubanell.com\/ca\/producte\/iceberg-barra-modular-pedrali-navarroaubanell\/#primaryimage\"},\"thumbnailUrl\":\"https:\/\/www.navarroaubanell.com\/wp-content\/uploads\/2024\/09\/Iceberg-IBE_BIRubik-580_TR4_low.jpg\",\"datePublished\":\"2024-09-12T06:58:55+00:00\",\"dateModified\":\"2024-09-12T07:19:17+00:00\",\"description\":\"Barra modular Iceberg: vers\u00e0til, resistent i personalitzable. Ideal per a exteriors i interiors, amb accessoris i opcions d'il\u00b7luminaci\u00f3 per a destacar.\",\"breadcrumb\":{\"@id\":\"https:\/\/www.navarroaubanell.com\/ca\/producte\/iceberg-barra-modular-pedrali-navarroaubanell\/#breadcrumb\"},\"inLanguage\":\"ca\",\"potentialAction\":[{\"@type\":\"ReadAction\",\"target\":[\"https:\/\/www.navarroaubanell.com\/ca\/producte\/iceberg-barra-modular-pedrali-navarroaubanell\/\"]}]},{\"@type\":\"ImageObject\",\"inLanguage\":\"ca\",\"@id\":\"https:\/\/www.navarroaubanell.com\/ca\/producte\/iceberg-barra-modular-pedrali-navarroaubanell\/#primaryimage\",\"url\":\"https:\/\/www.navarroaubanell.com\/wp-content\/uploads\/2024\/09\/Iceberg-IBE_BIRubik-580_TR4_low.jpg\",\"contentUrl\":\"https:\/\/www.navarroaubanell.com\/wp-content\/uploads\/2024\/09\/Iceberg-IBE_BIRubik-580_TR4_low.jpg\",\"width\":800,\"height\":650,\"caption\":\"Barra de bar modular Iceberg\"},{\"@type\":\"BreadcrumbList\",\"@id\":\"https:\/\/www.navarroaubanell.com\/ca\/producte\/iceberg-barra-modular-pedrali-navarroaubanell\/#breadcrumb\",\"itemListElement\":[{\"@type\":\"ListItem\",\"position\":1,\"name\":\"Portada\",\"item\":\"https:\/\/www.navarroaubanell.com\/ca\/\"},{\"@type\":\"ListItem\",\"position\":2,\"name\":\"Productes\",\"item\":\"https:\/\/www.navarroaubanell.com\/productos\/\"},{\"@type\":\"ListItem\",\"position\":3,\"name\":\"Iceberg\"}]},{\"@type\":\"WebSite\",\"@id\":\"https:\/\/www.navarroaubanell.com\/ca\/#website\",\"url\":\"https:\/\/www.navarroaubanell.com\/ca\/\",\"name\":\"Navarro Aubanell\",\"description\":\"Mobiliario para hoteler\u00eda, colectividades y oficinas\",\"publisher\":{\"@id\":\"https:\/\/www.navarroaubanell.com\/ca\/#organization\"},\"potentialAction\":[{\"@type\":\"SearchAction\",\"target\":{\"@type\":\"EntryPoint\",\"urlTemplate\":\"https:\/\/www.navarroaubanell.com\/ca\/?s={search_term_string}\"},\"query-input\":{\"@type\":\"PropertyValueSpecification\",\"valueRequired\":true,\"valueName\":\"search_term_string\"}}],\"inLanguage\":\"ca\"},{\"@type\":\"Organization\",\"@id\":\"https:\/\/www.navarroaubanell.com\/ca\/#organization\",\"name\":\"COMERCIAL NAVARRO AUBANELL, S.A\",\"url\":\"https:\/\/www.navarroaubanell.com\/ca\/\",\"logo\":{\"@type\":\"ImageObject\",\"inLanguage\":\"ca\",\"@id\":\"https:\/\/www.navarroaubanell.com\/ca\/#\/schema\/logo\/image\/\",\"url\":\"https:\/\/www.navarroaubanell.com\/wp-content\/uploads\/2017\/07\/logo-navarro-aubuanell.png\",\"contentUrl\":\"https:\/\/www.navarroaubanell.com\/wp-content\/uploads\/2017\/07\/logo-navarro-aubuanell.png\",\"width\":6304,\"height\":1154,\"caption\":\"COMERCIAL NAVARRO AUBANELL, S.A\"},\"image\":{\"@id\":\"https:\/\/www.navarroaubanell.com\/ca\/#\/schema\/logo\/image\/\"}}]}<\/script>\n<!-- \/ Yoast SEO plugin. -->","yoast_head_json":{"title":"Barra modular Iceberg, Pedrali- Navarro Aubanel","description":"Barra modular Iceberg: vers\u00e0til, resistent i personalitzable. Ideal per a exteriors i interiors, amb accessoris i opcions d'il\u00b7luminaci\u00f3 per a destacar.","robots":{"index":"index","follow":"follow","max-snippet":"max-snippet:-1","max-image-preview":"max-image-preview:large","max-video-preview":"max-video-preview:-1"},"canonical":"https:\/\/www.navarroaubanell.com\/ca\/producte\/iceberg-barra-modular-pedrali-navarroaubanell\/","og_locale":"ca_ES","og_type":"article","og_title":"Barra modular Iceberg, Pedrali- Navarro Aubanel","og_description":"Barra modular Iceberg: vers\u00e0til, resistent i personalitzable. Ideal per a exteriors i interiors, amb accessoris i opcions d'il\u00b7luminaci\u00f3 per a destacar.","og_url":"https:\/\/www.navarroaubanell.com\/ca\/producte\/iceberg-barra-modular-pedrali-navarroaubanell\/","og_site_name":"Navarro Aubanell","article_modified_time":"2024-09-12T07:19:17+00:00","og_image":[{"width":800,"height":650,"url":"https:\/\/www.navarroaubanell.com\/wp-content\/uploads\/2024\/09\/Iceberg-IBE_BIRubik-580_TR4_low.jpg","type":"image\/jpeg"}],"twitter_misc":{"Est. reading time":"2 minutes"},"schema":{"@context":"https:\/\/schema.org","@graph":[{"@type":"WebPage","@id":"https:\/\/www.navarroaubanell.com\/ca\/producte\/iceberg-barra-modular-pedrali-navarroaubanell\/","url":"https:\/\/www.navarroaubanell.com\/ca\/producte\/iceberg-barra-modular-pedrali-navarroaubanell\/","name":"Barra modular Iceberg, Pedrali- Navarro Aubanel","isPartOf":{"@id":"https:\/\/www.navarroaubanell.com\/ca\/#website"},"primaryImageOfPage":{"@id":"https:\/\/www.navarroaubanell.com\/ca\/producte\/iceberg-barra-modular-pedrali-navarroaubanell\/#primaryimage"},"image":{"@id":"https:\/\/www.navarroaubanell.com\/ca\/producte\/iceberg-barra-modular-pedrali-navarroaubanell\/#primaryimage"},"thumbnailUrl":"https:\/\/www.navarroaubanell.com\/wp-content\/uploads\/2024\/09\/Iceberg-IBE_BIRubik-580_TR4_low.jpg","datePublished":"2024-09-12T06:58:55+00:00","dateModified":"2024-09-12T07:19:17+00:00","description":"Barra modular Iceberg: vers\u00e0til, resistent i personalitzable. Ideal per a exteriors i interiors, amb accessoris i opcions d'il\u00b7luminaci\u00f3 per a destacar.","breadcrumb":{"@id":"https:\/\/www.navarroaubanell.com\/ca\/producte\/iceberg-barra-modular-pedrali-navarroaubanell\/#breadcrumb"},"inLanguage":"ca","potentialAction":[{"@type":"ReadAction","target":["https:\/\/www.navarroaubanell.com\/ca\/producte\/iceberg-barra-modular-pedrali-navarroaubanell\/"]}]},{"@type":"ImageObject","inLanguage":"ca","@id":"https:\/\/www.navarroaubanell.com\/ca\/producte\/iceberg-barra-modular-pedrali-navarroaubanell\/#primaryimage","url":"https:\/\/www.navarroaubanell.com\/wp-content\/uploads\/2024\/09\/Iceberg-IBE_BIRubik-580_TR4_low.jpg","contentUrl":"https:\/\/www.navarroaubanell.com\/wp-content\/uploads\/2024\/09\/Iceberg-IBE_BIRubik-580_TR4_low.jpg","width":800,"height":650,"caption":"Barra de bar modular Iceberg"},{"@type":"BreadcrumbList","@id":"https:\/\/www.navarroaubanell.com\/ca\/producte\/iceberg-barra-modular-pedrali-navarroaubanell\/#breadcrumb","itemListElement":[{"@type":"ListItem","position":1,"name":"Portada","item":"https:\/\/www.navarroaubanell.com\/ca\/"},{"@type":"ListItem","position":2,"name":"Productes","item":"https:\/\/www.navarroaubanell.com\/productos\/"},{"@type":"ListItem","position":3,"name":"Iceberg"}]},{"@type":"WebSite","@id":"https:\/\/www.navarroaubanell.com\/ca\/#website","url":"https:\/\/www.navarroaubanell.com\/ca\/","name":"Navarro Aubanell","description":"Mobiliario para hoteler\u00eda, colectividades y oficinas","publisher":{"@id":"https:\/\/www.navarroaubanell.com\/ca\/#organization"},"potentialAction":[{"@type":"SearchAction","target":{"@type":"EntryPoint","urlTemplate":"https:\/\/www.navarroaubanell.com\/ca\/?s={search_term_string}"},"query-input":{"@type":"PropertyValueSpecification","valueRequired":true,"valueName":"search_term_string"}}],"inLanguage":"ca"},{"@type":"Organization","@id":"https:\/\/www.navarroaubanell.com\/ca\/#organization","name":"COMERCIAL NAVARRO AUBANELL, S.A","url":"https:\/\/www.navarroaubanell.com\/ca\/","logo":{"@type":"ImageObject","inLanguage":"ca","@id":"https:\/\/www.navarroaubanell.com\/ca\/#\/schema\/logo\/image\/","url":"https:\/\/www.navarroaubanell.com\/wp-content\/uploads\/2017\/07\/logo-navarro-aubuanell.png","contentUrl":"https:\/\/www.navarroaubanell.com\/wp-content\/uploads\/2017\/07\/logo-navarro-aubuanell.png","width":6304,"height":1154,"caption":"COMERCIAL NAVARRO AUBANELL, S.A"},"image":{"@id":"https:\/\/www.navarroaubanell.com\/ca\/#\/schema\/logo\/image\/"}}]}},"_links":{"self":[{"href":"https:\/\/www.navarroaubanell.com\/ca\/wp-json\/wp\/v2\/product\/37719","targetHints":{"allow":["GET"]}}],"collection":[{"href":"https:\/\/www.navarroaubanell.com\/ca\/wp-json\/wp\/v2\/product"}],"about":[{"href":"https:\/\/www.navarroaubanell.com\/ca\/wp-json\/wp\/v2\/types\/product"}],"wp:featuredmedia":[{"embeddable":true,"href":"https:\/\/www.navarroaubanell.com\/ca\/wp-json\/wp\/v2\/media\/37699"}],"wp:attachment":[{"href":"https:\/\/www.navarroaubanell.com\/ca\/wp-json\/wp\/v2\/media?parent=37719"}],"wp:term":[{"taxonomy":"product_brand","embeddable":true,"href":"https:\/\/www.navarroaubanell.com\/ca\/wp-json\/wp\/v2\/product_brand?post=37719"},{"taxonomy":"product_cat","embeddable":true,"href":"https:\/\/www.navarroaubanell.com\/ca\/wp-json\/wp\/v2\/product_cat?post=37719"},{"taxonomy":"product_tag","embeddable":true,"href":"https:\/\/www.navarroaubanell.com\/ca\/wp-json\/wp\/v2\/product_tag?post=37719"}],"curies":[{"name":"wp","href":"https:\/\/api.w.org\/{rel}","templated":true}]}}