{"id":37667,"date":"2024-09-10T16:12:02","date_gmt":"2024-09-10T14:12:02","guid":{"rendered":"https:\/\/www.navarroaubanell.com\/producto\/lampara-l002-pedrali-navarroaubanell\/"},"modified":"2024-09-10T16:32:35","modified_gmt":"2024-09-10T14:32:35","slug":"lampara-l002-pedrali-navarroaubanell","status":"publish","type":"product","link":"https:\/\/www.navarroaubanell.com\/ca\/producte\/lampara-l002-pedrali-navarroaubanell\/","title":{"rendered":"L002"},"content":{"rendered":"<h5>L002: Una col\u00b7lecci\u00f3 que de llums que combina disseny i versatilitat.bina dise\u00f1o y versatilidad<\/h5>\n<p>La col\u00b7lecci\u00f3 L002 \u00e9s la fusi\u00f3 perfecta de dues carcasses de policarbonat moldejat, creant l\u00e0mapdes de formes suaus i sinuoses. Gr\u00e0cies a la seva capa interior que suavitza la llum i amaga la bombeta, proporciona una experi\u00e8ncia visual \u00fanica i difusa.<\/p>\n<p>Amb els seus diferents models, la col\u00b7lecci\u00f3 L002 s&#8217;adapta a diferents necessitats i entorns, assegurant que cada espai tingui una il\u00b7luminaci\u00f3 adequada i est\u00e8tica. Aquesta col\u00b7lecci\u00f3 ofereix solucions vers\u00e0tils i sofisticades per a oficines, hotels, restaurants o espais comercials.<\/p>\n<h6><strong>Models de la col\u00b7lecci\u00f3 L002:<\/strong><\/h6>\n<ul>\n<li><strong><a href=\"https:\/\/cdn-assets.pedrali.com\/media\/pedrali\/media\/assets\/originals\/documenti\/st\/st-l002-l002t-ba.pdf\">L002T\/BA:<\/a> <\/strong>L\u00e0mpada de peu amb base d&#8217;acer i doble difusor de policarbonat modelat, disponible en acabats transparents, <em>soft-touch<\/em> o opacs. Amb interruptor de peu, la seva base de ferro fos est\u00e0 pintada en blanc o negre, oferint una opci\u00f3 s\u00f2lida i est\u00e8ticament atractiva.<\/li>\n<li><strong><a href=\"https:\/\/cdn-assets.pedrali.com\/media\/pedrali\/media\/assets\/originals\/documenti\/st\/st-l002-l002t-ba.pdf\">L002ST\/BA:<\/a><\/strong> L\u00e0mpada de peu amb difusor de policarbonat de doble injecci\u00f3, disponible en blanc o negre. La seva estructura d&#8217;acer es presenta en acabats blanc, negre o llaut\u00f3 antic.<\/li>\n<li><a href=\"https:\/\/cdn-assets.pedrali.com\/media\/pedrali\/media\/assets\/originals\/documenti\/st\/st-l002-l002w40-ba-l002w90-ba.pdf\"><strong>L002W40\/BA &#8211; L002W90\/BA<\/strong><\/a>: Aplics amb bra\u00e7 met\u00e0l\u00b7lic de diferents longituds i difusor de policarbonat, perfectes per a il\u00b7luminar parets amb estil. La seva estructura d&#8217;acer, en acabats de negre o llaut\u00f3 antic, combina el millor de la tradici\u00f3 i la modernitat.<\/li>\n<li><a href=\"https:\/\/cdn-assets.pedrali.com\/media\/pedrali\/media\/assets\/originals\/documenti\/st\/st-l002-l002sw-ba.pdf\"><strong>L002SW\/BA<\/strong><\/a>: Llum de suspensi\u00f3 amb udifusor de policarbonat de doble injecci\u00f3, disponible en acabats transparents, blancs o gris antracita. La rosassa negra opaca aporta un toc modern i elegant.<\/li>\n<li><a href=\"https:\/\/cdn-assets.pedrali.com\/media\/pedrali\/media\/assets\/originals\/documenti\/st\/st-l002-l002s-ba.pdf\"><strong>L002S\/BA<\/strong>:<\/a> Suspensi\u00f3 amb doble difusor en acabats transparents o <em>soft-touch,<\/em> ideal per a espais que busquen una il\u00b7luminaci\u00f3 suau i decorativa. La rosassa blanca completa una est\u00e8tica neta i minimalista.<\/li>\n<li><a href=\"https:\/\/cdn-assets.pedrali.com\/media\/pedrali\/media\/assets\/originals\/documenti\/st\/st-l002-l002cw-ba-3-l002cw-ba-6-l002cw-ba-8.pdf\"><strong>L002CW\/BA<\/strong><\/a>: Llum de suspensi\u00f3 amb difusor de policarbonat modelat, disponible en acabats blanc, transparent o gris antracita. Amb opcions de cables en 3 longituds diferents, s&#8217;adapta perfectament a qualsevol necessitat d&#8217;altura i decoraci\u00f3.<\/li>\n<\/ul>\n<p>La col\u00b7lecci\u00f3 L002 no nom\u00e9s destaca pel seu disseny contemporani, sin\u00f3 tamb\u00e9 per la qualitat i durabilitat dels seus materials, la qual cosa la converteix en una elecci\u00f3 ideal per als qui busquen il\u00b7luminar els seus espais amb estil i funcionalitat.<\/p>\n","protected":false},"excerpt":{"rendered":"<p>L002: Una col\u00b7lecci\u00f3 que de llums que combina disseny i versatilitat.bina dise\u00f1o y versatilidad La col\u00b7lecci\u00f3 L002 \u00e9s la fusi\u00f3 perfecta de dues carcasses de policarbonat moldejat, creant l\u00e0mapdes de formes suaus i sinuoses. Gr\u00e0cies a la seva capa interior que suavitza la llum i amaga la bombeta, proporciona una experi\u00e8ncia visual \u00fanica i difusa.&hellip;<\/p>\n","protected":false},"featured_media":37617,"template":"","meta":{"_acf_changed":false},"product_brand":[],"product_cat":[518,1274],"product_tag":[1279,664,1291,1292,729],"class_list":{"0":"post-37667","1":"product","2":"type-product","3":"status-publish","4":"has-post-thumbnail","6":"product_cat-accessoris","7":"product_cat-illuminacio","8":"product_tag-iluminacion-ca","9":"product_tag-interior-ca","10":"product_tag-l002-ca","11":"product_tag-lampara-ca","12":"product_tag-pedrali-ca","13":"description-off","15":"first","16":"instock","17":"shipping-taxable","18":"product-type-simple"},"acf":[],"yoast_head":"<!-- This site is optimized with the Yoast SEO plugin v27.5 - https:\/\/yoast.com\/product\/yoast-seo-wordpress\/ -->\n<title>L\u00e1mpara L002, Pedrali- Navarro Aubanell<\/title>\n<meta name=\"description\" content=\"La col\u00b7lecci\u00f3 L002 ofereix llums de disseny elegant i vers\u00e0til, amb difusors de policarbonat modelat, ideals per a qualsevol espai i ambient.\" \/>\n<meta name=\"robots\" content=\"index, follow, max-snippet:-1, max-image-preview:large, max-video-preview:-1\" \/>\n<link rel=\"canonical\" href=\"https:\/\/www.navarroaubanell.com\/ca\/producte\/lampara-l002-pedrali-navarroaubanell\/\" \/>\n<meta property=\"og:locale\" content=\"ca_ES\" \/>\n<meta property=\"og:type\" content=\"article\" \/>\n<meta property=\"og:title\" content=\"L\u00e1mpara L002, Pedrali- Navarro Aubanell\" \/>\n<meta property=\"og:description\" content=\"La col\u00b7lecci\u00f3 L002 ofereix llums de disseny elegant i vers\u00e0til, amb difusors de policarbonat modelat, ideals per a qualsevol espai i ambient.\" \/>\n<meta property=\"og:url\" content=\"https:\/\/www.navarroaubanell.com\/ca\/producte\/lampara-l002-pedrali-navarroaubanell\/\" \/>\n<meta property=\"og:site_name\" content=\"Navarro Aubanell\" \/>\n<meta property=\"article:modified_time\" content=\"2024-09-10T14:32:35+00:00\" \/>\n<meta property=\"og:image\" content=\"https:\/\/www.navarroaubanell.com\/wp-content\/uploads\/2024\/09\/l002-sw-ba-still-07.jpg\" \/>\n\t<meta property=\"og:image:width\" content=\"800\" \/>\n\t<meta property=\"og:image:height\" content=\"650\" \/>\n\t<meta property=\"og:image:type\" content=\"image\/jpeg\" \/>\n<meta name=\"twitter:label1\" content=\"Est. reading time\" \/>\n\t<meta name=\"twitter:data1\" content=\"2 minutes\" \/>\n<script type=\"application\/ld+json\" class=\"yoast-schema-graph\">{\"@context\":\"https:\\\/\\\/schema.org\",\"@graph\":[{\"@type\":\"WebPage\",\"@id\":\"https:\\\/\\\/www.navarroaubanell.com\\\/ca\\\/producte\\\/lampara-l002-pedrali-navarroaubanell\\\/\",\"url\":\"https:\\\/\\\/www.navarroaubanell.com\\\/ca\\\/producte\\\/lampara-l002-pedrali-navarroaubanell\\\/\",\"name\":\"L\u00e1mpara L002, Pedrali- Navarro Aubanell\",\"isPartOf\":{\"@id\":\"https:\\\/\\\/www.navarroaubanell.com\\\/ca\\\/#website\"},\"primaryImageOfPage\":{\"@id\":\"https:\\\/\\\/www.navarroaubanell.com\\\/ca\\\/producte\\\/lampara-l002-pedrali-navarroaubanell\\\/#primaryimage\"},\"image\":{\"@id\":\"https:\\\/\\\/www.navarroaubanell.com\\\/ca\\\/producte\\\/lampara-l002-pedrali-navarroaubanell\\\/#primaryimage\"},\"thumbnailUrl\":\"https:\\\/\\\/www.navarroaubanell.com\\\/wp-content\\\/uploads\\\/2024\\\/09\\\/l002-sw-ba-still-07.jpg\",\"datePublished\":\"2024-09-10T14:12:02+00:00\",\"dateModified\":\"2024-09-10T14:32:35+00:00\",\"description\":\"La col\u00b7lecci\u00f3 L002 ofereix llums de disseny elegant i vers\u00e0til, amb difusors de policarbonat modelat, ideals per a qualsevol espai i ambient.\",\"breadcrumb\":{\"@id\":\"https:\\\/\\\/www.navarroaubanell.com\\\/ca\\\/producte\\\/lampara-l002-pedrali-navarroaubanell\\\/#breadcrumb\"},\"inLanguage\":\"ca\",\"potentialAction\":[{\"@type\":\"ReadAction\",\"target\":[\"https:\\\/\\\/www.navarroaubanell.com\\\/ca\\\/producte\\\/lampara-l002-pedrali-navarroaubanell\\\/\"]}]},{\"@type\":\"ImageObject\",\"inLanguage\":\"ca\",\"@id\":\"https:\\\/\\\/www.navarroaubanell.com\\\/ca\\\/producte\\\/lampara-l002-pedrali-navarroaubanell\\\/#primaryimage\",\"url\":\"https:\\\/\\\/www.navarroaubanell.com\\\/wp-content\\\/uploads\\\/2024\\\/09\\\/l002-sw-ba-still-07.jpg\",\"contentUrl\":\"https:\\\/\\\/www.navarroaubanell.com\\\/wp-content\\\/uploads\\\/2024\\\/09\\\/l002-sw-ba-still-07.jpg\",\"width\":800,\"height\":650,\"caption\":\"L\u00e1mpara L002SW\"},{\"@type\":\"BreadcrumbList\",\"@id\":\"https:\\\/\\\/www.navarroaubanell.com\\\/ca\\\/producte\\\/lampara-l002-pedrali-navarroaubanell\\\/#breadcrumb\",\"itemListElement\":[{\"@type\":\"ListItem\",\"position\":1,\"name\":\"Portada\",\"item\":\"https:\\\/\\\/www.navarroaubanell.com\\\/ca\\\/\"},{\"@type\":\"ListItem\",\"position\":2,\"name\":\"Productes\",\"item\":\"https:\\\/\\\/www.navarroaubanell.com\\\/productos\\\/\"},{\"@type\":\"ListItem\",\"position\":3,\"name\":\"L002\"}]},{\"@type\":\"WebSite\",\"@id\":\"https:\\\/\\\/www.navarroaubanell.com\\\/ca\\\/#website\",\"url\":\"https:\\\/\\\/www.navarroaubanell.com\\\/ca\\\/\",\"name\":\"Navarro Aubanell\",\"description\":\"Mobiliario para hoteler\u00eda, colectividades y oficinas\",\"publisher\":{\"@id\":\"https:\\\/\\\/www.navarroaubanell.com\\\/ca\\\/#organization\"},\"potentialAction\":[{\"@type\":\"SearchAction\",\"target\":{\"@type\":\"EntryPoint\",\"urlTemplate\":\"https:\\\/\\\/www.navarroaubanell.com\\\/ca\\\/?s={search_term_string}\"},\"query-input\":{\"@type\":\"PropertyValueSpecification\",\"valueRequired\":true,\"valueName\":\"search_term_string\"}}],\"inLanguage\":\"ca\"},{\"@type\":\"Organization\",\"@id\":\"https:\\\/\\\/www.navarroaubanell.com\\\/ca\\\/#organization\",\"name\":\"COMERCIAL NAVARRO AUBANELL, S.A\",\"url\":\"https:\\\/\\\/www.navarroaubanell.com\\\/ca\\\/\",\"logo\":{\"@type\":\"ImageObject\",\"inLanguage\":\"ca\",\"@id\":\"https:\\\/\\\/www.navarroaubanell.com\\\/ca\\\/#\\\/schema\\\/logo\\\/image\\\/\",\"url\":\"https:\\\/\\\/www.navarroaubanell.com\\\/wp-content\\\/uploads\\\/2017\\\/07\\\/logo-navarro-aubuanell.png\",\"contentUrl\":\"https:\\\/\\\/www.navarroaubanell.com\\\/wp-content\\\/uploads\\\/2017\\\/07\\\/logo-navarro-aubuanell.png\",\"width\":6304,\"height\":1154,\"caption\":\"COMERCIAL NAVARRO AUBANELL, S.A\"},\"image\":{\"@id\":\"https:\\\/\\\/www.navarroaubanell.com\\\/ca\\\/#\\\/schema\\\/logo\\\/image\\\/\"}}]}<\/script>\n<!-- \/ Yoast SEO plugin. -->","yoast_head_json":{"title":"L\u00e1mpara L002, Pedrali- Navarro Aubanell","description":"La col\u00b7lecci\u00f3 L002 ofereix llums de disseny elegant i vers\u00e0til, amb difusors de policarbonat modelat, ideals per a qualsevol espai i ambient.","robots":{"index":"index","follow":"follow","max-snippet":"max-snippet:-1","max-image-preview":"max-image-preview:large","max-video-preview":"max-video-preview:-1"},"canonical":"https:\/\/www.navarroaubanell.com\/ca\/producte\/lampara-l002-pedrali-navarroaubanell\/","og_locale":"ca_ES","og_type":"article","og_title":"L\u00e1mpara L002, Pedrali- Navarro Aubanell","og_description":"La col\u00b7lecci\u00f3 L002 ofereix llums de disseny elegant i vers\u00e0til, amb difusors de policarbonat modelat, ideals per a qualsevol espai i ambient.","og_url":"https:\/\/www.navarroaubanell.com\/ca\/producte\/lampara-l002-pedrali-navarroaubanell\/","og_site_name":"Navarro Aubanell","article_modified_time":"2024-09-10T14:32:35+00:00","og_image":[{"width":800,"height":650,"url":"https:\/\/www.navarroaubanell.com\/wp-content\/uploads\/2024\/09\/l002-sw-ba-still-07.jpg","type":"image\/jpeg"}],"twitter_misc":{"Est. reading time":"2 minutes"},"schema":{"@context":"https:\/\/schema.org","@graph":[{"@type":"WebPage","@id":"https:\/\/www.navarroaubanell.com\/ca\/producte\/lampara-l002-pedrali-navarroaubanell\/","url":"https:\/\/www.navarroaubanell.com\/ca\/producte\/lampara-l002-pedrali-navarroaubanell\/","name":"L\u00e1mpara L002, Pedrali- Navarro Aubanell","isPartOf":{"@id":"https:\/\/www.navarroaubanell.com\/ca\/#website"},"primaryImageOfPage":{"@id":"https:\/\/www.navarroaubanell.com\/ca\/producte\/lampara-l002-pedrali-navarroaubanell\/#primaryimage"},"image":{"@id":"https:\/\/www.navarroaubanell.com\/ca\/producte\/lampara-l002-pedrali-navarroaubanell\/#primaryimage"},"thumbnailUrl":"https:\/\/www.navarroaubanell.com\/wp-content\/uploads\/2024\/09\/l002-sw-ba-still-07.jpg","datePublished":"2024-09-10T14:12:02+00:00","dateModified":"2024-09-10T14:32:35+00:00","description":"La col\u00b7lecci\u00f3 L002 ofereix llums de disseny elegant i vers\u00e0til, amb difusors de policarbonat modelat, ideals per a qualsevol espai i ambient.","breadcrumb":{"@id":"https:\/\/www.navarroaubanell.com\/ca\/producte\/lampara-l002-pedrali-navarroaubanell\/#breadcrumb"},"inLanguage":"ca","potentialAction":[{"@type":"ReadAction","target":["https:\/\/www.navarroaubanell.com\/ca\/producte\/lampara-l002-pedrali-navarroaubanell\/"]}]},{"@type":"ImageObject","inLanguage":"ca","@id":"https:\/\/www.navarroaubanell.com\/ca\/producte\/lampara-l002-pedrali-navarroaubanell\/#primaryimage","url":"https:\/\/www.navarroaubanell.com\/wp-content\/uploads\/2024\/09\/l002-sw-ba-still-07.jpg","contentUrl":"https:\/\/www.navarroaubanell.com\/wp-content\/uploads\/2024\/09\/l002-sw-ba-still-07.jpg","width":800,"height":650,"caption":"L\u00e1mpara L002SW"},{"@type":"BreadcrumbList","@id":"https:\/\/www.navarroaubanell.com\/ca\/producte\/lampara-l002-pedrali-navarroaubanell\/#breadcrumb","itemListElement":[{"@type":"ListItem","position":1,"name":"Portada","item":"https:\/\/www.navarroaubanell.com\/ca\/"},{"@type":"ListItem","position":2,"name":"Productes","item":"https:\/\/www.navarroaubanell.com\/productos\/"},{"@type":"ListItem","position":3,"name":"L002"}]},{"@type":"WebSite","@id":"https:\/\/www.navarroaubanell.com\/ca\/#website","url":"https:\/\/www.navarroaubanell.com\/ca\/","name":"Navarro Aubanell","description":"Mobiliario para hoteler\u00eda, colectividades y oficinas","publisher":{"@id":"https:\/\/www.navarroaubanell.com\/ca\/#organization"},"potentialAction":[{"@type":"SearchAction","target":{"@type":"EntryPoint","urlTemplate":"https:\/\/www.navarroaubanell.com\/ca\/?s={search_term_string}"},"query-input":{"@type":"PropertyValueSpecification","valueRequired":true,"valueName":"search_term_string"}}],"inLanguage":"ca"},{"@type":"Organization","@id":"https:\/\/www.navarroaubanell.com\/ca\/#organization","name":"COMERCIAL NAVARRO AUBANELL, S.A","url":"https:\/\/www.navarroaubanell.com\/ca\/","logo":{"@type":"ImageObject","inLanguage":"ca","@id":"https:\/\/www.navarroaubanell.com\/ca\/#\/schema\/logo\/image\/","url":"https:\/\/www.navarroaubanell.com\/wp-content\/uploads\/2017\/07\/logo-navarro-aubuanell.png","contentUrl":"https:\/\/www.navarroaubanell.com\/wp-content\/uploads\/2017\/07\/logo-navarro-aubuanell.png","width":6304,"height":1154,"caption":"COMERCIAL NAVARRO AUBANELL, S.A"},"image":{"@id":"https:\/\/www.navarroaubanell.com\/ca\/#\/schema\/logo\/image\/"}}]}},"_links":{"self":[{"href":"https:\/\/www.navarroaubanell.com\/ca\/wp-json\/wp\/v2\/product\/37667","targetHints":{"allow":["GET"]}}],"collection":[{"href":"https:\/\/www.navarroaubanell.com\/ca\/wp-json\/wp\/v2\/product"}],"about":[{"href":"https:\/\/www.navarroaubanell.com\/ca\/wp-json\/wp\/v2\/types\/product"}],"wp:featuredmedia":[{"embeddable":true,"href":"https:\/\/www.navarroaubanell.com\/ca\/wp-json\/wp\/v2\/media\/37617"}],"wp:attachment":[{"href":"https:\/\/www.navarroaubanell.com\/ca\/wp-json\/wp\/v2\/media?parent=37667"}],"wp:term":[{"taxonomy":"product_brand","embeddable":true,"href":"https:\/\/www.navarroaubanell.com\/ca\/wp-json\/wp\/v2\/product_brand?post=37667"},{"taxonomy":"product_cat","embeddable":true,"href":"https:\/\/www.navarroaubanell.com\/ca\/wp-json\/wp\/v2\/product_cat?post=37667"},{"taxonomy":"product_tag","embeddable":true,"href":"https:\/\/www.navarroaubanell.com\/ca\/wp-json\/wp\/v2\/product_tag?post=37667"}],"curies":[{"name":"wp","href":"https:\/\/api.w.org\/{rel}","templated":true}]}}