{"id":37576,"date":"2024-09-10T11:37:27","date_gmt":"2024-09-10T09:37:27","guid":{"rendered":"https:\/\/www.navarroaubanell.com\/producto\/kado-pedrali-navarroaubanell\/"},"modified":"2024-09-10T11:46:06","modified_gmt":"2024-09-10T09:46:06","slug":"kado-pedrali-navarroaubanell","status":"publish","type":"product","link":"https:\/\/www.navarroaubanell.com\/ca\/producte\/kado-pedrali-navarroaubanell\/","title":{"rendered":"Kado"},"content":{"rendered":"<div class=\"flex-shrink-0 flex flex-col relative items-end\">\n<div class=\"pt-0\">\n<div class=\"gizmo-bot-avatar flex h-8 w-8 items-center justify-center overflow-hidden rounded-full\">\n<div class=\"relative p-1 rounded-sm flex items-center justify-center bg-token-main-surface-primary text-token-text-primary h-8 w-8\">\n<p><strong>Kado<\/strong> redefineix la versatilitat en el disseny d&#8217;exteriors i interiors. Aquest innovador seient es transforma en una jardinera i, alhora, en un objecte llumin\u00f3s, combinant funcionalitat i estil en un sol producte. Dissenyat per a ser un <em>\u201cspace divider\u201d<\/em>, Kado ofereix una soluci\u00f3 moderna i pr\u00e0ctica per a qualsevol ambient. Aquest complement es caracteritza per les seves l\u00ednies geom\u00e8triques essencials i pel seu aspecte sofisticat, pur i contemporani.<\/p>\n<p>Fabricat en polietil\u00e8 amb un acabat opac, Kado est\u00e0 disponible en quatre elegants colors: gris antracita, gris clar, bronze i blanc. La seva estructura monomaterial en polietil\u00e8 \u00e9s resistent als agents atmosf\u00e8rics gr\u00e0cies a la seva f\u00f3rmula anti-UV, la qual cosa ho fa ideal per a exteriors. A m\u00e9s, la seva construcci\u00f3 amb emmotllament rotacional assegura durabilitat, resist\u00e8ncia i lleugeresa, combinades amb una aparen\u00e7a moderna i estilitzada.<\/p>\n<p>Amb una superf\u00edcie microtexturada i opcions en dues mesures, Kado s&#8217;adapta a diverses exig\u00e8ncies i gustos, oferint una combinaci\u00f3 perfecta d&#8217;est\u00e8tica i funcionalitat. A m\u00e9s, tots els materials s\u00f3n reciclables i no t\u00f2xics, promovent un disseny ecol\u00f2gic i responsable.<\/p>\n<p><a href=\"https:\/\/cdn-assets.pedrali.com\/media\/pedrali\/media\/assets\/originals\/documenti\/st\/st-kado-kado2.pdf\">Fitxa t\u00e8cnica<\/a><\/p>\n<p><strong>*Accessori addicional:<\/strong> <a href=\"https:\/\/cdn-assets.pedrali.com\/media\/pedrali\/media\/assets\/originals\/documenti\/st\/st-kado-3.pdf\">coix\u00ed entapissat<\/a> en pell sint\u00e8tica o tela, que converteix les peces de mobiliari Kado en c\u00f2modes seients. Coix\u00ed ign\u00edfug i hidr\u00f2fug per a major seguretat i confort.<\/p>\n<\/div>\n<div><\/div>\n<div class=\"relative p-1 rounded-sm flex items-center justify-center bg-token-main-surface-primary text-token-text-primary h-8 w-8\"><strong>*Nota:<\/strong> Planta no inclosa.<\/div>\n<\/div>\n<\/div>\n<\/div>\n","protected":false},"excerpt":{"rendered":"<p>Kado redefineix la versatilitat en el disseny d&#8217;exteriors i interiors. Aquest innovador seient es transforma en una jardinera i, alhora, en un objecte llumin\u00f3s, combinant funcionalitat i estil en un sol producte. Dissenyat per a ser un \u201cspace divider\u201d, Kado ofereix una soluci\u00f3 moderna i pr\u00e0ctica per a qualsevol ambient. Aquest complement es caracteritza per&hellip;<\/p>\n","protected":false},"featured_media":37540,"template":"","meta":{"_acf_changed":false},"product_brand":[],"product_cat":[518,520,1274],"product_tag":[956,640,664,1286,729],"class_list":{"0":"post-37576","1":"product","2":"type-product","3":"status-publish","4":"has-post-thumbnail","6":"product_cat-accessoris","7":"product_cat-decoracio","8":"product_cat-illuminacio","9":"product_tag-decoracion-ca","10":"product_tag-exterior-ca","11":"product_tag-interior-ca","12":"product_tag-kado-ca","13":"product_tag-pedrali-ca","14":"description-off","16":"first","17":"instock","18":"shipping-taxable","19":"product-type-simple"},"acf":[],"yoast_head":"<!-- This site is optimized with the Yoast SEO plugin v27.0 - https:\/\/yoast.com\/product\/yoast-seo-wordpress\/ -->\n<title>Kado, Pedrali- Navarro Aubanell<\/title>\n<meta name=\"description\" content=\"Kado: innovador seient i jardinera lluminosa, ideal per a interiors i exteriors. Polietil\u00e8 resistent i reciclable, disponible en 4 colors i dues grand\u00e0ries.\" \/>\n<meta name=\"robots\" content=\"index, follow, max-snippet:-1, max-image-preview:large, max-video-preview:-1\" \/>\n<link rel=\"canonical\" href=\"https:\/\/www.navarroaubanell.com\/ca\/producte\/kado-pedrali-navarroaubanell\/\" \/>\n<meta property=\"og:locale\" content=\"ca_ES\" \/>\n<meta property=\"og:type\" content=\"article\" \/>\n<meta property=\"og:title\" content=\"Kado, Pedrali- Navarro Aubanell\" \/>\n<meta property=\"og:description\" content=\"Kado: innovador seient i jardinera lluminosa, ideal per a interiors i exteriors. Polietil\u00e8 resistent i reciclable, disponible en 4 colors i dues grand\u00e0ries.\" \/>\n<meta property=\"og:url\" content=\"https:\/\/www.navarroaubanell.com\/ca\/producte\/kado-pedrali-navarroaubanell\/\" \/>\n<meta property=\"og:site_name\" content=\"Navarro Aubanell\" \/>\n<meta property=\"article:modified_time\" content=\"2024-09-10T09:46:06+00:00\" \/>\n<meta property=\"og:image\" content=\"https:\/\/www.navarroaubanell.com\/wp-content\/uploads\/2024\/09\/Portada-KAdo.jpg\" \/>\n\t<meta property=\"og:image:width\" content=\"881\" \/>\n\t<meta property=\"og:image:height\" content=\"1181\" \/>\n\t<meta property=\"og:image:type\" content=\"image\/jpeg\" \/>\n<meta name=\"twitter:label1\" content=\"Est. reading time\" \/>\n\t<meta name=\"twitter:data1\" content=\"2 minutes\" \/>\n<script type=\"application\/ld+json\" class=\"yoast-schema-graph\">{\"@context\":\"https:\/\/schema.org\",\"@graph\":[{\"@type\":\"WebPage\",\"@id\":\"https:\/\/www.navarroaubanell.com\/ca\/producte\/kado-pedrali-navarroaubanell\/\",\"url\":\"https:\/\/www.navarroaubanell.com\/ca\/producte\/kado-pedrali-navarroaubanell\/\",\"name\":\"Kado, Pedrali- Navarro Aubanell\",\"isPartOf\":{\"@id\":\"https:\/\/www.navarroaubanell.com\/ca\/#website\"},\"primaryImageOfPage\":{\"@id\":\"https:\/\/www.navarroaubanell.com\/ca\/producte\/kado-pedrali-navarroaubanell\/#primaryimage\"},\"image\":{\"@id\":\"https:\/\/www.navarroaubanell.com\/ca\/producte\/kado-pedrali-navarroaubanell\/#primaryimage\"},\"thumbnailUrl\":\"https:\/\/www.navarroaubanell.com\/wp-content\/uploads\/2024\/09\/Portada-KAdo.jpg\",\"datePublished\":\"2024-09-10T09:37:27+00:00\",\"dateModified\":\"2024-09-10T09:46:06+00:00\",\"description\":\"Kado: innovador seient i jardinera lluminosa, ideal per a interiors i exteriors. Polietil\u00e8 resistent i reciclable, disponible en 4 colors i dues grand\u00e0ries.\",\"breadcrumb\":{\"@id\":\"https:\/\/www.navarroaubanell.com\/ca\/producte\/kado-pedrali-navarroaubanell\/#breadcrumb\"},\"inLanguage\":\"ca\",\"potentialAction\":[{\"@type\":\"ReadAction\",\"target\":[\"https:\/\/www.navarroaubanell.com\/ca\/producte\/kado-pedrali-navarroaubanell\/\"]}]},{\"@type\":\"ImageObject\",\"inLanguage\":\"ca\",\"@id\":\"https:\/\/www.navarroaubanell.com\/ca\/producte\/kado-pedrali-navarroaubanell\/#primaryimage\",\"url\":\"https:\/\/www.navarroaubanell.com\/wp-content\/uploads\/2024\/09\/Portada-KAdo.jpg\",\"contentUrl\":\"https:\/\/www.navarroaubanell.com\/wp-content\/uploads\/2024\/09\/Portada-KAdo.jpg\",\"width\":881,\"height\":1181,\"caption\":\"Kado\"},{\"@type\":\"BreadcrumbList\",\"@id\":\"https:\/\/www.navarroaubanell.com\/ca\/producte\/kado-pedrali-navarroaubanell\/#breadcrumb\",\"itemListElement\":[{\"@type\":\"ListItem\",\"position\":1,\"name\":\"Portada\",\"item\":\"https:\/\/www.navarroaubanell.com\/ca\/\"},{\"@type\":\"ListItem\",\"position\":2,\"name\":\"Productes\",\"item\":\"https:\/\/www.navarroaubanell.com\/productos\/\"},{\"@type\":\"ListItem\",\"position\":3,\"name\":\"Kado\"}]},{\"@type\":\"WebSite\",\"@id\":\"https:\/\/www.navarroaubanell.com\/ca\/#website\",\"url\":\"https:\/\/www.navarroaubanell.com\/ca\/\",\"name\":\"Navarro Aubanell\",\"description\":\"Mobiliario para hoteler\u00eda, colectividades y oficinas\",\"publisher\":{\"@id\":\"https:\/\/www.navarroaubanell.com\/ca\/#organization\"},\"potentialAction\":[{\"@type\":\"SearchAction\",\"target\":{\"@type\":\"EntryPoint\",\"urlTemplate\":\"https:\/\/www.navarroaubanell.com\/ca\/?s={search_term_string}\"},\"query-input\":{\"@type\":\"PropertyValueSpecification\",\"valueRequired\":true,\"valueName\":\"search_term_string\"}}],\"inLanguage\":\"ca\"},{\"@type\":\"Organization\",\"@id\":\"https:\/\/www.navarroaubanell.com\/ca\/#organization\",\"name\":\"COMERCIAL NAVARRO AUBANELL, S.A\",\"url\":\"https:\/\/www.navarroaubanell.com\/ca\/\",\"logo\":{\"@type\":\"ImageObject\",\"inLanguage\":\"ca\",\"@id\":\"https:\/\/www.navarroaubanell.com\/ca\/#\/schema\/logo\/image\/\",\"url\":\"https:\/\/www.navarroaubanell.com\/wp-content\/uploads\/2017\/07\/logo-navarro-aubuanell.png\",\"contentUrl\":\"https:\/\/www.navarroaubanell.com\/wp-content\/uploads\/2017\/07\/logo-navarro-aubuanell.png\",\"width\":6304,\"height\":1154,\"caption\":\"COMERCIAL NAVARRO AUBANELL, S.A\"},\"image\":{\"@id\":\"https:\/\/www.navarroaubanell.com\/ca\/#\/schema\/logo\/image\/\"}}]}<\/script>\n<!-- \/ Yoast SEO plugin. -->","yoast_head_json":{"title":"Kado, Pedrali- Navarro Aubanell","description":"Kado: innovador seient i jardinera lluminosa, ideal per a interiors i exteriors. Polietil\u00e8 resistent i reciclable, disponible en 4 colors i dues grand\u00e0ries.","robots":{"index":"index","follow":"follow","max-snippet":"max-snippet:-1","max-image-preview":"max-image-preview:large","max-video-preview":"max-video-preview:-1"},"canonical":"https:\/\/www.navarroaubanell.com\/ca\/producte\/kado-pedrali-navarroaubanell\/","og_locale":"ca_ES","og_type":"article","og_title":"Kado, Pedrali- Navarro Aubanell","og_description":"Kado: innovador seient i jardinera lluminosa, ideal per a interiors i exteriors. Polietil\u00e8 resistent i reciclable, disponible en 4 colors i dues grand\u00e0ries.","og_url":"https:\/\/www.navarroaubanell.com\/ca\/producte\/kado-pedrali-navarroaubanell\/","og_site_name":"Navarro Aubanell","article_modified_time":"2024-09-10T09:46:06+00:00","og_image":[{"width":881,"height":1181,"url":"https:\/\/www.navarroaubanell.com\/wp-content\/uploads\/2024\/09\/Portada-KAdo.jpg","type":"image\/jpeg"}],"twitter_misc":{"Est. reading time":"2 minutes"},"schema":{"@context":"https:\/\/schema.org","@graph":[{"@type":"WebPage","@id":"https:\/\/www.navarroaubanell.com\/ca\/producte\/kado-pedrali-navarroaubanell\/","url":"https:\/\/www.navarroaubanell.com\/ca\/producte\/kado-pedrali-navarroaubanell\/","name":"Kado, Pedrali- Navarro Aubanell","isPartOf":{"@id":"https:\/\/www.navarroaubanell.com\/ca\/#website"},"primaryImageOfPage":{"@id":"https:\/\/www.navarroaubanell.com\/ca\/producte\/kado-pedrali-navarroaubanell\/#primaryimage"},"image":{"@id":"https:\/\/www.navarroaubanell.com\/ca\/producte\/kado-pedrali-navarroaubanell\/#primaryimage"},"thumbnailUrl":"https:\/\/www.navarroaubanell.com\/wp-content\/uploads\/2024\/09\/Portada-KAdo.jpg","datePublished":"2024-09-10T09:37:27+00:00","dateModified":"2024-09-10T09:46:06+00:00","description":"Kado: innovador seient i jardinera lluminosa, ideal per a interiors i exteriors. Polietil\u00e8 resistent i reciclable, disponible en 4 colors i dues grand\u00e0ries.","breadcrumb":{"@id":"https:\/\/www.navarroaubanell.com\/ca\/producte\/kado-pedrali-navarroaubanell\/#breadcrumb"},"inLanguage":"ca","potentialAction":[{"@type":"ReadAction","target":["https:\/\/www.navarroaubanell.com\/ca\/producte\/kado-pedrali-navarroaubanell\/"]}]},{"@type":"ImageObject","inLanguage":"ca","@id":"https:\/\/www.navarroaubanell.com\/ca\/producte\/kado-pedrali-navarroaubanell\/#primaryimage","url":"https:\/\/www.navarroaubanell.com\/wp-content\/uploads\/2024\/09\/Portada-KAdo.jpg","contentUrl":"https:\/\/www.navarroaubanell.com\/wp-content\/uploads\/2024\/09\/Portada-KAdo.jpg","width":881,"height":1181,"caption":"Kado"},{"@type":"BreadcrumbList","@id":"https:\/\/www.navarroaubanell.com\/ca\/producte\/kado-pedrali-navarroaubanell\/#breadcrumb","itemListElement":[{"@type":"ListItem","position":1,"name":"Portada","item":"https:\/\/www.navarroaubanell.com\/ca\/"},{"@type":"ListItem","position":2,"name":"Productes","item":"https:\/\/www.navarroaubanell.com\/productos\/"},{"@type":"ListItem","position":3,"name":"Kado"}]},{"@type":"WebSite","@id":"https:\/\/www.navarroaubanell.com\/ca\/#website","url":"https:\/\/www.navarroaubanell.com\/ca\/","name":"Navarro Aubanell","description":"Mobiliario para hoteler\u00eda, colectividades y oficinas","publisher":{"@id":"https:\/\/www.navarroaubanell.com\/ca\/#organization"},"potentialAction":[{"@type":"SearchAction","target":{"@type":"EntryPoint","urlTemplate":"https:\/\/www.navarroaubanell.com\/ca\/?s={search_term_string}"},"query-input":{"@type":"PropertyValueSpecification","valueRequired":true,"valueName":"search_term_string"}}],"inLanguage":"ca"},{"@type":"Organization","@id":"https:\/\/www.navarroaubanell.com\/ca\/#organization","name":"COMERCIAL NAVARRO AUBANELL, S.A","url":"https:\/\/www.navarroaubanell.com\/ca\/","logo":{"@type":"ImageObject","inLanguage":"ca","@id":"https:\/\/www.navarroaubanell.com\/ca\/#\/schema\/logo\/image\/","url":"https:\/\/www.navarroaubanell.com\/wp-content\/uploads\/2017\/07\/logo-navarro-aubuanell.png","contentUrl":"https:\/\/www.navarroaubanell.com\/wp-content\/uploads\/2017\/07\/logo-navarro-aubuanell.png","width":6304,"height":1154,"caption":"COMERCIAL NAVARRO AUBANELL, S.A"},"image":{"@id":"https:\/\/www.navarroaubanell.com\/ca\/#\/schema\/logo\/image\/"}}]}},"_links":{"self":[{"href":"https:\/\/www.navarroaubanell.com\/ca\/wp-json\/wp\/v2\/product\/37576","targetHints":{"allow":["GET"]}}],"collection":[{"href":"https:\/\/www.navarroaubanell.com\/ca\/wp-json\/wp\/v2\/product"}],"about":[{"href":"https:\/\/www.navarroaubanell.com\/ca\/wp-json\/wp\/v2\/types\/product"}],"wp:featuredmedia":[{"embeddable":true,"href":"https:\/\/www.navarroaubanell.com\/ca\/wp-json\/wp\/v2\/media\/37540"}],"wp:attachment":[{"href":"https:\/\/www.navarroaubanell.com\/ca\/wp-json\/wp\/v2\/media?parent=37576"}],"wp:term":[{"taxonomy":"product_brand","embeddable":true,"href":"https:\/\/www.navarroaubanell.com\/ca\/wp-json\/wp\/v2\/product_brand?post=37576"},{"taxonomy":"product_cat","embeddable":true,"href":"https:\/\/www.navarroaubanell.com\/ca\/wp-json\/wp\/v2\/product_cat?post=37576"},{"taxonomy":"product_tag","embeddable":true,"href":"https:\/\/www.navarroaubanell.com\/ca\/wp-json\/wp\/v2\/product_tag?post=37576"}],"curies":[{"name":"wp","href":"https:\/\/api.w.org\/{rel}","templated":true}]}}