{"id":37534,"date":"2024-09-10T10:21:35","date_gmt":"2024-09-10T08:21:35","guid":{"rendered":"https:\/\/www.navarroaubanell.com\/producto\/hevea-pedrali-navarroaubanell\/"},"modified":"2024-09-10T10:45:19","modified_gmt":"2024-09-10T08:45:19","slug":"hevea-pedrali-navarroaubanell","status":"publish","type":"product","link":"https:\/\/www.navarroaubanell.com\/ca\/producte\/hevea-pedrali-navarroaubanell\/","title":{"rendered":"Hevea"},"content":{"rendered":"<div class=\"intro--text__descr\">\n<p>Hevea \u00e9s la soluci\u00f3 perfecta per als qui desitgen integrar la naturalesa en els seus espais, tant en llars com en entorns comercials. Aquest vers\u00e0til complement de decoraci\u00f3 permet crear composicions \u00faniques amb plantes, adaptant-se a diferents estils i necessitats. Hevea s&#8217;integra discretament en qualsevol ambient ja sigui en espais de treball, hostaleria o entorns comercials.<\/p>\n<p>Amb el seu disseny modular i funcional, Hevea facilita la creaci\u00f3 de parets verdes i distribucions que aporten frescor i modernitat a qualsevol espai. El seu sistema d&#8217;acoblament mec\u00e0nic permet una f\u00e0cil neteja i garanteix la correcta eliminaci\u00f3 dels components al final del seu cicle de vida. A m\u00e9s, els tests addicionals poden adquirir-se per separat per a ampliar les composicions.<\/p>\n<h6>Models destacats:<\/h6>\n<ul>\n<li><a href=\"https:\/\/cdn-assets.pedrali.com\/media\/pedrali\/media\/assets\/originals\/documenti\/st\/st-hevea-5181.pdf\"><strong>Hevea 5181<\/strong>:<\/a> Suport per a tests amb una tija central d&#8217;acer i sis tests de polipropil\u00e8 fixats amb ganxos d&#8217;acer inoxidable, disponibles en quatre colors. Els tests es poden col\u00b7locar un enfront de l&#8217;altre o en forma espiral. Ideal per a s\u00f2ls delicats gr\u00e0cies als seus tacs de feltre corbat.<\/li>\n<\/ul>\n<\/div>\n<div class=\"intro--text__descr\">\n<ul>\n<li><strong><a href=\"https:\/\/cdn-assets.pedrali.com\/media\/pedrali\/media\/assets\/originals\/documenti\/st\/st-hevea-5183.pdf\">Hevea\u00a0Partition\u00a05183<\/a>:<\/strong> Sistema de jardineres amb tres columnes d&#8217;acer i 15 tests, tamb\u00e9 fixats amb ganxos d&#8217;acer inoxidable. Perfecte per a crear parets verdes personalitzades, disponible en diversos colors.<\/li>\n<\/ul>\n<\/div>\n<div class=\"intro--text__descr\">\n<ul>\n<li><strong><a href=\"https:\/\/cdn-assets.pedrali.com\/media\/pedrali\/media\/assets\/originals\/documenti\/st\/st-hevea-5182.pdf\">Hevea Ice Bucket 5182<\/a>:<\/strong> Una versi\u00f3 innovadora que transforma la jardineria en funcionalitat. Seguint el disseny de les jardineres, Ice Bucket \u00e9s una gla\u00e7onera de gel per a mantenir les ampolles a temperatura, amb l&#8217;opci\u00f3 d&#8217;afegir una segona galleda per a major versatilitat.<\/li>\n<\/ul>\n<p>Hevea aporta naturalesa, estil i funcionalitat a qualsevol espai, permetent personalitzar i renovar l&#8217;ambient amb un toc verd i contemporani.<\/p>\n<\/div>\n","protected":false},"excerpt":{"rendered":"<p>Hevea \u00e9s la soluci\u00f3 perfecta per als qui desitgen integrar la naturalesa en els seus espais, tant en llars com en entorns comercials. Aquest vers\u00e0til complement de decoraci\u00f3 permet crear composicions \u00faniques amb plantes, adaptant-se a diferents estils i necessitats. Hevea s&#8217;integra discretament en qualsevol ambient ja sigui en espais de treball, hostaleria o entorns&hellip;<\/p>\n","protected":false},"featured_media":37508,"template":"","meta":{"_acf_changed":false},"product_brand":[],"product_cat":[518,520],"product_tag":[956,1283,664,1284,729],"class_list":{"0":"post-37534","1":"product","2":"type-product","3":"status-publish","4":"has-post-thumbnail","6":"product_cat-accessoris","7":"product_cat-decoracio","8":"product_tag-decoracion-ca","9":"product_tag-hevea-ca","10":"product_tag-interior-ca","11":"product_tag-jardinera-ca","12":"product_tag-pedrali-ca","13":"description-off","15":"first","16":"instock","17":"shipping-taxable","18":"product-type-simple"},"acf":[],"yoast_head":"<!-- This site is optimized with the Yoast SEO plugin v27.0 - https:\/\/yoast.com\/product\/yoast-seo-wordpress\/ -->\n<title>Hevea, Pedrali- Navarro Aubanell<\/title>\n<meta name=\"description\" content=\"Hevea: versatilitat per a hostaleria i espais comercials, creant parets verdes. Tamb\u00e9 hi ha un model de gla\u00e7onera de gel per a ampolles\" \/>\n<meta name=\"robots\" content=\"index, follow, max-snippet:-1, max-image-preview:large, max-video-preview:-1\" \/>\n<link rel=\"canonical\" href=\"https:\/\/www.navarroaubanell.com\/ca\/producte\/hevea-pedrali-navarroaubanell\/\" \/>\n<meta property=\"og:locale\" content=\"ca_ES\" \/>\n<meta property=\"og:type\" content=\"article\" \/>\n<meta property=\"og:title\" content=\"Hevea, Pedrali- Navarro Aubanell\" \/>\n<meta property=\"og:description\" content=\"Hevea: versatilitat per a hostaleria i espais comercials, creant parets verdes. Tamb\u00e9 hi ha un model de gla\u00e7onera de gel per a ampolles\" \/>\n<meta property=\"og:url\" content=\"https:\/\/www.navarroaubanell.com\/ca\/producte\/hevea-pedrali-navarroaubanell\/\" \/>\n<meta property=\"og:site_name\" content=\"Navarro Aubanell\" \/>\n<meta property=\"article:modified_time\" content=\"2024-09-10T08:45:19+00:00\" \/>\n<meta property=\"og:image\" content=\"https:\/\/www.navarroaubanell.com\/wp-content\/uploads\/2024\/09\/hevea-5181-still-02.jpg\" \/>\n\t<meta property=\"og:image:width\" content=\"881\" \/>\n\t<meta property=\"og:image:height\" content=\"1181\" \/>\n\t<meta property=\"og:image:type\" content=\"image\/jpeg\" \/>\n<meta name=\"twitter:label1\" content=\"Est. reading time\" \/>\n\t<meta name=\"twitter:data1\" content=\"2 minutes\" \/>\n<script type=\"application\/ld+json\" class=\"yoast-schema-graph\">{\"@context\":\"https:\/\/schema.org\",\"@graph\":[{\"@type\":\"WebPage\",\"@id\":\"https:\/\/www.navarroaubanell.com\/ca\/producte\/hevea-pedrali-navarroaubanell\/\",\"url\":\"https:\/\/www.navarroaubanell.com\/ca\/producte\/hevea-pedrali-navarroaubanell\/\",\"name\":\"Hevea, Pedrali- Navarro Aubanell\",\"isPartOf\":{\"@id\":\"https:\/\/www.navarroaubanell.com\/ca\/#website\"},\"primaryImageOfPage\":{\"@id\":\"https:\/\/www.navarroaubanell.com\/ca\/producte\/hevea-pedrali-navarroaubanell\/#primaryimage\"},\"image\":{\"@id\":\"https:\/\/www.navarroaubanell.com\/ca\/producte\/hevea-pedrali-navarroaubanell\/#primaryimage\"},\"thumbnailUrl\":\"https:\/\/www.navarroaubanell.com\/wp-content\/uploads\/2024\/09\/hevea-5181-still-02.jpg\",\"datePublished\":\"2024-09-10T08:21:35+00:00\",\"dateModified\":\"2024-09-10T08:45:19+00:00\",\"description\":\"Hevea: versatilitat per a hostaleria i espais comercials, creant parets verdes. Tamb\u00e9 hi ha un model de gla\u00e7onera de gel per a ampolles\",\"breadcrumb\":{\"@id\":\"https:\/\/www.navarroaubanell.com\/ca\/producte\/hevea-pedrali-navarroaubanell\/#breadcrumb\"},\"inLanguage\":\"ca\",\"potentialAction\":[{\"@type\":\"ReadAction\",\"target\":[\"https:\/\/www.navarroaubanell.com\/ca\/producte\/hevea-pedrali-navarroaubanell\/\"]}]},{\"@type\":\"ImageObject\",\"inLanguage\":\"ca\",\"@id\":\"https:\/\/www.navarroaubanell.com\/ca\/producte\/hevea-pedrali-navarroaubanell\/#primaryimage\",\"url\":\"https:\/\/www.navarroaubanell.com\/wp-content\/uploads\/2024\/09\/hevea-5181-still-02.jpg\",\"contentUrl\":\"https:\/\/www.navarroaubanell.com\/wp-content\/uploads\/2024\/09\/hevea-5181-still-02.jpg\",\"width\":881,\"height\":1181,\"caption\":\"Hevea 5181\"},{\"@type\":\"BreadcrumbList\",\"@id\":\"https:\/\/www.navarroaubanell.com\/ca\/producte\/hevea-pedrali-navarroaubanell\/#breadcrumb\",\"itemListElement\":[{\"@type\":\"ListItem\",\"position\":1,\"name\":\"Portada\",\"item\":\"https:\/\/www.navarroaubanell.com\/ca\/\"},{\"@type\":\"ListItem\",\"position\":2,\"name\":\"Productes\",\"item\":\"https:\/\/www.navarroaubanell.com\/productos\/\"},{\"@type\":\"ListItem\",\"position\":3,\"name\":\"Hevea\"}]},{\"@type\":\"WebSite\",\"@id\":\"https:\/\/www.navarroaubanell.com\/ca\/#website\",\"url\":\"https:\/\/www.navarroaubanell.com\/ca\/\",\"name\":\"Navarro Aubanell\",\"description\":\"Mobiliario para hoteler\u00eda, colectividades y oficinas\",\"publisher\":{\"@id\":\"https:\/\/www.navarroaubanell.com\/ca\/#organization\"},\"potentialAction\":[{\"@type\":\"SearchAction\",\"target\":{\"@type\":\"EntryPoint\",\"urlTemplate\":\"https:\/\/www.navarroaubanell.com\/ca\/?s={search_term_string}\"},\"query-input\":{\"@type\":\"PropertyValueSpecification\",\"valueRequired\":true,\"valueName\":\"search_term_string\"}}],\"inLanguage\":\"ca\"},{\"@type\":\"Organization\",\"@id\":\"https:\/\/www.navarroaubanell.com\/ca\/#organization\",\"name\":\"COMERCIAL NAVARRO AUBANELL, S.A\",\"url\":\"https:\/\/www.navarroaubanell.com\/ca\/\",\"logo\":{\"@type\":\"ImageObject\",\"inLanguage\":\"ca\",\"@id\":\"https:\/\/www.navarroaubanell.com\/ca\/#\/schema\/logo\/image\/\",\"url\":\"https:\/\/www.navarroaubanell.com\/wp-content\/uploads\/2017\/07\/logo-navarro-aubuanell.png\",\"contentUrl\":\"https:\/\/www.navarroaubanell.com\/wp-content\/uploads\/2017\/07\/logo-navarro-aubuanell.png\",\"width\":6304,\"height\":1154,\"caption\":\"COMERCIAL NAVARRO AUBANELL, S.A\"},\"image\":{\"@id\":\"https:\/\/www.navarroaubanell.com\/ca\/#\/schema\/logo\/image\/\"}}]}<\/script>\n<!-- \/ Yoast SEO plugin. -->","yoast_head_json":{"title":"Hevea, Pedrali- Navarro Aubanell","description":"Hevea: versatilitat per a hostaleria i espais comercials, creant parets verdes. Tamb\u00e9 hi ha un model de gla\u00e7onera de gel per a ampolles","robots":{"index":"index","follow":"follow","max-snippet":"max-snippet:-1","max-image-preview":"max-image-preview:large","max-video-preview":"max-video-preview:-1"},"canonical":"https:\/\/www.navarroaubanell.com\/ca\/producte\/hevea-pedrali-navarroaubanell\/","og_locale":"ca_ES","og_type":"article","og_title":"Hevea, Pedrali- Navarro Aubanell","og_description":"Hevea: versatilitat per a hostaleria i espais comercials, creant parets verdes. Tamb\u00e9 hi ha un model de gla\u00e7onera de gel per a ampolles","og_url":"https:\/\/www.navarroaubanell.com\/ca\/producte\/hevea-pedrali-navarroaubanell\/","og_site_name":"Navarro Aubanell","article_modified_time":"2024-09-10T08:45:19+00:00","og_image":[{"width":881,"height":1181,"url":"https:\/\/www.navarroaubanell.com\/wp-content\/uploads\/2024\/09\/hevea-5181-still-02.jpg","type":"image\/jpeg"}],"twitter_misc":{"Est. reading time":"2 minutes"},"schema":{"@context":"https:\/\/schema.org","@graph":[{"@type":"WebPage","@id":"https:\/\/www.navarroaubanell.com\/ca\/producte\/hevea-pedrali-navarroaubanell\/","url":"https:\/\/www.navarroaubanell.com\/ca\/producte\/hevea-pedrali-navarroaubanell\/","name":"Hevea, Pedrali- Navarro Aubanell","isPartOf":{"@id":"https:\/\/www.navarroaubanell.com\/ca\/#website"},"primaryImageOfPage":{"@id":"https:\/\/www.navarroaubanell.com\/ca\/producte\/hevea-pedrali-navarroaubanell\/#primaryimage"},"image":{"@id":"https:\/\/www.navarroaubanell.com\/ca\/producte\/hevea-pedrali-navarroaubanell\/#primaryimage"},"thumbnailUrl":"https:\/\/www.navarroaubanell.com\/wp-content\/uploads\/2024\/09\/hevea-5181-still-02.jpg","datePublished":"2024-09-10T08:21:35+00:00","dateModified":"2024-09-10T08:45:19+00:00","description":"Hevea: versatilitat per a hostaleria i espais comercials, creant parets verdes. Tamb\u00e9 hi ha un model de gla\u00e7onera de gel per a ampolles","breadcrumb":{"@id":"https:\/\/www.navarroaubanell.com\/ca\/producte\/hevea-pedrali-navarroaubanell\/#breadcrumb"},"inLanguage":"ca","potentialAction":[{"@type":"ReadAction","target":["https:\/\/www.navarroaubanell.com\/ca\/producte\/hevea-pedrali-navarroaubanell\/"]}]},{"@type":"ImageObject","inLanguage":"ca","@id":"https:\/\/www.navarroaubanell.com\/ca\/producte\/hevea-pedrali-navarroaubanell\/#primaryimage","url":"https:\/\/www.navarroaubanell.com\/wp-content\/uploads\/2024\/09\/hevea-5181-still-02.jpg","contentUrl":"https:\/\/www.navarroaubanell.com\/wp-content\/uploads\/2024\/09\/hevea-5181-still-02.jpg","width":881,"height":1181,"caption":"Hevea 5181"},{"@type":"BreadcrumbList","@id":"https:\/\/www.navarroaubanell.com\/ca\/producte\/hevea-pedrali-navarroaubanell\/#breadcrumb","itemListElement":[{"@type":"ListItem","position":1,"name":"Portada","item":"https:\/\/www.navarroaubanell.com\/ca\/"},{"@type":"ListItem","position":2,"name":"Productes","item":"https:\/\/www.navarroaubanell.com\/productos\/"},{"@type":"ListItem","position":3,"name":"Hevea"}]},{"@type":"WebSite","@id":"https:\/\/www.navarroaubanell.com\/ca\/#website","url":"https:\/\/www.navarroaubanell.com\/ca\/","name":"Navarro Aubanell","description":"Mobiliario para hoteler\u00eda, colectividades y oficinas","publisher":{"@id":"https:\/\/www.navarroaubanell.com\/ca\/#organization"},"potentialAction":[{"@type":"SearchAction","target":{"@type":"EntryPoint","urlTemplate":"https:\/\/www.navarroaubanell.com\/ca\/?s={search_term_string}"},"query-input":{"@type":"PropertyValueSpecification","valueRequired":true,"valueName":"search_term_string"}}],"inLanguage":"ca"},{"@type":"Organization","@id":"https:\/\/www.navarroaubanell.com\/ca\/#organization","name":"COMERCIAL NAVARRO AUBANELL, S.A","url":"https:\/\/www.navarroaubanell.com\/ca\/","logo":{"@type":"ImageObject","inLanguage":"ca","@id":"https:\/\/www.navarroaubanell.com\/ca\/#\/schema\/logo\/image\/","url":"https:\/\/www.navarroaubanell.com\/wp-content\/uploads\/2017\/07\/logo-navarro-aubuanell.png","contentUrl":"https:\/\/www.navarroaubanell.com\/wp-content\/uploads\/2017\/07\/logo-navarro-aubuanell.png","width":6304,"height":1154,"caption":"COMERCIAL NAVARRO AUBANELL, S.A"},"image":{"@id":"https:\/\/www.navarroaubanell.com\/ca\/#\/schema\/logo\/image\/"}}]}},"_links":{"self":[{"href":"https:\/\/www.navarroaubanell.com\/ca\/wp-json\/wp\/v2\/product\/37534","targetHints":{"allow":["GET"]}}],"collection":[{"href":"https:\/\/www.navarroaubanell.com\/ca\/wp-json\/wp\/v2\/product"}],"about":[{"href":"https:\/\/www.navarroaubanell.com\/ca\/wp-json\/wp\/v2\/types\/product"}],"wp:featuredmedia":[{"embeddable":true,"href":"https:\/\/www.navarroaubanell.com\/ca\/wp-json\/wp\/v2\/media\/37508"}],"wp:attachment":[{"href":"https:\/\/www.navarroaubanell.com\/ca\/wp-json\/wp\/v2\/media?parent=37534"}],"wp:term":[{"taxonomy":"product_brand","embeddable":true,"href":"https:\/\/www.navarroaubanell.com\/ca\/wp-json\/wp\/v2\/product_brand?post=37534"},{"taxonomy":"product_cat","embeddable":true,"href":"https:\/\/www.navarroaubanell.com\/ca\/wp-json\/wp\/v2\/product_cat?post=37534"},{"taxonomy":"product_tag","embeddable":true,"href":"https:\/\/www.navarroaubanell.com\/ca\/wp-json\/wp\/v2\/product_tag?post=37534"}],"curies":[{"name":"wp","href":"https:\/\/api.w.org\/{rel}","templated":true}]}}