{"id":37293,"date":"2024-09-05T11:58:55","date_gmt":"2024-09-05T09:58:55","guid":{"rendered":"https:\/\/www.navarroaubanell.com\/producto\/mesa-kuadro-pedrali-navarroaubanell\/"},"modified":"2024-09-06T10:21:52","modified_gmt":"2024-09-06T08:21:52","slug":"taula-kuadro-pedrali-navarroaubanell","status":"publish","type":"product","link":"https:\/\/www.navarroaubanell.com\/ca\/producte\/taula-kuadro-pedrali-navarroaubanell\/","title":{"rendered":"Taula Kuadro"},"content":{"rendered":"<h5>Disseny Modern i Elegant<\/h5>\n<p>La taula <strong>Kuadro<\/strong> redefineix el concepte de taules i escriptoris amb el seu disseny modern i elegant de perfil quadrat. Aquestes taules ofereixen una est\u00e8tica sofisticada i una solidesa excepcional que assegura durabilitat en qualsevol entorn.<\/p>\n<h6>Estructura Robusta i Acabats Vers\u00e0tils<\/h6>\n<p><strong>Kuadro<\/strong> t\u00e9 una estructura d&#8217;acer tubular connectada per cantonades d&#8217;alumini fos a pressi\u00f3, garantint un producte compacte, fort i resistent. Les potes estan disponibles en acabats en vern\u00eds en pols en una \u00e0mplia gamma de colors, acabat cromat o setinat, adaptant-se a les necessitats i estil de cada espai. A m\u00e9s, cada model ve equipat amb tacs de polietil\u00e8 negre per protegir tant la taula com la superf\u00edcie on es col\u00b7loca, assegurant resist\u00e8ncia i prolongant la seva vida \u00fatil.<\/p>\n<h6>Opcions de Sobre Adaptables<\/h6>\n<p>Els sobres de les taules Kuadro poden ser de laminat, fenix o compacte, permetent una major versatilitat en el disseny. Per a ambients m\u00e9s sofisticats, Kuadro ofereix una opci\u00f3 amb sobre de cristall, ideal per a restaurants o espais que demanden eleg\u00e0ncia i practicitat.<\/p>\n<h6>Adaptabilitat a Diverses Exig\u00e8ncies<\/h6>\n<p>La col\u00b7lecci\u00f3 <strong>Kuadro<\/strong> \u00e9s l&#8217;opci\u00f3 perfecta per a aquells que busquen funcionalitat, resist\u00e8ncia i un disseny que s&#8217;adapti a qualsevol ambient professional o hostel. A m\u00e9s, cada model de taula <strong>Kuadro<\/strong> est\u00e0 disponible en diferents mesures, la qual cosa permet adaptar-se a diverses exig\u00e8ncies i configuracions d&#8217;espai.<\/p>\n<p><a href=\"https:\/\/cdn-assets.pedrali.com\/media\/pedrali\/media\/assets\/originals\/documenti\/t-k\/t-kuadro-tk2.pdf\">Fitxa t\u00e8cnica<\/a><\/p>\n<p>&nbsp;<\/p>\n","protected":false},"excerpt":{"rendered":"<p>Disseny Modern i Elegant La taula Kuadro redefineix el concepte de taules i escriptoris amb el seu disseny modern i elegant de perfil quadrat. Aquestes taules ofereixen una est\u00e8tica sofisticada i una solidesa excepcional que assegura durabilitat en qualsevol entorn. Estructura Robusta i Acabats Vers\u00e0tils Kuadro t\u00e9 una estructura d&#8217;acer tubular connectada per cantonades d&#8217;alumini&hellip;<\/p>\n","protected":false},"featured_media":37257,"template":"","meta":{"_acf_changed":false},"product_brand":[],"product_cat":[525,529],"product_tag":[1267,664,1010,1238,729,695],"class_list":{"0":"post-37293","1":"product","2":"type-product","3":"status-publish","4":"has-post-thumbnail","6":"product_cat-interior","7":"product_cat-taules","8":"product_tag-escritorio","9":"product_tag-interior-ca","10":"product_tag-kuadro-ca","11":"product_tag-oficina-ca","12":"product_tag-pedrali-ca","13":"product_tag-taula","14":"description-off","16":"first","17":"instock","18":"shipping-taxable","19":"product-type-simple"},"acf":[],"yoast_head":"<!-- This site is optimized with the Yoast SEO plugin v27.5 - https:\/\/yoast.com\/product\/yoast-seo-wordpress\/ -->\n<title>Taula Kuadro, Pedrali- Navarro Aubanell<\/title>\n<meta name=\"description\" content=\"La taula Kuadro ofereix taules i escriptoris de perfil quadrat en diversos acabats, incl\u00f2s sobre de cristall i mesures, combinant eleg\u00e0ncia i funcionalitat.\" \/>\n<meta name=\"robots\" content=\"index, follow, max-snippet:-1, max-image-preview:large, max-video-preview:-1\" \/>\n<link rel=\"canonical\" href=\"https:\/\/www.navarroaubanell.com\/ca\/producte\/taula-kuadro-pedrali-navarroaubanell\/\" \/>\n<meta property=\"og:locale\" content=\"ca_ES\" \/>\n<meta property=\"og:type\" content=\"article\" \/>\n<meta property=\"og:title\" content=\"Taula Kuadro, Pedrali- Navarro Aubanell\" \/>\n<meta property=\"og:description\" content=\"La taula Kuadro ofereix taules i escriptoris de perfil quadrat en diversos acabats, incl\u00f2s sobre de cristall i mesures, combinant eleg\u00e0ncia i funcionalitat.\" \/>\n<meta property=\"og:url\" content=\"https:\/\/www.navarroaubanell.com\/ca\/producte\/taula-kuadro-pedrali-navarroaubanell\/\" \/>\n<meta property=\"og:site_name\" content=\"Navarro Aubanell\" \/>\n<meta property=\"article:modified_time\" content=\"2024-09-06T08:21:52+00:00\" \/>\n<meta property=\"og:image\" content=\"https:\/\/www.navarroaubanell.com\/wp-content\/uploads\/2024\/09\/kuadro-tk-still-01-Photoroom.png\" \/>\n\t<meta property=\"og:image:width\" content=\"800\" \/>\n\t<meta property=\"og:image:height\" content=\"650\" \/>\n\t<meta property=\"og:image:type\" content=\"image\/png\" \/>\n<meta name=\"twitter:label1\" content=\"Est. reading time\" \/>\n\t<meta name=\"twitter:data1\" content=\"2 minutes\" \/>\n<script type=\"application\/ld+json\" class=\"yoast-schema-graph\">{\"@context\":\"https:\\\/\\\/schema.org\",\"@graph\":[{\"@type\":\"WebPage\",\"@id\":\"https:\\\/\\\/www.navarroaubanell.com\\\/ca\\\/producte\\\/taula-kuadro-pedrali-navarroaubanell\\\/\",\"url\":\"https:\\\/\\\/www.navarroaubanell.com\\\/ca\\\/producte\\\/taula-kuadro-pedrali-navarroaubanell\\\/\",\"name\":\"Taula Kuadro, Pedrali- Navarro Aubanell\",\"isPartOf\":{\"@id\":\"https:\\\/\\\/www.navarroaubanell.com\\\/ca\\\/#website\"},\"primaryImageOfPage\":{\"@id\":\"https:\\\/\\\/www.navarroaubanell.com\\\/ca\\\/producte\\\/taula-kuadro-pedrali-navarroaubanell\\\/#primaryimage\"},\"image\":{\"@id\":\"https:\\\/\\\/www.navarroaubanell.com\\\/ca\\\/producte\\\/taula-kuadro-pedrali-navarroaubanell\\\/#primaryimage\"},\"thumbnailUrl\":\"https:\\\/\\\/www.navarroaubanell.com\\\/wp-content\\\/uploads\\\/2024\\\/09\\\/kuadro-tk-still-01-Photoroom.png\",\"datePublished\":\"2024-09-05T09:58:55+00:00\",\"dateModified\":\"2024-09-06T08:21:52+00:00\",\"description\":\"La taula Kuadro ofereix taules i escriptoris de perfil quadrat en diversos acabats, incl\u00f2s sobre de cristall i mesures, combinant eleg\u00e0ncia i funcionalitat.\",\"breadcrumb\":{\"@id\":\"https:\\\/\\\/www.navarroaubanell.com\\\/ca\\\/producte\\\/taula-kuadro-pedrali-navarroaubanell\\\/#breadcrumb\"},\"inLanguage\":\"ca\",\"potentialAction\":[{\"@type\":\"ReadAction\",\"target\":[\"https:\\\/\\\/www.navarroaubanell.com\\\/ca\\\/producte\\\/taula-kuadro-pedrali-navarroaubanell\\\/\"]}]},{\"@type\":\"ImageObject\",\"inLanguage\":\"ca\",\"@id\":\"https:\\\/\\\/www.navarroaubanell.com\\\/ca\\\/producte\\\/taula-kuadro-pedrali-navarroaubanell\\\/#primaryimage\",\"url\":\"https:\\\/\\\/www.navarroaubanell.com\\\/wp-content\\\/uploads\\\/2024\\\/09\\\/kuadro-tk-still-01-Photoroom.png\",\"contentUrl\":\"https:\\\/\\\/www.navarroaubanell.com\\\/wp-content\\\/uploads\\\/2024\\\/09\\\/kuadro-tk-still-01-Photoroom.png\",\"width\":800,\"height\":650,\"caption\":\"Mesa Kuadro con sobre de cristal\"},{\"@type\":\"BreadcrumbList\",\"@id\":\"https:\\\/\\\/www.navarroaubanell.com\\\/ca\\\/producte\\\/taula-kuadro-pedrali-navarroaubanell\\\/#breadcrumb\",\"itemListElement\":[{\"@type\":\"ListItem\",\"position\":1,\"name\":\"Portada\",\"item\":\"https:\\\/\\\/www.navarroaubanell.com\\\/ca\\\/\"},{\"@type\":\"ListItem\",\"position\":2,\"name\":\"Productes\",\"item\":\"https:\\\/\\\/www.navarroaubanell.com\\\/productos\\\/\"},{\"@type\":\"ListItem\",\"position\":3,\"name\":\"Taula Kuadro\"}]},{\"@type\":\"WebSite\",\"@id\":\"https:\\\/\\\/www.navarroaubanell.com\\\/ca\\\/#website\",\"url\":\"https:\\\/\\\/www.navarroaubanell.com\\\/ca\\\/\",\"name\":\"Navarro Aubanell\",\"description\":\"Mobiliario para hoteler\u00eda, colectividades y oficinas\",\"publisher\":{\"@id\":\"https:\\\/\\\/www.navarroaubanell.com\\\/ca\\\/#organization\"},\"potentialAction\":[{\"@type\":\"SearchAction\",\"target\":{\"@type\":\"EntryPoint\",\"urlTemplate\":\"https:\\\/\\\/www.navarroaubanell.com\\\/ca\\\/?s={search_term_string}\"},\"query-input\":{\"@type\":\"PropertyValueSpecification\",\"valueRequired\":true,\"valueName\":\"search_term_string\"}}],\"inLanguage\":\"ca\"},{\"@type\":\"Organization\",\"@id\":\"https:\\\/\\\/www.navarroaubanell.com\\\/ca\\\/#organization\",\"name\":\"COMERCIAL NAVARRO AUBANELL, S.A\",\"url\":\"https:\\\/\\\/www.navarroaubanell.com\\\/ca\\\/\",\"logo\":{\"@type\":\"ImageObject\",\"inLanguage\":\"ca\",\"@id\":\"https:\\\/\\\/www.navarroaubanell.com\\\/ca\\\/#\\\/schema\\\/logo\\\/image\\\/\",\"url\":\"https:\\\/\\\/www.navarroaubanell.com\\\/wp-content\\\/uploads\\\/2017\\\/07\\\/logo-navarro-aubuanell.png\",\"contentUrl\":\"https:\\\/\\\/www.navarroaubanell.com\\\/wp-content\\\/uploads\\\/2017\\\/07\\\/logo-navarro-aubuanell.png\",\"width\":6304,\"height\":1154,\"caption\":\"COMERCIAL NAVARRO AUBANELL, S.A\"},\"image\":{\"@id\":\"https:\\\/\\\/www.navarroaubanell.com\\\/ca\\\/#\\\/schema\\\/logo\\\/image\\\/\"}}]}<\/script>\n<!-- \/ Yoast SEO plugin. -->","yoast_head_json":{"title":"Taula Kuadro, Pedrali- Navarro Aubanell","description":"La taula Kuadro ofereix taules i escriptoris de perfil quadrat en diversos acabats, incl\u00f2s sobre de cristall i mesures, combinant eleg\u00e0ncia i funcionalitat.","robots":{"index":"index","follow":"follow","max-snippet":"max-snippet:-1","max-image-preview":"max-image-preview:large","max-video-preview":"max-video-preview:-1"},"canonical":"https:\/\/www.navarroaubanell.com\/ca\/producte\/taula-kuadro-pedrali-navarroaubanell\/","og_locale":"ca_ES","og_type":"article","og_title":"Taula Kuadro, Pedrali- Navarro Aubanell","og_description":"La taula Kuadro ofereix taules i escriptoris de perfil quadrat en diversos acabats, incl\u00f2s sobre de cristall i mesures, combinant eleg\u00e0ncia i funcionalitat.","og_url":"https:\/\/www.navarroaubanell.com\/ca\/producte\/taula-kuadro-pedrali-navarroaubanell\/","og_site_name":"Navarro Aubanell","article_modified_time":"2024-09-06T08:21:52+00:00","og_image":[{"width":800,"height":650,"url":"https:\/\/www.navarroaubanell.com\/wp-content\/uploads\/2024\/09\/kuadro-tk-still-01-Photoroom.png","type":"image\/png"}],"twitter_misc":{"Est. reading time":"2 minutes"},"schema":{"@context":"https:\/\/schema.org","@graph":[{"@type":"WebPage","@id":"https:\/\/www.navarroaubanell.com\/ca\/producte\/taula-kuadro-pedrali-navarroaubanell\/","url":"https:\/\/www.navarroaubanell.com\/ca\/producte\/taula-kuadro-pedrali-navarroaubanell\/","name":"Taula Kuadro, Pedrali- Navarro Aubanell","isPartOf":{"@id":"https:\/\/www.navarroaubanell.com\/ca\/#website"},"primaryImageOfPage":{"@id":"https:\/\/www.navarroaubanell.com\/ca\/producte\/taula-kuadro-pedrali-navarroaubanell\/#primaryimage"},"image":{"@id":"https:\/\/www.navarroaubanell.com\/ca\/producte\/taula-kuadro-pedrali-navarroaubanell\/#primaryimage"},"thumbnailUrl":"https:\/\/www.navarroaubanell.com\/wp-content\/uploads\/2024\/09\/kuadro-tk-still-01-Photoroom.png","datePublished":"2024-09-05T09:58:55+00:00","dateModified":"2024-09-06T08:21:52+00:00","description":"La taula Kuadro ofereix taules i escriptoris de perfil quadrat en diversos acabats, incl\u00f2s sobre de cristall i mesures, combinant eleg\u00e0ncia i funcionalitat.","breadcrumb":{"@id":"https:\/\/www.navarroaubanell.com\/ca\/producte\/taula-kuadro-pedrali-navarroaubanell\/#breadcrumb"},"inLanguage":"ca","potentialAction":[{"@type":"ReadAction","target":["https:\/\/www.navarroaubanell.com\/ca\/producte\/taula-kuadro-pedrali-navarroaubanell\/"]}]},{"@type":"ImageObject","inLanguage":"ca","@id":"https:\/\/www.navarroaubanell.com\/ca\/producte\/taula-kuadro-pedrali-navarroaubanell\/#primaryimage","url":"https:\/\/www.navarroaubanell.com\/wp-content\/uploads\/2024\/09\/kuadro-tk-still-01-Photoroom.png","contentUrl":"https:\/\/www.navarroaubanell.com\/wp-content\/uploads\/2024\/09\/kuadro-tk-still-01-Photoroom.png","width":800,"height":650,"caption":"Mesa Kuadro con sobre de cristal"},{"@type":"BreadcrumbList","@id":"https:\/\/www.navarroaubanell.com\/ca\/producte\/taula-kuadro-pedrali-navarroaubanell\/#breadcrumb","itemListElement":[{"@type":"ListItem","position":1,"name":"Portada","item":"https:\/\/www.navarroaubanell.com\/ca\/"},{"@type":"ListItem","position":2,"name":"Productes","item":"https:\/\/www.navarroaubanell.com\/productos\/"},{"@type":"ListItem","position":3,"name":"Taula Kuadro"}]},{"@type":"WebSite","@id":"https:\/\/www.navarroaubanell.com\/ca\/#website","url":"https:\/\/www.navarroaubanell.com\/ca\/","name":"Navarro Aubanell","description":"Mobiliario para hoteler\u00eda, colectividades y oficinas","publisher":{"@id":"https:\/\/www.navarroaubanell.com\/ca\/#organization"},"potentialAction":[{"@type":"SearchAction","target":{"@type":"EntryPoint","urlTemplate":"https:\/\/www.navarroaubanell.com\/ca\/?s={search_term_string}"},"query-input":{"@type":"PropertyValueSpecification","valueRequired":true,"valueName":"search_term_string"}}],"inLanguage":"ca"},{"@type":"Organization","@id":"https:\/\/www.navarroaubanell.com\/ca\/#organization","name":"COMERCIAL NAVARRO AUBANELL, S.A","url":"https:\/\/www.navarroaubanell.com\/ca\/","logo":{"@type":"ImageObject","inLanguage":"ca","@id":"https:\/\/www.navarroaubanell.com\/ca\/#\/schema\/logo\/image\/","url":"https:\/\/www.navarroaubanell.com\/wp-content\/uploads\/2017\/07\/logo-navarro-aubuanell.png","contentUrl":"https:\/\/www.navarroaubanell.com\/wp-content\/uploads\/2017\/07\/logo-navarro-aubuanell.png","width":6304,"height":1154,"caption":"COMERCIAL NAVARRO AUBANELL, S.A"},"image":{"@id":"https:\/\/www.navarroaubanell.com\/ca\/#\/schema\/logo\/image\/"}}]}},"_links":{"self":[{"href":"https:\/\/www.navarroaubanell.com\/ca\/wp-json\/wp\/v2\/product\/37293","targetHints":{"allow":["GET"]}}],"collection":[{"href":"https:\/\/www.navarroaubanell.com\/ca\/wp-json\/wp\/v2\/product"}],"about":[{"href":"https:\/\/www.navarroaubanell.com\/ca\/wp-json\/wp\/v2\/types\/product"}],"wp:featuredmedia":[{"embeddable":true,"href":"https:\/\/www.navarroaubanell.com\/ca\/wp-json\/wp\/v2\/media\/37257"}],"wp:attachment":[{"href":"https:\/\/www.navarroaubanell.com\/ca\/wp-json\/wp\/v2\/media?parent=37293"}],"wp:term":[{"taxonomy":"product_brand","embeddable":true,"href":"https:\/\/www.navarroaubanell.com\/ca\/wp-json\/wp\/v2\/product_brand?post=37293"},{"taxonomy":"product_cat","embeddable":true,"href":"https:\/\/www.navarroaubanell.com\/ca\/wp-json\/wp\/v2\/product_cat?post=37293"},{"taxonomy":"product_tag","embeddable":true,"href":"https:\/\/www.navarroaubanell.com\/ca\/wp-json\/wp\/v2\/product_tag?post=37293"}],"curies":[{"name":"wp","href":"https:\/\/api.w.org\/{rel}","templated":true}]}}