{"id":37000,"date":"2024-09-03T12:53:10","date_gmt":"2024-09-03T10:53:10","guid":{"rendered":"https:\/\/www.navarroaubanell.com\/producto\/mesa-auxiliar-circuit-pedrali-navarroaubanell\/"},"modified":"2024-09-03T15:27:41","modified_gmt":"2024-09-03T13:27:41","slug":"taula-auxiliar-circuit-pedrali-navarroaubanell","status":"publish","type":"product","link":"https:\/\/www.navarroaubanell.com\/ca\/producte\/taula-auxiliar-circuit-pedrali-navarroaubanell\/","title":{"rendered":"Taula auxiliar Circuit"},"content":{"rendered":"<div>\n<div class=\"flex-shrink-0 flex flex-col relative items-end\">\n<div>\n<div class=\"pt-0\">\n<div class=\"gizmo-bot-avatar flex h-8 w-8 items-center justify-center overflow-hidden rounded-full\"><\/div>\n<\/div>\n<\/div>\n<\/div>\n<div class=\"group\/conversation-turn relative flex w-full min-w-0 flex-col agent-turn\">\n<div class=\"flex-col gap-1 md:gap-3\">\n<div class=\"flex max-w-full flex-col flex-grow\">\n<div class=\"min-h-[20px] text-message flex w-full flex-col items-end gap-2 break-words [.text-message+&amp;]:mt-5 overflow-x-auto whitespace-normal\" dir=\"auto\" data-message-author-role=\"assistant\" data-message-id=\"3d409641-0157-4a92-a4d2-54aa12b5ca36\">\n<div class=\"flex w-full flex-col gap-1 empty:hidden first:pt-[3px]\">\n<div class=\"markdown prose w-full break-words dark:prose-invert light\">\n<h5>Lleugeresa i Versatilitat en un Disseny Sofisticat<\/h5>\n<p>La taula auxiliar Circuit \u00e9s l&#8217;elecci\u00f3 perfecta per als qui busquen un equilibri entre eleg\u00e0ncia i funcionalitat. El seu disseny lleuger i vers\u00e0tildestaca per l&#8217;estructura d&#8217;acer, que forma una corba suau i fluida, brindant un toc modern i elegant a qualsevol espai. Aquesta col\u00b7lecci\u00f3 de taules auxiliars ofereix la possibilitat de combinar-se amb sobres rodons en una varietat d&#8217;acabats, adaptant-se a qualsevol estil i necessitat.<\/p>\n<h6>Disseny i Durabilitat<\/h6>\n<p>L&#8217;estructura de la tauleta Circuit est\u00e0 fabricada amb vareta d&#8217;acer i recoberta amb un vern\u00eds en pols. L&#8217;acabat de l&#8217;estructura est\u00e0 disponible en una \u00e0mplia gamma de colors, inclosos els acabats per a exteriors. Si busques un toc m\u00e9s sofisticat, l&#8217;opci\u00f3 en titani agrega un nivell extra d&#8217;eleg\u00e0ncia. A m\u00e9s, la taula auxiliar Circuit est\u00e0 equipada amb tacs de polipropil\u00e8, dissenyats per a assegurar la longevitat i protecci\u00f3 de la taula, fins i tot en \u00fas diari.<\/p>\n<h6>Personalitzaci\u00f3 per a Cada Espai<\/h6>\n<p>La tauleta Circuit \u00e9s altament personalitzable gr\u00e0cies a la varietat de sobres disponibles. Pots triar entre opcions compactes, f\u00e8nix, acer o compactes per a exteriors, alguns dels quals inclouen f\u00f3rmules de protecci\u00f3 antipetjades i tractaments d&#8217;impermeabilitat. Aquesta flexibilitat en acabats i materials permet que la taula auxiliar Circuit es converteixi en la pe\u00e7a ideal per a qualsevol rac\u00f3, combinant perfectament amb el teu estil i necessitats.<\/p>\n<p>A m\u00e9s, la taula Circuit ofereix m\u00faltiples versions, amb diferents altures i di\u00e0metres, donant-te la llibertat de triar l&#8217;opci\u00f3 que millor s&#8217;ajusti a cada rac\u00f3 de la teva llar o lloc de treball.<\/p>\n<p><a href=\"https:\/\/cdn-assets.pedrali.com\/media\/pedrali\/media\/assets\/originals\/documenti\/st\/st-circuit-crtd.pdf\">Fitxa t\u00e8cnica<\/a><\/p>\n<\/div>\n<\/div>\n<\/div>\n<\/div>\n<\/div>\n<\/div>\n<\/div>\n<div><\/div>\n","protected":false},"excerpt":{"rendered":"<p>Lleugeresa i Versatilitat en un Disseny Sofisticat La taula auxiliar Circuit \u00e9s l&#8217;elecci\u00f3 perfecta per als qui busquen un equilibri entre eleg\u00e0ncia i funcionalitat. El seu disseny lleuger i vers\u00e0tildestaca per l&#8217;estructura d&#8217;acer, que forma una corba suau i fluida, brindant un toc modern i elegant a qualsevol espai. Aquesta col\u00b7lecci\u00f3 de taules auxiliars ofereix&hellip;<\/p>\n","protected":false},"featured_media":36944,"template":"","meta":{"_acf_changed":false},"product_brand":[],"product_cat":[563,525,530,566],"product_tag":[1257,1258,640,664,729,696],"class_list":{"0":"post-37000","1":"product","2":"type-product","3":"status-publish","4":"has-post-thumbnail","6":"product_cat-exterior-ca","7":"product_cat-interior","8":"product_cat-taules-auxiliars","9":"product_cat-taules-auxiliars-exterior","10":"product_tag-antihuella-ca","11":"product_tag-circuit-ca","12":"product_tag-exterior-ca","13":"product_tag-interior-ca","14":"product_tag-pedrali-ca","15":"product_tag-taula-auxiliar","16":"description-off","18":"first","19":"instock","20":"shipping-taxable","21":"product-type-simple"},"acf":[],"yoast_head":"<!-- This site is optimized with the Yoast SEO plugin v27.5 - https:\/\/yoast.com\/product\/yoast-seo-wordpress\/ -->\n<title>Taula auxiliar Circuit, Pedrali- Navarro Aubanell<\/title>\n<meta name=\"description\" content=\"Taula auxiliar Circuit: personalitzable amb una varietat de sobres i acabats, disponibles en diferents altures i di\u00e0metres. Ideal per a qualsevol espai.\" \/>\n<meta name=\"robots\" content=\"index, follow, max-snippet:-1, max-image-preview:large, max-video-preview:-1\" \/>\n<link rel=\"canonical\" href=\"https:\/\/www.navarroaubanell.com\/ca\/producte\/taula-auxiliar-circuit-pedrali-navarroaubanell\/\" \/>\n<meta property=\"og:locale\" content=\"ca_ES\" \/>\n<meta property=\"og:type\" content=\"article\" \/>\n<meta property=\"og:title\" content=\"Taula auxiliar Circuit, Pedrali- Navarro Aubanell\" \/>\n<meta property=\"og:description\" content=\"Taula auxiliar Circuit: personalitzable amb una varietat de sobres i acabats, disponibles en diferents altures i di\u00e0metres. Ideal per a qualsevol espai.\" \/>\n<meta property=\"og:url\" content=\"https:\/\/www.navarroaubanell.com\/ca\/producte\/taula-auxiliar-circuit-pedrali-navarroaubanell\/\" \/>\n<meta property=\"og:site_name\" content=\"Navarro Aubanell\" \/>\n<meta property=\"article:modified_time\" content=\"2024-09-03T13:27:41+00:00\" \/>\n<meta property=\"og:image\" content=\"https:\/\/www.navarroaubanell.com\/wp-content\/uploads\/2024\/09\/circuit-70x30-still-14-Photoroom.png\" \/>\n\t<meta property=\"og:image:width\" content=\"881\" \/>\n\t<meta property=\"og:image:height\" content=\"1181\" \/>\n\t<meta property=\"og:image:type\" content=\"image\/png\" \/>\n<meta name=\"twitter:label1\" content=\"Est. reading time\" \/>\n\t<meta name=\"twitter:data1\" content=\"2 minutes\" \/>\n<script type=\"application\/ld+json\" class=\"yoast-schema-graph\">{\"@context\":\"https:\\\/\\\/schema.org\",\"@graph\":[{\"@type\":\"WebPage\",\"@id\":\"https:\\\/\\\/www.navarroaubanell.com\\\/ca\\\/producte\\\/taula-auxiliar-circuit-pedrali-navarroaubanell\\\/\",\"url\":\"https:\\\/\\\/www.navarroaubanell.com\\\/ca\\\/producte\\\/taula-auxiliar-circuit-pedrali-navarroaubanell\\\/\",\"name\":\"Taula auxiliar Circuit, Pedrali- Navarro Aubanell\",\"isPartOf\":{\"@id\":\"https:\\\/\\\/www.navarroaubanell.com\\\/ca\\\/#website\"},\"primaryImageOfPage\":{\"@id\":\"https:\\\/\\\/www.navarroaubanell.com\\\/ca\\\/producte\\\/taula-auxiliar-circuit-pedrali-navarroaubanell\\\/#primaryimage\"},\"image\":{\"@id\":\"https:\\\/\\\/www.navarroaubanell.com\\\/ca\\\/producte\\\/taula-auxiliar-circuit-pedrali-navarroaubanell\\\/#primaryimage\"},\"thumbnailUrl\":\"https:\\\/\\\/www.navarroaubanell.com\\\/wp-content\\\/uploads\\\/2024\\\/09\\\/circuit-70x30-still-14-Photoroom.png\",\"datePublished\":\"2024-09-03T10:53:10+00:00\",\"dateModified\":\"2024-09-03T13:27:41+00:00\",\"description\":\"Taula auxiliar Circuit: personalitzable amb una varietat de sobres i acabats, disponibles en diferents altures i di\u00e0metres. Ideal per a qualsevol espai.\",\"breadcrumb\":{\"@id\":\"https:\\\/\\\/www.navarroaubanell.com\\\/ca\\\/producte\\\/taula-auxiliar-circuit-pedrali-navarroaubanell\\\/#breadcrumb\"},\"inLanguage\":\"ca\",\"potentialAction\":[{\"@type\":\"ReadAction\",\"target\":[\"https:\\\/\\\/www.navarroaubanell.com\\\/ca\\\/producte\\\/taula-auxiliar-circuit-pedrali-navarroaubanell\\\/\"]}]},{\"@type\":\"ImageObject\",\"inLanguage\":\"ca\",\"@id\":\"https:\\\/\\\/www.navarroaubanell.com\\\/ca\\\/producte\\\/taula-auxiliar-circuit-pedrali-navarroaubanell\\\/#primaryimage\",\"url\":\"https:\\\/\\\/www.navarroaubanell.com\\\/wp-content\\\/uploads\\\/2024\\\/09\\\/circuit-70x30-still-14-Photoroom.png\",\"contentUrl\":\"https:\\\/\\\/www.navarroaubanell.com\\\/wp-content\\\/uploads\\\/2024\\\/09\\\/circuit-70x30-still-14-Photoroom.png\",\"width\":881,\"height\":1181,\"caption\":\"Mesa auxiliar Circuit 70x30\"},{\"@type\":\"BreadcrumbList\",\"@id\":\"https:\\\/\\\/www.navarroaubanell.com\\\/ca\\\/producte\\\/taula-auxiliar-circuit-pedrali-navarroaubanell\\\/#breadcrumb\",\"itemListElement\":[{\"@type\":\"ListItem\",\"position\":1,\"name\":\"Portada\",\"item\":\"https:\\\/\\\/www.navarroaubanell.com\\\/ca\\\/\"},{\"@type\":\"ListItem\",\"position\":2,\"name\":\"Productes\",\"item\":\"https:\\\/\\\/www.navarroaubanell.com\\\/productos\\\/\"},{\"@type\":\"ListItem\",\"position\":3,\"name\":\"Taula auxiliar Circuit\"}]},{\"@type\":\"WebSite\",\"@id\":\"https:\\\/\\\/www.navarroaubanell.com\\\/ca\\\/#website\",\"url\":\"https:\\\/\\\/www.navarroaubanell.com\\\/ca\\\/\",\"name\":\"Navarro Aubanell\",\"description\":\"Mobiliario para hoteler\u00eda, colectividades y oficinas\",\"publisher\":{\"@id\":\"https:\\\/\\\/www.navarroaubanell.com\\\/ca\\\/#organization\"},\"potentialAction\":[{\"@type\":\"SearchAction\",\"target\":{\"@type\":\"EntryPoint\",\"urlTemplate\":\"https:\\\/\\\/www.navarroaubanell.com\\\/ca\\\/?s={search_term_string}\"},\"query-input\":{\"@type\":\"PropertyValueSpecification\",\"valueRequired\":true,\"valueName\":\"search_term_string\"}}],\"inLanguage\":\"ca\"},{\"@type\":\"Organization\",\"@id\":\"https:\\\/\\\/www.navarroaubanell.com\\\/ca\\\/#organization\",\"name\":\"COMERCIAL NAVARRO AUBANELL, S.A\",\"url\":\"https:\\\/\\\/www.navarroaubanell.com\\\/ca\\\/\",\"logo\":{\"@type\":\"ImageObject\",\"inLanguage\":\"ca\",\"@id\":\"https:\\\/\\\/www.navarroaubanell.com\\\/ca\\\/#\\\/schema\\\/logo\\\/image\\\/\",\"url\":\"https:\\\/\\\/www.navarroaubanell.com\\\/wp-content\\\/uploads\\\/2017\\\/07\\\/logo-navarro-aubuanell.png\",\"contentUrl\":\"https:\\\/\\\/www.navarroaubanell.com\\\/wp-content\\\/uploads\\\/2017\\\/07\\\/logo-navarro-aubuanell.png\",\"width\":6304,\"height\":1154,\"caption\":\"COMERCIAL NAVARRO AUBANELL, S.A\"},\"image\":{\"@id\":\"https:\\\/\\\/www.navarroaubanell.com\\\/ca\\\/#\\\/schema\\\/logo\\\/image\\\/\"}}]}<\/script>\n<!-- \/ Yoast SEO plugin. -->","yoast_head_json":{"title":"Taula auxiliar Circuit, Pedrali- Navarro Aubanell","description":"Taula auxiliar Circuit: personalitzable amb una varietat de sobres i acabats, disponibles en diferents altures i di\u00e0metres. Ideal per a qualsevol espai.","robots":{"index":"index","follow":"follow","max-snippet":"max-snippet:-1","max-image-preview":"max-image-preview:large","max-video-preview":"max-video-preview:-1"},"canonical":"https:\/\/www.navarroaubanell.com\/ca\/producte\/taula-auxiliar-circuit-pedrali-navarroaubanell\/","og_locale":"ca_ES","og_type":"article","og_title":"Taula auxiliar Circuit, Pedrali- Navarro Aubanell","og_description":"Taula auxiliar Circuit: personalitzable amb una varietat de sobres i acabats, disponibles en diferents altures i di\u00e0metres. Ideal per a qualsevol espai.","og_url":"https:\/\/www.navarroaubanell.com\/ca\/producte\/taula-auxiliar-circuit-pedrali-navarroaubanell\/","og_site_name":"Navarro Aubanell","article_modified_time":"2024-09-03T13:27:41+00:00","og_image":[{"width":881,"height":1181,"url":"https:\/\/www.navarroaubanell.com\/wp-content\/uploads\/2024\/09\/circuit-70x30-still-14-Photoroom.png","type":"image\/png"}],"twitter_misc":{"Est. reading time":"2 minutes"},"schema":{"@context":"https:\/\/schema.org","@graph":[{"@type":"WebPage","@id":"https:\/\/www.navarroaubanell.com\/ca\/producte\/taula-auxiliar-circuit-pedrali-navarroaubanell\/","url":"https:\/\/www.navarroaubanell.com\/ca\/producte\/taula-auxiliar-circuit-pedrali-navarroaubanell\/","name":"Taula auxiliar Circuit, Pedrali- Navarro Aubanell","isPartOf":{"@id":"https:\/\/www.navarroaubanell.com\/ca\/#website"},"primaryImageOfPage":{"@id":"https:\/\/www.navarroaubanell.com\/ca\/producte\/taula-auxiliar-circuit-pedrali-navarroaubanell\/#primaryimage"},"image":{"@id":"https:\/\/www.navarroaubanell.com\/ca\/producte\/taula-auxiliar-circuit-pedrali-navarroaubanell\/#primaryimage"},"thumbnailUrl":"https:\/\/www.navarroaubanell.com\/wp-content\/uploads\/2024\/09\/circuit-70x30-still-14-Photoroom.png","datePublished":"2024-09-03T10:53:10+00:00","dateModified":"2024-09-03T13:27:41+00:00","description":"Taula auxiliar Circuit: personalitzable amb una varietat de sobres i acabats, disponibles en diferents altures i di\u00e0metres. Ideal per a qualsevol espai.","breadcrumb":{"@id":"https:\/\/www.navarroaubanell.com\/ca\/producte\/taula-auxiliar-circuit-pedrali-navarroaubanell\/#breadcrumb"},"inLanguage":"ca","potentialAction":[{"@type":"ReadAction","target":["https:\/\/www.navarroaubanell.com\/ca\/producte\/taula-auxiliar-circuit-pedrali-navarroaubanell\/"]}]},{"@type":"ImageObject","inLanguage":"ca","@id":"https:\/\/www.navarroaubanell.com\/ca\/producte\/taula-auxiliar-circuit-pedrali-navarroaubanell\/#primaryimage","url":"https:\/\/www.navarroaubanell.com\/wp-content\/uploads\/2024\/09\/circuit-70x30-still-14-Photoroom.png","contentUrl":"https:\/\/www.navarroaubanell.com\/wp-content\/uploads\/2024\/09\/circuit-70x30-still-14-Photoroom.png","width":881,"height":1181,"caption":"Mesa auxiliar Circuit 70x30"},{"@type":"BreadcrumbList","@id":"https:\/\/www.navarroaubanell.com\/ca\/producte\/taula-auxiliar-circuit-pedrali-navarroaubanell\/#breadcrumb","itemListElement":[{"@type":"ListItem","position":1,"name":"Portada","item":"https:\/\/www.navarroaubanell.com\/ca\/"},{"@type":"ListItem","position":2,"name":"Productes","item":"https:\/\/www.navarroaubanell.com\/productos\/"},{"@type":"ListItem","position":3,"name":"Taula auxiliar Circuit"}]},{"@type":"WebSite","@id":"https:\/\/www.navarroaubanell.com\/ca\/#website","url":"https:\/\/www.navarroaubanell.com\/ca\/","name":"Navarro Aubanell","description":"Mobiliario para hoteler\u00eda, colectividades y oficinas","publisher":{"@id":"https:\/\/www.navarroaubanell.com\/ca\/#organization"},"potentialAction":[{"@type":"SearchAction","target":{"@type":"EntryPoint","urlTemplate":"https:\/\/www.navarroaubanell.com\/ca\/?s={search_term_string}"},"query-input":{"@type":"PropertyValueSpecification","valueRequired":true,"valueName":"search_term_string"}}],"inLanguage":"ca"},{"@type":"Organization","@id":"https:\/\/www.navarroaubanell.com\/ca\/#organization","name":"COMERCIAL NAVARRO AUBANELL, S.A","url":"https:\/\/www.navarroaubanell.com\/ca\/","logo":{"@type":"ImageObject","inLanguage":"ca","@id":"https:\/\/www.navarroaubanell.com\/ca\/#\/schema\/logo\/image\/","url":"https:\/\/www.navarroaubanell.com\/wp-content\/uploads\/2017\/07\/logo-navarro-aubuanell.png","contentUrl":"https:\/\/www.navarroaubanell.com\/wp-content\/uploads\/2017\/07\/logo-navarro-aubuanell.png","width":6304,"height":1154,"caption":"COMERCIAL NAVARRO AUBANELL, S.A"},"image":{"@id":"https:\/\/www.navarroaubanell.com\/ca\/#\/schema\/logo\/image\/"}}]}},"_links":{"self":[{"href":"https:\/\/www.navarroaubanell.com\/ca\/wp-json\/wp\/v2\/product\/37000","targetHints":{"allow":["GET"]}}],"collection":[{"href":"https:\/\/www.navarroaubanell.com\/ca\/wp-json\/wp\/v2\/product"}],"about":[{"href":"https:\/\/www.navarroaubanell.com\/ca\/wp-json\/wp\/v2\/types\/product"}],"wp:featuredmedia":[{"embeddable":true,"href":"https:\/\/www.navarroaubanell.com\/ca\/wp-json\/wp\/v2\/media\/36944"}],"wp:attachment":[{"href":"https:\/\/www.navarroaubanell.com\/ca\/wp-json\/wp\/v2\/media?parent=37000"}],"wp:term":[{"taxonomy":"product_brand","embeddable":true,"href":"https:\/\/www.navarroaubanell.com\/ca\/wp-json\/wp\/v2\/product_brand?post=37000"},{"taxonomy":"product_cat","embeddable":true,"href":"https:\/\/www.navarroaubanell.com\/ca\/wp-json\/wp\/v2\/product_cat?post=37000"},{"taxonomy":"product_tag","embeddable":true,"href":"https:\/\/www.navarroaubanell.com\/ca\/wp-json\/wp\/v2\/product_tag?post=37000"}],"curies":[{"name":"wp","href":"https:\/\/api.w.org\/{rel}","templated":true}]}}