{"id":36583,"date":"2024-08-02T12:57:37","date_gmt":"2024-08-02T15:10:21","guid":{"rendered":"https:\/\/www.navarroaubanell.com\/?post_type=product&#038;p=36583"},"modified":"2024-08-02T17:14:39","modified_gmt":"2024-08-02T15:14:39","slug":"cadira-de-bracos-hera-pedrali-navarroaubanell","status":"publish","type":"product","link":"https:\/\/www.navarroaubanell.com\/ca\/producte\/cadira-de-bracos-hera-pedrali-navarroaubanell\/","title":{"rendered":"Cadira de Bra\u00e7os H\u00e9ra"},"content":{"rendered":"<h6>Descobreix\u00a0H\u00e9ra, la butaca que redefineix l&#8217;eleg\u00e0ncia i comoditat amb la bellesa natural de la fusta de freixe o noguera americana.<\/h6>\n<p>Les cadires de bra\u00e7os H\u00e9ra combinen lleugeresa i confort, embolicant a l&#8217;usuari en una experi\u00e8ncia \u00fanica gr\u00e0cies al seu suport tridimensional corbat, que ofereix una agradable sensaci\u00f3 al tacte i un disseny ergon\u00f2mic. Tots els detalls estan meticulosament calculats, demostrant una atenci\u00f3 al detall que no sols ressalta la sofisticaci\u00f3 de la cadira de bra\u00e7os H\u00e9ra, sin\u00f3 que ho fa especialment adequat per a la seva col\u00b7locaci\u00f3 en alguns dels restaurants i hotels m\u00e9s representatius del panorama internacional.<\/p>\n<h6>T\u00e9 tres models diferents:<\/h6>\n<div class=\"markdown prose w-full break-words dark:prose-invert light\">\n<ul>\n<li><a href=\"https:\/\/cdn-assets.pedrali.com\/media\/pedrali\/media\/assets\/originals\/documenti\/st\/st-hera-2865.pdf\"><strong>H\u00e9ra 2865<\/strong><\/a> destaca pel seu respatller tridimensional corbat i les seves potes de fusta massissa protegides contra esgarrapades, amb un acabat mat. El seient \u00e9s en contratxapat amb cintes el\u00e0stiques, est\u00e0 entapissat en diverses opcions: teles ign\u00edfugues, teixit, vellut, vellut ign\u00edfug, polipell ign\u00edfuga i pell. A m\u00e9s, els tacs amb inserci\u00f3 intercanviable en feltre asseguren el seu \u00fas en pisos delicats, i poden canviar-se per tacs de pl\u00e0stic per a altres superf\u00edcies.<\/li>\n<\/ul>\n<\/div>\n<div class=\"markdown prose w-full break-words dark:prose-invert light\">\n<ul>\n<li><a href=\"https:\/\/cdn-assets.pedrali.com\/media\/pedrali\/media\/assets\/originals\/documenti\/st\/st-hera-straw-2864.pdf\"><strong>H\u00e9ra Straw 2864<\/strong> <\/a>\u00a0introdueix una combinaci\u00f3 de lleugeresa i comoditat, evocant el disseny de cadires de bra\u00e7os tradicionals. Amb un suport corbat tridimensional i potes ovalades, aquest model es distingeix per la seva estructura de fusta amb acabats en pintura mat o lacatge negre. El seient, teixit a m\u00e0 a It\u00e0lia amb corda de cel\u00b7lulosa, aporta una calidesa natural al disseny. Igual que altres models de H\u00e9ra, els tacs intercanviables permeten el seu \u00fas en una varietat de pisos.<\/li>\n<\/ul>\n<\/div>\n<div class=\"markdown prose w-full break-words dark:prose-invert light\">\n<ul>\n<li><a href=\"https:\/\/cdn-assets.pedrali.com\/media\/pedrali\/media\/assets\/originals\/documenti\/st\/st-hera-soft-2866.pdf\"><strong>H\u00e9ra Soft 2866<\/strong><\/a> porta la col\u00b7lecci\u00f3 a un nou nivell de confort. Amb potes de fusta massissa de freixe o noguera americana, aquesta cadira de bra\u00e7os presenta un acabat mat resistent a esgarrapades. El seu seient contraxapat amb escuma de poliuret\u00e0 (flexible i ign\u00edfug), est\u00e0 refor\u00e7at amb cingles el\u00e0stiques, maximitzant la comoditat. El suport, amb una estructura interna d&#8217;escuma r\u00edgida i recoberta de teixit, afegeix un toc de luxe. Els tacs intercanviables asseguren que aquest model sigui adequat per a tota mena de s\u00f2ls.<\/li>\n<\/ul>\n<\/div>\n<p><strong>H\u00e9ra\u00a0no sols ofereix eleg\u00e0ncia i modernitat, sin\u00f3 que tamb\u00e9 s&#8217;adapta a qualsevol entorn, garantint sofisticaci\u00f3 i confort en cada detall.<\/strong><\/p>\n","protected":false},"excerpt":{"rendered":"<p>Descobreix\u00a0H\u00e9ra, la butaca que redefineix l&#8217;eleg\u00e0ncia i comoditat amb la bellesa natural de la fusta de freixe o noguera americana. Les cadires de bra\u00e7os H\u00e9ra combinen lleugeresa i confort, embolicant a l&#8217;usuari en una experi\u00e8ncia \u00fanica gr\u00e0cies al seu suport tridimensional corbat, que ofereix una agradable sensaci\u00f3 al tacte i un disseny ergon\u00f2mic. Tots els&hellip;<\/p>\n","protected":false},"featured_media":36518,"template":"","meta":{"_acf_changed":false},"product_brand":[],"product_cat":[534,1229],"product_tag":[749,1594,1242,664,729],"class_list":{"0":"post-36583","1":"product","2":"type-product","3":"status-publish","4":"has-post-thumbnail","6":"product_cat-cadires-de-bracos","7":"product_cat-novetats","8":"product_tag-cadira-de-barcos","9":"product_tag-fresno-ca","10":"product_tag-hera-ca","11":"product_tag-interior-ca","12":"product_tag-pedrali-ca","13":"description-off","15":"first","16":"instock","17":"shipping-taxable","18":"product-type-simple"},"acf":[],"yoast_head":"<!-- This site is optimized with the Yoast SEO plugin v27.0 - https:\/\/yoast.com\/product\/yoast-seo-wordpress\/ -->\n<title>Cadira de Bra\u00e7os H\u00e9ra, Pedrali- Navarro Aubanell<\/title>\n<meta name=\"description\" content=\"Cadira de bra\u00e7os H\u00e9ra: eleg\u00e0ncia i comoditat. Fusta de freixe o noguera, ideal per a ambients moderns i sofisticats, amb disseny ergon\u00f2mic i envolupant.\" \/>\n<meta name=\"robots\" content=\"index, follow, max-snippet:-1, max-image-preview:large, max-video-preview:-1\" \/>\n<link rel=\"canonical\" href=\"https:\/\/www.navarroaubanell.com\/ca\/producte\/cadira-de-bracos-hera-pedrali-navarroaubanell\/\" \/>\n<meta property=\"og:locale\" content=\"ca_ES\" \/>\n<meta property=\"og:type\" content=\"article\" \/>\n<meta property=\"og:title\" content=\"Cadira de Bra\u00e7os H\u00e9ra, Pedrali- Navarro Aubanell\" \/>\n<meta property=\"og:description\" content=\"Cadira de bra\u00e7os H\u00e9ra: eleg\u00e0ncia i comoditat. Fusta de freixe o noguera, ideal per a ambients moderns i sofisticats, amb disseny ergon\u00f2mic i envolupant.\" \/>\n<meta property=\"og:url\" content=\"https:\/\/www.navarroaubanell.com\/ca\/producte\/cadira-de-bracos-hera-pedrali-navarroaubanell\/\" \/>\n<meta property=\"og:site_name\" content=\"Navarro Aubanell\" \/>\n<meta property=\"article:modified_time\" content=\"2024-08-02T15:14:39+00:00\" \/>\n<meta property=\"og:image\" content=\"https:\/\/www.navarroaubanell.com\/wp-content\/uploads\/2024\/08\/image-763x1024.png\" \/>\n\t<meta property=\"og:image:width\" content=\"763\" \/>\n\t<meta property=\"og:image:height\" content=\"1024\" \/>\n\t<meta property=\"og:image:type\" content=\"image\/png\" \/>\n<meta name=\"twitter:label1\" content=\"Est. reading time\" \/>\n\t<meta name=\"twitter:data1\" content=\"2 minutes\" \/>\n<script type=\"application\/ld+json\" class=\"yoast-schema-graph\">{\"@context\":\"https:\/\/schema.org\",\"@graph\":[{\"@type\":\"WebPage\",\"@id\":\"https:\/\/www.navarroaubanell.com\/ca\/producte\/cadira-de-bracos-hera-pedrali-navarroaubanell\/\",\"url\":\"https:\/\/www.navarroaubanell.com\/ca\/producte\/cadira-de-bracos-hera-pedrali-navarroaubanell\/\",\"name\":\"Cadira de Bra\u00e7os H\u00e9ra, Pedrali- Navarro Aubanell\",\"isPartOf\":{\"@id\":\"https:\/\/www.navarroaubanell.com\/ca\/#website\"},\"primaryImageOfPage\":{\"@id\":\"https:\/\/www.navarroaubanell.com\/ca\/producte\/cadira-de-bracos-hera-pedrali-navarroaubanell\/#primaryimage\"},\"image\":{\"@id\":\"https:\/\/www.navarroaubanell.com\/ca\/producte\/cadira-de-bracos-hera-pedrali-navarroaubanell\/#primaryimage\"},\"thumbnailUrl\":\"https:\/\/www.navarroaubanell.com\/wp-content\/uploads\/2024\/08\/image.png\",\"datePublished\":\"2024-08-02T15:10:21+00:00\",\"dateModified\":\"2024-08-02T15:14:39+00:00\",\"description\":\"Cadira de bra\u00e7os H\u00e9ra: eleg\u00e0ncia i comoditat. Fusta de freixe o noguera, ideal per a ambients moderns i sofisticats, amb disseny ergon\u00f2mic i envolupant.\",\"breadcrumb\":{\"@id\":\"https:\/\/www.navarroaubanell.com\/ca\/producte\/cadira-de-bracos-hera-pedrali-navarroaubanell\/#breadcrumb\"},\"inLanguage\":\"ca\",\"potentialAction\":[{\"@type\":\"ReadAction\",\"target\":[\"https:\/\/www.navarroaubanell.com\/ca\/producte\/cadira-de-bracos-hera-pedrali-navarroaubanell\/\"]}]},{\"@type\":\"ImageObject\",\"inLanguage\":\"ca\",\"@id\":\"https:\/\/www.navarroaubanell.com\/ca\/producte\/cadira-de-bracos-hera-pedrali-navarroaubanell\/#primaryimage\",\"url\":\"https:\/\/www.navarroaubanell.com\/wp-content\/uploads\/2024\/08\/image.png\",\"contentUrl\":\"https:\/\/www.navarroaubanell.com\/wp-content\/uploads\/2024\/08\/image.png\",\"width\":3052,\"height\":4096,\"caption\":\"Cadira de bra\u00e7os H\u00e9ra Straw 2864\"},{\"@type\":\"BreadcrumbList\",\"@id\":\"https:\/\/www.navarroaubanell.com\/ca\/producte\/cadira-de-bracos-hera-pedrali-navarroaubanell\/#breadcrumb\",\"itemListElement\":[{\"@type\":\"ListItem\",\"position\":1,\"name\":\"Portada\",\"item\":\"https:\/\/www.navarroaubanell.com\/ca\/\"},{\"@type\":\"ListItem\",\"position\":2,\"name\":\"Productes\",\"item\":\"https:\/\/www.navarroaubanell.com\/productos\/\"},{\"@type\":\"ListItem\",\"position\":3,\"name\":\"Cadira de Bra\u00e7os H\u00e9ra\"}]},{\"@type\":\"WebSite\",\"@id\":\"https:\/\/www.navarroaubanell.com\/ca\/#website\",\"url\":\"https:\/\/www.navarroaubanell.com\/ca\/\",\"name\":\"Navarro Aubanell\",\"description\":\"Mobiliario para hoteler\u00eda, colectividades y oficinas\",\"publisher\":{\"@id\":\"https:\/\/www.navarroaubanell.com\/ca\/#organization\"},\"potentialAction\":[{\"@type\":\"SearchAction\",\"target\":{\"@type\":\"EntryPoint\",\"urlTemplate\":\"https:\/\/www.navarroaubanell.com\/ca\/?s={search_term_string}\"},\"query-input\":{\"@type\":\"PropertyValueSpecification\",\"valueRequired\":true,\"valueName\":\"search_term_string\"}}],\"inLanguage\":\"ca\"},{\"@type\":\"Organization\",\"@id\":\"https:\/\/www.navarroaubanell.com\/ca\/#organization\",\"name\":\"COMERCIAL NAVARRO AUBANELL, S.A\",\"url\":\"https:\/\/www.navarroaubanell.com\/ca\/\",\"logo\":{\"@type\":\"ImageObject\",\"inLanguage\":\"ca\",\"@id\":\"https:\/\/www.navarroaubanell.com\/ca\/#\/schema\/logo\/image\/\",\"url\":\"https:\/\/www.navarroaubanell.com\/wp-content\/uploads\/2017\/07\/logo-navarro-aubuanell.png\",\"contentUrl\":\"https:\/\/www.navarroaubanell.com\/wp-content\/uploads\/2017\/07\/logo-navarro-aubuanell.png\",\"width\":6304,\"height\":1154,\"caption\":\"COMERCIAL NAVARRO AUBANELL, S.A\"},\"image\":{\"@id\":\"https:\/\/www.navarroaubanell.com\/ca\/#\/schema\/logo\/image\/\"}}]}<\/script>\n<!-- \/ Yoast SEO plugin. -->","yoast_head_json":{"title":"Cadira de Bra\u00e7os H\u00e9ra, Pedrali- Navarro Aubanell","description":"Cadira de bra\u00e7os H\u00e9ra: eleg\u00e0ncia i comoditat. Fusta de freixe o noguera, ideal per a ambients moderns i sofisticats, amb disseny ergon\u00f2mic i envolupant.","robots":{"index":"index","follow":"follow","max-snippet":"max-snippet:-1","max-image-preview":"max-image-preview:large","max-video-preview":"max-video-preview:-1"},"canonical":"https:\/\/www.navarroaubanell.com\/ca\/producte\/cadira-de-bracos-hera-pedrali-navarroaubanell\/","og_locale":"ca_ES","og_type":"article","og_title":"Cadira de Bra\u00e7os H\u00e9ra, Pedrali- Navarro Aubanell","og_description":"Cadira de bra\u00e7os H\u00e9ra: eleg\u00e0ncia i comoditat. Fusta de freixe o noguera, ideal per a ambients moderns i sofisticats, amb disseny ergon\u00f2mic i envolupant.","og_url":"https:\/\/www.navarroaubanell.com\/ca\/producte\/cadira-de-bracos-hera-pedrali-navarroaubanell\/","og_site_name":"Navarro Aubanell","article_modified_time":"2024-08-02T15:14:39+00:00","og_image":[{"width":763,"height":1024,"url":"https:\/\/www.navarroaubanell.com\/wp-content\/uploads\/2024\/08\/image-763x1024.png","type":"image\/png"}],"twitter_misc":{"Est. reading time":"2 minutes"},"schema":{"@context":"https:\/\/schema.org","@graph":[{"@type":"WebPage","@id":"https:\/\/www.navarroaubanell.com\/ca\/producte\/cadira-de-bracos-hera-pedrali-navarroaubanell\/","url":"https:\/\/www.navarroaubanell.com\/ca\/producte\/cadira-de-bracos-hera-pedrali-navarroaubanell\/","name":"Cadira de Bra\u00e7os H\u00e9ra, Pedrali- Navarro Aubanell","isPartOf":{"@id":"https:\/\/www.navarroaubanell.com\/ca\/#website"},"primaryImageOfPage":{"@id":"https:\/\/www.navarroaubanell.com\/ca\/producte\/cadira-de-bracos-hera-pedrali-navarroaubanell\/#primaryimage"},"image":{"@id":"https:\/\/www.navarroaubanell.com\/ca\/producte\/cadira-de-bracos-hera-pedrali-navarroaubanell\/#primaryimage"},"thumbnailUrl":"https:\/\/www.navarroaubanell.com\/wp-content\/uploads\/2024\/08\/image.png","datePublished":"2024-08-02T15:10:21+00:00","dateModified":"2024-08-02T15:14:39+00:00","description":"Cadira de bra\u00e7os H\u00e9ra: eleg\u00e0ncia i comoditat. Fusta de freixe o noguera, ideal per a ambients moderns i sofisticats, amb disseny ergon\u00f2mic i envolupant.","breadcrumb":{"@id":"https:\/\/www.navarroaubanell.com\/ca\/producte\/cadira-de-bracos-hera-pedrali-navarroaubanell\/#breadcrumb"},"inLanguage":"ca","potentialAction":[{"@type":"ReadAction","target":["https:\/\/www.navarroaubanell.com\/ca\/producte\/cadira-de-bracos-hera-pedrali-navarroaubanell\/"]}]},{"@type":"ImageObject","inLanguage":"ca","@id":"https:\/\/www.navarroaubanell.com\/ca\/producte\/cadira-de-bracos-hera-pedrali-navarroaubanell\/#primaryimage","url":"https:\/\/www.navarroaubanell.com\/wp-content\/uploads\/2024\/08\/image.png","contentUrl":"https:\/\/www.navarroaubanell.com\/wp-content\/uploads\/2024\/08\/image.png","width":3052,"height":4096,"caption":"Cadira de bra\u00e7os H\u00e9ra Straw 2864"},{"@type":"BreadcrumbList","@id":"https:\/\/www.navarroaubanell.com\/ca\/producte\/cadira-de-bracos-hera-pedrali-navarroaubanell\/#breadcrumb","itemListElement":[{"@type":"ListItem","position":1,"name":"Portada","item":"https:\/\/www.navarroaubanell.com\/ca\/"},{"@type":"ListItem","position":2,"name":"Productes","item":"https:\/\/www.navarroaubanell.com\/productos\/"},{"@type":"ListItem","position":3,"name":"Cadira de Bra\u00e7os H\u00e9ra"}]},{"@type":"WebSite","@id":"https:\/\/www.navarroaubanell.com\/ca\/#website","url":"https:\/\/www.navarroaubanell.com\/ca\/","name":"Navarro Aubanell","description":"Mobiliario para hoteler\u00eda, colectividades y oficinas","publisher":{"@id":"https:\/\/www.navarroaubanell.com\/ca\/#organization"},"potentialAction":[{"@type":"SearchAction","target":{"@type":"EntryPoint","urlTemplate":"https:\/\/www.navarroaubanell.com\/ca\/?s={search_term_string}"},"query-input":{"@type":"PropertyValueSpecification","valueRequired":true,"valueName":"search_term_string"}}],"inLanguage":"ca"},{"@type":"Organization","@id":"https:\/\/www.navarroaubanell.com\/ca\/#organization","name":"COMERCIAL NAVARRO AUBANELL, S.A","url":"https:\/\/www.navarroaubanell.com\/ca\/","logo":{"@type":"ImageObject","inLanguage":"ca","@id":"https:\/\/www.navarroaubanell.com\/ca\/#\/schema\/logo\/image\/","url":"https:\/\/www.navarroaubanell.com\/wp-content\/uploads\/2017\/07\/logo-navarro-aubuanell.png","contentUrl":"https:\/\/www.navarroaubanell.com\/wp-content\/uploads\/2017\/07\/logo-navarro-aubuanell.png","width":6304,"height":1154,"caption":"COMERCIAL NAVARRO AUBANELL, S.A"},"image":{"@id":"https:\/\/www.navarroaubanell.com\/ca\/#\/schema\/logo\/image\/"}}]}},"_links":{"self":[{"href":"https:\/\/www.navarroaubanell.com\/ca\/wp-json\/wp\/v2\/product\/36583","targetHints":{"allow":["GET"]}}],"collection":[{"href":"https:\/\/www.navarroaubanell.com\/ca\/wp-json\/wp\/v2\/product"}],"about":[{"href":"https:\/\/www.navarroaubanell.com\/ca\/wp-json\/wp\/v2\/types\/product"}],"wp:featuredmedia":[{"embeddable":true,"href":"https:\/\/www.navarroaubanell.com\/ca\/wp-json\/wp\/v2\/media\/36518"}],"wp:attachment":[{"href":"https:\/\/www.navarroaubanell.com\/ca\/wp-json\/wp\/v2\/media?parent=36583"}],"wp:term":[{"taxonomy":"product_brand","embeddable":true,"href":"https:\/\/www.navarroaubanell.com\/ca\/wp-json\/wp\/v2\/product_brand?post=36583"},{"taxonomy":"product_cat","embeddable":true,"href":"https:\/\/www.navarroaubanell.com\/ca\/wp-json\/wp\/v2\/product_cat?post=36583"},{"taxonomy":"product_tag","embeddable":true,"href":"https:\/\/www.navarroaubanell.com\/ca\/wp-json\/wp\/v2\/product_tag?post=36583"}],"curies":[{"name":"wp","href":"https:\/\/api.w.org\/{rel}","templated":true}]}}