{"id":36509,"date":"2024-08-01T11:20:48","date_gmt":"2024-08-01T14:23:40","guid":{"rendered":"https:\/\/www.navarroaubanell.com\/?post_type=product&#038;p=36509"},"modified":"2024-08-01T16:26:17","modified_gmt":"2024-08-01T14:26:17","slug":"taula-auxiliar-ikon-pedrali-navarroaubanell","status":"publish","type":"product","link":"https:\/\/www.navarroaubanell.com\/ca\/producte\/taula-auxiliar-ikon-pedrali-navarroaubanell\/","title":{"rendered":"Taula auxiliar Ikon"},"content":{"rendered":"<h6><strong>Taula Auxiliar Ikon: Una Fusi\u00f3 de Simplicitat i Eleg\u00e0ncia Atemporal<\/strong><\/h6>\n<p>La <strong>Taula Auxiliar Ikon<\/strong> \u00e9s una celebraci\u00f3 de la simplicitat sofisticada i la bellesa atemporal. Inspirada en l&#8217;arquitectura pura, Ikon fusiona la tradici\u00f3 amb la modernitat per a crear peces que no sols resisteixen el pas del temps, sin\u00f3 que tamb\u00e9 embelleixen qualsevol espai. Amb les seves l\u00ednies netes i un disseny refinat, la Taula Auxiliar Ikon, com tots els membres de la seva <a href=\"https:\/\/www.navarroaubanell.com\/ca\/producte\/familia-ikon-pedrali-navarroaubanell\/\">fam\u00edlia<\/a>, \u00e9s molt m\u00e9s que un simple mobiliari: \u00e9s una declaraci\u00f3 d&#8217;estil i qualitat que transforma qualsevol ambient.<\/p>\n<h6><strong>Models de la Mesa Auxiliar\u00a0Ikon<\/strong><\/h6>\n<p><strong><a href=\"https:\/\/cdn-assets.pedrali.com\/media\/pedrali\/media\/assets\/originals\/documenti\/st\/st-ikon-863-865.pdf\">Ikon\u00a0863<\/a><\/strong><\/p>\n<p>Taula de centre amb peu c\u00f2nic fabricat en polipropil\u00e8 mitjan\u00e7ant emmotllament per injecci\u00f3, la qual cosa li confereix una base compacta i resistent. Aquest model incorpora una f\u00f3rmula antiest\u00e0tica i anti-UV que garanteix una durabilitat excepcional, fins i tot en exteriors.<\/p>\n<ul>\n<li><strong>Superf\u00edcie:<\/strong>\u00a0Microtexturada, disponible en quatre colors per a exterior i un elegant negre per a interior.<\/li>\n<li><strong>Creuera<\/strong>: \u00d8300 mm de ferro fos, arenat i vernissat en pols, a joc amb la columna, assegurant estabilitat.<\/li>\n<li><strong>Tacs Fixos:<\/strong> De polietil\u00e8, disponibles en color opalin\u00ed o negre, per a protegir tant la taula com la superf\u00edcie on es col\u00b7loca.<\/li>\n<\/ul>\n<p>La Ikon 863 permet combinar el seu peu de taula amb sobres rodons de diferents grand\u00e0ries i acabats, ja sigui en compacte, f\u00e8nix o compacte per a exterior, adaptant-se a diverses necessitats i estils.<\/p>\n<p>&nbsp;<\/p>\n<p><a href=\"https:\/\/cdn-assets.pedrali.com\/media\/pedrali\/media\/assets\/originals\/documenti\/st\/st-ikon-863v-865v.pdf\"><strong>Ikon\u00a0863V<\/strong><\/a><\/p>\n<p>Dissenyada exclusivament per a interiors, comparteix l&#8217;eleg\u00e0ncia i resist\u00e8ncia del model 863, amb un peu c\u00f2nic de polipropil\u00e8 modelat per injecci\u00f3. Aquest model \u00e9s perfecte per als qui busquen una pe\u00e7a que s&#8217;integri f\u00e0cilment en qualsevol decoraci\u00f3.<\/p>\n<ul>\n<li><strong>Superf\u00edcie<\/strong>:\u00a0Microtexturada, disponible en dos colors cl\u00e0ssics: blanc i negre, per a una integraci\u00f3 perfecta en qualsevol ambient decoratiu.<\/li>\n<li><strong>Tacs Fixos:<\/strong> En color opal\u00ed o negre, fabricats en polietil\u00e8, garanteixen una protecci\u00f3 addicional per a la taula i la superf\u00edcie on es col\u00b7loca.<\/li>\n<li><strong>Sobres<\/strong>: Compatibles amb sobres rodons de cristall de diferents grand\u00e0ries i acabats, proporcionant un toc de sofisticaci\u00f3 i versatilitat.<\/li>\n<\/ul>\n<p><strong>Transforma el teu espai amb\u00a0Ikon, on la simplicitat es converteix en sofisticaci\u00f3.<\/strong><\/p>\n","protected":false},"excerpt":{"rendered":"<p>Taula Auxiliar Ikon: Una Fusi\u00f3 de Simplicitat i Eleg\u00e0ncia Atemporal La Taula Auxiliar Ikon \u00e9s una celebraci\u00f3 de la simplicitat sofisticada i la bellesa atemporal. Inspirada en l&#8217;arquitectura pura, Ikon fusiona la tradici\u00f3 amb la modernitat per a crear peces que no sols resisteixen el pas del temps, sin\u00f3 que tamb\u00e9 embelleixen qualsevol espai. Amb&hellip;<\/p>\n","protected":false},"featured_media":36374,"template":"","meta":{"_acf_changed":false},"product_brand":[],"product_cat":[530,566],"product_tag":[640,658,664,729,696],"class_list":{"0":"post-36509","1":"product","2":"type-product","3":"status-publish","4":"has-post-thumbnail","6":"product_cat-taules-auxiliars","7":"product_cat-taules-auxiliars-exterior","8":"product_tag-exterior-ca","9":"product_tag-ikon-ca","10":"product_tag-interior-ca","11":"product_tag-pedrali-ca","12":"product_tag-taula-auxiliar","13":"description-off","15":"first","16":"instock","17":"shipping-taxable","18":"product-type-simple"},"acf":[],"yoast_head":"<!-- This site is optimized with the Yoast SEO plugin v27.5 - https:\/\/yoast.com\/product\/yoast-seo-wordpress\/ -->\n<title>Taula auxiliar Ikon, Pedrali- Navarro Aubanell<\/title>\n<meta name=\"description\" content=\"Taula auxiliar Ikon: disseny elegant i atemporal, combinant durabilitat i estil per a embellir qualsevol espai interior o exterior.\" \/>\n<meta name=\"robots\" content=\"index, follow, max-snippet:-1, max-image-preview:large, max-video-preview:-1\" \/>\n<link rel=\"canonical\" href=\"https:\/\/www.navarroaubanell.com\/ca\/producte\/taula-auxiliar-ikon-pedrali-navarroaubanell\/\" \/>\n<meta property=\"og:locale\" content=\"ca_ES\" \/>\n<meta property=\"og:type\" content=\"article\" \/>\n<meta property=\"og:title\" content=\"Taula auxiliar Ikon, Pedrali- Navarro Aubanell\" \/>\n<meta property=\"og:description\" content=\"Taula auxiliar Ikon: disseny elegant i atemporal, combinant durabilitat i estil per a embellir qualsevol espai interior o exterior.\" \/>\n<meta property=\"og:url\" content=\"https:\/\/www.navarroaubanell.com\/ca\/producte\/taula-auxiliar-ikon-pedrali-navarroaubanell\/\" \/>\n<meta property=\"og:site_name\" content=\"Navarro Aubanell\" \/>\n<meta property=\"article:modified_time\" content=\"2024-08-01T14:26:17+00:00\" \/>\n<meta property=\"og:image\" content=\"https:\/\/www.navarroaubanell.com\/wp-content\/uploads\/2024\/07\/Ikon-863-1.png\" \/>\n\t<meta property=\"og:image:width\" content=\"800\" \/>\n\t<meta property=\"og:image:height\" content=\"650\" \/>\n\t<meta property=\"og:image:type\" content=\"image\/png\" \/>\n<meta name=\"twitter:label1\" content=\"Est. reading time\" \/>\n\t<meta name=\"twitter:data1\" content=\"2 minutes\" \/>\n<script type=\"application\/ld+json\" class=\"yoast-schema-graph\">{\"@context\":\"https:\\\/\\\/schema.org\",\"@graph\":[{\"@type\":\"WebPage\",\"@id\":\"https:\\\/\\\/www.navarroaubanell.com\\\/ca\\\/producte\\\/taula-auxiliar-ikon-pedrali-navarroaubanell\\\/\",\"url\":\"https:\\\/\\\/www.navarroaubanell.com\\\/ca\\\/producte\\\/taula-auxiliar-ikon-pedrali-navarroaubanell\\\/\",\"name\":\"Taula auxiliar Ikon, Pedrali- Navarro Aubanell\",\"isPartOf\":{\"@id\":\"https:\\\/\\\/www.navarroaubanell.com\\\/ca\\\/#website\"},\"primaryImageOfPage\":{\"@id\":\"https:\\\/\\\/www.navarroaubanell.com\\\/ca\\\/producte\\\/taula-auxiliar-ikon-pedrali-navarroaubanell\\\/#primaryimage\"},\"image\":{\"@id\":\"https:\\\/\\\/www.navarroaubanell.com\\\/ca\\\/producte\\\/taula-auxiliar-ikon-pedrali-navarroaubanell\\\/#primaryimage\"},\"thumbnailUrl\":\"https:\\\/\\\/www.navarroaubanell.com\\\/wp-content\\\/uploads\\\/2024\\\/07\\\/Ikon-863-1.png\",\"datePublished\":\"2024-08-01T14:23:40+00:00\",\"dateModified\":\"2024-08-01T14:26:17+00:00\",\"description\":\"Taula auxiliar Ikon: disseny elegant i atemporal, combinant durabilitat i estil per a embellir qualsevol espai interior o exterior.\",\"breadcrumb\":{\"@id\":\"https:\\\/\\\/www.navarroaubanell.com\\\/ca\\\/producte\\\/taula-auxiliar-ikon-pedrali-navarroaubanell\\\/#breadcrumb\"},\"inLanguage\":\"ca\",\"potentialAction\":[{\"@type\":\"ReadAction\",\"target\":[\"https:\\\/\\\/www.navarroaubanell.com\\\/ca\\\/producte\\\/taula-auxiliar-ikon-pedrali-navarroaubanell\\\/\"]}]},{\"@type\":\"ImageObject\",\"inLanguage\":\"ca\",\"@id\":\"https:\\\/\\\/www.navarroaubanell.com\\\/ca\\\/producte\\\/taula-auxiliar-ikon-pedrali-navarroaubanell\\\/#primaryimage\",\"url\":\"https:\\\/\\\/www.navarroaubanell.com\\\/wp-content\\\/uploads\\\/2024\\\/07\\\/Ikon-863-1.png\",\"contentUrl\":\"https:\\\/\\\/www.navarroaubanell.com\\\/wp-content\\\/uploads\\\/2024\\\/07\\\/Ikon-863-1.png\",\"width\":800,\"height\":650,\"caption\":\"Ikon 863\"},{\"@type\":\"BreadcrumbList\",\"@id\":\"https:\\\/\\\/www.navarroaubanell.com\\\/ca\\\/producte\\\/taula-auxiliar-ikon-pedrali-navarroaubanell\\\/#breadcrumb\",\"itemListElement\":[{\"@type\":\"ListItem\",\"position\":1,\"name\":\"Portada\",\"item\":\"https:\\\/\\\/www.navarroaubanell.com\\\/ca\\\/\"},{\"@type\":\"ListItem\",\"position\":2,\"name\":\"Productes\",\"item\":\"https:\\\/\\\/www.navarroaubanell.com\\\/productos\\\/\"},{\"@type\":\"ListItem\",\"position\":3,\"name\":\"Taula auxiliar Ikon\"}]},{\"@type\":\"WebSite\",\"@id\":\"https:\\\/\\\/www.navarroaubanell.com\\\/ca\\\/#website\",\"url\":\"https:\\\/\\\/www.navarroaubanell.com\\\/ca\\\/\",\"name\":\"Navarro Aubanell\",\"description\":\"Mobiliario para hoteler\u00eda, colectividades y oficinas\",\"publisher\":{\"@id\":\"https:\\\/\\\/www.navarroaubanell.com\\\/ca\\\/#organization\"},\"potentialAction\":[{\"@type\":\"SearchAction\",\"target\":{\"@type\":\"EntryPoint\",\"urlTemplate\":\"https:\\\/\\\/www.navarroaubanell.com\\\/ca\\\/?s={search_term_string}\"},\"query-input\":{\"@type\":\"PropertyValueSpecification\",\"valueRequired\":true,\"valueName\":\"search_term_string\"}}],\"inLanguage\":\"ca\"},{\"@type\":\"Organization\",\"@id\":\"https:\\\/\\\/www.navarroaubanell.com\\\/ca\\\/#organization\",\"name\":\"COMERCIAL NAVARRO AUBANELL, S.A\",\"url\":\"https:\\\/\\\/www.navarroaubanell.com\\\/ca\\\/\",\"logo\":{\"@type\":\"ImageObject\",\"inLanguage\":\"ca\",\"@id\":\"https:\\\/\\\/www.navarroaubanell.com\\\/ca\\\/#\\\/schema\\\/logo\\\/image\\\/\",\"url\":\"https:\\\/\\\/www.navarroaubanell.com\\\/wp-content\\\/uploads\\\/2017\\\/07\\\/logo-navarro-aubuanell.png\",\"contentUrl\":\"https:\\\/\\\/www.navarroaubanell.com\\\/wp-content\\\/uploads\\\/2017\\\/07\\\/logo-navarro-aubuanell.png\",\"width\":6304,\"height\":1154,\"caption\":\"COMERCIAL NAVARRO AUBANELL, S.A\"},\"image\":{\"@id\":\"https:\\\/\\\/www.navarroaubanell.com\\\/ca\\\/#\\\/schema\\\/logo\\\/image\\\/\"}}]}<\/script>\n<!-- \/ Yoast SEO plugin. -->","yoast_head_json":{"title":"Taula auxiliar Ikon, Pedrali- Navarro Aubanell","description":"Taula auxiliar Ikon: disseny elegant i atemporal, combinant durabilitat i estil per a embellir qualsevol espai interior o exterior.","robots":{"index":"index","follow":"follow","max-snippet":"max-snippet:-1","max-image-preview":"max-image-preview:large","max-video-preview":"max-video-preview:-1"},"canonical":"https:\/\/www.navarroaubanell.com\/ca\/producte\/taula-auxiliar-ikon-pedrali-navarroaubanell\/","og_locale":"ca_ES","og_type":"article","og_title":"Taula auxiliar Ikon, Pedrali- Navarro Aubanell","og_description":"Taula auxiliar Ikon: disseny elegant i atemporal, combinant durabilitat i estil per a embellir qualsevol espai interior o exterior.","og_url":"https:\/\/www.navarroaubanell.com\/ca\/producte\/taula-auxiliar-ikon-pedrali-navarroaubanell\/","og_site_name":"Navarro Aubanell","article_modified_time":"2024-08-01T14:26:17+00:00","og_image":[{"width":800,"height":650,"url":"https:\/\/www.navarroaubanell.com\/wp-content\/uploads\/2024\/07\/Ikon-863-1.png","type":"image\/png"}],"twitter_misc":{"Est. reading time":"2 minutes"},"schema":{"@context":"https:\/\/schema.org","@graph":[{"@type":"WebPage","@id":"https:\/\/www.navarroaubanell.com\/ca\/producte\/taula-auxiliar-ikon-pedrali-navarroaubanell\/","url":"https:\/\/www.navarroaubanell.com\/ca\/producte\/taula-auxiliar-ikon-pedrali-navarroaubanell\/","name":"Taula auxiliar Ikon, Pedrali- Navarro Aubanell","isPartOf":{"@id":"https:\/\/www.navarroaubanell.com\/ca\/#website"},"primaryImageOfPage":{"@id":"https:\/\/www.navarroaubanell.com\/ca\/producte\/taula-auxiliar-ikon-pedrali-navarroaubanell\/#primaryimage"},"image":{"@id":"https:\/\/www.navarroaubanell.com\/ca\/producte\/taula-auxiliar-ikon-pedrali-navarroaubanell\/#primaryimage"},"thumbnailUrl":"https:\/\/www.navarroaubanell.com\/wp-content\/uploads\/2024\/07\/Ikon-863-1.png","datePublished":"2024-08-01T14:23:40+00:00","dateModified":"2024-08-01T14:26:17+00:00","description":"Taula auxiliar Ikon: disseny elegant i atemporal, combinant durabilitat i estil per a embellir qualsevol espai interior o exterior.","breadcrumb":{"@id":"https:\/\/www.navarroaubanell.com\/ca\/producte\/taula-auxiliar-ikon-pedrali-navarroaubanell\/#breadcrumb"},"inLanguage":"ca","potentialAction":[{"@type":"ReadAction","target":["https:\/\/www.navarroaubanell.com\/ca\/producte\/taula-auxiliar-ikon-pedrali-navarroaubanell\/"]}]},{"@type":"ImageObject","inLanguage":"ca","@id":"https:\/\/www.navarroaubanell.com\/ca\/producte\/taula-auxiliar-ikon-pedrali-navarroaubanell\/#primaryimage","url":"https:\/\/www.navarroaubanell.com\/wp-content\/uploads\/2024\/07\/Ikon-863-1.png","contentUrl":"https:\/\/www.navarroaubanell.com\/wp-content\/uploads\/2024\/07\/Ikon-863-1.png","width":800,"height":650,"caption":"Ikon 863"},{"@type":"BreadcrumbList","@id":"https:\/\/www.navarroaubanell.com\/ca\/producte\/taula-auxiliar-ikon-pedrali-navarroaubanell\/#breadcrumb","itemListElement":[{"@type":"ListItem","position":1,"name":"Portada","item":"https:\/\/www.navarroaubanell.com\/ca\/"},{"@type":"ListItem","position":2,"name":"Productes","item":"https:\/\/www.navarroaubanell.com\/productos\/"},{"@type":"ListItem","position":3,"name":"Taula auxiliar Ikon"}]},{"@type":"WebSite","@id":"https:\/\/www.navarroaubanell.com\/ca\/#website","url":"https:\/\/www.navarroaubanell.com\/ca\/","name":"Navarro Aubanell","description":"Mobiliario para hoteler\u00eda, colectividades y oficinas","publisher":{"@id":"https:\/\/www.navarroaubanell.com\/ca\/#organization"},"potentialAction":[{"@type":"SearchAction","target":{"@type":"EntryPoint","urlTemplate":"https:\/\/www.navarroaubanell.com\/ca\/?s={search_term_string}"},"query-input":{"@type":"PropertyValueSpecification","valueRequired":true,"valueName":"search_term_string"}}],"inLanguage":"ca"},{"@type":"Organization","@id":"https:\/\/www.navarroaubanell.com\/ca\/#organization","name":"COMERCIAL NAVARRO AUBANELL, S.A","url":"https:\/\/www.navarroaubanell.com\/ca\/","logo":{"@type":"ImageObject","inLanguage":"ca","@id":"https:\/\/www.navarroaubanell.com\/ca\/#\/schema\/logo\/image\/","url":"https:\/\/www.navarroaubanell.com\/wp-content\/uploads\/2017\/07\/logo-navarro-aubuanell.png","contentUrl":"https:\/\/www.navarroaubanell.com\/wp-content\/uploads\/2017\/07\/logo-navarro-aubuanell.png","width":6304,"height":1154,"caption":"COMERCIAL NAVARRO AUBANELL, S.A"},"image":{"@id":"https:\/\/www.navarroaubanell.com\/ca\/#\/schema\/logo\/image\/"}}]}},"_links":{"self":[{"href":"https:\/\/www.navarroaubanell.com\/ca\/wp-json\/wp\/v2\/product\/36509","targetHints":{"allow":["GET"]}}],"collection":[{"href":"https:\/\/www.navarroaubanell.com\/ca\/wp-json\/wp\/v2\/product"}],"about":[{"href":"https:\/\/www.navarroaubanell.com\/ca\/wp-json\/wp\/v2\/types\/product"}],"wp:featuredmedia":[{"embeddable":true,"href":"https:\/\/www.navarroaubanell.com\/ca\/wp-json\/wp\/v2\/media\/36374"}],"wp:attachment":[{"href":"https:\/\/www.navarroaubanell.com\/ca\/wp-json\/wp\/v2\/media?parent=36509"}],"wp:term":[{"taxonomy":"product_brand","embeddable":true,"href":"https:\/\/www.navarroaubanell.com\/ca\/wp-json\/wp\/v2\/product_brand?post=36509"},{"taxonomy":"product_cat","embeddable":true,"href":"https:\/\/www.navarroaubanell.com\/ca\/wp-json\/wp\/v2\/product_cat?post=36509"},{"taxonomy":"product_tag","embeddable":true,"href":"https:\/\/www.navarroaubanell.com\/ca\/wp-json\/wp\/v2\/product_tag?post=36509"}],"curies":[{"name":"wp","href":"https:\/\/api.w.org\/{rel}","templated":true}]}}