{"id":36368,"date":"2024-07-31T16:13:29","date_gmt":"2024-07-31T14:31:00","guid":{"rendered":"https:\/\/www.navarroaubanell.com\/?post_type=product&#038;p=36368"},"modified":"2024-07-31T16:32:51","modified_gmt":"2024-07-31T14:32:51","slug":"taula-elliot-pedrali-navarroaubanell","status":"publish","type":"product","link":"https:\/\/www.navarroaubanell.com\/ca\/producte\/taula-elliot-pedrali-navarroaubanell\/","title":{"rendered":"Taula Elliot"},"content":{"rendered":"<h6>Elliot: La Mesa que Uneix Eleg\u00e0ncia i Funcionalitat<\/h6>\n<p>La <strong>taula Elliot<\/strong> \u00e9s l&#8217;ep\u00edtom de l&#8217;eleg\u00e0ncia moderna, dissenyada per a combinar la suavitat de les l\u00ednies amb la flu\u00efdesa de les formes. La seva silueta esvelta i refinada dota a qualsevol espai d&#8217;una identitat \u00fanica, mantenint un equilibri perfecte entre estil i funcionalitat. La columna central de Elliot, fabricada en alumini extruit, es destaca pels seus tres o quatre l\u00f2buls, que s&#8217;estenen cap a peus igualment esvelts d&#8217;alumini fos a pressi\u00f3, assegurant un suport subtil i ferm en el s\u00f2l.<\/p>\n<p>Elliot\u00a0no sols pot lluir en interiors, sin\u00f3 que tamb\u00e9 est\u00e0 dissenyada per a resistir en ambients exteriors, fent-la ideal per a qualsevol tipus d&#8217;espai, des de terrasses residencials fins a elegants entorns comercials.<\/p>\n<h6>Varietat de Models per a Qualsevol Necessitat<\/h6>\n<p>Elliot ofereix una gamma vers\u00e0til de models, cadascun pensat per a adaptar-se a diverses configuracions i necessitats:<\/p>\n<ul>\n<li><a href=\"https:\/\/cdn-assets.pedrali.com\/media\/pedrali\/media\/assets\/originals\/documenti\/st\/st-elliot-5470t-5474t.pdf\"><strong>5470T:<\/strong> <\/a>Mesa amb base de tres radis i mecanisme per a sobre inclinable. Ideal per a personalitzar amb sobres de diferents grand\u00e0ries i acabats.<\/li>\n<li><a href=\"https:\/\/cdn-assets.pedrali.com\/media\/pedrali\/media\/assets\/originals\/documenti\/st\/st-elliot-5475-5475h500-5476.pdf\"><strong>5475<\/strong><\/a>: Mesa amb base de quatre radis i peu\u00a0cuadrilobulado, que es combina perfectament amb sobres en m\u00faltiples grand\u00e0ries i acabats.<\/li>\n<li><a href=\"https:\/\/cdn-assets.pedrali.com\/media\/pedrali\/media\/assets\/originals\/documenti\/st\/st-elliot-5475-5475h500-5476.pdf\"><strong>5476<\/strong><\/a>: Una taula alta amb base de quatre radis, dissenyada per a sobres grans i sofisticats, ideal per a crear un punt focal en el seu entorn.<\/li>\n<li><a href=\"https:\/\/cdn-assets.pedrali.com\/media\/pedrali\/media\/assets\/originals\/documenti\/st\/st-elliot-5470t-5474t.pdf\"><strong>5474T<\/strong><\/a>: Mesa alta amb base de tres radis i sobre inclinable, que ofereix flexibilitat i estil en qualsevol espai.<\/li>\n<li><a href=\"https:\/\/cdn-assets.pedrali.com\/media\/pedrali\/media\/assets\/originals\/documenti\/st\/st-elliot-5470-5473-5474.pdf\"><strong>5473<\/strong><\/a>: Mesa de centre amb base de tres radis, perfecta per a crear un ambient acollidor i elegant en qualsevol lloc.<\/li>\n<li><a href=\"https:\/\/cdn-assets.pedrali.com\/media\/pedrali\/media\/assets\/originals\/documenti\/st\/st-elliot-5470-5473-5474.pdf\"><strong>5474<\/strong><\/a>: Una altra opci\u00f3 de taula alta amb base de tres radis, que combina estil i funcionalitat en una pe\u00e7a vers\u00e0til.<\/li>\n<li><a href=\"https:\/\/cdn-assets.pedrali.com\/media\/pedrali\/media\/assets\/originals\/documenti\/st\/st-elliot-5477-5477-h500.pdf\"><strong>5477<\/strong><\/a>: Mesa amb una base m\u00e9s ampla i robusta, amb quatre potes que garanteixen estabilitat, perfecta per a suportar sobres de gran grand\u00e0ria.<\/li>\n<li><a href=\"https:\/\/cdn-assets.pedrali.com\/media\/pedrali\/media\/assets\/originals\/documenti\/st\/st-elliot-5470-5473-5474.pdf\"><strong>5470<\/strong><\/a>: Un model cl\u00e0ssic amb base de tres radis, que s&#8217;adapta a qualsevol entorn amb eleg\u00e0ncia i practicitat.<\/li>\n<li><a href=\"https:\/\/cdn-assets.pedrali.com\/media\/pedrali\/media\/assets\/originals\/documenti\/st\/st-elliot-5477-5477-h500.pdf\"><strong>5477 H500<\/strong>:<\/a> Mesa de centre amb base ampla i quatre potes, dissenyada per a crear una pres\u00e8ncia s\u00f2lida i sofisticada.<\/li>\n<li><a href=\"https:\/\/cdn-assets.pedrali.com\/media\/pedrali\/media\/assets\/originals\/documenti\/st\/st-elliot-5475-5475h500-5476.pdf\"><strong>5475 H500:<\/strong><\/a> Mesa de centre amb base de quatre radis, ideal per a espais que requereixen una pe\u00e7a central baixa per\u00f2 impactant.<\/li>\n<\/ul>\n<p><strong>Cada model de la s\u00e8rie\u00a0Elliot\u00a0est\u00e0 dissenyat per a suportar sobres de diferents grand\u00e0ries i acabats, permetent-li crear la taula perfecta per al seu espai.<\/strong><\/p>\n","protected":false},"excerpt":{"rendered":"<p>Elliot: La Mesa que Uneix Eleg\u00e0ncia i Funcionalitat La taula Elliot \u00e9s l&#8217;ep\u00edtom de l&#8217;eleg\u00e0ncia moderna, dissenyada per a combinar la suavitat de les l\u00ednies amb la flu\u00efdesa de les formes. La seva silueta esvelta i refinada dota a qualsevol espai d&#8217;una identitat \u00fanica, mantenint un equilibri perfecte entre estil i funcionalitat. La columna central&hellip;<\/p>\n","protected":false},"featured_media":36352,"template":"","meta":{"_acf_changed":false},"product_brand":[],"product_cat":[529,567],"product_tag":[1236,640,729,695],"class_list":{"0":"post-36368","1":"product","2":"type-product","3":"status-publish","4":"has-post-thumbnail","6":"product_cat-taules","7":"product_cat-taules-exterior","8":"product_tag-elliot-ca","9":"product_tag-exterior-ca","10":"product_tag-pedrali-ca","11":"product_tag-taula","12":"description-off","14":"first","15":"instock","16":"shipping-taxable","17":"product-type-simple"},"acf":[],"yoast_head":"<!-- This site is optimized with the Yoast SEO plugin v27.6 - https:\/\/yoast.com\/product\/yoast-seo-wordpress\/ -->\n<title>taula-elliot-pedrali-navarro-aubanell<\/title>\n<meta name=\"description\" content=\"Taula Elliot: eleg\u00e0ncia moderna i funcional per a exteriors. Disponible en m\u00faltiples models, grand\u00e0ries i acabats personalitzables.\" \/>\n<meta name=\"robots\" content=\"index, follow, max-snippet:-1, max-image-preview:large, max-video-preview:-1\" \/>\n<link rel=\"canonical\" href=\"https:\/\/www.navarroaubanell.com\/ca\/producte\/taula-elliot-pedrali-navarroaubanell\/\" \/>\n<meta property=\"og:locale\" content=\"ca_ES\" \/>\n<meta property=\"og:type\" content=\"article\" \/>\n<meta property=\"og:title\" content=\"taula-elliot-pedrali-navarro-aubanell\" \/>\n<meta property=\"og:description\" content=\"Taula Elliot: eleg\u00e0ncia moderna i funcional per a exteriors. Disponible en m\u00faltiples models, grand\u00e0ries i acabats personalitzables.\" \/>\n<meta property=\"og:url\" content=\"https:\/\/www.navarroaubanell.com\/ca\/producte\/taula-elliot-pedrali-navarroaubanell\/\" \/>\n<meta property=\"og:site_name\" content=\"Navarro Aubanell\" \/>\n<meta property=\"article:modified_time\" content=\"2024-07-31T14:32:51+00:00\" \/>\n<meta property=\"og:image\" content=\"https:\/\/www.navarroaubanell.com\/wp-content\/uploads\/2024\/07\/Mesa-Elliot-5477-3.png\" \/>\n\t<meta property=\"og:image:width\" content=\"881\" \/>\n\t<meta property=\"og:image:height\" content=\"716\" \/>\n\t<meta property=\"og:image:type\" content=\"image\/png\" \/>\n<meta name=\"twitter:label1\" content=\"Est. reading time\" \/>\n\t<meta name=\"twitter:data1\" content=\"2 minutes\" \/>\n<script type=\"application\/ld+json\" class=\"yoast-schema-graph\">{\"@context\":\"https:\\\/\\\/schema.org\",\"@graph\":[{\"@type\":\"WebPage\",\"@id\":\"https:\\\/\\\/www.navarroaubanell.com\\\/ca\\\/producte\\\/taula-elliot-pedrali-navarroaubanell\\\/\",\"url\":\"https:\\\/\\\/www.navarroaubanell.com\\\/ca\\\/producte\\\/taula-elliot-pedrali-navarroaubanell\\\/\",\"name\":\"taula-elliot-pedrali-navarro-aubanell\",\"isPartOf\":{\"@id\":\"https:\\\/\\\/www.navarroaubanell.com\\\/ca\\\/#website\"},\"primaryImageOfPage\":{\"@id\":\"https:\\\/\\\/www.navarroaubanell.com\\\/ca\\\/producte\\\/taula-elliot-pedrali-navarroaubanell\\\/#primaryimage\"},\"image\":{\"@id\":\"https:\\\/\\\/www.navarroaubanell.com\\\/ca\\\/producte\\\/taula-elliot-pedrali-navarroaubanell\\\/#primaryimage\"},\"thumbnailUrl\":\"https:\\\/\\\/www.navarroaubanell.com\\\/wp-content\\\/uploads\\\/2024\\\/07\\\/Mesa-Elliot-5477-3.png\",\"datePublished\":\"2024-07-31T14:31:00+00:00\",\"dateModified\":\"2024-07-31T14:32:51+00:00\",\"description\":\"Taula Elliot: eleg\u00e0ncia moderna i funcional per a exteriors. Disponible en m\u00faltiples models, grand\u00e0ries i acabats personalitzables.\",\"breadcrumb\":{\"@id\":\"https:\\\/\\\/www.navarroaubanell.com\\\/ca\\\/producte\\\/taula-elliot-pedrali-navarroaubanell\\\/#breadcrumb\"},\"inLanguage\":\"ca\",\"potentialAction\":[{\"@type\":\"ReadAction\",\"target\":[\"https:\\\/\\\/www.navarroaubanell.com\\\/ca\\\/producte\\\/taula-elliot-pedrali-navarroaubanell\\\/\"]}]},{\"@type\":\"ImageObject\",\"inLanguage\":\"ca\",\"@id\":\"https:\\\/\\\/www.navarroaubanell.com\\\/ca\\\/producte\\\/taula-elliot-pedrali-navarroaubanell\\\/#primaryimage\",\"url\":\"https:\\\/\\\/www.navarroaubanell.com\\\/wp-content\\\/uploads\\\/2024\\\/07\\\/Mesa-Elliot-5477-3.png\",\"contentUrl\":\"https:\\\/\\\/www.navarroaubanell.com\\\/wp-content\\\/uploads\\\/2024\\\/07\\\/Mesa-Elliot-5477-3.png\",\"width\":881,\"height\":716,\"caption\":\"Taula Elliot 5477\"},{\"@type\":\"BreadcrumbList\",\"@id\":\"https:\\\/\\\/www.navarroaubanell.com\\\/ca\\\/producte\\\/taula-elliot-pedrali-navarroaubanell\\\/#breadcrumb\",\"itemListElement\":[{\"@type\":\"ListItem\",\"position\":1,\"name\":\"Portada\",\"item\":\"https:\\\/\\\/www.navarroaubanell.com\\\/ca\\\/\"},{\"@type\":\"ListItem\",\"position\":2,\"name\":\"Productes\",\"item\":\"https:\\\/\\\/www.navarroaubanell.com\\\/productos\\\/\"},{\"@type\":\"ListItem\",\"position\":3,\"name\":\"Taula Elliot\"}]},{\"@type\":\"WebSite\",\"@id\":\"https:\\\/\\\/www.navarroaubanell.com\\\/ca\\\/#website\",\"url\":\"https:\\\/\\\/www.navarroaubanell.com\\\/ca\\\/\",\"name\":\"Navarro Aubanell\",\"description\":\"Mobiliario para hoteler\u00eda, colectividades y oficinas\",\"publisher\":{\"@id\":\"https:\\\/\\\/www.navarroaubanell.com\\\/ca\\\/#organization\"},\"potentialAction\":[{\"@type\":\"SearchAction\",\"target\":{\"@type\":\"EntryPoint\",\"urlTemplate\":\"https:\\\/\\\/www.navarroaubanell.com\\\/ca\\\/?s={search_term_string}\"},\"query-input\":{\"@type\":\"PropertyValueSpecification\",\"valueRequired\":true,\"valueName\":\"search_term_string\"}}],\"inLanguage\":\"ca\"},{\"@type\":\"Organization\",\"@id\":\"https:\\\/\\\/www.navarroaubanell.com\\\/ca\\\/#organization\",\"name\":\"COMERCIAL NAVARRO AUBANELL, S.A\",\"url\":\"https:\\\/\\\/www.navarroaubanell.com\\\/ca\\\/\",\"logo\":{\"@type\":\"ImageObject\",\"inLanguage\":\"ca\",\"@id\":\"https:\\\/\\\/www.navarroaubanell.com\\\/ca\\\/#\\\/schema\\\/logo\\\/image\\\/\",\"url\":\"https:\\\/\\\/www.navarroaubanell.com\\\/wp-content\\\/uploads\\\/2017\\\/07\\\/logo-navarro-aubuanell.png\",\"contentUrl\":\"https:\\\/\\\/www.navarroaubanell.com\\\/wp-content\\\/uploads\\\/2017\\\/07\\\/logo-navarro-aubuanell.png\",\"width\":6304,\"height\":1154,\"caption\":\"COMERCIAL NAVARRO AUBANELL, S.A\"},\"image\":{\"@id\":\"https:\\\/\\\/www.navarroaubanell.com\\\/ca\\\/#\\\/schema\\\/logo\\\/image\\\/\"}}]}<\/script>\n<!-- \/ Yoast SEO plugin. -->","yoast_head_json":{"title":"taula-elliot-pedrali-navarro-aubanell","description":"Taula Elliot: eleg\u00e0ncia moderna i funcional per a exteriors. Disponible en m\u00faltiples models, grand\u00e0ries i acabats personalitzables.","robots":{"index":"index","follow":"follow","max-snippet":"max-snippet:-1","max-image-preview":"max-image-preview:large","max-video-preview":"max-video-preview:-1"},"canonical":"https:\/\/www.navarroaubanell.com\/ca\/producte\/taula-elliot-pedrali-navarroaubanell\/","og_locale":"ca_ES","og_type":"article","og_title":"taula-elliot-pedrali-navarro-aubanell","og_description":"Taula Elliot: eleg\u00e0ncia moderna i funcional per a exteriors. Disponible en m\u00faltiples models, grand\u00e0ries i acabats personalitzables.","og_url":"https:\/\/www.navarroaubanell.com\/ca\/producte\/taula-elliot-pedrali-navarroaubanell\/","og_site_name":"Navarro Aubanell","article_modified_time":"2024-07-31T14:32:51+00:00","og_image":[{"width":881,"height":716,"url":"https:\/\/www.navarroaubanell.com\/wp-content\/uploads\/2024\/07\/Mesa-Elliot-5477-3.png","type":"image\/png"}],"twitter_misc":{"Est. reading time":"2 minutes"},"schema":{"@context":"https:\/\/schema.org","@graph":[{"@type":"WebPage","@id":"https:\/\/www.navarroaubanell.com\/ca\/producte\/taula-elliot-pedrali-navarroaubanell\/","url":"https:\/\/www.navarroaubanell.com\/ca\/producte\/taula-elliot-pedrali-navarroaubanell\/","name":"taula-elliot-pedrali-navarro-aubanell","isPartOf":{"@id":"https:\/\/www.navarroaubanell.com\/ca\/#website"},"primaryImageOfPage":{"@id":"https:\/\/www.navarroaubanell.com\/ca\/producte\/taula-elliot-pedrali-navarroaubanell\/#primaryimage"},"image":{"@id":"https:\/\/www.navarroaubanell.com\/ca\/producte\/taula-elliot-pedrali-navarroaubanell\/#primaryimage"},"thumbnailUrl":"https:\/\/www.navarroaubanell.com\/wp-content\/uploads\/2024\/07\/Mesa-Elliot-5477-3.png","datePublished":"2024-07-31T14:31:00+00:00","dateModified":"2024-07-31T14:32:51+00:00","description":"Taula Elliot: eleg\u00e0ncia moderna i funcional per a exteriors. Disponible en m\u00faltiples models, grand\u00e0ries i acabats personalitzables.","breadcrumb":{"@id":"https:\/\/www.navarroaubanell.com\/ca\/producte\/taula-elliot-pedrali-navarroaubanell\/#breadcrumb"},"inLanguage":"ca","potentialAction":[{"@type":"ReadAction","target":["https:\/\/www.navarroaubanell.com\/ca\/producte\/taula-elliot-pedrali-navarroaubanell\/"]}]},{"@type":"ImageObject","inLanguage":"ca","@id":"https:\/\/www.navarroaubanell.com\/ca\/producte\/taula-elliot-pedrali-navarroaubanell\/#primaryimage","url":"https:\/\/www.navarroaubanell.com\/wp-content\/uploads\/2024\/07\/Mesa-Elliot-5477-3.png","contentUrl":"https:\/\/www.navarroaubanell.com\/wp-content\/uploads\/2024\/07\/Mesa-Elliot-5477-3.png","width":881,"height":716,"caption":"Taula Elliot 5477"},{"@type":"BreadcrumbList","@id":"https:\/\/www.navarroaubanell.com\/ca\/producte\/taula-elliot-pedrali-navarroaubanell\/#breadcrumb","itemListElement":[{"@type":"ListItem","position":1,"name":"Portada","item":"https:\/\/www.navarroaubanell.com\/ca\/"},{"@type":"ListItem","position":2,"name":"Productes","item":"https:\/\/www.navarroaubanell.com\/productos\/"},{"@type":"ListItem","position":3,"name":"Taula Elliot"}]},{"@type":"WebSite","@id":"https:\/\/www.navarroaubanell.com\/ca\/#website","url":"https:\/\/www.navarroaubanell.com\/ca\/","name":"Navarro Aubanell","description":"Mobiliario para hoteler\u00eda, colectividades y oficinas","publisher":{"@id":"https:\/\/www.navarroaubanell.com\/ca\/#organization"},"potentialAction":[{"@type":"SearchAction","target":{"@type":"EntryPoint","urlTemplate":"https:\/\/www.navarroaubanell.com\/ca\/?s={search_term_string}"},"query-input":{"@type":"PropertyValueSpecification","valueRequired":true,"valueName":"search_term_string"}}],"inLanguage":"ca"},{"@type":"Organization","@id":"https:\/\/www.navarroaubanell.com\/ca\/#organization","name":"COMERCIAL NAVARRO AUBANELL, S.A","url":"https:\/\/www.navarroaubanell.com\/ca\/","logo":{"@type":"ImageObject","inLanguage":"ca","@id":"https:\/\/www.navarroaubanell.com\/ca\/#\/schema\/logo\/image\/","url":"https:\/\/www.navarroaubanell.com\/wp-content\/uploads\/2017\/07\/logo-navarro-aubuanell.png","contentUrl":"https:\/\/www.navarroaubanell.com\/wp-content\/uploads\/2017\/07\/logo-navarro-aubuanell.png","width":6304,"height":1154,"caption":"COMERCIAL NAVARRO AUBANELL, S.A"},"image":{"@id":"https:\/\/www.navarroaubanell.com\/ca\/#\/schema\/logo\/image\/"}}]}},"_links":{"self":[{"href":"https:\/\/www.navarroaubanell.com\/ca\/wp-json\/wp\/v2\/product\/36368","targetHints":{"allow":["GET"]}}],"collection":[{"href":"https:\/\/www.navarroaubanell.com\/ca\/wp-json\/wp\/v2\/product"}],"about":[{"href":"https:\/\/www.navarroaubanell.com\/ca\/wp-json\/wp\/v2\/types\/product"}],"wp:featuredmedia":[{"embeddable":true,"href":"https:\/\/www.navarroaubanell.com\/ca\/wp-json\/wp\/v2\/media\/36352"}],"wp:attachment":[{"href":"https:\/\/www.navarroaubanell.com\/ca\/wp-json\/wp\/v2\/media?parent=36368"}],"wp:term":[{"taxonomy":"product_brand","embeddable":true,"href":"https:\/\/www.navarroaubanell.com\/ca\/wp-json\/wp\/v2\/product_brand?post=36368"},{"taxonomy":"product_cat","embeddable":true,"href":"https:\/\/www.navarroaubanell.com\/ca\/wp-json\/wp\/v2\/product_cat?post=36368"},{"taxonomy":"product_tag","embeddable":true,"href":"https:\/\/www.navarroaubanell.com\/ca\/wp-json\/wp\/v2\/product_tag?post=36368"}],"curies":[{"name":"wp","href":"https:\/\/api.w.org\/{rel}","templated":true}]}}