{"id":36314,"date":"2024-07-31T12:44:44","date_gmt":"2024-07-31T10:58:36","guid":{"rendered":"https:\/\/www.navarroaubanell.com\/?post_type=product&#038;p=36314"},"modified":"2024-07-31T15:08:50","modified_gmt":"2024-07-31T13:08:50","slug":"taula-caementum","status":"publish","type":"product","link":"https:\/\/www.navarroaubanell.com\/ca\/producte\/taula-caementum\/","title":{"rendered":"Taula Caementum"},"content":{"rendered":"<h6>Caementum: L&#8217;Eleg\u00e0ncia del Ciment amb un Toc de Sofisticaci\u00f3<\/h6>\n<p>La taula Caementum redefineix el concepte de disseny exterior amb una geometria que equilibra for\u00e7a i delicadesa en una tauleta monobloc de ciment. La seva base central, elaborada amb ciment d&#8217;alt rendiment i additius acuradament seleccionats, ofereix no sols un aspecte robust i sofisticat, sin\u00f3 tamb\u00e9 una funcionalitat excepcional.<\/p>\n<p>Gr\u00e0cies a la seva innovadora composici\u00f3,\u00a0Caementum\u00a0garanteix un excel\u00b7lent rendiment t\u00e8cnic. La seva superf\u00edcie \u00e9s f\u00e0cil de netejar, altament resistent als canvis de temperatura i ofereix protecci\u00f3 contra taques i l\u00edquids.<\/p>\n<p>Dissenyada amb un peu de nil\u00f3 per a protegir les superf\u00edcies de contacte i un interior buit per a facilitar el seu despla\u00e7ament,\u00a0Caementum\u00a0combina forma i funci\u00f3 de manera perfecta. Aquest disseny intel\u00b7ligent no sols la fa f\u00e0cil de moure, sin\u00f3 que tamb\u00e9 la converteix en una opci\u00f3 vers\u00e0til per a una \u00e0mplia varietat de composicions, ideal tant per a ambients\u00a0contract\u00a0com a residencials.<\/p>\n<p>Caementum est\u00e0 disponible en dues grand\u00e0ries diferents, permetent la seva adaptaci\u00f3 a diferents espais i necessitats. A m\u00e9s, ofereix dues opcions d&#8217;acabat per a ajustar-se a qualsevol estil:<\/p>\n<ul>\n<li><strong>Acolorit en massa:<\/strong> Disponible en tres colors sobris i elegants, que aporten tranquil\u00b7litat i harmonia a l&#8217;espai.<\/li>\n<li><strong>Laca brillant:<\/strong> Quatre opcions de colors vibrants que afegeixen un toc d&#8217;energia i dinamisme.<strong>Transformi els seus espais exteriors amb la sofisticaci\u00f3 i el rendiment que nom\u00e9s la taula\u00a0Caementum\u00a0pot oferir.<\/strong><\/li>\n<\/ul>\n<p><a href=\"https:\/\/cdn-assets.pedrali.com\/media\/pedrali\/media\/assets\/originals\/documenti\/st\/st-caementum-cmt.pdf\">Fitxa t\u00e8cnica<\/a><\/p>\n","protected":false},"excerpt":{"rendered":"<p>Caementum: L&#8217;Eleg\u00e0ncia del Ciment amb un Toc de Sofisticaci\u00f3 La taula Caementum redefineix el concepte de disseny exterior amb una geometria que equilibra for\u00e7a i delicadesa en una tauleta monobloc de ciment. La seva base central, elaborada amb ciment d&#8217;alt rendiment i additius acuradament seleccionats, ofereix no sols un aspecte robust i sofisticat, sin\u00f3 tamb\u00e9&hellip;<\/p>\n","protected":false},"featured_media":36277,"template":"","meta":{"_acf_changed":false},"product_brand":[],"product_cat":[566],"product_tag":[1234,640,729,695],"class_list":{"0":"post-36314","1":"product","2":"type-product","3":"status-publish","4":"has-post-thumbnail","6":"product_cat-taules-auxiliars-exterior","7":"product_tag-caementum-ca","8":"product_tag-exterior-ca","9":"product_tag-pedrali-ca","10":"product_tag-taula","11":"description-off","13":"first","14":"instock","15":"shipping-taxable","16":"product-type-simple"},"acf":[],"yoast_head":"<!-- This site is optimized with the Yoast SEO plugin v27.0 - https:\/\/yoast.com\/product\/yoast-seo-wordpress\/ -->\n<title>Taula Caementum, Pedrali- Navarro Aubanell<\/title>\n<meta name=\"description\" content=\"Taula Caementum: ciment amb additius de protecci\u00f3 d&#039;alt rendiment, resistent i elegant, dissenyada per a lluir en exteriors.\" \/>\n<meta name=\"robots\" content=\"index, follow, max-snippet:-1, max-image-preview:large, max-video-preview:-1\" \/>\n<link rel=\"canonical\" href=\"https:\/\/www.navarroaubanell.com\/ca\/producte\/taula-caementum\/\" \/>\n<meta property=\"og:locale\" content=\"ca_ES\" \/>\n<meta property=\"og:type\" content=\"article\" \/>\n<meta property=\"og:title\" content=\"Taula Caementum, Pedrali- Navarro Aubanell\" \/>\n<meta property=\"og:description\" content=\"Taula Caementum: ciment amb additius de protecci\u00f3 d&#039;alt rendiment, resistent i elegant, dissenyada per a lluir en exteriors.\" \/>\n<meta property=\"og:url\" content=\"https:\/\/www.navarroaubanell.com\/ca\/producte\/taula-caementum\/\" \/>\n<meta property=\"og:site_name\" content=\"Navarro Aubanell\" \/>\n<meta property=\"article:modified_time\" content=\"2024-07-31T13:08:50+00:00\" \/>\n<meta property=\"og:image\" content=\"https:\/\/www.navarroaubanell.com\/wp-content\/uploads\/2024\/07\/Mesa-Caementum-3.png\" \/>\n\t<meta property=\"og:image:width\" content=\"881\" \/>\n\t<meta property=\"og:image:height\" content=\"1181\" \/>\n\t<meta property=\"og:image:type\" content=\"image\/png\" \/>\n<meta name=\"twitter:label1\" content=\"Est. reading time\" \/>\n\t<meta name=\"twitter:data1\" content=\"2 minutes\" \/>\n<script type=\"application\/ld+json\" class=\"yoast-schema-graph\">{\"@context\":\"https:\/\/schema.org\",\"@graph\":[{\"@type\":\"WebPage\",\"@id\":\"https:\/\/www.navarroaubanell.com\/ca\/producte\/taula-caementum\/\",\"url\":\"https:\/\/www.navarroaubanell.com\/ca\/producte\/taula-caementum\/\",\"name\":\"Taula Caementum, Pedrali- Navarro Aubanell\",\"isPartOf\":{\"@id\":\"https:\/\/www.navarroaubanell.com\/ca\/#website\"},\"primaryImageOfPage\":{\"@id\":\"https:\/\/www.navarroaubanell.com\/ca\/producte\/taula-caementum\/#primaryimage\"},\"image\":{\"@id\":\"https:\/\/www.navarroaubanell.com\/ca\/producte\/taula-caementum\/#primaryimage\"},\"thumbnailUrl\":\"https:\/\/www.navarroaubanell.com\/wp-content\/uploads\/2024\/07\/Mesa-Caementum-3.png\",\"datePublished\":\"2024-07-31T10:58:36+00:00\",\"dateModified\":\"2024-07-31T13:08:50+00:00\",\"description\":\"Taula Caementum: ciment amb additius de protecci\u00f3 d'alt rendiment, resistent i elegant, dissenyada per a lluir en exteriors.\",\"breadcrumb\":{\"@id\":\"https:\/\/www.navarroaubanell.com\/ca\/producte\/taula-caementum\/#breadcrumb\"},\"inLanguage\":\"ca\",\"potentialAction\":[{\"@type\":\"ReadAction\",\"target\":[\"https:\/\/www.navarroaubanell.com\/ca\/producte\/taula-caementum\/\"]}]},{\"@type\":\"ImageObject\",\"inLanguage\":\"ca\",\"@id\":\"https:\/\/www.navarroaubanell.com\/ca\/producte\/taula-caementum\/#primaryimage\",\"url\":\"https:\/\/www.navarroaubanell.com\/wp-content\/uploads\/2024\/07\/Mesa-Caementum-3.png\",\"contentUrl\":\"https:\/\/www.navarroaubanell.com\/wp-content\/uploads\/2024\/07\/Mesa-Caementum-3.png\",\"width\":881,\"height\":1181,\"caption\":\"Taula Caementum\"},{\"@type\":\"BreadcrumbList\",\"@id\":\"https:\/\/www.navarroaubanell.com\/ca\/producte\/taula-caementum\/#breadcrumb\",\"itemListElement\":[{\"@type\":\"ListItem\",\"position\":1,\"name\":\"Portada\",\"item\":\"https:\/\/www.navarroaubanell.com\/ca\/\"},{\"@type\":\"ListItem\",\"position\":2,\"name\":\"Productes\",\"item\":\"https:\/\/www.navarroaubanell.com\/productos\/\"},{\"@type\":\"ListItem\",\"position\":3,\"name\":\"Taula Caementum\"}]},{\"@type\":\"WebSite\",\"@id\":\"https:\/\/www.navarroaubanell.com\/ca\/#website\",\"url\":\"https:\/\/www.navarroaubanell.com\/ca\/\",\"name\":\"Navarro Aubanell\",\"description\":\"Mobiliario para hoteler\u00eda, colectividades y oficinas\",\"publisher\":{\"@id\":\"https:\/\/www.navarroaubanell.com\/ca\/#organization\"},\"potentialAction\":[{\"@type\":\"SearchAction\",\"target\":{\"@type\":\"EntryPoint\",\"urlTemplate\":\"https:\/\/www.navarroaubanell.com\/ca\/?s={search_term_string}\"},\"query-input\":{\"@type\":\"PropertyValueSpecification\",\"valueRequired\":true,\"valueName\":\"search_term_string\"}}],\"inLanguage\":\"ca\"},{\"@type\":\"Organization\",\"@id\":\"https:\/\/www.navarroaubanell.com\/ca\/#organization\",\"name\":\"COMERCIAL NAVARRO AUBANELL, S.A\",\"url\":\"https:\/\/www.navarroaubanell.com\/ca\/\",\"logo\":{\"@type\":\"ImageObject\",\"inLanguage\":\"ca\",\"@id\":\"https:\/\/www.navarroaubanell.com\/ca\/#\/schema\/logo\/image\/\",\"url\":\"https:\/\/www.navarroaubanell.com\/wp-content\/uploads\/2017\/07\/logo-navarro-aubuanell.png\",\"contentUrl\":\"https:\/\/www.navarroaubanell.com\/wp-content\/uploads\/2017\/07\/logo-navarro-aubuanell.png\",\"width\":6304,\"height\":1154,\"caption\":\"COMERCIAL NAVARRO AUBANELL, S.A\"},\"image\":{\"@id\":\"https:\/\/www.navarroaubanell.com\/ca\/#\/schema\/logo\/image\/\"}}]}<\/script>\n<!-- \/ Yoast SEO plugin. -->","yoast_head_json":{"title":"Taula Caementum, Pedrali- Navarro Aubanell","description":"Taula Caementum: ciment amb additius de protecci\u00f3 d'alt rendiment, resistent i elegant, dissenyada per a lluir en exteriors.","robots":{"index":"index","follow":"follow","max-snippet":"max-snippet:-1","max-image-preview":"max-image-preview:large","max-video-preview":"max-video-preview:-1"},"canonical":"https:\/\/www.navarroaubanell.com\/ca\/producte\/taula-caementum\/","og_locale":"ca_ES","og_type":"article","og_title":"Taula Caementum, Pedrali- Navarro Aubanell","og_description":"Taula Caementum: ciment amb additius de protecci\u00f3 d'alt rendiment, resistent i elegant, dissenyada per a lluir en exteriors.","og_url":"https:\/\/www.navarroaubanell.com\/ca\/producte\/taula-caementum\/","og_site_name":"Navarro Aubanell","article_modified_time":"2024-07-31T13:08:50+00:00","og_image":[{"width":881,"height":1181,"url":"https:\/\/www.navarroaubanell.com\/wp-content\/uploads\/2024\/07\/Mesa-Caementum-3.png","type":"image\/png"}],"twitter_misc":{"Est. reading time":"2 minutes"},"schema":{"@context":"https:\/\/schema.org","@graph":[{"@type":"WebPage","@id":"https:\/\/www.navarroaubanell.com\/ca\/producte\/taula-caementum\/","url":"https:\/\/www.navarroaubanell.com\/ca\/producte\/taula-caementum\/","name":"Taula Caementum, Pedrali- Navarro Aubanell","isPartOf":{"@id":"https:\/\/www.navarroaubanell.com\/ca\/#website"},"primaryImageOfPage":{"@id":"https:\/\/www.navarroaubanell.com\/ca\/producte\/taula-caementum\/#primaryimage"},"image":{"@id":"https:\/\/www.navarroaubanell.com\/ca\/producte\/taula-caementum\/#primaryimage"},"thumbnailUrl":"https:\/\/www.navarroaubanell.com\/wp-content\/uploads\/2024\/07\/Mesa-Caementum-3.png","datePublished":"2024-07-31T10:58:36+00:00","dateModified":"2024-07-31T13:08:50+00:00","description":"Taula Caementum: ciment amb additius de protecci\u00f3 d'alt rendiment, resistent i elegant, dissenyada per a lluir en exteriors.","breadcrumb":{"@id":"https:\/\/www.navarroaubanell.com\/ca\/producte\/taula-caementum\/#breadcrumb"},"inLanguage":"ca","potentialAction":[{"@type":"ReadAction","target":["https:\/\/www.navarroaubanell.com\/ca\/producte\/taula-caementum\/"]}]},{"@type":"ImageObject","inLanguage":"ca","@id":"https:\/\/www.navarroaubanell.com\/ca\/producte\/taula-caementum\/#primaryimage","url":"https:\/\/www.navarroaubanell.com\/wp-content\/uploads\/2024\/07\/Mesa-Caementum-3.png","contentUrl":"https:\/\/www.navarroaubanell.com\/wp-content\/uploads\/2024\/07\/Mesa-Caementum-3.png","width":881,"height":1181,"caption":"Taula Caementum"},{"@type":"BreadcrumbList","@id":"https:\/\/www.navarroaubanell.com\/ca\/producte\/taula-caementum\/#breadcrumb","itemListElement":[{"@type":"ListItem","position":1,"name":"Portada","item":"https:\/\/www.navarroaubanell.com\/ca\/"},{"@type":"ListItem","position":2,"name":"Productes","item":"https:\/\/www.navarroaubanell.com\/productos\/"},{"@type":"ListItem","position":3,"name":"Taula Caementum"}]},{"@type":"WebSite","@id":"https:\/\/www.navarroaubanell.com\/ca\/#website","url":"https:\/\/www.navarroaubanell.com\/ca\/","name":"Navarro Aubanell","description":"Mobiliario para hoteler\u00eda, colectividades y oficinas","publisher":{"@id":"https:\/\/www.navarroaubanell.com\/ca\/#organization"},"potentialAction":[{"@type":"SearchAction","target":{"@type":"EntryPoint","urlTemplate":"https:\/\/www.navarroaubanell.com\/ca\/?s={search_term_string}"},"query-input":{"@type":"PropertyValueSpecification","valueRequired":true,"valueName":"search_term_string"}}],"inLanguage":"ca"},{"@type":"Organization","@id":"https:\/\/www.navarroaubanell.com\/ca\/#organization","name":"COMERCIAL NAVARRO AUBANELL, S.A","url":"https:\/\/www.navarroaubanell.com\/ca\/","logo":{"@type":"ImageObject","inLanguage":"ca","@id":"https:\/\/www.navarroaubanell.com\/ca\/#\/schema\/logo\/image\/","url":"https:\/\/www.navarroaubanell.com\/wp-content\/uploads\/2017\/07\/logo-navarro-aubuanell.png","contentUrl":"https:\/\/www.navarroaubanell.com\/wp-content\/uploads\/2017\/07\/logo-navarro-aubuanell.png","width":6304,"height":1154,"caption":"COMERCIAL NAVARRO AUBANELL, S.A"},"image":{"@id":"https:\/\/www.navarroaubanell.com\/ca\/#\/schema\/logo\/image\/"}}]}},"_links":{"self":[{"href":"https:\/\/www.navarroaubanell.com\/ca\/wp-json\/wp\/v2\/product\/36314","targetHints":{"allow":["GET"]}}],"collection":[{"href":"https:\/\/www.navarroaubanell.com\/ca\/wp-json\/wp\/v2\/product"}],"about":[{"href":"https:\/\/www.navarroaubanell.com\/ca\/wp-json\/wp\/v2\/types\/product"}],"wp:featuredmedia":[{"embeddable":true,"href":"https:\/\/www.navarroaubanell.com\/ca\/wp-json\/wp\/v2\/media\/36277"}],"wp:attachment":[{"href":"https:\/\/www.navarroaubanell.com\/ca\/wp-json\/wp\/v2\/media?parent=36314"}],"wp:term":[{"taxonomy":"product_brand","embeddable":true,"href":"https:\/\/www.navarroaubanell.com\/ca\/wp-json\/wp\/v2\/product_brand?post=36314"},{"taxonomy":"product_cat","embeddable":true,"href":"https:\/\/www.navarroaubanell.com\/ca\/wp-json\/wp\/v2\/product_cat?post=36314"},{"taxonomy":"product_tag","embeddable":true,"href":"https:\/\/www.navarroaubanell.com\/ca\/wp-json\/wp\/v2\/product_tag?post=36314"}],"curies":[{"name":"wp","href":"https:\/\/api.w.org\/{rel}","templated":true}]}}