{"id":36234,"date":"2024-07-29T16:19:51","date_gmt":"2024-07-29T15:07:22","guid":{"rendered":"https:\/\/www.navarroaubanell.com\/?post_type=product&#038;p=36234"},"modified":"2024-07-29T17:38:59","modified_gmt":"2024-07-29T15:38:59","slug":"cadira-philia-pedrali-navarroaubanell","status":"publish","type":"product","link":"https:\/\/www.navarroaubanell.com\/ca\/producte\/cadira-philia-pedrali-navarroaubanell\/","title":{"rendered":"Cadira Phil\u00eda"},"content":{"rendered":"<h6>Descobreix\u00a0Phil\u00eda: L&#8217;Ess\u00e8ncia de l&#8217;Estil de Vida Itali\u00e0 en el teu Espai Exterior<\/h6>\n<p>La <strong>cadira Phil\u00eda<\/strong> inaugura una col\u00b7lecci\u00f3 de seients outdoor, evocant les l\u00ednies elegants de les tradicionals cadires italianes. Aquest disseny \u00e9s un homenatge a l&#8217;estil de vida despreocupat i relaxat, encapsulant la filosofia del &#8220;dolce far niente&#8221;. Amb Phil\u00eda, cada moment \u00e9s una invitaci\u00f3 a la introspecci\u00f3 i la relaxaci\u00f3, permetent-te desconnectar de la rutina i assaborir el plaer de no fer res. Experimenta la felicitat ef\u00edmera de viure el present.<\/p>\n<h6>Fabricaci\u00f3<\/h6>\n<ul>\n<li>Phil\u00eda es distingeix per les seves l\u00ednies racionals i geom\u00e8triques que harmonitzen amb les formes suaus i ergon\u00f2miques del cos hum\u00e0. La seva <strong>estructura<\/strong>, fabricada en tub d&#8217;acer electrogalvanizado de \u00d8 20 mm, est\u00e0 recoberta amb un vernissat en pols per a exteriors i est\u00e0 disponible en cinc sofisticats colors.<\/li>\n<li>El<strong> seient i respatller<\/strong>, teixits a m\u00e0 amb un trenat de PVC extruit i nucli de refor\u00e7 de nil\u00f3, ofereixen una superf\u00edcie\u00a0gofrada\u00a0que garanteix elasticitat i durabilitat. Aquesta confecci\u00f3 artesanal no sols aporta suavitat i confort, sin\u00f3 que tamb\u00e9 brinda un aspecte personalitzat i exclusiu.<\/li>\n<li>Equipada amb <strong>tacs<\/strong> de polipropil\u00e8 en blanc o negre,\u00a0Phil\u00eda\u00a0protegeix tant la cadira com la superf\u00edcie sobre la qual es col\u00b7loca. A m\u00e9s, el seu disseny apilable \u00e9s ideal per als qui busquen optimitzar l&#8217;espai i facilitar l&#8217;emmagatzematge eficient.<\/li>\n<\/ul>\n<p><strong>Phil\u00eda\u00a0<\/strong>no \u00e9s nom\u00e9s una cadira; \u00e9s una experi\u00e8ncia de luxe, comoditat i disseny itali\u00e0. La <strong>cadira\u00a0Phil\u00eda<\/strong>\u00a0no \u00e9s solament un moble, \u00e9s una declaraci\u00f3 d&#8217;intencions, una filosofia.<\/p>\n<p><a href=\"https:\/\/cdn-assets.pedrali.com\/media\/pedrali\/media\/assets\/originals\/documenti\/st\/st-philia-3900.pdf\">Fitxa t\u00e8cnica<\/a><\/p>\n","protected":false},"excerpt":{"rendered":"<p>Descobreix\u00a0Phil\u00eda: L&#8217;Ess\u00e8ncia de l&#8217;Estil de Vida Itali\u00e0 en el teu Espai Exterior La cadira Phil\u00eda inaugura una col\u00b7lecci\u00f3 de seients outdoor, evocant les l\u00ednies elegants de les tradicionals cadires italianes. Aquest disseny \u00e9s un homenatge a l&#8217;estil de vida despreocupat i relaxat, encapsulant la filosofia del &#8220;dolce far niente&#8221;. Amb Phil\u00eda, cada moment \u00e9s una&hellip;<\/p>\n","protected":false},"featured_media":36179,"template":"","meta":{"_acf_changed":false},"product_brand":[],"product_cat":[572,1229],"product_tag":[863,640,720,729,1230],"class_list":{"0":"post-36234","1":"product","2":"type-product","3":"status-publish","4":"has-post-thumbnail","6":"product_cat-cadires-exterior","7":"product_cat-novetats","8":"product_tag-cadira","9":"product_tag-exterior-ca","10":"product_tag-outdoor-ca","11":"product_tag-pedrali-ca","12":"product_tag-philia-ca","13":"description-off","15":"first","16":"instock","17":"shipping-taxable","18":"product-type-simple"},"acf":[],"yoast_head":"<!-- This site is optimized with the Yoast SEO plugin v27.0 - https:\/\/yoast.com\/product\/yoast-seo-wordpress\/ -->\n<title>Cadira Phil\u00eda, Pedrali- Navarro Aubanell<\/title>\n<meta name=\"description\" content=\"Cadira Phil\u00eda: disseny elegant i c\u00f2mode, fabricada artesanalment amb trenat de PVC i estructura d&#039;acer, perfecta per a relaxar-se. Apilable per a exterior\" \/>\n<meta name=\"robots\" content=\"index, follow, max-snippet:-1, max-image-preview:large, max-video-preview:-1\" \/>\n<link rel=\"canonical\" href=\"https:\/\/www.navarroaubanell.com\/ca\/producte\/cadira-philia-pedrali-navarroaubanell\/\" \/>\n<meta property=\"og:locale\" content=\"ca_ES\" \/>\n<meta property=\"og:type\" content=\"article\" \/>\n<meta property=\"og:title\" content=\"Cadira Phil\u00eda, Pedrali- Navarro Aubanell\" \/>\n<meta property=\"og:description\" content=\"Cadira Phil\u00eda: disseny elegant i c\u00f2mode, fabricada artesanalment amb trenat de PVC i estructura d&#039;acer, perfecta per a relaxar-se. Apilable per a exterior\" \/>\n<meta property=\"og:url\" content=\"https:\/\/www.navarroaubanell.com\/ca\/producte\/cadira-philia-pedrali-navarroaubanell\/\" \/>\n<meta property=\"og:site_name\" content=\"Navarro Aubanell\" \/>\n<meta property=\"article:modified_time\" content=\"2024-07-29T15:38:59+00:00\" \/>\n<meta property=\"og:image\" content=\"https:\/\/www.navarroaubanell.com\/wp-content\/uploads\/2024\/07\/Philia-3900-8.png\" \/>\n\t<meta property=\"og:image:width\" content=\"881\" \/>\n\t<meta property=\"og:image:height\" content=\"1181\" \/>\n\t<meta property=\"og:image:type\" content=\"image\/png\" \/>\n<meta name=\"twitter:label1\" content=\"Est. reading time\" \/>\n\t<meta name=\"twitter:data1\" content=\"2 minutes\" \/>\n<script type=\"application\/ld+json\" class=\"yoast-schema-graph\">{\"@context\":\"https:\/\/schema.org\",\"@graph\":[{\"@type\":\"WebPage\",\"@id\":\"https:\/\/www.navarroaubanell.com\/ca\/producte\/cadira-philia-pedrali-navarroaubanell\/\",\"url\":\"https:\/\/www.navarroaubanell.com\/ca\/producte\/cadira-philia-pedrali-navarroaubanell\/\",\"name\":\"Cadira Phil\u00eda, Pedrali- Navarro Aubanell\",\"isPartOf\":{\"@id\":\"https:\/\/www.navarroaubanell.com\/ca\/#website\"},\"primaryImageOfPage\":{\"@id\":\"https:\/\/www.navarroaubanell.com\/ca\/producte\/cadira-philia-pedrali-navarroaubanell\/#primaryimage\"},\"image\":{\"@id\":\"https:\/\/www.navarroaubanell.com\/ca\/producte\/cadira-philia-pedrali-navarroaubanell\/#primaryimage\"},\"thumbnailUrl\":\"https:\/\/www.navarroaubanell.com\/wp-content\/uploads\/2024\/07\/Philia-3900-8.png\",\"datePublished\":\"2024-07-29T15:07:22+00:00\",\"dateModified\":\"2024-07-29T15:38:59+00:00\",\"description\":\"Cadira Phil\u00eda: disseny elegant i c\u00f2mode, fabricada artesanalment amb trenat de PVC i estructura d'acer, perfecta per a relaxar-se. Apilable per a exterior\",\"breadcrumb\":{\"@id\":\"https:\/\/www.navarroaubanell.com\/ca\/producte\/cadira-philia-pedrali-navarroaubanell\/#breadcrumb\"},\"inLanguage\":\"ca\",\"potentialAction\":[{\"@type\":\"ReadAction\",\"target\":[\"https:\/\/www.navarroaubanell.com\/ca\/producte\/cadira-philia-pedrali-navarroaubanell\/\"]}]},{\"@type\":\"ImageObject\",\"inLanguage\":\"ca\",\"@id\":\"https:\/\/www.navarroaubanell.com\/ca\/producte\/cadira-philia-pedrali-navarroaubanell\/#primaryimage\",\"url\":\"https:\/\/www.navarroaubanell.com\/wp-content\/uploads\/2024\/07\/Philia-3900-8.png\",\"contentUrl\":\"https:\/\/www.navarroaubanell.com\/wp-content\/uploads\/2024\/07\/Philia-3900-8.png\",\"width\":881,\"height\":1181,\"caption\":\"Cadira Phil\u00eda 3900\"},{\"@type\":\"BreadcrumbList\",\"@id\":\"https:\/\/www.navarroaubanell.com\/ca\/producte\/cadira-philia-pedrali-navarroaubanell\/#breadcrumb\",\"itemListElement\":[{\"@type\":\"ListItem\",\"position\":1,\"name\":\"Portada\",\"item\":\"https:\/\/www.navarroaubanell.com\/ca\/\"},{\"@type\":\"ListItem\",\"position\":2,\"name\":\"Productes\",\"item\":\"https:\/\/www.navarroaubanell.com\/productos\/\"},{\"@type\":\"ListItem\",\"position\":3,\"name\":\"Cadira Phil\u00eda\"}]},{\"@type\":\"WebSite\",\"@id\":\"https:\/\/www.navarroaubanell.com\/ca\/#website\",\"url\":\"https:\/\/www.navarroaubanell.com\/ca\/\",\"name\":\"Navarro Aubanell\",\"description\":\"Mobiliario para hoteler\u00eda, colectividades y oficinas\",\"publisher\":{\"@id\":\"https:\/\/www.navarroaubanell.com\/ca\/#organization\"},\"potentialAction\":[{\"@type\":\"SearchAction\",\"target\":{\"@type\":\"EntryPoint\",\"urlTemplate\":\"https:\/\/www.navarroaubanell.com\/ca\/?s={search_term_string}\"},\"query-input\":{\"@type\":\"PropertyValueSpecification\",\"valueRequired\":true,\"valueName\":\"search_term_string\"}}],\"inLanguage\":\"ca\"},{\"@type\":\"Organization\",\"@id\":\"https:\/\/www.navarroaubanell.com\/ca\/#organization\",\"name\":\"COMERCIAL NAVARRO AUBANELL, S.A\",\"url\":\"https:\/\/www.navarroaubanell.com\/ca\/\",\"logo\":{\"@type\":\"ImageObject\",\"inLanguage\":\"ca\",\"@id\":\"https:\/\/www.navarroaubanell.com\/ca\/#\/schema\/logo\/image\/\",\"url\":\"https:\/\/www.navarroaubanell.com\/wp-content\/uploads\/2017\/07\/logo-navarro-aubuanell.png\",\"contentUrl\":\"https:\/\/www.navarroaubanell.com\/wp-content\/uploads\/2017\/07\/logo-navarro-aubuanell.png\",\"width\":6304,\"height\":1154,\"caption\":\"COMERCIAL NAVARRO AUBANELL, S.A\"},\"image\":{\"@id\":\"https:\/\/www.navarroaubanell.com\/ca\/#\/schema\/logo\/image\/\"}}]}<\/script>\n<!-- \/ Yoast SEO plugin. -->","yoast_head_json":{"title":"Cadira Phil\u00eda, Pedrali- Navarro Aubanell","description":"Cadira Phil\u00eda: disseny elegant i c\u00f2mode, fabricada artesanalment amb trenat de PVC i estructura d'acer, perfecta per a relaxar-se. Apilable per a exterior","robots":{"index":"index","follow":"follow","max-snippet":"max-snippet:-1","max-image-preview":"max-image-preview:large","max-video-preview":"max-video-preview:-1"},"canonical":"https:\/\/www.navarroaubanell.com\/ca\/producte\/cadira-philia-pedrali-navarroaubanell\/","og_locale":"ca_ES","og_type":"article","og_title":"Cadira Phil\u00eda, Pedrali- Navarro Aubanell","og_description":"Cadira Phil\u00eda: disseny elegant i c\u00f2mode, fabricada artesanalment amb trenat de PVC i estructura d'acer, perfecta per a relaxar-se. Apilable per a exterior","og_url":"https:\/\/www.navarroaubanell.com\/ca\/producte\/cadira-philia-pedrali-navarroaubanell\/","og_site_name":"Navarro Aubanell","article_modified_time":"2024-07-29T15:38:59+00:00","og_image":[{"width":881,"height":1181,"url":"https:\/\/www.navarroaubanell.com\/wp-content\/uploads\/2024\/07\/Philia-3900-8.png","type":"image\/png"}],"twitter_misc":{"Est. reading time":"2 minutes"},"schema":{"@context":"https:\/\/schema.org","@graph":[{"@type":"WebPage","@id":"https:\/\/www.navarroaubanell.com\/ca\/producte\/cadira-philia-pedrali-navarroaubanell\/","url":"https:\/\/www.navarroaubanell.com\/ca\/producte\/cadira-philia-pedrali-navarroaubanell\/","name":"Cadira Phil\u00eda, Pedrali- Navarro Aubanell","isPartOf":{"@id":"https:\/\/www.navarroaubanell.com\/ca\/#website"},"primaryImageOfPage":{"@id":"https:\/\/www.navarroaubanell.com\/ca\/producte\/cadira-philia-pedrali-navarroaubanell\/#primaryimage"},"image":{"@id":"https:\/\/www.navarroaubanell.com\/ca\/producte\/cadira-philia-pedrali-navarroaubanell\/#primaryimage"},"thumbnailUrl":"https:\/\/www.navarroaubanell.com\/wp-content\/uploads\/2024\/07\/Philia-3900-8.png","datePublished":"2024-07-29T15:07:22+00:00","dateModified":"2024-07-29T15:38:59+00:00","description":"Cadira Phil\u00eda: disseny elegant i c\u00f2mode, fabricada artesanalment amb trenat de PVC i estructura d'acer, perfecta per a relaxar-se. Apilable per a exterior","breadcrumb":{"@id":"https:\/\/www.navarroaubanell.com\/ca\/producte\/cadira-philia-pedrali-navarroaubanell\/#breadcrumb"},"inLanguage":"ca","potentialAction":[{"@type":"ReadAction","target":["https:\/\/www.navarroaubanell.com\/ca\/producte\/cadira-philia-pedrali-navarroaubanell\/"]}]},{"@type":"ImageObject","inLanguage":"ca","@id":"https:\/\/www.navarroaubanell.com\/ca\/producte\/cadira-philia-pedrali-navarroaubanell\/#primaryimage","url":"https:\/\/www.navarroaubanell.com\/wp-content\/uploads\/2024\/07\/Philia-3900-8.png","contentUrl":"https:\/\/www.navarroaubanell.com\/wp-content\/uploads\/2024\/07\/Philia-3900-8.png","width":881,"height":1181,"caption":"Cadira Phil\u00eda 3900"},{"@type":"BreadcrumbList","@id":"https:\/\/www.navarroaubanell.com\/ca\/producte\/cadira-philia-pedrali-navarroaubanell\/#breadcrumb","itemListElement":[{"@type":"ListItem","position":1,"name":"Portada","item":"https:\/\/www.navarroaubanell.com\/ca\/"},{"@type":"ListItem","position":2,"name":"Productes","item":"https:\/\/www.navarroaubanell.com\/productos\/"},{"@type":"ListItem","position":3,"name":"Cadira Phil\u00eda"}]},{"@type":"WebSite","@id":"https:\/\/www.navarroaubanell.com\/ca\/#website","url":"https:\/\/www.navarroaubanell.com\/ca\/","name":"Navarro Aubanell","description":"Mobiliario para hoteler\u00eda, colectividades y oficinas","publisher":{"@id":"https:\/\/www.navarroaubanell.com\/ca\/#organization"},"potentialAction":[{"@type":"SearchAction","target":{"@type":"EntryPoint","urlTemplate":"https:\/\/www.navarroaubanell.com\/ca\/?s={search_term_string}"},"query-input":{"@type":"PropertyValueSpecification","valueRequired":true,"valueName":"search_term_string"}}],"inLanguage":"ca"},{"@type":"Organization","@id":"https:\/\/www.navarroaubanell.com\/ca\/#organization","name":"COMERCIAL NAVARRO AUBANELL, S.A","url":"https:\/\/www.navarroaubanell.com\/ca\/","logo":{"@type":"ImageObject","inLanguage":"ca","@id":"https:\/\/www.navarroaubanell.com\/ca\/#\/schema\/logo\/image\/","url":"https:\/\/www.navarroaubanell.com\/wp-content\/uploads\/2017\/07\/logo-navarro-aubuanell.png","contentUrl":"https:\/\/www.navarroaubanell.com\/wp-content\/uploads\/2017\/07\/logo-navarro-aubuanell.png","width":6304,"height":1154,"caption":"COMERCIAL NAVARRO AUBANELL, S.A"},"image":{"@id":"https:\/\/www.navarroaubanell.com\/ca\/#\/schema\/logo\/image\/"}}]}},"_links":{"self":[{"href":"https:\/\/www.navarroaubanell.com\/ca\/wp-json\/wp\/v2\/product\/36234","targetHints":{"allow":["GET"]}}],"collection":[{"href":"https:\/\/www.navarroaubanell.com\/ca\/wp-json\/wp\/v2\/product"}],"about":[{"href":"https:\/\/www.navarroaubanell.com\/ca\/wp-json\/wp\/v2\/types\/product"}],"wp:featuredmedia":[{"embeddable":true,"href":"https:\/\/www.navarroaubanell.com\/ca\/wp-json\/wp\/v2\/media\/36179"}],"wp:attachment":[{"href":"https:\/\/www.navarroaubanell.com\/ca\/wp-json\/wp\/v2\/media?parent=36234"}],"wp:term":[{"taxonomy":"product_brand","embeddable":true,"href":"https:\/\/www.navarroaubanell.com\/ca\/wp-json\/wp\/v2\/product_brand?post=36234"},{"taxonomy":"product_cat","embeddable":true,"href":"https:\/\/www.navarroaubanell.com\/ca\/wp-json\/wp\/v2\/product_cat?post=36234"},{"taxonomy":"product_tag","embeddable":true,"href":"https:\/\/www.navarroaubanell.com\/ca\/wp-json\/wp\/v2\/product_tag?post=36234"}],"curies":[{"name":"wp","href":"https:\/\/api.w.org\/{rel}","templated":true}]}}