{"id":35947,"date":"2024-07-24T10:59:37","date_gmt":"2024-07-24T10:46:59","guid":{"rendered":"https:\/\/www.navarroaubanell.com\/?post_type=product&#038;p=35947"},"modified":"2024-07-24T12:59:59","modified_gmt":"2024-07-24T10:59:59","slug":"taula-snow-pedrali-navarroaubanell","status":"publish","type":"product","link":"https:\/\/www.navarroaubanell.com\/ca\/producte\/taula-snow-pedrali-navarroaubanell\/","title":{"rendered":"Taula Snow"},"content":{"rendered":"<h6><strong>Descobreix la Versatilitat i Estil de la Taula Snow<\/strong><\/h6>\n<p>La <strong>taula Snow<\/strong>, igual que tota la seva <a href=\"https:\/\/www.navarroaubanell.com\/ca\/producte\/familia-snow-pedrali-navarroaubanell\/\">fam\u00edlia<\/a>, amb el seu disseny l\u00fadic i adaptable, s&#8217;ha consolidat com un producte funcional i vers\u00e0til per a qualsevol entorn, ja sigui interior o exterior. La seva capacitat d&#8217;apilament, juntament amb la seva resist\u00e8ncia i eleg\u00e0ncia, la converteix en una opci\u00f3 ideal per a espais din\u00e0mics i moderns.<\/p>\n<h6>Innovaci\u00f3 en Disseny i Materials<\/h6>\n<p>El sobre de la <strong>taula Snow<\/strong> est\u00e0 fabricat en polipropil\u00e8 mitjan\u00e7ant el proc\u00e9s de modelat per injecci\u00f3 amb gas, assegurant una estructura forta i s\u00f2lida per\u00f2 lleugera. A m\u00e9s, compta amb tractaments antiest\u00e0tics i anti-UV que asseguren la seva resist\u00e8ncia i durabilitat en ambients a l&#8217;aire lliure. El sobre est\u00e0 revestit amb una superf\u00edcie microtexturada en blanc perfecta per a qualsevol decoraci\u00f3.<\/p>\n<h6>Robustesa i Durabilitat<\/h6>\n<p>Les potes de la<strong> taula Snow<\/strong> estan fetes d&#8217;alumini extruit i estan recobertes amb un vern\u00eds en pols preparada per a l&#8217;\u00fas exterior. Aquests materials no sols garanteixen una robustesa excepcional sin\u00f3 tamb\u00e9 una durabilitat a llarg termini, mantenint la taula en perfectes condicions enfront de les inclem\u00e8ncies del temps.<\/p>\n<h6>Protecci\u00f3 i Funcionalitat<\/h6>\n<p>La <strong>taula Snow<\/strong> ve equipada amb tacs de tecnopol\u00edmer en blanc, protegint tant la taula com la superf\u00edcie on es col\u00b7loca. Aix\u00f2 assegura que la taula es mantingui estable i que el terra no sofreixi danys, prolongant aix\u00ed la vida \u00fatil de tots dos.<\/p>\n<h6>Emmagatzematge Eficient<\/h6>\n<p>Una de les caracter\u00edstiques m\u00e9s destacades de la taula Snow \u00e9s la seva capacitat d&#8217;apilament. Aquesta funcionalitat \u00e9s perfecta per a espais amb alta aflu\u00e8ncia de persones que requereixen un emmagatzematge r\u00e0pid i eficient, permetent optimitzar l&#8217;espai disponible sense sacrificar l&#8217;estil o la funcionalitat.<\/p>\n<p><a href=\"https:\/\/cdn-assets.pedrali.com\/media\/pedrali\/media\/assets\/originals\/documenti\/st\/st-snow-301-301jr.pdf\">Fitxa t\u00e8cnica<\/a><\/p>\n","protected":false},"excerpt":{"rendered":"<p>Descobreix la Versatilitat i Estil de la Taula Snow La taula Snow, igual que tota la seva fam\u00edlia, amb el seu disseny l\u00fadic i adaptable, s&#8217;ha consolidat com un producte funcional i vers\u00e0til per a qualsevol entorn, ja sigui interior o exterior. La seva capacitat d&#8217;apilament, juntament amb la seva resist\u00e8ncia i eleg\u00e0ncia, la converteix&hellip;<\/p>\n","protected":false},"featured_media":35816,"template":"","meta":{"_acf_changed":false},"product_brand":[],"product_cat":[529,567],"product_tag":[1263,587,640,664,753,695],"class_list":{"0":"post-35947","1":"product","2":"type-product","3":"status-publish","4":"has-post-thumbnail","6":"product_cat-taules","7":"product_cat-taules-exterior","8":"product_tag-anti-rayos-uv-ca","9":"product_tag-apilable-ca","10":"product_tag-exterior-ca","11":"product_tag-interior-ca","12":"product_tag-snow-ca","13":"product_tag-taula","14":"description-off","16":"first","17":"instock","18":"shipping-taxable","19":"product-type-simple"},"acf":[],"yoast_head":"<!-- This site is optimized with the Yoast SEO plugin v27.5 - https:\/\/yoast.com\/product\/yoast-seo-wordpress\/ -->\n<title>Taula Snow, Pedrali- Navarro Aubanell<\/title>\n<meta name=\"description\" content=\"Taula Snow: disseny innovador, resistent i lleugera. Perfecta per a interiors i exteriors. Apilable, ideal per a qualsevol entorn din\u00e0mic\" \/>\n<meta name=\"robots\" content=\"index, follow, max-snippet:-1, max-image-preview:large, max-video-preview:-1\" \/>\n<link rel=\"canonical\" href=\"https:\/\/www.navarroaubanell.com\/ca\/producte\/taula-snow-pedrali-navarroaubanell\/\" \/>\n<meta property=\"og:locale\" content=\"ca_ES\" \/>\n<meta property=\"og:type\" content=\"article\" \/>\n<meta property=\"og:title\" content=\"Taula Snow, Pedrali- Navarro Aubanell\" \/>\n<meta property=\"og:description\" content=\"Taula Snow: disseny innovador, resistent i lleugera. Perfecta per a interiors i exteriors. Apilable, ideal per a qualsevol entorn din\u00e0mic\" \/>\n<meta property=\"og:url\" content=\"https:\/\/www.navarroaubanell.com\/ca\/producte\/taula-snow-pedrali-navarroaubanell\/\" \/>\n<meta property=\"og:site_name\" content=\"Navarro Aubanell\" \/>\n<meta property=\"article:modified_time\" content=\"2024-07-24T10:59:59+00:00\" \/>\n<meta property=\"og:image\" content=\"https:\/\/www.navarroaubanell.com\/wp-content\/uploads\/2024\/07\/Mesa-Snow-301-2.png\" \/>\n\t<meta property=\"og:image:width\" content=\"800\" \/>\n\t<meta property=\"og:image:height\" content=\"650\" \/>\n\t<meta property=\"og:image:type\" content=\"image\/png\" \/>\n<meta name=\"twitter:label1\" content=\"Est. reading time\" \/>\n\t<meta name=\"twitter:data1\" content=\"2 minutes\" \/>\n<script type=\"application\/ld+json\" class=\"yoast-schema-graph\">{\"@context\":\"https:\\\/\\\/schema.org\",\"@graph\":[{\"@type\":\"WebPage\",\"@id\":\"https:\\\/\\\/www.navarroaubanell.com\\\/ca\\\/producte\\\/taula-snow-pedrali-navarroaubanell\\\/\",\"url\":\"https:\\\/\\\/www.navarroaubanell.com\\\/ca\\\/producte\\\/taula-snow-pedrali-navarroaubanell\\\/\",\"name\":\"Taula Snow, Pedrali- Navarro Aubanell\",\"isPartOf\":{\"@id\":\"https:\\\/\\\/www.navarroaubanell.com\\\/ca\\\/#website\"},\"primaryImageOfPage\":{\"@id\":\"https:\\\/\\\/www.navarroaubanell.com\\\/ca\\\/producte\\\/taula-snow-pedrali-navarroaubanell\\\/#primaryimage\"},\"image\":{\"@id\":\"https:\\\/\\\/www.navarroaubanell.com\\\/ca\\\/producte\\\/taula-snow-pedrali-navarroaubanell\\\/#primaryimage\"},\"thumbnailUrl\":\"https:\\\/\\\/www.navarroaubanell.com\\\/wp-content\\\/uploads\\\/2024\\\/07\\\/Mesa-Snow-301-2.png\",\"datePublished\":\"2024-07-24T10:46:59+00:00\",\"dateModified\":\"2024-07-24T10:59:59+00:00\",\"description\":\"Taula Snow: disseny innovador, resistent i lleugera. Perfecta per a interiors i exteriors. Apilable, ideal per a qualsevol entorn din\u00e0mic\",\"breadcrumb\":{\"@id\":\"https:\\\/\\\/www.navarroaubanell.com\\\/ca\\\/producte\\\/taula-snow-pedrali-navarroaubanell\\\/#breadcrumb\"},\"inLanguage\":\"ca\",\"potentialAction\":[{\"@type\":\"ReadAction\",\"target\":[\"https:\\\/\\\/www.navarroaubanell.com\\\/ca\\\/producte\\\/taula-snow-pedrali-navarroaubanell\\\/\"]}]},{\"@type\":\"ImageObject\",\"inLanguage\":\"ca\",\"@id\":\"https:\\\/\\\/www.navarroaubanell.com\\\/ca\\\/producte\\\/taula-snow-pedrali-navarroaubanell\\\/#primaryimage\",\"url\":\"https:\\\/\\\/www.navarroaubanell.com\\\/wp-content\\\/uploads\\\/2024\\\/07\\\/Mesa-Snow-301-2.png\",\"contentUrl\":\"https:\\\/\\\/www.navarroaubanell.com\\\/wp-content\\\/uploads\\\/2024\\\/07\\\/Mesa-Snow-301-2.png\",\"width\":800,\"height\":650,\"caption\":\"Taula Snow 301\"},{\"@type\":\"BreadcrumbList\",\"@id\":\"https:\\\/\\\/www.navarroaubanell.com\\\/ca\\\/producte\\\/taula-snow-pedrali-navarroaubanell\\\/#breadcrumb\",\"itemListElement\":[{\"@type\":\"ListItem\",\"position\":1,\"name\":\"Portada\",\"item\":\"https:\\\/\\\/www.navarroaubanell.com\\\/ca\\\/\"},{\"@type\":\"ListItem\",\"position\":2,\"name\":\"Productes\",\"item\":\"https:\\\/\\\/www.navarroaubanell.com\\\/productos\\\/\"},{\"@type\":\"ListItem\",\"position\":3,\"name\":\"Taula Snow\"}]},{\"@type\":\"WebSite\",\"@id\":\"https:\\\/\\\/www.navarroaubanell.com\\\/ca\\\/#website\",\"url\":\"https:\\\/\\\/www.navarroaubanell.com\\\/ca\\\/\",\"name\":\"Navarro Aubanell\",\"description\":\"Mobiliario para hoteler\u00eda, colectividades y oficinas\",\"publisher\":{\"@id\":\"https:\\\/\\\/www.navarroaubanell.com\\\/ca\\\/#organization\"},\"potentialAction\":[{\"@type\":\"SearchAction\",\"target\":{\"@type\":\"EntryPoint\",\"urlTemplate\":\"https:\\\/\\\/www.navarroaubanell.com\\\/ca\\\/?s={search_term_string}\"},\"query-input\":{\"@type\":\"PropertyValueSpecification\",\"valueRequired\":true,\"valueName\":\"search_term_string\"}}],\"inLanguage\":\"ca\"},{\"@type\":\"Organization\",\"@id\":\"https:\\\/\\\/www.navarroaubanell.com\\\/ca\\\/#organization\",\"name\":\"COMERCIAL NAVARRO AUBANELL, S.A\",\"url\":\"https:\\\/\\\/www.navarroaubanell.com\\\/ca\\\/\",\"logo\":{\"@type\":\"ImageObject\",\"inLanguage\":\"ca\",\"@id\":\"https:\\\/\\\/www.navarroaubanell.com\\\/ca\\\/#\\\/schema\\\/logo\\\/image\\\/\",\"url\":\"https:\\\/\\\/www.navarroaubanell.com\\\/wp-content\\\/uploads\\\/2017\\\/07\\\/logo-navarro-aubuanell.png\",\"contentUrl\":\"https:\\\/\\\/www.navarroaubanell.com\\\/wp-content\\\/uploads\\\/2017\\\/07\\\/logo-navarro-aubuanell.png\",\"width\":6304,\"height\":1154,\"caption\":\"COMERCIAL NAVARRO AUBANELL, S.A\"},\"image\":{\"@id\":\"https:\\\/\\\/www.navarroaubanell.com\\\/ca\\\/#\\\/schema\\\/logo\\\/image\\\/\"}}]}<\/script>\n<!-- \/ Yoast SEO plugin. -->","yoast_head_json":{"title":"Taula Snow, Pedrali- Navarro Aubanell","description":"Taula Snow: disseny innovador, resistent i lleugera. Perfecta per a interiors i exteriors. Apilable, ideal per a qualsevol entorn din\u00e0mic","robots":{"index":"index","follow":"follow","max-snippet":"max-snippet:-1","max-image-preview":"max-image-preview:large","max-video-preview":"max-video-preview:-1"},"canonical":"https:\/\/www.navarroaubanell.com\/ca\/producte\/taula-snow-pedrali-navarroaubanell\/","og_locale":"ca_ES","og_type":"article","og_title":"Taula Snow, Pedrali- Navarro Aubanell","og_description":"Taula Snow: disseny innovador, resistent i lleugera. Perfecta per a interiors i exteriors. Apilable, ideal per a qualsevol entorn din\u00e0mic","og_url":"https:\/\/www.navarroaubanell.com\/ca\/producte\/taula-snow-pedrali-navarroaubanell\/","og_site_name":"Navarro Aubanell","article_modified_time":"2024-07-24T10:59:59+00:00","og_image":[{"width":800,"height":650,"url":"https:\/\/www.navarroaubanell.com\/wp-content\/uploads\/2024\/07\/Mesa-Snow-301-2.png","type":"image\/png"}],"twitter_misc":{"Est. reading time":"2 minutes"},"schema":{"@context":"https:\/\/schema.org","@graph":[{"@type":"WebPage","@id":"https:\/\/www.navarroaubanell.com\/ca\/producte\/taula-snow-pedrali-navarroaubanell\/","url":"https:\/\/www.navarroaubanell.com\/ca\/producte\/taula-snow-pedrali-navarroaubanell\/","name":"Taula Snow, Pedrali- Navarro Aubanell","isPartOf":{"@id":"https:\/\/www.navarroaubanell.com\/ca\/#website"},"primaryImageOfPage":{"@id":"https:\/\/www.navarroaubanell.com\/ca\/producte\/taula-snow-pedrali-navarroaubanell\/#primaryimage"},"image":{"@id":"https:\/\/www.navarroaubanell.com\/ca\/producte\/taula-snow-pedrali-navarroaubanell\/#primaryimage"},"thumbnailUrl":"https:\/\/www.navarroaubanell.com\/wp-content\/uploads\/2024\/07\/Mesa-Snow-301-2.png","datePublished":"2024-07-24T10:46:59+00:00","dateModified":"2024-07-24T10:59:59+00:00","description":"Taula Snow: disseny innovador, resistent i lleugera. Perfecta per a interiors i exteriors. Apilable, ideal per a qualsevol entorn din\u00e0mic","breadcrumb":{"@id":"https:\/\/www.navarroaubanell.com\/ca\/producte\/taula-snow-pedrali-navarroaubanell\/#breadcrumb"},"inLanguage":"ca","potentialAction":[{"@type":"ReadAction","target":["https:\/\/www.navarroaubanell.com\/ca\/producte\/taula-snow-pedrali-navarroaubanell\/"]}]},{"@type":"ImageObject","inLanguage":"ca","@id":"https:\/\/www.navarroaubanell.com\/ca\/producte\/taula-snow-pedrali-navarroaubanell\/#primaryimage","url":"https:\/\/www.navarroaubanell.com\/wp-content\/uploads\/2024\/07\/Mesa-Snow-301-2.png","contentUrl":"https:\/\/www.navarroaubanell.com\/wp-content\/uploads\/2024\/07\/Mesa-Snow-301-2.png","width":800,"height":650,"caption":"Taula Snow 301"},{"@type":"BreadcrumbList","@id":"https:\/\/www.navarroaubanell.com\/ca\/producte\/taula-snow-pedrali-navarroaubanell\/#breadcrumb","itemListElement":[{"@type":"ListItem","position":1,"name":"Portada","item":"https:\/\/www.navarroaubanell.com\/ca\/"},{"@type":"ListItem","position":2,"name":"Productes","item":"https:\/\/www.navarroaubanell.com\/productos\/"},{"@type":"ListItem","position":3,"name":"Taula Snow"}]},{"@type":"WebSite","@id":"https:\/\/www.navarroaubanell.com\/ca\/#website","url":"https:\/\/www.navarroaubanell.com\/ca\/","name":"Navarro Aubanell","description":"Mobiliario para hoteler\u00eda, colectividades y oficinas","publisher":{"@id":"https:\/\/www.navarroaubanell.com\/ca\/#organization"},"potentialAction":[{"@type":"SearchAction","target":{"@type":"EntryPoint","urlTemplate":"https:\/\/www.navarroaubanell.com\/ca\/?s={search_term_string}"},"query-input":{"@type":"PropertyValueSpecification","valueRequired":true,"valueName":"search_term_string"}}],"inLanguage":"ca"},{"@type":"Organization","@id":"https:\/\/www.navarroaubanell.com\/ca\/#organization","name":"COMERCIAL NAVARRO AUBANELL, S.A","url":"https:\/\/www.navarroaubanell.com\/ca\/","logo":{"@type":"ImageObject","inLanguage":"ca","@id":"https:\/\/www.navarroaubanell.com\/ca\/#\/schema\/logo\/image\/","url":"https:\/\/www.navarroaubanell.com\/wp-content\/uploads\/2017\/07\/logo-navarro-aubuanell.png","contentUrl":"https:\/\/www.navarroaubanell.com\/wp-content\/uploads\/2017\/07\/logo-navarro-aubuanell.png","width":6304,"height":1154,"caption":"COMERCIAL NAVARRO AUBANELL, S.A"},"image":{"@id":"https:\/\/www.navarroaubanell.com\/ca\/#\/schema\/logo\/image\/"}}]}},"_links":{"self":[{"href":"https:\/\/www.navarroaubanell.com\/ca\/wp-json\/wp\/v2\/product\/35947","targetHints":{"allow":["GET"]}}],"collection":[{"href":"https:\/\/www.navarroaubanell.com\/ca\/wp-json\/wp\/v2\/product"}],"about":[{"href":"https:\/\/www.navarroaubanell.com\/ca\/wp-json\/wp\/v2\/types\/product"}],"wp:featuredmedia":[{"embeddable":true,"href":"https:\/\/www.navarroaubanell.com\/ca\/wp-json\/wp\/v2\/media\/35816"}],"wp:attachment":[{"href":"https:\/\/www.navarroaubanell.com\/ca\/wp-json\/wp\/v2\/media?parent=35947"}],"wp:term":[{"taxonomy":"product_brand","embeddable":true,"href":"https:\/\/www.navarroaubanell.com\/ca\/wp-json\/wp\/v2\/product_brand?post=35947"},{"taxonomy":"product_cat","embeddable":true,"href":"https:\/\/www.navarroaubanell.com\/ca\/wp-json\/wp\/v2\/product_cat?post=35947"},{"taxonomy":"product_tag","embeddable":true,"href":"https:\/\/www.navarroaubanell.com\/ca\/wp-json\/wp\/v2\/product_tag?post=35947"}],"curies":[{"name":"wp","href":"https:\/\/api.w.org\/{rel}","templated":true}]}}