{"id":35544,"date":"2024-07-22T09:37:40","date_gmt":"2024-07-22T08:01:11","guid":{"rendered":"https:\/\/www.navarroaubanell.com\/?post_type=product&#038;p=35544"},"modified":"2024-07-22T10:04:44","modified_gmt":"2024-07-22T08:04:44","slug":"butaca-tribeca-lounge-pedrali-navarroaubanell","status":"publish","type":"product","link":"https:\/\/www.navarroaubanell.com\/ca\/producte\/butaca-tribeca-lounge-pedrali-navarroaubanell\/","title":{"rendered":"Butaca Tribeca Lounge"},"content":{"rendered":"<h5>Descobreix l&#8217;Eleg\u00e0ncia i Confort de la Butaca\u00a0Tribeca\u00a0Lounge<\/h5>\n<p>La <strong>butaca Tribeca Lounge<\/strong>, com tota la seva <a href=\"https:\/\/www.navarroaubanell.com\/ca\/?post_type=product&amp;p=35543&amp;preview=true\">fam\u00edlia<\/a>, s&#8217;inspira en els nost\u00e0lgics ecos de la mem\u00f2ria, reinterpretant amb un estil modern les cl\u00e0ssiques cadires de terrassa dels anys seixanta. Fabricada en acer amb un elegant trenat, aquesta butaca combina a la perfecci\u00f3 el disseny retro i la funcionalitat contempor\u00e0nia.<\/p>\n<h6>Disseny Durador i Estil Vibrant<\/h6>\n<p>Dissenyada per a exteriors,<strong> Tribeca Lounge<\/strong> presenta una estructura de tub d&#8217;acer de \u00d820 mm d&#8217;alta resist\u00e8ncia. Aquest acer est\u00e0 electrogalvanitzat i recobert amb un vern\u00eds en pols espec\u00edfic per a l&#8217;exterior, garantint durabilitat i resist\u00e8ncia a la intemp\u00e8rie. Disponible en 8 colors vibrants, aquesta butaca afegeix un toc de color i sofisticaci\u00f3 a qualsevol espai a l&#8217;aire lliure.<\/p>\n<h6>Comoditat i Resist\u00e8ncia Excepcional<\/h6>\n<p>El respatller i el seient de la <strong>Tribeca Lounge<\/strong> estan confeccionats amb un encordat de PVC extruit, refor\u00e7at amb un nucli de nylon. Aquesta combinaci\u00f3 assegura flexibilitat, comoditat i una resist\u00e8ncia superior, permetent gaudir d&#8217;un confort inigualable en cada \u00fas.<\/p>\n<h6>Pr\u00e0ctica i Vers\u00e0til<\/h6>\n<p>La <strong>butaca Tribeca Lounge<\/strong> inclou tacs de polipropil\u00e8 en blanc o negre, que protegeixen tant la butaca com la superf\u00edcie en la qual es col\u00b7loca, prolongant la seva vida \u00fatil. A m\u00e9s, el seu disseny <strong>apilable<\/strong> la converteix en una soluci\u00f3 ideal per a optimitzar l&#8217;espai i facilitar l&#8217;emmagatzematge, sense sacrificar comoditat ni estil.<\/p>\n<h6>Viu l&#8217;Aire Lliure amb Tribeca Lounge<\/h6>\n<p>La <strong>butaca Tribeca Lounge<\/strong> \u00e9s l&#8217;elecci\u00f3 perfecta per als qui busquen combinar eleg\u00e0ncia, confort i durabilitat en els seus espais exteriors. Gr\u00e0cies a les seves mesures \u00e0mplies, et permet gaudir de moments de relax i elevar la teva experi\u00e8ncia a l&#8217;aire lliure gr\u00e0cies al seu estil i la seva comoditat.<\/p>\n<p><a href=\"https:\/\/cdn-assets.pedrali.com\/media\/pedrali\/media\/assets\/originals\/documenti\/st\/st-tribeca-3669.pdf\">Fitxa t\u00e8cnica<\/a><\/p>\n","protected":false},"excerpt":{"rendered":"<p>Descobreix l&#8217;Eleg\u00e0ncia i Confort de la Butaca\u00a0Tribeca\u00a0Lounge La butaca Tribeca Lounge, com tota la seva fam\u00edlia, s&#8217;inspira en els nost\u00e0lgics ecos de la mem\u00f2ria, reinterpretant amb un estil modern les cl\u00e0ssiques cadires de terrassa dels anys seixanta. Fabricada en acer amb un elegant trenat, aquesta butaca combina a la perfecci\u00f3 el disseny retro i la&hellip;<\/p>\n","protected":false},"featured_media":35533,"template":"","meta":{"_acf_changed":false},"product_brand":[],"product_cat":[937],"product_tag":[587,605,640,1216,729,1217],"class_list":{"0":"post-35544","1":"product","2":"type-product","3":"status-publish","4":"has-post-thumbnail","6":"product_cat-butaques-ca-2","7":"product_tag-apilable-ca","8":"product_tag-butaca-ca","9":"product_tag-exterior-ca","10":"product_tag-lounge-ca","11":"product_tag-pedrali-ca","12":"product_tag-tribeca-ca","13":"description-off","15":"first","16":"instock","17":"shipping-taxable","18":"product-type-simple"},"acf":[],"yoast_head":"<!-- This site is optimized with the Yoast SEO plugin v27.6 - https:\/\/yoast.com\/product\/yoast-seo-wordpress\/ -->\n<title>Butaca Tribeca Lounge, Pedrali- Navarro Aubanell<\/title>\n<meta name=\"description\" content=\"Butaca Tribeca Lounge: disseny retro dels 60, ideal per a exteriors. Estructura d&#039;acer, trenat de PVC, 8 colors. Eleg\u00e0ncia, confort i durabilitat.\" \/>\n<meta name=\"robots\" content=\"index, follow, max-snippet:-1, max-image-preview:large, max-video-preview:-1\" \/>\n<link rel=\"canonical\" href=\"https:\/\/www.navarroaubanell.com\/ca\/producte\/butaca-tribeca-lounge-pedrali-navarroaubanell\/\" \/>\n<meta property=\"og:locale\" content=\"ca_ES\" \/>\n<meta property=\"og:type\" content=\"article\" \/>\n<meta property=\"og:title\" content=\"Butaca Tribeca Lounge, Pedrali- Navarro Aubanell\" \/>\n<meta property=\"og:description\" content=\"Butaca Tribeca Lounge: disseny retro dels 60, ideal per a exteriors. Estructura d&#039;acer, trenat de PVC, 8 colors. Eleg\u00e0ncia, confort i durabilitat.\" \/>\n<meta property=\"og:url\" content=\"https:\/\/www.navarroaubanell.com\/ca\/producte\/butaca-tribeca-lounge-pedrali-navarroaubanell\/\" \/>\n<meta property=\"og:site_name\" content=\"Navarro Aubanell\" \/>\n<meta property=\"article:modified_time\" content=\"2024-07-22T08:04:44+00:00\" \/>\n<meta property=\"og:image\" content=\"https:\/\/www.navarroaubanell.com\/wp-content\/uploads\/2024\/07\/Butaca-Lounge-Tribeca-3669-4.png\" \/>\n\t<meta property=\"og:image:width\" content=\"881\" \/>\n\t<meta property=\"og:image:height\" content=\"1181\" \/>\n\t<meta property=\"og:image:type\" content=\"image\/png\" \/>\n<meta name=\"twitter:label1\" content=\"Est. reading time\" \/>\n\t<meta name=\"twitter:data1\" content=\"2 minutes\" \/>\n<script type=\"application\/ld+json\" class=\"yoast-schema-graph\">{\"@context\":\"https:\\\/\\\/schema.org\",\"@graph\":[{\"@type\":\"WebPage\",\"@id\":\"https:\\\/\\\/www.navarroaubanell.com\\\/ca\\\/producte\\\/butaca-tribeca-lounge-pedrali-navarroaubanell\\\/\",\"url\":\"https:\\\/\\\/www.navarroaubanell.com\\\/ca\\\/producte\\\/butaca-tribeca-lounge-pedrali-navarroaubanell\\\/\",\"name\":\"Butaca Tribeca Lounge, Pedrali- Navarro Aubanell\",\"isPartOf\":{\"@id\":\"https:\\\/\\\/www.navarroaubanell.com\\\/ca\\\/#website\"},\"primaryImageOfPage\":{\"@id\":\"https:\\\/\\\/www.navarroaubanell.com\\\/ca\\\/producte\\\/butaca-tribeca-lounge-pedrali-navarroaubanell\\\/#primaryimage\"},\"image\":{\"@id\":\"https:\\\/\\\/www.navarroaubanell.com\\\/ca\\\/producte\\\/butaca-tribeca-lounge-pedrali-navarroaubanell\\\/#primaryimage\"},\"thumbnailUrl\":\"https:\\\/\\\/www.navarroaubanell.com\\\/wp-content\\\/uploads\\\/2024\\\/07\\\/Butaca-Lounge-Tribeca-3669-4.png\",\"datePublished\":\"2024-07-22T08:01:11+00:00\",\"dateModified\":\"2024-07-22T08:04:44+00:00\",\"description\":\"Butaca Tribeca Lounge: disseny retro dels 60, ideal per a exteriors. Estructura d'acer, trenat de PVC, 8 colors. Eleg\u00e0ncia, confort i durabilitat.\",\"breadcrumb\":{\"@id\":\"https:\\\/\\\/www.navarroaubanell.com\\\/ca\\\/producte\\\/butaca-tribeca-lounge-pedrali-navarroaubanell\\\/#breadcrumb\"},\"inLanguage\":\"ca\",\"potentialAction\":[{\"@type\":\"ReadAction\",\"target\":[\"https:\\\/\\\/www.navarroaubanell.com\\\/ca\\\/producte\\\/butaca-tribeca-lounge-pedrali-navarroaubanell\\\/\"]}]},{\"@type\":\"ImageObject\",\"inLanguage\":\"ca\",\"@id\":\"https:\\\/\\\/www.navarroaubanell.com\\\/ca\\\/producte\\\/butaca-tribeca-lounge-pedrali-navarroaubanell\\\/#primaryimage\",\"url\":\"https:\\\/\\\/www.navarroaubanell.com\\\/wp-content\\\/uploads\\\/2024\\\/07\\\/Butaca-Lounge-Tribeca-3669-4.png\",\"contentUrl\":\"https:\\\/\\\/www.navarroaubanell.com\\\/wp-content\\\/uploads\\\/2024\\\/07\\\/Butaca-Lounge-Tribeca-3669-4.png\",\"width\":881,\"height\":1181,\"caption\":\"Butaca Tribeca Lounge 3669\"},{\"@type\":\"BreadcrumbList\",\"@id\":\"https:\\\/\\\/www.navarroaubanell.com\\\/ca\\\/producte\\\/butaca-tribeca-lounge-pedrali-navarroaubanell\\\/#breadcrumb\",\"itemListElement\":[{\"@type\":\"ListItem\",\"position\":1,\"name\":\"Portada\",\"item\":\"https:\\\/\\\/www.navarroaubanell.com\\\/ca\\\/\"},{\"@type\":\"ListItem\",\"position\":2,\"name\":\"Productes\",\"item\":\"https:\\\/\\\/www.navarroaubanell.com\\\/productos\\\/\"},{\"@type\":\"ListItem\",\"position\":3,\"name\":\"Butaca Tribeca Lounge\"}]},{\"@type\":\"WebSite\",\"@id\":\"https:\\\/\\\/www.navarroaubanell.com\\\/ca\\\/#website\",\"url\":\"https:\\\/\\\/www.navarroaubanell.com\\\/ca\\\/\",\"name\":\"Navarro Aubanell\",\"description\":\"Mobiliario para hoteler\u00eda, colectividades y oficinas\",\"publisher\":{\"@id\":\"https:\\\/\\\/www.navarroaubanell.com\\\/ca\\\/#organization\"},\"potentialAction\":[{\"@type\":\"SearchAction\",\"target\":{\"@type\":\"EntryPoint\",\"urlTemplate\":\"https:\\\/\\\/www.navarroaubanell.com\\\/ca\\\/?s={search_term_string}\"},\"query-input\":{\"@type\":\"PropertyValueSpecification\",\"valueRequired\":true,\"valueName\":\"search_term_string\"}}],\"inLanguage\":\"ca\"},{\"@type\":\"Organization\",\"@id\":\"https:\\\/\\\/www.navarroaubanell.com\\\/ca\\\/#organization\",\"name\":\"COMERCIAL NAVARRO AUBANELL, S.A\",\"url\":\"https:\\\/\\\/www.navarroaubanell.com\\\/ca\\\/\",\"logo\":{\"@type\":\"ImageObject\",\"inLanguage\":\"ca\",\"@id\":\"https:\\\/\\\/www.navarroaubanell.com\\\/ca\\\/#\\\/schema\\\/logo\\\/image\\\/\",\"url\":\"https:\\\/\\\/www.navarroaubanell.com\\\/wp-content\\\/uploads\\\/2017\\\/07\\\/logo-navarro-aubuanell.png\",\"contentUrl\":\"https:\\\/\\\/www.navarroaubanell.com\\\/wp-content\\\/uploads\\\/2017\\\/07\\\/logo-navarro-aubuanell.png\",\"width\":6304,\"height\":1154,\"caption\":\"COMERCIAL NAVARRO AUBANELL, S.A\"},\"image\":{\"@id\":\"https:\\\/\\\/www.navarroaubanell.com\\\/ca\\\/#\\\/schema\\\/logo\\\/image\\\/\"}}]}<\/script>\n<!-- \/ Yoast SEO plugin. -->","yoast_head_json":{"title":"Butaca Tribeca Lounge, Pedrali- Navarro Aubanell","description":"Butaca Tribeca Lounge: disseny retro dels 60, ideal per a exteriors. Estructura d'acer, trenat de PVC, 8 colors. Eleg\u00e0ncia, confort i durabilitat.","robots":{"index":"index","follow":"follow","max-snippet":"max-snippet:-1","max-image-preview":"max-image-preview:large","max-video-preview":"max-video-preview:-1"},"canonical":"https:\/\/www.navarroaubanell.com\/ca\/producte\/butaca-tribeca-lounge-pedrali-navarroaubanell\/","og_locale":"ca_ES","og_type":"article","og_title":"Butaca Tribeca Lounge, Pedrali- Navarro Aubanell","og_description":"Butaca Tribeca Lounge: disseny retro dels 60, ideal per a exteriors. Estructura d'acer, trenat de PVC, 8 colors. Eleg\u00e0ncia, confort i durabilitat.","og_url":"https:\/\/www.navarroaubanell.com\/ca\/producte\/butaca-tribeca-lounge-pedrali-navarroaubanell\/","og_site_name":"Navarro Aubanell","article_modified_time":"2024-07-22T08:04:44+00:00","og_image":[{"width":881,"height":1181,"url":"https:\/\/www.navarroaubanell.com\/wp-content\/uploads\/2024\/07\/Butaca-Lounge-Tribeca-3669-4.png","type":"image\/png"}],"twitter_misc":{"Est. reading time":"2 minutes"},"schema":{"@context":"https:\/\/schema.org","@graph":[{"@type":"WebPage","@id":"https:\/\/www.navarroaubanell.com\/ca\/producte\/butaca-tribeca-lounge-pedrali-navarroaubanell\/","url":"https:\/\/www.navarroaubanell.com\/ca\/producte\/butaca-tribeca-lounge-pedrali-navarroaubanell\/","name":"Butaca Tribeca Lounge, Pedrali- Navarro Aubanell","isPartOf":{"@id":"https:\/\/www.navarroaubanell.com\/ca\/#website"},"primaryImageOfPage":{"@id":"https:\/\/www.navarroaubanell.com\/ca\/producte\/butaca-tribeca-lounge-pedrali-navarroaubanell\/#primaryimage"},"image":{"@id":"https:\/\/www.navarroaubanell.com\/ca\/producte\/butaca-tribeca-lounge-pedrali-navarroaubanell\/#primaryimage"},"thumbnailUrl":"https:\/\/www.navarroaubanell.com\/wp-content\/uploads\/2024\/07\/Butaca-Lounge-Tribeca-3669-4.png","datePublished":"2024-07-22T08:01:11+00:00","dateModified":"2024-07-22T08:04:44+00:00","description":"Butaca Tribeca Lounge: disseny retro dels 60, ideal per a exteriors. Estructura d'acer, trenat de PVC, 8 colors. Eleg\u00e0ncia, confort i durabilitat.","breadcrumb":{"@id":"https:\/\/www.navarroaubanell.com\/ca\/producte\/butaca-tribeca-lounge-pedrali-navarroaubanell\/#breadcrumb"},"inLanguage":"ca","potentialAction":[{"@type":"ReadAction","target":["https:\/\/www.navarroaubanell.com\/ca\/producte\/butaca-tribeca-lounge-pedrali-navarroaubanell\/"]}]},{"@type":"ImageObject","inLanguage":"ca","@id":"https:\/\/www.navarroaubanell.com\/ca\/producte\/butaca-tribeca-lounge-pedrali-navarroaubanell\/#primaryimage","url":"https:\/\/www.navarroaubanell.com\/wp-content\/uploads\/2024\/07\/Butaca-Lounge-Tribeca-3669-4.png","contentUrl":"https:\/\/www.navarroaubanell.com\/wp-content\/uploads\/2024\/07\/Butaca-Lounge-Tribeca-3669-4.png","width":881,"height":1181,"caption":"Butaca Tribeca Lounge 3669"},{"@type":"BreadcrumbList","@id":"https:\/\/www.navarroaubanell.com\/ca\/producte\/butaca-tribeca-lounge-pedrali-navarroaubanell\/#breadcrumb","itemListElement":[{"@type":"ListItem","position":1,"name":"Portada","item":"https:\/\/www.navarroaubanell.com\/ca\/"},{"@type":"ListItem","position":2,"name":"Productes","item":"https:\/\/www.navarroaubanell.com\/productos\/"},{"@type":"ListItem","position":3,"name":"Butaca Tribeca Lounge"}]},{"@type":"WebSite","@id":"https:\/\/www.navarroaubanell.com\/ca\/#website","url":"https:\/\/www.navarroaubanell.com\/ca\/","name":"Navarro Aubanell","description":"Mobiliario para hoteler\u00eda, colectividades y oficinas","publisher":{"@id":"https:\/\/www.navarroaubanell.com\/ca\/#organization"},"potentialAction":[{"@type":"SearchAction","target":{"@type":"EntryPoint","urlTemplate":"https:\/\/www.navarroaubanell.com\/ca\/?s={search_term_string}"},"query-input":{"@type":"PropertyValueSpecification","valueRequired":true,"valueName":"search_term_string"}}],"inLanguage":"ca"},{"@type":"Organization","@id":"https:\/\/www.navarroaubanell.com\/ca\/#organization","name":"COMERCIAL NAVARRO AUBANELL, S.A","url":"https:\/\/www.navarroaubanell.com\/ca\/","logo":{"@type":"ImageObject","inLanguage":"ca","@id":"https:\/\/www.navarroaubanell.com\/ca\/#\/schema\/logo\/image\/","url":"https:\/\/www.navarroaubanell.com\/wp-content\/uploads\/2017\/07\/logo-navarro-aubuanell.png","contentUrl":"https:\/\/www.navarroaubanell.com\/wp-content\/uploads\/2017\/07\/logo-navarro-aubuanell.png","width":6304,"height":1154,"caption":"COMERCIAL NAVARRO AUBANELL, S.A"},"image":{"@id":"https:\/\/www.navarroaubanell.com\/ca\/#\/schema\/logo\/image\/"}}]}},"_links":{"self":[{"href":"https:\/\/www.navarroaubanell.com\/ca\/wp-json\/wp\/v2\/product\/35544","targetHints":{"allow":["GET"]}}],"collection":[{"href":"https:\/\/www.navarroaubanell.com\/ca\/wp-json\/wp\/v2\/product"}],"about":[{"href":"https:\/\/www.navarroaubanell.com\/ca\/wp-json\/wp\/v2\/types\/product"}],"wp:featuredmedia":[{"embeddable":true,"href":"https:\/\/www.navarroaubanell.com\/ca\/wp-json\/wp\/v2\/media\/35533"}],"wp:attachment":[{"href":"https:\/\/www.navarroaubanell.com\/ca\/wp-json\/wp\/v2\/media?parent=35544"}],"wp:term":[{"taxonomy":"product_brand","embeddable":true,"href":"https:\/\/www.navarroaubanell.com\/ca\/wp-json\/wp\/v2\/product_brand?post=35544"},{"taxonomy":"product_cat","embeddable":true,"href":"https:\/\/www.navarroaubanell.com\/ca\/wp-json\/wp\/v2\/product_cat?post=35544"},{"taxonomy":"product_tag","embeddable":true,"href":"https:\/\/www.navarroaubanell.com\/ca\/wp-json\/wp\/v2\/product_tag?post=35544"}],"curies":[{"name":"wp","href":"https:\/\/api.w.org\/{rel}","templated":true}]}}