{"id":35363,"date":"2024-07-19T13:00:51","date_gmt":"2024-07-19T13:26:25","guid":{"rendered":"https:\/\/www.navarroaubanell.com\/?post_type=product&#038;p=35363"},"modified":"2024-07-19T15:31:34","modified_gmt":"2024-07-19T13:31:34","slug":"butaca-reva-twist-lounge-pedrali-navarroaubanell","status":"publish","type":"product","link":"https:\/\/www.navarroaubanell.com\/ca\/producte\/butaca-reva-twist-lounge-pedrali-navarroaubanell\/","title":{"rendered":"Butaca Reva Twist Lounge"},"content":{"rendered":"<h5>Butaca\u00a0Reva\u00a0Twist\u00a0Lounge: Eleg\u00e0ncia i Durabilitat en l&#8217;Exterior<\/h5>\n<p>Descobreix la perfecta harmonia entre disseny i funcionalitat amb la <strong>Butaca Reva Twist Lounge<\/strong>, una pe\u00e7a excepcional que es combina a la perfecci\u00f3 amb el<strong><a href=\"https:\/\/www.navarroaubanell.com\/ca\/producte\/sofa-reva-twist-pedrali-navarroaubanell\/\"> sof\u00e0 Reva Twist<\/a><\/strong> per a crear l&#8217;ambient exterior ideal. Amb l\u00ednies suaus i dimensions generoses, aquesta butaca \u00e9s l&#8217;ep\u00edtom de l&#8217;eleg\u00e0ncia moderna.<\/p>\n<h6>Est\u00e8tica i Qualitat sense Compromisos<\/h6>\n<p><strong>Reva Twist<\/strong> destaca no sols per la seva pres\u00e8ncia imponent i sofisticada, sin\u00f3 tamb\u00e9 per l&#8217;alta qualitat dels seus materials. La seva estructura composta per travessers en extruit d&#8217;alumini anoditzat i potes del mateix material, asseguren una estructura robusta i duradora. A m\u00e9s, la xarxa de textil\u00e8 refor\u00e7a encara m\u00e9s la seva solidesa.<\/p>\n<h6>Dissenyat per a l&#8217;Exterior<\/h6>\n<p>L&#8217;acabat de l&#8217;estructura \u00e9s d&#8217;un vern\u00eds en pols espec\u00edficament dissenyat per a resistir els ambients exteriors i est\u00e0 disponible en cinc colors diferents, permetent personalitzar-ho al teu gust. Les potes compten amb tacs de tecnopol\u00edmer que protegeixen tant la butaca com la superf\u00edcie en la qual es troba, garantint una llarga vida \u00fatil.<\/p>\n<h6>Comoditat Adaptable<\/h6>\n<p>El respatller i els reposabra\u00e7os de la <strong>butaca Reva Twist Lounge<\/strong> s\u00f3n removibles i estan fabricats en tub d&#8217;acer, revestits amb una elegant corda de polipropil\u00e8 trenat. Disponible en tres colors, aquesta corda de 15mm est\u00e0 confeccionada amb setze fils de polipropil\u00e8 amb n\u00facli de nylon, assegurant resist\u00e8ncia a qualsevol condici\u00f3 clim\u00e0tica.<\/p>\n<h6>Coixins de M\u00e0xima Qualitat<\/h6>\n<p>Els coixins del seient estan fets d&#8217;escuma de poliuret\u00e0 flexible i ign\u00edfuga, mentre que els del suport estan entapissats amb fibra de poli\u00e8ster i folrats amb una tela hidr\u00f2fuga, la qual cosa els permet resistir les inclem\u00e8ncies del temps sense perdre qualitat ni durabilitat. Amb una \u00e0mplia gamma de colors i teixits disponibles, pots crear combinacions personalitzades que s&#8217;adaptin perfectament a les teves idees i dissenys.<\/p>\n<p>*Com a accessori addicional, la butaca disposa del coix\u00ed lateral<\/p>\n<p><strong>Fes de la Butaca Reva Twist Lounge la protagonista del teu pati o jard\u00ed i gaudeix d&#8217;un equilibri perfecte entre estil i funcionalitat.<\/strong><\/p>\n<p><a href=\"https:\/\/cdn-assets.pedrali.com\/media\/pedrali\/media\/assets\/originals\/documenti\/st\/st-reva-2-p.pdf\">Fitxa t\u00e8cnica<\/a><\/p>\n","protected":false},"excerpt":{"rendered":"<p>Butaca\u00a0Reva\u00a0Twist\u00a0Lounge: Eleg\u00e0ncia i Durabilitat en l&#8217;Exterior Descobreix la perfecta harmonia entre disseny i funcionalitat amb la Butaca Reva Twist Lounge, una pe\u00e7a excepcional que es combina a la perfecci\u00f3 amb el sof\u00e0 Reva Twist per a crear l&#8217;ambient exterior ideal. Amb l\u00ednies suaus i dimensions generoses, aquesta butaca \u00e9s l&#8217;ep\u00edtom de l&#8217;eleg\u00e0ncia moderna. Est\u00e8tica i&hellip;<\/p>\n","protected":false},"featured_media":35349,"template":"","meta":{"_acf_changed":false},"product_brand":[],"product_cat":[937],"product_tag":[605,640,1216,729,1214],"class_list":{"0":"post-35363","1":"product","2":"type-product","3":"status-publish","4":"has-post-thumbnail","6":"product_cat-butaques-ca-2","7":"product_tag-butaca-ca","8":"product_tag-exterior-ca","9":"product_tag-lounge-ca","10":"product_tag-pedrali-ca","11":"product_tag-reva-twist-ca","12":"description-off","14":"first","15":"instock","16":"shipping-taxable","17":"product-type-simple"},"acf":[],"yoast_head":"<!-- This site is optimized with the Yoast SEO plugin v27.6 - https:\/\/yoast.com\/product\/yoast-seo-wordpress\/ -->\n<title>Butaca Reva Twist Lounge, Pedrali- Navarro Aubanell<\/title>\n<meta name=\"description\" content=\"Butaca Reva Twist Lounge: eleg\u00e0ncia i durabilitat per a exteriors, amb estructura d&#039;alumini i detalls d&#039;alta qualitat. Combina amb el sof\u00e0 Reva Twist.\" \/>\n<meta name=\"robots\" content=\"index, follow, max-snippet:-1, max-image-preview:large, max-video-preview:-1\" \/>\n<link rel=\"canonical\" href=\"https:\/\/www.navarroaubanell.com\/ca\/producte\/butaca-reva-twist-lounge-pedrali-navarroaubanell\/\" \/>\n<meta property=\"og:locale\" content=\"ca_ES\" \/>\n<meta property=\"og:type\" content=\"article\" \/>\n<meta property=\"og:title\" content=\"Butaca Reva Twist Lounge, Pedrali- Navarro Aubanell\" \/>\n<meta property=\"og:description\" content=\"Butaca Reva Twist Lounge: eleg\u00e0ncia i durabilitat per a exteriors, amb estructura d&#039;alumini i detalls d&#039;alta qualitat. Combina amb el sof\u00e0 Reva Twist.\" \/>\n<meta property=\"og:url\" content=\"https:\/\/www.navarroaubanell.com\/ca\/producte\/butaca-reva-twist-lounge-pedrali-navarroaubanell\/\" \/>\n<meta property=\"og:site_name\" content=\"Navarro Aubanell\" \/>\n<meta property=\"article:modified_time\" content=\"2024-07-19T13:31:34+00:00\" \/>\n<meta property=\"og:image\" content=\"https:\/\/www.navarroaubanell.com\/wp-content\/uploads\/2024\/07\/Reva-Twist-2-P-2.png\" \/>\n\t<meta property=\"og:image:width\" content=\"1600\" \/>\n\t<meta property=\"og:image:height\" content=\"1300\" \/>\n\t<meta property=\"og:image:type\" content=\"image\/png\" \/>\n<meta name=\"twitter:label1\" content=\"Est. reading time\" \/>\n\t<meta name=\"twitter:data1\" content=\"2 minutes\" \/>\n<script type=\"application\/ld+json\" class=\"yoast-schema-graph\">{\"@context\":\"https:\\\/\\\/schema.org\",\"@graph\":[{\"@type\":\"WebPage\",\"@id\":\"https:\\\/\\\/www.navarroaubanell.com\\\/ca\\\/producte\\\/butaca-reva-twist-lounge-pedrali-navarroaubanell\\\/\",\"url\":\"https:\\\/\\\/www.navarroaubanell.com\\\/ca\\\/producte\\\/butaca-reva-twist-lounge-pedrali-navarroaubanell\\\/\",\"name\":\"Butaca Reva Twist Lounge, Pedrali- Navarro Aubanell\",\"isPartOf\":{\"@id\":\"https:\\\/\\\/www.navarroaubanell.com\\\/ca\\\/#website\"},\"primaryImageOfPage\":{\"@id\":\"https:\\\/\\\/www.navarroaubanell.com\\\/ca\\\/producte\\\/butaca-reva-twist-lounge-pedrali-navarroaubanell\\\/#primaryimage\"},\"image\":{\"@id\":\"https:\\\/\\\/www.navarroaubanell.com\\\/ca\\\/producte\\\/butaca-reva-twist-lounge-pedrali-navarroaubanell\\\/#primaryimage\"},\"thumbnailUrl\":\"https:\\\/\\\/www.navarroaubanell.com\\\/wp-content\\\/uploads\\\/2024\\\/07\\\/Reva-Twist-2-P-2.png\",\"datePublished\":\"2024-07-19T13:26:25+00:00\",\"dateModified\":\"2024-07-19T13:31:34+00:00\",\"description\":\"Butaca Reva Twist Lounge: eleg\u00e0ncia i durabilitat per a exteriors, amb estructura d'alumini i detalls d'alta qualitat. Combina amb el sof\u00e0 Reva Twist.\",\"breadcrumb\":{\"@id\":\"https:\\\/\\\/www.navarroaubanell.com\\\/ca\\\/producte\\\/butaca-reva-twist-lounge-pedrali-navarroaubanell\\\/#breadcrumb\"},\"inLanguage\":\"ca\",\"potentialAction\":[{\"@type\":\"ReadAction\",\"target\":[\"https:\\\/\\\/www.navarroaubanell.com\\\/ca\\\/producte\\\/butaca-reva-twist-lounge-pedrali-navarroaubanell\\\/\"]}]},{\"@type\":\"ImageObject\",\"inLanguage\":\"ca\",\"@id\":\"https:\\\/\\\/www.navarroaubanell.com\\\/ca\\\/producte\\\/butaca-reva-twist-lounge-pedrali-navarroaubanell\\\/#primaryimage\",\"url\":\"https:\\\/\\\/www.navarroaubanell.com\\\/wp-content\\\/uploads\\\/2024\\\/07\\\/Reva-Twist-2-P-2.png\",\"contentUrl\":\"https:\\\/\\\/www.navarroaubanell.com\\\/wp-content\\\/uploads\\\/2024\\\/07\\\/Reva-Twist-2-P-2.png\",\"width\":1600,\"height\":1300,\"caption\":\"Butaca Reva Twist Lounge 2-P\"},{\"@type\":\"BreadcrumbList\",\"@id\":\"https:\\\/\\\/www.navarroaubanell.com\\\/ca\\\/producte\\\/butaca-reva-twist-lounge-pedrali-navarroaubanell\\\/#breadcrumb\",\"itemListElement\":[{\"@type\":\"ListItem\",\"position\":1,\"name\":\"Portada\",\"item\":\"https:\\\/\\\/www.navarroaubanell.com\\\/ca\\\/\"},{\"@type\":\"ListItem\",\"position\":2,\"name\":\"Productes\",\"item\":\"https:\\\/\\\/www.navarroaubanell.com\\\/productos\\\/\"},{\"@type\":\"ListItem\",\"position\":3,\"name\":\"Butaca Reva Twist Lounge\"}]},{\"@type\":\"WebSite\",\"@id\":\"https:\\\/\\\/www.navarroaubanell.com\\\/ca\\\/#website\",\"url\":\"https:\\\/\\\/www.navarroaubanell.com\\\/ca\\\/\",\"name\":\"Navarro Aubanell\",\"description\":\"Mobiliario para hoteler\u00eda, colectividades y oficinas\",\"publisher\":{\"@id\":\"https:\\\/\\\/www.navarroaubanell.com\\\/ca\\\/#organization\"},\"potentialAction\":[{\"@type\":\"SearchAction\",\"target\":{\"@type\":\"EntryPoint\",\"urlTemplate\":\"https:\\\/\\\/www.navarroaubanell.com\\\/ca\\\/?s={search_term_string}\"},\"query-input\":{\"@type\":\"PropertyValueSpecification\",\"valueRequired\":true,\"valueName\":\"search_term_string\"}}],\"inLanguage\":\"ca\"},{\"@type\":\"Organization\",\"@id\":\"https:\\\/\\\/www.navarroaubanell.com\\\/ca\\\/#organization\",\"name\":\"COMERCIAL NAVARRO AUBANELL, S.A\",\"url\":\"https:\\\/\\\/www.navarroaubanell.com\\\/ca\\\/\",\"logo\":{\"@type\":\"ImageObject\",\"inLanguage\":\"ca\",\"@id\":\"https:\\\/\\\/www.navarroaubanell.com\\\/ca\\\/#\\\/schema\\\/logo\\\/image\\\/\",\"url\":\"https:\\\/\\\/www.navarroaubanell.com\\\/wp-content\\\/uploads\\\/2017\\\/07\\\/logo-navarro-aubuanell.png\",\"contentUrl\":\"https:\\\/\\\/www.navarroaubanell.com\\\/wp-content\\\/uploads\\\/2017\\\/07\\\/logo-navarro-aubuanell.png\",\"width\":6304,\"height\":1154,\"caption\":\"COMERCIAL NAVARRO AUBANELL, S.A\"},\"image\":{\"@id\":\"https:\\\/\\\/www.navarroaubanell.com\\\/ca\\\/#\\\/schema\\\/logo\\\/image\\\/\"}}]}<\/script>\n<!-- \/ Yoast SEO plugin. -->","yoast_head_json":{"title":"Butaca Reva Twist Lounge, Pedrali- Navarro Aubanell","description":"Butaca Reva Twist Lounge: eleg\u00e0ncia i durabilitat per a exteriors, amb estructura d'alumini i detalls d'alta qualitat. Combina amb el sof\u00e0 Reva Twist.","robots":{"index":"index","follow":"follow","max-snippet":"max-snippet:-1","max-image-preview":"max-image-preview:large","max-video-preview":"max-video-preview:-1"},"canonical":"https:\/\/www.navarroaubanell.com\/ca\/producte\/butaca-reva-twist-lounge-pedrali-navarroaubanell\/","og_locale":"ca_ES","og_type":"article","og_title":"Butaca Reva Twist Lounge, Pedrali- Navarro Aubanell","og_description":"Butaca Reva Twist Lounge: eleg\u00e0ncia i durabilitat per a exteriors, amb estructura d'alumini i detalls d'alta qualitat. Combina amb el sof\u00e0 Reva Twist.","og_url":"https:\/\/www.navarroaubanell.com\/ca\/producte\/butaca-reva-twist-lounge-pedrali-navarroaubanell\/","og_site_name":"Navarro Aubanell","article_modified_time":"2024-07-19T13:31:34+00:00","og_image":[{"width":1600,"height":1300,"url":"https:\/\/www.navarroaubanell.com\/wp-content\/uploads\/2024\/07\/Reva-Twist-2-P-2.png","type":"image\/png"}],"twitter_misc":{"Est. reading time":"2 minutes"},"schema":{"@context":"https:\/\/schema.org","@graph":[{"@type":"WebPage","@id":"https:\/\/www.navarroaubanell.com\/ca\/producte\/butaca-reva-twist-lounge-pedrali-navarroaubanell\/","url":"https:\/\/www.navarroaubanell.com\/ca\/producte\/butaca-reva-twist-lounge-pedrali-navarroaubanell\/","name":"Butaca Reva Twist Lounge, Pedrali- Navarro Aubanell","isPartOf":{"@id":"https:\/\/www.navarroaubanell.com\/ca\/#website"},"primaryImageOfPage":{"@id":"https:\/\/www.navarroaubanell.com\/ca\/producte\/butaca-reva-twist-lounge-pedrali-navarroaubanell\/#primaryimage"},"image":{"@id":"https:\/\/www.navarroaubanell.com\/ca\/producte\/butaca-reva-twist-lounge-pedrali-navarroaubanell\/#primaryimage"},"thumbnailUrl":"https:\/\/www.navarroaubanell.com\/wp-content\/uploads\/2024\/07\/Reva-Twist-2-P-2.png","datePublished":"2024-07-19T13:26:25+00:00","dateModified":"2024-07-19T13:31:34+00:00","description":"Butaca Reva Twist Lounge: eleg\u00e0ncia i durabilitat per a exteriors, amb estructura d'alumini i detalls d'alta qualitat. Combina amb el sof\u00e0 Reva Twist.","breadcrumb":{"@id":"https:\/\/www.navarroaubanell.com\/ca\/producte\/butaca-reva-twist-lounge-pedrali-navarroaubanell\/#breadcrumb"},"inLanguage":"ca","potentialAction":[{"@type":"ReadAction","target":["https:\/\/www.navarroaubanell.com\/ca\/producte\/butaca-reva-twist-lounge-pedrali-navarroaubanell\/"]}]},{"@type":"ImageObject","inLanguage":"ca","@id":"https:\/\/www.navarroaubanell.com\/ca\/producte\/butaca-reva-twist-lounge-pedrali-navarroaubanell\/#primaryimage","url":"https:\/\/www.navarroaubanell.com\/wp-content\/uploads\/2024\/07\/Reva-Twist-2-P-2.png","contentUrl":"https:\/\/www.navarroaubanell.com\/wp-content\/uploads\/2024\/07\/Reva-Twist-2-P-2.png","width":1600,"height":1300,"caption":"Butaca Reva Twist Lounge 2-P"},{"@type":"BreadcrumbList","@id":"https:\/\/www.navarroaubanell.com\/ca\/producte\/butaca-reva-twist-lounge-pedrali-navarroaubanell\/#breadcrumb","itemListElement":[{"@type":"ListItem","position":1,"name":"Portada","item":"https:\/\/www.navarroaubanell.com\/ca\/"},{"@type":"ListItem","position":2,"name":"Productes","item":"https:\/\/www.navarroaubanell.com\/productos\/"},{"@type":"ListItem","position":3,"name":"Butaca Reva Twist Lounge"}]},{"@type":"WebSite","@id":"https:\/\/www.navarroaubanell.com\/ca\/#website","url":"https:\/\/www.navarroaubanell.com\/ca\/","name":"Navarro Aubanell","description":"Mobiliario para hoteler\u00eda, colectividades y oficinas","publisher":{"@id":"https:\/\/www.navarroaubanell.com\/ca\/#organization"},"potentialAction":[{"@type":"SearchAction","target":{"@type":"EntryPoint","urlTemplate":"https:\/\/www.navarroaubanell.com\/ca\/?s={search_term_string}"},"query-input":{"@type":"PropertyValueSpecification","valueRequired":true,"valueName":"search_term_string"}}],"inLanguage":"ca"},{"@type":"Organization","@id":"https:\/\/www.navarroaubanell.com\/ca\/#organization","name":"COMERCIAL NAVARRO AUBANELL, S.A","url":"https:\/\/www.navarroaubanell.com\/ca\/","logo":{"@type":"ImageObject","inLanguage":"ca","@id":"https:\/\/www.navarroaubanell.com\/ca\/#\/schema\/logo\/image\/","url":"https:\/\/www.navarroaubanell.com\/wp-content\/uploads\/2017\/07\/logo-navarro-aubuanell.png","contentUrl":"https:\/\/www.navarroaubanell.com\/wp-content\/uploads\/2017\/07\/logo-navarro-aubuanell.png","width":6304,"height":1154,"caption":"COMERCIAL NAVARRO AUBANELL, S.A"},"image":{"@id":"https:\/\/www.navarroaubanell.com\/ca\/#\/schema\/logo\/image\/"}}]}},"_links":{"self":[{"href":"https:\/\/www.navarroaubanell.com\/ca\/wp-json\/wp\/v2\/product\/35363","targetHints":{"allow":["GET"]}}],"collection":[{"href":"https:\/\/www.navarroaubanell.com\/ca\/wp-json\/wp\/v2\/product"}],"about":[{"href":"https:\/\/www.navarroaubanell.com\/ca\/wp-json\/wp\/v2\/types\/product"}],"wp:featuredmedia":[{"embeddable":true,"href":"https:\/\/www.navarroaubanell.com\/ca\/wp-json\/wp\/v2\/media\/35349"}],"wp:attachment":[{"href":"https:\/\/www.navarroaubanell.com\/ca\/wp-json\/wp\/v2\/media?parent=35363"}],"wp:term":[{"taxonomy":"product_brand","embeddable":true,"href":"https:\/\/www.navarroaubanell.com\/ca\/wp-json\/wp\/v2\/product_brand?post=35363"},{"taxonomy":"product_cat","embeddable":true,"href":"https:\/\/www.navarroaubanell.com\/ca\/wp-json\/wp\/v2\/product_cat?post=35363"},{"taxonomy":"product_tag","embeddable":true,"href":"https:\/\/www.navarroaubanell.com\/ca\/wp-json\/wp\/v2\/product_tag?post=35363"}],"curies":[{"name":"wp","href":"https:\/\/api.w.org\/{rel}","templated":true}]}}