{"id":35344,"date":"2024-07-19T12:19:10","date_gmt":"2024-07-19T10:36:42","guid":{"rendered":"https:\/\/www.navarroaubanell.com\/?post_type=product&#038;p=35344"},"modified":"2024-07-19T15:30:05","modified_gmt":"2024-07-19T13:30:05","slug":"sofa-reva-twist-pedrali-navarroaubanell","status":"publish","type":"product","link":"https:\/\/www.navarroaubanell.com\/ca\/producte\/sofa-reva-twist-pedrali-navarroaubanell\/","title":{"rendered":"Sof\u00e0 Reva Twist"},"content":{"rendered":"<h5>Sof\u00e0\u00a0Reva\u00a0Twist: Eleg\u00e0ncia i Durabilitat en l&#8217;Exterior<\/h5>\n<p>Descobreix la perfecta harmonia entre disseny i funcionalitat amb el <strong>sof\u00e0 Reva Twist<\/strong>, una pe\u00e7a excepcional que es combina a la perfecci\u00f3 amb la seva <strong><a href=\"https:\/\/www.navarroaubanell.com\/ca\/producte\/sofa-reva-twist-pedrali-navarroaubanell\/\">butaca Lounge<\/a><\/strong> per a crear l&#8217;ambient exterior ideal. Amb l\u00ednies suaus i dimensions generoses, aquest sof\u00e0 de tres places \u00e9s l&#8217;ep\u00edtom de l&#8217;eleg\u00e0ncia moderna.<\/p>\n<h6>Est\u00e8tica i Qualitat sense Compromisos<\/h6>\n<p>El<strong> Reva Twist<\/strong> destaca no sols per la seva pres\u00e8ncia imponent i sofisticada, sin\u00f3 tamb\u00e9 per l&#8217;alta qualitat dels seus materials. La seva estructrura est\u00e0 composta per travessers en extruit d&#8217;alumini anoditzat i les potes del mateix material, assegurant una estructura robusta i duradora. A m\u00e9s, la xarxa de textil\u00e8 refor\u00e7a encara m\u00e9s la seva solidesa.<\/p>\n<h6>Dissenyat per a l&#8217;Exterior<\/h6>\n<p>L&#8217;acabat de l&#8217;estructura \u00e9s d&#8217;en un vern\u00eds en pols espec\u00edficament dissenyat per a resistir els ambients exteriors i est\u00e0 disponible en cinc colors diferents, permetent personalitzar-ho al teu gust. Les potes compten amb tacs de tecnopol\u00edmer que protegeixen tant el sof\u00e0 com a la superf\u00edcie en qu\u00e8 es troba, garantint una llarga vida \u00fatil.<\/p>\n<h6>Comoditat Adaptable<\/h6>\n<p>El respatller i els reposabra\u00e7os del <strong>sof\u00e0 Reva Twist<\/strong> son removibles i estan fabricats en tub d&#8217;acer, revestits amb una elegant corda de polipropil\u00e8 trenat. Disponible en tres colors, aquesta corda de 15mm est\u00e0 confeccionada amb setze fils de polipropil\u00e8 amb n\u00facli de nylon, assegurant resist\u00e8ncia a qualsevol condici\u00f3 clim\u00e0tica.<\/p>\n<h6>Coixins de M\u00e0xima Qualitat<\/h6>\n<p>Els coixins de seient estan fets d&#8217;escuma de poliuret\u00e0 flexible i ign\u00edfuga, mentre que els del respatller estan entapissats amb fibra de poli\u00e8ster i folrats amb una tela hidr\u00f2fuga, la qual cosa els permet resistir les inclem\u00e8ncies del temps sense perdre qualitat ni durabilitat. Amb una \u00e0mplia gamma de colors i teixits disponibles, pots crear combinacions personalitzades que s&#8217;adaptin perfectament a les teves idees i dissenys.<\/p>\n<p>*Com a accessori addicional, disposa d&#8217;un coix\u00ed lateral.<\/p>\n<p><strong>Fes del sof\u00e0\u00a0Reva\u00a0Twist\u00a0el protagonista del teu pati o jard\u00ed i gaudeix d&#8217;un equilibri perfecte entre estil i funcionalitat.<\/strong><\/p>\n<p><a href=\"https:\/\/cdn-assets.pedrali.com\/media\/pedrali\/media\/assets\/originals\/documenti\/st\/st-reva-2-d.pdf\">Fitxa t\u00e8cnica<\/a><\/p>\n","protected":false},"excerpt":{"rendered":"<p>Sof\u00e0\u00a0Reva\u00a0Twist: Eleg\u00e0ncia i Durabilitat en l&#8217;Exterior Descobreix la perfecta harmonia entre disseny i funcionalitat amb el sof\u00e0 Reva Twist, una pe\u00e7a excepcional que es combina a la perfecci\u00f3 amb la seva butaca Lounge per a crear l&#8217;ambient exterior ideal. Amb l\u00ednies suaus i dimensions generoses, aquest sof\u00e0 de tres places \u00e9s l&#8217;ep\u00edtom de l&#8217;eleg\u00e0ncia moderna.&hellip;<\/p>\n","protected":false},"featured_media":35345,"template":"","meta":{"_acf_changed":false},"product_brand":[],"product_cat":[929],"product_tag":[640,729,1214,754],"class_list":{"0":"post-35344","1":"product","2":"type-product","3":"status-publish","4":"has-post-thumbnail","6":"product_cat-sofas-exterior-ca","7":"product_tag-exterior-ca","8":"product_tag-pedrali-ca","9":"product_tag-reva-twist-ca","10":"product_tag-sofa-ca","11":"description-off","13":"first","14":"instock","15":"shipping-taxable","16":"product-type-simple"},"acf":[],"yoast_head":"<!-- This site is optimized with the Yoast SEO plugin v27.0 - https:\/\/yoast.com\/product\/yoast-seo-wordpress\/ -->\n<title>Sof\u00e0 Reva Twist, Pedrali- Navarro Aubanell<\/title>\n<meta name=\"description\" content=\"Sof\u00e0 Reva Twist: eleg\u00e0ncia i durabilitat per a exteriors, amb estructura d&#039;alumini i detalls d&#039;alta qualitat. Combina amb la seva butaca Lounge Reva Twist.\" \/>\n<meta name=\"robots\" content=\"index, follow, max-snippet:-1, max-image-preview:large, max-video-preview:-1\" \/>\n<link rel=\"canonical\" href=\"https:\/\/www.navarroaubanell.com\/ca\/producte\/sofa-reva-twist-pedrali-navarroaubanell\/\" \/>\n<meta property=\"og:locale\" content=\"ca_ES\" \/>\n<meta property=\"og:type\" content=\"article\" \/>\n<meta property=\"og:title\" content=\"Sof\u00e0 Reva Twist, Pedrali- Navarro Aubanell\" \/>\n<meta property=\"og:description\" content=\"Sof\u00e0 Reva Twist: eleg\u00e0ncia i durabilitat per a exteriors, amb estructura d&#039;alumini i detalls d&#039;alta qualitat. Combina amb la seva butaca Lounge Reva Twist.\" \/>\n<meta property=\"og:url\" content=\"https:\/\/www.navarroaubanell.com\/ca\/producte\/sofa-reva-twist-pedrali-navarroaubanell\/\" \/>\n<meta property=\"og:site_name\" content=\"Navarro Aubanell\" \/>\n<meta property=\"article:modified_time\" content=\"2024-07-19T13:30:05+00:00\" \/>\n<meta property=\"og:image\" content=\"https:\/\/www.navarroaubanell.com\/wp-content\/uploads\/2024\/07\/Sofa-Reva-Twist-2-D.png\" \/>\n\t<meta property=\"og:image:width\" content=\"600\" \/>\n\t<meta property=\"og:image:height\" content=\"488\" \/>\n\t<meta property=\"og:image:type\" content=\"image\/png\" \/>\n<meta name=\"twitter:label1\" content=\"Est. reading time\" \/>\n\t<meta name=\"twitter:data1\" content=\"2 minutes\" \/>\n<script type=\"application\/ld+json\" class=\"yoast-schema-graph\">{\"@context\":\"https:\/\/schema.org\",\"@graph\":[{\"@type\":\"WebPage\",\"@id\":\"https:\/\/www.navarroaubanell.com\/ca\/producte\/sofa-reva-twist-pedrali-navarroaubanell\/\",\"url\":\"https:\/\/www.navarroaubanell.com\/ca\/producte\/sofa-reva-twist-pedrali-navarroaubanell\/\",\"name\":\"Sof\u00e0 Reva Twist, Pedrali- Navarro Aubanell\",\"isPartOf\":{\"@id\":\"https:\/\/www.navarroaubanell.com\/ca\/#website\"},\"primaryImageOfPage\":{\"@id\":\"https:\/\/www.navarroaubanell.com\/ca\/producte\/sofa-reva-twist-pedrali-navarroaubanell\/#primaryimage\"},\"image\":{\"@id\":\"https:\/\/www.navarroaubanell.com\/ca\/producte\/sofa-reva-twist-pedrali-navarroaubanell\/#primaryimage\"},\"thumbnailUrl\":\"https:\/\/www.navarroaubanell.com\/wp-content\/uploads\/2024\/07\/Sofa-Reva-Twist-2-D.png\",\"datePublished\":\"2024-07-19T10:36:42+00:00\",\"dateModified\":\"2024-07-19T13:30:05+00:00\",\"description\":\"Sof\u00e0 Reva Twist: eleg\u00e0ncia i durabilitat per a exteriors, amb estructura d'alumini i detalls d'alta qualitat. Combina amb la seva butaca Lounge Reva Twist.\",\"breadcrumb\":{\"@id\":\"https:\/\/www.navarroaubanell.com\/ca\/producte\/sofa-reva-twist-pedrali-navarroaubanell\/#breadcrumb\"},\"inLanguage\":\"ca\",\"potentialAction\":[{\"@type\":\"ReadAction\",\"target\":[\"https:\/\/www.navarroaubanell.com\/ca\/producte\/sofa-reva-twist-pedrali-navarroaubanell\/\"]}]},{\"@type\":\"ImageObject\",\"inLanguage\":\"ca\",\"@id\":\"https:\/\/www.navarroaubanell.com\/ca\/producte\/sofa-reva-twist-pedrali-navarroaubanell\/#primaryimage\",\"url\":\"https:\/\/www.navarroaubanell.com\/wp-content\/uploads\/2024\/07\/Sofa-Reva-Twist-2-D.png\",\"contentUrl\":\"https:\/\/www.navarroaubanell.com\/wp-content\/uploads\/2024\/07\/Sofa-Reva-Twist-2-D.png\",\"width\":600,\"height\":488,\"caption\":\"Sof\u00e1 Reva Twist 2-D\"},{\"@type\":\"BreadcrumbList\",\"@id\":\"https:\/\/www.navarroaubanell.com\/ca\/producte\/sofa-reva-twist-pedrali-navarroaubanell\/#breadcrumb\",\"itemListElement\":[{\"@type\":\"ListItem\",\"position\":1,\"name\":\"Portada\",\"item\":\"https:\/\/www.navarroaubanell.com\/ca\/\"},{\"@type\":\"ListItem\",\"position\":2,\"name\":\"Productes\",\"item\":\"https:\/\/www.navarroaubanell.com\/productos\/\"},{\"@type\":\"ListItem\",\"position\":3,\"name\":\"Sof\u00e0 Reva Twist\"}]},{\"@type\":\"WebSite\",\"@id\":\"https:\/\/www.navarroaubanell.com\/ca\/#website\",\"url\":\"https:\/\/www.navarroaubanell.com\/ca\/\",\"name\":\"Navarro Aubanell\",\"description\":\"Mobiliario para hoteler\u00eda, colectividades y oficinas\",\"publisher\":{\"@id\":\"https:\/\/www.navarroaubanell.com\/ca\/#organization\"},\"potentialAction\":[{\"@type\":\"SearchAction\",\"target\":{\"@type\":\"EntryPoint\",\"urlTemplate\":\"https:\/\/www.navarroaubanell.com\/ca\/?s={search_term_string}\"},\"query-input\":{\"@type\":\"PropertyValueSpecification\",\"valueRequired\":true,\"valueName\":\"search_term_string\"}}],\"inLanguage\":\"ca\"},{\"@type\":\"Organization\",\"@id\":\"https:\/\/www.navarroaubanell.com\/ca\/#organization\",\"name\":\"COMERCIAL NAVARRO AUBANELL, S.A\",\"url\":\"https:\/\/www.navarroaubanell.com\/ca\/\",\"logo\":{\"@type\":\"ImageObject\",\"inLanguage\":\"ca\",\"@id\":\"https:\/\/www.navarroaubanell.com\/ca\/#\/schema\/logo\/image\/\",\"url\":\"https:\/\/www.navarroaubanell.com\/wp-content\/uploads\/2017\/07\/logo-navarro-aubuanell.png\",\"contentUrl\":\"https:\/\/www.navarroaubanell.com\/wp-content\/uploads\/2017\/07\/logo-navarro-aubuanell.png\",\"width\":6304,\"height\":1154,\"caption\":\"COMERCIAL NAVARRO AUBANELL, S.A\"},\"image\":{\"@id\":\"https:\/\/www.navarroaubanell.com\/ca\/#\/schema\/logo\/image\/\"}}]}<\/script>\n<!-- \/ Yoast SEO plugin. -->","yoast_head_json":{"title":"Sof\u00e0 Reva Twist, Pedrali- Navarro Aubanell","description":"Sof\u00e0 Reva Twist: eleg\u00e0ncia i durabilitat per a exteriors, amb estructura d'alumini i detalls d'alta qualitat. Combina amb la seva butaca Lounge Reva Twist.","robots":{"index":"index","follow":"follow","max-snippet":"max-snippet:-1","max-image-preview":"max-image-preview:large","max-video-preview":"max-video-preview:-1"},"canonical":"https:\/\/www.navarroaubanell.com\/ca\/producte\/sofa-reva-twist-pedrali-navarroaubanell\/","og_locale":"ca_ES","og_type":"article","og_title":"Sof\u00e0 Reva Twist, Pedrali- Navarro Aubanell","og_description":"Sof\u00e0 Reva Twist: eleg\u00e0ncia i durabilitat per a exteriors, amb estructura d'alumini i detalls d'alta qualitat. Combina amb la seva butaca Lounge Reva Twist.","og_url":"https:\/\/www.navarroaubanell.com\/ca\/producte\/sofa-reva-twist-pedrali-navarroaubanell\/","og_site_name":"Navarro Aubanell","article_modified_time":"2024-07-19T13:30:05+00:00","og_image":[{"width":600,"height":488,"url":"https:\/\/www.navarroaubanell.com\/wp-content\/uploads\/2024\/07\/Sofa-Reva-Twist-2-D.png","type":"image\/png"}],"twitter_misc":{"Est. reading time":"2 minutes"},"schema":{"@context":"https:\/\/schema.org","@graph":[{"@type":"WebPage","@id":"https:\/\/www.navarroaubanell.com\/ca\/producte\/sofa-reva-twist-pedrali-navarroaubanell\/","url":"https:\/\/www.navarroaubanell.com\/ca\/producte\/sofa-reva-twist-pedrali-navarroaubanell\/","name":"Sof\u00e0 Reva Twist, Pedrali- Navarro Aubanell","isPartOf":{"@id":"https:\/\/www.navarroaubanell.com\/ca\/#website"},"primaryImageOfPage":{"@id":"https:\/\/www.navarroaubanell.com\/ca\/producte\/sofa-reva-twist-pedrali-navarroaubanell\/#primaryimage"},"image":{"@id":"https:\/\/www.navarroaubanell.com\/ca\/producte\/sofa-reva-twist-pedrali-navarroaubanell\/#primaryimage"},"thumbnailUrl":"https:\/\/www.navarroaubanell.com\/wp-content\/uploads\/2024\/07\/Sofa-Reva-Twist-2-D.png","datePublished":"2024-07-19T10:36:42+00:00","dateModified":"2024-07-19T13:30:05+00:00","description":"Sof\u00e0 Reva Twist: eleg\u00e0ncia i durabilitat per a exteriors, amb estructura d'alumini i detalls d'alta qualitat. Combina amb la seva butaca Lounge Reva Twist.","breadcrumb":{"@id":"https:\/\/www.navarroaubanell.com\/ca\/producte\/sofa-reva-twist-pedrali-navarroaubanell\/#breadcrumb"},"inLanguage":"ca","potentialAction":[{"@type":"ReadAction","target":["https:\/\/www.navarroaubanell.com\/ca\/producte\/sofa-reva-twist-pedrali-navarroaubanell\/"]}]},{"@type":"ImageObject","inLanguage":"ca","@id":"https:\/\/www.navarroaubanell.com\/ca\/producte\/sofa-reva-twist-pedrali-navarroaubanell\/#primaryimage","url":"https:\/\/www.navarroaubanell.com\/wp-content\/uploads\/2024\/07\/Sofa-Reva-Twist-2-D.png","contentUrl":"https:\/\/www.navarroaubanell.com\/wp-content\/uploads\/2024\/07\/Sofa-Reva-Twist-2-D.png","width":600,"height":488,"caption":"Sof\u00e1 Reva Twist 2-D"},{"@type":"BreadcrumbList","@id":"https:\/\/www.navarroaubanell.com\/ca\/producte\/sofa-reva-twist-pedrali-navarroaubanell\/#breadcrumb","itemListElement":[{"@type":"ListItem","position":1,"name":"Portada","item":"https:\/\/www.navarroaubanell.com\/ca\/"},{"@type":"ListItem","position":2,"name":"Productes","item":"https:\/\/www.navarroaubanell.com\/productos\/"},{"@type":"ListItem","position":3,"name":"Sof\u00e0 Reva Twist"}]},{"@type":"WebSite","@id":"https:\/\/www.navarroaubanell.com\/ca\/#website","url":"https:\/\/www.navarroaubanell.com\/ca\/","name":"Navarro Aubanell","description":"Mobiliario para hoteler\u00eda, colectividades y oficinas","publisher":{"@id":"https:\/\/www.navarroaubanell.com\/ca\/#organization"},"potentialAction":[{"@type":"SearchAction","target":{"@type":"EntryPoint","urlTemplate":"https:\/\/www.navarroaubanell.com\/ca\/?s={search_term_string}"},"query-input":{"@type":"PropertyValueSpecification","valueRequired":true,"valueName":"search_term_string"}}],"inLanguage":"ca"},{"@type":"Organization","@id":"https:\/\/www.navarroaubanell.com\/ca\/#organization","name":"COMERCIAL NAVARRO AUBANELL, S.A","url":"https:\/\/www.navarroaubanell.com\/ca\/","logo":{"@type":"ImageObject","inLanguage":"ca","@id":"https:\/\/www.navarroaubanell.com\/ca\/#\/schema\/logo\/image\/","url":"https:\/\/www.navarroaubanell.com\/wp-content\/uploads\/2017\/07\/logo-navarro-aubuanell.png","contentUrl":"https:\/\/www.navarroaubanell.com\/wp-content\/uploads\/2017\/07\/logo-navarro-aubuanell.png","width":6304,"height":1154,"caption":"COMERCIAL NAVARRO AUBANELL, S.A"},"image":{"@id":"https:\/\/www.navarroaubanell.com\/ca\/#\/schema\/logo\/image\/"}}]}},"_links":{"self":[{"href":"https:\/\/www.navarroaubanell.com\/ca\/wp-json\/wp\/v2\/product\/35344","targetHints":{"allow":["GET"]}}],"collection":[{"href":"https:\/\/www.navarroaubanell.com\/ca\/wp-json\/wp\/v2\/product"}],"about":[{"href":"https:\/\/www.navarroaubanell.com\/ca\/wp-json\/wp\/v2\/types\/product"}],"wp:featuredmedia":[{"embeddable":true,"href":"https:\/\/www.navarroaubanell.com\/ca\/wp-json\/wp\/v2\/media\/35345"}],"wp:attachment":[{"href":"https:\/\/www.navarroaubanell.com\/ca\/wp-json\/wp\/v2\/media?parent=35344"}],"wp:term":[{"taxonomy":"product_brand","embeddable":true,"href":"https:\/\/www.navarroaubanell.com\/ca\/wp-json\/wp\/v2\/product_brand?post=35344"},{"taxonomy":"product_cat","embeddable":true,"href":"https:\/\/www.navarroaubanell.com\/ca\/wp-json\/wp\/v2\/product_cat?post=35344"},{"taxonomy":"product_tag","embeddable":true,"href":"https:\/\/www.navarroaubanell.com\/ca\/wp-json\/wp\/v2\/product_tag?post=35344"}],"curies":[{"name":"wp","href":"https:\/\/api.w.org\/{rel}","templated":true}]}}