{"id":35195,"date":"2024-07-18T10:44:41","date_gmt":"2024-07-18T08:59:00","guid":{"rendered":"https:\/\/www.navarroaubanell.com\/?post_type=product&#038;p=35195"},"modified":"2024-07-22T12:23:25","modified_gmt":"2024-07-22T10:23:25","slug":"cadira-souvenir-pedrali-navarroaubanell","status":"publish","type":"product","link":"https:\/\/www.navarroaubanell.com\/ca\/producte\/cadira-souvenir-pedrali-navarroaubanell\/","title":{"rendered":"Cadira Souvenir"},"content":{"rendered":"<h5>Descobreix l&#8217;Eleg\u00e0ncia Cl\u00e0ssica i Moderna de la Silla\u00a0Souvenir\u00a0de\u00a0<em>Pedrali<\/em><\/h5>\n<p>La Cadira Souvenir de Pedrali reinterpreta les ic\u00f2niques formes de les cadires utilitzades als jardins parisencs del segle XVIII, fusionant hist\u00f2ria i modernitat en un disseny harmoni\u00f3s i funcional.<\/p>\n<h6>Disseny Sofisticat i Confort Excepcional<\/h6>\n<p>Aquesta cadira es caracteritza per les seves formes suaus i els seus llistons tridimensionals, que ofereixen un seient extraordin\u00e0riament c\u00f2mode. Les seves potes s&#8217;eixamplen en la part final, culminant en un distintiu peu que aporta estabilitat i estil. Cada element s&#8217;integra de manera org\u00e0nica, creant una pe\u00e7a est\u00e8tica i d&#8217;una gran comoditat.<\/p>\n<h6>Materials d&#8217;Alta Tecnologia i Durabilitat<\/h6>\n<p>Fabricada amb polipropil\u00e8 refor\u00e7at amb fibra de vidre, la cadira Souvenir \u00e9s forta, compacta i resistent. La tecnologia de motlle per injecci\u00f3 garanteix una estructura robusta, mentre que els tractaments anti-UV i antiest\u00e0tic asseguren la seva durabilitat en exteriors. A m\u00e9s, est\u00e0 disponible en la versi\u00f3<em> &#8220;Recycled Grey&#8221;<\/em>, fabricada amb un 60% de polipropil\u00e8 reciclat derivat de residus postindustrials, perfecta per als qui busquen una opci\u00f3 m\u00e9s sostenible.<\/p>\n<h6>Versatilitat i Estil<\/h6>\n<p>Amb una superf\u00edcie microtexturada especialment dissenyada per a exteriors i disponible en sis elegants colors, la cadira Souvenir s&#8217;adapta a qualsevo estil de decoraci\u00f3. Des de terrasses fins a jardins i espais p\u00fablics, aquesta cadira aporta un toc d&#8217;eleg\u00e0ncia i sofisticaci\u00f3.<\/p>\n<h6>Funcionalitat Pr\u00e0ctica<\/h6>\n<p>La cadira Souvenir ve equipada amb tacs de polietil\u00e8, protegint tant la cadira com la superf\u00edcie en la qual es troba. A m\u00e9s, la seva capacitat d&#8217;apilament la converteix en l&#8217;opci\u00f3 ideal per a espais amb grans fluxos de persones, facilitant l&#8217;emmagatzematge i optimitzaci\u00f3 de l&#8217;espai.<\/p>\n<h6>La Cadira Perfecta per a Cada Ocasi\u00f3<\/h6>\n<p>Ja sigui per a un esdeveniment especial, una terrassa elegant o un jard\u00ed encantador, la <strong>Cadira Souvenir<\/strong> de <em>Pedrali<\/em> \u00e9s l&#8217;elecci\u00f3 perfecta per a aquells que busquen combinar estil cl\u00e0ssic amb funcionalitat moderna.<\/p>\n<p><a href=\"https:\/\/cdn-assets.pedrali.com\/media\/pedrali\/media\/assets\/originals\/documenti\/st\/st-souvenir-550.pdf\">Fitxa t\u00e8cnica<\/a><\/p>\n","protected":false},"excerpt":{"rendered":"<p>Descobreix l&#8217;Eleg\u00e0ncia Cl\u00e0ssica i Moderna de la Silla\u00a0Souvenir\u00a0de\u00a0Pedrali La Cadira Souvenir de Pedrali reinterpreta les ic\u00f2niques formes de les cadires utilitzades als jardins parisencs del segle XVIII, fusionant hist\u00f2ria i modernitat en un disseny harmoni\u00f3s i funcional. Disseny Sofisticat i Confort Excepcional Aquesta cadira es caracteritza per les seves formes suaus i els seus llistons&hellip;<\/p>\n","protected":false},"featured_media":35178,"template":"","meta":{"_acf_changed":false},"product_brand":[],"product_cat":[572],"product_tag":[1263,863,640,729,1212],"class_list":{"0":"post-35195","1":"product","2":"type-product","3":"status-publish","4":"has-post-thumbnail","6":"product_cat-cadires-exterior","7":"product_tag-anti-rayos-uv-ca","8":"product_tag-cadira","9":"product_tag-exterior-ca","10":"product_tag-pedrali-ca","11":"product_tag-souvenir-ca","12":"description-off","14":"first","15":"instock","16":"shipping-taxable","17":"product-type-simple"},"acf":[],"yoast_head":"<!-- This site is optimized with the Yoast SEO plugin v27.0 - https:\/\/yoast.com\/product\/yoast-seo-wordpress\/ -->\n<title>Cadira Souvenir, Pedrali- Navarro Aubanell<\/title>\n<meta name=\"description\" content=\"Cadira Souvenir: reinterpreta les formes de les cadires de jardins parisencs del segle XVIII. Qualitat, confort, resist\u00e8ncia i durabilitat per a exteriors.\" \/>\n<meta name=\"robots\" content=\"index, follow, max-snippet:-1, max-image-preview:large, max-video-preview:-1\" \/>\n<link rel=\"canonical\" href=\"https:\/\/www.navarroaubanell.com\/ca\/producte\/cadira-souvenir-pedrali-navarroaubanell\/\" \/>\n<meta property=\"og:locale\" content=\"ca_ES\" \/>\n<meta property=\"og:type\" content=\"article\" \/>\n<meta property=\"og:title\" content=\"Cadira Souvenir, Pedrali- Navarro Aubanell\" \/>\n<meta property=\"og:description\" content=\"Cadira Souvenir: reinterpreta les formes de les cadires de jardins parisencs del segle XVIII. Qualitat, confort, resist\u00e8ncia i durabilitat per a exteriors.\" \/>\n<meta property=\"og:url\" content=\"https:\/\/www.navarroaubanell.com\/ca\/producte\/cadira-souvenir-pedrali-navarroaubanell\/\" \/>\n<meta property=\"og:site_name\" content=\"Navarro Aubanell\" \/>\n<meta property=\"article:modified_time\" content=\"2024-07-22T10:23:25+00:00\" \/>\n<meta property=\"og:image\" content=\"https:\/\/www.navarroaubanell.com\/wp-content\/uploads\/2024\/07\/Silla-Souvenir-550-4.png\" \/>\n\t<meta property=\"og:image:width\" content=\"881\" \/>\n\t<meta property=\"og:image:height\" content=\"1181\" \/>\n\t<meta property=\"og:image:type\" content=\"image\/png\" \/>\n<meta name=\"twitter:label1\" content=\"Est. reading time\" \/>\n\t<meta name=\"twitter:data1\" content=\"2 minutes\" \/>\n<script type=\"application\/ld+json\" class=\"yoast-schema-graph\">{\"@context\":\"https:\/\/schema.org\",\"@graph\":[{\"@type\":\"WebPage\",\"@id\":\"https:\/\/www.navarroaubanell.com\/ca\/producte\/cadira-souvenir-pedrali-navarroaubanell\/\",\"url\":\"https:\/\/www.navarroaubanell.com\/ca\/producte\/cadira-souvenir-pedrali-navarroaubanell\/\",\"name\":\"Cadira Souvenir, Pedrali- Navarro Aubanell\",\"isPartOf\":{\"@id\":\"https:\/\/www.navarroaubanell.com\/ca\/#website\"},\"primaryImageOfPage\":{\"@id\":\"https:\/\/www.navarroaubanell.com\/ca\/producte\/cadira-souvenir-pedrali-navarroaubanell\/#primaryimage\"},\"image\":{\"@id\":\"https:\/\/www.navarroaubanell.com\/ca\/producte\/cadira-souvenir-pedrali-navarroaubanell\/#primaryimage\"},\"thumbnailUrl\":\"https:\/\/www.navarroaubanell.com\/wp-content\/uploads\/2024\/07\/Silla-Souvenir-550-4.png\",\"datePublished\":\"2024-07-18T08:59:00+00:00\",\"dateModified\":\"2024-07-22T10:23:25+00:00\",\"description\":\"Cadira Souvenir: reinterpreta les formes de les cadires de jardins parisencs del segle XVIII. Qualitat, confort, resist\u00e8ncia i durabilitat per a exteriors.\",\"breadcrumb\":{\"@id\":\"https:\/\/www.navarroaubanell.com\/ca\/producte\/cadira-souvenir-pedrali-navarroaubanell\/#breadcrumb\"},\"inLanguage\":\"ca\",\"potentialAction\":[{\"@type\":\"ReadAction\",\"target\":[\"https:\/\/www.navarroaubanell.com\/ca\/producte\/cadira-souvenir-pedrali-navarroaubanell\/\"]}]},{\"@type\":\"ImageObject\",\"inLanguage\":\"ca\",\"@id\":\"https:\/\/www.navarroaubanell.com\/ca\/producte\/cadira-souvenir-pedrali-navarroaubanell\/#primaryimage\",\"url\":\"https:\/\/www.navarroaubanell.com\/wp-content\/uploads\/2024\/07\/Silla-Souvenir-550-4.png\",\"contentUrl\":\"https:\/\/www.navarroaubanell.com\/wp-content\/uploads\/2024\/07\/Silla-Souvenir-550-4.png\",\"width\":881,\"height\":1181,\"caption\":\"Cadira Souvenir 550\"},{\"@type\":\"BreadcrumbList\",\"@id\":\"https:\/\/www.navarroaubanell.com\/ca\/producte\/cadira-souvenir-pedrali-navarroaubanell\/#breadcrumb\",\"itemListElement\":[{\"@type\":\"ListItem\",\"position\":1,\"name\":\"Portada\",\"item\":\"https:\/\/www.navarroaubanell.com\/ca\/\"},{\"@type\":\"ListItem\",\"position\":2,\"name\":\"Productes\",\"item\":\"https:\/\/www.navarroaubanell.com\/productos\/\"},{\"@type\":\"ListItem\",\"position\":3,\"name\":\"Cadira Souvenir\"}]},{\"@type\":\"WebSite\",\"@id\":\"https:\/\/www.navarroaubanell.com\/ca\/#website\",\"url\":\"https:\/\/www.navarroaubanell.com\/ca\/\",\"name\":\"Navarro Aubanell\",\"description\":\"Mobiliario para hoteler\u00eda, colectividades y oficinas\",\"publisher\":{\"@id\":\"https:\/\/www.navarroaubanell.com\/ca\/#organization\"},\"potentialAction\":[{\"@type\":\"SearchAction\",\"target\":{\"@type\":\"EntryPoint\",\"urlTemplate\":\"https:\/\/www.navarroaubanell.com\/ca\/?s={search_term_string}\"},\"query-input\":{\"@type\":\"PropertyValueSpecification\",\"valueRequired\":true,\"valueName\":\"search_term_string\"}}],\"inLanguage\":\"ca\"},{\"@type\":\"Organization\",\"@id\":\"https:\/\/www.navarroaubanell.com\/ca\/#organization\",\"name\":\"COMERCIAL NAVARRO AUBANELL, S.A\",\"url\":\"https:\/\/www.navarroaubanell.com\/ca\/\",\"logo\":{\"@type\":\"ImageObject\",\"inLanguage\":\"ca\",\"@id\":\"https:\/\/www.navarroaubanell.com\/ca\/#\/schema\/logo\/image\/\",\"url\":\"https:\/\/www.navarroaubanell.com\/wp-content\/uploads\/2017\/07\/logo-navarro-aubuanell.png\",\"contentUrl\":\"https:\/\/www.navarroaubanell.com\/wp-content\/uploads\/2017\/07\/logo-navarro-aubuanell.png\",\"width\":6304,\"height\":1154,\"caption\":\"COMERCIAL NAVARRO AUBANELL, S.A\"},\"image\":{\"@id\":\"https:\/\/www.navarroaubanell.com\/ca\/#\/schema\/logo\/image\/\"}}]}<\/script>\n<!-- \/ Yoast SEO plugin. -->","yoast_head_json":{"title":"Cadira Souvenir, Pedrali- Navarro Aubanell","description":"Cadira Souvenir: reinterpreta les formes de les cadires de jardins parisencs del segle XVIII. Qualitat, confort, resist\u00e8ncia i durabilitat per a exteriors.","robots":{"index":"index","follow":"follow","max-snippet":"max-snippet:-1","max-image-preview":"max-image-preview:large","max-video-preview":"max-video-preview:-1"},"canonical":"https:\/\/www.navarroaubanell.com\/ca\/producte\/cadira-souvenir-pedrali-navarroaubanell\/","og_locale":"ca_ES","og_type":"article","og_title":"Cadira Souvenir, Pedrali- Navarro Aubanell","og_description":"Cadira Souvenir: reinterpreta les formes de les cadires de jardins parisencs del segle XVIII. Qualitat, confort, resist\u00e8ncia i durabilitat per a exteriors.","og_url":"https:\/\/www.navarroaubanell.com\/ca\/producte\/cadira-souvenir-pedrali-navarroaubanell\/","og_site_name":"Navarro Aubanell","article_modified_time":"2024-07-22T10:23:25+00:00","og_image":[{"width":881,"height":1181,"url":"https:\/\/www.navarroaubanell.com\/wp-content\/uploads\/2024\/07\/Silla-Souvenir-550-4.png","type":"image\/png"}],"twitter_misc":{"Est. reading time":"2 minutes"},"schema":{"@context":"https:\/\/schema.org","@graph":[{"@type":"WebPage","@id":"https:\/\/www.navarroaubanell.com\/ca\/producte\/cadira-souvenir-pedrali-navarroaubanell\/","url":"https:\/\/www.navarroaubanell.com\/ca\/producte\/cadira-souvenir-pedrali-navarroaubanell\/","name":"Cadira Souvenir, Pedrali- Navarro Aubanell","isPartOf":{"@id":"https:\/\/www.navarroaubanell.com\/ca\/#website"},"primaryImageOfPage":{"@id":"https:\/\/www.navarroaubanell.com\/ca\/producte\/cadira-souvenir-pedrali-navarroaubanell\/#primaryimage"},"image":{"@id":"https:\/\/www.navarroaubanell.com\/ca\/producte\/cadira-souvenir-pedrali-navarroaubanell\/#primaryimage"},"thumbnailUrl":"https:\/\/www.navarroaubanell.com\/wp-content\/uploads\/2024\/07\/Silla-Souvenir-550-4.png","datePublished":"2024-07-18T08:59:00+00:00","dateModified":"2024-07-22T10:23:25+00:00","description":"Cadira Souvenir: reinterpreta les formes de les cadires de jardins parisencs del segle XVIII. Qualitat, confort, resist\u00e8ncia i durabilitat per a exteriors.","breadcrumb":{"@id":"https:\/\/www.navarroaubanell.com\/ca\/producte\/cadira-souvenir-pedrali-navarroaubanell\/#breadcrumb"},"inLanguage":"ca","potentialAction":[{"@type":"ReadAction","target":["https:\/\/www.navarroaubanell.com\/ca\/producte\/cadira-souvenir-pedrali-navarroaubanell\/"]}]},{"@type":"ImageObject","inLanguage":"ca","@id":"https:\/\/www.navarroaubanell.com\/ca\/producte\/cadira-souvenir-pedrali-navarroaubanell\/#primaryimage","url":"https:\/\/www.navarroaubanell.com\/wp-content\/uploads\/2024\/07\/Silla-Souvenir-550-4.png","contentUrl":"https:\/\/www.navarroaubanell.com\/wp-content\/uploads\/2024\/07\/Silla-Souvenir-550-4.png","width":881,"height":1181,"caption":"Cadira Souvenir 550"},{"@type":"BreadcrumbList","@id":"https:\/\/www.navarroaubanell.com\/ca\/producte\/cadira-souvenir-pedrali-navarroaubanell\/#breadcrumb","itemListElement":[{"@type":"ListItem","position":1,"name":"Portada","item":"https:\/\/www.navarroaubanell.com\/ca\/"},{"@type":"ListItem","position":2,"name":"Productes","item":"https:\/\/www.navarroaubanell.com\/productos\/"},{"@type":"ListItem","position":3,"name":"Cadira Souvenir"}]},{"@type":"WebSite","@id":"https:\/\/www.navarroaubanell.com\/ca\/#website","url":"https:\/\/www.navarroaubanell.com\/ca\/","name":"Navarro Aubanell","description":"Mobiliario para hoteler\u00eda, colectividades y oficinas","publisher":{"@id":"https:\/\/www.navarroaubanell.com\/ca\/#organization"},"potentialAction":[{"@type":"SearchAction","target":{"@type":"EntryPoint","urlTemplate":"https:\/\/www.navarroaubanell.com\/ca\/?s={search_term_string}"},"query-input":{"@type":"PropertyValueSpecification","valueRequired":true,"valueName":"search_term_string"}}],"inLanguage":"ca"},{"@type":"Organization","@id":"https:\/\/www.navarroaubanell.com\/ca\/#organization","name":"COMERCIAL NAVARRO AUBANELL, S.A","url":"https:\/\/www.navarroaubanell.com\/ca\/","logo":{"@type":"ImageObject","inLanguage":"ca","@id":"https:\/\/www.navarroaubanell.com\/ca\/#\/schema\/logo\/image\/","url":"https:\/\/www.navarroaubanell.com\/wp-content\/uploads\/2017\/07\/logo-navarro-aubuanell.png","contentUrl":"https:\/\/www.navarroaubanell.com\/wp-content\/uploads\/2017\/07\/logo-navarro-aubuanell.png","width":6304,"height":1154,"caption":"COMERCIAL NAVARRO AUBANELL, S.A"},"image":{"@id":"https:\/\/www.navarroaubanell.com\/ca\/#\/schema\/logo\/image\/"}}]}},"_links":{"self":[{"href":"https:\/\/www.navarroaubanell.com\/ca\/wp-json\/wp\/v2\/product\/35195","targetHints":{"allow":["GET"]}}],"collection":[{"href":"https:\/\/www.navarroaubanell.com\/ca\/wp-json\/wp\/v2\/product"}],"about":[{"href":"https:\/\/www.navarroaubanell.com\/ca\/wp-json\/wp\/v2\/types\/product"}],"wp:featuredmedia":[{"embeddable":true,"href":"https:\/\/www.navarroaubanell.com\/ca\/wp-json\/wp\/v2\/media\/35178"}],"wp:attachment":[{"href":"https:\/\/www.navarroaubanell.com\/ca\/wp-json\/wp\/v2\/media?parent=35195"}],"wp:term":[{"taxonomy":"product_brand","embeddable":true,"href":"https:\/\/www.navarroaubanell.com\/ca\/wp-json\/wp\/v2\/product_brand?post=35195"},{"taxonomy":"product_cat","embeddable":true,"href":"https:\/\/www.navarroaubanell.com\/ca\/wp-json\/wp\/v2\/product_cat?post=35195"},{"taxonomy":"product_tag","embeddable":true,"href":"https:\/\/www.navarroaubanell.com\/ca\/wp-json\/wp\/v2\/product_tag?post=35195"}],"curies":[{"name":"wp","href":"https:\/\/api.w.org\/{rel}","templated":true}]}}