{"id":35175,"date":"2024-07-18T09:07:09","date_gmt":"2024-07-18T07:38:09","guid":{"rendered":"https:\/\/www.navarroaubanell.com\/?post_type=product&#038;p=35175"},"modified":"2024-07-22T12:27:30","modified_gmt":"2024-07-22T10:27:30","slug":"reva-cocoon-pedrali-navarroaubanell","status":"publish","type":"product","link":"https:\/\/www.navarroaubanell.com\/ca\/producte\/reva-cocoon-pedrali-navarroaubanell\/","title":{"rendered":"Reva Cocoon"},"content":{"rendered":"<h5>Descobreix la Innovadora Col\u00b7lecci\u00f3\u00a0Reva\u00a0Cocoon\u00a0de\u00a0Pedrali<\/h5>\n<p><em>Pedrali<\/em> ens sorpr\u00e8n novament amb la seva exclusiva col\u00b7lecci\u00f3<strong> Reva Cocoon<\/strong>, un sistema de seients per a exteriors que redefineix la comoditat i la personalitzaci\u00f3. Aquest innovador disseny garanteix una extrema llibertat d&#8217;\u00fas, adaptant-se a qualsevol espai i estil gr\u00e0cies a les seves m\u00faltiples configuracions i combinacions.<\/p>\n<h6>Disseny i Materials de Primera Qualitat<\/h6>\n<p><strong>Reva Cocoon<\/strong> es caracteritza pels seus respatllers d&#8217;acer inoxidable, revestits amb un trenat de corda de polipropil\u00e8 i nucli de nylon resistent als agents atmosf\u00e8rics. Aquest trenat de \u00d810 mm no sols proporciona un aspecte natural i elegant, sin\u00f3 que tamb\u00e9 est\u00e0 fet 100% a It\u00e0lia per experts artesans, assegurant la m\u00e0xima qualitat. L&#8217;entramat \u00e9s m\u00e9s dens en la part inferior i m\u00e9s fi en la superior, permetent el pas de l&#8217;aire i la llum i mantenint el moble fresc i ventilat.<\/p>\n<h6>Comoditat i Estil Envolupant<\/h6>\n<p>El concepte d&#8217;envoltant es potencia amb els coixins que descansen sobre l&#8217;estructura, augmentant la comoditat i creant una est\u00e8tica impactant. Aquests coixins estan fabricats amb materials d&#8217;alta qualitat: el coix\u00ed del seient est\u00e0 embuatat amb escuma de poliuret\u00e0 ign\u00edfug, mentre que el coix\u00ed del respatller est\u00e0 fet de fibra de poli\u00e8ster. Tots dos estan coberts amb fundes impermeablesi\u00a0 entapissats amb teles dissenyades espec\u00edficament per a exteriors. Els coixins estan disponibles en una \u00e0mplia gamma de colors i diferents teles per a adaptar-se a all\u00f2 que busques.<\/p>\n<h6>Estructura Duradora i Vers\u00e0til<\/h6>\n<p>L&#8217;estructura de <strong>Reva Cocoon<\/strong> est\u00e0 composta per travessers d&#8217;alumini extruit i potes d&#8217;alumini fos a pressi\u00f3, rematats amb un vern\u00eds en pols disponible en tres elegants colors. Aquesta construcci\u00f3 assegura la durabilitat del moble, fins i tot en les condicions exteriors m\u00e9s exigents. A m\u00e9s, tots els sof\u00e0s inclouen tacs de tecnopol\u00edmer per a protegir tant el moble com la superf\u00edcie en qu\u00e8 es troben.<\/p>\n<h6>Adaptabilitat Total<\/h6>\n<p>El respatller de<strong> Reva Cocoon<\/strong> est\u00e0 dissenyat amb un marc tubular d&#8217;acer inoxidable de \u00d816 mm. Tamb\u00e9 est\u00e0 disponible en versions altes i baixes per a satisfer diferents prefer\u00e8ncies. La caracter\u00edstica corda, est\u00e0 disponible en diversos colors, permetent personalitzar el moble al teu gust i, a m\u00e9s, assegura la seva resist\u00e8ncia enfront de les inclem\u00e8ncies del temps.<\/p>\n<h6>Infinites Combinacions<\/h6>\n<p><strong>Reva Cocoon<\/strong> ofereix una varietat de sof\u00e0s amb diferents caracter\u00edstiques, creant combinacions infinites i permetent-te deixar volar la teva imaginaci\u00f3. Des de sof\u00e0s cantoners drets i esquerres, m\u00f2duls intermedis per a unir els cantoners, fins a sof\u00e0s d&#8217;una i dues places, tot el que imaginis est\u00e0 disponible en aquesta col\u00b7lecci\u00f3.<\/p>\n<h6>Crea el teu Espai Perfecte<\/h6>\n<p>Transforma la teva terrassa, \u00e0rea de descans exterior o zona chill out amb la col\u00b7lecci\u00f3 <strong>Reva Cocoon<\/strong> de <em>Pedrali<\/em>. El seu disseny elegant, la seva adaptabilitat i la seva incomparable comoditat convertiran qualsevol espai en un oasi de relaxaci\u00f3 i estil.<\/p>\n<p><a href=\"https:\/\/cdn-assets.pedrali.com\/media\/pedrali\/media\/assets\/originals\/documenti\/st\/st-reva-cocoon-rvc.pdf\">Fitxa t\u00e8cnica<\/a><\/p>\n","protected":false},"excerpt":{"rendered":"<p>Descobreix la Innovadora Col\u00b7lecci\u00f3\u00a0Reva\u00a0Cocoon\u00a0de\u00a0Pedrali Pedrali ens sorpr\u00e8n novament amb la seva exclusiva col\u00b7lecci\u00f3 Reva Cocoon, un sistema de seients per a exteriors que redefineix la comoditat i la personalitzaci\u00f3. Aquest innovador disseny garanteix una extrema llibertat d&#8217;\u00fas, adaptant-se a qualsevol espai i estil gr\u00e0cies a les seves m\u00faltiples configuracions i combinacions. Disseny i Materials de&hellip;<\/p>\n","protected":false},"featured_media":35122,"template":"","meta":{"_acf_changed":false},"product_brand":[],"product_cat":[929],"product_tag":[816,640,729,754],"class_list":{"0":"post-35175","1":"product","2":"type-product","3":"status-publish","4":"has-post-thumbnail","6":"product_cat-sofas-exterior-ca","7":"product_tag-chill-out-ca","8":"product_tag-exterior-ca","9":"product_tag-pedrali-ca","10":"product_tag-sofa-ca","11":"description-off","13":"first","14":"instock","15":"shipping-taxable","16":"product-type-simple"},"acf":[],"yoast_head":"<!-- This site is optimized with the Yoast SEO plugin v27.0 - https:\/\/yoast.com\/product\/yoast-seo-wordpress\/ -->\n<title>Reva Cocoon, Pedrali- Navarro Aubanell<\/title>\n<meta name=\"description\" content=\"Reva Cocoon: sof\u00e0s exteriors vers\u00e0tils, amb eleg\u00e0ncia i comoditat, adaptables a qualsevol espai. Disseny innovador i materials d&#039;alta qualitat.\" \/>\n<meta name=\"robots\" content=\"index, follow, max-snippet:-1, max-image-preview:large, max-video-preview:-1\" \/>\n<link rel=\"canonical\" href=\"https:\/\/www.navarroaubanell.com\/ca\/producte\/reva-cocoon-pedrali-navarroaubanell\/\" \/>\n<meta property=\"og:locale\" content=\"ca_ES\" \/>\n<meta property=\"og:type\" content=\"article\" \/>\n<meta property=\"og:title\" content=\"Reva Cocoon, Pedrali- Navarro Aubanell\" \/>\n<meta property=\"og:description\" content=\"Reva Cocoon: sof\u00e0s exteriors vers\u00e0tils, amb eleg\u00e0ncia i comoditat, adaptables a qualsevol espai. Disseny innovador i materials d&#039;alta qualitat.\" \/>\n<meta property=\"og:url\" content=\"https:\/\/www.navarroaubanell.com\/ca\/producte\/reva-cocoon-pedrali-navarroaubanell\/\" \/>\n<meta property=\"og:site_name\" content=\"Navarro Aubanell\" \/>\n<meta property=\"article:modified_time\" content=\"2024-07-22T10:27:30+00:00\" \/>\n<meta property=\"og:image\" content=\"https:\/\/www.navarroaubanell.com\/wp-content\/uploads\/2024\/07\/REva-Cocoon-RVC033-RVC026-1.png\" \/>\n\t<meta property=\"og:image:width\" content=\"1600\" \/>\n\t<meta property=\"og:image:height\" content=\"1300\" \/>\n\t<meta property=\"og:image:type\" content=\"image\/png\" \/>\n<meta name=\"twitter:label1\" content=\"Est. reading time\" \/>\n\t<meta name=\"twitter:data1\" content=\"3 minutes\" \/>\n<script type=\"application\/ld+json\" class=\"yoast-schema-graph\">{\"@context\":\"https:\/\/schema.org\",\"@graph\":[{\"@type\":\"WebPage\",\"@id\":\"https:\/\/www.navarroaubanell.com\/ca\/producte\/reva-cocoon-pedrali-navarroaubanell\/\",\"url\":\"https:\/\/www.navarroaubanell.com\/ca\/producte\/reva-cocoon-pedrali-navarroaubanell\/\",\"name\":\"Reva Cocoon, Pedrali- Navarro Aubanell\",\"isPartOf\":{\"@id\":\"https:\/\/www.navarroaubanell.com\/ca\/#website\"},\"primaryImageOfPage\":{\"@id\":\"https:\/\/www.navarroaubanell.com\/ca\/producte\/reva-cocoon-pedrali-navarroaubanell\/#primaryimage\"},\"image\":{\"@id\":\"https:\/\/www.navarroaubanell.com\/ca\/producte\/reva-cocoon-pedrali-navarroaubanell\/#primaryimage\"},\"thumbnailUrl\":\"https:\/\/www.navarroaubanell.com\/wp-content\/uploads\/2024\/07\/REva-Cocoon-RVC033-RVC026-1.png\",\"datePublished\":\"2024-07-18T07:38:09+00:00\",\"dateModified\":\"2024-07-22T10:27:30+00:00\",\"description\":\"Reva Cocoon: sof\u00e0s exteriors vers\u00e0tils, amb eleg\u00e0ncia i comoditat, adaptables a qualsevol espai. Disseny innovador i materials d'alta qualitat.\",\"breadcrumb\":{\"@id\":\"https:\/\/www.navarroaubanell.com\/ca\/producte\/reva-cocoon-pedrali-navarroaubanell\/#breadcrumb\"},\"inLanguage\":\"ca\",\"potentialAction\":[{\"@type\":\"ReadAction\",\"target\":[\"https:\/\/www.navarroaubanell.com\/ca\/producte\/reva-cocoon-pedrali-navarroaubanell\/\"]}]},{\"@type\":\"ImageObject\",\"inLanguage\":\"ca\",\"@id\":\"https:\/\/www.navarroaubanell.com\/ca\/producte\/reva-cocoon-pedrali-navarroaubanell\/#primaryimage\",\"url\":\"https:\/\/www.navarroaubanell.com\/wp-content\/uploads\/2024\/07\/REva-Cocoon-RVC033-RVC026-1.png\",\"contentUrl\":\"https:\/\/www.navarroaubanell.com\/wp-content\/uploads\/2024\/07\/REva-Cocoon-RVC033-RVC026-1.png\",\"width\":1600,\"height\":1300,\"caption\":\"Reva Cocoon RVC033-RVC026\"},{\"@type\":\"BreadcrumbList\",\"@id\":\"https:\/\/www.navarroaubanell.com\/ca\/producte\/reva-cocoon-pedrali-navarroaubanell\/#breadcrumb\",\"itemListElement\":[{\"@type\":\"ListItem\",\"position\":1,\"name\":\"Portada\",\"item\":\"https:\/\/www.navarroaubanell.com\/ca\/\"},{\"@type\":\"ListItem\",\"position\":2,\"name\":\"Productes\",\"item\":\"https:\/\/www.navarroaubanell.com\/productos\/\"},{\"@type\":\"ListItem\",\"position\":3,\"name\":\"Reva Cocoon\"}]},{\"@type\":\"WebSite\",\"@id\":\"https:\/\/www.navarroaubanell.com\/ca\/#website\",\"url\":\"https:\/\/www.navarroaubanell.com\/ca\/\",\"name\":\"Navarro Aubanell\",\"description\":\"Mobiliario para hoteler\u00eda, colectividades y oficinas\",\"publisher\":{\"@id\":\"https:\/\/www.navarroaubanell.com\/ca\/#organization\"},\"potentialAction\":[{\"@type\":\"SearchAction\",\"target\":{\"@type\":\"EntryPoint\",\"urlTemplate\":\"https:\/\/www.navarroaubanell.com\/ca\/?s={search_term_string}\"},\"query-input\":{\"@type\":\"PropertyValueSpecification\",\"valueRequired\":true,\"valueName\":\"search_term_string\"}}],\"inLanguage\":\"ca\"},{\"@type\":\"Organization\",\"@id\":\"https:\/\/www.navarroaubanell.com\/ca\/#organization\",\"name\":\"COMERCIAL NAVARRO AUBANELL, S.A\",\"url\":\"https:\/\/www.navarroaubanell.com\/ca\/\",\"logo\":{\"@type\":\"ImageObject\",\"inLanguage\":\"ca\",\"@id\":\"https:\/\/www.navarroaubanell.com\/ca\/#\/schema\/logo\/image\/\",\"url\":\"https:\/\/www.navarroaubanell.com\/wp-content\/uploads\/2017\/07\/logo-navarro-aubuanell.png\",\"contentUrl\":\"https:\/\/www.navarroaubanell.com\/wp-content\/uploads\/2017\/07\/logo-navarro-aubuanell.png\",\"width\":6304,\"height\":1154,\"caption\":\"COMERCIAL NAVARRO AUBANELL, S.A\"},\"image\":{\"@id\":\"https:\/\/www.navarroaubanell.com\/ca\/#\/schema\/logo\/image\/\"}}]}<\/script>\n<!-- \/ Yoast SEO plugin. -->","yoast_head_json":{"title":"Reva Cocoon, Pedrali- Navarro Aubanell","description":"Reva Cocoon: sof\u00e0s exteriors vers\u00e0tils, amb eleg\u00e0ncia i comoditat, adaptables a qualsevol espai. Disseny innovador i materials d'alta qualitat.","robots":{"index":"index","follow":"follow","max-snippet":"max-snippet:-1","max-image-preview":"max-image-preview:large","max-video-preview":"max-video-preview:-1"},"canonical":"https:\/\/www.navarroaubanell.com\/ca\/producte\/reva-cocoon-pedrali-navarroaubanell\/","og_locale":"ca_ES","og_type":"article","og_title":"Reva Cocoon, Pedrali- Navarro Aubanell","og_description":"Reva Cocoon: sof\u00e0s exteriors vers\u00e0tils, amb eleg\u00e0ncia i comoditat, adaptables a qualsevol espai. Disseny innovador i materials d'alta qualitat.","og_url":"https:\/\/www.navarroaubanell.com\/ca\/producte\/reva-cocoon-pedrali-navarroaubanell\/","og_site_name":"Navarro Aubanell","article_modified_time":"2024-07-22T10:27:30+00:00","og_image":[{"width":1600,"height":1300,"url":"https:\/\/www.navarroaubanell.com\/wp-content\/uploads\/2024\/07\/REva-Cocoon-RVC033-RVC026-1.png","type":"image\/png"}],"twitter_misc":{"Est. reading time":"3 minutes"},"schema":{"@context":"https:\/\/schema.org","@graph":[{"@type":"WebPage","@id":"https:\/\/www.navarroaubanell.com\/ca\/producte\/reva-cocoon-pedrali-navarroaubanell\/","url":"https:\/\/www.navarroaubanell.com\/ca\/producte\/reva-cocoon-pedrali-navarroaubanell\/","name":"Reva Cocoon, Pedrali- Navarro Aubanell","isPartOf":{"@id":"https:\/\/www.navarroaubanell.com\/ca\/#website"},"primaryImageOfPage":{"@id":"https:\/\/www.navarroaubanell.com\/ca\/producte\/reva-cocoon-pedrali-navarroaubanell\/#primaryimage"},"image":{"@id":"https:\/\/www.navarroaubanell.com\/ca\/producte\/reva-cocoon-pedrali-navarroaubanell\/#primaryimage"},"thumbnailUrl":"https:\/\/www.navarroaubanell.com\/wp-content\/uploads\/2024\/07\/REva-Cocoon-RVC033-RVC026-1.png","datePublished":"2024-07-18T07:38:09+00:00","dateModified":"2024-07-22T10:27:30+00:00","description":"Reva Cocoon: sof\u00e0s exteriors vers\u00e0tils, amb eleg\u00e0ncia i comoditat, adaptables a qualsevol espai. Disseny innovador i materials d'alta qualitat.","breadcrumb":{"@id":"https:\/\/www.navarroaubanell.com\/ca\/producte\/reva-cocoon-pedrali-navarroaubanell\/#breadcrumb"},"inLanguage":"ca","potentialAction":[{"@type":"ReadAction","target":["https:\/\/www.navarroaubanell.com\/ca\/producte\/reva-cocoon-pedrali-navarroaubanell\/"]}]},{"@type":"ImageObject","inLanguage":"ca","@id":"https:\/\/www.navarroaubanell.com\/ca\/producte\/reva-cocoon-pedrali-navarroaubanell\/#primaryimage","url":"https:\/\/www.navarroaubanell.com\/wp-content\/uploads\/2024\/07\/REva-Cocoon-RVC033-RVC026-1.png","contentUrl":"https:\/\/www.navarroaubanell.com\/wp-content\/uploads\/2024\/07\/REva-Cocoon-RVC033-RVC026-1.png","width":1600,"height":1300,"caption":"Reva Cocoon RVC033-RVC026"},{"@type":"BreadcrumbList","@id":"https:\/\/www.navarroaubanell.com\/ca\/producte\/reva-cocoon-pedrali-navarroaubanell\/#breadcrumb","itemListElement":[{"@type":"ListItem","position":1,"name":"Portada","item":"https:\/\/www.navarroaubanell.com\/ca\/"},{"@type":"ListItem","position":2,"name":"Productes","item":"https:\/\/www.navarroaubanell.com\/productos\/"},{"@type":"ListItem","position":3,"name":"Reva Cocoon"}]},{"@type":"WebSite","@id":"https:\/\/www.navarroaubanell.com\/ca\/#website","url":"https:\/\/www.navarroaubanell.com\/ca\/","name":"Navarro Aubanell","description":"Mobiliario para hoteler\u00eda, colectividades y oficinas","publisher":{"@id":"https:\/\/www.navarroaubanell.com\/ca\/#organization"},"potentialAction":[{"@type":"SearchAction","target":{"@type":"EntryPoint","urlTemplate":"https:\/\/www.navarroaubanell.com\/ca\/?s={search_term_string}"},"query-input":{"@type":"PropertyValueSpecification","valueRequired":true,"valueName":"search_term_string"}}],"inLanguage":"ca"},{"@type":"Organization","@id":"https:\/\/www.navarroaubanell.com\/ca\/#organization","name":"COMERCIAL NAVARRO AUBANELL, S.A","url":"https:\/\/www.navarroaubanell.com\/ca\/","logo":{"@type":"ImageObject","inLanguage":"ca","@id":"https:\/\/www.navarroaubanell.com\/ca\/#\/schema\/logo\/image\/","url":"https:\/\/www.navarroaubanell.com\/wp-content\/uploads\/2017\/07\/logo-navarro-aubuanell.png","contentUrl":"https:\/\/www.navarroaubanell.com\/wp-content\/uploads\/2017\/07\/logo-navarro-aubuanell.png","width":6304,"height":1154,"caption":"COMERCIAL NAVARRO AUBANELL, S.A"},"image":{"@id":"https:\/\/www.navarroaubanell.com\/ca\/#\/schema\/logo\/image\/"}}]}},"_links":{"self":[{"href":"https:\/\/www.navarroaubanell.com\/ca\/wp-json\/wp\/v2\/product\/35175","targetHints":{"allow":["GET"]}}],"collection":[{"href":"https:\/\/www.navarroaubanell.com\/ca\/wp-json\/wp\/v2\/product"}],"about":[{"href":"https:\/\/www.navarroaubanell.com\/ca\/wp-json\/wp\/v2\/types\/product"}],"wp:featuredmedia":[{"embeddable":true,"href":"https:\/\/www.navarroaubanell.com\/ca\/wp-json\/wp\/v2\/media\/35122"}],"wp:attachment":[{"href":"https:\/\/www.navarroaubanell.com\/ca\/wp-json\/wp\/v2\/media?parent=35175"}],"wp:term":[{"taxonomy":"product_brand","embeddable":true,"href":"https:\/\/www.navarroaubanell.com\/ca\/wp-json\/wp\/v2\/product_brand?post=35175"},{"taxonomy":"product_cat","embeddable":true,"href":"https:\/\/www.navarroaubanell.com\/ca\/wp-json\/wp\/v2\/product_cat?post=35175"},{"taxonomy":"product_tag","embeddable":true,"href":"https:\/\/www.navarroaubanell.com\/ca\/wp-json\/wp\/v2\/product_tag?post=35175"}],"curies":[{"name":"wp","href":"https:\/\/api.w.org\/{rel}","templated":true}]}}