{"id":34943,"date":"2024-07-16T12:22:25","date_gmt":"2024-07-16T15:11:06","guid":{"rendered":"https:\/\/www.navarroaubanell.com\/?post_type=product&#038;p=34943"},"modified":"2024-07-22T12:49:11","modified_gmt":"2024-07-22T10:49:11","slug":"familia-panarea-pedrali-navarroaubanell","status":"publish","type":"product","link":"https:\/\/www.navarroaubanell.com\/ca\/producte\/familia-panarea-pedrali-navarroaubanell\/","title":{"rendered":"Fam\u00edlia Panarea"},"content":{"rendered":"<h5>Descobreix la Sofisticaci\u00f3 Mediterr\u00e0nia amb la Fam\u00edlia\u00a0Panarea\u00a0de\u00a0Pedrali<\/h5>\n<p>La <strong>fam\u00edlia Panarea<\/strong> neix de la inspiraci\u00f3 en els paisatges costaners del Mediterrani, evocant els colors i la brisa refrescant d&#8217;un sopar a l&#8217;aire lliure en una terrassa amb vista a la mar. Imagina la resplendor d&#8217;una tarda d&#8217;estiu mentre gaudeixes del confort i l&#8217;eleg\u00e0ncia que ofereix Panarea.<\/p>\n<h5>Disseny i Qualitat Excepcional<\/h5>\n<p>Panarea es distingeix pel seu disseny grec refinat i la seva qualitat superior. El respatller ampli i abra\u00e7ador est\u00e0 entrella\u00e7at amb corda de polipropil\u00e8, creant una geometria original que embolica el marc de tub d&#8217;acer, cobrint fins els bra\u00e7os. Cada pe\u00e7a de la fam\u00edlia Panarea es destaca pel seu seient gener\u00f3s i respatller alt, oferint una comoditat incomparable.<\/p>\n<h5>Versatilitat en Cada Espai<\/h5>\n<p>La <strong>fam\u00edlia Panarea<\/strong> inclou una <a href=\"https:\/\/www.navarroaubanell.com\/ca\/producte\/cadira-de-bracos-panarea-pedrali-navarroaubanell\/\">cadira de bra\u00e7os<\/a>, un <a href=\"https:\/\/www.navarroaubanell.com\/ca\/producte\/tamboret-panarea-pedrali-navarroaubanell\/\">tamboret<\/a> i una <a href=\"https:\/\/www.navarroaubanell.com\/ca\/producte\/butaca-panarea-lounge-pedrali-navarroaubanell\/\">butaca lounge<\/a>, brindant-te versatilitat i eleg\u00e0ncia per a qualsevol ambient. Especialment dissenyada per a exteriors, Panarea suporta les inclem\u00e8ncies del temps sense sacrificar estil, fent que les teves \u00e0rees exteriors llueixin sofisticades i acollidores. A m\u00e9s, tots els productes Panarea s\u00f3n apilables, la qual cosa facilita el seu emmagatzematge i optimitza l&#8217;espai disponible.<\/p>\n<h5>Estructura Resistent i Colors Vibrants<\/h5>\n<p>Cada moble de Panarea est\u00e0 constru\u00eft amb tub d&#8217;acer galvanitzat i vernissat amb pols, disponible en una varietat de colors que s&#8217;adapten a qualsevol decoraci\u00f3. Les cordes teixides del suport, fetes amb setze fils de polipropil\u00e8, afegeixen un toc artesanal i resistent. A m\u00e9s, tots els productes Panarea inclouen tacs de polipropil\u00e8 per a protegir tant el moble com la superf\u00edcie en la qual es troba.<\/p>\n<h5>L&#8217;Elecci\u00f3 Perfecta per al teu Espai Exterior<\/h5>\n<p>Panarea no sols aporta un toc de sofisticaci\u00f3, sin\u00f3 que tamb\u00e9 garanteix durabilitat i comoditat en els teus espais exteriors. Transforma la teva terrassa o jard\u00ed en un oasi d&#8217;estil mediterrani amb la<strong> fam\u00edlia Panarea<\/strong>, i gaudeix de moments inoblidables a l&#8217;aire lliure amb la m\u00e0xima eleg\u00e0ncia i confort.<\/p>\n<p><strong>Eleva els teus espais exteriors amb\u00a0Panarea, la combinaci\u00f3 perfecta de disseny, qualitat i versatilitat.<\/strong><\/p>\n","protected":false},"excerpt":{"rendered":"<p>Descobreix la Sofisticaci\u00f3 Mediterr\u00e0nia amb la Fam\u00edlia\u00a0Panarea\u00a0de\u00a0Pedrali La fam\u00edlia Panarea neix de la inspiraci\u00f3 en els paisatges costaners del Mediterrani, evocant els colors i la brisa refrescant d&#8217;un sopar a l&#8217;aire lliure en una terrassa amb vista a la mar. Imagina la resplendor d&#8217;una tarda d&#8217;estiu mentre gaudeixes del confort i l&#8217;eleg\u00e0ncia que ofereix Panarea.&hellip;<\/p>\n","protected":false},"featured_media":44817,"template":"","meta":{"_acf_changed":false},"product_brand":[],"product_cat":[1467,1465],"product_tag":[749,640,1216,1020,729,769],"class_list":{"0":"post-34943","1":"product","2":"type-product","3":"status-publish","4":"has-post-thumbnail","6":"product_cat-families-ca","7":"product_cat-families","8":"product_tag-cadira-de-barcos","9":"product_tag-exterior-ca","10":"product_tag-lounge-ca","11":"product_tag-panarea-ca","12":"product_tag-pedrali-ca","13":"product_tag-tamboret","14":"description-off","16":"first","17":"instock","18":"shipping-taxable","19":"product-type-simple"},"acf":[],"yoast_head":"<!-- This site is optimized with the Yoast SEO plugin v27.6 - https:\/\/yoast.com\/product\/yoast-seo-wordpress\/ -->\n<title>Fam\u00edlia Panarea, Pedrali- Navarro Aubanell<\/title>\n<meta name=\"description\" content=\"Fam\u00edlia Panarea: disseny mediterrani, apilable, acer galvanitzat i corda de polipropil\u00e8. Eleg\u00e0ncia i durabilitat per als teus espais exteriors.\" \/>\n<meta name=\"robots\" content=\"index, follow, max-snippet:-1, max-image-preview:large, max-video-preview:-1\" \/>\n<link rel=\"canonical\" href=\"https:\/\/www.navarroaubanell.com\/ca\/producte\/familia-panarea-pedrali-navarroaubanell\/\" \/>\n<meta property=\"og:locale\" content=\"ca_ES\" \/>\n<meta property=\"og:type\" content=\"article\" \/>\n<meta property=\"og:title\" content=\"Fam\u00edlia Panarea, Pedrali- Navarro Aubanell\" \/>\n<meta property=\"og:description\" content=\"Fam\u00edlia Panarea: disseny mediterrani, apilable, acer galvanitzat i corda de polipropil\u00e8. Eleg\u00e0ncia i durabilitat per als teus espais exteriors.\" \/>\n<meta property=\"og:url\" content=\"https:\/\/www.navarroaubanell.com\/ca\/producte\/familia-panarea-pedrali-navarroaubanell\/\" \/>\n<meta property=\"og:site_name\" content=\"Navarro Aubanell\" \/>\n<meta property=\"article:modified_time\" content=\"2024-07-22T10:49:11+00:00\" \/>\n<meta property=\"og:image\" content=\"https:\/\/www.navarroaubanell.com\/wp-content\/uploads\/2024\/07\/Sin-nombre-1.jpg\" \/>\n\t<meta property=\"og:image:width\" content=\"1280\" \/>\n\t<meta property=\"og:image:height\" content=\"1040\" \/>\n\t<meta property=\"og:image:type\" content=\"image\/jpeg\" \/>\n<meta name=\"twitter:label1\" content=\"Est. reading time\" \/>\n\t<meta name=\"twitter:data1\" content=\"2 minutes\" \/>\n<script type=\"application\/ld+json\" class=\"yoast-schema-graph\">{\"@context\":\"https:\\\/\\\/schema.org\",\"@graph\":[{\"@type\":\"WebPage\",\"@id\":\"https:\\\/\\\/www.navarroaubanell.com\\\/ca\\\/producte\\\/familia-panarea-pedrali-navarroaubanell\\\/\",\"url\":\"https:\\\/\\\/www.navarroaubanell.com\\\/ca\\\/producte\\\/familia-panarea-pedrali-navarroaubanell\\\/\",\"name\":\"Fam\u00edlia Panarea, Pedrali- Navarro Aubanell\",\"isPartOf\":{\"@id\":\"https:\\\/\\\/www.navarroaubanell.com\\\/ca\\\/#website\"},\"primaryImageOfPage\":{\"@id\":\"https:\\\/\\\/www.navarroaubanell.com\\\/ca\\\/producte\\\/familia-panarea-pedrali-navarroaubanell\\\/#primaryimage\"},\"image\":{\"@id\":\"https:\\\/\\\/www.navarroaubanell.com\\\/ca\\\/producte\\\/familia-panarea-pedrali-navarroaubanell\\\/#primaryimage\"},\"thumbnailUrl\":\"https:\\\/\\\/www.navarroaubanell.com\\\/wp-content\\\/uploads\\\/2024\\\/07\\\/Sin-nombre-1.jpg\",\"datePublished\":\"2024-07-16T15:11:06+00:00\",\"dateModified\":\"2024-07-22T10:49:11+00:00\",\"description\":\"Fam\u00edlia Panarea: disseny mediterrani, apilable, acer galvanitzat i corda de polipropil\u00e8. Eleg\u00e0ncia i durabilitat per als teus espais exteriors.\",\"breadcrumb\":{\"@id\":\"https:\\\/\\\/www.navarroaubanell.com\\\/ca\\\/producte\\\/familia-panarea-pedrali-navarroaubanell\\\/#breadcrumb\"},\"inLanguage\":\"ca\",\"potentialAction\":[{\"@type\":\"ReadAction\",\"target\":[\"https:\\\/\\\/www.navarroaubanell.com\\\/ca\\\/producte\\\/familia-panarea-pedrali-navarroaubanell\\\/\"]}]},{\"@type\":\"ImageObject\",\"inLanguage\":\"ca\",\"@id\":\"https:\\\/\\\/www.navarroaubanell.com\\\/ca\\\/producte\\\/familia-panarea-pedrali-navarroaubanell\\\/#primaryimage\",\"url\":\"https:\\\/\\\/www.navarroaubanell.com\\\/wp-content\\\/uploads\\\/2024\\\/07\\\/Sin-nombre-1.jpg\",\"contentUrl\":\"https:\\\/\\\/www.navarroaubanell.com\\\/wp-content\\\/uploads\\\/2024\\\/07\\\/Sin-nombre-1.jpg\",\"width\":1280,\"height\":1040,\"caption\":\"Familia Panarea\"},{\"@type\":\"BreadcrumbList\",\"@id\":\"https:\\\/\\\/www.navarroaubanell.com\\\/ca\\\/producte\\\/familia-panarea-pedrali-navarroaubanell\\\/#breadcrumb\",\"itemListElement\":[{\"@type\":\"ListItem\",\"position\":1,\"name\":\"Portada\",\"item\":\"https:\\\/\\\/www.navarroaubanell.com\\\/ca\\\/\"},{\"@type\":\"ListItem\",\"position\":2,\"name\":\"Productes\",\"item\":\"https:\\\/\\\/www.navarroaubanell.com\\\/productos\\\/\"},{\"@type\":\"ListItem\",\"position\":3,\"name\":\"Fam\u00edlia Panarea\"}]},{\"@type\":\"WebSite\",\"@id\":\"https:\\\/\\\/www.navarroaubanell.com\\\/ca\\\/#website\",\"url\":\"https:\\\/\\\/www.navarroaubanell.com\\\/ca\\\/\",\"name\":\"Navarro Aubanell\",\"description\":\"Mobiliario para hoteler\u00eda, colectividades y oficinas\",\"publisher\":{\"@id\":\"https:\\\/\\\/www.navarroaubanell.com\\\/ca\\\/#organization\"},\"potentialAction\":[{\"@type\":\"SearchAction\",\"target\":{\"@type\":\"EntryPoint\",\"urlTemplate\":\"https:\\\/\\\/www.navarroaubanell.com\\\/ca\\\/?s={search_term_string}\"},\"query-input\":{\"@type\":\"PropertyValueSpecification\",\"valueRequired\":true,\"valueName\":\"search_term_string\"}}],\"inLanguage\":\"ca\"},{\"@type\":\"Organization\",\"@id\":\"https:\\\/\\\/www.navarroaubanell.com\\\/ca\\\/#organization\",\"name\":\"COMERCIAL NAVARRO AUBANELL, S.A\",\"url\":\"https:\\\/\\\/www.navarroaubanell.com\\\/ca\\\/\",\"logo\":{\"@type\":\"ImageObject\",\"inLanguage\":\"ca\",\"@id\":\"https:\\\/\\\/www.navarroaubanell.com\\\/ca\\\/#\\\/schema\\\/logo\\\/image\\\/\",\"url\":\"https:\\\/\\\/www.navarroaubanell.com\\\/wp-content\\\/uploads\\\/2017\\\/07\\\/logo-navarro-aubuanell.png\",\"contentUrl\":\"https:\\\/\\\/www.navarroaubanell.com\\\/wp-content\\\/uploads\\\/2017\\\/07\\\/logo-navarro-aubuanell.png\",\"width\":6304,\"height\":1154,\"caption\":\"COMERCIAL NAVARRO AUBANELL, S.A\"},\"image\":{\"@id\":\"https:\\\/\\\/www.navarroaubanell.com\\\/ca\\\/#\\\/schema\\\/logo\\\/image\\\/\"}}]}<\/script>\n<!-- \/ Yoast SEO plugin. -->","yoast_head_json":{"title":"Fam\u00edlia Panarea, Pedrali- Navarro Aubanell","description":"Fam\u00edlia Panarea: disseny mediterrani, apilable, acer galvanitzat i corda de polipropil\u00e8. Eleg\u00e0ncia i durabilitat per als teus espais exteriors.","robots":{"index":"index","follow":"follow","max-snippet":"max-snippet:-1","max-image-preview":"max-image-preview:large","max-video-preview":"max-video-preview:-1"},"canonical":"https:\/\/www.navarroaubanell.com\/ca\/producte\/familia-panarea-pedrali-navarroaubanell\/","og_locale":"ca_ES","og_type":"article","og_title":"Fam\u00edlia Panarea, Pedrali- Navarro Aubanell","og_description":"Fam\u00edlia Panarea: disseny mediterrani, apilable, acer galvanitzat i corda de polipropil\u00e8. Eleg\u00e0ncia i durabilitat per als teus espais exteriors.","og_url":"https:\/\/www.navarroaubanell.com\/ca\/producte\/familia-panarea-pedrali-navarroaubanell\/","og_site_name":"Navarro Aubanell","article_modified_time":"2024-07-22T10:49:11+00:00","og_image":[{"width":1280,"height":1040,"url":"https:\/\/www.navarroaubanell.com\/wp-content\/uploads\/2024\/07\/Sin-nombre-1.jpg","type":"image\/jpeg"}],"twitter_misc":{"Est. reading time":"2 minutes"},"schema":{"@context":"https:\/\/schema.org","@graph":[{"@type":"WebPage","@id":"https:\/\/www.navarroaubanell.com\/ca\/producte\/familia-panarea-pedrali-navarroaubanell\/","url":"https:\/\/www.navarroaubanell.com\/ca\/producte\/familia-panarea-pedrali-navarroaubanell\/","name":"Fam\u00edlia Panarea, Pedrali- Navarro Aubanell","isPartOf":{"@id":"https:\/\/www.navarroaubanell.com\/ca\/#website"},"primaryImageOfPage":{"@id":"https:\/\/www.navarroaubanell.com\/ca\/producte\/familia-panarea-pedrali-navarroaubanell\/#primaryimage"},"image":{"@id":"https:\/\/www.navarroaubanell.com\/ca\/producte\/familia-panarea-pedrali-navarroaubanell\/#primaryimage"},"thumbnailUrl":"https:\/\/www.navarroaubanell.com\/wp-content\/uploads\/2024\/07\/Sin-nombre-1.jpg","datePublished":"2024-07-16T15:11:06+00:00","dateModified":"2024-07-22T10:49:11+00:00","description":"Fam\u00edlia Panarea: disseny mediterrani, apilable, acer galvanitzat i corda de polipropil\u00e8. Eleg\u00e0ncia i durabilitat per als teus espais exteriors.","breadcrumb":{"@id":"https:\/\/www.navarroaubanell.com\/ca\/producte\/familia-panarea-pedrali-navarroaubanell\/#breadcrumb"},"inLanguage":"ca","potentialAction":[{"@type":"ReadAction","target":["https:\/\/www.navarroaubanell.com\/ca\/producte\/familia-panarea-pedrali-navarroaubanell\/"]}]},{"@type":"ImageObject","inLanguage":"ca","@id":"https:\/\/www.navarroaubanell.com\/ca\/producte\/familia-panarea-pedrali-navarroaubanell\/#primaryimage","url":"https:\/\/www.navarroaubanell.com\/wp-content\/uploads\/2024\/07\/Sin-nombre-1.jpg","contentUrl":"https:\/\/www.navarroaubanell.com\/wp-content\/uploads\/2024\/07\/Sin-nombre-1.jpg","width":1280,"height":1040,"caption":"Familia Panarea"},{"@type":"BreadcrumbList","@id":"https:\/\/www.navarroaubanell.com\/ca\/producte\/familia-panarea-pedrali-navarroaubanell\/#breadcrumb","itemListElement":[{"@type":"ListItem","position":1,"name":"Portada","item":"https:\/\/www.navarroaubanell.com\/ca\/"},{"@type":"ListItem","position":2,"name":"Productes","item":"https:\/\/www.navarroaubanell.com\/productos\/"},{"@type":"ListItem","position":3,"name":"Fam\u00edlia Panarea"}]},{"@type":"WebSite","@id":"https:\/\/www.navarroaubanell.com\/ca\/#website","url":"https:\/\/www.navarroaubanell.com\/ca\/","name":"Navarro Aubanell","description":"Mobiliario para hoteler\u00eda, colectividades y oficinas","publisher":{"@id":"https:\/\/www.navarroaubanell.com\/ca\/#organization"},"potentialAction":[{"@type":"SearchAction","target":{"@type":"EntryPoint","urlTemplate":"https:\/\/www.navarroaubanell.com\/ca\/?s={search_term_string}"},"query-input":{"@type":"PropertyValueSpecification","valueRequired":true,"valueName":"search_term_string"}}],"inLanguage":"ca"},{"@type":"Organization","@id":"https:\/\/www.navarroaubanell.com\/ca\/#organization","name":"COMERCIAL NAVARRO AUBANELL, S.A","url":"https:\/\/www.navarroaubanell.com\/ca\/","logo":{"@type":"ImageObject","inLanguage":"ca","@id":"https:\/\/www.navarroaubanell.com\/ca\/#\/schema\/logo\/image\/","url":"https:\/\/www.navarroaubanell.com\/wp-content\/uploads\/2017\/07\/logo-navarro-aubuanell.png","contentUrl":"https:\/\/www.navarroaubanell.com\/wp-content\/uploads\/2017\/07\/logo-navarro-aubuanell.png","width":6304,"height":1154,"caption":"COMERCIAL NAVARRO AUBANELL, S.A"},"image":{"@id":"https:\/\/www.navarroaubanell.com\/ca\/#\/schema\/logo\/image\/"}}]}},"_links":{"self":[{"href":"https:\/\/www.navarroaubanell.com\/ca\/wp-json\/wp\/v2\/product\/34943","targetHints":{"allow":["GET"]}}],"collection":[{"href":"https:\/\/www.navarroaubanell.com\/ca\/wp-json\/wp\/v2\/product"}],"about":[{"href":"https:\/\/www.navarroaubanell.com\/ca\/wp-json\/wp\/v2\/types\/product"}],"wp:featuredmedia":[{"embeddable":true,"href":"https:\/\/www.navarroaubanell.com\/ca\/wp-json\/wp\/v2\/media\/44817"}],"wp:attachment":[{"href":"https:\/\/www.navarroaubanell.com\/ca\/wp-json\/wp\/v2\/media?parent=34943"}],"wp:term":[{"taxonomy":"product_brand","embeddable":true,"href":"https:\/\/www.navarroaubanell.com\/ca\/wp-json\/wp\/v2\/product_brand?post=34943"},{"taxonomy":"product_cat","embeddable":true,"href":"https:\/\/www.navarroaubanell.com\/ca\/wp-json\/wp\/v2\/product_cat?post=34943"},{"taxonomy":"product_tag","embeddable":true,"href":"https:\/\/www.navarroaubanell.com\/ca\/wp-json\/wp\/v2\/product_tag?post=34943"}],"curies":[{"name":"wp","href":"https:\/\/api.w.org\/{rel}","templated":true}]}}