{"id":34859,"date":"2024-07-16T10:52:06","date_gmt":"2024-07-16T09:25:57","guid":{"rendered":"https:\/\/www.navarroaubanell.com\/?post_type=product&#038;p=34859"},"modified":"2024-10-01T08:19:53","modified_gmt":"2024-10-01T06:19:53","slug":"cadira-de-bracos-mya-pedrali-navarroaubanell","status":"publish","type":"product","link":"https:\/\/www.navarroaubanell.com\/ca\/producte\/cadira-de-bracos-mya-pedrali-navarroaubanell\/","title":{"rendered":"Cadira de bra\u00e7os Mya"},"content":{"rendered":"<h5>Descobreix les Cadires de Bra\u00e7os Mya: Eleg\u00e0ncia i Funcionalitat<\/h5>\n<p>La l\u00ednia de la <strong>cadira de bra\u00e7os Mya<\/strong> redefineix la comoditat i l&#8217;estil amb un disseny refinat i filiforme. Aquestes cadires de bra\u00e7os no sols aporten eleg\u00e0ncia, sin\u00f3 que tamb\u00e9 s\u00f3n <strong>apilables<\/strong>, optimitzant l&#8217;espai disponible i facilitant el seu magatzematge.<\/p>\n<h5>Models Destacats:<\/h5>\n<ul>\n<li><strong>Cadira de bra\u00e7os Mya 706-2:<\/strong> Amb una estructura d&#8217;alumini pintat en poli\u00e8ster, fabricada mitjan\u00e7ant presofusi\u00f3n i tecnologia de motlle d&#8217;injecci\u00f3, aquest model garanteix una butaca compacta, resistent i segur. El seient de polipropil\u00e8 amb esferes de vidre i formulaci\u00f3 antiest\u00e0tica, juntament amb el suport de polipropil\u00e8 acabat gofratge i panell interior recobert amb t\u00e8xtil impermeable o polipropil\u00e8, fan que sigui perfecte per a interiors i exteriors.<a href=\"https:\/\/cdn-assets.pedrali.com\/media\/pedrali\/media\/assets\/originals\/documenti\/t-m\/t-mya-706-2-ver.pdf\"> Fitxa t\u00e8cnica.<\/a><\/li>\n<\/ul>\n<p>&nbsp;<\/p>\n<ul>\n<li><strong>Cadira de bra\u00e7os Mya 705-2:<\/strong> Aquesta butaca destaca per la seva estructura d&#8217;alumini pintat en poli\u00e8ster, fabricat a trav\u00e9s de presofusi\u00f3n i motlle d&#8217;injecci\u00f3, la qual cosa assegura durabilitat i resist\u00e8ncia. El seu seient i respatller de polipropil\u00e8 amb esferes de vidre i tractament antiest\u00e0tic estan disponibles en diversos acoloreixis microtexturacions, adaptant-se a qualsevol ambient, ja sigui interior o exterior. <a href=\"https:\/\/cdn-assets.pedrali.com\/media\/pedrali\/media\/assets\/originals\/documenti\/t-m\/t-mya-705-2-ver.pdf\">Fitxa t\u00e8cnica.<\/a><\/li>\n<\/ul>\n<h5>Beneficis de la Col\u00b7lecci\u00f3\u00a0Mya:<\/h5>\n<ul>\n<li><strong>Disseny Refinat:<\/strong> Estil elegant i modern que s&#8217;adapta a qualsevol entorn.<\/li>\n<li><strong>Funcionalitat Apilable:<\/strong> Optimitzaci\u00f3 de l&#8217;espai i facilitat de magatzematge.<\/li>\n<li><strong>Resist\u00e8ncia i Durabilitat:<\/strong> Materials d&#8217;alta qualitat i processos de fabricaci\u00f3 avan\u00e7ats asseguren la longevitat de cada butaca.<\/li>\n<li><strong>Versatilitat d&#8217;\u00fas:<\/strong> Disponibles per a interiors i exteriors, amb opcions en diversos colors i acabats.<\/li>\n<\/ul>\n<p>Eleva l&#8217;est\u00e8tica i funcionalitat dels teus espais amb la col\u00b7lecci\u00f3 de la <strong>cadira de bra\u00e7os Mya<\/strong>, combinant disseny sofisticat i practicitat en cada model.<\/p>\n","protected":false},"excerpt":{"rendered":"<p>Descobreix les Cadires de Bra\u00e7os Mya: Eleg\u00e0ncia i Funcionalitat La l\u00ednia de la cadira de bra\u00e7os Mya redefineix la comoditat i l&#8217;estil amb un disseny refinat i filiforme. Aquestes cadires de bra\u00e7os no sols aporten eleg\u00e0ncia, sin\u00f3 que tamb\u00e9 s\u00f3n apilables, optimitzant l&#8217;espai disponible i facilitant el seu magatzematge. Models Destacats: Cadira de bra\u00e7os Mya&hellip;<\/p>\n","protected":false},"featured_media":34818,"template":"","meta":{"_acf_changed":false},"product_brand":[],"product_cat":[534,573],"product_tag":[587,749,640,664,1204,729],"class_list":{"0":"post-34859","1":"product","2":"type-product","3":"status-publish","4":"has-post-thumbnail","6":"product_cat-cadires-de-bracos","7":"product_cat-cadires-de-bracos-exterior","8":"product_tag-apilable-ca","9":"product_tag-cadira-de-barcos","10":"product_tag-exterior-ca","11":"product_tag-interior-ca","12":"product_tag-mya-ca","13":"product_tag-pedrali-ca","14":"description-off","16":"first","17":"instock","18":"shipping-taxable","19":"product-type-simple"},"acf":[],"yoast_head":"<!-- This site is optimized with the Yoast SEO plugin v27.6 - https:\/\/yoast.com\/product\/yoast-seo-wordpress\/ -->\n<title>Cadira de bra\u00e7os Mya, Pedrali- Navarro Aubanell<\/title>\n<meta name=\"description\" content=\"Cadira de bra\u00e7os Mya: disseny refinat, apilable, amb estructura d&#039;alumini i seient de polipropil\u00e8. Per a interiors i exteriors.\" \/>\n<meta name=\"robots\" content=\"index, follow, max-snippet:-1, max-image-preview:large, max-video-preview:-1\" \/>\n<link rel=\"canonical\" href=\"https:\/\/www.navarroaubanell.com\/ca\/producte\/cadira-de-bracos-mya-pedrali-navarroaubanell\/\" \/>\n<meta property=\"og:locale\" content=\"ca_ES\" \/>\n<meta property=\"og:type\" content=\"article\" \/>\n<meta property=\"og:title\" content=\"Cadira de bra\u00e7os Mya, Pedrali- Navarro Aubanell\" \/>\n<meta property=\"og:description\" content=\"Cadira de bra\u00e7os Mya: disseny refinat, apilable, amb estructura d&#039;alumini i seient de polipropil\u00e8. Per a interiors i exteriors.\" \/>\n<meta property=\"og:url\" content=\"https:\/\/www.navarroaubanell.com\/ca\/producte\/cadira-de-bracos-mya-pedrali-navarroaubanell\/\" \/>\n<meta property=\"og:site_name\" content=\"Navarro Aubanell\" \/>\n<meta property=\"article:modified_time\" content=\"2024-10-01T06:19:53+00:00\" \/>\n<meta property=\"og:image\" content=\"https:\/\/www.navarroaubanell.com\/wp-content\/uploads\/2024\/07\/Sillon-Mya-706-2.png\" \/>\n\t<meta property=\"og:image:width\" content=\"862\" \/>\n\t<meta property=\"og:image:height\" content=\"1156\" \/>\n\t<meta property=\"og:image:type\" content=\"image\/png\" \/>\n<meta name=\"twitter:label1\" content=\"Est. reading time\" \/>\n\t<meta name=\"twitter:data1\" content=\"2 minutes\" \/>\n<script type=\"application\/ld+json\" class=\"yoast-schema-graph\">{\"@context\":\"https:\\\/\\\/schema.org\",\"@graph\":[{\"@type\":\"WebPage\",\"@id\":\"https:\\\/\\\/www.navarroaubanell.com\\\/ca\\\/producte\\\/cadira-de-bracos-mya-pedrali-navarroaubanell\\\/\",\"url\":\"https:\\\/\\\/www.navarroaubanell.com\\\/ca\\\/producte\\\/cadira-de-bracos-mya-pedrali-navarroaubanell\\\/\",\"name\":\"Cadira de bra\u00e7os Mya, Pedrali- Navarro Aubanell\",\"isPartOf\":{\"@id\":\"https:\\\/\\\/www.navarroaubanell.com\\\/ca\\\/#website\"},\"primaryImageOfPage\":{\"@id\":\"https:\\\/\\\/www.navarroaubanell.com\\\/ca\\\/producte\\\/cadira-de-bracos-mya-pedrali-navarroaubanell\\\/#primaryimage\"},\"image\":{\"@id\":\"https:\\\/\\\/www.navarroaubanell.com\\\/ca\\\/producte\\\/cadira-de-bracos-mya-pedrali-navarroaubanell\\\/#primaryimage\"},\"thumbnailUrl\":\"https:\\\/\\\/www.navarroaubanell.com\\\/wp-content\\\/uploads\\\/2024\\\/07\\\/Sillon-Mya-706-2.png\",\"datePublished\":\"2024-07-16T09:25:57+00:00\",\"dateModified\":\"2024-10-01T06:19:53+00:00\",\"description\":\"Cadira de bra\u00e7os Mya: disseny refinat, apilable, amb estructura d'alumini i seient de polipropil\u00e8. Per a interiors i exteriors.\",\"breadcrumb\":{\"@id\":\"https:\\\/\\\/www.navarroaubanell.com\\\/ca\\\/producte\\\/cadira-de-bracos-mya-pedrali-navarroaubanell\\\/#breadcrumb\"},\"inLanguage\":\"ca\",\"potentialAction\":[{\"@type\":\"ReadAction\",\"target\":[\"https:\\\/\\\/www.navarroaubanell.com\\\/ca\\\/producte\\\/cadira-de-bracos-mya-pedrali-navarroaubanell\\\/\"]}]},{\"@type\":\"ImageObject\",\"inLanguage\":\"ca\",\"@id\":\"https:\\\/\\\/www.navarroaubanell.com\\\/ca\\\/producte\\\/cadira-de-bracos-mya-pedrali-navarroaubanell\\\/#primaryimage\",\"url\":\"https:\\\/\\\/www.navarroaubanell.com\\\/wp-content\\\/uploads\\\/2024\\\/07\\\/Sillon-Mya-706-2.png\",\"contentUrl\":\"https:\\\/\\\/www.navarroaubanell.com\\\/wp-content\\\/uploads\\\/2024\\\/07\\\/Sillon-Mya-706-2.png\",\"width\":862,\"height\":1156,\"caption\":\"Cadira de bra\u00e7os Mya 706-2\"},{\"@type\":\"BreadcrumbList\",\"@id\":\"https:\\\/\\\/www.navarroaubanell.com\\\/ca\\\/producte\\\/cadira-de-bracos-mya-pedrali-navarroaubanell\\\/#breadcrumb\",\"itemListElement\":[{\"@type\":\"ListItem\",\"position\":1,\"name\":\"Portada\",\"item\":\"https:\\\/\\\/www.navarroaubanell.com\\\/ca\\\/\"},{\"@type\":\"ListItem\",\"position\":2,\"name\":\"Productes\",\"item\":\"https:\\\/\\\/www.navarroaubanell.com\\\/productos\\\/\"},{\"@type\":\"ListItem\",\"position\":3,\"name\":\"Cadira de bra\u00e7os Mya\"}]},{\"@type\":\"WebSite\",\"@id\":\"https:\\\/\\\/www.navarroaubanell.com\\\/ca\\\/#website\",\"url\":\"https:\\\/\\\/www.navarroaubanell.com\\\/ca\\\/\",\"name\":\"Navarro Aubanell\",\"description\":\"Mobiliario para hoteler\u00eda, colectividades y oficinas\",\"publisher\":{\"@id\":\"https:\\\/\\\/www.navarroaubanell.com\\\/ca\\\/#organization\"},\"potentialAction\":[{\"@type\":\"SearchAction\",\"target\":{\"@type\":\"EntryPoint\",\"urlTemplate\":\"https:\\\/\\\/www.navarroaubanell.com\\\/ca\\\/?s={search_term_string}\"},\"query-input\":{\"@type\":\"PropertyValueSpecification\",\"valueRequired\":true,\"valueName\":\"search_term_string\"}}],\"inLanguage\":\"ca\"},{\"@type\":\"Organization\",\"@id\":\"https:\\\/\\\/www.navarroaubanell.com\\\/ca\\\/#organization\",\"name\":\"COMERCIAL NAVARRO AUBANELL, S.A\",\"url\":\"https:\\\/\\\/www.navarroaubanell.com\\\/ca\\\/\",\"logo\":{\"@type\":\"ImageObject\",\"inLanguage\":\"ca\",\"@id\":\"https:\\\/\\\/www.navarroaubanell.com\\\/ca\\\/#\\\/schema\\\/logo\\\/image\\\/\",\"url\":\"https:\\\/\\\/www.navarroaubanell.com\\\/wp-content\\\/uploads\\\/2017\\\/07\\\/logo-navarro-aubuanell.png\",\"contentUrl\":\"https:\\\/\\\/www.navarroaubanell.com\\\/wp-content\\\/uploads\\\/2017\\\/07\\\/logo-navarro-aubuanell.png\",\"width\":6304,\"height\":1154,\"caption\":\"COMERCIAL NAVARRO AUBANELL, S.A\"},\"image\":{\"@id\":\"https:\\\/\\\/www.navarroaubanell.com\\\/ca\\\/#\\\/schema\\\/logo\\\/image\\\/\"}}]}<\/script>\n<!-- \/ Yoast SEO plugin. -->","yoast_head_json":{"title":"Cadira de bra\u00e7os Mya, Pedrali- Navarro Aubanell","description":"Cadira de bra\u00e7os Mya: disseny refinat, apilable, amb estructura d'alumini i seient de polipropil\u00e8. Per a interiors i exteriors.","robots":{"index":"index","follow":"follow","max-snippet":"max-snippet:-1","max-image-preview":"max-image-preview:large","max-video-preview":"max-video-preview:-1"},"canonical":"https:\/\/www.navarroaubanell.com\/ca\/producte\/cadira-de-bracos-mya-pedrali-navarroaubanell\/","og_locale":"ca_ES","og_type":"article","og_title":"Cadira de bra\u00e7os Mya, Pedrali- Navarro Aubanell","og_description":"Cadira de bra\u00e7os Mya: disseny refinat, apilable, amb estructura d'alumini i seient de polipropil\u00e8. Per a interiors i exteriors.","og_url":"https:\/\/www.navarroaubanell.com\/ca\/producte\/cadira-de-bracos-mya-pedrali-navarroaubanell\/","og_site_name":"Navarro Aubanell","article_modified_time":"2024-10-01T06:19:53+00:00","og_image":[{"width":862,"height":1156,"url":"https:\/\/www.navarroaubanell.com\/wp-content\/uploads\/2024\/07\/Sillon-Mya-706-2.png","type":"image\/png"}],"twitter_misc":{"Est. reading time":"2 minutes"},"schema":{"@context":"https:\/\/schema.org","@graph":[{"@type":"WebPage","@id":"https:\/\/www.navarroaubanell.com\/ca\/producte\/cadira-de-bracos-mya-pedrali-navarroaubanell\/","url":"https:\/\/www.navarroaubanell.com\/ca\/producte\/cadira-de-bracos-mya-pedrali-navarroaubanell\/","name":"Cadira de bra\u00e7os Mya, Pedrali- Navarro Aubanell","isPartOf":{"@id":"https:\/\/www.navarroaubanell.com\/ca\/#website"},"primaryImageOfPage":{"@id":"https:\/\/www.navarroaubanell.com\/ca\/producte\/cadira-de-bracos-mya-pedrali-navarroaubanell\/#primaryimage"},"image":{"@id":"https:\/\/www.navarroaubanell.com\/ca\/producte\/cadira-de-bracos-mya-pedrali-navarroaubanell\/#primaryimage"},"thumbnailUrl":"https:\/\/www.navarroaubanell.com\/wp-content\/uploads\/2024\/07\/Sillon-Mya-706-2.png","datePublished":"2024-07-16T09:25:57+00:00","dateModified":"2024-10-01T06:19:53+00:00","description":"Cadira de bra\u00e7os Mya: disseny refinat, apilable, amb estructura d'alumini i seient de polipropil\u00e8. Per a interiors i exteriors.","breadcrumb":{"@id":"https:\/\/www.navarroaubanell.com\/ca\/producte\/cadira-de-bracos-mya-pedrali-navarroaubanell\/#breadcrumb"},"inLanguage":"ca","potentialAction":[{"@type":"ReadAction","target":["https:\/\/www.navarroaubanell.com\/ca\/producte\/cadira-de-bracos-mya-pedrali-navarroaubanell\/"]}]},{"@type":"ImageObject","inLanguage":"ca","@id":"https:\/\/www.navarroaubanell.com\/ca\/producte\/cadira-de-bracos-mya-pedrali-navarroaubanell\/#primaryimage","url":"https:\/\/www.navarroaubanell.com\/wp-content\/uploads\/2024\/07\/Sillon-Mya-706-2.png","contentUrl":"https:\/\/www.navarroaubanell.com\/wp-content\/uploads\/2024\/07\/Sillon-Mya-706-2.png","width":862,"height":1156,"caption":"Cadira de bra\u00e7os Mya 706-2"},{"@type":"BreadcrumbList","@id":"https:\/\/www.navarroaubanell.com\/ca\/producte\/cadira-de-bracos-mya-pedrali-navarroaubanell\/#breadcrumb","itemListElement":[{"@type":"ListItem","position":1,"name":"Portada","item":"https:\/\/www.navarroaubanell.com\/ca\/"},{"@type":"ListItem","position":2,"name":"Productes","item":"https:\/\/www.navarroaubanell.com\/productos\/"},{"@type":"ListItem","position":3,"name":"Cadira de bra\u00e7os Mya"}]},{"@type":"WebSite","@id":"https:\/\/www.navarroaubanell.com\/ca\/#website","url":"https:\/\/www.navarroaubanell.com\/ca\/","name":"Navarro Aubanell","description":"Mobiliario para hoteler\u00eda, colectividades y oficinas","publisher":{"@id":"https:\/\/www.navarroaubanell.com\/ca\/#organization"},"potentialAction":[{"@type":"SearchAction","target":{"@type":"EntryPoint","urlTemplate":"https:\/\/www.navarroaubanell.com\/ca\/?s={search_term_string}"},"query-input":{"@type":"PropertyValueSpecification","valueRequired":true,"valueName":"search_term_string"}}],"inLanguage":"ca"},{"@type":"Organization","@id":"https:\/\/www.navarroaubanell.com\/ca\/#organization","name":"COMERCIAL NAVARRO AUBANELL, S.A","url":"https:\/\/www.navarroaubanell.com\/ca\/","logo":{"@type":"ImageObject","inLanguage":"ca","@id":"https:\/\/www.navarroaubanell.com\/ca\/#\/schema\/logo\/image\/","url":"https:\/\/www.navarroaubanell.com\/wp-content\/uploads\/2017\/07\/logo-navarro-aubuanell.png","contentUrl":"https:\/\/www.navarroaubanell.com\/wp-content\/uploads\/2017\/07\/logo-navarro-aubuanell.png","width":6304,"height":1154,"caption":"COMERCIAL NAVARRO AUBANELL, S.A"},"image":{"@id":"https:\/\/www.navarroaubanell.com\/ca\/#\/schema\/logo\/image\/"}}]}},"_links":{"self":[{"href":"https:\/\/www.navarroaubanell.com\/ca\/wp-json\/wp\/v2\/product\/34859","targetHints":{"allow":["GET"]}}],"collection":[{"href":"https:\/\/www.navarroaubanell.com\/ca\/wp-json\/wp\/v2\/product"}],"about":[{"href":"https:\/\/www.navarroaubanell.com\/ca\/wp-json\/wp\/v2\/types\/product"}],"wp:featuredmedia":[{"embeddable":true,"href":"https:\/\/www.navarroaubanell.com\/ca\/wp-json\/wp\/v2\/media\/34818"}],"wp:attachment":[{"href":"https:\/\/www.navarroaubanell.com\/ca\/wp-json\/wp\/v2\/media?parent=34859"}],"wp:term":[{"taxonomy":"product_brand","embeddable":true,"href":"https:\/\/www.navarroaubanell.com\/ca\/wp-json\/wp\/v2\/product_brand?post=34859"},{"taxonomy":"product_cat","embeddable":true,"href":"https:\/\/www.navarroaubanell.com\/ca\/wp-json\/wp\/v2\/product_cat?post=34859"},{"taxonomy":"product_tag","embeddable":true,"href":"https:\/\/www.navarroaubanell.com\/ca\/wp-json\/wp\/v2\/product_tag?post=34859"}],"curies":[{"name":"wp","href":"https:\/\/api.w.org\/{rel}","templated":true}]}}