{"id":34158,"date":"2024-07-05T11:29:07","date_gmt":"2024-07-05T13:43:08","guid":{"rendered":"https:\/\/www.navarroaubanell.com\/?post_type=product&#038;p=34158"},"modified":"2024-10-01T10:14:18","modified_gmt":"2024-10-01T08:14:18","slug":"sofas-nolita-pedrali-navarroaubanell","status":"publish","type":"product","link":"https:\/\/www.navarroaubanell.com\/ca\/producte\/sofas-nolita-pedrali-navarroaubanell\/","title":{"rendered":"Sof\u00e0s Nolita"},"content":{"rendered":"<p>La <a href=\"https:\/\/www.navarroaubanell.com\/ca\/producte\/familia-nolita-pedrali-navarroaubanell\/\">fam\u00edlia\u00a0Nolita<\/a>\u00a0\u00e9s una fam\u00edlia molt vers\u00e0til i aix\u00ed ens ho demostra amb la seva l\u00ednia de <strong>sof\u00e0s\u00a0Nolita.<\/strong> Els sof\u00e0s\u00a0Nolita\u00a0<strong>d&#8217;exterior\u00a0<\/strong>mantenen la tend\u00e8ncia de transpar\u00e8ncia i lleugeresa marcada en tota la col\u00b7lecci\u00f3. Els sof\u00e0s no s\u00f3n l&#8217;excepci\u00f3, com tota la fam\u00edlia\u00a0Nolita, evoquen als or\u00edgens de la traject\u00f2ria hist\u00f2rica iniciada per <em>Mario\u00a0Pedrali<\/em>\u00a0en 1963 amb les seves primeres cadires de metall.<\/p>\n<p>La <strong>versatilitat<\/strong> del sof\u00e0\u00a0Nolita\u00a0ve donada per la possibilitat de combinar<strong> diferents m\u00f2duls<\/strong> entre si per a crear m\u00faltiples composicions. Tamb\u00e9 ofereix la possibilitat d&#8217;agafar un<strong> prestatge addicional<\/strong> rectangular o angular per a connectar els diferents sof\u00e0s entre ells<\/p>\n<h5>Models:<\/h5>\n<ul>\n<li><strong>DN006<\/strong>: Butaca\/sof\u00e0 amb estructura tubular <strong>d&#8217;acer<\/strong> pintat per a exterior. Coixins en <strong>escuma de poliuret\u00e0<\/strong> flexible i <strong>ign\u00edfug<\/strong> amb funda <strong>impermeable<\/strong> per a exterior. Estan entapissats amb <strong>fibra de poli\u00e8ster<\/strong> i coberts amb <strong>diferents teixits<\/strong> per a exterior. Existeix l&#8217;opci\u00f3 d&#8217;afegir-li un<strong> coix\u00ed addicional lateral<\/strong>.\n<ul>\n<li><a href=\"https:\/\/cdn-assets.pedrali.com\/media\/pedrali\/media\/assets\/originals\/documenti\/st\/st-nolita-relax-dn006.pdf\">Fitxa t\u00e8cnica<\/a><\/li>\n<\/ul>\n<\/li>\n<\/ul>\n<ul>\n<li><strong>DN\u00a0002\/004:<\/strong> M\u00f2dul <strong>cantoner dret<\/strong> amb estructura tubular d&#8217;<strong>acer electrogalvinitzar<\/strong> rematat amb pintura en pols espec\u00edfica per a exteriors. Els coixins estan confeccionats amb <strong>escuma de poliuret\u00e0<\/strong> flexible i <strong>ign\u00edfuga<\/strong> protegits amb una funda <strong>impermeable<\/strong>. Estan entapissats amb <strong>fibra de poli\u00e8ster<\/strong> i recoberts amb <strong>diferents teixits<\/strong> pensats i creats per a <strong>l&#8217;exterior<\/strong>. Els tacs s\u00f3n de <strong>tecnopol\u00edmer<\/strong> en blanc o negre i existeix la possibilitat d&#8217;afegir-li un <strong>coix\u00ed lateral addicional<\/strong>.\n<ul>\n<li><a href=\"https:\/\/cdn-assets.pedrali.com\/media\/pedrali\/media\/assets\/originals\/documenti\/st\/st-nolita-sofa-dn.pdf\">Fitxa t\u00e8cnica<\/a><\/li>\n<\/ul>\n<\/li>\n<\/ul>\n<ul>\n<li><strong>DN001:<\/strong> M\u00f2dul de<strong> dues places<\/strong> amb estructura tubular d&#8217;<strong>acer electrogalvinitzat<\/strong> acabat amb pintura en pols per a exteriors. Els coixins estan confeccionats amb <strong>escuma de poliuret\u00e0<\/strong> flexible i <strong>ign\u00edfuga<\/strong> protegits amb una funda <strong>impermeable<\/strong>. Estan entapissats amb <strong>fibra de poli\u00e8ster<\/strong> i recoberts amb <strong>diferents teixits<\/strong> pensats i creats per a l&#8217;exterior. Els tacs s\u00f3n de <strong>tecnopol\u00edmer<\/strong> en blanc o negre.\n<ul>\n<li><a href=\"https:\/\/cdn-assets.pedrali.com\/media\/pedrali\/media\/assets\/originals\/documenti\/st\/st-nolita-sofa-dn.pdf\">Fitxa t\u00e8cnica<\/a><\/li>\n<\/ul>\n<\/li>\n<\/ul>\n<ul>\n<li><strong>DN\u00a0003\/005:<\/strong> M\u00f2dul <strong>cantoner esquerre<\/strong> amb estructura tubular d&#8217;<strong>acer electrogalvinitzat<\/strong> rematada amb un vern\u00eds de pintura en pols espec\u00edfica per a <strong>exteriors<\/strong>. Els coixins estan confeccionats amb<strong> escuma de poliuret\u00e0<\/strong> flexible i <strong>ign\u00edfuga<\/strong> protegits amb una funda <strong>impermeable<\/strong>. Estan entapissats amb <strong>fibra de poli\u00e8ster<\/strong> i recoberts amb <strong>diferents teixits<\/strong> pensats i creats per a l&#8217;exterior. Els tacs s\u00f3n de <strong>tecnopol\u00edmer<\/strong> en blanc o negre i existeix la possibilitat d&#8217;afegir-li un <strong>coix\u00ed lateral addicional<\/strong>.\n<ul>\n<li><a href=\"https:\/\/cdn-assets.pedrali.com\/media\/pedrali\/media\/assets\/originals\/documenti\/st\/st-nolita-sofa-dn.pdf\">Fitxa t\u00e8cnica<\/a><\/li>\n<\/ul>\n<\/li>\n<\/ul>\n","protected":false},"excerpt":{"rendered":"<p>La fam\u00edlia\u00a0Nolita\u00a0\u00e9s una fam\u00edlia molt vers\u00e0til i aix\u00ed ens ho demostra amb la seva l\u00ednia de sof\u00e0s\u00a0Nolita. Els sof\u00e0s\u00a0Nolita\u00a0d&#8217;exterior\u00a0mantenen la tend\u00e8ncia de transpar\u00e8ncia i lleugeresa marcada en tota la col\u00b7lecci\u00f3. Els sof\u00e0s no s\u00f3n l&#8217;excepci\u00f3, com tota la fam\u00edlia\u00a0Nolita, evoquen als or\u00edgens de la traject\u00f2ria hist\u00f2rica iniciada per Mario\u00a0Pedrali\u00a0en 1963 amb les seves primeres cadires&hellip;<\/p>\n","protected":false},"featured_media":34119,"template":"","meta":{"_acf_changed":false},"product_brand":[],"product_cat":[1229,929],"product_tag":[640,709,720,729,758],"class_list":{"0":"post-34158","1":"product","2":"type-product","3":"status-publish","4":"has-post-thumbnail","6":"product_cat-novetats","7":"product_cat-sofas-exterior-ca","8":"product_tag-exterior-ca","9":"product_tag-nolita-ca","10":"product_tag-outdoor-ca","11":"product_tag-pedrali-ca","12":"product_tag-sofas-ca","13":"description-off","15":"first","16":"instock","17":"shipping-taxable","18":"product-type-simple"},"acf":[],"yoast_head":"<!-- This site is optimized with the Yoast SEO plugin v27.5 - https:\/\/yoast.com\/product\/yoast-seo-wordpress\/ -->\n<title>Sof\u00e0s Nolita, Pedrali- Navarro Aubanell<\/title>\n<meta name=\"description\" content=\"Sof\u00e0s Nolita: versatilitat i eleg\u00e0ncia en m\u00f2duls combinables per a exteriors. Inspirats en el llegat de Mario Pedrali, perfectes per a qualsevol espai.\" \/>\n<meta name=\"robots\" content=\"index, follow, max-snippet:-1, max-image-preview:large, max-video-preview:-1\" \/>\n<link rel=\"canonical\" href=\"https:\/\/www.navarroaubanell.com\/ca\/producte\/sofas-nolita-pedrali-navarroaubanell\/\" \/>\n<meta property=\"og:locale\" content=\"ca_ES\" \/>\n<meta property=\"og:type\" content=\"article\" \/>\n<meta property=\"og:title\" content=\"Sof\u00e0s Nolita, Pedrali- Navarro Aubanell\" \/>\n<meta property=\"og:description\" content=\"Sof\u00e0s Nolita: versatilitat i eleg\u00e0ncia en m\u00f2duls combinables per a exteriors. Inspirats en el llegat de Mario Pedrali, perfectes per a qualsevol espai.\" \/>\n<meta property=\"og:url\" content=\"https:\/\/www.navarroaubanell.com\/ca\/producte\/sofas-nolita-pedrali-navarroaubanell\/\" \/>\n<meta property=\"og:site_name\" content=\"Navarro Aubanell\" \/>\n<meta property=\"article:modified_time\" content=\"2024-10-01T08:14:18+00:00\" \/>\n<meta property=\"og:image\" content=\"https:\/\/www.navarroaubanell.com\/wp-content\/uploads\/2024\/07\/Sofa-Nolita-DN002-Sofa-Nolita-DN001.png\" \/>\n\t<meta property=\"og:image:width\" content=\"800\" \/>\n\t<meta property=\"og:image:height\" content=\"650\" \/>\n\t<meta property=\"og:image:type\" content=\"image\/png\" \/>\n<meta name=\"twitter:label1\" content=\"Est. reading time\" \/>\n\t<meta name=\"twitter:data1\" content=\"2 minutes\" \/>\n<script type=\"application\/ld+json\" class=\"yoast-schema-graph\">{\"@context\":\"https:\\\/\\\/schema.org\",\"@graph\":[{\"@type\":\"WebPage\",\"@id\":\"https:\\\/\\\/www.navarroaubanell.com\\\/ca\\\/producte\\\/sofas-nolita-pedrali-navarroaubanell\\\/\",\"url\":\"https:\\\/\\\/www.navarroaubanell.com\\\/ca\\\/producte\\\/sofas-nolita-pedrali-navarroaubanell\\\/\",\"name\":\"Sof\u00e0s Nolita, Pedrali- Navarro Aubanell\",\"isPartOf\":{\"@id\":\"https:\\\/\\\/www.navarroaubanell.com\\\/ca\\\/#website\"},\"primaryImageOfPage\":{\"@id\":\"https:\\\/\\\/www.navarroaubanell.com\\\/ca\\\/producte\\\/sofas-nolita-pedrali-navarroaubanell\\\/#primaryimage\"},\"image\":{\"@id\":\"https:\\\/\\\/www.navarroaubanell.com\\\/ca\\\/producte\\\/sofas-nolita-pedrali-navarroaubanell\\\/#primaryimage\"},\"thumbnailUrl\":\"https:\\\/\\\/www.navarroaubanell.com\\\/wp-content\\\/uploads\\\/2024\\\/07\\\/Sofa-Nolita-DN002-Sofa-Nolita-DN001.png\",\"datePublished\":\"2024-07-05T13:43:08+00:00\",\"dateModified\":\"2024-10-01T08:14:18+00:00\",\"description\":\"Sof\u00e0s Nolita: versatilitat i eleg\u00e0ncia en m\u00f2duls combinables per a exteriors. Inspirats en el llegat de Mario Pedrali, perfectes per a qualsevol espai.\",\"breadcrumb\":{\"@id\":\"https:\\\/\\\/www.navarroaubanell.com\\\/ca\\\/producte\\\/sofas-nolita-pedrali-navarroaubanell\\\/#breadcrumb\"},\"inLanguage\":\"ca\",\"potentialAction\":[{\"@type\":\"ReadAction\",\"target\":[\"https:\\\/\\\/www.navarroaubanell.com\\\/ca\\\/producte\\\/sofas-nolita-pedrali-navarroaubanell\\\/\"]}]},{\"@type\":\"ImageObject\",\"inLanguage\":\"ca\",\"@id\":\"https:\\\/\\\/www.navarroaubanell.com\\\/ca\\\/producte\\\/sofas-nolita-pedrali-navarroaubanell\\\/#primaryimage\",\"url\":\"https:\\\/\\\/www.navarroaubanell.com\\\/wp-content\\\/uploads\\\/2024\\\/07\\\/Sofa-Nolita-DN002-Sofa-Nolita-DN001.png\",\"contentUrl\":\"https:\\\/\\\/www.navarroaubanell.com\\\/wp-content\\\/uploads\\\/2024\\\/07\\\/Sofa-Nolita-DN002-Sofa-Nolita-DN001.png\",\"width\":800,\"height\":650,\"caption\":\"Sof\u00e1 Nolita DN002-Sofa Nolita DN001\"},{\"@type\":\"BreadcrumbList\",\"@id\":\"https:\\\/\\\/www.navarroaubanell.com\\\/ca\\\/producte\\\/sofas-nolita-pedrali-navarroaubanell\\\/#breadcrumb\",\"itemListElement\":[{\"@type\":\"ListItem\",\"position\":1,\"name\":\"Portada\",\"item\":\"https:\\\/\\\/www.navarroaubanell.com\\\/ca\\\/\"},{\"@type\":\"ListItem\",\"position\":2,\"name\":\"Productes\",\"item\":\"https:\\\/\\\/www.navarroaubanell.com\\\/productos\\\/\"},{\"@type\":\"ListItem\",\"position\":3,\"name\":\"Sof\u00e0s Nolita\"}]},{\"@type\":\"WebSite\",\"@id\":\"https:\\\/\\\/www.navarroaubanell.com\\\/ca\\\/#website\",\"url\":\"https:\\\/\\\/www.navarroaubanell.com\\\/ca\\\/\",\"name\":\"Navarro Aubanell\",\"description\":\"Mobiliario para hoteler\u00eda, colectividades y oficinas\",\"publisher\":{\"@id\":\"https:\\\/\\\/www.navarroaubanell.com\\\/ca\\\/#organization\"},\"potentialAction\":[{\"@type\":\"SearchAction\",\"target\":{\"@type\":\"EntryPoint\",\"urlTemplate\":\"https:\\\/\\\/www.navarroaubanell.com\\\/ca\\\/?s={search_term_string}\"},\"query-input\":{\"@type\":\"PropertyValueSpecification\",\"valueRequired\":true,\"valueName\":\"search_term_string\"}}],\"inLanguage\":\"ca\"},{\"@type\":\"Organization\",\"@id\":\"https:\\\/\\\/www.navarroaubanell.com\\\/ca\\\/#organization\",\"name\":\"COMERCIAL NAVARRO AUBANELL, S.A\",\"url\":\"https:\\\/\\\/www.navarroaubanell.com\\\/ca\\\/\",\"logo\":{\"@type\":\"ImageObject\",\"inLanguage\":\"ca\",\"@id\":\"https:\\\/\\\/www.navarroaubanell.com\\\/ca\\\/#\\\/schema\\\/logo\\\/image\\\/\",\"url\":\"https:\\\/\\\/www.navarroaubanell.com\\\/wp-content\\\/uploads\\\/2017\\\/07\\\/logo-navarro-aubuanell.png\",\"contentUrl\":\"https:\\\/\\\/www.navarroaubanell.com\\\/wp-content\\\/uploads\\\/2017\\\/07\\\/logo-navarro-aubuanell.png\",\"width\":6304,\"height\":1154,\"caption\":\"COMERCIAL NAVARRO AUBANELL, S.A\"},\"image\":{\"@id\":\"https:\\\/\\\/www.navarroaubanell.com\\\/ca\\\/#\\\/schema\\\/logo\\\/image\\\/\"}}]}<\/script>\n<!-- \/ Yoast SEO plugin. -->","yoast_head_json":{"title":"Sof\u00e0s Nolita, Pedrali- Navarro Aubanell","description":"Sof\u00e0s Nolita: versatilitat i eleg\u00e0ncia en m\u00f2duls combinables per a exteriors. Inspirats en el llegat de Mario Pedrali, perfectes per a qualsevol espai.","robots":{"index":"index","follow":"follow","max-snippet":"max-snippet:-1","max-image-preview":"max-image-preview:large","max-video-preview":"max-video-preview:-1"},"canonical":"https:\/\/www.navarroaubanell.com\/ca\/producte\/sofas-nolita-pedrali-navarroaubanell\/","og_locale":"ca_ES","og_type":"article","og_title":"Sof\u00e0s Nolita, Pedrali- Navarro Aubanell","og_description":"Sof\u00e0s Nolita: versatilitat i eleg\u00e0ncia en m\u00f2duls combinables per a exteriors. Inspirats en el llegat de Mario Pedrali, perfectes per a qualsevol espai.","og_url":"https:\/\/www.navarroaubanell.com\/ca\/producte\/sofas-nolita-pedrali-navarroaubanell\/","og_site_name":"Navarro Aubanell","article_modified_time":"2024-10-01T08:14:18+00:00","og_image":[{"width":800,"height":650,"url":"https:\/\/www.navarroaubanell.com\/wp-content\/uploads\/2024\/07\/Sofa-Nolita-DN002-Sofa-Nolita-DN001.png","type":"image\/png"}],"twitter_misc":{"Est. reading time":"2 minutes"},"schema":{"@context":"https:\/\/schema.org","@graph":[{"@type":"WebPage","@id":"https:\/\/www.navarroaubanell.com\/ca\/producte\/sofas-nolita-pedrali-navarroaubanell\/","url":"https:\/\/www.navarroaubanell.com\/ca\/producte\/sofas-nolita-pedrali-navarroaubanell\/","name":"Sof\u00e0s Nolita, Pedrali- Navarro Aubanell","isPartOf":{"@id":"https:\/\/www.navarroaubanell.com\/ca\/#website"},"primaryImageOfPage":{"@id":"https:\/\/www.navarroaubanell.com\/ca\/producte\/sofas-nolita-pedrali-navarroaubanell\/#primaryimage"},"image":{"@id":"https:\/\/www.navarroaubanell.com\/ca\/producte\/sofas-nolita-pedrali-navarroaubanell\/#primaryimage"},"thumbnailUrl":"https:\/\/www.navarroaubanell.com\/wp-content\/uploads\/2024\/07\/Sofa-Nolita-DN002-Sofa-Nolita-DN001.png","datePublished":"2024-07-05T13:43:08+00:00","dateModified":"2024-10-01T08:14:18+00:00","description":"Sof\u00e0s Nolita: versatilitat i eleg\u00e0ncia en m\u00f2duls combinables per a exteriors. Inspirats en el llegat de Mario Pedrali, perfectes per a qualsevol espai.","breadcrumb":{"@id":"https:\/\/www.navarroaubanell.com\/ca\/producte\/sofas-nolita-pedrali-navarroaubanell\/#breadcrumb"},"inLanguage":"ca","potentialAction":[{"@type":"ReadAction","target":["https:\/\/www.navarroaubanell.com\/ca\/producte\/sofas-nolita-pedrali-navarroaubanell\/"]}]},{"@type":"ImageObject","inLanguage":"ca","@id":"https:\/\/www.navarroaubanell.com\/ca\/producte\/sofas-nolita-pedrali-navarroaubanell\/#primaryimage","url":"https:\/\/www.navarroaubanell.com\/wp-content\/uploads\/2024\/07\/Sofa-Nolita-DN002-Sofa-Nolita-DN001.png","contentUrl":"https:\/\/www.navarroaubanell.com\/wp-content\/uploads\/2024\/07\/Sofa-Nolita-DN002-Sofa-Nolita-DN001.png","width":800,"height":650,"caption":"Sof\u00e1 Nolita DN002-Sofa Nolita DN001"},{"@type":"BreadcrumbList","@id":"https:\/\/www.navarroaubanell.com\/ca\/producte\/sofas-nolita-pedrali-navarroaubanell\/#breadcrumb","itemListElement":[{"@type":"ListItem","position":1,"name":"Portada","item":"https:\/\/www.navarroaubanell.com\/ca\/"},{"@type":"ListItem","position":2,"name":"Productes","item":"https:\/\/www.navarroaubanell.com\/productos\/"},{"@type":"ListItem","position":3,"name":"Sof\u00e0s Nolita"}]},{"@type":"WebSite","@id":"https:\/\/www.navarroaubanell.com\/ca\/#website","url":"https:\/\/www.navarroaubanell.com\/ca\/","name":"Navarro Aubanell","description":"Mobiliario para hoteler\u00eda, colectividades y oficinas","publisher":{"@id":"https:\/\/www.navarroaubanell.com\/ca\/#organization"},"potentialAction":[{"@type":"SearchAction","target":{"@type":"EntryPoint","urlTemplate":"https:\/\/www.navarroaubanell.com\/ca\/?s={search_term_string}"},"query-input":{"@type":"PropertyValueSpecification","valueRequired":true,"valueName":"search_term_string"}}],"inLanguage":"ca"},{"@type":"Organization","@id":"https:\/\/www.navarroaubanell.com\/ca\/#organization","name":"COMERCIAL NAVARRO AUBANELL, S.A","url":"https:\/\/www.navarroaubanell.com\/ca\/","logo":{"@type":"ImageObject","inLanguage":"ca","@id":"https:\/\/www.navarroaubanell.com\/ca\/#\/schema\/logo\/image\/","url":"https:\/\/www.navarroaubanell.com\/wp-content\/uploads\/2017\/07\/logo-navarro-aubuanell.png","contentUrl":"https:\/\/www.navarroaubanell.com\/wp-content\/uploads\/2017\/07\/logo-navarro-aubuanell.png","width":6304,"height":1154,"caption":"COMERCIAL NAVARRO AUBANELL, S.A"},"image":{"@id":"https:\/\/www.navarroaubanell.com\/ca\/#\/schema\/logo\/image\/"}}]}},"_links":{"self":[{"href":"https:\/\/www.navarroaubanell.com\/ca\/wp-json\/wp\/v2\/product\/34158","targetHints":{"allow":["GET"]}}],"collection":[{"href":"https:\/\/www.navarroaubanell.com\/ca\/wp-json\/wp\/v2\/product"}],"about":[{"href":"https:\/\/www.navarroaubanell.com\/ca\/wp-json\/wp\/v2\/types\/product"}],"wp:featuredmedia":[{"embeddable":true,"href":"https:\/\/www.navarroaubanell.com\/ca\/wp-json\/wp\/v2\/media\/34119"}],"wp:attachment":[{"href":"https:\/\/www.navarroaubanell.com\/ca\/wp-json\/wp\/v2\/media?parent=34158"}],"wp:term":[{"taxonomy":"product_brand","embeddable":true,"href":"https:\/\/www.navarroaubanell.com\/ca\/wp-json\/wp\/v2\/product_brand?post=34158"},{"taxonomy":"product_cat","embeddable":true,"href":"https:\/\/www.navarroaubanell.com\/ca\/wp-json\/wp\/v2\/product_cat?post=34158"},{"taxonomy":"product_tag","embeddable":true,"href":"https:\/\/www.navarroaubanell.com\/ca\/wp-json\/wp\/v2\/product_tag?post=34158"}],"curies":[{"name":"wp","href":"https:\/\/api.w.org\/{rel}","templated":true}]}}