{"id":34157,"date":"2024-07-04T11:58:33","date_gmt":"2024-07-05T13:26:30","guid":{"rendered":"https:\/\/www.navarroaubanell.com\/?post_type=product&#038;p=34157"},"modified":"2024-10-01T10:15:53","modified_gmt":"2024-10-01T08:15:53","slug":"familia-nolita-pedrali-navarroaubanell","status":"publish","type":"product","link":"https:\/\/www.navarroaubanell.com\/ca\/producte\/familia-nolita-pedrali-navarroaubanell\/","title":{"rendered":"Fam\u00edlia Nolita"},"content":{"rendered":"<p>Descobreix la <strong>fam\u00edlia\u00a0Nolita<\/strong>, que redefineix l&#8217;eleg\u00e0ncia amb un toc d&#8217;hist\u00f2ria. Inspirada en les primeres cadires met\u00e0l\u00b7liques de jard\u00ed creades per <em>Mario\u00a0Pedrali\u00a0<\/em>en 1963, Nolita no sols evoca nost\u00e0lgia, sin\u00f3 que tamb\u00e9 ofereix una experi\u00e8ncia de luxe moderna. Amb una col\u00b7lecci\u00f3 que inclou <a href=\"https:\/\/www.navarroaubanell.com\/ca\/producte\/cadires-nolita-pedrali-navarroaubanell\/\">cadires<\/a>, <a href=\"https:\/\/www.navarroaubanell.com\/ca\/producte\/cadira-de-bracos-nolita-pedrali-navarroaubanell\/\">cadires amb bra\u00e7os<\/a>, <a href=\"https:\/\/www.navarroaubanell.com\/ca\/producte\/tamborets-nolita-pedrali-navarroaubanell\/\">tamborets<\/a>, <a href=\"https:\/\/www.navarroaubanell.com\/ca\/producte\/sofas-nolita-pedrali-navarroaubanell\/\">sof\u00e0s<\/a> i <a href=\"https:\/\/www.navarroaubanell.com\/ca\/producte\/nolita\/\">taules<\/a>, Nolita celebra la bellesa de la simplicitat.<\/p>\n<p>Cada pe\u00e7a de\u00a0Nolita\u00a0destaca per la seva <strong>estructura d&#8217;acer<\/strong> robusta i estilitzada, dissenyada per a oferir una durabilitat incomparable i una <strong>est\u00e8tica minimalista<\/strong>. Per\u00f2 la funcionalitat no sacrifica la comoditat: les versions amb coixins de manera addicional, proporcionen una comoditat extra que convida a relaxar-se.<\/p>\n<p>En un m\u00f3n saturat pel barroquisme i l&#8217;exc\u00e9s,\u00a0Nolita\u00a0s&#8217;erigeix com un <strong>refugi de tranquil\u00b7litat<\/strong>. Els sof\u00e0s i butaques, confeccionats amb <strong>escuma de poliuret\u00e0<\/strong> i <strong>fibra de poli\u00e8ster<\/strong> d&#8217;alta qualitat, t&#8217;ofereixen una experi\u00e8ncia de confort que et transportar\u00e0 a una altra dimensi\u00f3. Les <strong>fundes impermeables<\/strong> i els entapissats en<strong> diversos teixits<\/strong> garanteixen que gaudis de l&#8217;aire lliure sense preocupacions.<\/p>\n<p>Transforma el teu<strong> espai exterior<\/strong> en un oasi de pau i estil amb la <strong>fam\u00edlia\u00a0Nolita<\/strong>. Ja sigui per a gaudir d&#8217;un caf\u00e8 matut\u00ed, una tarda de lectura o un sopar sota les estrelles,\u00a0Nolita\u00a0ofereix l&#8217;escenari perfecte per a cada moment. Perqu\u00e8 en la senzillesa resideix la veritable bellesa. Descobreix la col\u00b7lecci\u00f3 avui i eleva els teus moments a l&#8217;aire lliure a un nou nivell de sofisticaci\u00f3 i confort!<\/p>\n<p>Tant els coixins dels seients de les cadires\/butaques\/tamborets com els coixins laterals dels sof\u00e0s, s\u00f3n addicionals.<\/p>\n<p>Enlla\u00e7 a la p\u00e0gina per a m\u00e9s caracter\u00edstiques: <a href=\"https:\/\/www.pedrali.com\/es-es\/productos\/sillas-design\/nolita-3650?search=nolita&amp;section=products&amp;page=1\">https:\/\/www.pedrali.com\/es-es\/productos\/sillas-design\/nolita-3650?search=nolita&amp;section=products&amp;page=1<\/a><\/p>\n","protected":false},"excerpt":{"rendered":"<p>Descobreix la fam\u00edlia\u00a0Nolita, que redefineix l&#8217;eleg\u00e0ncia amb un toc d&#8217;hist\u00f2ria. Inspirada en les primeres cadires met\u00e0l\u00b7liques de jard\u00ed creades per Mario\u00a0Pedrali\u00a0en 1963, Nolita no sols evoca nost\u00e0lgia, sin\u00f3 que tamb\u00e9 ofereix una experi\u00e8ncia de luxe moderna. Amb una col\u00b7lecci\u00f3 que inclou cadires, cadires amb bra\u00e7os, tamborets, sof\u00e0s i taules, Nolita celebra la bellesa de la&hellip;<\/p>\n","protected":false},"featured_media":33962,"template":"","meta":{"_acf_changed":false},"product_brand":[],"product_cat":[1465],"product_tag":[1403,587,640,709,729],"class_list":{"0":"post-34157","1":"product","2":"type-product","3":"status-publish","4":"has-post-thumbnail","6":"product_cat-families","7":"product_tag-acero-ca","8":"product_tag-apilable-ca","9":"product_tag-exterior-ca","10":"product_tag-nolita-ca","11":"product_tag-pedrali-ca","12":"description-off","14":"first","15":"instock","16":"shipping-taxable","17":"product-type-simple"},"acf":[],"yoast_head":"<!-- This site is optimized with the Yoast SEO plugin v27.5 - https:\/\/yoast.com\/product\/yoast-seo-wordpress\/ -->\n<title>Fam\u00edlia Nolita, Pedrali- Navarro Aubanell<\/title>\n<meta name=\"description\" content=\"Fam\u00edlia Nolita: mobiliari d&#039;exterior que combina disseny minimalista i comoditat. Cadires, butaques, sof\u00e0s, tamborets i taules per a l&#039;exterior.\" \/>\n<meta name=\"robots\" content=\"index, follow, max-snippet:-1, max-image-preview:large, max-video-preview:-1\" \/>\n<link rel=\"canonical\" href=\"https:\/\/www.navarroaubanell.com\/ca\/producte\/familia-nolita-pedrali-navarroaubanell\/\" \/>\n<meta property=\"og:locale\" content=\"ca_ES\" \/>\n<meta property=\"og:type\" content=\"article\" \/>\n<meta property=\"og:title\" content=\"Fam\u00edlia Nolita, Pedrali- Navarro Aubanell\" \/>\n<meta property=\"og:description\" content=\"Fam\u00edlia Nolita: mobiliari d&#039;exterior que combina disseny minimalista i comoditat. Cadires, butaques, sof\u00e0s, tamborets i taules per a l&#039;exterior.\" \/>\n<meta property=\"og:url\" content=\"https:\/\/www.navarroaubanell.com\/ca\/producte\/familia-nolita-pedrali-navarroaubanell\/\" \/>\n<meta property=\"og:site_name\" content=\"Navarro Aubanell\" \/>\n<meta property=\"article:modified_time\" content=\"2024-10-01T08:15:53+00:00\" \/>\n<meta property=\"og:image\" content=\"https:\/\/www.navarroaubanell.com\/wp-content\/uploads\/2024\/07\/nolita-family-postcard.jpg\" \/>\n\t<meta property=\"og:image:width\" content=\"800\" \/>\n\t<meta property=\"og:image:height\" content=\"650\" \/>\n\t<meta property=\"og:image:type\" content=\"image\/jpeg\" \/>\n<meta name=\"twitter:label1\" content=\"Est. reading time\" \/>\n\t<meta name=\"twitter:data1\" content=\"2 minutes\" \/>\n<script type=\"application\/ld+json\" class=\"yoast-schema-graph\">{\"@context\":\"https:\\\/\\\/schema.org\",\"@graph\":[{\"@type\":\"WebPage\",\"@id\":\"https:\\\/\\\/www.navarroaubanell.com\\\/ca\\\/producte\\\/familia-nolita-pedrali-navarroaubanell\\\/\",\"url\":\"https:\\\/\\\/www.navarroaubanell.com\\\/ca\\\/producte\\\/familia-nolita-pedrali-navarroaubanell\\\/\",\"name\":\"Fam\u00edlia Nolita, Pedrali- Navarro Aubanell\",\"isPartOf\":{\"@id\":\"https:\\\/\\\/www.navarroaubanell.com\\\/ca\\\/#website\"},\"primaryImageOfPage\":{\"@id\":\"https:\\\/\\\/www.navarroaubanell.com\\\/ca\\\/producte\\\/familia-nolita-pedrali-navarroaubanell\\\/#primaryimage\"},\"image\":{\"@id\":\"https:\\\/\\\/www.navarroaubanell.com\\\/ca\\\/producte\\\/familia-nolita-pedrali-navarroaubanell\\\/#primaryimage\"},\"thumbnailUrl\":\"https:\\\/\\\/www.navarroaubanell.com\\\/wp-content\\\/uploads\\\/2024\\\/07\\\/nolita-family-postcard.jpg\",\"datePublished\":\"2024-07-05T13:26:30+00:00\",\"dateModified\":\"2024-10-01T08:15:53+00:00\",\"description\":\"Fam\u00edlia Nolita: mobiliari d'exterior que combina disseny minimalista i comoditat. Cadires, butaques, sof\u00e0s, tamborets i taules per a l'exterior.\",\"breadcrumb\":{\"@id\":\"https:\\\/\\\/www.navarroaubanell.com\\\/ca\\\/producte\\\/familia-nolita-pedrali-navarroaubanell\\\/#breadcrumb\"},\"inLanguage\":\"ca\",\"potentialAction\":[{\"@type\":\"ReadAction\",\"target\":[\"https:\\\/\\\/www.navarroaubanell.com\\\/ca\\\/producte\\\/familia-nolita-pedrali-navarroaubanell\\\/\"]}]},{\"@type\":\"ImageObject\",\"inLanguage\":\"ca\",\"@id\":\"https:\\\/\\\/www.navarroaubanell.com\\\/ca\\\/producte\\\/familia-nolita-pedrali-navarroaubanell\\\/#primaryimage\",\"url\":\"https:\\\/\\\/www.navarroaubanell.com\\\/wp-content\\\/uploads\\\/2024\\\/07\\\/nolita-family-postcard.jpg\",\"contentUrl\":\"https:\\\/\\\/www.navarroaubanell.com\\\/wp-content\\\/uploads\\\/2024\\\/07\\\/nolita-family-postcard.jpg\",\"width\":800,\"height\":650,\"caption\":\"Familia Nolita\"},{\"@type\":\"BreadcrumbList\",\"@id\":\"https:\\\/\\\/www.navarroaubanell.com\\\/ca\\\/producte\\\/familia-nolita-pedrali-navarroaubanell\\\/#breadcrumb\",\"itemListElement\":[{\"@type\":\"ListItem\",\"position\":1,\"name\":\"Portada\",\"item\":\"https:\\\/\\\/www.navarroaubanell.com\\\/ca\\\/\"},{\"@type\":\"ListItem\",\"position\":2,\"name\":\"Productes\",\"item\":\"https:\\\/\\\/www.navarroaubanell.com\\\/productos\\\/\"},{\"@type\":\"ListItem\",\"position\":3,\"name\":\"Fam\u00edlia Nolita\"}]},{\"@type\":\"WebSite\",\"@id\":\"https:\\\/\\\/www.navarroaubanell.com\\\/ca\\\/#website\",\"url\":\"https:\\\/\\\/www.navarroaubanell.com\\\/ca\\\/\",\"name\":\"Navarro Aubanell\",\"description\":\"Mobiliario para hoteler\u00eda, colectividades y oficinas\",\"publisher\":{\"@id\":\"https:\\\/\\\/www.navarroaubanell.com\\\/ca\\\/#organization\"},\"potentialAction\":[{\"@type\":\"SearchAction\",\"target\":{\"@type\":\"EntryPoint\",\"urlTemplate\":\"https:\\\/\\\/www.navarroaubanell.com\\\/ca\\\/?s={search_term_string}\"},\"query-input\":{\"@type\":\"PropertyValueSpecification\",\"valueRequired\":true,\"valueName\":\"search_term_string\"}}],\"inLanguage\":\"ca\"},{\"@type\":\"Organization\",\"@id\":\"https:\\\/\\\/www.navarroaubanell.com\\\/ca\\\/#organization\",\"name\":\"COMERCIAL NAVARRO AUBANELL, S.A\",\"url\":\"https:\\\/\\\/www.navarroaubanell.com\\\/ca\\\/\",\"logo\":{\"@type\":\"ImageObject\",\"inLanguage\":\"ca\",\"@id\":\"https:\\\/\\\/www.navarroaubanell.com\\\/ca\\\/#\\\/schema\\\/logo\\\/image\\\/\",\"url\":\"https:\\\/\\\/www.navarroaubanell.com\\\/wp-content\\\/uploads\\\/2017\\\/07\\\/logo-navarro-aubuanell.png\",\"contentUrl\":\"https:\\\/\\\/www.navarroaubanell.com\\\/wp-content\\\/uploads\\\/2017\\\/07\\\/logo-navarro-aubuanell.png\",\"width\":6304,\"height\":1154,\"caption\":\"COMERCIAL NAVARRO AUBANELL, S.A\"},\"image\":{\"@id\":\"https:\\\/\\\/www.navarroaubanell.com\\\/ca\\\/#\\\/schema\\\/logo\\\/image\\\/\"}}]}<\/script>\n<!-- \/ Yoast SEO plugin. -->","yoast_head_json":{"title":"Fam\u00edlia Nolita, Pedrali- Navarro Aubanell","description":"Fam\u00edlia Nolita: mobiliari d'exterior que combina disseny minimalista i comoditat. Cadires, butaques, sof\u00e0s, tamborets i taules per a l'exterior.","robots":{"index":"index","follow":"follow","max-snippet":"max-snippet:-1","max-image-preview":"max-image-preview:large","max-video-preview":"max-video-preview:-1"},"canonical":"https:\/\/www.navarroaubanell.com\/ca\/producte\/familia-nolita-pedrali-navarroaubanell\/","og_locale":"ca_ES","og_type":"article","og_title":"Fam\u00edlia Nolita, Pedrali- Navarro Aubanell","og_description":"Fam\u00edlia Nolita: mobiliari d'exterior que combina disseny minimalista i comoditat. Cadires, butaques, sof\u00e0s, tamborets i taules per a l'exterior.","og_url":"https:\/\/www.navarroaubanell.com\/ca\/producte\/familia-nolita-pedrali-navarroaubanell\/","og_site_name":"Navarro Aubanell","article_modified_time":"2024-10-01T08:15:53+00:00","og_image":[{"width":800,"height":650,"url":"https:\/\/www.navarroaubanell.com\/wp-content\/uploads\/2024\/07\/nolita-family-postcard.jpg","type":"image\/jpeg"}],"twitter_misc":{"Est. reading time":"2 minutes"},"schema":{"@context":"https:\/\/schema.org","@graph":[{"@type":"WebPage","@id":"https:\/\/www.navarroaubanell.com\/ca\/producte\/familia-nolita-pedrali-navarroaubanell\/","url":"https:\/\/www.navarroaubanell.com\/ca\/producte\/familia-nolita-pedrali-navarroaubanell\/","name":"Fam\u00edlia Nolita, Pedrali- Navarro Aubanell","isPartOf":{"@id":"https:\/\/www.navarroaubanell.com\/ca\/#website"},"primaryImageOfPage":{"@id":"https:\/\/www.navarroaubanell.com\/ca\/producte\/familia-nolita-pedrali-navarroaubanell\/#primaryimage"},"image":{"@id":"https:\/\/www.navarroaubanell.com\/ca\/producte\/familia-nolita-pedrali-navarroaubanell\/#primaryimage"},"thumbnailUrl":"https:\/\/www.navarroaubanell.com\/wp-content\/uploads\/2024\/07\/nolita-family-postcard.jpg","datePublished":"2024-07-05T13:26:30+00:00","dateModified":"2024-10-01T08:15:53+00:00","description":"Fam\u00edlia Nolita: mobiliari d'exterior que combina disseny minimalista i comoditat. Cadires, butaques, sof\u00e0s, tamborets i taules per a l'exterior.","breadcrumb":{"@id":"https:\/\/www.navarroaubanell.com\/ca\/producte\/familia-nolita-pedrali-navarroaubanell\/#breadcrumb"},"inLanguage":"ca","potentialAction":[{"@type":"ReadAction","target":["https:\/\/www.navarroaubanell.com\/ca\/producte\/familia-nolita-pedrali-navarroaubanell\/"]}]},{"@type":"ImageObject","inLanguage":"ca","@id":"https:\/\/www.navarroaubanell.com\/ca\/producte\/familia-nolita-pedrali-navarroaubanell\/#primaryimage","url":"https:\/\/www.navarroaubanell.com\/wp-content\/uploads\/2024\/07\/nolita-family-postcard.jpg","contentUrl":"https:\/\/www.navarroaubanell.com\/wp-content\/uploads\/2024\/07\/nolita-family-postcard.jpg","width":800,"height":650,"caption":"Familia Nolita"},{"@type":"BreadcrumbList","@id":"https:\/\/www.navarroaubanell.com\/ca\/producte\/familia-nolita-pedrali-navarroaubanell\/#breadcrumb","itemListElement":[{"@type":"ListItem","position":1,"name":"Portada","item":"https:\/\/www.navarroaubanell.com\/ca\/"},{"@type":"ListItem","position":2,"name":"Productes","item":"https:\/\/www.navarroaubanell.com\/productos\/"},{"@type":"ListItem","position":3,"name":"Fam\u00edlia Nolita"}]},{"@type":"WebSite","@id":"https:\/\/www.navarroaubanell.com\/ca\/#website","url":"https:\/\/www.navarroaubanell.com\/ca\/","name":"Navarro Aubanell","description":"Mobiliario para hoteler\u00eda, colectividades y oficinas","publisher":{"@id":"https:\/\/www.navarroaubanell.com\/ca\/#organization"},"potentialAction":[{"@type":"SearchAction","target":{"@type":"EntryPoint","urlTemplate":"https:\/\/www.navarroaubanell.com\/ca\/?s={search_term_string}"},"query-input":{"@type":"PropertyValueSpecification","valueRequired":true,"valueName":"search_term_string"}}],"inLanguage":"ca"},{"@type":"Organization","@id":"https:\/\/www.navarroaubanell.com\/ca\/#organization","name":"COMERCIAL NAVARRO AUBANELL, S.A","url":"https:\/\/www.navarroaubanell.com\/ca\/","logo":{"@type":"ImageObject","inLanguage":"ca","@id":"https:\/\/www.navarroaubanell.com\/ca\/#\/schema\/logo\/image\/","url":"https:\/\/www.navarroaubanell.com\/wp-content\/uploads\/2017\/07\/logo-navarro-aubuanell.png","contentUrl":"https:\/\/www.navarroaubanell.com\/wp-content\/uploads\/2017\/07\/logo-navarro-aubuanell.png","width":6304,"height":1154,"caption":"COMERCIAL NAVARRO AUBANELL, S.A"},"image":{"@id":"https:\/\/www.navarroaubanell.com\/ca\/#\/schema\/logo\/image\/"}}]}},"_links":{"self":[{"href":"https:\/\/www.navarroaubanell.com\/ca\/wp-json\/wp\/v2\/product\/34157","targetHints":{"allow":["GET"]}}],"collection":[{"href":"https:\/\/www.navarroaubanell.com\/ca\/wp-json\/wp\/v2\/product"}],"about":[{"href":"https:\/\/www.navarroaubanell.com\/ca\/wp-json\/wp\/v2\/types\/product"}],"wp:featuredmedia":[{"embeddable":true,"href":"https:\/\/www.navarroaubanell.com\/ca\/wp-json\/wp\/v2\/media\/33962"}],"wp:attachment":[{"href":"https:\/\/www.navarroaubanell.com\/ca\/wp-json\/wp\/v2\/media?parent=34157"}],"wp:term":[{"taxonomy":"product_brand","embeddable":true,"href":"https:\/\/www.navarroaubanell.com\/ca\/wp-json\/wp\/v2\/product_brand?post=34157"},{"taxonomy":"product_cat","embeddable":true,"href":"https:\/\/www.navarroaubanell.com\/ca\/wp-json\/wp\/v2\/product_cat?post=34157"},{"taxonomy":"product_tag","embeddable":true,"href":"https:\/\/www.navarroaubanell.com\/ca\/wp-json\/wp\/v2\/product_tag?post=34157"}],"curies":[{"name":"wp","href":"https:\/\/api.w.org\/{rel}","templated":true}]}}